{"id":96943,"date":"2026-01-09T21:38:25","date_gmt":"2026-01-09T20:38:25","guid":{"rendered":"https:\/\/turijnmagazijn.nl\/?post_type=product&#038;p=96943"},"modified":"2026-01-11T17:35:41","modified_gmt":"2026-01-11T16:35:41","slug":"autocollant-vinyle-lancia-silhouette-avant-integral-evo-gloss-noir-kopie","status":"publish","type":"product","link":"https:\/\/turijnmagazijn.nl\/fr\/produit\/autocollant-vinyle-lancia-silhouette-avant-integral-evo-gloss-noir-kopie\/","title":{"rendered":"Part decal counter Delta HF Turbo Reproduction"},"content":{"rendered":"<p>Nouvelle reproduction d&rsquo;autocollant OEM pour l&rsquo;indication des sp\u00e9cifications de la bo\u00eete \u00e0 boutons pour une Lancia Delta HF Turbo avec la r\u00e9f\u00e9rence <span data-sheets-root=\"1\">82420178.<\/span><\/p>\n<p>Les autocollants originaux avec les sp\u00e9cifications de la bo\u00eete \u00e0 boutons sont souvent d\u00e9color\u00e9s ou manquants.<\/p>\n<p>Pour une r\u00e9f\u00e9rence ult\u00e9rieure, il est toujours facile d&rsquo;avoir un autocollant lisible avec les informations originales.<\/p>\n<p>Exactement copi\u00e9 de l&rsquo;autocollant original.<\/p>\n<p>Les dimensions de l&rsquo;autocollant sont approximativement : 3x3cm l\u00e9g\u00e8rement plus grand que l&rsquo;original (voir la photo) pour une meilleure lisibilit\u00e9.<\/p>\n<p>&nbsp;<\/p>\n","protected":false},"excerpt":{"rendered":"<p>Autocollant OEM pour l&rsquo;indication des sp\u00e9cifications de la bo\u00eete \u00e0 compteur pour une Lancia Delta HF Turbo avec le num\u00e9ro de pi\u00e8ce <span data-sheets-root=\"1\">82420178<\/span>.<\/p>\n","protected":false},"featured_media":96952,"comment_status":"open","ping_status":"closed","template":"","meta":{"_acf_changed":false},"product_brand":[],"product_cat":[1806,1825,1798],"product_tag":[],"class_list":{"0":"post-96943","1":"product","2":"type-product","3":"status-publish","4":"has-post-thumbnail","6":"product_cat-delta-1-831-fr","7":"product_cat-hf-turbo-fr","8":"product_cat-lancia-fr","9":"pa_soort-onderdeel-porte-cles-et-autocollants","11":"first","12":"instock","13":"taxable","14":"shipping-taxable","15":"purchasable","16":"product-type-simple"},"acf":[],"yoast_head":"<!-- This site is optimized with the Yoast SEO plugin v27.2 - https:\/\/yoast.com\/product\/yoast-seo-wordpress\/ -->\n<title>Part decal counter Delta HF Turbo Reproduction - Turijnmagazijn<\/title>\n<meta name=\"robots\" content=\"index, follow, max-snippet:-1, max-image-preview:large, max-video-preview:-1\" \/>\n<link rel=\"canonical\" href=\"https:\/\/turijnmagazijn.nl\/fr\/produit\/autocollant-vinyle-lancia-silhouette-avant-integral-evo-gloss-noir-kopie\/\" \/>\n<meta property=\"og:locale\" content=\"fr_FR\" \/>\n<meta property=\"og:type\" content=\"article\" \/>\n<meta property=\"og:title\" content=\"Part decal counter Delta HF Turbo Reproduction - Turijnmagazijn\" \/>\n<meta property=\"og:description\" content=\"Autocollant OEM pour l&#039;indication des sp\u00e9cifications de la bo\u00eete \u00e0 compteur pour une Lancia Delta HF Turbo avec le num\u00e9ro de pi\u00e8ce 82420178.\" \/>\n<meta property=\"og:url\" content=\"https:\/\/turijnmagazijn.nl\/fr\/produit\/autocollant-vinyle-lancia-silhouette-avant-integral-evo-gloss-noir-kopie\/\" \/>\n<meta property=\"og:site_name\" content=\"Turijnmagazijn\" \/>\n<meta property=\"article:publisher\" content=\"https:\/\/www.facebook.com\/turijnmagazijn\" \/>\n<meta property=\"article:modified_time\" content=\"2026-01-11T16:35:41+00:00\" \/>\n<meta property=\"og:image\" content=\"https:\/\/turijnmagazijn.nl\/wp-content\/uploads\/2026\/01\/DN0100466-Onderdeel-sticker-tellerkast-Delta-HF-Turbo-Reproductie-82420178-2-e1767991427781.jpg\" \/>\n\t<meta property=\"og:image:width\" content=\"795\" \/>\n\t<meta property=\"og:image:height\" content=\"710\" \/>\n\t<meta property=\"og:image:type\" content=\"image\/jpeg\" \/>\n<meta name=\"twitter:card\" content=\"summary_large_image\" \/>\n<script type=\"application\/ld+json\" class=\"yoast-schema-graph\">{\"@context\":\"https:\/\/schema.org\",\"@graph\":[{\"@type\":\"WebPage\",\"@id\":\"https:\/\/turijnmagazijn.nl\/fr\/produit\/autocollant-vinyle-lancia-silhouette-avant-integral-evo-gloss-noir-kopie\/\",\"url\":\"https:\/\/turijnmagazijn.nl\/fr\/produit\/autocollant-vinyle-lancia-silhouette-avant-integral-evo-gloss-noir-kopie\/\",\"name\":\"Part decal counter Delta HF Turbo Reproduction - Turijnmagazijn\",\"isPartOf\":{\"@id\":\"https:\/\/turijnmagazijn.jumpstone-dev.nl\/#website\"},\"primaryImageOfPage\":{\"@id\":\"https:\/\/turijnmagazijn.nl\/fr\/produit\/autocollant-vinyle-lancia-silhouette-avant-integral-evo-gloss-noir-kopie\/#primaryimage\"},\"image\":{\"@id\":\"https:\/\/turijnmagazijn.nl\/fr\/produit\/autocollant-vinyle-lancia-silhouette-avant-integral-evo-gloss-noir-kopie\/#primaryimage\"},\"thumbnailUrl\":\"https:\/\/turijnmagazijn.nl\/wp-content\/uploads\/2026\/01\/DN0100466-Onderdeel-sticker-tellerkast-Delta-HF-Turbo-Reproductie-82420178-2-e1767991427781.jpg\",\"datePublished\":\"2026-01-09T20:38:25+00:00\",\"dateModified\":\"2026-01-11T16:35:41+00:00\",\"breadcrumb\":{\"@id\":\"https:\/\/turijnmagazijn.nl\/fr\/produit\/autocollant-vinyle-lancia-silhouette-avant-integral-evo-gloss-noir-kopie\/#breadcrumb\"},\"inLanguage\":\"fr-FR\",\"potentialAction\":[{\"@type\":\"ReadAction\",\"target\":[\"https:\/\/turijnmagazijn.nl\/fr\/produit\/autocollant-vinyle-lancia-silhouette-avant-integral-evo-gloss-noir-kopie\/\"]}]},{\"@type\":\"ImageObject\",\"inLanguage\":\"fr-FR\",\"@id\":\"https:\/\/turijnmagazijn.nl\/fr\/produit\/autocollant-vinyle-lancia-silhouette-avant-integral-evo-gloss-noir-kopie\/#primaryimage\",\"url\":\"https:\/\/turijnmagazijn.nl\/wp-content\/uploads\/2026\/01\/DN0100466-Onderdeel-sticker-tellerkast-Delta-HF-Turbo-Reproductie-82420178-2-e1767991427781.jpg\",\"contentUrl\":\"https:\/\/turijnmagazijn.nl\/wp-content\/uploads\/2026\/01\/DN0100466-Onderdeel-sticker-tellerkast-Delta-HF-Turbo-Reproductie-82420178-2-e1767991427781.jpg\",\"width\":795,\"height\":710},{\"@type\":\"BreadcrumbList\",\"@id\":\"https:\/\/turijnmagazijn.nl\/fr\/produit\/autocollant-vinyle-lancia-silhouette-avant-integral-evo-gloss-noir-kopie\/#breadcrumb\",\"itemListElement\":[{\"@type\":\"ListItem\",\"position\":1,\"name\":\"Home\",\"item\":\"https:\/\/turijnmagazijn.nl\/fr\/home-fr\/\"},{\"@type\":\"ListItem\",\"position\":2,\"name\":\"Produits\",\"item\":\"https:\/\/turijnmagazijn.nl\/fr\/shop\/\"},{\"@type\":\"ListItem\",\"position\":3,\"name\":\"Part decal counter Delta HF Turbo Reproduction\"}]},{\"@type\":\"WebSite\",\"@id\":\"https:\/\/turijnmagazijn.jumpstone-dev.nl\/#website\",\"url\":\"https:\/\/turijnmagazijn.jumpstone-dev.nl\/\",\"name\":\"Turijnmagazijn\",\"description\":\"Onderdelen nieuw en gebruikt - Fiat &amp; Lancia\",\"publisher\":{\"@id\":\"https:\/\/turijnmagazijn.jumpstone-dev.nl\/#organization\"},\"potentialAction\":[{\"@type\":\"SearchAction\",\"target\":{\"@type\":\"EntryPoint\",\"urlTemplate\":\"https:\/\/turijnmagazijn.jumpstone-dev.nl\/?s={search_term_string}\"},\"query-input\":{\"@type\":\"PropertyValueSpecification\",\"valueRequired\":true,\"valueName\":\"search_term_string\"}}],\"inLanguage\":\"fr-FR\"},{\"@type\":\"Organization\",\"@id\":\"https:\/\/turijnmagazijn.jumpstone-dev.nl\/#organization\",\"name\":\"Turijnmagazijn\",\"url\":\"https:\/\/turijnmagazijn.jumpstone-dev.nl\/\",\"logo\":{\"@type\":\"ImageObject\",\"inLanguage\":\"fr-FR\",\"@id\":\"https:\/\/turijnmagazijn.jumpstone-dev.nl\/#\/schema\/logo\/image\/\",\"url\":\"https:\/\/turijnmagazijn.nl\/wp-content\/uploads\/2021\/02\/turijnmagazijnlogo.png\",\"contentUrl\":\"https:\/\/turijnmagazijn.nl\/wp-content\/uploads\/2021\/02\/turijnmagazijnlogo.png\",\"width\":555,\"height\":270,\"caption\":\"Turijnmagazijn\"},\"image\":{\"@id\":\"https:\/\/turijnmagazijn.jumpstone-dev.nl\/#\/schema\/logo\/image\/\"},\"sameAs\":[\"https:\/\/www.facebook.com\/turijnmagazijn\"]}]}<\/script>\n<!-- \/ Yoast SEO plugin. -->","yoast_head_json":{"title":"Part decal counter Delta HF Turbo Reproduction - Turijnmagazijn","robots":{"index":"index","follow":"follow","max-snippet":"max-snippet:-1","max-image-preview":"max-image-preview:large","max-video-preview":"max-video-preview:-1"},"canonical":"https:\/\/turijnmagazijn.nl\/fr\/produit\/autocollant-vinyle-lancia-silhouette-avant-integral-evo-gloss-noir-kopie\/","og_locale":"fr_FR","og_type":"article","og_title":"Part decal counter Delta HF Turbo Reproduction - Turijnmagazijn","og_description":"Autocollant OEM pour l'indication des sp\u00e9cifications de la bo\u00eete \u00e0 compteur pour une Lancia Delta HF Turbo avec le num\u00e9ro de pi\u00e8ce 82420178.","og_url":"https:\/\/turijnmagazijn.nl\/fr\/produit\/autocollant-vinyle-lancia-silhouette-avant-integral-evo-gloss-noir-kopie\/","og_site_name":"Turijnmagazijn","article_publisher":"https:\/\/www.facebook.com\/turijnmagazijn","article_modified_time":"2026-01-11T16:35:41+00:00","og_image":[{"width":795,"height":710,"url":"https:\/\/turijnmagazijn.nl\/wp-content\/uploads\/2026\/01\/DN0100466-Onderdeel-sticker-tellerkast-Delta-HF-Turbo-Reproductie-82420178-2-e1767991427781.jpg","type":"image\/jpeg"}],"twitter_card":"summary_large_image","schema":{"@context":"https:\/\/schema.org","@graph":[{"@type":"WebPage","@id":"https:\/\/turijnmagazijn.nl\/fr\/produit\/autocollant-vinyle-lancia-silhouette-avant-integral-evo-gloss-noir-kopie\/","url":"https:\/\/turijnmagazijn.nl\/fr\/produit\/autocollant-vinyle-lancia-silhouette-avant-integral-evo-gloss-noir-kopie\/","name":"Part decal counter Delta HF Turbo Reproduction - Turijnmagazijn","isPartOf":{"@id":"https:\/\/turijnmagazijn.jumpstone-dev.nl\/#website"},"primaryImageOfPage":{"@id":"https:\/\/turijnmagazijn.nl\/fr\/produit\/autocollant-vinyle-lancia-silhouette-avant-integral-evo-gloss-noir-kopie\/#primaryimage"},"image":{"@id":"https:\/\/turijnmagazijn.nl\/fr\/produit\/autocollant-vinyle-lancia-silhouette-avant-integral-evo-gloss-noir-kopie\/#primaryimage"},"thumbnailUrl":"https:\/\/turijnmagazijn.nl\/wp-content\/uploads\/2026\/01\/DN0100466-Onderdeel-sticker-tellerkast-Delta-HF-Turbo-Reproductie-82420178-2-e1767991427781.jpg","datePublished":"2026-01-09T20:38:25+00:00","dateModified":"2026-01-11T16:35:41+00:00","breadcrumb":{"@id":"https:\/\/turijnmagazijn.nl\/fr\/produit\/autocollant-vinyle-lancia-silhouette-avant-integral-evo-gloss-noir-kopie\/#breadcrumb"},"inLanguage":"fr-FR","potentialAction":[{"@type":"ReadAction","target":["https:\/\/turijnmagazijn.nl\/fr\/produit\/autocollant-vinyle-lancia-silhouette-avant-integral-evo-gloss-noir-kopie\/"]}]},{"@type":"ImageObject","inLanguage":"fr-FR","@id":"https:\/\/turijnmagazijn.nl\/fr\/produit\/autocollant-vinyle-lancia-silhouette-avant-integral-evo-gloss-noir-kopie\/#primaryimage","url":"https:\/\/turijnmagazijn.nl\/wp-content\/uploads\/2026\/01\/DN0100466-Onderdeel-sticker-tellerkast-Delta-HF-Turbo-Reproductie-82420178-2-e1767991427781.jpg","contentUrl":"https:\/\/turijnmagazijn.nl\/wp-content\/uploads\/2026\/01\/DN0100466-Onderdeel-sticker-tellerkast-Delta-HF-Turbo-Reproductie-82420178-2-e1767991427781.jpg","width":795,"height":710},{"@type":"BreadcrumbList","@id":"https:\/\/turijnmagazijn.nl\/fr\/produit\/autocollant-vinyle-lancia-silhouette-avant-integral-evo-gloss-noir-kopie\/#breadcrumb","itemListElement":[{"@type":"ListItem","position":1,"name":"Home","item":"https:\/\/turijnmagazijn.nl\/fr\/home-fr\/"},{"@type":"ListItem","position":2,"name":"Produits","item":"https:\/\/turijnmagazijn.nl\/fr\/shop\/"},{"@type":"ListItem","position":3,"name":"Part decal counter Delta HF Turbo Reproduction"}]},{"@type":"WebSite","@id":"https:\/\/turijnmagazijn.jumpstone-dev.nl\/#website","url":"https:\/\/turijnmagazijn.jumpstone-dev.nl\/","name":"Turijnmagazijn","description":"Onderdelen nieuw en gebruikt - Fiat &amp; Lancia","publisher":{"@id":"https:\/\/turijnmagazijn.jumpstone-dev.nl\/#organization"},"potentialAction":[{"@type":"SearchAction","target":{"@type":"EntryPoint","urlTemplate":"https:\/\/turijnmagazijn.jumpstone-dev.nl\/?s={search_term_string}"},"query-input":{"@type":"PropertyValueSpecification","valueRequired":true,"valueName":"search_term_string"}}],"inLanguage":"fr-FR"},{"@type":"Organization","@id":"https:\/\/turijnmagazijn.jumpstone-dev.nl\/#organization","name":"Turijnmagazijn","url":"https:\/\/turijnmagazijn.jumpstone-dev.nl\/","logo":{"@type":"ImageObject","inLanguage":"fr-FR","@id":"https:\/\/turijnmagazijn.jumpstone-dev.nl\/#\/schema\/logo\/image\/","url":"https:\/\/turijnmagazijn.nl\/wp-content\/uploads\/2021\/02\/turijnmagazijnlogo.png","contentUrl":"https:\/\/turijnmagazijn.nl\/wp-content\/uploads\/2021\/02\/turijnmagazijnlogo.png","width":555,"height":270,"caption":"Turijnmagazijn"},"image":{"@id":"https:\/\/turijnmagazijn.jumpstone-dev.nl\/#\/schema\/logo\/image\/"},"sameAs":["https:\/\/www.facebook.com\/turijnmagazijn"]}]}},"_links":{"self":[{"href":"https:\/\/turijnmagazijn.nl\/fr\/wp-json\/wp\/v2\/product\/96943","targetHints":{"allow":["GET"]}}],"collection":[{"href":"https:\/\/turijnmagazijn.nl\/fr\/wp-json\/wp\/v2\/product"}],"about":[{"href":"https:\/\/turijnmagazijn.nl\/fr\/wp-json\/wp\/v2\/types\/product"}],"replies":[{"embeddable":true,"href":"https:\/\/turijnmagazijn.nl\/fr\/wp-json\/wp\/v2\/comments?post=96943"}],"wp:featuredmedia":[{"embeddable":true,"href":"https:\/\/turijnmagazijn.nl\/fr\/wp-json\/wp\/v2\/media\/96952"}],"wp:attachment":[{"href":"https:\/\/turijnmagazijn.nl\/fr\/wp-json\/wp\/v2\/media?parent=96943"}],"wp:term":[{"taxonomy":"product_brand","embeddable":true,"href":"https:\/\/turijnmagazijn.nl\/fr\/wp-json\/wp\/v2\/product_brand?post=96943"},{"taxonomy":"product_cat","embeddable":true,"href":"https:\/\/turijnmagazijn.nl\/fr\/wp-json\/wp\/v2\/product_cat?post=96943"},{"taxonomy":"product_tag","embeddable":true,"href":"https:\/\/turijnmagazijn.nl\/fr\/wp-json\/wp\/v2\/product_tag?post=96943"}],"curies":[{"name":"wp","href":"https:\/\/api.w.org\/{rel}","templated":true}]}}