{"id":96967,"date":"2026-01-10T14:51:24","date_gmt":"2026-01-10T13:51:24","guid":{"rendered":"https:\/\/turijnmagazijn.nl\/?post_type=product&#038;p=96967"},"modified":"2026-01-11T17:35:41","modified_gmt":"2026-01-11T16:35:41","slug":"support-pour-pare-chocs-avant-droit-lancia-delta-integrale-kopie","status":"publish","type":"product","link":"https:\/\/turijnmagazijn.nl\/fr\/produit\/support-pour-pare-chocs-avant-droit-lancia-delta-integrale-kopie\/","title":{"rendered":"Kit de montage pare-chocs avant Lancia Delta Integrale complet 4 pcs."},"content":{"rendered":"<p>Jeu de 2 pi\u00e8ces coulissantes et de 2 supports de pare-chocs pour le montage du pare-chocs avant pour Lancia Delta Integrale, adapt\u00e9 \u00e0 toutes les versions 4WD, y compris l&rsquo;Integrale 8V et 16V et l&rsquo;EVO.<\/p>\n<p>Nouveaux supports de pare-chocs avant de reproduction. Concerne une copie exacte de l&rsquo;imprimante 3D. Fabriqu\u00e9 en PET solide.<br \/>\nLes supports de pare-chocs sont marqu\u00e9s pour l&rsquo;application gauche et droite,<br \/>\n2 pi\u00e8ces num\u00e9ro 8 et num\u00e9ro 9 sur le dessin technique d&rsquo;EPER num\u00e9ro A995FD55C4B74E696AB60AE6A98A50FB concernant l&rsquo;application sur la Lancia Delta Integrale.<\/p>\n<p>Nouvelles pi\u00e8ces coulissantes de reproduction pour le montage de la carrosserie. Concerne une copie exacte de l&rsquo;imprimante 3D. Fabriqu\u00e9 en PET solide.<\/p>\n<p>OEM Lancia pour r\u00e9f\u00e9rence 82454775 82454776 82412448 (2x)<\/p>\n","protected":false},"excerpt":{"rendered":"<p>82454775 82454776 82412448 Nouvelle reproduction du support de pare-chocs avant Droit. Concerne une copie exacte de l&rsquo;imprimante 3D. Fabriqu\u00e9 en PET solide.<\/p>\n","protected":false},"featured_media":96988,"comment_status":"open","ping_status":"closed","template":"","meta":{"_acf_changed":false},"product_brand":[],"product_cat":[1806,1821,1825,1836,1830,1838,1798],"product_tag":[],"class_list":{"0":"post-96967","1":"product","2":"type-product","3":"status-publish","4":"has-post-thumbnail","6":"product_cat-delta-1-831-fr","7":"product_cat-hf-4wd-fr","8":"product_cat-hf-turbo-fr","9":"product_cat-integrale-16v-fr","10":"product_cat-integrale-8v-fr","11":"product_cat-integrale-evo-fr","12":"product_cat-lancia-fr","13":"pa_soort-onderdeel-carrosserie-et-tolerie","15":"first","16":"instock","17":"featured","18":"taxable","19":"shipping-taxable","20":"purchasable","21":"product-type-simple"},"acf":[],"yoast_head":"<!-- This site is optimized with the Yoast SEO plugin v27.2 - https:\/\/yoast.com\/product\/yoast-seo-wordpress\/ -->\n<title>Kit de montage pare-chocs avant Lancia Delta Integrale complet 4 pcs. - Turijnmagazijn<\/title>\n<meta name=\"robots\" content=\"index, follow, max-snippet:-1, max-image-preview:large, max-video-preview:-1\" \/>\n<link rel=\"canonical\" href=\"https:\/\/turijnmagazijn.nl\/fr\/produit\/support-pour-pare-chocs-avant-droit-lancia-delta-integrale-kopie\/\" \/>\n<meta property=\"og:locale\" content=\"fr_FR\" \/>\n<meta property=\"og:type\" content=\"article\" \/>\n<meta property=\"og:title\" content=\"Kit de montage pare-chocs avant Lancia Delta Integrale complet 4 pcs. - Turijnmagazijn\" \/>\n<meta property=\"og:description\" content=\"82454775 82454776 82412448 Nouvelle reproduction du support de pare-chocs avant Droit. Concerne une copie exacte de l&#039;imprimante 3D. Fabriqu\u00e9 en PET solide.\" \/>\n<meta property=\"og:url\" content=\"https:\/\/turijnmagazijn.nl\/fr\/produit\/support-pour-pare-chocs-avant-droit-lancia-delta-integrale-kopie\/\" \/>\n<meta property=\"og:site_name\" content=\"Turijnmagazijn\" \/>\n<meta property=\"article:publisher\" content=\"https:\/\/www.facebook.com\/turijnmagazijn\" \/>\n<meta property=\"article:modified_time\" content=\"2026-01-11T16:35:41+00:00\" \/>\n<meta property=\"og:image\" content=\"https:\/\/turijnmagazijn.nl\/wp-content\/uploads\/2026\/01\/DN0100336-S-Set-4-delig-montage-voorbumper-Lancia-Delta-Integrale-beugels-en-schuifstukken-2.jpg\" \/>\n\t<meta property=\"og:image:width\" content=\"1610\" \/>\n\t<meta property=\"og:image:height\" content=\"1059\" \/>\n\t<meta property=\"og:image:type\" content=\"image\/jpeg\" \/>\n<meta name=\"twitter:card\" content=\"summary_large_image\" \/>\n<meta name=\"twitter:label1\" content=\"Dur\u00e9e de lecture estim\u00e9e\" \/>\n\t<meta name=\"twitter:data1\" content=\"1 minute\" \/>\n<script type=\"application\/ld+json\" class=\"yoast-schema-graph\">{\"@context\":\"https:\/\/schema.org\",\"@graph\":[{\"@type\":\"WebPage\",\"@id\":\"https:\/\/turijnmagazijn.nl\/fr\/produit\/support-pour-pare-chocs-avant-droit-lancia-delta-integrale-kopie\/\",\"url\":\"https:\/\/turijnmagazijn.nl\/fr\/produit\/support-pour-pare-chocs-avant-droit-lancia-delta-integrale-kopie\/\",\"name\":\"Kit de montage pare-chocs avant Lancia Delta Integrale complet 4 pcs. - Turijnmagazijn\",\"isPartOf\":{\"@id\":\"https:\/\/turijnmagazijn.jumpstone-dev.nl\/#website\"},\"primaryImageOfPage\":{\"@id\":\"https:\/\/turijnmagazijn.nl\/fr\/produit\/support-pour-pare-chocs-avant-droit-lancia-delta-integrale-kopie\/#primaryimage\"},\"image\":{\"@id\":\"https:\/\/turijnmagazijn.nl\/fr\/produit\/support-pour-pare-chocs-avant-droit-lancia-delta-integrale-kopie\/#primaryimage\"},\"thumbnailUrl\":\"https:\/\/turijnmagazijn.nl\/wp-content\/uploads\/2026\/01\/DN0100336-S-Set-4-delig-montage-voorbumper-Lancia-Delta-Integrale-beugels-en-schuifstukken-2.jpg\",\"datePublished\":\"2026-01-10T13:51:24+00:00\",\"dateModified\":\"2026-01-11T16:35:41+00:00\",\"breadcrumb\":{\"@id\":\"https:\/\/turijnmagazijn.nl\/fr\/produit\/support-pour-pare-chocs-avant-droit-lancia-delta-integrale-kopie\/#breadcrumb\"},\"inLanguage\":\"fr-FR\",\"potentialAction\":[{\"@type\":\"ReadAction\",\"target\":[\"https:\/\/turijnmagazijn.nl\/fr\/produit\/support-pour-pare-chocs-avant-droit-lancia-delta-integrale-kopie\/\"]}]},{\"@type\":\"ImageObject\",\"inLanguage\":\"fr-FR\",\"@id\":\"https:\/\/turijnmagazijn.nl\/fr\/produit\/support-pour-pare-chocs-avant-droit-lancia-delta-integrale-kopie\/#primaryimage\",\"url\":\"https:\/\/turijnmagazijn.nl\/wp-content\/uploads\/2026\/01\/DN0100336-S-Set-4-delig-montage-voorbumper-Lancia-Delta-Integrale-beugels-en-schuifstukken-2.jpg\",\"contentUrl\":\"https:\/\/turijnmagazijn.nl\/wp-content\/uploads\/2026\/01\/DN0100336-S-Set-4-delig-montage-voorbumper-Lancia-Delta-Integrale-beugels-en-schuifstukken-2.jpg\",\"width\":1610,\"height\":1059},{\"@type\":\"BreadcrumbList\",\"@id\":\"https:\/\/turijnmagazijn.nl\/fr\/produit\/support-pour-pare-chocs-avant-droit-lancia-delta-integrale-kopie\/#breadcrumb\",\"itemListElement\":[{\"@type\":\"ListItem\",\"position\":1,\"name\":\"Home\",\"item\":\"https:\/\/turijnmagazijn.nl\/fr\/\"},{\"@type\":\"ListItem\",\"position\":2,\"name\":\"Produits\",\"item\":\"https:\/\/turijnmagazijn.nl\/fr\/shop\/\"},{\"@type\":\"ListItem\",\"position\":3,\"name\":\"Kit de montage pare-chocs avant Lancia Delta Integrale complet 4 pcs.\"}]},{\"@type\":\"WebSite\",\"@id\":\"https:\/\/turijnmagazijn.jumpstone-dev.nl\/#website\",\"url\":\"https:\/\/turijnmagazijn.jumpstone-dev.nl\/\",\"name\":\"Turijnmagazijn\",\"description\":\"Onderdelen nieuw en gebruikt - Fiat &amp; Lancia\",\"publisher\":{\"@id\":\"https:\/\/turijnmagazijn.jumpstone-dev.nl\/#organization\"},\"potentialAction\":[{\"@type\":\"SearchAction\",\"target\":{\"@type\":\"EntryPoint\",\"urlTemplate\":\"https:\/\/turijnmagazijn.jumpstone-dev.nl\/?s={search_term_string}\"},\"query-input\":{\"@type\":\"PropertyValueSpecification\",\"valueRequired\":true,\"valueName\":\"search_term_string\"}}],\"inLanguage\":\"fr-FR\"},{\"@type\":\"Organization\",\"@id\":\"https:\/\/turijnmagazijn.jumpstone-dev.nl\/#organization\",\"name\":\"Turijnmagazijn\",\"url\":\"https:\/\/turijnmagazijn.jumpstone-dev.nl\/\",\"logo\":{\"@type\":\"ImageObject\",\"inLanguage\":\"fr-FR\",\"@id\":\"https:\/\/turijnmagazijn.jumpstone-dev.nl\/#\/schema\/logo\/image\/\",\"url\":\"https:\/\/turijnmagazijn.nl\/wp-content\/uploads\/2021\/02\/turijnmagazijnlogo.png\",\"contentUrl\":\"https:\/\/turijnmagazijn.nl\/wp-content\/uploads\/2021\/02\/turijnmagazijnlogo.png\",\"width\":555,\"height\":270,\"caption\":\"Turijnmagazijn\"},\"image\":{\"@id\":\"https:\/\/turijnmagazijn.jumpstone-dev.nl\/#\/schema\/logo\/image\/\"},\"sameAs\":[\"https:\/\/www.facebook.com\/turijnmagazijn\"]}]}<\/script>\n<!-- \/ Yoast SEO plugin. -->","yoast_head_json":{"title":"Kit de montage pare-chocs avant Lancia Delta Integrale complet 4 pcs. - Turijnmagazijn","robots":{"index":"index","follow":"follow","max-snippet":"max-snippet:-1","max-image-preview":"max-image-preview:large","max-video-preview":"max-video-preview:-1"},"canonical":"https:\/\/turijnmagazijn.nl\/fr\/produit\/support-pour-pare-chocs-avant-droit-lancia-delta-integrale-kopie\/","og_locale":"fr_FR","og_type":"article","og_title":"Kit de montage pare-chocs avant Lancia Delta Integrale complet 4 pcs. - Turijnmagazijn","og_description":"82454775 82454776 82412448 Nouvelle reproduction du support de pare-chocs avant Droit. Concerne une copie exacte de l'imprimante 3D. Fabriqu\u00e9 en PET solide.","og_url":"https:\/\/turijnmagazijn.nl\/fr\/produit\/support-pour-pare-chocs-avant-droit-lancia-delta-integrale-kopie\/","og_site_name":"Turijnmagazijn","article_publisher":"https:\/\/www.facebook.com\/turijnmagazijn","article_modified_time":"2026-01-11T16:35:41+00:00","og_image":[{"width":1610,"height":1059,"url":"https:\/\/turijnmagazijn.nl\/wp-content\/uploads\/2026\/01\/DN0100336-S-Set-4-delig-montage-voorbumper-Lancia-Delta-Integrale-beugels-en-schuifstukken-2.jpg","type":"image\/jpeg"}],"twitter_card":"summary_large_image","twitter_misc":{"Dur\u00e9e de lecture estim\u00e9e":"1 minute"},"schema":{"@context":"https:\/\/schema.org","@graph":[{"@type":"WebPage","@id":"https:\/\/turijnmagazijn.nl\/fr\/produit\/support-pour-pare-chocs-avant-droit-lancia-delta-integrale-kopie\/","url":"https:\/\/turijnmagazijn.nl\/fr\/produit\/support-pour-pare-chocs-avant-droit-lancia-delta-integrale-kopie\/","name":"Kit de montage pare-chocs avant Lancia Delta Integrale complet 4 pcs. - Turijnmagazijn","isPartOf":{"@id":"https:\/\/turijnmagazijn.jumpstone-dev.nl\/#website"},"primaryImageOfPage":{"@id":"https:\/\/turijnmagazijn.nl\/fr\/produit\/support-pour-pare-chocs-avant-droit-lancia-delta-integrale-kopie\/#primaryimage"},"image":{"@id":"https:\/\/turijnmagazijn.nl\/fr\/produit\/support-pour-pare-chocs-avant-droit-lancia-delta-integrale-kopie\/#primaryimage"},"thumbnailUrl":"https:\/\/turijnmagazijn.nl\/wp-content\/uploads\/2026\/01\/DN0100336-S-Set-4-delig-montage-voorbumper-Lancia-Delta-Integrale-beugels-en-schuifstukken-2.jpg","datePublished":"2026-01-10T13:51:24+00:00","dateModified":"2026-01-11T16:35:41+00:00","breadcrumb":{"@id":"https:\/\/turijnmagazijn.nl\/fr\/produit\/support-pour-pare-chocs-avant-droit-lancia-delta-integrale-kopie\/#breadcrumb"},"inLanguage":"fr-FR","potentialAction":[{"@type":"ReadAction","target":["https:\/\/turijnmagazijn.nl\/fr\/produit\/support-pour-pare-chocs-avant-droit-lancia-delta-integrale-kopie\/"]}]},{"@type":"ImageObject","inLanguage":"fr-FR","@id":"https:\/\/turijnmagazijn.nl\/fr\/produit\/support-pour-pare-chocs-avant-droit-lancia-delta-integrale-kopie\/#primaryimage","url":"https:\/\/turijnmagazijn.nl\/wp-content\/uploads\/2026\/01\/DN0100336-S-Set-4-delig-montage-voorbumper-Lancia-Delta-Integrale-beugels-en-schuifstukken-2.jpg","contentUrl":"https:\/\/turijnmagazijn.nl\/wp-content\/uploads\/2026\/01\/DN0100336-S-Set-4-delig-montage-voorbumper-Lancia-Delta-Integrale-beugels-en-schuifstukken-2.jpg","width":1610,"height":1059},{"@type":"BreadcrumbList","@id":"https:\/\/turijnmagazijn.nl\/fr\/produit\/support-pour-pare-chocs-avant-droit-lancia-delta-integrale-kopie\/#breadcrumb","itemListElement":[{"@type":"ListItem","position":1,"name":"Home","item":"https:\/\/turijnmagazijn.nl\/fr\/"},{"@type":"ListItem","position":2,"name":"Produits","item":"https:\/\/turijnmagazijn.nl\/fr\/shop\/"},{"@type":"ListItem","position":3,"name":"Kit de montage pare-chocs avant Lancia Delta Integrale complet 4 pcs."}]},{"@type":"WebSite","@id":"https:\/\/turijnmagazijn.jumpstone-dev.nl\/#website","url":"https:\/\/turijnmagazijn.jumpstone-dev.nl\/","name":"Turijnmagazijn","description":"Onderdelen nieuw en gebruikt - Fiat &amp; Lancia","publisher":{"@id":"https:\/\/turijnmagazijn.jumpstone-dev.nl\/#organization"},"potentialAction":[{"@type":"SearchAction","target":{"@type":"EntryPoint","urlTemplate":"https:\/\/turijnmagazijn.jumpstone-dev.nl\/?s={search_term_string}"},"query-input":{"@type":"PropertyValueSpecification","valueRequired":true,"valueName":"search_term_string"}}],"inLanguage":"fr-FR"},{"@type":"Organization","@id":"https:\/\/turijnmagazijn.jumpstone-dev.nl\/#organization","name":"Turijnmagazijn","url":"https:\/\/turijnmagazijn.jumpstone-dev.nl\/","logo":{"@type":"ImageObject","inLanguage":"fr-FR","@id":"https:\/\/turijnmagazijn.jumpstone-dev.nl\/#\/schema\/logo\/image\/","url":"https:\/\/turijnmagazijn.nl\/wp-content\/uploads\/2021\/02\/turijnmagazijnlogo.png","contentUrl":"https:\/\/turijnmagazijn.nl\/wp-content\/uploads\/2021\/02\/turijnmagazijnlogo.png","width":555,"height":270,"caption":"Turijnmagazijn"},"image":{"@id":"https:\/\/turijnmagazijn.jumpstone-dev.nl\/#\/schema\/logo\/image\/"},"sameAs":["https:\/\/www.facebook.com\/turijnmagazijn"]}]}},"_links":{"self":[{"href":"https:\/\/turijnmagazijn.nl\/fr\/wp-json\/wp\/v2\/product\/96967","targetHints":{"allow":["GET"]}}],"collection":[{"href":"https:\/\/turijnmagazijn.nl\/fr\/wp-json\/wp\/v2\/product"}],"about":[{"href":"https:\/\/turijnmagazijn.nl\/fr\/wp-json\/wp\/v2\/types\/product"}],"replies":[{"embeddable":true,"href":"https:\/\/turijnmagazijn.nl\/fr\/wp-json\/wp\/v2\/comments?post=96967"}],"wp:featuredmedia":[{"embeddable":true,"href":"https:\/\/turijnmagazijn.nl\/fr\/wp-json\/wp\/v2\/media\/96988"}],"wp:attachment":[{"href":"https:\/\/turijnmagazijn.nl\/fr\/wp-json\/wp\/v2\/media?parent=96967"}],"wp:term":[{"taxonomy":"product_brand","embeddable":true,"href":"https:\/\/turijnmagazijn.nl\/fr\/wp-json\/wp\/v2\/product_brand?post=96967"},{"taxonomy":"product_cat","embeddable":true,"href":"https:\/\/turijnmagazijn.nl\/fr\/wp-json\/wp\/v2\/product_cat?post=96967"},{"taxonomy":"product_tag","embeddable":true,"href":"https:\/\/turijnmagazijn.nl\/fr\/wp-json\/wp\/v2\/product_tag?post=96967"}],"curies":[{"name":"wp","href":"https:\/\/api.w.org\/{rel}","templated":true}]}}