{"id":97101,"date":"2026-01-17T21:48:24","date_gmt":"2026-01-17T20:48:24","guid":{"rendered":"https:\/\/turijnmagazijn.nl\/?post_type=product&#038;p=97101"},"modified":"2026-01-17T22:01:40","modified_gmt":"2026-01-17T21:01:40","slug":"porte-cles-bois-grave-logo-lancia-90-kopie","status":"publish","type":"product","link":"https:\/\/turijnmagazijn.nl\/fr\/produit\/porte-cles-bois-grave-logo-lancia-90-kopie\/","title":{"rendered":"Porte-cl\u00e9s petit m\u00e9tal gravure logo Lancia &rsquo;90"},"content":{"rendered":"<p>Nouvelle pi\u00e8ce d&rsquo;imitation.<br \/>\nporte-cl\u00e9s rectangulaire en m\u00e9tal avec gravure au laser du logo Lancia des ann\u00e9es 1990.<br \/>\nGrav\u00e9 au laser des deux c\u00f4t\u00e9s, le logo est donc pr\u00e9sent des deux c\u00f4t\u00e9s !<br \/>\nPoids 9 grammes<br \/>\nTaille du pendentif 30x10mm<\/p>\n","protected":false},"excerpt":{"rendered":"<p>Porte-cl\u00e9s petit m\u00e9tal gravure logo Lancia &rsquo;90<\/p>\n","protected":false},"featured_media":97113,"comment_status":"closed","ping_status":"closed","template":"","meta":{"_acf_changed":false},"product_brand":[],"product_cat":[1809,1846,1851,1862,1865,1802,1806,1841,1819,1821,1825,1836,1830,1838,1860,1798,1890,1870,1896,1902,1897,1914,1917,1924],"product_tag":[],"class_list":{"0":"post-97101","1":"product","2":"type-product","3":"status-publish","4":"has-post-thumbnail","6":"product_cat-1-1-1-3-1-5-fr","7":"product_cat-3-deurs-hpe-fr","8":"product_cat-5-deurs-fr","9":"product_cat-berlina-fr","10":"product_cat-coupe-fr","11":"product_cat-dedra-835-fr","12":"product_cat-delta-1-831-fr","13":"product_cat-delta-2-836-fr","14":"product_cat-gt-i-e-fr","15":"product_cat-hf-4wd-fr","16":"product_cat-hf-turbo-fr","17":"product_cat-integrale-16v-fr","18":"product_cat-integrale-8v-fr","19":"product_cat-integrale-evo-fr","20":"product_cat-kappa-838-fr","21":"product_cat-lancia-fr","22":"product_cat-prisma-831-fr","23":"product_cat-sw-fr","24":"product_cat-thema-834-fr","25":"product_cat-thema-sedan-fr","26":"product_cat-thema-sw-fr","27":"product_cat-ypsilon-1-840-fr","28":"product_cat-ypsilon-2-843-fr","29":"product_cat-zeta-722-fr","30":"pa_soort-onderdeel-porte-cles-et-autocollants","32":"first","33":"instock","34":"taxable","35":"shipping-taxable","36":"purchasable","37":"product-type-simple"},"acf":[],"yoast_head":"<!-- This site is optimized with the Yoast SEO plugin v27.2 - https:\/\/yoast.com\/product\/yoast-seo-wordpress\/ -->\n<title>Porte-cl\u00e9s petit m\u00e9tal gravure logo Lancia &#039;90 - Turijnmagazijn<\/title>\n<meta name=\"robots\" content=\"index, follow, max-snippet:-1, max-image-preview:large, max-video-preview:-1\" \/>\n<link rel=\"canonical\" href=\"https:\/\/turijnmagazijn.nl\/fr\/produit\/porte-cles-bois-grave-logo-lancia-90-kopie\/\" \/>\n<meta property=\"og:locale\" content=\"fr_FR\" \/>\n<meta property=\"og:type\" content=\"article\" \/>\n<meta property=\"og:title\" content=\"Porte-cl\u00e9s petit m\u00e9tal gravure logo Lancia &#039;90 - Turijnmagazijn\" \/>\n<meta property=\"og:description\" content=\"Porte-cl\u00e9s petit m\u00e9tal gravure logo Lancia &#039;90\" \/>\n<meta property=\"og:url\" content=\"https:\/\/turijnmagazijn.nl\/fr\/produit\/porte-cles-bois-grave-logo-lancia-90-kopie\/\" \/>\n<meta property=\"og:site_name\" content=\"Turijnmagazijn\" \/>\n<meta property=\"article:publisher\" content=\"https:\/\/www.facebook.com\/turijnmagazijn\" \/>\n<meta property=\"article:modified_time\" content=\"2026-01-17T21:01:40+00:00\" \/>\n<meta property=\"og:image\" content=\"https:\/\/turijnmagazijn.nl\/wp-content\/uploads\/2026\/01\/DN0100469-Sleutelhanger-Lancia-jaren-90-klein-metaal-gravure-nvt-2-e1768683306928.jpg\" \/>\n\t<meta property=\"og:image:width\" content=\"1178\" \/>\n\t<meta property=\"og:image:height\" content=\"906\" \/>\n\t<meta property=\"og:image:type\" content=\"image\/jpeg\" \/>\n<meta name=\"twitter:card\" content=\"summary_large_image\" \/>\n<script type=\"application\/ld+json\" class=\"yoast-schema-graph\">{\"@context\":\"https:\/\/schema.org\",\"@graph\":[{\"@type\":\"WebPage\",\"@id\":\"https:\/\/turijnmagazijn.nl\/fr\/produit\/porte-cles-bois-grave-logo-lancia-90-kopie\/\",\"url\":\"https:\/\/turijnmagazijn.nl\/fr\/produit\/porte-cles-bois-grave-logo-lancia-90-kopie\/\",\"name\":\"Porte-cl\u00e9s petit m\u00e9tal gravure logo Lancia '90 - Turijnmagazijn\",\"isPartOf\":{\"@id\":\"https:\/\/turijnmagazijn.jumpstone-dev.nl\/#website\"},\"primaryImageOfPage\":{\"@id\":\"https:\/\/turijnmagazijn.nl\/fr\/produit\/porte-cles-bois-grave-logo-lancia-90-kopie\/#primaryimage\"},\"image\":{\"@id\":\"https:\/\/turijnmagazijn.nl\/fr\/produit\/porte-cles-bois-grave-logo-lancia-90-kopie\/#primaryimage\"},\"thumbnailUrl\":\"https:\/\/turijnmagazijn.nl\/wp-content\/uploads\/2026\/01\/DN0100469-Sleutelhanger-Lancia-jaren-90-klein-metaal-gravure-nvt-2-e1768683306928.jpg\",\"datePublished\":\"2026-01-17T20:48:24+00:00\",\"dateModified\":\"2026-01-17T21:01:40+00:00\",\"breadcrumb\":{\"@id\":\"https:\/\/turijnmagazijn.nl\/fr\/produit\/porte-cles-bois-grave-logo-lancia-90-kopie\/#breadcrumb\"},\"inLanguage\":\"fr-FR\",\"potentialAction\":[{\"@type\":\"ReadAction\",\"target\":[\"https:\/\/turijnmagazijn.nl\/fr\/produit\/porte-cles-bois-grave-logo-lancia-90-kopie\/\"]}]},{\"@type\":\"ImageObject\",\"inLanguage\":\"fr-FR\",\"@id\":\"https:\/\/turijnmagazijn.nl\/fr\/produit\/porte-cles-bois-grave-logo-lancia-90-kopie\/#primaryimage\",\"url\":\"https:\/\/turijnmagazijn.nl\/wp-content\/uploads\/2026\/01\/DN0100469-Sleutelhanger-Lancia-jaren-90-klein-metaal-gravure-nvt-2-e1768683306928.jpg\",\"contentUrl\":\"https:\/\/turijnmagazijn.nl\/wp-content\/uploads\/2026\/01\/DN0100469-Sleutelhanger-Lancia-jaren-90-klein-metaal-gravure-nvt-2-e1768683306928.jpg\",\"width\":1178,\"height\":906},{\"@type\":\"BreadcrumbList\",\"@id\":\"https:\/\/turijnmagazijn.nl\/fr\/produit\/porte-cles-bois-grave-logo-lancia-90-kopie\/#breadcrumb\",\"itemListElement\":[{\"@type\":\"ListItem\",\"position\":1,\"name\":\"Home\",\"item\":\"https:\/\/turijnmagazijn.jumpstone-dev.nl\/\"},{\"@type\":\"ListItem\",\"position\":2,\"name\":\"Produits\",\"item\":\"https:\/\/turijnmagazijn.nl\/fr\/shop\/\"},{\"@type\":\"ListItem\",\"position\":3,\"name\":\"Porte-cl\u00e9s petit m\u00e9tal gravure logo Lancia &#8217;90\"}]},{\"@type\":\"WebSite\",\"@id\":\"https:\/\/turijnmagazijn.jumpstone-dev.nl\/#website\",\"url\":\"https:\/\/turijnmagazijn.jumpstone-dev.nl\/\",\"name\":\"Turijnmagazijn\",\"description\":\"Onderdelen nieuw en gebruikt - Fiat &amp; Lancia\",\"publisher\":{\"@id\":\"https:\/\/turijnmagazijn.jumpstone-dev.nl\/#organization\"},\"potentialAction\":[{\"@type\":\"SearchAction\",\"target\":{\"@type\":\"EntryPoint\",\"urlTemplate\":\"https:\/\/turijnmagazijn.jumpstone-dev.nl\/?s={search_term_string}\"},\"query-input\":{\"@type\":\"PropertyValueSpecification\",\"valueRequired\":true,\"valueName\":\"search_term_string\"}}],\"inLanguage\":\"fr-FR\"},{\"@type\":\"Organization\",\"@id\":\"https:\/\/turijnmagazijn.jumpstone-dev.nl\/#organization\",\"name\":\"Turijnmagazijn\",\"url\":\"https:\/\/turijnmagazijn.jumpstone-dev.nl\/\",\"logo\":{\"@type\":\"ImageObject\",\"inLanguage\":\"fr-FR\",\"@id\":\"https:\/\/turijnmagazijn.jumpstone-dev.nl\/#\/schema\/logo\/image\/\",\"url\":\"https:\/\/turijnmagazijn.nl\/wp-content\/uploads\/2021\/02\/turijnmagazijnlogo.png\",\"contentUrl\":\"https:\/\/turijnmagazijn.nl\/wp-content\/uploads\/2021\/02\/turijnmagazijnlogo.png\",\"width\":555,\"height\":270,\"caption\":\"Turijnmagazijn\"},\"image\":{\"@id\":\"https:\/\/turijnmagazijn.jumpstone-dev.nl\/#\/schema\/logo\/image\/\"},\"sameAs\":[\"https:\/\/www.facebook.com\/turijnmagazijn\"]}]}<\/script>\n<!-- \/ Yoast SEO plugin. -->","yoast_head_json":{"title":"Porte-cl\u00e9s petit m\u00e9tal gravure logo Lancia '90 - Turijnmagazijn","robots":{"index":"index","follow":"follow","max-snippet":"max-snippet:-1","max-image-preview":"max-image-preview:large","max-video-preview":"max-video-preview:-1"},"canonical":"https:\/\/turijnmagazijn.nl\/fr\/produit\/porte-cles-bois-grave-logo-lancia-90-kopie\/","og_locale":"fr_FR","og_type":"article","og_title":"Porte-cl\u00e9s petit m\u00e9tal gravure logo Lancia '90 - Turijnmagazijn","og_description":"Porte-cl\u00e9s petit m\u00e9tal gravure logo Lancia '90","og_url":"https:\/\/turijnmagazijn.nl\/fr\/produit\/porte-cles-bois-grave-logo-lancia-90-kopie\/","og_site_name":"Turijnmagazijn","article_publisher":"https:\/\/www.facebook.com\/turijnmagazijn","article_modified_time":"2026-01-17T21:01:40+00:00","og_image":[{"width":1178,"height":906,"url":"https:\/\/turijnmagazijn.nl\/wp-content\/uploads\/2026\/01\/DN0100469-Sleutelhanger-Lancia-jaren-90-klein-metaal-gravure-nvt-2-e1768683306928.jpg","type":"image\/jpeg"}],"twitter_card":"summary_large_image","schema":{"@context":"https:\/\/schema.org","@graph":[{"@type":"WebPage","@id":"https:\/\/turijnmagazijn.nl\/fr\/produit\/porte-cles-bois-grave-logo-lancia-90-kopie\/","url":"https:\/\/turijnmagazijn.nl\/fr\/produit\/porte-cles-bois-grave-logo-lancia-90-kopie\/","name":"Porte-cl\u00e9s petit m\u00e9tal gravure logo Lancia '90 - Turijnmagazijn","isPartOf":{"@id":"https:\/\/turijnmagazijn.jumpstone-dev.nl\/#website"},"primaryImageOfPage":{"@id":"https:\/\/turijnmagazijn.nl\/fr\/produit\/porte-cles-bois-grave-logo-lancia-90-kopie\/#primaryimage"},"image":{"@id":"https:\/\/turijnmagazijn.nl\/fr\/produit\/porte-cles-bois-grave-logo-lancia-90-kopie\/#primaryimage"},"thumbnailUrl":"https:\/\/turijnmagazijn.nl\/wp-content\/uploads\/2026\/01\/DN0100469-Sleutelhanger-Lancia-jaren-90-klein-metaal-gravure-nvt-2-e1768683306928.jpg","datePublished":"2026-01-17T20:48:24+00:00","dateModified":"2026-01-17T21:01:40+00:00","breadcrumb":{"@id":"https:\/\/turijnmagazijn.nl\/fr\/produit\/porte-cles-bois-grave-logo-lancia-90-kopie\/#breadcrumb"},"inLanguage":"fr-FR","potentialAction":[{"@type":"ReadAction","target":["https:\/\/turijnmagazijn.nl\/fr\/produit\/porte-cles-bois-grave-logo-lancia-90-kopie\/"]}]},{"@type":"ImageObject","inLanguage":"fr-FR","@id":"https:\/\/turijnmagazijn.nl\/fr\/produit\/porte-cles-bois-grave-logo-lancia-90-kopie\/#primaryimage","url":"https:\/\/turijnmagazijn.nl\/wp-content\/uploads\/2026\/01\/DN0100469-Sleutelhanger-Lancia-jaren-90-klein-metaal-gravure-nvt-2-e1768683306928.jpg","contentUrl":"https:\/\/turijnmagazijn.nl\/wp-content\/uploads\/2026\/01\/DN0100469-Sleutelhanger-Lancia-jaren-90-klein-metaal-gravure-nvt-2-e1768683306928.jpg","width":1178,"height":906},{"@type":"BreadcrumbList","@id":"https:\/\/turijnmagazijn.nl\/fr\/produit\/porte-cles-bois-grave-logo-lancia-90-kopie\/#breadcrumb","itemListElement":[{"@type":"ListItem","position":1,"name":"Home","item":"https:\/\/turijnmagazijn.jumpstone-dev.nl\/"},{"@type":"ListItem","position":2,"name":"Produits","item":"https:\/\/turijnmagazijn.nl\/fr\/shop\/"},{"@type":"ListItem","position":3,"name":"Porte-cl\u00e9s petit m\u00e9tal gravure logo Lancia &#8217;90"}]},{"@type":"WebSite","@id":"https:\/\/turijnmagazijn.jumpstone-dev.nl\/#website","url":"https:\/\/turijnmagazijn.jumpstone-dev.nl\/","name":"Turijnmagazijn","description":"Onderdelen nieuw en gebruikt - Fiat &amp; Lancia","publisher":{"@id":"https:\/\/turijnmagazijn.jumpstone-dev.nl\/#organization"},"potentialAction":[{"@type":"SearchAction","target":{"@type":"EntryPoint","urlTemplate":"https:\/\/turijnmagazijn.jumpstone-dev.nl\/?s={search_term_string}"},"query-input":{"@type":"PropertyValueSpecification","valueRequired":true,"valueName":"search_term_string"}}],"inLanguage":"fr-FR"},{"@type":"Organization","@id":"https:\/\/turijnmagazijn.jumpstone-dev.nl\/#organization","name":"Turijnmagazijn","url":"https:\/\/turijnmagazijn.jumpstone-dev.nl\/","logo":{"@type":"ImageObject","inLanguage":"fr-FR","@id":"https:\/\/turijnmagazijn.jumpstone-dev.nl\/#\/schema\/logo\/image\/","url":"https:\/\/turijnmagazijn.nl\/wp-content\/uploads\/2021\/02\/turijnmagazijnlogo.png","contentUrl":"https:\/\/turijnmagazijn.nl\/wp-content\/uploads\/2021\/02\/turijnmagazijnlogo.png","width":555,"height":270,"caption":"Turijnmagazijn"},"image":{"@id":"https:\/\/turijnmagazijn.jumpstone-dev.nl\/#\/schema\/logo\/image\/"},"sameAs":["https:\/\/www.facebook.com\/turijnmagazijn"]}]}},"_links":{"self":[{"href":"https:\/\/turijnmagazijn.nl\/fr\/wp-json\/wp\/v2\/product\/97101","targetHints":{"allow":["GET"]}}],"collection":[{"href":"https:\/\/turijnmagazijn.nl\/fr\/wp-json\/wp\/v2\/product"}],"about":[{"href":"https:\/\/turijnmagazijn.nl\/fr\/wp-json\/wp\/v2\/types\/product"}],"replies":[{"embeddable":true,"href":"https:\/\/turijnmagazijn.nl\/fr\/wp-json\/wp\/v2\/comments?post=97101"}],"wp:featuredmedia":[{"embeddable":true,"href":"https:\/\/turijnmagazijn.nl\/fr\/wp-json\/wp\/v2\/media\/97113"}],"wp:attachment":[{"href":"https:\/\/turijnmagazijn.nl\/fr\/wp-json\/wp\/v2\/media?parent=97101"}],"wp:term":[{"taxonomy":"product_brand","embeddable":true,"href":"https:\/\/turijnmagazijn.nl\/fr\/wp-json\/wp\/v2\/product_brand?post=97101"},{"taxonomy":"product_cat","embeddable":true,"href":"https:\/\/turijnmagazijn.nl\/fr\/wp-json\/wp\/v2\/product_cat?post=97101"},{"taxonomy":"product_tag","embeddable":true,"href":"https:\/\/turijnmagazijn.nl\/fr\/wp-json\/wp\/v2\/product_tag?post=97101"}],"curies":[{"name":"wp","href":"https:\/\/api.w.org\/{rel}","templated":true}]}}