{"id":98414,"date":"2025-08-18T12:38:37","date_gmt":"2025-08-18T10:38:37","guid":{"rendered":"https:\/\/turijnmagazijn.nl\/product\/ecrou-m6-avec-collier-lancia-delta-integrale\/"},"modified":"2025-08-18T12:38:37","modified_gmt":"2025-08-18T10:38:37","slug":"ecrou-m6-avec-collier-lancia-delta-integrale","status":"publish","type":"product","link":"https:\/\/turijnmagazijn.nl\/fr\/produit\/ecrou-m6-avec-collier-lancia-delta-integrale\/","title":{"rendered":"Ecrou M6 avec collier Lancia Delta Integrale"},"content":{"rendered":"<p>Ecrou M6 passiv\u00e9 jaune avec collier pour le montage de diff\u00e9rentes pi\u00e8ces pour Lancia Delta Integrale. Il est notamment utilis\u00e9 dans le syst\u00e8me d&rsquo;alimentation en carburant et pour l&rsquo;\u00e9chappement. Ces \u00e9crous peuvent \u00eatre utilis\u00e9s sur presque tous les mod\u00e8les Fiat Lancia et Alfa Romeo. Entre autres, sur ces types : NM CINQUECENTO 1992-1998 3J PUNTO EVO 2009-2011 4C GRANDE PUNTO 2008-2009 1N PUNTO BZ 1999-2003 1P PUNTO DS 1999-2003 1A PUNTO BZ. GAMMA 97 1997-1999 1B PUNTO TB.DS. GAMMA 97 1997-1999 1C PUNTO CABRIO GAMMA 97 1997-2000 NW PUNTO GT 1993-1997 NX PUNTO D-TD 1993-1997 PF PUNTO CABRIO 1994-1997 1S PANDA 4X2 MAQ 91 1991-2003 1T PANDA 4X4 MAQ 91 1991-2003 LV PANDA 4X2 RL 86 1985-1991 2R PANDA 4X4 R 86 1985-1991 2P PANDA DS 1986-1993 3L NUOVA BRAVO 2007-2009 1L BRAVO G.98 BZ DS 1998-2001 1U BRAVO BZ DS 1995-1998 3B SEDICI 2006-2011 0C LINEA INDIA FL2014 2014-&#8230;. 2T CROMA 2005-2010 MY CROMA IE-IE TB. FL.90 1990-1996 1F MULTIPLA 1998-2010 2H PALIO 2V EXTRA EUROPA REST. 2002 2002-2011 PY PALIO WEEKEND EUROPA 1997-2002 1Y PALIO WE EXTRA EUROPA 1997-2002 3E SIENA REST.2 2005-2011 2L SIENA EXTRA EUROPA REST. 2002-2012 2V STILO F.L.L. 2003 2003-2007 1ST SEICENTO 1998-2010 1H SEICENTO ELETTRA 1998-2003 1D UNO MONDO 1995-2010 MR UNO R 89 900-1.0-1.1 1989-1995 MT UNO TURBO R 89 1989-1993 MU UNO DIESEL R 89 1989-1995 ML UNO CS 1988-1990 NS TIPO MQ.93 1370-1580 1993-1995 NU TIPO MQ.93 1750-2000 1993-1995 MF TIPO DIESEL-T.DS. 1987-1993 NG TIPO 1750-2000 1990-1993 NZ TEMPRA MAQ.93 1750-2000 93- 96 MW TEMPRA 1750-2000 1989-1993 1M BRAVA G.98 BZ DS 1998-2001 1V BRAVA BZ DS 1995-1998 1Q MAREA BZ GAMMA 99 1999-2002 1R MAREA DS GAMMA 99 1999-2002 PU MAREA DIESEL 1996-1999 HP BARCHETTA 1995-2004 XS MILLE CLIP 1995-1997 2B DUNA BENZINA DIESEL 1986-1990 MD 126 BIS 1987-1999 SU Y 1995-2000 TH NUOVA DELTA 844 2008-2011 SG N.DELTA 2.0 -1750 132CV 93- 99 SA DELTA EVOLUZIONE 1991-1994 SE THEME I.E. 8V FL.92 1992-1994 SC THEME TURBO DS FL.92 1992-1994 43 MUSA FLL 2011-2012 3D PALIO 2V REST.2 2005-2011 3F PALIO WEEKEND REST.2 2005-2009 3K PERLA CINA 2006-2007 3Y NUOVA BRAVO MY 2010 2010-2014 4A GRANDE PUNTO ABARTH 2007-2010 ME TIPO 1100-1370-1580 1987-1993 MJ CROMA TURBO DS FL.90 1990-1996 MP TIPO SPORT 16V IE. 1988-1993 MS UNO R 89 1.1-1370-1.5 1989-1995 MV TEMPRA 1370-1580 1989-1993 MX TEMPRA DIESEL-TURBO D. 1989-1993 MZ CROMA CHT FL.90 1990-1992 NJ TEMPRA MQ.93 D-TD 1993-1996 NQ CROMA IE. 2500 V6 1993-1996 NT TIPO MAQ.93 D-TD 1993-1995 NV PUNTO 55-60-75-90 1993-1997 NY TEMPRA MAQ.93 1370-1580 93- 96 PC COUPE 1994-1996 PE DUCATO 94 DIESEL 1994-2002 PT MAREA BENZINA 1996-1999 PX COUPE GAMMA 96 1996-2000 QZ MITO MY2011 2011-2013 R4 164 USA MY.94-95 1993-1995 RT DELTA 4WD 1986-1991 RY DEDRA BENZINA 1989-1994 SB THEME IE. 16V FL.92 1992-1994 SD THEME 3.0 V6 FL.92 1992-1994 SF N.DELTA 1400-1600-1800 1993-1999 SJ THESIS 2001-2007 SL DEDRA FL.94 1580-1750 8 16V 2000 1994-1999 SN DEDRA FL.94 T.DS 1994-1999 SQ N.DELTA TB DS 1994-1999 SS KAPPA 3.0 V6 1994-2001 SX LYBRA BZ 1999-2005 SZ THEME BZ DS R.88 1988-1992 T3 155 GAMMA 96 BZ 1996-1997 T5 145 GAMMA 97 1997-1999 T7 156 BENZINA 1997-2002 TB DELTA R.86 BZ DS 1986-1992 TJ MUSA 2007-2011 TN LANCIA DELTA MY 2011 2011-2014 U1 145 BZ DS 1994-1996 U2 146 BZ DS 1995-1996 U4 75 BZ 6 CYLINDRI E TD 1988-1992 U7 NUOVO SPIDER 1995-1998 U9 SPIDER 98 1998-2006 W1 164 FL 92 1992-1997 W3 145 M.Y. 99 1999-2000 W5 33 CARB. DS 1990-1994 W7 33 ED.88 1988-1990 W8 147 BZ DS 2000-2010 X1 156 M.Y.2002 BZ DS 2001-2005 X3 ALFA 159 2005-2008 X5 NUOVO SPIDER 2006-2008 X9 ALFA 159 2008-2010 XP ELBA CSL 1991-1996 XR MILLE 1994-1995 ZM Y10 R.92 1992-1995 TG MUSA 2004-2007 ZL Y10 FL.89 1988-1992 SM DEDRA FL.94 1750-2.0 1994-1999 RZ DEDRA TURBO DIESEL 1989-1994 RJ DEDRA IE.TB.INTEGRAL 1990-1994 SY LYBRA DS 1999-2005 SP KAPPA BZ 2000-2400 1994-2001 SR KAPPA DIESEL 1994-2001 SV KAPPA COUPE 1997-2001 10 MITO MY2013 2013-&#8230;. X6 ALFA MITO 2008-2011 X8 159 MY11 2010-2011 12 BRERA COUPE M.Y. 2008-2010 X4 BRERA COUPE 2005-2008 13 NUOVO SPIDER M.Y. 2008-2010 W9 166 BZ-DS 1998-2007 T8 156 TD.ID. 1997-2002 W4 146 M.Y. 99 1999-2000 T6 146 GAMMA 97 1997-1999 T4 155 GAMMA 96 DS 1996-1997 U5 155 ASPIRATO 1992-1996 U6 155 TURBO BZ-DS 1992-1996 W2 164 SUPER 1992-1997 N0 164 U.S.A. MY.91 93 1990-1992 K0 164 1987-1992 K2 164 TURBO BZ. 1987-1992 P8 SPIDER FL.USA MY.91-93 1990-1993 P6 SPIDER EUROPA FL.90 1990-1993 M9 \u00ab\u00a0S.Z.\u00a0\u00bb 1989-1991 R3 \u00ab\u00a0R.Z.\u00a0\u00bb 1992-1993 W0 GTV 98 1998-2005 U8 G T V 1995-1998 X2 GT 2003-2010 W6 33 I.E. 8 16 VALV. 1990-1994 U3 75 BZ 4 CYLINDRI 1988-1992 3A FIORINO EXPORT 2004-2008 2N FIORINO RL 1993-2000 2M FIORINO 1991-1993 3T DUCATO RUSSIA 2008 2008-2011 2E DUCATO RESTYL. BZ DS 2001-2006 3V NUOVO DOBLO 2009 2009-&#8230;. 3C DOBLO REST. 2005 2005-&#8230;. 2W DOBLO MY. 2004 2004-2005 1W DOBLO 2000-2004 3G STRADA REST. 2 2005-2011 1G STRADA 1999-2005 PL SCUDO 1995-2004 NC TALENTO R.90 1990-1994 NB NUOVO DUCATO BZ R.90 1990-1994 ND DUCATO 4X4 R.90 1990-1994 NA NUOVO DUCATO DS.R.90 1990-1994 PD DUCATO 94 BENZINA 1994-2002 1X PALIO 2V EXTRA EUROPA 1997-2002 2A SIENA EXTRA EUROPA 1997-2002 2C STILO BZ DS 2001-2003 2G PALIO WE EUROPA REST. 2002-2004 2K PALIO WE EXTRA EUROPA REST. 2002 2002-2008 2U PUNTO FL. 03 2003-2010 2Y GRANDE PUNTO 2005-2008 Remplace le num\u00e9ro OEM Lancia 15896211.<\/p>\n","protected":false},"excerpt":{"rendered":"<p>15896211 Ecrou M6 jaune passiv\u00e9 avec collier pour le montage de diff\u00e9rentes pi\u00e8ces pour Lancia Delta Integrale. Entre autres utilis\u00e9s dans le frein<\/p>\n","protected":false},"featured_media":94171,"comment_status":"open","ping_status":"closed","template":"","meta":{"_acf_changed":false},"product_brand":[],"product_cat":[1809,1613,1659,1846,1851,1766,1769,1582,1862,1705,1713,1865,1719,1722,1802,1806,1841,1855,1690,1731,1819,1636,1821,1825,1836,1830,1838,1860,1798,1873,1738,1774,1741,1748,1752,1882,1617,1623,1763,1870,1880,1779,1896,1902,1897,1781],"product_tag":[],"class_list":{"0":"post-98414","1":"product","2":"type-product","3":"status-publish","4":"has-post-thumbnail","6":"product_cat-1-1-1-3-1-5-fr","7":"product_cat-156-932-fr","8":"product_cat-159-939-fr","9":"product_cat-3-deurs-hpe-fr","10":"product_cat-5-deurs-fr","11":"product_cat-5drs-fr","12":"product_cat-abarth-3drs-fr","13":"product_cat-alfa-romeo-fr","14":"product_cat-berlina-fr","15":"product_cat-brava-198-fr","16":"product_cat-cinquecento-170-fr","17":"product_cat-coupe-fr","18":"product_cat-coupe-175-fr","19":"product_cat-croma-1-154-fr","20":"product_cat-dedra-835-fr","21":"product_cat-delta-1-831-fr","22":"product_cat-delta-2-836-fr","23":"product_cat-delta-3-844-fr","24":"product_cat-fiat-fr","25":"product_cat-grande-punto-199-fr","26":"product_cat-gt-i-e-fr","27":"product_cat-gtv-916-fr","28":"product_cat-hf-4wd-fr","29":"product_cat-hf-turbo-fr","30":"product_cat-integrale-16v-fr","31":"product_cat-integrale-8v-fr","32":"product_cat-integrale-evo-fr","33":"product_cat-kappa-838-fr","34":"product_cat-lancia-fr","35":"product_cat-lybra-839-fr","36":"product_cat-multipla-186-fr","37":"product_cat-multiwagon-fr","38":"product_cat-panda-1-141-fr","39":"product_cat-punto-1-176-fr","40":"product_cat-punto-2-188-fr","41":"product_cat-sedan-lybra-839-fr","42":"product_cat-sedan-fr","43":"product_cat-sportwagon-fr","44":"product_cat-stilo-192-fr","45":"product_cat-sw-fr","46":"product_cat-sw-lybra-839-fr","47":"product_cat-tempra-159-fr","48":"product_cat-thema-834-fr","49":"product_cat-thema-sedan-fr","50":"product_cat-thema-sw-fr","51":"product_cat-tipo-1-160-fr","52":"pa_soort-onderdeel-carrosserie-et-tolerie","54":"first","55":"instock","56":"shipping-taxable","57":"purchasable","58":"product-type-simple"},"acf":[],"yoast_head":"<!-- This site is optimized with the Yoast SEO plugin v27.3 - https:\/\/yoast.com\/product\/yoast-seo-wordpress\/ -->\n<title>Ecrou M6 avec collier Lancia Delta Integrale - Turijnmagazijn<\/title>\n<meta name=\"robots\" content=\"index, follow, max-snippet:-1, max-image-preview:large, max-video-preview:-1\" \/>\n<link rel=\"canonical\" href=\"https:\/\/turijnmagazijn.nl\/fr\/produit\/ecrou-m6-avec-collier-lancia-delta-integrale\/\" \/>\n<meta property=\"og:locale\" content=\"fr_FR\" \/>\n<meta property=\"og:type\" content=\"article\" \/>\n<meta property=\"og:title\" content=\"Ecrou M6 avec collier Lancia Delta Integrale - Turijnmagazijn\" \/>\n<meta property=\"og:description\" content=\"15896211 Ecrou M6 jaune passiv\u00e9 avec collier pour le montage de diff\u00e9rentes pi\u00e8ces pour Lancia Delta Integrale. Entre autres utilis\u00e9s dans le frein\" \/>\n<meta property=\"og:url\" content=\"https:\/\/turijnmagazijn.nl\/fr\/produit\/ecrou-m6-avec-collier-lancia-delta-integrale\/\" \/>\n<meta property=\"og:site_name\" content=\"Turijnmagazijn\" \/>\n<meta property=\"article:publisher\" content=\"https:\/\/www.facebook.com\/turijnmagazijn\" \/>\n<meta property=\"og:image\" content=\"https:\/\/turijnmagazijn.nl\/wp-content\/uploads\/2025\/08\/DN0100438-Moer-M6-met-kraag-Lancia-Delta-Integrale-15896211-3-scaled.jpg\" \/>\n\t<meta property=\"og:image:width\" content=\"2560\" \/>\n\t<meta property=\"og:image:height\" content=\"1920\" \/>\n\t<meta property=\"og:image:type\" content=\"image\/jpeg\" \/>\n<meta name=\"twitter:card\" content=\"summary_large_image\" \/>\n<meta name=\"twitter:label1\" content=\"Dur\u00e9e de lecture estim\u00e9e\" \/>\n\t<meta name=\"twitter:data1\" content=\"4 minutes\" \/>\n<script type=\"application\/ld+json\" class=\"yoast-schema-graph\">{\"@context\":\"https:\\\/\\\/schema.org\",\"@graph\":[{\"@type\":\"WebPage\",\"@id\":\"https:\\\/\\\/turijnmagazijn.nl\\\/fr\\\/produit\\\/ecrou-m6-avec-collier-lancia-delta-integrale\\\/\",\"url\":\"https:\\\/\\\/turijnmagazijn.nl\\\/fr\\\/produit\\\/ecrou-m6-avec-collier-lancia-delta-integrale\\\/\",\"name\":\"Ecrou M6 avec collier Lancia Delta Integrale - Turijnmagazijn\",\"isPartOf\":{\"@id\":\"https:\\\/\\\/turijnmagazijn.jumpstone-dev.nl\\\/#website\"},\"primaryImageOfPage\":{\"@id\":\"https:\\\/\\\/turijnmagazijn.nl\\\/fr\\\/produit\\\/ecrou-m6-avec-collier-lancia-delta-integrale\\\/#primaryimage\"},\"image\":{\"@id\":\"https:\\\/\\\/turijnmagazijn.nl\\\/fr\\\/produit\\\/ecrou-m6-avec-collier-lancia-delta-integrale\\\/#primaryimage\"},\"thumbnailUrl\":\"https:\\\/\\\/turijnmagazijn.nl\\\/wp-content\\\/uploads\\\/2025\\\/08\\\/DN0100438-Moer-M6-met-kraag-Lancia-Delta-Integrale-15896211-3-scaled.jpg\",\"datePublished\":\"2025-08-18T10:38:37+00:00\",\"breadcrumb\":{\"@id\":\"https:\\\/\\\/turijnmagazijn.nl\\\/fr\\\/produit\\\/ecrou-m6-avec-collier-lancia-delta-integrale\\\/#breadcrumb\"},\"inLanguage\":\"fr-FR\",\"potentialAction\":[{\"@type\":\"ReadAction\",\"target\":[\"https:\\\/\\\/turijnmagazijn.nl\\\/fr\\\/produit\\\/ecrou-m6-avec-collier-lancia-delta-integrale\\\/\"]}]},{\"@type\":\"ImageObject\",\"inLanguage\":\"fr-FR\",\"@id\":\"https:\\\/\\\/turijnmagazijn.nl\\\/fr\\\/produit\\\/ecrou-m6-avec-collier-lancia-delta-integrale\\\/#primaryimage\",\"url\":\"https:\\\/\\\/turijnmagazijn.nl\\\/wp-content\\\/uploads\\\/2025\\\/08\\\/DN0100438-Moer-M6-met-kraag-Lancia-Delta-Integrale-15896211-3-scaled.jpg\",\"contentUrl\":\"https:\\\/\\\/turijnmagazijn.nl\\\/wp-content\\\/uploads\\\/2025\\\/08\\\/DN0100438-Moer-M6-met-kraag-Lancia-Delta-Integrale-15896211-3-scaled.jpg\",\"width\":2560,\"height\":1920},{\"@type\":\"BreadcrumbList\",\"@id\":\"https:\\\/\\\/turijnmagazijn.nl\\\/fr\\\/produit\\\/ecrou-m6-avec-collier-lancia-delta-integrale\\\/#breadcrumb\",\"itemListElement\":[{\"@type\":\"ListItem\",\"position\":1,\"name\":\"Home\",\"item\":\"https:\\\/\\\/turijnmagazijn.nl\\\/fr\\\/\"},{\"@type\":\"ListItem\",\"position\":2,\"name\":\"Produits\",\"item\":\"https:\\\/\\\/turijnmagazijn.nl\\\/fr\\\/shop\\\/\"},{\"@type\":\"ListItem\",\"position\":3,\"name\":\"Ecrou M6 avec collier Lancia Delta Integrale\"}]},{\"@type\":\"WebSite\",\"@id\":\"https:\\\/\\\/turijnmagazijn.jumpstone-dev.nl\\\/#website\",\"url\":\"https:\\\/\\\/turijnmagazijn.jumpstone-dev.nl\\\/\",\"name\":\"Turijnmagazijn\",\"description\":\"Onderdelen nieuw en gebruikt - Fiat &amp; Lancia\",\"publisher\":{\"@id\":\"https:\\\/\\\/turijnmagazijn.jumpstone-dev.nl\\\/#organization\"},\"potentialAction\":[{\"@type\":\"SearchAction\",\"target\":{\"@type\":\"EntryPoint\",\"urlTemplate\":\"https:\\\/\\\/turijnmagazijn.jumpstone-dev.nl\\\/?s={search_term_string}\"},\"query-input\":{\"@type\":\"PropertyValueSpecification\",\"valueRequired\":true,\"valueName\":\"search_term_string\"}}],\"inLanguage\":\"fr-FR\"},{\"@type\":\"Organization\",\"@id\":\"https:\\\/\\\/turijnmagazijn.jumpstone-dev.nl\\\/#organization\",\"name\":\"Turijnmagazijn\",\"url\":\"https:\\\/\\\/turijnmagazijn.jumpstone-dev.nl\\\/\",\"logo\":{\"@type\":\"ImageObject\",\"inLanguage\":\"fr-FR\",\"@id\":\"https:\\\/\\\/turijnmagazijn.jumpstone-dev.nl\\\/#\\\/schema\\\/logo\\\/image\\\/\",\"url\":\"https:\\\/\\\/turijnmagazijn.nl\\\/wp-content\\\/uploads\\\/2021\\\/02\\\/turijnmagazijnlogo.png\",\"contentUrl\":\"https:\\\/\\\/turijnmagazijn.nl\\\/wp-content\\\/uploads\\\/2021\\\/02\\\/turijnmagazijnlogo.png\",\"width\":555,\"height\":270,\"caption\":\"Turijnmagazijn\"},\"image\":{\"@id\":\"https:\\\/\\\/turijnmagazijn.jumpstone-dev.nl\\\/#\\\/schema\\\/logo\\\/image\\\/\"},\"sameAs\":[\"https:\\\/\\\/www.facebook.com\\\/turijnmagazijn\"]}]}<\/script>\n<!-- \/ Yoast SEO plugin. -->","yoast_head_json":{"title":"Ecrou M6 avec collier Lancia Delta Integrale - Turijnmagazijn","robots":{"index":"index","follow":"follow","max-snippet":"max-snippet:-1","max-image-preview":"max-image-preview:large","max-video-preview":"max-video-preview:-1"},"canonical":"https:\/\/turijnmagazijn.nl\/fr\/produit\/ecrou-m6-avec-collier-lancia-delta-integrale\/","og_locale":"fr_FR","og_type":"article","og_title":"Ecrou M6 avec collier Lancia Delta Integrale - Turijnmagazijn","og_description":"15896211 Ecrou M6 jaune passiv\u00e9 avec collier pour le montage de diff\u00e9rentes pi\u00e8ces pour Lancia Delta Integrale. Entre autres utilis\u00e9s dans le frein","og_url":"https:\/\/turijnmagazijn.nl\/fr\/produit\/ecrou-m6-avec-collier-lancia-delta-integrale\/","og_site_name":"Turijnmagazijn","article_publisher":"https:\/\/www.facebook.com\/turijnmagazijn","og_image":[{"width":2560,"height":1920,"url":"https:\/\/turijnmagazijn.nl\/wp-content\/uploads\/2025\/08\/DN0100438-Moer-M6-met-kraag-Lancia-Delta-Integrale-15896211-3-scaled.jpg","type":"image\/jpeg"}],"twitter_card":"summary_large_image","twitter_misc":{"Dur\u00e9e de lecture estim\u00e9e":"4 minutes"},"schema":{"@context":"https:\/\/schema.org","@graph":[{"@type":"WebPage","@id":"https:\/\/turijnmagazijn.nl\/fr\/produit\/ecrou-m6-avec-collier-lancia-delta-integrale\/","url":"https:\/\/turijnmagazijn.nl\/fr\/produit\/ecrou-m6-avec-collier-lancia-delta-integrale\/","name":"Ecrou M6 avec collier Lancia Delta Integrale - Turijnmagazijn","isPartOf":{"@id":"https:\/\/turijnmagazijn.jumpstone-dev.nl\/#website"},"primaryImageOfPage":{"@id":"https:\/\/turijnmagazijn.nl\/fr\/produit\/ecrou-m6-avec-collier-lancia-delta-integrale\/#primaryimage"},"image":{"@id":"https:\/\/turijnmagazijn.nl\/fr\/produit\/ecrou-m6-avec-collier-lancia-delta-integrale\/#primaryimage"},"thumbnailUrl":"https:\/\/turijnmagazijn.nl\/wp-content\/uploads\/2025\/08\/DN0100438-Moer-M6-met-kraag-Lancia-Delta-Integrale-15896211-3-scaled.jpg","datePublished":"2025-08-18T10:38:37+00:00","breadcrumb":{"@id":"https:\/\/turijnmagazijn.nl\/fr\/produit\/ecrou-m6-avec-collier-lancia-delta-integrale\/#breadcrumb"},"inLanguage":"fr-FR","potentialAction":[{"@type":"ReadAction","target":["https:\/\/turijnmagazijn.nl\/fr\/produit\/ecrou-m6-avec-collier-lancia-delta-integrale\/"]}]},{"@type":"ImageObject","inLanguage":"fr-FR","@id":"https:\/\/turijnmagazijn.nl\/fr\/produit\/ecrou-m6-avec-collier-lancia-delta-integrale\/#primaryimage","url":"https:\/\/turijnmagazijn.nl\/wp-content\/uploads\/2025\/08\/DN0100438-Moer-M6-met-kraag-Lancia-Delta-Integrale-15896211-3-scaled.jpg","contentUrl":"https:\/\/turijnmagazijn.nl\/wp-content\/uploads\/2025\/08\/DN0100438-Moer-M6-met-kraag-Lancia-Delta-Integrale-15896211-3-scaled.jpg","width":2560,"height":1920},{"@type":"BreadcrumbList","@id":"https:\/\/turijnmagazijn.nl\/fr\/produit\/ecrou-m6-avec-collier-lancia-delta-integrale\/#breadcrumb","itemListElement":[{"@type":"ListItem","position":1,"name":"Home","item":"https:\/\/turijnmagazijn.nl\/fr\/"},{"@type":"ListItem","position":2,"name":"Produits","item":"https:\/\/turijnmagazijn.nl\/fr\/shop\/"},{"@type":"ListItem","position":3,"name":"Ecrou M6 avec collier Lancia Delta Integrale"}]},{"@type":"WebSite","@id":"https:\/\/turijnmagazijn.jumpstone-dev.nl\/#website","url":"https:\/\/turijnmagazijn.jumpstone-dev.nl\/","name":"Turijnmagazijn","description":"Onderdelen nieuw en gebruikt - Fiat &amp; Lancia","publisher":{"@id":"https:\/\/turijnmagazijn.jumpstone-dev.nl\/#organization"},"potentialAction":[{"@type":"SearchAction","target":{"@type":"EntryPoint","urlTemplate":"https:\/\/turijnmagazijn.jumpstone-dev.nl\/?s={search_term_string}"},"query-input":{"@type":"PropertyValueSpecification","valueRequired":true,"valueName":"search_term_string"}}],"inLanguage":"fr-FR"},{"@type":"Organization","@id":"https:\/\/turijnmagazijn.jumpstone-dev.nl\/#organization","name":"Turijnmagazijn","url":"https:\/\/turijnmagazijn.jumpstone-dev.nl\/","logo":{"@type":"ImageObject","inLanguage":"fr-FR","@id":"https:\/\/turijnmagazijn.jumpstone-dev.nl\/#\/schema\/logo\/image\/","url":"https:\/\/turijnmagazijn.nl\/wp-content\/uploads\/2021\/02\/turijnmagazijnlogo.png","contentUrl":"https:\/\/turijnmagazijn.nl\/wp-content\/uploads\/2021\/02\/turijnmagazijnlogo.png","width":555,"height":270,"caption":"Turijnmagazijn"},"image":{"@id":"https:\/\/turijnmagazijn.jumpstone-dev.nl\/#\/schema\/logo\/image\/"},"sameAs":["https:\/\/www.facebook.com\/turijnmagazijn"]}]}},"_links":{"self":[{"href":"https:\/\/turijnmagazijn.nl\/fr\/wp-json\/wp\/v2\/product\/98414","targetHints":{"allow":["GET"]}}],"collection":[{"href":"https:\/\/turijnmagazijn.nl\/fr\/wp-json\/wp\/v2\/product"}],"about":[{"href":"https:\/\/turijnmagazijn.nl\/fr\/wp-json\/wp\/v2\/types\/product"}],"replies":[{"embeddable":true,"href":"https:\/\/turijnmagazijn.nl\/fr\/wp-json\/wp\/v2\/comments?post=98414"}],"wp:featuredmedia":[{"embeddable":true,"href":"https:\/\/turijnmagazijn.nl\/fr\/wp-json\/wp\/v2\/media\/94171"}],"wp:attachment":[{"href":"https:\/\/turijnmagazijn.nl\/fr\/wp-json\/wp\/v2\/media?parent=98414"}],"wp:term":[{"taxonomy":"product_brand","embeddable":true,"href":"https:\/\/turijnmagazijn.nl\/fr\/wp-json\/wp\/v2\/product_brand?post=98414"},{"taxonomy":"product_cat","embeddable":true,"href":"https:\/\/turijnmagazijn.nl\/fr\/wp-json\/wp\/v2\/product_cat?post=98414"},{"taxonomy":"product_tag","embeddable":true,"href":"https:\/\/turijnmagazijn.nl\/fr\/wp-json\/wp\/v2\/product_tag?post=98414"}],"curies":[{"name":"wp","href":"https:\/\/api.w.org\/{rel}","templated":true}]}}