{"id":60190,"date":"2023-03-10T08:47:05","date_gmt":"2023-03-10T07:47:05","guid":{"rendered":"https:\/\/turijnmagazijn.nl\/i-nostri-partner\/"},"modified":"2023-03-27T12:16:30","modified_gmt":"2023-03-27T10:16:30","slug":"i-nostri-partner","status":"publish","type":"page","link":"https:\/\/turijnmagazijn.nl\/it\/i-nostri-partner\/","title":{"rendered":"I nostri partner"},"content":{"rendered":"\t\t<div data-elementor-type=\"wp-page\" data-elementor-id=\"60190\" class=\"elementor elementor-60190 elementor-16364\" data-elementor-post-type=\"page\">\n\t\t\t\t\t\t<section class=\"elementor-section elementor-top-section elementor-element elementor-element-0e5fe27 elementor-section-boxed elementor-section-height-default elementor-section-height-default\" data-id=\"0e5fe27\" data-element_type=\"section\" data-e-type=\"section\" data-settings=\"{&quot;jet_parallax_layout_list&quot;:[]}\">\n\t\t\t\t\t\t<div class=\"elementor-container elementor-column-gap-no\">\n\t\t\t\t\t<div class=\"elementor-column elementor-col-100 elementor-top-column elementor-element elementor-element-3b9ce76\" data-id=\"3b9ce76\" data-element_type=\"column\" data-e-type=\"column\">\n\t\t\t<div class=\"elementor-widget-wrap elementor-element-populated\">\n\t\t\t\t\t\t<div class=\"elementor-element elementor-element-6f26e8f elementor-widget elementor-widget-heading\" data-id=\"6f26e8f\" data-element_type=\"widget\" data-e-type=\"widget\" data-widget_type=\"heading.default\">\n\t\t\t\t<div class=\"elementor-widget-container\">\n\t\t\t\t\t<h1 class=\"elementor-heading-title elementor-size-default\">I nostri partner<\/h1>\t\t\t\t<\/div>\n\t\t\t\t<\/div>\n\t\t\t\t<div class=\"elementor-element elementor-element-6cbd58c elementor-widget elementor-widget-text-editor\" data-id=\"6cbd58c\" data-element_type=\"widget\" data-e-type=\"widget\" data-widget_type=\"text-editor.default\">\n\t\t\t\t<div class=\"elementor-widget-container\">\n\t\t\t\t\t\t\t\t\t<p>Siamo orgogliosi di lavorare con i seguenti partner:<\/p>\n\t\t\t\t\t\t\t\t<\/div>\n\t\t\t\t<\/div>\n\t\t\t\t<section class=\"elementor-section elementor-inner-section elementor-element elementor-element-6d2cf33 elementor-reverse-mobile elementor-section-boxed elementor-section-height-default elementor-section-height-default\" data-id=\"6d2cf33\" data-element_type=\"section\" data-e-type=\"section\" data-settings=\"{&quot;jet_parallax_layout_list&quot;:[]}\">\n\t\t\t\t\t\t<div class=\"elementor-container elementor-column-gap-no\">\n\t\t\t\t\t<div class=\"elementor-column elementor-col-50 elementor-inner-column elementor-element elementor-element-6b18dac\" data-id=\"6b18dac\" data-element_type=\"column\" data-e-type=\"column\">\n\t\t\t<div class=\"elementor-widget-wrap elementor-element-populated\">\n\t\t\t\t\t\t<div class=\"elementor-element elementor-element-654cc4d elementor-widget elementor-widget-text-editor\" data-id=\"654cc4d\" data-element_type=\"widget\" data-e-type=\"widget\" data-widget_type=\"text-editor.default\">\n\t\t\t\t<div class=\"elementor-widget-container\">\n\t\t\t\t\t\t\t\t\t<p>Autoservice Steven Nijenhuis \u00e8 un&#8217;officina universale che offre ancora la qualit\u00e0 antica di un meccanico d&#8217;officina che lavora e parla con il cliente. Molti proprietari di auto a Zutphen ora sanno come trovare Steven Nijenhuis per tutti i tipi di manutenzione, pneumatici per auto e cos\u00ec via, ma c&#8217;\u00e8 anche chiaramente un gruppo di appassionati di auto nella base di clienti che apprezzano il livello di cura e attenzione personale che Autoservice Steven Nijenhuis \u00e8 noto per. Dai un&#8217;occhiata al <a href=\"http:\/\/autoservicenijenhuis.nl\/index.php\" target=\"_blank\" rel=\"noreferrer noopener\">sito web<\/a> per informazioni generali o vai direttamente al <a href=\"http:\/\/autoservicenijenhuis.nl\/Webshop\/Banden_winkel.php\" target=\"_blank\" rel=\"noreferrer noopener\">negozio web di pneumatici<\/a> per un&#8217;idea della gamma di pneumatici.<\/p>\n<p>Autoservice Steven Nijenhuis \u00e8 un partner di assemblaggio per Delenkorf, quasi tutte le parti possono essere assemblate in consultazione. Se lo desideri, le spese di spedizione saranno esentate e consegneremo le nostre parti in loco nel giorno di montaggio concordato. Contattare sempre Delenkorf in anticipo via e-mail.<\/p>\n<p><strong>Autoservice Steven Nijenhuis<\/strong><br \/>Mercuriusweg 2<br \/>7202 BS Zutphen<br \/>Tel: 0575-775569<br \/>E-mail: <a href=\"http:\/\/mailto:info@autoservicenijenhuis.nl%20\/\" target=\"_blank\" rel=\"noreferrer noopener\">info@autoservicenijenhuis.nl <\/a> <\/p>\n\t\t\t\t\t\t\t\t<\/div>\n\t\t\t\t<\/div>\n\t\t\t\t\t<\/div>\n\t\t<\/div>\n\t\t\t\t<div class=\"elementor-column elementor-col-50 elementor-inner-column elementor-element elementor-element-ae80931\" data-id=\"ae80931\" data-element_type=\"column\" data-e-type=\"column\">\n\t\t\t<div class=\"elementor-widget-wrap elementor-element-populated\">\n\t\t\t\t\t\t<div class=\"elementor-element elementor-element-7a9e64b elementor-widget elementor-widget-image\" data-id=\"7a9e64b\" data-element_type=\"widget\" data-e-type=\"widget\" data-widget_type=\"image.default\">\n\t\t\t\t<div class=\"elementor-widget-container\">\n\t\t\t\t\t\t\t\t\t\t\t\t\t\t\t<img fetchpriority=\"high\" decoding=\"async\" width=\"603\" height=\"123\" src=\"https:\/\/turijnmagazijn.nl\/wp-content\/uploads\/2023\/03\/partner-autoservice-steven-nijenhuis.png\" class=\"attachment-large size-large wp-image-58313\" alt=\"\" srcset=\"https:\/\/turijnmagazijn.nl\/wp-content\/uploads\/2023\/03\/partner-autoservice-steven-nijenhuis.png 603w, https:\/\/turijnmagazijn.nl\/wp-content\/uploads\/2023\/03\/partner-autoservice-steven-nijenhuis-300x61.png 300w, https:\/\/turijnmagazijn.nl\/wp-content\/uploads\/2023\/03\/partner-autoservice-steven-nijenhuis-600x122.png 600w\" sizes=\"(max-width: 603px) 100vw, 603px\" \/>\t\t\t\t\t\t\t\t\t\t\t\t\t\t\t<\/div>\n\t\t\t\t<\/div>\n\t\t\t\t\t<\/div>\n\t\t<\/div>\n\t\t\t\t\t<\/div>\n\t\t<\/section>\n\t\t\t\t<section class=\"elementor-section elementor-inner-section elementor-element elementor-element-2070b39 elementor-section-boxed elementor-section-height-default elementor-section-height-default\" data-id=\"2070b39\" data-element_type=\"section\" data-e-type=\"section\" data-settings=\"{&quot;jet_parallax_layout_list&quot;:[]}\">\n\t\t\t\t\t\t<div class=\"elementor-container elementor-column-gap-no\">\n\t\t\t\t\t<div class=\"elementor-column elementor-col-50 elementor-inner-column elementor-element elementor-element-e93dafa\" data-id=\"e93dafa\" data-element_type=\"column\" data-e-type=\"column\">\n\t\t\t<div class=\"elementor-widget-wrap elementor-element-populated\">\n\t\t\t\t\t\t<div class=\"elementor-element elementor-element-86f50ab elementor-widget elementor-widget-image\" data-id=\"86f50ab\" data-element_type=\"widget\" data-e-type=\"widget\" data-widget_type=\"image.default\">\n\t\t\t\t<div class=\"elementor-widget-container\">\n\t\t\t\t\t\t\t\t\t\t\t\t\t\t\t<img decoding=\"async\" width=\"453\" height=\"51\" src=\"https:\/\/turijnmagazijn.nl\/wp-content\/uploads\/2023\/03\/partner-arendse-autos.png\" class=\"attachment-large size-large wp-image-58317\" alt=\"\" srcset=\"https:\/\/turijnmagazijn.nl\/wp-content\/uploads\/2023\/03\/partner-arendse-autos.png 453w, https:\/\/turijnmagazijn.nl\/wp-content\/uploads\/2023\/03\/partner-arendse-autos-300x34.png 300w\" sizes=\"(max-width: 453px) 100vw, 453px\" \/>\t\t\t\t\t\t\t\t\t\t\t\t\t\t\t<\/div>\n\t\t\t\t<\/div>\n\t\t\t\t\t<\/div>\n\t\t<\/div>\n\t\t\t\t<div class=\"elementor-column elementor-col-50 elementor-inner-column elementor-element elementor-element-0b1cba2\" data-id=\"0b1cba2\" data-element_type=\"column\" data-e-type=\"column\">\n\t\t\t<div class=\"elementor-widget-wrap elementor-element-populated\">\n\t\t\t\t\t\t<div class=\"elementor-element elementor-element-37cf9c3 elementor-widget elementor-widget-text-editor\" data-id=\"37cf9c3\" data-element_type=\"widget\" data-e-type=\"widget\" data-widget_type=\"text-editor.default\">\n\t\t\t\t<div class=\"elementor-widget-container\">\n\t\t\t\t\t\t\t\t\t<p>Arendse Auto \u00e8 impegnata nella manutenzione e vendita di tutti i modelli Lancia recenti, anche i proprietari di Fiat e Alfa Romeo fanno parte del gruppo target. Arendse ha 25 anni di esperienza nel campo Lancia, e sa gestire egregiamente i modelli Lybra, Ypsilon, Thesis, Phedra e Musa. Tuttavia, la specialit\u00e0 di Arendse \u00e8 la Lancia Kappa e in particolare la Lancia Kappa Coup\u00e9. Di questo speciale ed esclusivo modello (l&#8217;ultima Lancia costruita artigianalmente con soli 3200 esemplari prodotti), Arendse dispone sempre di un&#8217;ampia scelta di auto usate di eccezionale qualit\u00e0. Dai un&#8217;occhiata al sito <a href=\"http:\/\/arendseauto.nl\/\" target=\"_blank\" rel=\"noreferrer noopener\">web di Arendse auto<\/a> dove viene offerta anche un&#8217;ampia selezione di miniature.<\/p>\n<p><strong>Arendse Auto\u2019s Lancia Specialist<\/strong><br \/>\u2018t Holland 47<br \/>6921 GX DUIVEN<br \/>T 0316 \u2013 261541<br \/>E-mail: <a href=\"mailto:info@arendseauto.nl?subject=reactie%20op%20website\">info@arendseauto.nl<\/a><\/p>\n\t\t\t\t\t\t\t\t<\/div>\n\t\t\t\t<\/div>\n\t\t\t\t\t<\/div>\n\t\t<\/div>\n\t\t\t\t\t<\/div>\n\t\t<\/section>\n\t\t\t\t<section class=\"elementor-section elementor-inner-section elementor-element elementor-element-dbf564f elementor-reverse-mobile elementor-section-boxed elementor-section-height-default elementor-section-height-default\" data-id=\"dbf564f\" data-element_type=\"section\" data-e-type=\"section\" data-settings=\"{&quot;jet_parallax_layout_list&quot;:[]}\">\n\t\t\t\t\t\t<div class=\"elementor-container elementor-column-gap-no\">\n\t\t\t\t\t<div class=\"elementor-column elementor-col-50 elementor-inner-column elementor-element elementor-element-c20a921\" data-id=\"c20a921\" data-element_type=\"column\" data-e-type=\"column\">\n\t\t\t<div class=\"elementor-widget-wrap elementor-element-populated\">\n\t\t\t\t\t\t<div class=\"elementor-element elementor-element-74ccc0d elementor-widget elementor-widget-text-editor\" data-id=\"74ccc0d\" data-element_type=\"widget\" data-e-type=\"widget\" data-widget_type=\"text-editor.default\">\n\t\t\t\t<div class=\"elementor-widget-container\">\n\t\t\t\t\t\t\t\t\t<p>Autosklep24 \u00e8 un negozio online in Polonia specializzato nella vendita di ricambi auto nuovi di marchi automobilistici italiani. Hanno anche una gamma di pezzi usati, anche per Lancia Kappa. Se stai cercando qualcosa di specifico che non riesci a trovare sulla nostra pagina, assicurati di dare un&#8217;occhiata alla loro pagina web. Spediscono anche nei Paesi Bassi e parlano un inglese eccellente. La loro offerta pu\u00f2 essere trovata sul <a href=\"https:\/\/www.autosklep24.pl\/pl\/searchquery\/model\/1\/full\/5\/model_75-79\/1?currency=EUR&amp;fbclid=IwAR1km-zBNGnbTMDYKOH1SZM3ey4njM1bpjeUOuy6bs-CYjSN_M5gMd0IwjA\" target=\"_blank\" rel=\"noreferrer noopener\">sito web di autosklep24<\/a>. <\/p>\n<p><strong>Autosklep24.pl<br \/><\/strong>ul. Gen Pu\u0142askiego 3<br \/>95-200 PABIANICE<br \/>Polonia<br \/>T +790 278 664 792 465 368 <br \/>E-mail: <a href=\"mailto:sklep@autosklep24.pl\" target=\"_blank\" rel=\"noreferrer noopener\">sklep@autosklep24.pl<\/a><\/p>\n\t\t\t\t\t\t\t\t<\/div>\n\t\t\t\t<\/div>\n\t\t\t\t\t<\/div>\n\t\t<\/div>\n\t\t\t\t<div class=\"elementor-column elementor-col-50 elementor-inner-column elementor-element elementor-element-5e380dd\" data-id=\"5e380dd\" data-element_type=\"column\" data-e-type=\"column\">\n\t\t\t<div class=\"elementor-widget-wrap elementor-element-populated\">\n\t\t\t\t\t\t<div class=\"elementor-element elementor-element-4795fed elementor-widget elementor-widget-image\" data-id=\"4795fed\" data-element_type=\"widget\" data-e-type=\"widget\" data-widget_type=\"image.default\">\n\t\t\t\t<div class=\"elementor-widget-container\">\n\t\t\t\t\t\t\t\t\t\t\t\t\t\t\t<img decoding=\"async\" width=\"490\" height=\"90\" src=\"https:\/\/turijnmagazijn.nl\/wp-content\/uploads\/2023\/03\/partner-autosklep24.jpeg\" class=\"attachment-large size-large wp-image-58321\" alt=\"\" srcset=\"https:\/\/turijnmagazijn.nl\/wp-content\/uploads\/2023\/03\/partner-autosklep24.jpeg 490w, https:\/\/turijnmagazijn.nl\/wp-content\/uploads\/2023\/03\/partner-autosklep24-300x55.jpeg 300w\" sizes=\"(max-width: 490px) 100vw, 490px\" \/>\t\t\t\t\t\t\t\t\t\t\t\t\t\t\t<\/div>\n\t\t\t\t<\/div>\n\t\t\t\t\t<\/div>\n\t\t<\/div>\n\t\t\t\t\t<\/div>\n\t\t<\/section>\n\t\t\t\t\t<\/div>\n\t\t<\/div>\n\t\t\t\t\t<\/div>\n\t\t<\/section>\n\t\t\t\t<\/div>\n\t\t","protected":false},"excerpt":{"rendered":"<p>Siamo orgogliosi di lavorare con i seguenti partner: Autoservice Steven Nijenhuis \u00e8 un&#8217;officina universale che offre ancora la qualit\u00e0 antica di un meccanico d&#8217;officina che lavora e parla con il cliente. Molti proprietari di auto a Zutphen ora sanno come trovare Steven Nijenhuis per tutti i tipi di manutenzione, pneumatici per auto e cos\u00ec via, [&hellip;]<\/p>\n","protected":false},"author":1,"featured_media":0,"parent":0,"menu_order":0,"comment_status":"closed","ping_status":"closed","template":"","meta":{"_acf_changed":false,"footnotes":""},"class_list":["post-60190","page","type-page","status-publish","hentry"],"acf":[],"yoast_head":"<!-- This site is optimized with the Yoast SEO plugin v27.3 - https:\/\/yoast.com\/product\/yoast-seo-wordpress\/ -->\n<title>I nostri partner - Turijnmagazijn<\/title>\n<meta name=\"robots\" content=\"index, follow, max-snippet:-1, max-image-preview:large, max-video-preview:-1\" \/>\n<link rel=\"canonical\" href=\"https:\/\/turijnmagazijn.nl\/it\/i-nostri-partner\/\" \/>\n<meta property=\"og:locale\" content=\"it_IT\" \/>\n<meta property=\"og:type\" content=\"article\" \/>\n<meta property=\"og:title\" content=\"I nostri partner - Turijnmagazijn\" \/>\n<meta property=\"og:description\" content=\"Siamo orgogliosi di lavorare con i seguenti partner: Autoservice Steven Nijenhuis \u00e8 un&#8217;officina universale che offre ancora la qualit\u00e0 antica di un meccanico d&#8217;officina che lavora e parla con il cliente. Molti proprietari di auto a Zutphen ora sanno come trovare Steven Nijenhuis per tutti i tipi di manutenzione, pneumatici per auto e cos\u00ec via, [&hellip;]\" \/>\n<meta property=\"og:url\" content=\"https:\/\/turijnmagazijn.nl\/it\/i-nostri-partner\/\" \/>\n<meta property=\"og:site_name\" content=\"Turijnmagazijn\" \/>\n<meta property=\"article:publisher\" content=\"https:\/\/www.facebook.com\/turijnmagazijn\" \/>\n<meta property=\"article:modified_time\" content=\"2023-03-27T10:16:30+00:00\" \/>\n<meta property=\"og:image\" content=\"https:\/\/turijnmagazijn.jumpstone-dev.nl\/wp-content\/uploads\/2023\/03\/partner-autoservice-steven-nijenhuis.png\" \/>\n<meta name=\"twitter:card\" content=\"summary_large_image\" \/>\n<meta name=\"twitter:label1\" content=\"Tempo di lettura stimato\" \/>\n\t<meta name=\"twitter:data1\" content=\"2 minuti\" \/>\n<script type=\"application\/ld+json\" class=\"yoast-schema-graph\">{\"@context\":\"https:\\\/\\\/schema.org\",\"@graph\":[{\"@type\":\"WebPage\",\"@id\":\"https:\\\/\\\/turijnmagazijn.nl\\\/it\\\/i-nostri-partner\\\/\",\"url\":\"https:\\\/\\\/turijnmagazijn.nl\\\/it\\\/i-nostri-partner\\\/\",\"name\":\"I nostri partner - Turijnmagazijn\",\"isPartOf\":{\"@id\":\"https:\\\/\\\/turijnmagazijn.jumpstone-dev.nl\\\/#website\"},\"primaryImageOfPage\":{\"@id\":\"https:\\\/\\\/turijnmagazijn.nl\\\/it\\\/i-nostri-partner\\\/#primaryimage\"},\"image\":{\"@id\":\"https:\\\/\\\/turijnmagazijn.nl\\\/it\\\/i-nostri-partner\\\/#primaryimage\"},\"thumbnailUrl\":\"https:\\\/\\\/turijnmagazijn.nl\\\/wp-content\\\/uploads\\\/2023\\\/03\\\/partner-autoservice-steven-nijenhuis.png\",\"datePublished\":\"2023-03-10T07:47:05+00:00\",\"dateModified\":\"2023-03-27T10:16:30+00:00\",\"breadcrumb\":{\"@id\":\"https:\\\/\\\/turijnmagazijn.nl\\\/it\\\/i-nostri-partner\\\/#breadcrumb\"},\"inLanguage\":\"it-IT\",\"potentialAction\":[{\"@type\":\"ReadAction\",\"target\":[\"https:\\\/\\\/turijnmagazijn.nl\\\/it\\\/i-nostri-partner\\\/\"]}]},{\"@type\":\"ImageObject\",\"inLanguage\":\"it-IT\",\"@id\":\"https:\\\/\\\/turijnmagazijn.nl\\\/it\\\/i-nostri-partner\\\/#primaryimage\",\"url\":\"https:\\\/\\\/turijnmagazijn.nl\\\/wp-content\\\/uploads\\\/2023\\\/03\\\/partner-autoservice-steven-nijenhuis.png\",\"contentUrl\":\"https:\\\/\\\/turijnmagazijn.nl\\\/wp-content\\\/uploads\\\/2023\\\/03\\\/partner-autoservice-steven-nijenhuis.png\"},{\"@type\":\"BreadcrumbList\",\"@id\":\"https:\\\/\\\/turijnmagazijn.nl\\\/it\\\/i-nostri-partner\\\/#breadcrumb\",\"itemListElement\":[{\"@type\":\"ListItem\",\"position\":1,\"name\":\"Home\",\"item\":\"https:\\\/\\\/turijnmagazijn.nl\\\/it\\\/\"},{\"@type\":\"ListItem\",\"position\":2,\"name\":\"I nostri partner\"}]},{\"@type\":\"WebSite\",\"@id\":\"https:\\\/\\\/turijnmagazijn.jumpstone-dev.nl\\\/#website\",\"url\":\"https:\\\/\\\/turijnmagazijn.jumpstone-dev.nl\\\/\",\"name\":\"Turijnmagazijn\",\"description\":\"Onderdelen nieuw en gebruikt - Fiat &amp; Lancia\",\"publisher\":{\"@id\":\"https:\\\/\\\/turijnmagazijn.jumpstone-dev.nl\\\/#organization\"},\"potentialAction\":[{\"@type\":\"SearchAction\",\"target\":{\"@type\":\"EntryPoint\",\"urlTemplate\":\"https:\\\/\\\/turijnmagazijn.jumpstone-dev.nl\\\/?s={search_term_string}\"},\"query-input\":{\"@type\":\"PropertyValueSpecification\",\"valueRequired\":true,\"valueName\":\"search_term_string\"}}],\"inLanguage\":\"it-IT\"},{\"@type\":\"Organization\",\"@id\":\"https:\\\/\\\/turijnmagazijn.jumpstone-dev.nl\\\/#organization\",\"name\":\"Turijnmagazijn\",\"url\":\"https:\\\/\\\/turijnmagazijn.jumpstone-dev.nl\\\/\",\"logo\":{\"@type\":\"ImageObject\",\"inLanguage\":\"it-IT\",\"@id\":\"https:\\\/\\\/turijnmagazijn.jumpstone-dev.nl\\\/#\\\/schema\\\/logo\\\/image\\\/\",\"url\":\"https:\\\/\\\/turijnmagazijn.nl\\\/wp-content\\\/uploads\\\/2021\\\/02\\\/turijnmagazijnlogo.png\",\"contentUrl\":\"https:\\\/\\\/turijnmagazijn.nl\\\/wp-content\\\/uploads\\\/2021\\\/02\\\/turijnmagazijnlogo.png\",\"width\":555,\"height\":270,\"caption\":\"Turijnmagazijn\"},\"image\":{\"@id\":\"https:\\\/\\\/turijnmagazijn.jumpstone-dev.nl\\\/#\\\/schema\\\/logo\\\/image\\\/\"},\"sameAs\":[\"https:\\\/\\\/www.facebook.com\\\/turijnmagazijn\"]}]}<\/script>\n<!-- \/ Yoast SEO plugin. -->","yoast_head_json":{"title":"I nostri partner - Turijnmagazijn","robots":{"index":"index","follow":"follow","max-snippet":"max-snippet:-1","max-image-preview":"max-image-preview:large","max-video-preview":"max-video-preview:-1"},"canonical":"https:\/\/turijnmagazijn.nl\/it\/i-nostri-partner\/","og_locale":"it_IT","og_type":"article","og_title":"I nostri partner - Turijnmagazijn","og_description":"Siamo orgogliosi di lavorare con i seguenti partner: Autoservice Steven Nijenhuis \u00e8 un&#8217;officina universale che offre ancora la qualit\u00e0 antica di un meccanico d&#8217;officina che lavora e parla con il cliente. Molti proprietari di auto a Zutphen ora sanno come trovare Steven Nijenhuis per tutti i tipi di manutenzione, pneumatici per auto e cos\u00ec via, [&hellip;]","og_url":"https:\/\/turijnmagazijn.nl\/it\/i-nostri-partner\/","og_site_name":"Turijnmagazijn","article_publisher":"https:\/\/www.facebook.com\/turijnmagazijn","article_modified_time":"2023-03-27T10:16:30+00:00","og_image":[{"url":"https:\/\/turijnmagazijn.jumpstone-dev.nl\/wp-content\/uploads\/2023\/03\/partner-autoservice-steven-nijenhuis.png","type":"","width":"","height":""}],"twitter_card":"summary_large_image","twitter_misc":{"Tempo di lettura stimato":"2 minuti"},"schema":{"@context":"https:\/\/schema.org","@graph":[{"@type":"WebPage","@id":"https:\/\/turijnmagazijn.nl\/it\/i-nostri-partner\/","url":"https:\/\/turijnmagazijn.nl\/it\/i-nostri-partner\/","name":"I nostri partner - Turijnmagazijn","isPartOf":{"@id":"https:\/\/turijnmagazijn.jumpstone-dev.nl\/#website"},"primaryImageOfPage":{"@id":"https:\/\/turijnmagazijn.nl\/it\/i-nostri-partner\/#primaryimage"},"image":{"@id":"https:\/\/turijnmagazijn.nl\/it\/i-nostri-partner\/#primaryimage"},"thumbnailUrl":"https:\/\/turijnmagazijn.nl\/wp-content\/uploads\/2023\/03\/partner-autoservice-steven-nijenhuis.png","datePublished":"2023-03-10T07:47:05+00:00","dateModified":"2023-03-27T10:16:30+00:00","breadcrumb":{"@id":"https:\/\/turijnmagazijn.nl\/it\/i-nostri-partner\/#breadcrumb"},"inLanguage":"it-IT","potentialAction":[{"@type":"ReadAction","target":["https:\/\/turijnmagazijn.nl\/it\/i-nostri-partner\/"]}]},{"@type":"ImageObject","inLanguage":"it-IT","@id":"https:\/\/turijnmagazijn.nl\/it\/i-nostri-partner\/#primaryimage","url":"https:\/\/turijnmagazijn.nl\/wp-content\/uploads\/2023\/03\/partner-autoservice-steven-nijenhuis.png","contentUrl":"https:\/\/turijnmagazijn.nl\/wp-content\/uploads\/2023\/03\/partner-autoservice-steven-nijenhuis.png"},{"@type":"BreadcrumbList","@id":"https:\/\/turijnmagazijn.nl\/it\/i-nostri-partner\/#breadcrumb","itemListElement":[{"@type":"ListItem","position":1,"name":"Home","item":"https:\/\/turijnmagazijn.nl\/it\/"},{"@type":"ListItem","position":2,"name":"I nostri partner"}]},{"@type":"WebSite","@id":"https:\/\/turijnmagazijn.jumpstone-dev.nl\/#website","url":"https:\/\/turijnmagazijn.jumpstone-dev.nl\/","name":"Turijnmagazijn","description":"Onderdelen nieuw en gebruikt - Fiat &amp; Lancia","publisher":{"@id":"https:\/\/turijnmagazijn.jumpstone-dev.nl\/#organization"},"potentialAction":[{"@type":"SearchAction","target":{"@type":"EntryPoint","urlTemplate":"https:\/\/turijnmagazijn.jumpstone-dev.nl\/?s={search_term_string}"},"query-input":{"@type":"PropertyValueSpecification","valueRequired":true,"valueName":"search_term_string"}}],"inLanguage":"it-IT"},{"@type":"Organization","@id":"https:\/\/turijnmagazijn.jumpstone-dev.nl\/#organization","name":"Turijnmagazijn","url":"https:\/\/turijnmagazijn.jumpstone-dev.nl\/","logo":{"@type":"ImageObject","inLanguage":"it-IT","@id":"https:\/\/turijnmagazijn.jumpstone-dev.nl\/#\/schema\/logo\/image\/","url":"https:\/\/turijnmagazijn.nl\/wp-content\/uploads\/2021\/02\/turijnmagazijnlogo.png","contentUrl":"https:\/\/turijnmagazijn.nl\/wp-content\/uploads\/2021\/02\/turijnmagazijnlogo.png","width":555,"height":270,"caption":"Turijnmagazijn"},"image":{"@id":"https:\/\/turijnmagazijn.jumpstone-dev.nl\/#\/schema\/logo\/image\/"},"sameAs":["https:\/\/www.facebook.com\/turijnmagazijn"]}]}},"_links":{"self":[{"href":"https:\/\/turijnmagazijn.nl\/it\/wp-json\/wp\/v2\/pages\/60190","targetHints":{"allow":["GET"]}}],"collection":[{"href":"https:\/\/turijnmagazijn.nl\/it\/wp-json\/wp\/v2\/pages"}],"about":[{"href":"https:\/\/turijnmagazijn.nl\/it\/wp-json\/wp\/v2\/types\/page"}],"author":[{"embeddable":true,"href":"https:\/\/turijnmagazijn.nl\/it\/wp-json\/wp\/v2\/users\/1"}],"replies":[{"embeddable":true,"href":"https:\/\/turijnmagazijn.nl\/it\/wp-json\/wp\/v2\/comments?post=60190"}],"version-history":[{"count":0,"href":"https:\/\/turijnmagazijn.nl\/it\/wp-json\/wp\/v2\/pages\/60190\/revisions"}],"wp:attachment":[{"href":"https:\/\/turijnmagazijn.nl\/it\/wp-json\/wp\/v2\/media?parent=60190"}],"curies":[{"name":"wp","href":"https:\/\/api.w.org\/{rel}","templated":true}]}}