{"id":60196,"date":"2023-03-10T14:04:49","date_gmt":"2023-03-10T13:04:49","guid":{"rendered":"https:\/\/turijnmagazijn.nl\/riparazione-logo-elefante-lancia-ypsilon\/"},"modified":"2023-03-27T12:23:11","modified_gmt":"2023-03-27T10:23:11","slug":"riparazione-logo-elefante-lancia-ypsilon","status":"publish","type":"page","link":"https:\/\/turijnmagazijn.nl\/it\/riparazione-logo-elefante-lancia-ypsilon\/","title":{"rendered":"Riparazione logo elefante Lancia Ypsilon"},"content":{"rendered":"\t\t<div data-elementor-type=\"wp-page\" data-elementor-id=\"60196\" class=\"elementor elementor-60196 elementor-16496\" data-elementor-post-type=\"page\">\n\t\t\t\t\t\t<section class=\"elementor-section elementor-top-section elementor-element elementor-element-bc89b5c elementor-section-boxed elementor-section-height-default elementor-section-height-default\" data-id=\"bc89b5c\" data-element_type=\"section\" data-e-type=\"section\" data-settings=\"{&quot;jet_parallax_layout_list&quot;:[]}\">\n\t\t\t\t\t\t<div class=\"elementor-container elementor-column-gap-no\">\n\t\t\t\t\t<div class=\"elementor-column elementor-col-100 elementor-top-column elementor-element elementor-element-1870836\" data-id=\"1870836\" data-element_type=\"column\" data-e-type=\"column\">\n\t\t\t<div class=\"elementor-widget-wrap elementor-element-populated\">\n\t\t\t\t\t\t<div class=\"elementor-element elementor-element-ce8ae1f elementor-widget elementor-widget-heading\" data-id=\"ce8ae1f\" data-element_type=\"widget\" data-e-type=\"widget\" data-widget_type=\"heading.default\">\n\t\t\t\t<div class=\"elementor-widget-container\">\n\t\t\t\t\t<h1 class=\"elementor-heading-title elementor-size-default\">Riparazione logo elefante Lancia Ypsilon<\/h1>\t\t\t\t<\/div>\n\t\t\t\t<\/div>\n\t\t\t\t<div class=\"elementor-element elementor-element-57e7390 elementor-widget elementor-widget-text-editor\" data-id=\"57e7390\" data-element_type=\"widget\" data-e-type=\"widget\" data-widget_type=\"text-editor.default\">\n\t\t\t\t<div class=\"elementor-widget-container\">\n\t\t\t\t\t\t\t\t\t<p>La Lancia Ypsilon codice telaio 840 con anni di costruzione tra il 1995 e il 2000 ha un Elefantino Rosso (rosso) e un Elefantino Blu (blu). Queste versioni sono dotate di un elefante blu o rosso sul montante B sui fianchi. Come molti degli stemmi Lancia, questo tipo di logo soffre di agenti atmosferici e alla fine l&#8217;acqua entra tra il contorno cromato con piastra posteriore e la parte colorata all&#8217;interno.<\/p>\n<p>Abbiamo sviluppato una bella soluzione sia per la versione rossa che per quella blu insieme a 1 dei nostri fornitori. La parte di riparazione \u00e8 un elefante rosso o blu che si adatta esattamente al profilo cromato originale.<\/p>\n<p>Quindi mantieni il vecchio logo, rimuovi tutti i residui della vecchia parte colorata e assicurati che la superficie della parte cromata sia priva di irregolarit\u00e0 e completamente pulita e priva di grasso. Quindi la parte di riparazione pu\u00f2 essere semplicemente incollata nella rientranza come un adesivo.<\/p>\n<p>La parte di ricambio \u00e8 prodotta con una tecnica diversa e risentir\u00e0 molto meno degli agenti atmosferici causati dal sole o dall&#8217;acqua. In questo modo il logo durer\u00e0 per anni e avr\u00e0 il suo vecchio aspetto!<\/p>\n\t\t\t\t\t\t\t\t<\/div>\n\t\t\t\t<\/div>\n\t\t\t\t<div class=\"elementor-element elementor-element-ce833d2 elementor-widget elementor-widget-gallery\" data-id=\"ce833d2\" data-element_type=\"widget\" data-e-type=\"widget\" data-settings=\"{&quot;columns_tablet&quot;:4,&quot;columns_mobile&quot;:2,&quot;gap&quot;:{&quot;unit&quot;:&quot;px&quot;,&quot;size&quot;:20,&quot;sizes&quot;:[]},&quot;aspect_ratio&quot;:&quot;1:1&quot;,&quot;gallery_layout&quot;:&quot;grid&quot;,&quot;columns&quot;:4,&quot;gap_tablet&quot;:{&quot;unit&quot;:&quot;px&quot;,&quot;size&quot;:10,&quot;sizes&quot;:[]},&quot;gap_mobile&quot;:{&quot;unit&quot;:&quot;px&quot;,&quot;size&quot;:10,&quot;sizes&quot;:[]},&quot;link_to&quot;:&quot;file&quot;,&quot;overlay_background&quot;:&quot;yes&quot;,&quot;content_hover_animation&quot;:&quot;fade-in&quot;}\" data-widget_type=\"gallery.default\">\n\t\t\t\t<div class=\"elementor-widget-container\">\n\t\t\t\t\t\t\t<div class=\"elementor-gallery__container\">\n\t\t\t\t\t\t\t<a class=\"e-gallery-item elementor-gallery-item elementor-animated-content\" href=\"https:\/\/turijnmagazijn.nl\/wp-content\/uploads\/2023\/03\/olifant-logo-reparatie-1.jpeg\" data-elementor-open-lightbox=\"yes\" data-elementor-lightbox-slideshow=\"ce833d2\" data-e-action-hash=\"#elementor-action%3Aaction%3Dlightbox%26settings%3DeyJpZCI6MTY0OTgsInVybCI6Imh0dHBzOlwvXC90dXJpam5tYWdhemlqbi5ubFwvd3AtY29udGVudFwvdXBsb2Fkc1wvMjAyM1wvMDNcL29saWZhbnQtbG9nby1yZXBhcmF0aWUtMS5qcGVnIiwic2xpZGVzaG93IjoiY2U4MzNkMiJ9\">\n\t\t\t\t\t<div class=\"e-gallery-image elementor-gallery-item__image\" data-thumbnail=\"https:\/\/turijnmagazijn.nl\/wp-content\/uploads\/2023\/03\/olifant-logo-reparatie-1.jpeg\" data-width=\"600\" data-height=\"450\" aria-label=\"\" role=\"img\" ><\/div>\n\t\t\t\t\t\t\t\t\t\t\t<div class=\"elementor-gallery-item__overlay\"><\/div>\n\t\t\t\t\t\t\t\t\t\t\t\t\t\t<\/a>\n\t\t\t\t\t\t\t<a class=\"e-gallery-item elementor-gallery-item elementor-animated-content\" href=\"https:\/\/turijnmagazijn.nl\/wp-content\/uploads\/2023\/03\/olifant-logo-reparatie-2.jpeg\" data-elementor-open-lightbox=\"yes\" data-elementor-lightbox-slideshow=\"ce833d2\" data-e-action-hash=\"#elementor-action%3Aaction%3Dlightbox%26settings%3DeyJpZCI6MTY0OTksInVybCI6Imh0dHBzOlwvXC90dXJpam5tYWdhemlqbi5ubFwvd3AtY29udGVudFwvdXBsb2Fkc1wvMjAyM1wvMDNcL29saWZhbnQtbG9nby1yZXBhcmF0aWUtMi5qcGVnIiwic2xpZGVzaG93IjoiY2U4MzNkMiJ9\">\n\t\t\t\t\t<div class=\"e-gallery-image elementor-gallery-item__image\" data-thumbnail=\"https:\/\/turijnmagazijn.nl\/wp-content\/uploads\/2023\/03\/olifant-logo-reparatie-2.jpeg\" data-width=\"600\" data-height=\"338\" aria-label=\"\" role=\"img\" ><\/div>\n\t\t\t\t\t\t\t\t\t\t\t<div class=\"elementor-gallery-item__overlay\"><\/div>\n\t\t\t\t\t\t\t\t\t\t\t\t\t\t<\/a>\n\t\t\t\t\t\t\t<a class=\"e-gallery-item elementor-gallery-item elementor-animated-content\" href=\"https:\/\/turijnmagazijn.nl\/wp-content\/uploads\/2023\/03\/olifant-logo-reparatie-3.jpeg\" data-elementor-open-lightbox=\"yes\" data-elementor-lightbox-slideshow=\"ce833d2\" data-e-action-hash=\"#elementor-action%3Aaction%3Dlightbox%26settings%3DeyJpZCI6MTY1MDAsInVybCI6Imh0dHBzOlwvXC90dXJpam5tYWdhemlqbi5ubFwvd3AtY29udGVudFwvdXBsb2Fkc1wvMjAyM1wvMDNcL29saWZhbnQtbG9nby1yZXBhcmF0aWUtMy5qcGVnIiwic2xpZGVzaG93IjoiY2U4MzNkMiJ9\">\n\t\t\t\t\t<div class=\"e-gallery-image elementor-gallery-item__image\" data-thumbnail=\"https:\/\/turijnmagazijn.nl\/wp-content\/uploads\/2023\/03\/olifant-logo-reparatie-3.jpeg\" data-width=\"600\" data-height=\"386\" aria-label=\"\" role=\"img\" ><\/div>\n\t\t\t\t\t\t\t\t\t\t\t<div class=\"elementor-gallery-item__overlay\"><\/div>\n\t\t\t\t\t\t\t\t\t\t\t\t\t\t<\/a>\n\t\t\t\t\t\t\t<a class=\"e-gallery-item elementor-gallery-item elementor-animated-content\" href=\"https:\/\/turijnmagazijn.nl\/wp-content\/uploads\/2023\/03\/olifant-logo-reparatie-4.jpeg\" data-elementor-open-lightbox=\"yes\" data-elementor-lightbox-slideshow=\"ce833d2\" data-e-action-hash=\"#elementor-action%3Aaction%3Dlightbox%26settings%3DeyJpZCI6MTY1MDEsInVybCI6Imh0dHBzOlwvXC90dXJpam5tYWdhemlqbi5ubFwvd3AtY29udGVudFwvdXBsb2Fkc1wvMjAyM1wvMDNcL29saWZhbnQtbG9nby1yZXBhcmF0aWUtNC5qcGVnIiwic2xpZGVzaG93IjoiY2U4MzNkMiJ9\">\n\t\t\t\t\t<div class=\"e-gallery-image elementor-gallery-item__image\" data-thumbnail=\"https:\/\/turijnmagazijn.nl\/wp-content\/uploads\/2023\/03\/olifant-logo-reparatie-4.jpeg\" data-width=\"600\" data-height=\"450\" aria-label=\"\" role=\"img\" ><\/div>\n\t\t\t\t\t\t\t\t\t\t\t<div class=\"elementor-gallery-item__overlay\"><\/div>\n\t\t\t\t\t\t\t\t\t\t\t\t\t\t<\/a>\n\t\t\t\t\t<\/div>\n\t\t\t\t\t<\/div>\n\t\t\t\t<\/div>\n\t\t\t\t\t<\/div>\n\t\t<\/div>\n\t\t\t\t\t<\/div>\n\t\t<\/section>\n\t\t\t\t<\/div>\n\t\t","protected":false},"excerpt":{"rendered":"<p>La Lancia Ypsilon codice telaio 840 con anni di costruzione tra il 1995 e il 2000 ha un Elefantino Rosso (rosso) e un Elefantino Blu (blu). Queste versioni sono dotate di un elefante blu o rosso sul montante B sui fianchi. Come molti degli stemmi Lancia, questo tipo di logo soffre di agenti atmosferici e [&hellip;]<\/p>\n","protected":false},"author":1,"featured_media":0,"parent":0,"menu_order":0,"comment_status":"closed","ping_status":"closed","template":"","meta":{"_acf_changed":false,"footnotes":""},"class_list":["post-60196","page","type-page","status-publish","hentry"],"acf":[],"yoast_head":"<!-- This site is optimized with the Yoast SEO plugin v27.3 - https:\/\/yoast.com\/product\/yoast-seo-wordpress\/ -->\n<title>Riparazione logo elefante Lancia Ypsilon - Turijnmagazijn<\/title>\n<meta name=\"robots\" content=\"index, follow, max-snippet:-1, max-image-preview:large, max-video-preview:-1\" \/>\n<link rel=\"canonical\" href=\"https:\/\/turijnmagazijn.nl\/it\/riparazione-logo-elefante-lancia-ypsilon\/\" \/>\n<meta property=\"og:locale\" content=\"it_IT\" \/>\n<meta property=\"og:type\" content=\"article\" \/>\n<meta property=\"og:title\" content=\"Riparazione logo elefante Lancia Ypsilon - Turijnmagazijn\" \/>\n<meta property=\"og:description\" content=\"La Lancia Ypsilon codice telaio 840 con anni di costruzione tra il 1995 e il 2000 ha un Elefantino Rosso (rosso) e un Elefantino Blu (blu). Queste versioni sono dotate di un elefante blu o rosso sul montante B sui fianchi. Come molti degli stemmi Lancia, questo tipo di logo soffre di agenti atmosferici e [&hellip;]\" \/>\n<meta property=\"og:url\" content=\"https:\/\/turijnmagazijn.nl\/it\/riparazione-logo-elefante-lancia-ypsilon\/\" \/>\n<meta property=\"og:site_name\" content=\"Turijnmagazijn\" \/>\n<meta property=\"article:publisher\" content=\"https:\/\/www.facebook.com\/turijnmagazijn\" \/>\n<meta property=\"article:modified_time\" content=\"2023-03-27T10:23:11+00:00\" \/>\n<meta name=\"twitter:card\" content=\"summary_large_image\" \/>\n<meta name=\"twitter:label1\" content=\"Tempo di lettura stimato\" \/>\n\t<meta name=\"twitter:data1\" content=\"1 minuto\" \/>\n<script type=\"application\/ld+json\" class=\"yoast-schema-graph\">{\"@context\":\"https:\\\/\\\/schema.org\",\"@graph\":[{\"@type\":\"WebPage\",\"@id\":\"https:\\\/\\\/turijnmagazijn.nl\\\/it\\\/riparazione-logo-elefante-lancia-ypsilon\\\/\",\"url\":\"https:\\\/\\\/turijnmagazijn.nl\\\/it\\\/riparazione-logo-elefante-lancia-ypsilon\\\/\",\"name\":\"Riparazione logo elefante Lancia Ypsilon - Turijnmagazijn\",\"isPartOf\":{\"@id\":\"https:\\\/\\\/turijnmagazijn.jumpstone-dev.nl\\\/#website\"},\"datePublished\":\"2023-03-10T13:04:49+00:00\",\"dateModified\":\"2023-03-27T10:23:11+00:00\",\"breadcrumb\":{\"@id\":\"https:\\\/\\\/turijnmagazijn.nl\\\/it\\\/riparazione-logo-elefante-lancia-ypsilon\\\/#breadcrumb\"},\"inLanguage\":\"it-IT\",\"potentialAction\":[{\"@type\":\"ReadAction\",\"target\":[\"https:\\\/\\\/turijnmagazijn.nl\\\/it\\\/riparazione-logo-elefante-lancia-ypsilon\\\/\"]}]},{\"@type\":\"BreadcrumbList\",\"@id\":\"https:\\\/\\\/turijnmagazijn.nl\\\/it\\\/riparazione-logo-elefante-lancia-ypsilon\\\/#breadcrumb\",\"itemListElement\":[{\"@type\":\"ListItem\",\"position\":1,\"name\":\"Home\",\"item\":\"https:\\\/\\\/turijnmagazijn.nl\\\/it\\\/\"},{\"@type\":\"ListItem\",\"position\":2,\"name\":\"Riparazione logo elefante Lancia Ypsilon\"}]},{\"@type\":\"WebSite\",\"@id\":\"https:\\\/\\\/turijnmagazijn.jumpstone-dev.nl\\\/#website\",\"url\":\"https:\\\/\\\/turijnmagazijn.jumpstone-dev.nl\\\/\",\"name\":\"Turijnmagazijn\",\"description\":\"Onderdelen nieuw en gebruikt - Fiat &amp; Lancia\",\"publisher\":{\"@id\":\"https:\\\/\\\/turijnmagazijn.jumpstone-dev.nl\\\/#organization\"},\"potentialAction\":[{\"@type\":\"SearchAction\",\"target\":{\"@type\":\"EntryPoint\",\"urlTemplate\":\"https:\\\/\\\/turijnmagazijn.jumpstone-dev.nl\\\/?s={search_term_string}\"},\"query-input\":{\"@type\":\"PropertyValueSpecification\",\"valueRequired\":true,\"valueName\":\"search_term_string\"}}],\"inLanguage\":\"it-IT\"},{\"@type\":\"Organization\",\"@id\":\"https:\\\/\\\/turijnmagazijn.jumpstone-dev.nl\\\/#organization\",\"name\":\"Turijnmagazijn\",\"url\":\"https:\\\/\\\/turijnmagazijn.jumpstone-dev.nl\\\/\",\"logo\":{\"@type\":\"ImageObject\",\"inLanguage\":\"it-IT\",\"@id\":\"https:\\\/\\\/turijnmagazijn.jumpstone-dev.nl\\\/#\\\/schema\\\/logo\\\/image\\\/\",\"url\":\"https:\\\/\\\/turijnmagazijn.nl\\\/wp-content\\\/uploads\\\/2021\\\/02\\\/turijnmagazijnlogo.png\",\"contentUrl\":\"https:\\\/\\\/turijnmagazijn.nl\\\/wp-content\\\/uploads\\\/2021\\\/02\\\/turijnmagazijnlogo.png\",\"width\":555,\"height\":270,\"caption\":\"Turijnmagazijn\"},\"image\":{\"@id\":\"https:\\\/\\\/turijnmagazijn.jumpstone-dev.nl\\\/#\\\/schema\\\/logo\\\/image\\\/\"},\"sameAs\":[\"https:\\\/\\\/www.facebook.com\\\/turijnmagazijn\"]}]}<\/script>\n<!-- \/ Yoast SEO plugin. -->","yoast_head_json":{"title":"Riparazione logo elefante Lancia Ypsilon - Turijnmagazijn","robots":{"index":"index","follow":"follow","max-snippet":"max-snippet:-1","max-image-preview":"max-image-preview:large","max-video-preview":"max-video-preview:-1"},"canonical":"https:\/\/turijnmagazijn.nl\/it\/riparazione-logo-elefante-lancia-ypsilon\/","og_locale":"it_IT","og_type":"article","og_title":"Riparazione logo elefante Lancia Ypsilon - Turijnmagazijn","og_description":"La Lancia Ypsilon codice telaio 840 con anni di costruzione tra il 1995 e il 2000 ha un Elefantino Rosso (rosso) e un Elefantino Blu (blu). Queste versioni sono dotate di un elefante blu o rosso sul montante B sui fianchi. Come molti degli stemmi Lancia, questo tipo di logo soffre di agenti atmosferici e [&hellip;]","og_url":"https:\/\/turijnmagazijn.nl\/it\/riparazione-logo-elefante-lancia-ypsilon\/","og_site_name":"Turijnmagazijn","article_publisher":"https:\/\/www.facebook.com\/turijnmagazijn","article_modified_time":"2023-03-27T10:23:11+00:00","twitter_card":"summary_large_image","twitter_misc":{"Tempo di lettura stimato":"1 minuto"},"schema":{"@context":"https:\/\/schema.org","@graph":[{"@type":"WebPage","@id":"https:\/\/turijnmagazijn.nl\/it\/riparazione-logo-elefante-lancia-ypsilon\/","url":"https:\/\/turijnmagazijn.nl\/it\/riparazione-logo-elefante-lancia-ypsilon\/","name":"Riparazione logo elefante Lancia Ypsilon - Turijnmagazijn","isPartOf":{"@id":"https:\/\/turijnmagazijn.jumpstone-dev.nl\/#website"},"datePublished":"2023-03-10T13:04:49+00:00","dateModified":"2023-03-27T10:23:11+00:00","breadcrumb":{"@id":"https:\/\/turijnmagazijn.nl\/it\/riparazione-logo-elefante-lancia-ypsilon\/#breadcrumb"},"inLanguage":"it-IT","potentialAction":[{"@type":"ReadAction","target":["https:\/\/turijnmagazijn.nl\/it\/riparazione-logo-elefante-lancia-ypsilon\/"]}]},{"@type":"BreadcrumbList","@id":"https:\/\/turijnmagazijn.nl\/it\/riparazione-logo-elefante-lancia-ypsilon\/#breadcrumb","itemListElement":[{"@type":"ListItem","position":1,"name":"Home","item":"https:\/\/turijnmagazijn.nl\/it\/"},{"@type":"ListItem","position":2,"name":"Riparazione logo elefante Lancia Ypsilon"}]},{"@type":"WebSite","@id":"https:\/\/turijnmagazijn.jumpstone-dev.nl\/#website","url":"https:\/\/turijnmagazijn.jumpstone-dev.nl\/","name":"Turijnmagazijn","description":"Onderdelen nieuw en gebruikt - Fiat &amp; Lancia","publisher":{"@id":"https:\/\/turijnmagazijn.jumpstone-dev.nl\/#organization"},"potentialAction":[{"@type":"SearchAction","target":{"@type":"EntryPoint","urlTemplate":"https:\/\/turijnmagazijn.jumpstone-dev.nl\/?s={search_term_string}"},"query-input":{"@type":"PropertyValueSpecification","valueRequired":true,"valueName":"search_term_string"}}],"inLanguage":"it-IT"},{"@type":"Organization","@id":"https:\/\/turijnmagazijn.jumpstone-dev.nl\/#organization","name":"Turijnmagazijn","url":"https:\/\/turijnmagazijn.jumpstone-dev.nl\/","logo":{"@type":"ImageObject","inLanguage":"it-IT","@id":"https:\/\/turijnmagazijn.jumpstone-dev.nl\/#\/schema\/logo\/image\/","url":"https:\/\/turijnmagazijn.nl\/wp-content\/uploads\/2021\/02\/turijnmagazijnlogo.png","contentUrl":"https:\/\/turijnmagazijn.nl\/wp-content\/uploads\/2021\/02\/turijnmagazijnlogo.png","width":555,"height":270,"caption":"Turijnmagazijn"},"image":{"@id":"https:\/\/turijnmagazijn.jumpstone-dev.nl\/#\/schema\/logo\/image\/"},"sameAs":["https:\/\/www.facebook.com\/turijnmagazijn"]}]}},"_links":{"self":[{"href":"https:\/\/turijnmagazijn.nl\/it\/wp-json\/wp\/v2\/pages\/60196","targetHints":{"allow":["GET"]}}],"collection":[{"href":"https:\/\/turijnmagazijn.nl\/it\/wp-json\/wp\/v2\/pages"}],"about":[{"href":"https:\/\/turijnmagazijn.nl\/it\/wp-json\/wp\/v2\/types\/page"}],"author":[{"embeddable":true,"href":"https:\/\/turijnmagazijn.nl\/it\/wp-json\/wp\/v2\/users\/1"}],"replies":[{"embeddable":true,"href":"https:\/\/turijnmagazijn.nl\/it\/wp-json\/wp\/v2\/comments?post=60196"}],"version-history":[{"count":0,"href":"https:\/\/turijnmagazijn.nl\/it\/wp-json\/wp\/v2\/pages\/60196\/revisions"}],"wp:attachment":[{"href":"https:\/\/turijnmagazijn.nl\/it\/wp-json\/wp\/v2\/media?parent=60196"}],"curies":[{"name":"wp","href":"https:\/\/api.w.org\/{rel}","templated":true}]}}