{"id":60198,"date":"2023-03-10T13:57:11","date_gmt":"2023-03-10T12:57:11","guid":{"rendered":"https:\/\/turijnmagazijn.nl\/riparazione-leva-cambio-lancia-kappa\/"},"modified":"2023-03-27T12:26:30","modified_gmt":"2023-03-27T10:26:30","slug":"riparazione-leva-cambio-lancia-kappa","status":"publish","type":"page","link":"https:\/\/turijnmagazijn.nl\/it\/riparazione-leva-cambio-lancia-kappa\/","title":{"rendered":"Riparazione leva cambio Lancia Kappa"},"content":{"rendered":"\t\t<div data-elementor-type=\"wp-page\" data-elementor-id=\"60198\" class=\"elementor elementor-60198 elementor-16487\" data-elementor-post-type=\"page\">\n\t\t\t\t\t\t<section class=\"elementor-section elementor-top-section elementor-element elementor-element-9b9fadd elementor-section-boxed elementor-section-height-default elementor-section-height-default\" data-id=\"9b9fadd\" data-element_type=\"section\" data-e-type=\"section\" data-settings=\"{&quot;jet_parallax_layout_list&quot;:[]}\">\n\t\t\t\t\t\t<div class=\"elementor-container elementor-column-gap-no\">\n\t\t\t\t\t<div class=\"elementor-column elementor-col-100 elementor-top-column elementor-element elementor-element-2bb7047\" data-id=\"2bb7047\" data-element_type=\"column\" data-e-type=\"column\">\n\t\t\t<div class=\"elementor-widget-wrap elementor-element-populated\">\n\t\t\t\t\t\t<div class=\"elementor-element elementor-element-e4486d5 elementor-widget elementor-widget-heading\" data-id=\"e4486d5\" data-element_type=\"widget\" data-e-type=\"widget\" data-widget_type=\"heading.default\">\n\t\t\t\t<div class=\"elementor-widget-container\">\n\t\t\t\t\t<h1 class=\"elementor-heading-title elementor-size-default\">Riparazione leva cambio Lancia Kappa<\/h1>\t\t\t\t<\/div>\n\t\t\t\t<\/div>\n\t\t\t\t<div class=\"elementor-element elementor-element-d9edf80 elementor-widget elementor-widget-text-editor\" data-id=\"d9edf80\" data-element_type=\"widget\" data-e-type=\"widget\" data-widget_type=\"text-editor.default\">\n\t\t\t\t<div class=\"elementor-widget-container\">\n\t\t\t\t\t\t\t\t\t<p>In diverse versioni della Lancia Kappa, la leva del cambio \u00e8 rivestita in pelle. Nel corso degli anni, l&#8217;impressione in rilievo del motivo del cambio svanisce, oppure le cuciture della pelle si allentano e la parte in pelle si separa dalla leva del cambio.<\/p>\n<p>Uno dei nostri partner ha sviluppato un&#8217;ottima soluzione per risolvere questo problema.<\/p>\n<p>Per inciso, non solo per la Lancia Kappa, ma anche per diverse altre vetture FCA che soffrono dello stesso problema. Ad esempio, sul nostro sito troverai un pomello del cambio di ricambio con rivestimento in pelle o Alcantara per:<\/p>\n<ul>\n<li>Fiat Coup\u00e9<\/li>\n<li>Alfa Romeo 166<\/li>\n<li>Alfa Romeo GTV (codice telaio 916)<\/li>\n<li>Alfa Romeo Spider (codice telaio 916)<\/li>\n<\/ul>\n<p>Un manuale di montaggio per questi prodotti \u00e8 disponibile di seguito:<\/p>\n<p id=\"tw-target-text\" class=\"tw-data-text tw-text-large tw-ta\" dir=\"ltr\" data-placeholder=\"Vertaling\"><strong><span class=\"Y2IQFc\" lang=\"nl\">Metodo di installazione (modelli down gear)<\/span><\/strong><\/p>\n<ol>\n<li dir=\"ltr\" data-placeholder=\"Vertaling\">Disinnestare il brevetto della gonna del cambio ed estrarlo completamente dalla leva del cambio.<\/li>\n<li dir=\"ltr\" data-placeholder=\"Vertaling\">Estrarre il pulsante di commutazione precedente. \u00c8 molto importante non ruotare il pomello del cambio durante la rimozione o l&#8217;installazione, poich\u00e9 ci\u00f2 potrebbe danneggiarlo!<\/li>\n<li dir=\"ltr\" data-placeholder=\"Vertaling\">L&#8217;estremit\u00e0 dell&#8217;asta ha un bordo sporgente, che determina la posizione del pomello del cambio e regola il design interno del pomello del cambio<br \/>su questo. Di solito il pomello del cambio non \u00e8 incollato all&#8217;asta, quindi \u00e8 sufficiente tirare il precedente verso l&#8217;alto con forza sufficiente.<br \/>Se hai problemi a rimuovere il pulsante precedente, potresti essere in grado di creare una forchetta dal basso (usando le pinze, ad esempio) e colpire questa forcella (pinze) verso l&#8217;alto per far uscire il pulsante di spostamento.<\/li>\n<li dir=\"ltr\" data-placeholder=\"Vertaling\">Assicurati che il pomello del cambio sia nella direzione corretta. Allo stesso modo, spingi il nuovo pomello del cambio sull&#8217;asta nella direzione corretta. Lo sentirai in posizione quando scatta in posizione. Evitare l&#8217;uso di attrezzi o un martello durante il montaggio in quanto ci\u00f2 potrebbe danneggiare il pulsante.<\/li>\n<li dir=\"ltr\" data-placeholder=\"Vertaling\">Quando il nuovo pulsante dell&#8217;interruttore \u00e8 in posizione, tirare indietro la parte superiore dell&#8217;interruttore e riattaccare il brevetto nell&#8217;apposito incavo nella parte inferiore del pulsante.<\/li>\n<\/ol>\n<p><strong>Metodo di installazione &#8211; Modelli invertiti pull-up<\/strong><\/p>\n<ol>\n<li>Estrarre il precedente pomello del cambio e rimuovere eventuali residui di adesivo dallo stick del cambio. L&#8217;estremit\u00e0 dell&#8217;asta ha una superficie scanalata verticalmente. Il diametro dell&#8217;asta \u00e8 di 10 mm. Se hai problemi a rimuovere il pulsante precedente, potresti essere in grado di creare una forchetta dal basso (usando le pinze, ad esempio) e colpire questa forcella (pinze) verso l&#8217;alto per far uscire il pulsante di spostamento. <br \/><strong>Nota:<\/strong> sotto la leva del cambio \u00e8 presente una piccola molla elicoidale che garantisce il corretto funzionamento del sistema di trazione. Assicurati di rimetterlo in posizione prima di montare il nuovo pomello del cambio!<\/li>\n<li>Anche la superficie di connessione del nuovo pulsante \u00e8 scanalata all&#8217;interno e realizzata in materiale flessibile. Rivestire leggermente entrambe le superfici con un adesivo flessibile (ad es. Palmatex, adesivo per plastica UHU, ecc.)<\/li>\n<li>Posizionare la manopola del cambio sullo stick e assicurarsi che la manopola del cambio sia nella direzione corretta. <strong>\u00c8 molto importante non ruotare il pomello del cambio durante la rimozione o l&#8217;installazione, poich\u00e9 ci\u00f2 potrebbe danneggiarlo! Spingere il pomello del cambio verso il basso con grande forza e spingerlo verso il basso fino a quando non si ferma. Evitare inoltre di utilizzare attrezzi o un martello durante il montaggio in quanto ci\u00f2 potrebbe danneggiare il pulsante.<\/strong><\/li>\n<\/ol>\n\t\t\t\t\t\t\t\t<\/div>\n\t\t\t\t<\/div>\n\t\t\t\t<div class=\"elementor-element elementor-element-297e39f elementor-widget elementor-widget-gallery\" data-id=\"297e39f\" data-element_type=\"widget\" data-e-type=\"widget\" data-settings=\"{&quot;columns&quot;:3,&quot;columns_tablet&quot;:3,&quot;columns_mobile&quot;:3,&quot;gap&quot;:{&quot;unit&quot;:&quot;px&quot;,&quot;size&quot;:20,&quot;sizes&quot;:[]},&quot;aspect_ratio&quot;:&quot;1:1&quot;,&quot;gallery_layout&quot;:&quot;grid&quot;,&quot;gap_tablet&quot;:{&quot;unit&quot;:&quot;px&quot;,&quot;size&quot;:10,&quot;sizes&quot;:[]},&quot;gap_mobile&quot;:{&quot;unit&quot;:&quot;px&quot;,&quot;size&quot;:10,&quot;sizes&quot;:[]},&quot;link_to&quot;:&quot;file&quot;,&quot;overlay_background&quot;:&quot;yes&quot;,&quot;content_hover_animation&quot;:&quot;fade-in&quot;}\" data-widget_type=\"gallery.default\">\n\t\t\t\t<div class=\"elementor-widget-container\">\n\t\t\t\t\t\t\t<div class=\"elementor-gallery__container\">\n\t\t\t\t\t\t\t<a class=\"e-gallery-item elementor-gallery-item elementor-animated-content\" href=\"https:\/\/turijnmagazijn.nl\/wp-content\/uploads\/2023\/03\/versnellingspook-1.jpeg\" data-elementor-open-lightbox=\"yes\" data-elementor-lightbox-slideshow=\"297e39f\" data-e-action-hash=\"#elementor-action%3Aaction%3Dlightbox%26settings%3DeyJpZCI6MTY0ODksInVybCI6Imh0dHBzOlwvXC90dXJpam5tYWdhemlqbi5ubFwvd3AtY29udGVudFwvdXBsb2Fkc1wvMjAyM1wvMDNcL3ZlcnNuZWxsaW5nc3Bvb2stMS5qcGVnIiwic2xpZGVzaG93IjoiMjk3ZTM5ZiJ9\">\n\t\t\t\t\t<div class=\"e-gallery-image elementor-gallery-item__image\" data-thumbnail=\"https:\/\/turijnmagazijn.nl\/wp-content\/uploads\/2023\/03\/versnellingspook-1.jpeg\" data-width=\"800\" data-height=\"450\" aria-label=\"\" role=\"img\" ><\/div>\n\t\t\t\t\t\t\t\t\t\t\t<div class=\"elementor-gallery-item__overlay\"><\/div>\n\t\t\t\t\t\t\t\t\t\t\t\t\t\t<\/a>\n\t\t\t\t\t\t\t<a class=\"e-gallery-item elementor-gallery-item elementor-animated-content\" href=\"https:\/\/turijnmagazijn.nl\/wp-content\/uploads\/2023\/03\/versnellingspook-2.png\" data-elementor-open-lightbox=\"yes\" data-elementor-lightbox-slideshow=\"297e39f\" data-e-action-hash=\"#elementor-action%3Aaction%3Dlightbox%26settings%3DeyJpZCI6MTY0OTAsInVybCI6Imh0dHBzOlwvXC90dXJpam5tYWdhemlqbi5ubFwvd3AtY29udGVudFwvdXBsb2Fkc1wvMjAyM1wvMDNcL3ZlcnNuZWxsaW5nc3Bvb2stMi5wbmciLCJzbGlkZXNob3ciOiIyOTdlMzlmIn0%3D\">\n\t\t\t\t\t<div class=\"e-gallery-image elementor-gallery-item__image\" data-thumbnail=\"https:\/\/turijnmagazijn.nl\/wp-content\/uploads\/2023\/03\/versnellingspook-2.png\" data-width=\"291\" data-height=\"300\" aria-label=\"\" role=\"img\" ><\/div>\n\t\t\t\t\t\t\t\t\t\t\t<div class=\"elementor-gallery-item__overlay\"><\/div>\n\t\t\t\t\t\t\t\t\t\t\t\t\t\t<\/a>\n\t\t\t\t\t\t\t<a class=\"e-gallery-item elementor-gallery-item elementor-animated-content\" href=\"https:\/\/turijnmagazijn.nl\/wp-content\/uploads\/2023\/03\/versnellingspook-3.png\" data-elementor-open-lightbox=\"yes\" data-elementor-lightbox-slideshow=\"297e39f\" data-e-action-hash=\"#elementor-action%3Aaction%3Dlightbox%26settings%3DeyJpZCI6MTY0OTEsInVybCI6Imh0dHBzOlwvXC90dXJpam5tYWdhemlqbi5ubFwvd3AtY29udGVudFwvdXBsb2Fkc1wvMjAyM1wvMDNcL3ZlcnNuZWxsaW5nc3Bvb2stMy5wbmciLCJzbGlkZXNob3ciOiIyOTdlMzlmIn0%3D\">\n\t\t\t\t\t<div class=\"e-gallery-image elementor-gallery-item__image\" data-thumbnail=\"https:\/\/turijnmagazijn.nl\/wp-content\/uploads\/2023\/03\/versnellingspook-3.png\" data-width=\"292\" data-height=\"300\" aria-label=\"\" role=\"img\" ><\/div>\n\t\t\t\t\t\t\t\t\t\t\t<div class=\"elementor-gallery-item__overlay\"><\/div>\n\t\t\t\t\t\t\t\t\t\t\t\t\t\t<\/a>\n\t\t\t\t\t<\/div>\n\t\t\t\t\t<\/div>\n\t\t\t\t<\/div>\n\t\t\t\t\t<\/div>\n\t\t<\/div>\n\t\t\t\t\t<\/div>\n\t\t<\/section>\n\t\t\t\t<\/div>\n\t\t","protected":false},"excerpt":{"rendered":"<p>In diverse versioni della Lancia Kappa, la leva del cambio \u00e8 rivestita in pelle. Nel corso degli anni, l&#8217;impressione in rilievo del motivo del cambio svanisce, oppure le cuciture della pelle si allentano e la parte in pelle si separa dalla leva del cambio. Uno dei nostri partner ha sviluppato un&#8217;ottima soluzione per risolvere questo [&hellip;]<\/p>\n","protected":false},"author":1,"featured_media":0,"parent":0,"menu_order":0,"comment_status":"closed","ping_status":"closed","template":"","meta":{"_acf_changed":false,"footnotes":""},"class_list":["post-60198","page","type-page","status-publish","hentry"],"acf":[],"yoast_head":"<!-- This site is optimized with the Yoast SEO plugin v27.3 - https:\/\/yoast.com\/product\/yoast-seo-wordpress\/ -->\n<title>Riparazione leva cambio Lancia Kappa - Turijnmagazijn<\/title>\n<meta name=\"robots\" content=\"index, follow, max-snippet:-1, max-image-preview:large, max-video-preview:-1\" \/>\n<link rel=\"canonical\" href=\"https:\/\/turijnmagazijn.nl\/it\/riparazione-leva-cambio-lancia-kappa\/\" \/>\n<meta property=\"og:locale\" content=\"it_IT\" \/>\n<meta property=\"og:type\" content=\"article\" \/>\n<meta property=\"og:title\" content=\"Riparazione leva cambio Lancia Kappa - Turijnmagazijn\" \/>\n<meta property=\"og:description\" content=\"In diverse versioni della Lancia Kappa, la leva del cambio \u00e8 rivestita in pelle. Nel corso degli anni, l&#8217;impressione in rilievo del motivo del cambio svanisce, oppure le cuciture della pelle si allentano e la parte in pelle si separa dalla leva del cambio. Uno dei nostri partner ha sviluppato un&#8217;ottima soluzione per risolvere questo [&hellip;]\" \/>\n<meta property=\"og:url\" content=\"https:\/\/turijnmagazijn.nl\/it\/riparazione-leva-cambio-lancia-kappa\/\" \/>\n<meta property=\"og:site_name\" content=\"Turijnmagazijn\" \/>\n<meta property=\"article:publisher\" content=\"https:\/\/www.facebook.com\/turijnmagazijn\" \/>\n<meta property=\"article:modified_time\" content=\"2023-03-27T10:26:30+00:00\" \/>\n<meta name=\"twitter:card\" content=\"summary_large_image\" \/>\n<meta name=\"twitter:label1\" content=\"Tempo di lettura stimato\" \/>\n\t<meta name=\"twitter:data1\" content=\"3 minuti\" \/>\n<script type=\"application\/ld+json\" class=\"yoast-schema-graph\">{\"@context\":\"https:\\\/\\\/schema.org\",\"@graph\":[{\"@type\":\"WebPage\",\"@id\":\"https:\\\/\\\/turijnmagazijn.nl\\\/it\\\/riparazione-leva-cambio-lancia-kappa\\\/\",\"url\":\"https:\\\/\\\/turijnmagazijn.nl\\\/it\\\/riparazione-leva-cambio-lancia-kappa\\\/\",\"name\":\"Riparazione leva cambio Lancia Kappa - Turijnmagazijn\",\"isPartOf\":{\"@id\":\"https:\\\/\\\/turijnmagazijn.jumpstone-dev.nl\\\/#website\"},\"datePublished\":\"2023-03-10T12:57:11+00:00\",\"dateModified\":\"2023-03-27T10:26:30+00:00\",\"breadcrumb\":{\"@id\":\"https:\\\/\\\/turijnmagazijn.nl\\\/it\\\/riparazione-leva-cambio-lancia-kappa\\\/#breadcrumb\"},\"inLanguage\":\"it-IT\",\"potentialAction\":[{\"@type\":\"ReadAction\",\"target\":[\"https:\\\/\\\/turijnmagazijn.nl\\\/it\\\/riparazione-leva-cambio-lancia-kappa\\\/\"]}]},{\"@type\":\"BreadcrumbList\",\"@id\":\"https:\\\/\\\/turijnmagazijn.nl\\\/it\\\/riparazione-leva-cambio-lancia-kappa\\\/#breadcrumb\",\"itemListElement\":[{\"@type\":\"ListItem\",\"position\":1,\"name\":\"Home\",\"item\":\"https:\\\/\\\/turijnmagazijn.nl\\\/it\\\/\"},{\"@type\":\"ListItem\",\"position\":2,\"name\":\"Riparazione leva cambio Lancia Kappa\"}]},{\"@type\":\"WebSite\",\"@id\":\"https:\\\/\\\/turijnmagazijn.jumpstone-dev.nl\\\/#website\",\"url\":\"https:\\\/\\\/turijnmagazijn.jumpstone-dev.nl\\\/\",\"name\":\"Turijnmagazijn\",\"description\":\"Onderdelen nieuw en gebruikt - Fiat &amp; Lancia\",\"publisher\":{\"@id\":\"https:\\\/\\\/turijnmagazijn.jumpstone-dev.nl\\\/#organization\"},\"potentialAction\":[{\"@type\":\"SearchAction\",\"target\":{\"@type\":\"EntryPoint\",\"urlTemplate\":\"https:\\\/\\\/turijnmagazijn.jumpstone-dev.nl\\\/?s={search_term_string}\"},\"query-input\":{\"@type\":\"PropertyValueSpecification\",\"valueRequired\":true,\"valueName\":\"search_term_string\"}}],\"inLanguage\":\"it-IT\"},{\"@type\":\"Organization\",\"@id\":\"https:\\\/\\\/turijnmagazijn.jumpstone-dev.nl\\\/#organization\",\"name\":\"Turijnmagazijn\",\"url\":\"https:\\\/\\\/turijnmagazijn.jumpstone-dev.nl\\\/\",\"logo\":{\"@type\":\"ImageObject\",\"inLanguage\":\"it-IT\",\"@id\":\"https:\\\/\\\/turijnmagazijn.jumpstone-dev.nl\\\/#\\\/schema\\\/logo\\\/image\\\/\",\"url\":\"https:\\\/\\\/turijnmagazijn.nl\\\/wp-content\\\/uploads\\\/2021\\\/02\\\/turijnmagazijnlogo.png\",\"contentUrl\":\"https:\\\/\\\/turijnmagazijn.nl\\\/wp-content\\\/uploads\\\/2021\\\/02\\\/turijnmagazijnlogo.png\",\"width\":555,\"height\":270,\"caption\":\"Turijnmagazijn\"},\"image\":{\"@id\":\"https:\\\/\\\/turijnmagazijn.jumpstone-dev.nl\\\/#\\\/schema\\\/logo\\\/image\\\/\"},\"sameAs\":[\"https:\\\/\\\/www.facebook.com\\\/turijnmagazijn\"]}]}<\/script>\n<!-- \/ Yoast SEO plugin. -->","yoast_head_json":{"title":"Riparazione leva cambio Lancia Kappa - Turijnmagazijn","robots":{"index":"index","follow":"follow","max-snippet":"max-snippet:-1","max-image-preview":"max-image-preview:large","max-video-preview":"max-video-preview:-1"},"canonical":"https:\/\/turijnmagazijn.nl\/it\/riparazione-leva-cambio-lancia-kappa\/","og_locale":"it_IT","og_type":"article","og_title":"Riparazione leva cambio Lancia Kappa - Turijnmagazijn","og_description":"In diverse versioni della Lancia Kappa, la leva del cambio \u00e8 rivestita in pelle. Nel corso degli anni, l&#8217;impressione in rilievo del motivo del cambio svanisce, oppure le cuciture della pelle si allentano e la parte in pelle si separa dalla leva del cambio. Uno dei nostri partner ha sviluppato un&#8217;ottima soluzione per risolvere questo [&hellip;]","og_url":"https:\/\/turijnmagazijn.nl\/it\/riparazione-leva-cambio-lancia-kappa\/","og_site_name":"Turijnmagazijn","article_publisher":"https:\/\/www.facebook.com\/turijnmagazijn","article_modified_time":"2023-03-27T10:26:30+00:00","twitter_card":"summary_large_image","twitter_misc":{"Tempo di lettura stimato":"3 minuti"},"schema":{"@context":"https:\/\/schema.org","@graph":[{"@type":"WebPage","@id":"https:\/\/turijnmagazijn.nl\/it\/riparazione-leva-cambio-lancia-kappa\/","url":"https:\/\/turijnmagazijn.nl\/it\/riparazione-leva-cambio-lancia-kappa\/","name":"Riparazione leva cambio Lancia Kappa - Turijnmagazijn","isPartOf":{"@id":"https:\/\/turijnmagazijn.jumpstone-dev.nl\/#website"},"datePublished":"2023-03-10T12:57:11+00:00","dateModified":"2023-03-27T10:26:30+00:00","breadcrumb":{"@id":"https:\/\/turijnmagazijn.nl\/it\/riparazione-leva-cambio-lancia-kappa\/#breadcrumb"},"inLanguage":"it-IT","potentialAction":[{"@type":"ReadAction","target":["https:\/\/turijnmagazijn.nl\/it\/riparazione-leva-cambio-lancia-kappa\/"]}]},{"@type":"BreadcrumbList","@id":"https:\/\/turijnmagazijn.nl\/it\/riparazione-leva-cambio-lancia-kappa\/#breadcrumb","itemListElement":[{"@type":"ListItem","position":1,"name":"Home","item":"https:\/\/turijnmagazijn.nl\/it\/"},{"@type":"ListItem","position":2,"name":"Riparazione leva cambio Lancia Kappa"}]},{"@type":"WebSite","@id":"https:\/\/turijnmagazijn.jumpstone-dev.nl\/#website","url":"https:\/\/turijnmagazijn.jumpstone-dev.nl\/","name":"Turijnmagazijn","description":"Onderdelen nieuw en gebruikt - Fiat &amp; Lancia","publisher":{"@id":"https:\/\/turijnmagazijn.jumpstone-dev.nl\/#organization"},"potentialAction":[{"@type":"SearchAction","target":{"@type":"EntryPoint","urlTemplate":"https:\/\/turijnmagazijn.jumpstone-dev.nl\/?s={search_term_string}"},"query-input":{"@type":"PropertyValueSpecification","valueRequired":true,"valueName":"search_term_string"}}],"inLanguage":"it-IT"},{"@type":"Organization","@id":"https:\/\/turijnmagazijn.jumpstone-dev.nl\/#organization","name":"Turijnmagazijn","url":"https:\/\/turijnmagazijn.jumpstone-dev.nl\/","logo":{"@type":"ImageObject","inLanguage":"it-IT","@id":"https:\/\/turijnmagazijn.jumpstone-dev.nl\/#\/schema\/logo\/image\/","url":"https:\/\/turijnmagazijn.nl\/wp-content\/uploads\/2021\/02\/turijnmagazijnlogo.png","contentUrl":"https:\/\/turijnmagazijn.nl\/wp-content\/uploads\/2021\/02\/turijnmagazijnlogo.png","width":555,"height":270,"caption":"Turijnmagazijn"},"image":{"@id":"https:\/\/turijnmagazijn.jumpstone-dev.nl\/#\/schema\/logo\/image\/"},"sameAs":["https:\/\/www.facebook.com\/turijnmagazijn"]}]}},"_links":{"self":[{"href":"https:\/\/turijnmagazijn.nl\/it\/wp-json\/wp\/v2\/pages\/60198","targetHints":{"allow":["GET"]}}],"collection":[{"href":"https:\/\/turijnmagazijn.nl\/it\/wp-json\/wp\/v2\/pages"}],"about":[{"href":"https:\/\/turijnmagazijn.nl\/it\/wp-json\/wp\/v2\/types\/page"}],"author":[{"embeddable":true,"href":"https:\/\/turijnmagazijn.nl\/it\/wp-json\/wp\/v2\/users\/1"}],"replies":[{"embeddable":true,"href":"https:\/\/turijnmagazijn.nl\/it\/wp-json\/wp\/v2\/comments?post=60198"}],"version-history":[{"count":0,"href":"https:\/\/turijnmagazijn.nl\/it\/wp-json\/wp\/v2\/pages\/60198\/revisions"}],"wp:attachment":[{"href":"https:\/\/turijnmagazijn.nl\/it\/wp-json\/wp\/v2\/media?parent=60198"}],"curies":[{"name":"wp","href":"https:\/\/api.w.org\/{rel}","templated":true}]}}