{"id":60200,"date":"2023-02-27T09:05:43","date_gmt":"2023-02-27T08:05:43","guid":{"rendered":"https:\/\/turijnmagazijn.nl\/termini-e-condizioni\/"},"modified":"2023-03-27T12:31:30","modified_gmt":"2023-03-27T10:31:30","slug":"termini-e-condizioni","status":"publish","type":"page","link":"https:\/\/turijnmagazijn.nl\/it\/termini-e-condizioni\/","title":{"rendered":"Termini e Condizioni"},"content":{"rendered":"\t\t<div data-elementor-type=\"wp-page\" data-elementor-id=\"60200\" class=\"elementor elementor-60200 elementor-1099\" data-elementor-post-type=\"page\">\n\t\t\t\t\t\t<section class=\"elementor-section elementor-top-section elementor-element elementor-element-23490622 elementor-reverse-tablet elementor-reverse-mobile elementor-section-boxed elementor-section-height-default elementor-section-height-default\" data-id=\"23490622\" data-element_type=\"section\" data-e-type=\"section\" data-settings=\"{&quot;jet_parallax_layout_list&quot;:[]}\">\n\t\t\t\t\t\t<div class=\"elementor-container elementor-column-gap-no\">\n\t\t\t\t\t<div class=\"elementor-column elementor-col-100 elementor-top-column elementor-element elementor-element-6783afc4\" data-id=\"6783afc4\" data-element_type=\"column\" data-e-type=\"column\">\n\t\t\t<div class=\"elementor-widget-wrap elementor-element-populated\">\n\t\t\t\t\t\t<div class=\"elementor-element elementor-element-11f223d3 elementor-widget elementor-widget-heading\" data-id=\"11f223d3\" data-element_type=\"widget\" data-e-type=\"widget\" data-widget_type=\"heading.default\">\n\t\t\t\t<div class=\"elementor-widget-container\">\n\t\t\t\t\t<h1 class=\"elementor-heading-title elementor-size-default\">Termini e Condizioni<\/h1>\t\t\t\t<\/div>\n\t\t\t\t<\/div>\n\t\t\t\t<div class=\"elementor-element elementor-element-1f72084 elementor-widget elementor-widget-text-editor\" data-id=\"1f72084\" data-element_type=\"widget\" data-e-type=\"widget\" data-widget_type=\"text-editor.default\">\n\t\t\t\t<div class=\"elementor-widget-container\">\n\t\t\t\t\t\t\t\t\t<h4>Termini e Condizioni Paniere Azioni &#8211; Partishive &#8211; Teilenstock &#8211; Ricambeare &#8211; Turijnmagazijn:<\/h4>\n<p><strong>1. Definizioni<\/strong><\/p>\n<p>1.1 In questi termini e condizioni generali, DELENKORF indica la ditta individuale, iscritta nel registro delle imprese della Camera di Commercio di Arnhem, con numero Camera di Commercio 61429228.<br \/>1.2 DELENKORF commercia anche con i nomi PARTSHIVE \u2013 TEILENSTOCK \u2013 RICAMBEARE \u2013 TURIJNMAGAZIJN<br \/>1.3 DELENKORF \u00e8 un negozio online, webshop, di parti di automobili usate, che pu\u00f2 essere visitato tramite WWW.DELENKORF.NL WWW.PARTSHIVE.COM WWW.TEIELNSTOCK.DE WWW.RICAMBEARE.IT e WWW.turijnmagazijn.nl.<br \/>1.4 Per cliente si intende ogni visitatore del negozio online, persona fisica o giuridica, che effettua un ordine tramite WWW.DELENKORF.NL.<br \/>1.5 I presenti termini e condizioni generali (di seguito: Termini e condizioni) sono conformi ai Termini e condizioni generali per Thuiswinkel e Webshop Keurmerk, l&#8217;associazione di categoria indipendente, redatti in collaborazione con l&#8217;Associazione dei consumatori.<br \/>1.6 Se disposizioni legali nuove o esistenti interferiscono con questi termini e condizioni generali, DELENKORF rispetter\u00e0 sempre la legge. <\/p>\n\t\t\t\t\t\t\t\t<\/div>\n\t\t\t\t<\/div>\n\t\t\t\t<div class=\"elementor-element elementor-element-56eedc9 elementor-widget elementor-widget-text-editor\" data-id=\"56eedc9\" data-element_type=\"widget\" data-e-type=\"widget\" data-widget_type=\"text-editor.default\">\n\t\t\t\t<div class=\"elementor-widget-container\">\n\t\t\t\t\t\t\t\t\t<strong>2. Applicabilit\u00e0<\/strong>\n\n2.1 I presenti Termini e Condizioni si applicano a tutte le offerte, gli ordini e gli accordi conclusi utilizzando il negozio online WWW.DELENKORF.NL, ad esclusione di qualsiasi altro termine e condizione generale.\n2.2 Accettando un&#8217;offerta o effettuando un ordine, i Termini e Condizioni sono automaticamente accettati dal cliente.\n2.3 Le disposizioni dei presenti Termini e condizioni possono essere derogate solo con l&#8217;espresso consenso scritto di DELENKORF. In caso di deroga a una parte delle presenti Condizioni, le altre disposizioni rimarranno pienamente in vigore.\t\t\t\t\t\t\t\t<\/div>\n\t\t\t\t<\/div>\n\t\t\t\t<div class=\"elementor-element elementor-element-7fffd65 elementor-widget elementor-widget-text-editor\" data-id=\"7fffd65\" data-element_type=\"widget\" data-e-type=\"widget\" data-widget_type=\"text-editor.default\">\n\t\t\t\t<div class=\"elementor-widget-container\">\n\t\t\t\t\t\t\t\t\t<p><strong>3. Prodotti<\/strong><\/p>\n<p>I prodotti sul sito Web sono beni di seconda mano o nuovi in \u200b\u200bcondizioni di usato chiaramente descritte. L&#8217;entit\u00e0 dell&#8217;uso precedente sar\u00e0 descritta nel modo pi\u00f9 accurato possibile. Un difetto o un danno all&#8217;articolo usato che non \u00e8 stato indicato nella descrizione del prodotto o era esplicitamente evidente dalle foto mostrate del prodotto pu\u00f2 dare motivo al consumatore di annullare l&#8217;acquisto. Se un articolo si discosta sostanzialmente da quanto dichiarato sul sito, DELENKORF deve essere contattato immediatamente, al pi\u00f9 tardi entro 14 giorni dall&#8217;arrivo della spedizione. Le deviazioni tra la descrizione dell&#8217;articolo e l&#8217;articolo consegnato danno luogo a un recesso completamente gratuito come regolato dal diritto dei consumatori.<\/p>\n\t\t\t\t\t\t\t\t<\/div>\n\t\t\t\t<\/div>\n\t\t\t\t<div class=\"elementor-element elementor-element-1ae2ea2 elementor-widget elementor-widget-text-editor\" data-id=\"1ae2ea2\" data-element_type=\"widget\" data-e-type=\"widget\" data-widget_type=\"text-editor.default\">\n\t\t\t\t<div class=\"elementor-widget-container\">\n\t\t\t\t\t\t\t\t\t<p><strong>4. Prezzi<\/strong><\/p>\n<p>4.1 I prezzi di vendita utilizzati da DELENKORF sono espressi in Euro, IVA inclusa e spese di spedizione escluse. Gli importi IVA non sono indicati separatamente.<br \/>4.2 Il pagamento deve essere saldato in anticipo tramite iDeal, PayPal o bonifico bancario o successivamente tramite Klarna o un metodo di pagamento simile.<\/p>\n\t\t\t\t\t\t\t\t<\/div>\n\t\t\t\t<\/div>\n\t\t\t\t<div class=\"elementor-element elementor-element-2af8864 elementor-widget elementor-widget-text-editor\" data-id=\"2af8864\" data-element_type=\"widget\" data-e-type=\"widget\" data-widget_type=\"text-editor.default\">\n\t\t\t\t<div class=\"elementor-widget-container\">\n\t\t\t\t\t\t\t\t\t<p><strong>5. Spese di consegna e spedizione<\/strong><\/p>\n<p>5.1 Gli articoli vengono inviati tramite POSTNL alle tariffe di spedizione comunicate da DELENKORF sul sito web.<br \/>5.2 DELENKORF si assume la responsabilit\u00e0 per la perdita di invii postali da parte di PostNL e, se del caso, organizza un risarcimento gratuito per il consumatore.<\/p>\n\t\t\t\t\t\t\t\t<\/div>\n\t\t\t\t<\/div>\n\t\t\t\t<div class=\"elementor-element elementor-element-59a9987 elementor-widget elementor-widget-text-editor\" data-id=\"59a9987\" data-element_type=\"widget\" data-e-type=\"widget\" data-widget_type=\"text-editor.default\">\n\t\t\t\t<div class=\"elementor-widget-container\">\n\t\t\t\t\t\t\t\t\t<p><strong>6. Pagamento e termini di pagamento<\/strong><\/p>\n<p>Dopo aver effettuato un ordine, il cliente ricever\u00e0 una conferma via e-mail con l&#8217;indicazione dei costi totali, comprese le spese di spedizione.<\/p>\n\t\t\t\t\t\t\t\t<\/div>\n\t\t\t\t<\/div>\n\t\t\t\t<div class=\"elementor-element elementor-element-21fe702 elementor-widget elementor-widget-text-editor\" data-id=\"21fe702\" data-element_type=\"widget\" data-e-type=\"widget\" data-widget_type=\"text-editor.default\">\n\t\t\t\t<div class=\"elementor-widget-container\">\n\t\t\t\t\t\t\t\t\t<p><strong>7. Consegna<\/strong><\/p>\n<p>7.1 DELENKORF si impegna a offrire ordini per la spedizione il giorno lavorativo successivo, ma al pi\u00f9 tardi entro 2 giorni lavorativi dal ricevimento dell&#8217;ordine. Una conferma di spedizione verr\u00e0 inviata via e-mail quando l&#8217;articolo viene spedito.<br \/>7.2 Un ordine non verr\u00e0 spedito da noi se non pu\u00f2 essere spedito completamente; il cliente verr\u00e0 immediatamente informato di tale circostanza e, se lo desidera, seguir\u00e0 un tempestivo ed integrale rimborso del prezzo di acquisto comprensivo delle spese di spedizione.<br \/>7.3 La consegna avviene all&#8217;indirizzo indicato dal cliente al momento della conclusione del contratto. DELENKORF non \u00e8 responsabile per gli articoli non consegnati a causa di informazioni errate sull&#8217;indirizzo o modifiche provvisorie dell&#8217;indirizzo da parte del cliente.<\/p>\n\t\t\t\t\t\t\t\t<\/div>\n\t\t\t\t<\/div>\n\t\t\t\t<div class=\"elementor-element elementor-element-f5fc7a7 elementor-widget elementor-widget-text-editor\" data-id=\"f5fc7a7\" data-element_type=\"widget\" data-e-type=\"widget\" data-widget_type=\"text-editor.default\">\n\t\t\t\t<div class=\"elementor-widget-container\">\n\t\t\t\t\t\t\t\t\t<p><strong>8. Resi<\/strong><\/p>\n<p>8.1 Le richieste di restituzione sono segnalate dal consumatore a info@delenkorf.nl entro 14 giorni.<br \/>8.2 In caso di errata consegna da parte di DELENKORF o in caso di difetto non descritto nella descrizione del prodotto, le spese di spedizione per il reso sono sempre a carico di DELENKORF. L&#8217;articolo deve essere consegnato a DELENKORF immediatamente, ma non oltre 14 giorni dopo la notifica di reso (= domeniche e giorni festivi esclusi). Se la spedizione di ritorno riguarda l&#8217;intero ordine, verranno rimborsate anche le spese di spedizione dell&#8217;ordine originario pagate dal consumatore. <br \/>8.3 Le spese di spedizione per i resi su iniziativa del consumatore (in cui non si tratti di consegna errata o difetto dell&#8217;articolo) saranno a carico del consumatore. Se la spedizione di ritorno riguarda l&#8217;intero ordine, verranno rimborsate anche le spese di spedizione dell&#8217;ordine originario pagate dal consumatore. <br \/>8.4 DELENKORF restituir\u00e0 l&#8217;importo del reso, eventualmente comprensivo delle spese di spedizione, entro e non oltre 7 giorni dal ricevimento dell&#8217;articolo tramite lo stesso metodo di pagamento utilizzato dal cliente per il pagamento originale.<\/p>\n\t\t\t\t\t\t\t\t<\/div>\n\t\t\t\t<\/div>\n\t\t\t\t<div class=\"elementor-element elementor-element-4fcb48c elementor-widget elementor-widget-text-editor\" data-id=\"4fcb48c\" data-element_type=\"widget\" data-e-type=\"widget\" data-widget_type=\"text-editor.default\">\n\t\t\t\t<div class=\"elementor-widget-container\">\n\t\t\t\t\t\t\t\t\t<p><strong>9. Privacy<\/strong><\/p>\n<p>9.1. I dati personali vengono utilizzati solo per l&#8217;esecuzione dell&#8217;ordine.<br \/>9.2 I dati personali non saranno forniti a terzi senza autorizzazione e saranno trattati in modo confidenziale.<\/p>\n\t\t\t\t\t\t\t\t<\/div>\n\t\t\t\t<\/div>\n\t\t\t\t<div class=\"elementor-element elementor-element-d4c8090 elementor-widget elementor-widget-text-editor\" data-id=\"d4c8090\" data-element_type=\"widget\" data-e-type=\"widget\" data-widget_type=\"text-editor.default\">\n\t\t\t\t<div class=\"elementor-widget-container\">\n\t\t\t\t\t\t\t\t\t<p><strong>10. Danni<\/strong><\/p>\n<p>10.1 DELENKORF non potr\u00e0 mai essere ritenuta responsabile per danni derivanti da articoli da essa consegnati o danni a veicoli o comunque derivanti dall&#8217;uso dei suoi articoli.<\/p>\n\t\t\t\t\t\t\t\t<\/div>\n\t\t\t\t<\/div>\n\t\t\t\t<div class=\"elementor-element elementor-element-9c35a2a elementor-widget elementor-widget-text-editor\" data-id=\"9c35a2a\" data-element_type=\"widget\" data-e-type=\"widget\" data-widget_type=\"text-editor.default\">\n\t\t\t\t<div class=\"elementor-widget-container\">\n\t\t\t\t\t\t\t\t\t<p><strong>11. Legge applicabile e foro competente<\/strong><\/p>\n<p>11.1 Tutti i diritti, gli obblighi, le offerte, gli ordini e gli accordi a cui si applicano i presenti Termini e condizioni sono regolati esclusivamente dalla legge olandese.<br \/>11.2 Tutte le controversie tra le parti saranno sottoposte esclusivamente al tribunale competente nei Paesi Bassi.<\/p>\n\t\t\t\t\t\t\t\t<\/div>\n\t\t\t\t<\/div>\n\t\t\t\t\t<\/div>\n\t\t<\/div>\n\t\t\t\t\t<\/div>\n\t\t<\/section>\n\t\t\t\t<\/div>\n\t\t","protected":false},"excerpt":{"rendered":"<p>Termini e Condizioni Termini e Condizioni Paniere Azioni &#8211; Partishive &#8211; Teilenstock &#8211; Ricambeare &#8211; Turijnmagazijn: 1. Definizioni 1.1 In questi termini e condizioni generali, DELENKORF indica la ditta individuale, iscritta nel registro delle imprese della Camera di Commercio di Arnhem, con numero Camera di Commercio 61429228.1.2 DELENKORF commercia anche con i nomi PARTSHIVE \u2013 [&hellip;]<\/p>\n","protected":false},"author":1,"featured_media":0,"parent":0,"menu_order":0,"comment_status":"closed","ping_status":"closed","template":"elementor_header_footer","meta":{"_acf_changed":false,"footnotes":""},"class_list":["post-60200","page","type-page","status-publish","hentry"],"acf":[],"yoast_head":"<!-- This site is optimized with the Yoast SEO plugin v27.3 - https:\/\/yoast.com\/product\/yoast-seo-wordpress\/ -->\n<title>Termini e Condizioni - Turijnmagazijn<\/title>\n<meta name=\"robots\" content=\"index, follow, max-snippet:-1, max-image-preview:large, max-video-preview:-1\" \/>\n<link rel=\"canonical\" href=\"https:\/\/turijnmagazijn.nl\/it\/termini-e-condizioni\/\" \/>\n<meta property=\"og:locale\" content=\"it_IT\" \/>\n<meta property=\"og:type\" content=\"article\" \/>\n<meta property=\"og:title\" content=\"Termini e Condizioni - Turijnmagazijn\" \/>\n<meta property=\"og:description\" content=\"Termini e Condizioni Termini e Condizioni Paniere Azioni &#8211; Partishive &#8211; Teilenstock &#8211; Ricambeare &#8211; Turijnmagazijn: 1. Definizioni 1.1 In questi termini e condizioni generali, DELENKORF indica la ditta individuale, iscritta nel registro delle imprese della Camera di Commercio di Arnhem, con numero Camera di Commercio 61429228.1.2 DELENKORF commercia anche con i nomi PARTSHIVE \u2013 [&hellip;]\" \/>\n<meta property=\"og:url\" content=\"https:\/\/turijnmagazijn.nl\/it\/termini-e-condizioni\/\" \/>\n<meta property=\"og:site_name\" content=\"Turijnmagazijn\" \/>\n<meta property=\"article:publisher\" content=\"https:\/\/www.facebook.com\/turijnmagazijn\" \/>\n<meta property=\"article:modified_time\" content=\"2023-03-27T10:31:30+00:00\" \/>\n<meta name=\"twitter:card\" content=\"summary_large_image\" \/>\n<meta name=\"twitter:label1\" content=\"Tempo di lettura stimato\" \/>\n\t<meta name=\"twitter:data1\" content=\"4 minuti\" \/>\n<script type=\"application\/ld+json\" class=\"yoast-schema-graph\">{\"@context\":\"https:\\\/\\\/schema.org\",\"@graph\":[{\"@type\":\"WebPage\",\"@id\":\"https:\\\/\\\/turijnmagazijn.nl\\\/it\\\/termini-e-condizioni\\\/\",\"url\":\"https:\\\/\\\/turijnmagazijn.nl\\\/it\\\/termini-e-condizioni\\\/\",\"name\":\"Termini e Condizioni - Turijnmagazijn\",\"isPartOf\":{\"@id\":\"https:\\\/\\\/turijnmagazijn.jumpstone-dev.nl\\\/#website\"},\"datePublished\":\"2023-02-27T08:05:43+00:00\",\"dateModified\":\"2023-03-27T10:31:30+00:00\",\"breadcrumb\":{\"@id\":\"https:\\\/\\\/turijnmagazijn.nl\\\/it\\\/termini-e-condizioni\\\/#breadcrumb\"},\"inLanguage\":\"it-IT\",\"potentialAction\":[{\"@type\":\"ReadAction\",\"target\":[\"https:\\\/\\\/turijnmagazijn.nl\\\/it\\\/termini-e-condizioni\\\/\"]}]},{\"@type\":\"BreadcrumbList\",\"@id\":\"https:\\\/\\\/turijnmagazijn.nl\\\/it\\\/termini-e-condizioni\\\/#breadcrumb\",\"itemListElement\":[{\"@type\":\"ListItem\",\"position\":1,\"name\":\"Home\",\"item\":\"https:\\\/\\\/turijnmagazijn.nl\\\/it\\\/\"},{\"@type\":\"ListItem\",\"position\":2,\"name\":\"Termini e Condizioni\"}]},{\"@type\":\"WebSite\",\"@id\":\"https:\\\/\\\/turijnmagazijn.jumpstone-dev.nl\\\/#website\",\"url\":\"https:\\\/\\\/turijnmagazijn.jumpstone-dev.nl\\\/\",\"name\":\"Turijnmagazijn\",\"description\":\"Onderdelen nieuw en gebruikt - Fiat &amp; Lancia\",\"publisher\":{\"@id\":\"https:\\\/\\\/turijnmagazijn.jumpstone-dev.nl\\\/#organization\"},\"potentialAction\":[{\"@type\":\"SearchAction\",\"target\":{\"@type\":\"EntryPoint\",\"urlTemplate\":\"https:\\\/\\\/turijnmagazijn.jumpstone-dev.nl\\\/?s={search_term_string}\"},\"query-input\":{\"@type\":\"PropertyValueSpecification\",\"valueRequired\":true,\"valueName\":\"search_term_string\"}}],\"inLanguage\":\"it-IT\"},{\"@type\":\"Organization\",\"@id\":\"https:\\\/\\\/turijnmagazijn.jumpstone-dev.nl\\\/#organization\",\"name\":\"Turijnmagazijn\",\"url\":\"https:\\\/\\\/turijnmagazijn.jumpstone-dev.nl\\\/\",\"logo\":{\"@type\":\"ImageObject\",\"inLanguage\":\"it-IT\",\"@id\":\"https:\\\/\\\/turijnmagazijn.jumpstone-dev.nl\\\/#\\\/schema\\\/logo\\\/image\\\/\",\"url\":\"https:\\\/\\\/turijnmagazijn.nl\\\/wp-content\\\/uploads\\\/2021\\\/02\\\/turijnmagazijnlogo.png\",\"contentUrl\":\"https:\\\/\\\/turijnmagazijn.nl\\\/wp-content\\\/uploads\\\/2021\\\/02\\\/turijnmagazijnlogo.png\",\"width\":555,\"height\":270,\"caption\":\"Turijnmagazijn\"},\"image\":{\"@id\":\"https:\\\/\\\/turijnmagazijn.jumpstone-dev.nl\\\/#\\\/schema\\\/logo\\\/image\\\/\"},\"sameAs\":[\"https:\\\/\\\/www.facebook.com\\\/turijnmagazijn\"]}]}<\/script>\n<!-- \/ Yoast SEO plugin. -->","yoast_head_json":{"title":"Termini e Condizioni - Turijnmagazijn","robots":{"index":"index","follow":"follow","max-snippet":"max-snippet:-1","max-image-preview":"max-image-preview:large","max-video-preview":"max-video-preview:-1"},"canonical":"https:\/\/turijnmagazijn.nl\/it\/termini-e-condizioni\/","og_locale":"it_IT","og_type":"article","og_title":"Termini e Condizioni - Turijnmagazijn","og_description":"Termini e Condizioni Termini e Condizioni Paniere Azioni &#8211; Partishive &#8211; Teilenstock &#8211; Ricambeare &#8211; Turijnmagazijn: 1. Definizioni 1.1 In questi termini e condizioni generali, DELENKORF indica la ditta individuale, iscritta nel registro delle imprese della Camera di Commercio di Arnhem, con numero Camera di Commercio 61429228.1.2 DELENKORF commercia anche con i nomi PARTSHIVE \u2013 [&hellip;]","og_url":"https:\/\/turijnmagazijn.nl\/it\/termini-e-condizioni\/","og_site_name":"Turijnmagazijn","article_publisher":"https:\/\/www.facebook.com\/turijnmagazijn","article_modified_time":"2023-03-27T10:31:30+00:00","twitter_card":"summary_large_image","twitter_misc":{"Tempo di lettura stimato":"4 minuti"},"schema":{"@context":"https:\/\/schema.org","@graph":[{"@type":"WebPage","@id":"https:\/\/turijnmagazijn.nl\/it\/termini-e-condizioni\/","url":"https:\/\/turijnmagazijn.nl\/it\/termini-e-condizioni\/","name":"Termini e Condizioni - Turijnmagazijn","isPartOf":{"@id":"https:\/\/turijnmagazijn.jumpstone-dev.nl\/#website"},"datePublished":"2023-02-27T08:05:43+00:00","dateModified":"2023-03-27T10:31:30+00:00","breadcrumb":{"@id":"https:\/\/turijnmagazijn.nl\/it\/termini-e-condizioni\/#breadcrumb"},"inLanguage":"it-IT","potentialAction":[{"@type":"ReadAction","target":["https:\/\/turijnmagazijn.nl\/it\/termini-e-condizioni\/"]}]},{"@type":"BreadcrumbList","@id":"https:\/\/turijnmagazijn.nl\/it\/termini-e-condizioni\/#breadcrumb","itemListElement":[{"@type":"ListItem","position":1,"name":"Home","item":"https:\/\/turijnmagazijn.nl\/it\/"},{"@type":"ListItem","position":2,"name":"Termini e Condizioni"}]},{"@type":"WebSite","@id":"https:\/\/turijnmagazijn.jumpstone-dev.nl\/#website","url":"https:\/\/turijnmagazijn.jumpstone-dev.nl\/","name":"Turijnmagazijn","description":"Onderdelen nieuw en gebruikt - Fiat &amp; Lancia","publisher":{"@id":"https:\/\/turijnmagazijn.jumpstone-dev.nl\/#organization"},"potentialAction":[{"@type":"SearchAction","target":{"@type":"EntryPoint","urlTemplate":"https:\/\/turijnmagazijn.jumpstone-dev.nl\/?s={search_term_string}"},"query-input":{"@type":"PropertyValueSpecification","valueRequired":true,"valueName":"search_term_string"}}],"inLanguage":"it-IT"},{"@type":"Organization","@id":"https:\/\/turijnmagazijn.jumpstone-dev.nl\/#organization","name":"Turijnmagazijn","url":"https:\/\/turijnmagazijn.jumpstone-dev.nl\/","logo":{"@type":"ImageObject","inLanguage":"it-IT","@id":"https:\/\/turijnmagazijn.jumpstone-dev.nl\/#\/schema\/logo\/image\/","url":"https:\/\/turijnmagazijn.nl\/wp-content\/uploads\/2021\/02\/turijnmagazijnlogo.png","contentUrl":"https:\/\/turijnmagazijn.nl\/wp-content\/uploads\/2021\/02\/turijnmagazijnlogo.png","width":555,"height":270,"caption":"Turijnmagazijn"},"image":{"@id":"https:\/\/turijnmagazijn.jumpstone-dev.nl\/#\/schema\/logo\/image\/"},"sameAs":["https:\/\/www.facebook.com\/turijnmagazijn"]}]}},"_links":{"self":[{"href":"https:\/\/turijnmagazijn.nl\/it\/wp-json\/wp\/v2\/pages\/60200","targetHints":{"allow":["GET"]}}],"collection":[{"href":"https:\/\/turijnmagazijn.nl\/it\/wp-json\/wp\/v2\/pages"}],"about":[{"href":"https:\/\/turijnmagazijn.nl\/it\/wp-json\/wp\/v2\/types\/page"}],"author":[{"embeddable":true,"href":"https:\/\/turijnmagazijn.nl\/it\/wp-json\/wp\/v2\/users\/1"}],"replies":[{"embeddable":true,"href":"https:\/\/turijnmagazijn.nl\/it\/wp-json\/wp\/v2\/comments?post=60200"}],"version-history":[{"count":0,"href":"https:\/\/turijnmagazijn.nl\/it\/wp-json\/wp\/v2\/pages\/60200\/revisions"}],"wp:attachment":[{"href":"https:\/\/turijnmagazijn.nl\/it\/wp-json\/wp\/v2\/media?parent=60200"}],"curies":[{"name":"wp","href":"https:\/\/api.w.org\/{rel}","templated":true}]}}