{"id":62255,"date":"2023-03-03T08:08:36","date_gmt":"2023-03-03T07:08:36","guid":{"rendered":"https:\/\/turijnmagazijn.nl\/product\/logo-chiave-fiat-per-stilo-punto-ii-500-grande-punto-imitazione-2-pezzi-nuovo\/"},"modified":"2026-02-02T10:33:43","modified_gmt":"2026-02-02T09:33:43","slug":"chiave-logo-fiat-per-stilo-punto-ii-500-grande-punto-imitazione-2-pezzi-nuovo","status":"publish","type":"product","link":"https:\/\/turijnmagazijn.nl\/it\/prodotto\/chiave-logo-fiat-per-stilo-punto-ii-500-grande-punto-imitazione-2-pezzi-nuovo\/","title":{"rendered":"Chiave con logo Fiat NERO Stilo Punto II 500 Grande Punto 2 pz. 14 mm"},"content":{"rendered":"<p>&#8220;Set di 2 nuovi loghi da applicare sulla chiave per Fiat 500, Stilo, Grande Punto e Punto II. Si tratta di un logo rotondo in alluminio stampato, quindi non un semplice adesivo, ma un logo in rilievo. Questi loghi non sono ufficiali di Fiat, ma un&#8217;imitazione esatta del prodotto. Vedi la foto di esempio di una chiave di una Punto II su cui \u00e8 stato applicato il logo. Seguir\u00e0 una foto di esempio di una chiave pieghevole applicata a Fiat Stilo, Grande Punto e Fiat Nouva 500 su cui \u00e8 stato applicato il logo. Nella maggior parte delle foto il logo \u00e8 coperto da una pellicola protettiva che fa apparire il prodotto meno bello della realt\u00e0. Numero OEM come riferimento (non \u00e8 un pezzo originale) 71719162&#8221;<\/p>\n","protected":false},"excerpt":{"rendered":"<p>71719952 alternativa al logo originale per la chiave della Fiat Punto tipo 2.<\/p>\n","protected":false},"featured_media":33958,"comment_status":"closed","ping_status":"closed","template":"","meta":{"_acf_changed":false},"product_brand":[],"product_cat":[1696,1767,1772,1732,1776,1764],"product_tag":[],"class_list":{"0":"post-62255","1":"product","2":"type-product","3":"status-publish","4":"has-post-thumbnail","6":"product_cat-500-312-it","7":"product_cat-5drs-it","8":"product_cat-abarth-3drs-it","9":"product_cat-grande-punto-199-it","10":"product_cat-multiwagon-it","11":"product_cat-stilo-192-it","12":"pa_soort-onderdeel-portachiavi-e-adesivi","14":"first","15":"instock","16":"taxable","17":"shipping-taxable","18":"purchasable","19":"product-type-simple"},"acf":[],"yoast_head":"<!-- This site is optimized with the Yoast SEO plugin v27.3 - https:\/\/yoast.com\/product\/yoast-seo-wordpress\/ -->\n<title>Chiave con logo Fiat NERO Stilo Punto II 500 Grande Punto 2 pz. 14 mm - Turijnmagazijn<\/title>\n<meta name=\"robots\" content=\"index, follow, max-snippet:-1, max-image-preview:large, max-video-preview:-1\" \/>\n<link rel=\"canonical\" href=\"https:\/\/turijnmagazijn.nl\/it\/prodotto\/chiave-logo-fiat-per-stilo-punto-ii-500-grande-punto-imitazione-2-pezzi-nuovo\/\" \/>\n<meta property=\"og:locale\" content=\"it_IT\" \/>\n<meta property=\"og:type\" content=\"article\" \/>\n<meta property=\"og:title\" content=\"Chiave con logo Fiat NERO Stilo Punto II 500 Grande Punto 2 pz. 14 mm - Turijnmagazijn\" \/>\n<meta property=\"og:description\" content=\"71719952 alternativa al logo originale per la chiave della Fiat Punto tipo 2.\" \/>\n<meta property=\"og:url\" content=\"https:\/\/turijnmagazijn.nl\/it\/prodotto\/chiave-logo-fiat-per-stilo-punto-ii-500-grande-punto-imitazione-2-pezzi-nuovo\/\" \/>\n<meta property=\"og:site_name\" content=\"Turijnmagazijn\" \/>\n<meta property=\"article:publisher\" content=\"https:\/\/www.facebook.com\/turijnmagazijn\" \/>\n<meta property=\"article:modified_time\" content=\"2026-02-02T09:33:43+00:00\" \/>\n<meta property=\"og:image\" content=\"https:\/\/turijnmagazijn.nl\/wp-content\/uploads\/2023\/03\/DN00100001_Sleutel_logo_Fiat_voor_Stilo_Punto_II_500_Grande_Punto_immitatie_2_stuks_6.jpg\" \/>\n\t<meta property=\"og:image:width\" content=\"800\" \/>\n\t<meta property=\"og:image:height\" content=\"600\" \/>\n\t<meta property=\"og:image:type\" content=\"image\/jpeg\" \/>\n<meta name=\"twitter:card\" content=\"summary_large_image\" \/>\n<meta name=\"twitter:label1\" content=\"Tempo di lettura stimato\" \/>\n\t<meta name=\"twitter:data1\" content=\"1 minuto\" \/>\n<script type=\"application\/ld+json\" class=\"yoast-schema-graph\">{\"@context\":\"https:\\\/\\\/schema.org\",\"@graph\":[{\"@type\":\"WebPage\",\"@id\":\"https:\\\/\\\/turijnmagazijn.nl\\\/it\\\/prodotto\\\/chiave-logo-fiat-per-stilo-punto-ii-500-grande-punto-imitazione-2-pezzi-nuovo\\\/\",\"url\":\"https:\\\/\\\/turijnmagazijn.nl\\\/it\\\/prodotto\\\/chiave-logo-fiat-per-stilo-punto-ii-500-grande-punto-imitazione-2-pezzi-nuovo\\\/\",\"name\":\"Chiave con logo Fiat NERO Stilo Punto II 500 Grande Punto 2 pz. 14 mm - Turijnmagazijn\",\"isPartOf\":{\"@id\":\"https:\\\/\\\/turijnmagazijn.jumpstone-dev.nl\\\/#website\"},\"primaryImageOfPage\":{\"@id\":\"https:\\\/\\\/turijnmagazijn.nl\\\/it\\\/prodotto\\\/chiave-logo-fiat-per-stilo-punto-ii-500-grande-punto-imitazione-2-pezzi-nuovo\\\/#primaryimage\"},\"image\":{\"@id\":\"https:\\\/\\\/turijnmagazijn.nl\\\/it\\\/prodotto\\\/chiave-logo-fiat-per-stilo-punto-ii-500-grande-punto-imitazione-2-pezzi-nuovo\\\/#primaryimage\"},\"thumbnailUrl\":\"https:\\\/\\\/turijnmagazijn.nl\\\/wp-content\\\/uploads\\\/2023\\\/03\\\/DN00100001_Sleutel_logo_Fiat_voor_Stilo_Punto_II_500_Grande_Punto_immitatie_2_stuks_6.jpg\",\"datePublished\":\"2023-03-03T07:08:36+00:00\",\"dateModified\":\"2026-02-02T09:33:43+00:00\",\"breadcrumb\":{\"@id\":\"https:\\\/\\\/turijnmagazijn.nl\\\/it\\\/prodotto\\\/chiave-logo-fiat-per-stilo-punto-ii-500-grande-punto-imitazione-2-pezzi-nuovo\\\/#breadcrumb\"},\"inLanguage\":\"it-IT\",\"potentialAction\":[{\"@type\":\"ReadAction\",\"target\":[\"https:\\\/\\\/turijnmagazijn.nl\\\/it\\\/prodotto\\\/chiave-logo-fiat-per-stilo-punto-ii-500-grande-punto-imitazione-2-pezzi-nuovo\\\/\"]}]},{\"@type\":\"ImageObject\",\"inLanguage\":\"it-IT\",\"@id\":\"https:\\\/\\\/turijnmagazijn.nl\\\/it\\\/prodotto\\\/chiave-logo-fiat-per-stilo-punto-ii-500-grande-punto-imitazione-2-pezzi-nuovo\\\/#primaryimage\",\"url\":\"https:\\\/\\\/turijnmagazijn.nl\\\/wp-content\\\/uploads\\\/2023\\\/03\\\/DN00100001_Sleutel_logo_Fiat_voor_Stilo_Punto_II_500_Grande_Punto_immitatie_2_stuks_6.jpg\",\"contentUrl\":\"https:\\\/\\\/turijnmagazijn.nl\\\/wp-content\\\/uploads\\\/2023\\\/03\\\/DN00100001_Sleutel_logo_Fiat_voor_Stilo_Punto_II_500_Grande_Punto_immitatie_2_stuks_6.jpg\",\"width\":800,\"height\":600},{\"@type\":\"BreadcrumbList\",\"@id\":\"https:\\\/\\\/turijnmagazijn.nl\\\/it\\\/prodotto\\\/chiave-logo-fiat-per-stilo-punto-ii-500-grande-punto-imitazione-2-pezzi-nuovo\\\/#breadcrumb\",\"itemListElement\":[{\"@type\":\"ListItem\",\"position\":1,\"name\":\"Home\",\"item\":\"https:\\\/\\\/turijnmagazijn.nl\\\/it\\\/\"},{\"@type\":\"ListItem\",\"position\":2,\"name\":\"Prodotti\",\"item\":\"https:\\\/\\\/turijnmagazijn.nl\\\/it\\\/shop\\\/\"},{\"@type\":\"ListItem\",\"position\":3,\"name\":\"Chiave con logo Fiat NERO Stilo Punto II 500 Grande Punto 2 pz. 14 mm\"}]},{\"@type\":\"WebSite\",\"@id\":\"https:\\\/\\\/turijnmagazijn.jumpstone-dev.nl\\\/#website\",\"url\":\"https:\\\/\\\/turijnmagazijn.jumpstone-dev.nl\\\/\",\"name\":\"Turijnmagazijn\",\"description\":\"Onderdelen nieuw en gebruikt - Fiat &amp; Lancia\",\"publisher\":{\"@id\":\"https:\\\/\\\/turijnmagazijn.jumpstone-dev.nl\\\/#organization\"},\"potentialAction\":[{\"@type\":\"SearchAction\",\"target\":{\"@type\":\"EntryPoint\",\"urlTemplate\":\"https:\\\/\\\/turijnmagazijn.jumpstone-dev.nl\\\/?s={search_term_string}\"},\"query-input\":{\"@type\":\"PropertyValueSpecification\",\"valueRequired\":true,\"valueName\":\"search_term_string\"}}],\"inLanguage\":\"it-IT\"},{\"@type\":\"Organization\",\"@id\":\"https:\\\/\\\/turijnmagazijn.jumpstone-dev.nl\\\/#organization\",\"name\":\"Turijnmagazijn\",\"url\":\"https:\\\/\\\/turijnmagazijn.jumpstone-dev.nl\\\/\",\"logo\":{\"@type\":\"ImageObject\",\"inLanguage\":\"it-IT\",\"@id\":\"https:\\\/\\\/turijnmagazijn.jumpstone-dev.nl\\\/#\\\/schema\\\/logo\\\/image\\\/\",\"url\":\"https:\\\/\\\/turijnmagazijn.nl\\\/wp-content\\\/uploads\\\/2021\\\/02\\\/turijnmagazijnlogo.png\",\"contentUrl\":\"https:\\\/\\\/turijnmagazijn.nl\\\/wp-content\\\/uploads\\\/2021\\\/02\\\/turijnmagazijnlogo.png\",\"width\":555,\"height\":270,\"caption\":\"Turijnmagazijn\"},\"image\":{\"@id\":\"https:\\\/\\\/turijnmagazijn.jumpstone-dev.nl\\\/#\\\/schema\\\/logo\\\/image\\\/\"},\"sameAs\":[\"https:\\\/\\\/www.facebook.com\\\/turijnmagazijn\"]}]}<\/script>\n<!-- \/ Yoast SEO plugin. -->","yoast_head_json":{"title":"Chiave con logo Fiat NERO Stilo Punto II 500 Grande Punto 2 pz. 14 mm - Turijnmagazijn","robots":{"index":"index","follow":"follow","max-snippet":"max-snippet:-1","max-image-preview":"max-image-preview:large","max-video-preview":"max-video-preview:-1"},"canonical":"https:\/\/turijnmagazijn.nl\/it\/prodotto\/chiave-logo-fiat-per-stilo-punto-ii-500-grande-punto-imitazione-2-pezzi-nuovo\/","og_locale":"it_IT","og_type":"article","og_title":"Chiave con logo Fiat NERO Stilo Punto II 500 Grande Punto 2 pz. 14 mm - Turijnmagazijn","og_description":"71719952 alternativa al logo originale per la chiave della Fiat Punto tipo 2.","og_url":"https:\/\/turijnmagazijn.nl\/it\/prodotto\/chiave-logo-fiat-per-stilo-punto-ii-500-grande-punto-imitazione-2-pezzi-nuovo\/","og_site_name":"Turijnmagazijn","article_publisher":"https:\/\/www.facebook.com\/turijnmagazijn","article_modified_time":"2026-02-02T09:33:43+00:00","og_image":[{"width":800,"height":600,"url":"https:\/\/turijnmagazijn.nl\/wp-content\/uploads\/2023\/03\/DN00100001_Sleutel_logo_Fiat_voor_Stilo_Punto_II_500_Grande_Punto_immitatie_2_stuks_6.jpg","type":"image\/jpeg"}],"twitter_card":"summary_large_image","twitter_misc":{"Tempo di lettura stimato":"1 minuto"},"schema":{"@context":"https:\/\/schema.org","@graph":[{"@type":"WebPage","@id":"https:\/\/turijnmagazijn.nl\/it\/prodotto\/chiave-logo-fiat-per-stilo-punto-ii-500-grande-punto-imitazione-2-pezzi-nuovo\/","url":"https:\/\/turijnmagazijn.nl\/it\/prodotto\/chiave-logo-fiat-per-stilo-punto-ii-500-grande-punto-imitazione-2-pezzi-nuovo\/","name":"Chiave con logo Fiat NERO Stilo Punto II 500 Grande Punto 2 pz. 14 mm - Turijnmagazijn","isPartOf":{"@id":"https:\/\/turijnmagazijn.jumpstone-dev.nl\/#website"},"primaryImageOfPage":{"@id":"https:\/\/turijnmagazijn.nl\/it\/prodotto\/chiave-logo-fiat-per-stilo-punto-ii-500-grande-punto-imitazione-2-pezzi-nuovo\/#primaryimage"},"image":{"@id":"https:\/\/turijnmagazijn.nl\/it\/prodotto\/chiave-logo-fiat-per-stilo-punto-ii-500-grande-punto-imitazione-2-pezzi-nuovo\/#primaryimage"},"thumbnailUrl":"https:\/\/turijnmagazijn.nl\/wp-content\/uploads\/2023\/03\/DN00100001_Sleutel_logo_Fiat_voor_Stilo_Punto_II_500_Grande_Punto_immitatie_2_stuks_6.jpg","datePublished":"2023-03-03T07:08:36+00:00","dateModified":"2026-02-02T09:33:43+00:00","breadcrumb":{"@id":"https:\/\/turijnmagazijn.nl\/it\/prodotto\/chiave-logo-fiat-per-stilo-punto-ii-500-grande-punto-imitazione-2-pezzi-nuovo\/#breadcrumb"},"inLanguage":"it-IT","potentialAction":[{"@type":"ReadAction","target":["https:\/\/turijnmagazijn.nl\/it\/prodotto\/chiave-logo-fiat-per-stilo-punto-ii-500-grande-punto-imitazione-2-pezzi-nuovo\/"]}]},{"@type":"ImageObject","inLanguage":"it-IT","@id":"https:\/\/turijnmagazijn.nl\/it\/prodotto\/chiave-logo-fiat-per-stilo-punto-ii-500-grande-punto-imitazione-2-pezzi-nuovo\/#primaryimage","url":"https:\/\/turijnmagazijn.nl\/wp-content\/uploads\/2023\/03\/DN00100001_Sleutel_logo_Fiat_voor_Stilo_Punto_II_500_Grande_Punto_immitatie_2_stuks_6.jpg","contentUrl":"https:\/\/turijnmagazijn.nl\/wp-content\/uploads\/2023\/03\/DN00100001_Sleutel_logo_Fiat_voor_Stilo_Punto_II_500_Grande_Punto_immitatie_2_stuks_6.jpg","width":800,"height":600},{"@type":"BreadcrumbList","@id":"https:\/\/turijnmagazijn.nl\/it\/prodotto\/chiave-logo-fiat-per-stilo-punto-ii-500-grande-punto-imitazione-2-pezzi-nuovo\/#breadcrumb","itemListElement":[{"@type":"ListItem","position":1,"name":"Home","item":"https:\/\/turijnmagazijn.nl\/it\/"},{"@type":"ListItem","position":2,"name":"Prodotti","item":"https:\/\/turijnmagazijn.nl\/it\/shop\/"},{"@type":"ListItem","position":3,"name":"Chiave con logo Fiat NERO Stilo Punto II 500 Grande Punto 2 pz. 14 mm"}]},{"@type":"WebSite","@id":"https:\/\/turijnmagazijn.jumpstone-dev.nl\/#website","url":"https:\/\/turijnmagazijn.jumpstone-dev.nl\/","name":"Turijnmagazijn","description":"Onderdelen nieuw en gebruikt - Fiat &amp; Lancia","publisher":{"@id":"https:\/\/turijnmagazijn.jumpstone-dev.nl\/#organization"},"potentialAction":[{"@type":"SearchAction","target":{"@type":"EntryPoint","urlTemplate":"https:\/\/turijnmagazijn.jumpstone-dev.nl\/?s={search_term_string}"},"query-input":{"@type":"PropertyValueSpecification","valueRequired":true,"valueName":"search_term_string"}}],"inLanguage":"it-IT"},{"@type":"Organization","@id":"https:\/\/turijnmagazijn.jumpstone-dev.nl\/#organization","name":"Turijnmagazijn","url":"https:\/\/turijnmagazijn.jumpstone-dev.nl\/","logo":{"@type":"ImageObject","inLanguage":"it-IT","@id":"https:\/\/turijnmagazijn.jumpstone-dev.nl\/#\/schema\/logo\/image\/","url":"https:\/\/turijnmagazijn.nl\/wp-content\/uploads\/2021\/02\/turijnmagazijnlogo.png","contentUrl":"https:\/\/turijnmagazijn.nl\/wp-content\/uploads\/2021\/02\/turijnmagazijnlogo.png","width":555,"height":270,"caption":"Turijnmagazijn"},"image":{"@id":"https:\/\/turijnmagazijn.jumpstone-dev.nl\/#\/schema\/logo\/image\/"},"sameAs":["https:\/\/www.facebook.com\/turijnmagazijn"]}]}},"_links":{"self":[{"href":"https:\/\/turijnmagazijn.nl\/it\/wp-json\/wp\/v2\/product\/62255","targetHints":{"allow":["GET"]}}],"collection":[{"href":"https:\/\/turijnmagazijn.nl\/it\/wp-json\/wp\/v2\/product"}],"about":[{"href":"https:\/\/turijnmagazijn.nl\/it\/wp-json\/wp\/v2\/types\/product"}],"replies":[{"embeddable":true,"href":"https:\/\/turijnmagazijn.nl\/it\/wp-json\/wp\/v2\/comments?post=62255"}],"wp:featuredmedia":[{"embeddable":true,"href":"https:\/\/turijnmagazijn.nl\/it\/wp-json\/wp\/v2\/media\/33958"}],"wp:attachment":[{"href":"https:\/\/turijnmagazijn.nl\/it\/wp-json\/wp\/v2\/media?parent=62255"}],"wp:term":[{"taxonomy":"product_brand","embeddable":true,"href":"https:\/\/turijnmagazijn.nl\/it\/wp-json\/wp\/v2\/product_brand?post=62255"},{"taxonomy":"product_cat","embeddable":true,"href":"https:\/\/turijnmagazijn.nl\/it\/wp-json\/wp\/v2\/product_cat?post=62255"},{"taxonomy":"product_tag","embeddable":true,"href":"https:\/\/turijnmagazijn.nl\/it\/wp-json\/wp\/v2\/product_tag?post=62255"}],"curies":[{"name":"wp","href":"https:\/\/api.w.org\/{rel}","templated":true}]}}