{"id":62293,"date":"2023-03-03T08:08:36","date_gmt":"2023-03-03T07:08:36","guid":{"rendered":"https:\/\/turijnmagazijn.nl\/product\/pompa-servosterzo-lancia-delta-hf-integrale-new\/"},"modified":"2023-07-31T17:03:31","modified_gmt":"2023-07-31T15:03:31","slug":"pompa-servosterzo-lancia-delta-hf-integral-nuovo","status":"publish","type":"product","link":"https:\/\/turijnmagazijn.nl\/it\/prodotto\/pompa-servosterzo-lancia-delta-hf-integral-nuovo\/","title":{"rendered":"Pompa servosterzo Lancia Delta HF Integrale -NEW-"},"content":{"rendered":"<p>Nuova pompa servosterzo per Lancia Delta HF Integrale. riguarda una nuova servopompa originale di fabbrica del produttore ZF. Sulla targhetta ci sono le seguenti indicazioni: 7672955201 649314 3,79 75 bar La pompa \u00e8 nuda, quindi senza bulloni e senza puleggia. Questa pompa \u00e8 adatta a tutte le Delta tipo I con servosterzo, quindi anche la 1.1 la 1.3 la 1.5 la 1.6 GT cio\u00e8 e tutte le versioni successive: Lancia Delta 1.6 HF Turbo Lancia Delta HF integrale 8V Lancia Delta HF integrale 16V OEM Lancia 5990564 La pompa si adatta facilmente anche ai seguenti modelli, ma originariamente non appartiene ad essa! (pompa EVO eroga secondo la piastra di fabbrica 80bar invece dei 75bar di questa pompa) e ha come numero OEM 7732808 Lancia Delta HF integrale EVO I Lancia Delta HF integrale EVO II Sostituire l&#8217;olio idraulico ogni 5 anni per prolungare la vita della pompa!<\/p>\n","protected":false},"excerpt":{"rendered":"<p>7732808 pompa servosterzo Lancia Delta Integrale Evo ZF<\/p>\n","protected":false},"featured_media":33978,"comment_status":"open","ping_status":"closed","template":"","meta":{"_acf_changed":false},"product_brand":[],"product_cat":[1808,1835,1832,1840,1800],"product_tag":[],"class_list":{"0":"post-62293","1":"product","2":"type-product","3":"status-publish","4":"has-post-thumbnail","6":"product_cat-delta-1-831-it","7":"product_cat-integrale-16v-it","8":"product_cat-integrale-8v-it","9":"product_cat-integrale-evo-it","10":"product_cat-lancia-it","11":"pa_soort-onderdeel-aria-condizionata-e-riscaldamento","13":"first","14":"instock","15":"taxable","16":"shipping-taxable","17":"purchasable","18":"product-type-simple"},"acf":[],"yoast_head":"<!-- This site is optimized with the Yoast SEO plugin v27.2 - https:\/\/yoast.com\/product\/yoast-seo-wordpress\/ -->\n<title>Pompa servosterzo Lancia Delta HF Integrale -NEW- Turijnmagazijn<\/title>\n<meta name=\"robots\" content=\"index, follow, max-snippet:-1, max-image-preview:large, max-video-preview:-1\" \/>\n<link rel=\"canonical\" href=\"https:\/\/turijnmagazijn.nl\/it\/prodotto\/pompa-servosterzo-lancia-delta-hf-integral-nuovo\/\" \/>\n<meta property=\"og:locale\" content=\"it_IT\" \/>\n<meta property=\"og:type\" content=\"article\" \/>\n<meta property=\"og:title\" content=\"Pompa servosterzo Lancia Delta HF Integrale -NEW- Turijnmagazijn\" \/>\n<meta property=\"og:description\" content=\"7732808 pompa servosterzo Lancia Delta Integrale Evo ZF\" \/>\n<meta property=\"og:url\" content=\"https:\/\/turijnmagazijn.nl\/it\/prodotto\/pompa-servosterzo-lancia-delta-hf-integral-nuovo\/\" \/>\n<meta property=\"og:site_name\" content=\"Turijnmagazijn\" \/>\n<meta property=\"article:publisher\" content=\"https:\/\/www.facebook.com\/turijnmagazijn\" \/>\n<meta property=\"article:modified_time\" content=\"2023-07-31T15:03:31+00:00\" \/>\n<meta property=\"og:image\" content=\"https:\/\/turijnmagazijn.nl\/wp-content\/uploads\/2023\/03\/DN00100004_Stuurbekrachtigingspomp_Lancia_Delta_HF_Integrale_NIEUW_3.jpg\" \/>\n\t<meta property=\"og:image:width\" content=\"800\" \/>\n\t<meta property=\"og:image:height\" content=\"600\" \/>\n\t<meta property=\"og:image:type\" content=\"image\/jpeg\" \/>\n<meta name=\"twitter:card\" content=\"summary_large_image\" \/>\n<meta name=\"twitter:label1\" content=\"Tempo di lettura stimato\" \/>\n\t<meta name=\"twitter:data1\" content=\"1 minuto\" \/>\n<script type=\"application\/ld+json\" class=\"yoast-schema-graph\">{\"@context\":\"https:\/\/schema.org\",\"@graph\":[{\"@type\":\"WebPage\",\"@id\":\"https:\/\/turijnmagazijn.nl\/it\/prodotto\/pompa-servosterzo-lancia-delta-hf-integral-nuovo\/\",\"url\":\"https:\/\/turijnmagazijn.nl\/it\/prodotto\/pompa-servosterzo-lancia-delta-hf-integral-nuovo\/\",\"name\":\"Pompa servosterzo Lancia Delta HF Integrale -NEW- Turijnmagazijn\",\"isPartOf\":{\"@id\":\"https:\/\/turijnmagazijn.jumpstone-dev.nl\/#website\"},\"primaryImageOfPage\":{\"@id\":\"https:\/\/turijnmagazijn.nl\/it\/prodotto\/pompa-servosterzo-lancia-delta-hf-integral-nuovo\/#primaryimage\"},\"image\":{\"@id\":\"https:\/\/turijnmagazijn.nl\/it\/prodotto\/pompa-servosterzo-lancia-delta-hf-integral-nuovo\/#primaryimage\"},\"thumbnailUrl\":\"https:\/\/turijnmagazijn.nl\/wp-content\/uploads\/2023\/03\/DN00100004_Stuurbekrachtigingspomp_Lancia_Delta_HF_Integrale_NIEUW_3.jpg\",\"datePublished\":\"2023-03-03T07:08:36+00:00\",\"dateModified\":\"2023-07-31T15:03:31+00:00\",\"breadcrumb\":{\"@id\":\"https:\/\/turijnmagazijn.nl\/it\/prodotto\/pompa-servosterzo-lancia-delta-hf-integral-nuovo\/#breadcrumb\"},\"inLanguage\":\"it-IT\",\"potentialAction\":[{\"@type\":\"ReadAction\",\"target\":[\"https:\/\/turijnmagazijn.nl\/it\/prodotto\/pompa-servosterzo-lancia-delta-hf-integral-nuovo\/\"]}]},{\"@type\":\"ImageObject\",\"inLanguage\":\"it-IT\",\"@id\":\"https:\/\/turijnmagazijn.nl\/it\/prodotto\/pompa-servosterzo-lancia-delta-hf-integral-nuovo\/#primaryimage\",\"url\":\"https:\/\/turijnmagazijn.nl\/wp-content\/uploads\/2023\/03\/DN00100004_Stuurbekrachtigingspomp_Lancia_Delta_HF_Integrale_NIEUW_3.jpg\",\"contentUrl\":\"https:\/\/turijnmagazijn.nl\/wp-content\/uploads\/2023\/03\/DN00100004_Stuurbekrachtigingspomp_Lancia_Delta_HF_Integrale_NIEUW_3.jpg\",\"width\":800,\"height\":600},{\"@type\":\"BreadcrumbList\",\"@id\":\"https:\/\/turijnmagazijn.nl\/it\/prodotto\/pompa-servosterzo-lancia-delta-hf-integral-nuovo\/#breadcrumb\",\"itemListElement\":[{\"@type\":\"ListItem\",\"position\":1,\"name\":\"Home\",\"item\":\"https:\/\/turijnmagazijn.jumpstone-dev.nl\/\"},{\"@type\":\"ListItem\",\"position\":2,\"name\":\"Prodotti\",\"item\":\"https:\/\/turijnmagazijn.nl\/it\/shop\/\"},{\"@type\":\"ListItem\",\"position\":3,\"name\":\"Pompa servosterzo Lancia Delta HF Integrale -NEW-\"}]},{\"@type\":\"WebSite\",\"@id\":\"https:\/\/turijnmagazijn.jumpstone-dev.nl\/#website\",\"url\":\"https:\/\/turijnmagazijn.jumpstone-dev.nl\/\",\"name\":\"Turijnmagazijn\",\"description\":\"Onderdelen nieuw en gebruikt - Fiat &amp; Lancia\",\"publisher\":{\"@id\":\"https:\/\/turijnmagazijn.jumpstone-dev.nl\/#organization\"},\"potentialAction\":[{\"@type\":\"SearchAction\",\"target\":{\"@type\":\"EntryPoint\",\"urlTemplate\":\"https:\/\/turijnmagazijn.jumpstone-dev.nl\/?s={search_term_string}\"},\"query-input\":{\"@type\":\"PropertyValueSpecification\",\"valueRequired\":true,\"valueName\":\"search_term_string\"}}],\"inLanguage\":\"it-IT\"},{\"@type\":\"Organization\",\"@id\":\"https:\/\/turijnmagazijn.jumpstone-dev.nl\/#organization\",\"name\":\"Turijnmagazijn\",\"url\":\"https:\/\/turijnmagazijn.jumpstone-dev.nl\/\",\"logo\":{\"@type\":\"ImageObject\",\"inLanguage\":\"it-IT\",\"@id\":\"https:\/\/turijnmagazijn.jumpstone-dev.nl\/#\/schema\/logo\/image\/\",\"url\":\"https:\/\/turijnmagazijn.nl\/wp-content\/uploads\/2021\/02\/turijnmagazijnlogo.png\",\"contentUrl\":\"https:\/\/turijnmagazijn.nl\/wp-content\/uploads\/2021\/02\/turijnmagazijnlogo.png\",\"width\":555,\"height\":270,\"caption\":\"Turijnmagazijn\"},\"image\":{\"@id\":\"https:\/\/turijnmagazijn.jumpstone-dev.nl\/#\/schema\/logo\/image\/\"},\"sameAs\":[\"https:\/\/www.facebook.com\/turijnmagazijn\"]}]}<\/script>\n<!-- \/ Yoast SEO plugin. -->","yoast_head_json":{"title":"Pompa servosterzo Lancia Delta HF Integrale -NEW- Turijnmagazijn","robots":{"index":"index","follow":"follow","max-snippet":"max-snippet:-1","max-image-preview":"max-image-preview:large","max-video-preview":"max-video-preview:-1"},"canonical":"https:\/\/turijnmagazijn.nl\/it\/prodotto\/pompa-servosterzo-lancia-delta-hf-integral-nuovo\/","og_locale":"it_IT","og_type":"article","og_title":"Pompa servosterzo Lancia Delta HF Integrale -NEW- Turijnmagazijn","og_description":"7732808 pompa servosterzo Lancia Delta Integrale Evo ZF","og_url":"https:\/\/turijnmagazijn.nl\/it\/prodotto\/pompa-servosterzo-lancia-delta-hf-integral-nuovo\/","og_site_name":"Turijnmagazijn","article_publisher":"https:\/\/www.facebook.com\/turijnmagazijn","article_modified_time":"2023-07-31T15:03:31+00:00","og_image":[{"width":800,"height":600,"url":"https:\/\/turijnmagazijn.nl\/wp-content\/uploads\/2023\/03\/DN00100004_Stuurbekrachtigingspomp_Lancia_Delta_HF_Integrale_NIEUW_3.jpg","type":"image\/jpeg"}],"twitter_card":"summary_large_image","twitter_misc":{"Tempo di lettura stimato":"1 minuto"},"schema":{"@context":"https:\/\/schema.org","@graph":[{"@type":"WebPage","@id":"https:\/\/turijnmagazijn.nl\/it\/prodotto\/pompa-servosterzo-lancia-delta-hf-integral-nuovo\/","url":"https:\/\/turijnmagazijn.nl\/it\/prodotto\/pompa-servosterzo-lancia-delta-hf-integral-nuovo\/","name":"Pompa servosterzo Lancia Delta HF Integrale -NEW- Turijnmagazijn","isPartOf":{"@id":"https:\/\/turijnmagazijn.jumpstone-dev.nl\/#website"},"primaryImageOfPage":{"@id":"https:\/\/turijnmagazijn.nl\/it\/prodotto\/pompa-servosterzo-lancia-delta-hf-integral-nuovo\/#primaryimage"},"image":{"@id":"https:\/\/turijnmagazijn.nl\/it\/prodotto\/pompa-servosterzo-lancia-delta-hf-integral-nuovo\/#primaryimage"},"thumbnailUrl":"https:\/\/turijnmagazijn.nl\/wp-content\/uploads\/2023\/03\/DN00100004_Stuurbekrachtigingspomp_Lancia_Delta_HF_Integrale_NIEUW_3.jpg","datePublished":"2023-03-03T07:08:36+00:00","dateModified":"2023-07-31T15:03:31+00:00","breadcrumb":{"@id":"https:\/\/turijnmagazijn.nl\/it\/prodotto\/pompa-servosterzo-lancia-delta-hf-integral-nuovo\/#breadcrumb"},"inLanguage":"it-IT","potentialAction":[{"@type":"ReadAction","target":["https:\/\/turijnmagazijn.nl\/it\/prodotto\/pompa-servosterzo-lancia-delta-hf-integral-nuovo\/"]}]},{"@type":"ImageObject","inLanguage":"it-IT","@id":"https:\/\/turijnmagazijn.nl\/it\/prodotto\/pompa-servosterzo-lancia-delta-hf-integral-nuovo\/#primaryimage","url":"https:\/\/turijnmagazijn.nl\/wp-content\/uploads\/2023\/03\/DN00100004_Stuurbekrachtigingspomp_Lancia_Delta_HF_Integrale_NIEUW_3.jpg","contentUrl":"https:\/\/turijnmagazijn.nl\/wp-content\/uploads\/2023\/03\/DN00100004_Stuurbekrachtigingspomp_Lancia_Delta_HF_Integrale_NIEUW_3.jpg","width":800,"height":600},{"@type":"BreadcrumbList","@id":"https:\/\/turijnmagazijn.nl\/it\/prodotto\/pompa-servosterzo-lancia-delta-hf-integral-nuovo\/#breadcrumb","itemListElement":[{"@type":"ListItem","position":1,"name":"Home","item":"https:\/\/turijnmagazijn.jumpstone-dev.nl\/"},{"@type":"ListItem","position":2,"name":"Prodotti","item":"https:\/\/turijnmagazijn.nl\/it\/shop\/"},{"@type":"ListItem","position":3,"name":"Pompa servosterzo Lancia Delta HF Integrale -NEW-"}]},{"@type":"WebSite","@id":"https:\/\/turijnmagazijn.jumpstone-dev.nl\/#website","url":"https:\/\/turijnmagazijn.jumpstone-dev.nl\/","name":"Turijnmagazijn","description":"Onderdelen nieuw en gebruikt - Fiat &amp; Lancia","publisher":{"@id":"https:\/\/turijnmagazijn.jumpstone-dev.nl\/#organization"},"potentialAction":[{"@type":"SearchAction","target":{"@type":"EntryPoint","urlTemplate":"https:\/\/turijnmagazijn.jumpstone-dev.nl\/?s={search_term_string}"},"query-input":{"@type":"PropertyValueSpecification","valueRequired":true,"valueName":"search_term_string"}}],"inLanguage":"it-IT"},{"@type":"Organization","@id":"https:\/\/turijnmagazijn.jumpstone-dev.nl\/#organization","name":"Turijnmagazijn","url":"https:\/\/turijnmagazijn.jumpstone-dev.nl\/","logo":{"@type":"ImageObject","inLanguage":"it-IT","@id":"https:\/\/turijnmagazijn.jumpstone-dev.nl\/#\/schema\/logo\/image\/","url":"https:\/\/turijnmagazijn.nl\/wp-content\/uploads\/2021\/02\/turijnmagazijnlogo.png","contentUrl":"https:\/\/turijnmagazijn.nl\/wp-content\/uploads\/2021\/02\/turijnmagazijnlogo.png","width":555,"height":270,"caption":"Turijnmagazijn"},"image":{"@id":"https:\/\/turijnmagazijn.jumpstone-dev.nl\/#\/schema\/logo\/image\/"},"sameAs":["https:\/\/www.facebook.com\/turijnmagazijn"]}]}},"_links":{"self":[{"href":"https:\/\/turijnmagazijn.nl\/it\/wp-json\/wp\/v2\/product\/62293","targetHints":{"allow":["GET"]}}],"collection":[{"href":"https:\/\/turijnmagazijn.nl\/it\/wp-json\/wp\/v2\/product"}],"about":[{"href":"https:\/\/turijnmagazijn.nl\/it\/wp-json\/wp\/v2\/types\/product"}],"replies":[{"embeddable":true,"href":"https:\/\/turijnmagazijn.nl\/it\/wp-json\/wp\/v2\/comments?post=62293"}],"wp:featuredmedia":[{"embeddable":true,"href":"https:\/\/turijnmagazijn.nl\/it\/wp-json\/wp\/v2\/media\/33978"}],"wp:attachment":[{"href":"https:\/\/turijnmagazijn.nl\/it\/wp-json\/wp\/v2\/media?parent=62293"}],"wp:term":[{"taxonomy":"product_brand","embeddable":true,"href":"https:\/\/turijnmagazijn.nl\/it\/wp-json\/wp\/v2\/product_brand?post=62293"},{"taxonomy":"product_cat","embeddable":true,"href":"https:\/\/turijnmagazijn.nl\/it\/wp-json\/wp\/v2\/product_cat?post=62293"},{"taxonomy":"product_tag","embeddable":true,"href":"https:\/\/turijnmagazijn.nl\/it\/wp-json\/wp\/v2\/product_tag?post=62293"}],"curies":[{"name":"wp","href":"https:\/\/api.w.org\/{rel}","templated":true}]}}