{"id":62331,"date":"2023-03-03T08:08:59","date_gmt":"2023-03-03T07:08:59","guid":{"rendered":"https:\/\/turijnmagazijn.nl\/product\/resistenza-radiatore-ventilatore-fiat-lancia-alfa-romeo-new\/"},"modified":"2026-02-15T14:15:40","modified_gmt":"2026-02-15T13:15:40","slug":"resistenza-radiatore-ventilatore-fiat-lancia-alpha-romeo-nuovo","status":"publish","type":"product","link":"https:\/\/turijnmagazijn.nl\/it\/prodotto\/resistenza-radiatore-ventilatore-fiat-lancia-alpha-romeo-nuovo\/","title":{"rendered":"Resistenza Radiatore Ventilatore Fiat\/Lancia\/Alfa Romeo -NEW-"},"content":{"rendered":"<p style=\"margin-bottom: 10px; line-height: 20.79px; font-size: 13px;\">Nuova resistenza per la ventola di raffreddamento \/ ventola del radiatore con una resistenza di 0,18 Ohm. Questo tipo di resistenza \u00e8 stata applicata a un numero molto elevato di modelli Fiat Lancia e Alfa Romeo. Riguarda una parte di imitazione prodotta in Cina. La qualit\u00e0 costruttiva \u00e8 leggermente inferiore rispetto alle resistenze originali prodotte in Italia che il rivenditore fornisce e prescrive. Tuttavia, un resistore originale attraverso il rivenditore costa almeno il 60,-, anche se ottieni questa resistenza solo met\u00e0 della vita di uno originale, sei comunque pi\u00f9 economico!<\/p>\n<p style=\"margin-bottom: 10px; line-height: 20.79px; font-size: 13px;\"><span style=\"line-height: 20.79px; font-size: 13.33px;\">Resistenza ventola 0,18 Ohm tipo R19K marcatura A563<\/span><\/p>\n<p>  Parte numero 2 del disegno tecnico della EPER numero 1040900001 relativo all&#8217;applicazione sulla Lancia Delta Integrale.<br \/>\n\u00c8 necessaria una copia di questo componente per ogni auto.   <\/p>\n<p style=\"margin-bottom: 10px; line-height: 20.79px; font-size: 13px;\">Applicabile alle seguenti autovetture:<\/p>\n<table class=\"table table-bordered\">\n<tbody>\n<tr>\n<td><span style=\"font-weight: bold;\">Alfa Romeo: <\/span><\/td>\n<td><span style=\"font-weight: bold;\">Lancia:<\/span><\/td>\n<td><span style=\"font-weight: bold;\">Fiat:<\/span><\/td>\n<\/tr>\n<tr>\n<td>145<\/td>\n<td>LANCIA DEDRA<\/td>\n<td>Barchetta<\/td>\n<\/tr>\n<tr>\n<td>146<\/td>\n<td>LANCIA DELTA<\/td>\n<td>Idea<\/td>\n<\/tr>\n<tr>\n<td>147<\/td>\n<td>LANCIA KAPPA<\/td>\n<td>Punto II (1999-2009)<\/td>\n<\/tr>\n<tr>\n<td>155<\/td>\n<td>LANCIA LYBRA<\/td>\n<td>Bravo (1995-2001)<\/td>\n<\/tr>\n<tr>\n<td>156<\/td>\n<td>LANCIA THEMA<\/td>\n<td>Brava (1995-2001)<\/td>\n<\/tr>\n<tr>\n<td>164<\/td>\n<td>LANCIA Y<\/td>\n<td>Stilo (2001-2007)<\/td>\n<\/tr>\n<tr>\n<td>166<\/td>\n<td><\/td>\n<td>Multipla (1998-2005)<\/td>\n<\/tr>\n<tr>\n<td>SPIDER<\/td>\n<td><\/td>\n<td>Marea<\/td>\n<\/tr>\n<tr>\n<td> GTV &#8211; GT<\/td>\n<td><\/td>\n<td>Coup\u00e9 (1996-2000)<\/td>\n<\/tr>\n<\/tbody>\n<\/table>\n<p style=\"margin-bottom: 10px; line-height: 20.79px; font-size: 13px;\">Quando la resistenza della tua auto \u00e8 difettosa, la funzione di cambio della ventola non funziona pi\u00f9 correttamente e la ventola pu\u00f2 funzionare solo a piena potenza o spenta, non pi\u00f9 a met\u00e0 potenza. La sostituzione del resistore risolve questo problema e impedisce il surriscaldamento dell&#8217;acqua di raffreddamento.<\/p>\n<p style=\"margin-bottom: 10px; line-height: 20.79px; font-size: 13px;\"><span style=\"font-weight: bold;\">Abbiamo questa parte in magazzino nei Paesi Bassi, quindi entro due giorni lavorativi a casa tua!<\/span><\/p>\n<p style=\"margin-bottom: 10px; line-height: 20.79px;\">Numero OEM ALFA ROMEO: 60692416<\/p>\n<p style=\"margin-bottom: 10px; line-height: 20.79px;\">NUMERO OEM ALFA ROMEO: 60656300<\/p>\n<p style=\"margin-bottom: 10px; line-height: 20.79px;\">NUMERO OEM ALFA ROMEO: 60617160<\/p>\n<p style=\"margin-bottom: 10px; line-height: 20.79px;\">Numero Fiat OE: 51736774<\/p>\n<p style=\"margin-bottom: 10px; line-height: 20.79px;\">Numero OEM Fiat: 46533716<\/p>\n<p style=\"margin-bottom: 10px; line-height: 20.79px;\">Numero OEM Fiat: 51736776<\/p>\n<p style=\"margin-bottom: 10px; line-height: 20.79px;\">Numero OEM Fiat: 7782831<\/p>\n<p style=\"margin-bottom: 10px; line-height: 20.79px;\">Numero OEM Fiat: 7739435<\/p>\n<p style=\"margin-bottom: 10px; line-height: 20.79px;\">Numero Fiat OE: 7606530<\/p>\n<p style=\"margin-bottom: 10px; line-height: 20.79px;\">Numero OEM LANCIA: 7739435<\/p>\n<p style=\"margin-bottom: 10px; line-height: 20.79px;\">Numero OEM LANCIA: 7782831<\/p>\n<p style=\"margin-bottom: 10px; line-height: 20.79px;\">Numero OEM LANCIA: 60811737<\/p>\n<p style=\"margin-bottom: 10px; line-height: 20.79px;\">Numero OEM LANCIA: 71740060<\/p>\n<p style=\"margin-bottom: 10px; line-height: 20.79px;\">Numero OEM LANCIA: 51736774<\/p>\n<p style=\"margin-bottom: 10px; line-height: 20.79px;\">Numero OEM LANCIA: 60658834<\/p>\n<p style=\"margin-bottom: 10px; line-height: 20.79px;\">Numero OEM LANCIA: 51736776<\/p>\n","protected":false},"excerpt":{"rendered":"<p>7739435 Resistenza Radiatore Ventilatore Fiat\/Lancia\/Alfa Romeo -NEW- &#8211; Nuova resistenza per la ventola di raffreddamento\/ventola del radiatore con resistenza di 0,18 Ohm.<\/p>\n","protected":false},"featured_media":34482,"comment_status":"closed","ping_status":"closed","template":"","meta":{"_acf_changed":false},"product_brand":[],"product_cat":[1810,1598,1604,1608,1610,1614,1653,1649,1845,1852,1767,1772,1583,1703,1863,1711,1866,1720,1804,1808,1843,1691,1630,1820,1633,1824,1828,1835,1832,1840,1857,1800,1875,1733,1739,1776,1749,1884,1618,1624,1764,1871,1879,1893,1903,1899,1915],"product_tag":[],"class_list":{"0":"post-62331","1":"product","2":"type-product","3":"status-publish","4":"has-post-thumbnail","6":"product_cat-1-1-1-3-1-5-it","7":"product_cat-145-930a-it","8":"product_cat-146-930b-it","9":"product_cat-147-937-it","10":"product_cat-155-167-it","11":"product_cat-156-932-it","12":"product_cat-164-164-it","13":"product_cat-166-936-it","14":"product_cat-3-deurs-hpe-it","15":"product_cat-5-deurs-it","16":"product_cat-5drs-it","17":"product_cat-abarth-3drs-it","18":"product_cat-alfa-romeo-it","19":"product_cat-barchetta-183-it","20":"product_cat-berlina-it","21":"product_cat-bravo-198-it","22":"product_cat-coupe-it","23":"product_cat-coupe-175-it","24":"product_cat-dedra-835-it","25":"product_cat-delta-1-831-it","26":"product_cat-delta-2-836-it","27":"product_cat-fiat-it","28":"product_cat-gt-937-it","29":"product_cat-gt-i-e-it","30":"product_cat-gtv-916-it","31":"product_cat-hf-4wd-it","32":"product_cat-hf-turbo-it","33":"product_cat-integrale-16v-it","34":"product_cat-integrale-8v-it","35":"product_cat-integrale-evo-it","36":"product_cat-kappa-838-it","37":"product_cat-lancia-it","38":"product_cat-lybra-839-it","39":"product_cat-marea-185-it","40":"product_cat-multipla-186-it","41":"product_cat-multiwagon-it","42":"product_cat-punto-2-188-it","43":"product_cat-sedan-lybra-839-it","44":"product_cat-sedan-it","45":"product_cat-sportwagon-it","46":"product_cat-stilo-192-it","47":"product_cat-sw-it","48":"product_cat-sw-lybra-839-it","49":"product_cat-thema-834-it","50":"product_cat-thema-sedan-it","51":"product_cat-thema-sw-it","52":"product_cat-ypsilon-1-840-it","53":"pa_soort-onderdeel-elettronica-e-cavi","55":"first","56":"instock","57":"taxable","58":"shipping-taxable","59":"purchasable","60":"product-type-simple"},"acf":[],"yoast_head":"<!-- This site is optimized with the Yoast SEO plugin v27.3 - https:\/\/yoast.com\/product\/yoast-seo-wordpress\/ -->\n<title>Resistenza Radiatore Ventilatore Fiat\/Lancia\/Alfa Romeo -NEW- Turijnmagazijn<\/title>\n<meta name=\"robots\" content=\"index, follow, max-snippet:-1, max-image-preview:large, max-video-preview:-1\" \/>\n<link rel=\"canonical\" href=\"https:\/\/turijnmagazijn.nl\/it\/prodotto\/resistenza-radiatore-ventilatore-fiat-lancia-alpha-romeo-nuovo\/\" \/>\n<meta property=\"og:locale\" content=\"it_IT\" \/>\n<meta property=\"og:type\" content=\"article\" \/>\n<meta property=\"og:title\" content=\"Resistenza Radiatore Ventilatore Fiat\/Lancia\/Alfa Romeo -NEW- Turijnmagazijn\" \/>\n<meta property=\"og:description\" content=\"7739435 Resistenza Radiatore Ventilatore Fiat\/Lancia\/Alfa Romeo -NEW- - Nuova resistenza per la ventola di raffreddamento\/ventola del radiatore con resistenza di 0,18 Ohm.\" \/>\n<meta property=\"og:url\" content=\"https:\/\/turijnmagazijn.nl\/it\/prodotto\/resistenza-radiatore-ventilatore-fiat-lancia-alpha-romeo-nuovo\/\" \/>\n<meta property=\"og:site_name\" content=\"Turijnmagazijn\" \/>\n<meta property=\"article:publisher\" content=\"https:\/\/www.facebook.com\/turijnmagazijn\" \/>\n<meta property=\"article:modified_time\" content=\"2026-02-15T13:15:40+00:00\" \/>\n<meta property=\"og:image\" content=\"https:\/\/turijnmagazijn.nl\/wp-content\/uploads\/2023\/03\/DN00100032-Weerstand-Radiateur-Ventilator-Fiat-Lancia-Alfa-Romeo-NIEUW-4.jpg\" \/>\n\t<meta property=\"og:image:width\" content=\"1024\" \/>\n\t<meta property=\"og:image:height\" content=\"768\" \/>\n\t<meta property=\"og:image:type\" content=\"image\/jpeg\" \/>\n<meta name=\"twitter:card\" content=\"summary_large_image\" \/>\n<meta name=\"twitter:label1\" content=\"Tempo di lettura stimato\" \/>\n\t<meta name=\"twitter:data1\" content=\"1 minuto\" \/>\n<script type=\"application\/ld+json\" class=\"yoast-schema-graph\">{\"@context\":\"https:\\\/\\\/schema.org\",\"@graph\":[{\"@type\":\"WebPage\",\"@id\":\"https:\\\/\\\/turijnmagazijn.nl\\\/it\\\/prodotto\\\/resistenza-radiatore-ventilatore-fiat-lancia-alpha-romeo-nuovo\\\/\",\"url\":\"https:\\\/\\\/turijnmagazijn.nl\\\/it\\\/prodotto\\\/resistenza-radiatore-ventilatore-fiat-lancia-alpha-romeo-nuovo\\\/\",\"name\":\"Resistenza Radiatore Ventilatore Fiat\\\/Lancia\\\/Alfa Romeo -NEW- Turijnmagazijn\",\"isPartOf\":{\"@id\":\"https:\\\/\\\/turijnmagazijn.jumpstone-dev.nl\\\/#website\"},\"primaryImageOfPage\":{\"@id\":\"https:\\\/\\\/turijnmagazijn.nl\\\/it\\\/prodotto\\\/resistenza-radiatore-ventilatore-fiat-lancia-alpha-romeo-nuovo\\\/#primaryimage\"},\"image\":{\"@id\":\"https:\\\/\\\/turijnmagazijn.nl\\\/it\\\/prodotto\\\/resistenza-radiatore-ventilatore-fiat-lancia-alpha-romeo-nuovo\\\/#primaryimage\"},\"thumbnailUrl\":\"https:\\\/\\\/turijnmagazijn.nl\\\/wp-content\\\/uploads\\\/2023\\\/03\\\/DN00100032-Weerstand-Radiateur-Ventilator-Fiat-Lancia-Alfa-Romeo-NIEUW-4.jpg\",\"datePublished\":\"2023-03-03T07:08:59+00:00\",\"dateModified\":\"2026-02-15T13:15:40+00:00\",\"breadcrumb\":{\"@id\":\"https:\\\/\\\/turijnmagazijn.nl\\\/it\\\/prodotto\\\/resistenza-radiatore-ventilatore-fiat-lancia-alpha-romeo-nuovo\\\/#breadcrumb\"},\"inLanguage\":\"it-IT\",\"potentialAction\":[{\"@type\":\"ReadAction\",\"target\":[\"https:\\\/\\\/turijnmagazijn.nl\\\/it\\\/prodotto\\\/resistenza-radiatore-ventilatore-fiat-lancia-alpha-romeo-nuovo\\\/\"]}]},{\"@type\":\"ImageObject\",\"inLanguage\":\"it-IT\",\"@id\":\"https:\\\/\\\/turijnmagazijn.nl\\\/it\\\/prodotto\\\/resistenza-radiatore-ventilatore-fiat-lancia-alpha-romeo-nuovo\\\/#primaryimage\",\"url\":\"https:\\\/\\\/turijnmagazijn.nl\\\/wp-content\\\/uploads\\\/2023\\\/03\\\/DN00100032-Weerstand-Radiateur-Ventilator-Fiat-Lancia-Alfa-Romeo-NIEUW-4.jpg\",\"contentUrl\":\"https:\\\/\\\/turijnmagazijn.nl\\\/wp-content\\\/uploads\\\/2023\\\/03\\\/DN00100032-Weerstand-Radiateur-Ventilator-Fiat-Lancia-Alfa-Romeo-NIEUW-4.jpg\",\"width\":1024,\"height\":768},{\"@type\":\"BreadcrumbList\",\"@id\":\"https:\\\/\\\/turijnmagazijn.nl\\\/it\\\/prodotto\\\/resistenza-radiatore-ventilatore-fiat-lancia-alpha-romeo-nuovo\\\/#breadcrumb\",\"itemListElement\":[{\"@type\":\"ListItem\",\"position\":1,\"name\":\"Home\",\"item\":\"https:\\\/\\\/turijnmagazijn.nl\\\/it\\\/\"},{\"@type\":\"ListItem\",\"position\":2,\"name\":\"Prodotti\",\"item\":\"https:\\\/\\\/turijnmagazijn.nl\\\/it\\\/shop\\\/\"},{\"@type\":\"ListItem\",\"position\":3,\"name\":\"Resistenza Radiatore Ventilatore Fiat\\\/Lancia\\\/Alfa Romeo -NEW-\"}]},{\"@type\":\"WebSite\",\"@id\":\"https:\\\/\\\/turijnmagazijn.jumpstone-dev.nl\\\/#website\",\"url\":\"https:\\\/\\\/turijnmagazijn.jumpstone-dev.nl\\\/\",\"name\":\"Turijnmagazijn\",\"description\":\"Onderdelen nieuw en gebruikt - Fiat &amp; Lancia\",\"publisher\":{\"@id\":\"https:\\\/\\\/turijnmagazijn.jumpstone-dev.nl\\\/#organization\"},\"potentialAction\":[{\"@type\":\"SearchAction\",\"target\":{\"@type\":\"EntryPoint\",\"urlTemplate\":\"https:\\\/\\\/turijnmagazijn.jumpstone-dev.nl\\\/?s={search_term_string}\"},\"query-input\":{\"@type\":\"PropertyValueSpecification\",\"valueRequired\":true,\"valueName\":\"search_term_string\"}}],\"inLanguage\":\"it-IT\"},{\"@type\":\"Organization\",\"@id\":\"https:\\\/\\\/turijnmagazijn.jumpstone-dev.nl\\\/#organization\",\"name\":\"Turijnmagazijn\",\"url\":\"https:\\\/\\\/turijnmagazijn.jumpstone-dev.nl\\\/\",\"logo\":{\"@type\":\"ImageObject\",\"inLanguage\":\"it-IT\",\"@id\":\"https:\\\/\\\/turijnmagazijn.jumpstone-dev.nl\\\/#\\\/schema\\\/logo\\\/image\\\/\",\"url\":\"https:\\\/\\\/turijnmagazijn.nl\\\/wp-content\\\/uploads\\\/2021\\\/02\\\/turijnmagazijnlogo.png\",\"contentUrl\":\"https:\\\/\\\/turijnmagazijn.nl\\\/wp-content\\\/uploads\\\/2021\\\/02\\\/turijnmagazijnlogo.png\",\"width\":555,\"height\":270,\"caption\":\"Turijnmagazijn\"},\"image\":{\"@id\":\"https:\\\/\\\/turijnmagazijn.jumpstone-dev.nl\\\/#\\\/schema\\\/logo\\\/image\\\/\"},\"sameAs\":[\"https:\\\/\\\/www.facebook.com\\\/turijnmagazijn\"]}]}<\/script>\n<!-- \/ Yoast SEO plugin. -->","yoast_head_json":{"title":"Resistenza Radiatore Ventilatore Fiat\/Lancia\/Alfa Romeo -NEW- Turijnmagazijn","robots":{"index":"index","follow":"follow","max-snippet":"max-snippet:-1","max-image-preview":"max-image-preview:large","max-video-preview":"max-video-preview:-1"},"canonical":"https:\/\/turijnmagazijn.nl\/it\/prodotto\/resistenza-radiatore-ventilatore-fiat-lancia-alpha-romeo-nuovo\/","og_locale":"it_IT","og_type":"article","og_title":"Resistenza Radiatore Ventilatore Fiat\/Lancia\/Alfa Romeo -NEW- Turijnmagazijn","og_description":"7739435 Resistenza Radiatore Ventilatore Fiat\/Lancia\/Alfa Romeo -NEW- - Nuova resistenza per la ventola di raffreddamento\/ventola del radiatore con resistenza di 0,18 Ohm.","og_url":"https:\/\/turijnmagazijn.nl\/it\/prodotto\/resistenza-radiatore-ventilatore-fiat-lancia-alpha-romeo-nuovo\/","og_site_name":"Turijnmagazijn","article_publisher":"https:\/\/www.facebook.com\/turijnmagazijn","article_modified_time":"2026-02-15T13:15:40+00:00","og_image":[{"width":1024,"height":768,"url":"https:\/\/turijnmagazijn.nl\/wp-content\/uploads\/2023\/03\/DN00100032-Weerstand-Radiateur-Ventilator-Fiat-Lancia-Alfa-Romeo-NIEUW-4.jpg","type":"image\/jpeg"}],"twitter_card":"summary_large_image","twitter_misc":{"Tempo di lettura stimato":"1 minuto"},"schema":{"@context":"https:\/\/schema.org","@graph":[{"@type":"WebPage","@id":"https:\/\/turijnmagazijn.nl\/it\/prodotto\/resistenza-radiatore-ventilatore-fiat-lancia-alpha-romeo-nuovo\/","url":"https:\/\/turijnmagazijn.nl\/it\/prodotto\/resistenza-radiatore-ventilatore-fiat-lancia-alpha-romeo-nuovo\/","name":"Resistenza Radiatore Ventilatore Fiat\/Lancia\/Alfa Romeo -NEW- Turijnmagazijn","isPartOf":{"@id":"https:\/\/turijnmagazijn.jumpstone-dev.nl\/#website"},"primaryImageOfPage":{"@id":"https:\/\/turijnmagazijn.nl\/it\/prodotto\/resistenza-radiatore-ventilatore-fiat-lancia-alpha-romeo-nuovo\/#primaryimage"},"image":{"@id":"https:\/\/turijnmagazijn.nl\/it\/prodotto\/resistenza-radiatore-ventilatore-fiat-lancia-alpha-romeo-nuovo\/#primaryimage"},"thumbnailUrl":"https:\/\/turijnmagazijn.nl\/wp-content\/uploads\/2023\/03\/DN00100032-Weerstand-Radiateur-Ventilator-Fiat-Lancia-Alfa-Romeo-NIEUW-4.jpg","datePublished":"2023-03-03T07:08:59+00:00","dateModified":"2026-02-15T13:15:40+00:00","breadcrumb":{"@id":"https:\/\/turijnmagazijn.nl\/it\/prodotto\/resistenza-radiatore-ventilatore-fiat-lancia-alpha-romeo-nuovo\/#breadcrumb"},"inLanguage":"it-IT","potentialAction":[{"@type":"ReadAction","target":["https:\/\/turijnmagazijn.nl\/it\/prodotto\/resistenza-radiatore-ventilatore-fiat-lancia-alpha-romeo-nuovo\/"]}]},{"@type":"ImageObject","inLanguage":"it-IT","@id":"https:\/\/turijnmagazijn.nl\/it\/prodotto\/resistenza-radiatore-ventilatore-fiat-lancia-alpha-romeo-nuovo\/#primaryimage","url":"https:\/\/turijnmagazijn.nl\/wp-content\/uploads\/2023\/03\/DN00100032-Weerstand-Radiateur-Ventilator-Fiat-Lancia-Alfa-Romeo-NIEUW-4.jpg","contentUrl":"https:\/\/turijnmagazijn.nl\/wp-content\/uploads\/2023\/03\/DN00100032-Weerstand-Radiateur-Ventilator-Fiat-Lancia-Alfa-Romeo-NIEUW-4.jpg","width":1024,"height":768},{"@type":"BreadcrumbList","@id":"https:\/\/turijnmagazijn.nl\/it\/prodotto\/resistenza-radiatore-ventilatore-fiat-lancia-alpha-romeo-nuovo\/#breadcrumb","itemListElement":[{"@type":"ListItem","position":1,"name":"Home","item":"https:\/\/turijnmagazijn.nl\/it\/"},{"@type":"ListItem","position":2,"name":"Prodotti","item":"https:\/\/turijnmagazijn.nl\/it\/shop\/"},{"@type":"ListItem","position":3,"name":"Resistenza Radiatore Ventilatore Fiat\/Lancia\/Alfa Romeo -NEW-"}]},{"@type":"WebSite","@id":"https:\/\/turijnmagazijn.jumpstone-dev.nl\/#website","url":"https:\/\/turijnmagazijn.jumpstone-dev.nl\/","name":"Turijnmagazijn","description":"Onderdelen nieuw en gebruikt - Fiat &amp; Lancia","publisher":{"@id":"https:\/\/turijnmagazijn.jumpstone-dev.nl\/#organization"},"potentialAction":[{"@type":"SearchAction","target":{"@type":"EntryPoint","urlTemplate":"https:\/\/turijnmagazijn.jumpstone-dev.nl\/?s={search_term_string}"},"query-input":{"@type":"PropertyValueSpecification","valueRequired":true,"valueName":"search_term_string"}}],"inLanguage":"it-IT"},{"@type":"Organization","@id":"https:\/\/turijnmagazijn.jumpstone-dev.nl\/#organization","name":"Turijnmagazijn","url":"https:\/\/turijnmagazijn.jumpstone-dev.nl\/","logo":{"@type":"ImageObject","inLanguage":"it-IT","@id":"https:\/\/turijnmagazijn.jumpstone-dev.nl\/#\/schema\/logo\/image\/","url":"https:\/\/turijnmagazijn.nl\/wp-content\/uploads\/2021\/02\/turijnmagazijnlogo.png","contentUrl":"https:\/\/turijnmagazijn.nl\/wp-content\/uploads\/2021\/02\/turijnmagazijnlogo.png","width":555,"height":270,"caption":"Turijnmagazijn"},"image":{"@id":"https:\/\/turijnmagazijn.jumpstone-dev.nl\/#\/schema\/logo\/image\/"},"sameAs":["https:\/\/www.facebook.com\/turijnmagazijn"]}]}},"_links":{"self":[{"href":"https:\/\/turijnmagazijn.nl\/it\/wp-json\/wp\/v2\/product\/62331","targetHints":{"allow":["GET"]}}],"collection":[{"href":"https:\/\/turijnmagazijn.nl\/it\/wp-json\/wp\/v2\/product"}],"about":[{"href":"https:\/\/turijnmagazijn.nl\/it\/wp-json\/wp\/v2\/types\/product"}],"replies":[{"embeddable":true,"href":"https:\/\/turijnmagazijn.nl\/it\/wp-json\/wp\/v2\/comments?post=62331"}],"wp:featuredmedia":[{"embeddable":true,"href":"https:\/\/turijnmagazijn.nl\/it\/wp-json\/wp\/v2\/media\/34482"}],"wp:attachment":[{"href":"https:\/\/turijnmagazijn.nl\/it\/wp-json\/wp\/v2\/media?parent=62331"}],"wp:term":[{"taxonomy":"product_brand","embeddable":true,"href":"https:\/\/turijnmagazijn.nl\/it\/wp-json\/wp\/v2\/product_brand?post=62331"},{"taxonomy":"product_cat","embeddable":true,"href":"https:\/\/turijnmagazijn.nl\/it\/wp-json\/wp\/v2\/product_cat?post=62331"},{"taxonomy":"product_tag","embeddable":true,"href":"https:\/\/turijnmagazijn.nl\/it\/wp-json\/wp\/v2\/product_tag?post=62331"}],"curies":[{"name":"wp","href":"https:\/\/api.w.org\/{rel}","templated":true}]}}