{"id":62352,"date":"2023-03-03T08:08:37","date_gmt":"2023-03-03T07:08:37","guid":{"rendered":"https:\/\/turijnmagazijn.nl\/product\/valvola-di-soffiaggio-turbo-pressione-lancia-delta-integrale-new\/"},"modified":"2026-02-15T14:15:40","modified_gmt":"2026-02-15T13:15:40","slug":"soffio-valvola-turbo-pressione-lancia-delta-integrale-nuovo","status":"publish","type":"product","link":"https:\/\/turijnmagazijn.nl\/it\/prodotto\/soffio-valvola-turbo-pressione-lancia-delta-integrale-nuovo\/","title":{"rendered":"Valvola di soffiaggio turbo pressione Lancia Delta Integrale -NEW-"},"content":{"rendered":"<p>Valvola di soffiaggio in plastica per turbopressione secondo l&#8217;originale applicato da Lancia. Questa \u00e8 una riproduzione delle specifiche originali Bosch. Questa \u00e8 tecnicamente la stessa identica unit\u00e0 utilizzata da Lancia con la stessa ammaccatura di soffiaggio della versione standard di fabbrica. Un ottimo sostituto per un originale difettoso.<\/p>\n<p>Riguarda una nuova unit\u00e0 nella confezione originale.<\/p>\n<p>OEM Lancia 82408820<\/p>\n<p>Numero OEM solo per riferimento, la parte non \u00e8 una parte originale Lancia!<\/p>\n<p>&nbsp;<\/p>\n<p>Questa parte \u00e8 intercambiabile anche con 82468490 OEM per i modelli FIat COup\u00e9 turbo e per i modelli Lancia Delta 2 con turbo.<\/p>\n<p>&nbsp;<\/p>\n<p>La parte numero 1 del disegno tecnico della EPER numero 1024700003. \u00c8 richiesta una copia per ogni auto.<\/p>\n","protected":false},"excerpt":{"rendered":"<p>82408820 Valvola di soffiaggio turbo pressione Lancia Delta Integrale -NEW- &#8211; Valvola di soffiaggio in plastica per turbopressione conforme all&#8217;originale come si applica Lancia.<\/p>\n","protected":false},"featured_media":34394,"comment_status":"closed","ping_status":"closed","template":"","meta":{"_acf_changed":false},"product_brand":[],"product_cat":[1845,1852,1720,1808,1843,1691,1824,1828,1835,1832,1840,1800],"product_tag":[],"class_list":{"0":"post-62352","1":"product","2":"type-product","3":"status-publish","4":"has-post-thumbnail","6":"product_cat-3-deurs-hpe-it","7":"product_cat-5-deurs-it","8":"product_cat-coupe-175-it","9":"product_cat-delta-1-831-it","10":"product_cat-delta-2-836-it","11":"product_cat-fiat-it","12":"product_cat-hf-4wd-it","13":"product_cat-hf-turbo-it","14":"product_cat-integrale-16v-it","15":"product_cat-integrale-8v-it","16":"product_cat-integrale-evo-it","17":"product_cat-lancia-it","18":"pa_soort-onderdeel-motore-e-accessori","20":"first","21":"instock","22":"featured","23":"taxable","24":"shipping-taxable","25":"purchasable","26":"product-type-simple"},"acf":[],"yoast_head":"<!-- This site is optimized with the Yoast SEO plugin v27.3 - https:\/\/yoast.com\/product\/yoast-seo-wordpress\/ -->\n<title>Valvola di soffiaggio turbo pressione Lancia Delta Integrale -NEW- Turijnmagazijn<\/title>\n<meta name=\"robots\" content=\"index, follow, max-snippet:-1, max-image-preview:large, max-video-preview:-1\" \/>\n<link rel=\"canonical\" href=\"https:\/\/turijnmagazijn.nl\/it\/prodotto\/soffio-valvola-turbo-pressione-lancia-delta-integrale-nuovo\/\" \/>\n<meta property=\"og:locale\" content=\"it_IT\" \/>\n<meta property=\"og:type\" content=\"article\" \/>\n<meta property=\"og:title\" content=\"Valvola di soffiaggio turbo pressione Lancia Delta Integrale -NEW- Turijnmagazijn\" \/>\n<meta property=\"og:description\" content=\"82408820 Valvola di soffiaggio turbo pressione Lancia Delta Integrale -NEW- - Valvola di soffiaggio in plastica per turbopressione conforme all&#039;originale come si applica Lancia.\" \/>\n<meta property=\"og:url\" content=\"https:\/\/turijnmagazijn.nl\/it\/prodotto\/soffio-valvola-turbo-pressione-lancia-delta-integrale-nuovo\/\" \/>\n<meta property=\"og:site_name\" content=\"Turijnmagazijn\" \/>\n<meta property=\"article:publisher\" content=\"https:\/\/www.facebook.com\/turijnmagazijn\" \/>\n<meta property=\"article:modified_time\" content=\"2026-02-15T13:15:40+00:00\" \/>\n<meta property=\"og:image\" content=\"https:\/\/turijnmagazijn.nl\/wp-content\/uploads\/2023\/03\/DN00100043_Afblaasklep_turbodruk_Lancia_Delta_Integrale_-NIEUW-_2.jpg\" \/>\n\t<meta property=\"og:image:width\" content=\"800\" \/>\n\t<meta property=\"og:image:height\" content=\"600\" \/>\n\t<meta property=\"og:image:type\" content=\"image\/jpeg\" \/>\n<meta name=\"twitter:card\" content=\"summary_large_image\" \/>\n<meta name=\"twitter:label1\" content=\"Tempo di lettura stimato\" \/>\n\t<meta name=\"twitter:data1\" content=\"1 minuto\" \/>\n<script type=\"application\/ld+json\" class=\"yoast-schema-graph\">{\"@context\":\"https:\\\/\\\/schema.org\",\"@graph\":[{\"@type\":\"WebPage\",\"@id\":\"https:\\\/\\\/turijnmagazijn.nl\\\/it\\\/prodotto\\\/soffio-valvola-turbo-pressione-lancia-delta-integrale-nuovo\\\/\",\"url\":\"https:\\\/\\\/turijnmagazijn.nl\\\/it\\\/prodotto\\\/soffio-valvola-turbo-pressione-lancia-delta-integrale-nuovo\\\/\",\"name\":\"Valvola di soffiaggio turbo pressione Lancia Delta Integrale -NEW- Turijnmagazijn\",\"isPartOf\":{\"@id\":\"https:\\\/\\\/turijnmagazijn.jumpstone-dev.nl\\\/#website\"},\"primaryImageOfPage\":{\"@id\":\"https:\\\/\\\/turijnmagazijn.nl\\\/it\\\/prodotto\\\/soffio-valvola-turbo-pressione-lancia-delta-integrale-nuovo\\\/#primaryimage\"},\"image\":{\"@id\":\"https:\\\/\\\/turijnmagazijn.nl\\\/it\\\/prodotto\\\/soffio-valvola-turbo-pressione-lancia-delta-integrale-nuovo\\\/#primaryimage\"},\"thumbnailUrl\":\"https:\\\/\\\/turijnmagazijn.nl\\\/wp-content\\\/uploads\\\/2023\\\/03\\\/DN00100043_Afblaasklep_turbodruk_Lancia_Delta_Integrale_-NIEUW-_2.jpg\",\"datePublished\":\"2023-03-03T07:08:37+00:00\",\"dateModified\":\"2026-02-15T13:15:40+00:00\",\"breadcrumb\":{\"@id\":\"https:\\\/\\\/turijnmagazijn.nl\\\/it\\\/prodotto\\\/soffio-valvola-turbo-pressione-lancia-delta-integrale-nuovo\\\/#breadcrumb\"},\"inLanguage\":\"it-IT\",\"potentialAction\":[{\"@type\":\"ReadAction\",\"target\":[\"https:\\\/\\\/turijnmagazijn.nl\\\/it\\\/prodotto\\\/soffio-valvola-turbo-pressione-lancia-delta-integrale-nuovo\\\/\"]}]},{\"@type\":\"ImageObject\",\"inLanguage\":\"it-IT\",\"@id\":\"https:\\\/\\\/turijnmagazijn.nl\\\/it\\\/prodotto\\\/soffio-valvola-turbo-pressione-lancia-delta-integrale-nuovo\\\/#primaryimage\",\"url\":\"https:\\\/\\\/turijnmagazijn.nl\\\/wp-content\\\/uploads\\\/2023\\\/03\\\/DN00100043_Afblaasklep_turbodruk_Lancia_Delta_Integrale_-NIEUW-_2.jpg\",\"contentUrl\":\"https:\\\/\\\/turijnmagazijn.nl\\\/wp-content\\\/uploads\\\/2023\\\/03\\\/DN00100043_Afblaasklep_turbodruk_Lancia_Delta_Integrale_-NIEUW-_2.jpg\",\"width\":800,\"height\":600},{\"@type\":\"BreadcrumbList\",\"@id\":\"https:\\\/\\\/turijnmagazijn.nl\\\/it\\\/prodotto\\\/soffio-valvola-turbo-pressione-lancia-delta-integrale-nuovo\\\/#breadcrumb\",\"itemListElement\":[{\"@type\":\"ListItem\",\"position\":1,\"name\":\"Home\",\"item\":\"https:\\\/\\\/turijnmagazijn.nl\\\/it\\\/\"},{\"@type\":\"ListItem\",\"position\":2,\"name\":\"Prodotti\",\"item\":\"https:\\\/\\\/turijnmagazijn.nl\\\/it\\\/shop\\\/\"},{\"@type\":\"ListItem\",\"position\":3,\"name\":\"Valvola di soffiaggio turbo pressione Lancia Delta Integrale -NEW-\"}]},{\"@type\":\"WebSite\",\"@id\":\"https:\\\/\\\/turijnmagazijn.jumpstone-dev.nl\\\/#website\",\"url\":\"https:\\\/\\\/turijnmagazijn.jumpstone-dev.nl\\\/\",\"name\":\"Turijnmagazijn\",\"description\":\"Onderdelen nieuw en gebruikt - Fiat &amp; Lancia\",\"publisher\":{\"@id\":\"https:\\\/\\\/turijnmagazijn.jumpstone-dev.nl\\\/#organization\"},\"potentialAction\":[{\"@type\":\"SearchAction\",\"target\":{\"@type\":\"EntryPoint\",\"urlTemplate\":\"https:\\\/\\\/turijnmagazijn.jumpstone-dev.nl\\\/?s={search_term_string}\"},\"query-input\":{\"@type\":\"PropertyValueSpecification\",\"valueRequired\":true,\"valueName\":\"search_term_string\"}}],\"inLanguage\":\"it-IT\"},{\"@type\":\"Organization\",\"@id\":\"https:\\\/\\\/turijnmagazijn.jumpstone-dev.nl\\\/#organization\",\"name\":\"Turijnmagazijn\",\"url\":\"https:\\\/\\\/turijnmagazijn.jumpstone-dev.nl\\\/\",\"logo\":{\"@type\":\"ImageObject\",\"inLanguage\":\"it-IT\",\"@id\":\"https:\\\/\\\/turijnmagazijn.jumpstone-dev.nl\\\/#\\\/schema\\\/logo\\\/image\\\/\",\"url\":\"https:\\\/\\\/turijnmagazijn.nl\\\/wp-content\\\/uploads\\\/2021\\\/02\\\/turijnmagazijnlogo.png\",\"contentUrl\":\"https:\\\/\\\/turijnmagazijn.nl\\\/wp-content\\\/uploads\\\/2021\\\/02\\\/turijnmagazijnlogo.png\",\"width\":555,\"height\":270,\"caption\":\"Turijnmagazijn\"},\"image\":{\"@id\":\"https:\\\/\\\/turijnmagazijn.jumpstone-dev.nl\\\/#\\\/schema\\\/logo\\\/image\\\/\"},\"sameAs\":[\"https:\\\/\\\/www.facebook.com\\\/turijnmagazijn\"]}]}<\/script>\n<!-- \/ Yoast SEO plugin. -->","yoast_head_json":{"title":"Valvola di soffiaggio turbo pressione Lancia Delta Integrale -NEW- Turijnmagazijn","robots":{"index":"index","follow":"follow","max-snippet":"max-snippet:-1","max-image-preview":"max-image-preview:large","max-video-preview":"max-video-preview:-1"},"canonical":"https:\/\/turijnmagazijn.nl\/it\/prodotto\/soffio-valvola-turbo-pressione-lancia-delta-integrale-nuovo\/","og_locale":"it_IT","og_type":"article","og_title":"Valvola di soffiaggio turbo pressione Lancia Delta Integrale -NEW- Turijnmagazijn","og_description":"82408820 Valvola di soffiaggio turbo pressione Lancia Delta Integrale -NEW- - Valvola di soffiaggio in plastica per turbopressione conforme all'originale come si applica Lancia.","og_url":"https:\/\/turijnmagazijn.nl\/it\/prodotto\/soffio-valvola-turbo-pressione-lancia-delta-integrale-nuovo\/","og_site_name":"Turijnmagazijn","article_publisher":"https:\/\/www.facebook.com\/turijnmagazijn","article_modified_time":"2026-02-15T13:15:40+00:00","og_image":[{"width":800,"height":600,"url":"https:\/\/turijnmagazijn.nl\/wp-content\/uploads\/2023\/03\/DN00100043_Afblaasklep_turbodruk_Lancia_Delta_Integrale_-NIEUW-_2.jpg","type":"image\/jpeg"}],"twitter_card":"summary_large_image","twitter_misc":{"Tempo di lettura stimato":"1 minuto"},"schema":{"@context":"https:\/\/schema.org","@graph":[{"@type":"WebPage","@id":"https:\/\/turijnmagazijn.nl\/it\/prodotto\/soffio-valvola-turbo-pressione-lancia-delta-integrale-nuovo\/","url":"https:\/\/turijnmagazijn.nl\/it\/prodotto\/soffio-valvola-turbo-pressione-lancia-delta-integrale-nuovo\/","name":"Valvola di soffiaggio turbo pressione Lancia Delta Integrale -NEW- Turijnmagazijn","isPartOf":{"@id":"https:\/\/turijnmagazijn.jumpstone-dev.nl\/#website"},"primaryImageOfPage":{"@id":"https:\/\/turijnmagazijn.nl\/it\/prodotto\/soffio-valvola-turbo-pressione-lancia-delta-integrale-nuovo\/#primaryimage"},"image":{"@id":"https:\/\/turijnmagazijn.nl\/it\/prodotto\/soffio-valvola-turbo-pressione-lancia-delta-integrale-nuovo\/#primaryimage"},"thumbnailUrl":"https:\/\/turijnmagazijn.nl\/wp-content\/uploads\/2023\/03\/DN00100043_Afblaasklep_turbodruk_Lancia_Delta_Integrale_-NIEUW-_2.jpg","datePublished":"2023-03-03T07:08:37+00:00","dateModified":"2026-02-15T13:15:40+00:00","breadcrumb":{"@id":"https:\/\/turijnmagazijn.nl\/it\/prodotto\/soffio-valvola-turbo-pressione-lancia-delta-integrale-nuovo\/#breadcrumb"},"inLanguage":"it-IT","potentialAction":[{"@type":"ReadAction","target":["https:\/\/turijnmagazijn.nl\/it\/prodotto\/soffio-valvola-turbo-pressione-lancia-delta-integrale-nuovo\/"]}]},{"@type":"ImageObject","inLanguage":"it-IT","@id":"https:\/\/turijnmagazijn.nl\/it\/prodotto\/soffio-valvola-turbo-pressione-lancia-delta-integrale-nuovo\/#primaryimage","url":"https:\/\/turijnmagazijn.nl\/wp-content\/uploads\/2023\/03\/DN00100043_Afblaasklep_turbodruk_Lancia_Delta_Integrale_-NIEUW-_2.jpg","contentUrl":"https:\/\/turijnmagazijn.nl\/wp-content\/uploads\/2023\/03\/DN00100043_Afblaasklep_turbodruk_Lancia_Delta_Integrale_-NIEUW-_2.jpg","width":800,"height":600},{"@type":"BreadcrumbList","@id":"https:\/\/turijnmagazijn.nl\/it\/prodotto\/soffio-valvola-turbo-pressione-lancia-delta-integrale-nuovo\/#breadcrumb","itemListElement":[{"@type":"ListItem","position":1,"name":"Home","item":"https:\/\/turijnmagazijn.nl\/it\/"},{"@type":"ListItem","position":2,"name":"Prodotti","item":"https:\/\/turijnmagazijn.nl\/it\/shop\/"},{"@type":"ListItem","position":3,"name":"Valvola di soffiaggio turbo pressione Lancia Delta Integrale -NEW-"}]},{"@type":"WebSite","@id":"https:\/\/turijnmagazijn.jumpstone-dev.nl\/#website","url":"https:\/\/turijnmagazijn.jumpstone-dev.nl\/","name":"Turijnmagazijn","description":"Onderdelen nieuw en gebruikt - Fiat &amp; Lancia","publisher":{"@id":"https:\/\/turijnmagazijn.jumpstone-dev.nl\/#organization"},"potentialAction":[{"@type":"SearchAction","target":{"@type":"EntryPoint","urlTemplate":"https:\/\/turijnmagazijn.jumpstone-dev.nl\/?s={search_term_string}"},"query-input":{"@type":"PropertyValueSpecification","valueRequired":true,"valueName":"search_term_string"}}],"inLanguage":"it-IT"},{"@type":"Organization","@id":"https:\/\/turijnmagazijn.jumpstone-dev.nl\/#organization","name":"Turijnmagazijn","url":"https:\/\/turijnmagazijn.jumpstone-dev.nl\/","logo":{"@type":"ImageObject","inLanguage":"it-IT","@id":"https:\/\/turijnmagazijn.jumpstone-dev.nl\/#\/schema\/logo\/image\/","url":"https:\/\/turijnmagazijn.nl\/wp-content\/uploads\/2021\/02\/turijnmagazijnlogo.png","contentUrl":"https:\/\/turijnmagazijn.nl\/wp-content\/uploads\/2021\/02\/turijnmagazijnlogo.png","width":555,"height":270,"caption":"Turijnmagazijn"},"image":{"@id":"https:\/\/turijnmagazijn.jumpstone-dev.nl\/#\/schema\/logo\/image\/"},"sameAs":["https:\/\/www.facebook.com\/turijnmagazijn"]}]}},"_links":{"self":[{"href":"https:\/\/turijnmagazijn.nl\/it\/wp-json\/wp\/v2\/product\/62352","targetHints":{"allow":["GET"]}}],"collection":[{"href":"https:\/\/turijnmagazijn.nl\/it\/wp-json\/wp\/v2\/product"}],"about":[{"href":"https:\/\/turijnmagazijn.nl\/it\/wp-json\/wp\/v2\/types\/product"}],"replies":[{"embeddable":true,"href":"https:\/\/turijnmagazijn.nl\/it\/wp-json\/wp\/v2\/comments?post=62352"}],"wp:featuredmedia":[{"embeddable":true,"href":"https:\/\/turijnmagazijn.nl\/it\/wp-json\/wp\/v2\/media\/34394"}],"wp:attachment":[{"href":"https:\/\/turijnmagazijn.nl\/it\/wp-json\/wp\/v2\/media?parent=62352"}],"wp:term":[{"taxonomy":"product_brand","embeddable":true,"href":"https:\/\/turijnmagazijn.nl\/it\/wp-json\/wp\/v2\/product_brand?post=62352"},{"taxonomy":"product_cat","embeddable":true,"href":"https:\/\/turijnmagazijn.nl\/it\/wp-json\/wp\/v2\/product_cat?post=62352"},{"taxonomy":"product_tag","embeddable":true,"href":"https:\/\/turijnmagazijn.nl\/it\/wp-json\/wp\/v2\/product_tag?post=62352"}],"curies":[{"name":"wp","href":"https:\/\/api.w.org\/{rel}","templated":true}]}}