{"id":62516,"date":"2023-03-03T09:10:02","date_gmt":"2023-03-03T08:10:02","guid":{"rendered":"https:\/\/turijnmagazijn.nl\/product\/rele-30-ampere-giallo-lancia-fiat-alfa-romeo\/"},"modified":"2025-07-13T19:12:47","modified_gmt":"2025-07-13T17:12:47","slug":"rele-30-ampere-giallo-lancia-fiat-alfa-romeo","status":"publish","type":"product","link":"https:\/\/turijnmagazijn.nl\/it\/prodotto\/rele-30-ampere-giallo-lancia-fiat-alfa-romeo\/","title":{"rendered":"Rel\u00e8 30 Ampere Giallo Lancia Fiat Alfa Romeo"},"content":{"rendered":"<p style=\"text-align: left;\">Rel\u00e8 zeYellow da 30 ampere per l&#8217;accensione degli abbaglianti e del lunotto termico per la Lancia Delta 2\u00b0 tipo. Gli anni di costruzione di questa vettura sono tra il 1993 e il 2000. Questo tipo di rel\u00e8 viene applicato anche all&#8217;Alfa Romeo 156. Due di questo tipo di rel\u00e8 sono posizionati sul retro della scatola dei fusibili all&#8217;interno.<\/p>\n<p>  Utilizzato anche sui modelli Lancia Delta HF integrali 8V e 16V nella scatola dei fusibili sotto il cruscotto sul lato del conducente. Riguarda la staffetta centrale. Numero 10 sul disegno tecnico 46B56B1A8B590736F0FFCA9B0449D544 Numero 13 sul disegno tecnico 1040900001 Pu\u00f2 essere utilizzato anche per Lancia Kappa e lancia Thema I e Lancia Lybra.<br \/>\nLe scritte sul rel\u00e8 sono A727 520 12V 30A Numero OEM Lancia <span style=\"line-height: 15px;\">82461739<\/span> <\/p>\n<p>&nbsp;<\/p>\n","protected":false},"excerpt":{"rendered":"<p>Rel\u00e8 5 poli Riscaldamento lunotto giallo abbagliante Lancia Delta e.2 Alfa 156 &#8211; Rel\u00e8 gialli da 30 ampere per il riscaldamento abbaglianti e lunotto posteriore della Lancia Delta del 2\u00b0 tipo. Rel\u00e8 30 Ampere Giallo Lancia Delta e.2 Alfa 156 &#8211; Giallo 3<\/p>\n","protected":false},"featured_media":35586,"comment_status":"closed","ping_status":"closed","template":"","meta":{"_acf_changed":false},"product_brand":[],"product_cat":[1614,1845,1852,1583,1863,1866,1808,1843,1832,1857,1800,1875,1884,1618,1624,1871,1879,1893,1903,1899],"product_tag":[],"class_list":{"0":"post-62516","1":"product","2":"type-product","3":"status-publish","4":"has-post-thumbnail","6":"product_cat-156-932-it","7":"product_cat-3-deurs-hpe-it","8":"product_cat-5-deurs-it","9":"product_cat-alfa-romeo-it","10":"product_cat-berlina-it","11":"product_cat-coupe-it","12":"product_cat-delta-1-831-it","13":"product_cat-delta-2-836-it","14":"product_cat-integrale-8v-it","15":"product_cat-kappa-838-it","16":"product_cat-lancia-it","17":"product_cat-lybra-839-it","18":"product_cat-sedan-lybra-839-it","19":"product_cat-sedan-it","20":"product_cat-sportwagon-it","21":"product_cat-sw-it","22":"product_cat-sw-lybra-839-it","23":"product_cat-thema-834-it","24":"product_cat-thema-sedan-it","25":"product_cat-thema-sw-it","26":"pa_soort-onderdeel-elettronica-e-cavi","28":"first","29":"instock","30":"shipping-taxable","31":"purchasable","32":"product-type-simple"},"acf":[],"yoast_head":"<!-- This site is optimized with the Yoast SEO plugin v27.3 - https:\/\/yoast.com\/product\/yoast-seo-wordpress\/ -->\n<title>Rel\u00e8 30 Ampere Giallo Lancia Fiat Alfa Romeo - Turijnmagazijn<\/title>\n<meta name=\"robots\" content=\"index, follow, max-snippet:-1, max-image-preview:large, max-video-preview:-1\" \/>\n<link rel=\"canonical\" href=\"https:\/\/turijnmagazijn.nl\/it\/prodotto\/rele-30-ampere-giallo-lancia-fiat-alfa-romeo\/\" \/>\n<meta property=\"og:locale\" content=\"it_IT\" \/>\n<meta property=\"og:type\" content=\"article\" \/>\n<meta property=\"og:title\" content=\"Rel\u00e8 30 Ampere Giallo Lancia Fiat Alfa Romeo - Turijnmagazijn\" \/>\n<meta property=\"og:description\" content=\"Rel\u00e8 5 poli Riscaldamento lunotto giallo abbagliante Lancia Delta e.2 Alfa 156 - Rel\u00e8 gialli da 30 ampere per il riscaldamento abbaglianti e lunotto posteriore della Lancia Delta del 2\u00b0 tipo. Rel\u00e8 30 Ampere Giallo Lancia Delta e.2 Alfa 156 - Giallo 3\" \/>\n<meta property=\"og:url\" content=\"https:\/\/turijnmagazijn.nl\/it\/prodotto\/rele-30-ampere-giallo-lancia-fiat-alfa-romeo\/\" \/>\n<meta property=\"og:site_name\" content=\"Turijnmagazijn\" \/>\n<meta property=\"article:publisher\" content=\"https:\/\/www.facebook.com\/turijnmagazijn\" \/>\n<meta property=\"article:modified_time\" content=\"2025-07-13T17:12:47+00:00\" \/>\n<meta property=\"og:image\" content=\"https:\/\/turijnmagazijn.nl\/wp-content\/uploads\/2023\/03\/relais-5-polig-geel-achterruitverwarming-grootlicht-lancia-delta-e-2-alfa-156-244.jpg\" \/>\n\t<meta property=\"og:image:width\" content=\"1440\" \/>\n\t<meta property=\"og:image:height\" content=\"1080\" \/>\n\t<meta property=\"og:image:type\" content=\"image\/jpeg\" \/>\n<meta name=\"twitter:card\" content=\"summary_large_image\" \/>\n<meta name=\"twitter:label1\" content=\"Tempo di lettura stimato\" \/>\n\t<meta name=\"twitter:data1\" content=\"1 minuto\" \/>\n<script type=\"application\/ld+json\" class=\"yoast-schema-graph\">{\"@context\":\"https:\\\/\\\/schema.org\",\"@graph\":[{\"@type\":\"WebPage\",\"@id\":\"https:\\\/\\\/turijnmagazijn.nl\\\/it\\\/prodotto\\\/rele-30-ampere-giallo-lancia-fiat-alfa-romeo\\\/\",\"url\":\"https:\\\/\\\/turijnmagazijn.nl\\\/it\\\/prodotto\\\/rele-30-ampere-giallo-lancia-fiat-alfa-romeo\\\/\",\"name\":\"Rel\u00e8 30 Ampere Giallo Lancia Fiat Alfa Romeo - Turijnmagazijn\",\"isPartOf\":{\"@id\":\"https:\\\/\\\/turijnmagazijn.jumpstone-dev.nl\\\/#website\"},\"primaryImageOfPage\":{\"@id\":\"https:\\\/\\\/turijnmagazijn.nl\\\/it\\\/prodotto\\\/rele-30-ampere-giallo-lancia-fiat-alfa-romeo\\\/#primaryimage\"},\"image\":{\"@id\":\"https:\\\/\\\/turijnmagazijn.nl\\\/it\\\/prodotto\\\/rele-30-ampere-giallo-lancia-fiat-alfa-romeo\\\/#primaryimage\"},\"thumbnailUrl\":\"https:\\\/\\\/turijnmagazijn.nl\\\/wp-content\\\/uploads\\\/2023\\\/03\\\/relais-5-polig-geel-achterruitverwarming-grootlicht-lancia-delta-e-2-alfa-156-244.jpg\",\"datePublished\":\"2023-03-03T08:10:02+00:00\",\"dateModified\":\"2025-07-13T17:12:47+00:00\",\"breadcrumb\":{\"@id\":\"https:\\\/\\\/turijnmagazijn.nl\\\/it\\\/prodotto\\\/rele-30-ampere-giallo-lancia-fiat-alfa-romeo\\\/#breadcrumb\"},\"inLanguage\":\"it-IT\",\"potentialAction\":[{\"@type\":\"ReadAction\",\"target\":[\"https:\\\/\\\/turijnmagazijn.nl\\\/it\\\/prodotto\\\/rele-30-ampere-giallo-lancia-fiat-alfa-romeo\\\/\"]}]},{\"@type\":\"ImageObject\",\"inLanguage\":\"it-IT\",\"@id\":\"https:\\\/\\\/turijnmagazijn.nl\\\/it\\\/prodotto\\\/rele-30-ampere-giallo-lancia-fiat-alfa-romeo\\\/#primaryimage\",\"url\":\"https:\\\/\\\/turijnmagazijn.nl\\\/wp-content\\\/uploads\\\/2023\\\/03\\\/relais-5-polig-geel-achterruitverwarming-grootlicht-lancia-delta-e-2-alfa-156-244.jpg\",\"contentUrl\":\"https:\\\/\\\/turijnmagazijn.nl\\\/wp-content\\\/uploads\\\/2023\\\/03\\\/relais-5-polig-geel-achterruitverwarming-grootlicht-lancia-delta-e-2-alfa-156-244.jpg\",\"width\":1440,\"height\":1080},{\"@type\":\"BreadcrumbList\",\"@id\":\"https:\\\/\\\/turijnmagazijn.nl\\\/it\\\/prodotto\\\/rele-30-ampere-giallo-lancia-fiat-alfa-romeo\\\/#breadcrumb\",\"itemListElement\":[{\"@type\":\"ListItem\",\"position\":1,\"name\":\"Home\",\"item\":\"https:\\\/\\\/turijnmagazijn.nl\\\/it\\\/\"},{\"@type\":\"ListItem\",\"position\":2,\"name\":\"Prodotti\",\"item\":\"https:\\\/\\\/turijnmagazijn.nl\\\/it\\\/shop\\\/\"},{\"@type\":\"ListItem\",\"position\":3,\"name\":\"Rel\u00e8 30 Ampere Giallo Lancia Fiat Alfa Romeo\"}]},{\"@type\":\"WebSite\",\"@id\":\"https:\\\/\\\/turijnmagazijn.jumpstone-dev.nl\\\/#website\",\"url\":\"https:\\\/\\\/turijnmagazijn.jumpstone-dev.nl\\\/\",\"name\":\"Turijnmagazijn\",\"description\":\"Onderdelen nieuw en gebruikt - Fiat &amp; Lancia\",\"publisher\":{\"@id\":\"https:\\\/\\\/turijnmagazijn.jumpstone-dev.nl\\\/#organization\"},\"potentialAction\":[{\"@type\":\"SearchAction\",\"target\":{\"@type\":\"EntryPoint\",\"urlTemplate\":\"https:\\\/\\\/turijnmagazijn.jumpstone-dev.nl\\\/?s={search_term_string}\"},\"query-input\":{\"@type\":\"PropertyValueSpecification\",\"valueRequired\":true,\"valueName\":\"search_term_string\"}}],\"inLanguage\":\"it-IT\"},{\"@type\":\"Organization\",\"@id\":\"https:\\\/\\\/turijnmagazijn.jumpstone-dev.nl\\\/#organization\",\"name\":\"Turijnmagazijn\",\"url\":\"https:\\\/\\\/turijnmagazijn.jumpstone-dev.nl\\\/\",\"logo\":{\"@type\":\"ImageObject\",\"inLanguage\":\"it-IT\",\"@id\":\"https:\\\/\\\/turijnmagazijn.jumpstone-dev.nl\\\/#\\\/schema\\\/logo\\\/image\\\/\",\"url\":\"https:\\\/\\\/turijnmagazijn.nl\\\/wp-content\\\/uploads\\\/2021\\\/02\\\/turijnmagazijnlogo.png\",\"contentUrl\":\"https:\\\/\\\/turijnmagazijn.nl\\\/wp-content\\\/uploads\\\/2021\\\/02\\\/turijnmagazijnlogo.png\",\"width\":555,\"height\":270,\"caption\":\"Turijnmagazijn\"},\"image\":{\"@id\":\"https:\\\/\\\/turijnmagazijn.jumpstone-dev.nl\\\/#\\\/schema\\\/logo\\\/image\\\/\"},\"sameAs\":[\"https:\\\/\\\/www.facebook.com\\\/turijnmagazijn\"]}]}<\/script>\n<!-- \/ Yoast SEO plugin. -->","yoast_head_json":{"title":"Rel\u00e8 30 Ampere Giallo Lancia Fiat Alfa Romeo - Turijnmagazijn","robots":{"index":"index","follow":"follow","max-snippet":"max-snippet:-1","max-image-preview":"max-image-preview:large","max-video-preview":"max-video-preview:-1"},"canonical":"https:\/\/turijnmagazijn.nl\/it\/prodotto\/rele-30-ampere-giallo-lancia-fiat-alfa-romeo\/","og_locale":"it_IT","og_type":"article","og_title":"Rel\u00e8 30 Ampere Giallo Lancia Fiat Alfa Romeo - Turijnmagazijn","og_description":"Rel\u00e8 5 poli Riscaldamento lunotto giallo abbagliante Lancia Delta e.2 Alfa 156 - Rel\u00e8 gialli da 30 ampere per il riscaldamento abbaglianti e lunotto posteriore della Lancia Delta del 2\u00b0 tipo. Rel\u00e8 30 Ampere Giallo Lancia Delta e.2 Alfa 156 - Giallo 3","og_url":"https:\/\/turijnmagazijn.nl\/it\/prodotto\/rele-30-ampere-giallo-lancia-fiat-alfa-romeo\/","og_site_name":"Turijnmagazijn","article_publisher":"https:\/\/www.facebook.com\/turijnmagazijn","article_modified_time":"2025-07-13T17:12:47+00:00","og_image":[{"width":1440,"height":1080,"url":"https:\/\/turijnmagazijn.nl\/wp-content\/uploads\/2023\/03\/relais-5-polig-geel-achterruitverwarming-grootlicht-lancia-delta-e-2-alfa-156-244.jpg","type":"image\/jpeg"}],"twitter_card":"summary_large_image","twitter_misc":{"Tempo di lettura stimato":"1 minuto"},"schema":{"@context":"https:\/\/schema.org","@graph":[{"@type":"WebPage","@id":"https:\/\/turijnmagazijn.nl\/it\/prodotto\/rele-30-ampere-giallo-lancia-fiat-alfa-romeo\/","url":"https:\/\/turijnmagazijn.nl\/it\/prodotto\/rele-30-ampere-giallo-lancia-fiat-alfa-romeo\/","name":"Rel\u00e8 30 Ampere Giallo Lancia Fiat Alfa Romeo - Turijnmagazijn","isPartOf":{"@id":"https:\/\/turijnmagazijn.jumpstone-dev.nl\/#website"},"primaryImageOfPage":{"@id":"https:\/\/turijnmagazijn.nl\/it\/prodotto\/rele-30-ampere-giallo-lancia-fiat-alfa-romeo\/#primaryimage"},"image":{"@id":"https:\/\/turijnmagazijn.nl\/it\/prodotto\/rele-30-ampere-giallo-lancia-fiat-alfa-romeo\/#primaryimage"},"thumbnailUrl":"https:\/\/turijnmagazijn.nl\/wp-content\/uploads\/2023\/03\/relais-5-polig-geel-achterruitverwarming-grootlicht-lancia-delta-e-2-alfa-156-244.jpg","datePublished":"2023-03-03T08:10:02+00:00","dateModified":"2025-07-13T17:12:47+00:00","breadcrumb":{"@id":"https:\/\/turijnmagazijn.nl\/it\/prodotto\/rele-30-ampere-giallo-lancia-fiat-alfa-romeo\/#breadcrumb"},"inLanguage":"it-IT","potentialAction":[{"@type":"ReadAction","target":["https:\/\/turijnmagazijn.nl\/it\/prodotto\/rele-30-ampere-giallo-lancia-fiat-alfa-romeo\/"]}]},{"@type":"ImageObject","inLanguage":"it-IT","@id":"https:\/\/turijnmagazijn.nl\/it\/prodotto\/rele-30-ampere-giallo-lancia-fiat-alfa-romeo\/#primaryimage","url":"https:\/\/turijnmagazijn.nl\/wp-content\/uploads\/2023\/03\/relais-5-polig-geel-achterruitverwarming-grootlicht-lancia-delta-e-2-alfa-156-244.jpg","contentUrl":"https:\/\/turijnmagazijn.nl\/wp-content\/uploads\/2023\/03\/relais-5-polig-geel-achterruitverwarming-grootlicht-lancia-delta-e-2-alfa-156-244.jpg","width":1440,"height":1080},{"@type":"BreadcrumbList","@id":"https:\/\/turijnmagazijn.nl\/it\/prodotto\/rele-30-ampere-giallo-lancia-fiat-alfa-romeo\/#breadcrumb","itemListElement":[{"@type":"ListItem","position":1,"name":"Home","item":"https:\/\/turijnmagazijn.nl\/it\/"},{"@type":"ListItem","position":2,"name":"Prodotti","item":"https:\/\/turijnmagazijn.nl\/it\/shop\/"},{"@type":"ListItem","position":3,"name":"Rel\u00e8 30 Ampere Giallo Lancia Fiat Alfa Romeo"}]},{"@type":"WebSite","@id":"https:\/\/turijnmagazijn.jumpstone-dev.nl\/#website","url":"https:\/\/turijnmagazijn.jumpstone-dev.nl\/","name":"Turijnmagazijn","description":"Onderdelen nieuw en gebruikt - Fiat &amp; Lancia","publisher":{"@id":"https:\/\/turijnmagazijn.jumpstone-dev.nl\/#organization"},"potentialAction":[{"@type":"SearchAction","target":{"@type":"EntryPoint","urlTemplate":"https:\/\/turijnmagazijn.jumpstone-dev.nl\/?s={search_term_string}"},"query-input":{"@type":"PropertyValueSpecification","valueRequired":true,"valueName":"search_term_string"}}],"inLanguage":"it-IT"},{"@type":"Organization","@id":"https:\/\/turijnmagazijn.jumpstone-dev.nl\/#organization","name":"Turijnmagazijn","url":"https:\/\/turijnmagazijn.jumpstone-dev.nl\/","logo":{"@type":"ImageObject","inLanguage":"it-IT","@id":"https:\/\/turijnmagazijn.jumpstone-dev.nl\/#\/schema\/logo\/image\/","url":"https:\/\/turijnmagazijn.nl\/wp-content\/uploads\/2021\/02\/turijnmagazijnlogo.png","contentUrl":"https:\/\/turijnmagazijn.nl\/wp-content\/uploads\/2021\/02\/turijnmagazijnlogo.png","width":555,"height":270,"caption":"Turijnmagazijn"},"image":{"@id":"https:\/\/turijnmagazijn.jumpstone-dev.nl\/#\/schema\/logo\/image\/"},"sameAs":["https:\/\/www.facebook.com\/turijnmagazijn"]}]}},"_links":{"self":[{"href":"https:\/\/turijnmagazijn.nl\/it\/wp-json\/wp\/v2\/product\/62516","targetHints":{"allow":["GET"]}}],"collection":[{"href":"https:\/\/turijnmagazijn.nl\/it\/wp-json\/wp\/v2\/product"}],"about":[{"href":"https:\/\/turijnmagazijn.nl\/it\/wp-json\/wp\/v2\/types\/product"}],"replies":[{"embeddable":true,"href":"https:\/\/turijnmagazijn.nl\/it\/wp-json\/wp\/v2\/comments?post=62516"}],"wp:featuredmedia":[{"embeddable":true,"href":"https:\/\/turijnmagazijn.nl\/it\/wp-json\/wp\/v2\/media\/35586"}],"wp:attachment":[{"href":"https:\/\/turijnmagazijn.nl\/it\/wp-json\/wp\/v2\/media?parent=62516"}],"wp:term":[{"taxonomy":"product_brand","embeddable":true,"href":"https:\/\/turijnmagazijn.nl\/it\/wp-json\/wp\/v2\/product_brand?post=62516"},{"taxonomy":"product_cat","embeddable":true,"href":"https:\/\/turijnmagazijn.nl\/it\/wp-json\/wp\/v2\/product_cat?post=62516"},{"taxonomy":"product_tag","embeddable":true,"href":"https:\/\/turijnmagazijn.nl\/it\/wp-json\/wp\/v2\/product_tag?post=62516"}],"curies":[{"name":"wp","href":"https:\/\/api.w.org\/{rel}","templated":true}]}}