{"id":62521,"date":"2023-03-03T09:10:02","date_gmt":"2023-03-03T08:10:02","guid":{"rendered":"https:\/\/turijnmagazijn.nl\/product\/ventilatore-radiatore-alfa-romeo-166\/"},"modified":"2023-07-26T13:17:59","modified_gmt":"2023-07-26T11:17:59","slug":"ventilatore-radiatore-alpha-romeo-166","status":"publish","type":"product","link":"https:\/\/turijnmagazijn.nl\/it\/prodotto\/ventilatore-radiatore-alpha-romeo-166\/","title":{"rendered":"Ventilatore radiatore Alfa Romeo 166"},"content":{"rendered":"<p style=\"color: rgb(0, 0, 0); line-height: normal; font-family: Arial, Helvetica, sans-serif; margin-top: 0px; margin-bottom: 20px;\">Ventola\/ventola di raffreddamento completa per il radiatore di un&#8217;Alfa Romeo 166 della prima serie. La ventola \u00e8 stata testata per il funzionamento ed \u00e8 risultata buona. La ventola \u00e8 completa di alloggiamento in plastica per il montaggio al radiatore, ma esclusa la resistenza. Questo pu\u00f2 essere facilmente trasferito da un alloggiamento esistente o ordinato separatamente nel nostro negozio online.<\/p>\n<p style=\"color: rgb(0, 0, 0); line-height: normal; font-family: Arial, Helvetica, sans-serif; margin-top: 0px; margin-bottom: 20px;\">Da <span style=\"color: rgb(0, 0, 0); line-height: normal; font-family: Arial, Helvetica, sans-serif; font-size: 13px;\">un&#8217;Alfa Romeo 166<\/span>&nbsp;2.0&nbsp;16V Twin Spark costruita nel 1999<\/p>\n<p style=\"color: rgb(0, 0, 0); line-height: normal; font-family: Arial, Helvetica, sans-serif; margin-top: 0px; margin-bottom: 20px;\">Il ventilatore \u00e8 un&#8217;unit\u00e0 da 12 volt di Magneti Marelli. Il ventilatore ha un grande diametro ed \u00e8 un modello pesante perch\u00e9 raffredda anche il radiatore dell&#8217;aria condizionata.<\/p>\n<p style=\"color: rgb(0, 0, 0); line-height: normal; font-family: Arial, Helvetica, sans-serif; margin-top: 0px; margin-bottom: 20px;\">Numero OEM Alfa Romeo&nbsp;<span style=\"color: rgb(6, 45, 104); text-transform: uppercase; line-height: normal; font-family: Verdana; font-size: 10px; background-color: rgb(229, 229, 229);\">60692418<\/span><\/p>\n","protected":false},"excerpt":{"rendered":"<p>Ventola radiatore Alfa Romeo 166 &#8211; Ventola di raffreddamento completa per radiatore di un&#8217;Alfa Romeo 166 della prima serie.<\/p>\n","protected":false},"featured_media":35654,"comment_status":"open","ping_status":"closed","template":"","meta":{"_acf_changed":false},"product_brand":[],"product_cat":[1649,1583],"product_tag":[],"class_list":{"0":"post-62521","1":"product","2":"type-product","3":"status-publish","4":"has-post-thumbnail","6":"product_cat-166-936-it","7":"product_cat-alfa-romeo-it","8":"pa_soort-onderdeel-motore-e-accessori","10":"first","11":"instock","12":"sale","13":"shipping-taxable","14":"purchasable","15":"product-type-simple"},"acf":[],"yoast_head":"<!-- This site is optimized with the Yoast SEO plugin v27.2 - https:\/\/yoast.com\/product\/yoast-seo-wordpress\/ -->\n<title>Ventilatore radiatore Alfa Romeo 166 - Turijnmagazijn<\/title>\n<meta name=\"robots\" content=\"index, follow, max-snippet:-1, max-image-preview:large, max-video-preview:-1\" \/>\n<link rel=\"canonical\" href=\"https:\/\/turijnmagazijn.nl\/it\/prodotto\/ventilatore-radiatore-alpha-romeo-166\/\" \/>\n<meta property=\"og:locale\" content=\"it_IT\" \/>\n<meta property=\"og:type\" content=\"article\" \/>\n<meta property=\"og:title\" content=\"Ventilatore radiatore Alfa Romeo 166 - Turijnmagazijn\" \/>\n<meta property=\"og:description\" content=\"Ventola radiatore Alfa Romeo 166 - Ventola di raffreddamento completa per radiatore di un&#039;Alfa Romeo 166 della prima serie.\" \/>\n<meta property=\"og:url\" content=\"https:\/\/turijnmagazijn.nl\/it\/prodotto\/ventilatore-radiatore-alpha-romeo-166\/\" \/>\n<meta property=\"og:site_name\" content=\"Turijnmagazijn\" \/>\n<meta property=\"article:publisher\" content=\"https:\/\/www.facebook.com\/turijnmagazijn\" \/>\n<meta property=\"article:modified_time\" content=\"2023-07-26T11:17:59+00:00\" \/>\n<meta property=\"og:image\" content=\"https:\/\/turijnmagazijn.jumpstone-dev.nl\/wp-content\/uploads\/2023\/03\/radiateurfan-ventilator-alfa-romeo-166-369.jpg\" \/>\n\t<meta property=\"og:image:width\" content=\"1440\" \/>\n\t<meta property=\"og:image:height\" content=\"1080\" \/>\n\t<meta property=\"og:image:type\" content=\"image\/jpeg\" \/>\n<meta name=\"twitter:card\" content=\"summary_large_image\" \/>\n<script type=\"application\/ld+json\" class=\"yoast-schema-graph\">{\"@context\":\"https:\/\/schema.org\",\"@graph\":[{\"@type\":\"WebPage\",\"@id\":\"https:\/\/turijnmagazijn.nl\/it\/prodotto\/ventilatore-radiatore-alpha-romeo-166\/\",\"url\":\"https:\/\/turijnmagazijn.nl\/it\/prodotto\/ventilatore-radiatore-alpha-romeo-166\/\",\"name\":\"Ventilatore radiatore Alfa Romeo 166 - Turijnmagazijn\",\"isPartOf\":{\"@id\":\"https:\/\/turijnmagazijn.jumpstone-dev.nl\/#website\"},\"primaryImageOfPage\":{\"@id\":\"https:\/\/turijnmagazijn.nl\/it\/prodotto\/ventilatore-radiatore-alpha-romeo-166\/#primaryimage\"},\"image\":{\"@id\":\"https:\/\/turijnmagazijn.nl\/it\/prodotto\/ventilatore-radiatore-alpha-romeo-166\/#primaryimage\"},\"thumbnailUrl\":\"https:\/\/turijnmagazijn.nl\/wp-content\/uploads\/2023\/03\/radiateurfan-ventilator-alfa-romeo-166-369.jpg\",\"datePublished\":\"2023-03-03T08:10:02+00:00\",\"dateModified\":\"2023-07-26T11:17:59+00:00\",\"breadcrumb\":{\"@id\":\"https:\/\/turijnmagazijn.nl\/it\/prodotto\/ventilatore-radiatore-alpha-romeo-166\/#breadcrumb\"},\"inLanguage\":\"it-IT\",\"potentialAction\":[{\"@type\":\"ReadAction\",\"target\":[\"https:\/\/turijnmagazijn.nl\/it\/prodotto\/ventilatore-radiatore-alpha-romeo-166\/\"]}]},{\"@type\":\"ImageObject\",\"inLanguage\":\"it-IT\",\"@id\":\"https:\/\/turijnmagazijn.nl\/it\/prodotto\/ventilatore-radiatore-alpha-romeo-166\/#primaryimage\",\"url\":\"https:\/\/turijnmagazijn.nl\/wp-content\/uploads\/2023\/03\/radiateurfan-ventilator-alfa-romeo-166-369.jpg\",\"contentUrl\":\"https:\/\/turijnmagazijn.nl\/wp-content\/uploads\/2023\/03\/radiateurfan-ventilator-alfa-romeo-166-369.jpg\",\"width\":1440,\"height\":1080},{\"@type\":\"BreadcrumbList\",\"@id\":\"https:\/\/turijnmagazijn.nl\/it\/prodotto\/ventilatore-radiatore-alpha-romeo-166\/#breadcrumb\",\"itemListElement\":[{\"@type\":\"ListItem\",\"position\":1,\"name\":\"Home\",\"item\":\"https:\/\/turijnmagazijn.jumpstone-dev.nl\/\"},{\"@type\":\"ListItem\",\"position\":2,\"name\":\"Prodotti\",\"item\":\"https:\/\/turijnmagazijn.nl\/it\/shop\/\"},{\"@type\":\"ListItem\",\"position\":3,\"name\":\"Ventilatore radiatore Alfa Romeo 166\"}]},{\"@type\":\"WebSite\",\"@id\":\"https:\/\/turijnmagazijn.jumpstone-dev.nl\/#website\",\"url\":\"https:\/\/turijnmagazijn.jumpstone-dev.nl\/\",\"name\":\"Turijnmagazijn\",\"description\":\"Onderdelen nieuw en gebruikt - Fiat &amp; Lancia\",\"publisher\":{\"@id\":\"https:\/\/turijnmagazijn.jumpstone-dev.nl\/#organization\"},\"potentialAction\":[{\"@type\":\"SearchAction\",\"target\":{\"@type\":\"EntryPoint\",\"urlTemplate\":\"https:\/\/turijnmagazijn.jumpstone-dev.nl\/?s={search_term_string}\"},\"query-input\":{\"@type\":\"PropertyValueSpecification\",\"valueRequired\":true,\"valueName\":\"search_term_string\"}}],\"inLanguage\":\"it-IT\"},{\"@type\":\"Organization\",\"@id\":\"https:\/\/turijnmagazijn.jumpstone-dev.nl\/#organization\",\"name\":\"Turijnmagazijn\",\"url\":\"https:\/\/turijnmagazijn.jumpstone-dev.nl\/\",\"logo\":{\"@type\":\"ImageObject\",\"inLanguage\":\"it-IT\",\"@id\":\"https:\/\/turijnmagazijn.jumpstone-dev.nl\/#\/schema\/logo\/image\/\",\"url\":\"https:\/\/turijnmagazijn.nl\/wp-content\/uploads\/2021\/02\/turijnmagazijnlogo.png\",\"contentUrl\":\"https:\/\/turijnmagazijn.nl\/wp-content\/uploads\/2021\/02\/turijnmagazijnlogo.png\",\"width\":555,\"height\":270,\"caption\":\"Turijnmagazijn\"},\"image\":{\"@id\":\"https:\/\/turijnmagazijn.jumpstone-dev.nl\/#\/schema\/logo\/image\/\"},\"sameAs\":[\"https:\/\/www.facebook.com\/turijnmagazijn\"]}]}<\/script>\n<!-- \/ Yoast SEO plugin. -->","yoast_head_json":{"title":"Ventilatore radiatore Alfa Romeo 166 - Turijnmagazijn","robots":{"index":"index","follow":"follow","max-snippet":"max-snippet:-1","max-image-preview":"max-image-preview:large","max-video-preview":"max-video-preview:-1"},"canonical":"https:\/\/turijnmagazijn.nl\/it\/prodotto\/ventilatore-radiatore-alpha-romeo-166\/","og_locale":"it_IT","og_type":"article","og_title":"Ventilatore radiatore Alfa Romeo 166 - Turijnmagazijn","og_description":"Ventola radiatore Alfa Romeo 166 - Ventola di raffreddamento completa per radiatore di un'Alfa Romeo 166 della prima serie.","og_url":"https:\/\/turijnmagazijn.nl\/it\/prodotto\/ventilatore-radiatore-alpha-romeo-166\/","og_site_name":"Turijnmagazijn","article_publisher":"https:\/\/www.facebook.com\/turijnmagazijn","article_modified_time":"2023-07-26T11:17:59+00:00","og_image":[{"width":1440,"height":1080,"url":"https:\/\/turijnmagazijn.jumpstone-dev.nl\/wp-content\/uploads\/2023\/03\/radiateurfan-ventilator-alfa-romeo-166-369.jpg","type":"image\/jpeg"}],"twitter_card":"summary_large_image","schema":{"@context":"https:\/\/schema.org","@graph":[{"@type":"WebPage","@id":"https:\/\/turijnmagazijn.nl\/it\/prodotto\/ventilatore-radiatore-alpha-romeo-166\/","url":"https:\/\/turijnmagazijn.nl\/it\/prodotto\/ventilatore-radiatore-alpha-romeo-166\/","name":"Ventilatore radiatore Alfa Romeo 166 - Turijnmagazijn","isPartOf":{"@id":"https:\/\/turijnmagazijn.jumpstone-dev.nl\/#website"},"primaryImageOfPage":{"@id":"https:\/\/turijnmagazijn.nl\/it\/prodotto\/ventilatore-radiatore-alpha-romeo-166\/#primaryimage"},"image":{"@id":"https:\/\/turijnmagazijn.nl\/it\/prodotto\/ventilatore-radiatore-alpha-romeo-166\/#primaryimage"},"thumbnailUrl":"https:\/\/turijnmagazijn.nl\/wp-content\/uploads\/2023\/03\/radiateurfan-ventilator-alfa-romeo-166-369.jpg","datePublished":"2023-03-03T08:10:02+00:00","dateModified":"2023-07-26T11:17:59+00:00","breadcrumb":{"@id":"https:\/\/turijnmagazijn.nl\/it\/prodotto\/ventilatore-radiatore-alpha-romeo-166\/#breadcrumb"},"inLanguage":"it-IT","potentialAction":[{"@type":"ReadAction","target":["https:\/\/turijnmagazijn.nl\/it\/prodotto\/ventilatore-radiatore-alpha-romeo-166\/"]}]},{"@type":"ImageObject","inLanguage":"it-IT","@id":"https:\/\/turijnmagazijn.nl\/it\/prodotto\/ventilatore-radiatore-alpha-romeo-166\/#primaryimage","url":"https:\/\/turijnmagazijn.nl\/wp-content\/uploads\/2023\/03\/radiateurfan-ventilator-alfa-romeo-166-369.jpg","contentUrl":"https:\/\/turijnmagazijn.nl\/wp-content\/uploads\/2023\/03\/radiateurfan-ventilator-alfa-romeo-166-369.jpg","width":1440,"height":1080},{"@type":"BreadcrumbList","@id":"https:\/\/turijnmagazijn.nl\/it\/prodotto\/ventilatore-radiatore-alpha-romeo-166\/#breadcrumb","itemListElement":[{"@type":"ListItem","position":1,"name":"Home","item":"https:\/\/turijnmagazijn.jumpstone-dev.nl\/"},{"@type":"ListItem","position":2,"name":"Prodotti","item":"https:\/\/turijnmagazijn.nl\/it\/shop\/"},{"@type":"ListItem","position":3,"name":"Ventilatore radiatore Alfa Romeo 166"}]},{"@type":"WebSite","@id":"https:\/\/turijnmagazijn.jumpstone-dev.nl\/#website","url":"https:\/\/turijnmagazijn.jumpstone-dev.nl\/","name":"Turijnmagazijn","description":"Onderdelen nieuw en gebruikt - Fiat &amp; Lancia","publisher":{"@id":"https:\/\/turijnmagazijn.jumpstone-dev.nl\/#organization"},"potentialAction":[{"@type":"SearchAction","target":{"@type":"EntryPoint","urlTemplate":"https:\/\/turijnmagazijn.jumpstone-dev.nl\/?s={search_term_string}"},"query-input":{"@type":"PropertyValueSpecification","valueRequired":true,"valueName":"search_term_string"}}],"inLanguage":"it-IT"},{"@type":"Organization","@id":"https:\/\/turijnmagazijn.jumpstone-dev.nl\/#organization","name":"Turijnmagazijn","url":"https:\/\/turijnmagazijn.jumpstone-dev.nl\/","logo":{"@type":"ImageObject","inLanguage":"it-IT","@id":"https:\/\/turijnmagazijn.jumpstone-dev.nl\/#\/schema\/logo\/image\/","url":"https:\/\/turijnmagazijn.nl\/wp-content\/uploads\/2021\/02\/turijnmagazijnlogo.png","contentUrl":"https:\/\/turijnmagazijn.nl\/wp-content\/uploads\/2021\/02\/turijnmagazijnlogo.png","width":555,"height":270,"caption":"Turijnmagazijn"},"image":{"@id":"https:\/\/turijnmagazijn.jumpstone-dev.nl\/#\/schema\/logo\/image\/"},"sameAs":["https:\/\/www.facebook.com\/turijnmagazijn"]}]}},"_links":{"self":[{"href":"https:\/\/turijnmagazijn.nl\/it\/wp-json\/wp\/v2\/product\/62521","targetHints":{"allow":["GET"]}}],"collection":[{"href":"https:\/\/turijnmagazijn.nl\/it\/wp-json\/wp\/v2\/product"}],"about":[{"href":"https:\/\/turijnmagazijn.nl\/it\/wp-json\/wp\/v2\/types\/product"}],"replies":[{"embeddable":true,"href":"https:\/\/turijnmagazijn.nl\/it\/wp-json\/wp\/v2\/comments?post=62521"}],"wp:featuredmedia":[{"embeddable":true,"href":"https:\/\/turijnmagazijn.nl\/it\/wp-json\/wp\/v2\/media\/35654"}],"wp:attachment":[{"href":"https:\/\/turijnmagazijn.nl\/it\/wp-json\/wp\/v2\/media?parent=62521"}],"wp:term":[{"taxonomy":"product_brand","embeddable":true,"href":"https:\/\/turijnmagazijn.nl\/it\/wp-json\/wp\/v2\/product_brand?post=62521"},{"taxonomy":"product_cat","embeddable":true,"href":"https:\/\/turijnmagazijn.nl\/it\/wp-json\/wp\/v2\/product_cat?post=62521"},{"taxonomy":"product_tag","embeddable":true,"href":"https:\/\/turijnmagazijn.nl\/it\/wp-json\/wp\/v2\/product_tag?post=62521"}],"curies":[{"name":"wp","href":"https:\/\/api.w.org\/{rel}","templated":true}]}}