{"id":62548,"date":"2023-03-03T09:10:02","date_gmt":"2023-03-03T08:10:02","guid":{"rendered":"https:\/\/turijnmagazijn.nl\/product\/ventilatore-radiatore-rele-lancia-delta-e-2\/"},"modified":"2024-09-17T11:11:08","modified_gmt":"2024-09-17T09:11:08","slug":"ventilatore-radiatore-rele-lancia-delta-e-2","status":"publish","type":"product","link":"https:\/\/turijnmagazijn.nl\/it\/prodotto\/ventilatore-radiatore-rele-lancia-delta-e-2\/","title":{"rendered":"Rel\u00e8 ventola radiatore Lancia Delta e.2 e Delta Integrale"},"content":{"rendered":"<p>Rel\u00e8 per l&#8217;accensione della ventola del radiatore per una Lancia Delta tipo 2 dal 1993 al 2000 con motore a benzina. colore bianco. Rel\u00e8 a 4 poli. Numero OEM Lancia 82461739 Numero di parte 13 sul disegno tecnico della EPER numero 1040900001 relativo all&#8217;applicazione alla Lancia Delta Integrale. \u00c8 richiesta una copia per ogni auto. Parte numero 10 del disegno tecnico EPER numero 46B56B1A8B590736F0FFCA9B0449D544 relativo all&#8217;applicazione sulla Lancia Delta Integrale. \u00c8 richiesta una copia di questo documento per ogni autovettura.<\/p>\n","protected":false},"excerpt":{"rendered":"<p>&gt; [116]82461739 Rel\u00e8 ventola radiatore Lancia Delta e.2 &#8211; Rel\u00e8 per l&#8217;accensione della ventola del radiatore per una Lancia Delta tipo 2 anni 1993-2000 con motore a benzina Alfa Romeo, Alfa Romeo Alfetta ,0 16V.<\/p>\n","protected":false},"featured_media":35694,"comment_status":"open","ping_status":"closed","template":"","meta":{"_acf_changed":false},"product_brand":[],"product_cat":[1810,1808,1843,1820,1824,1828,1835,1832,1840,1800],"product_tag":[],"class_list":{"0":"post-62548","1":"product","2":"type-product","3":"status-publish","4":"has-post-thumbnail","6":"product_cat-1-1-1-3-1-5-it","7":"product_cat-delta-1-831-it","8":"product_cat-delta-2-836-it","9":"product_cat-gt-i-e-it","10":"product_cat-hf-4wd-it","11":"product_cat-hf-turbo-it","12":"product_cat-integrale-16v-it","13":"product_cat-integrale-8v-it","14":"product_cat-integrale-evo-it","15":"product_cat-lancia-it","16":"pa_soort-onderdeel-elettronica-e-cavi","18":"first","19":"instock","20":"shipping-taxable","21":"purchasable","22":"product-type-simple"},"acf":[],"yoast_head":"<!-- This site is optimized with the Yoast SEO plugin v27.3 - https:\/\/yoast.com\/product\/yoast-seo-wordpress\/ -->\n<title>Rel\u00e8 ventola radiatore Lancia Delta e.2 e Delta Integrale - Turijnmagazijn<\/title>\n<meta name=\"robots\" content=\"index, follow, max-snippet:-1, max-image-preview:large, max-video-preview:-1\" \/>\n<link rel=\"canonical\" href=\"https:\/\/turijnmagazijn.nl\/it\/prodotto\/ventilatore-radiatore-rele-lancia-delta-e-2\/\" \/>\n<meta property=\"og:locale\" content=\"it_IT\" \/>\n<meta property=\"og:type\" content=\"article\" \/>\n<meta property=\"og:title\" content=\"Rel\u00e8 ventola radiatore Lancia Delta e.2 e Delta Integrale - Turijnmagazijn\" \/>\n<meta property=\"og:description\" content=\"&gt; [116]82461739 Rel\u00e8 ventola radiatore Lancia Delta e.2 - Rel\u00e8 per l&#039;accensione della ventola del radiatore per una Lancia Delta tipo 2 anni 1993-2000 con motore a benzina Alfa Romeo, Alfa Romeo Alfetta ,0 16V.\" \/>\n<meta property=\"og:url\" content=\"https:\/\/turijnmagazijn.nl\/it\/prodotto\/ventilatore-radiatore-rele-lancia-delta-e-2\/\" \/>\n<meta property=\"og:site_name\" content=\"Turijnmagazijn\" \/>\n<meta property=\"article:publisher\" content=\"https:\/\/www.facebook.com\/turijnmagazijn\" \/>\n<meta property=\"article:modified_time\" content=\"2024-09-17T09:11:08+00:00\" \/>\n<meta property=\"og:image\" content=\"https:\/\/turijnmagazijn.nl\/wp-content\/uploads\/2023\/03\/relais-radiateurventilator-lancia-delta-e-2-377.jpg\" \/>\n\t<meta property=\"og:image:width\" content=\"1440\" \/>\n\t<meta property=\"og:image:height\" content=\"1080\" \/>\n\t<meta property=\"og:image:type\" content=\"image\/jpeg\" \/>\n<meta name=\"twitter:card\" content=\"summary_large_image\" \/>\n<script type=\"application\/ld+json\" class=\"yoast-schema-graph\">{\"@context\":\"https:\\\/\\\/schema.org\",\"@graph\":[{\"@type\":\"WebPage\",\"@id\":\"https:\\\/\\\/turijnmagazijn.nl\\\/it\\\/prodotto\\\/ventilatore-radiatore-rele-lancia-delta-e-2\\\/\",\"url\":\"https:\\\/\\\/turijnmagazijn.nl\\\/it\\\/prodotto\\\/ventilatore-radiatore-rele-lancia-delta-e-2\\\/\",\"name\":\"Rel\u00e8 ventola radiatore Lancia Delta e.2 e Delta Integrale - Turijnmagazijn\",\"isPartOf\":{\"@id\":\"https:\\\/\\\/turijnmagazijn.jumpstone-dev.nl\\\/#website\"},\"primaryImageOfPage\":{\"@id\":\"https:\\\/\\\/turijnmagazijn.nl\\\/it\\\/prodotto\\\/ventilatore-radiatore-rele-lancia-delta-e-2\\\/#primaryimage\"},\"image\":{\"@id\":\"https:\\\/\\\/turijnmagazijn.nl\\\/it\\\/prodotto\\\/ventilatore-radiatore-rele-lancia-delta-e-2\\\/#primaryimage\"},\"thumbnailUrl\":\"https:\\\/\\\/turijnmagazijn.nl\\\/wp-content\\\/uploads\\\/2023\\\/03\\\/relais-radiateurventilator-lancia-delta-e-2-377.jpg\",\"datePublished\":\"2023-03-03T08:10:02+00:00\",\"dateModified\":\"2024-09-17T09:11:08+00:00\",\"breadcrumb\":{\"@id\":\"https:\\\/\\\/turijnmagazijn.nl\\\/it\\\/prodotto\\\/ventilatore-radiatore-rele-lancia-delta-e-2\\\/#breadcrumb\"},\"inLanguage\":\"it-IT\",\"potentialAction\":[{\"@type\":\"ReadAction\",\"target\":[\"https:\\\/\\\/turijnmagazijn.nl\\\/it\\\/prodotto\\\/ventilatore-radiatore-rele-lancia-delta-e-2\\\/\"]}]},{\"@type\":\"ImageObject\",\"inLanguage\":\"it-IT\",\"@id\":\"https:\\\/\\\/turijnmagazijn.nl\\\/it\\\/prodotto\\\/ventilatore-radiatore-rele-lancia-delta-e-2\\\/#primaryimage\",\"url\":\"https:\\\/\\\/turijnmagazijn.nl\\\/wp-content\\\/uploads\\\/2023\\\/03\\\/relais-radiateurventilator-lancia-delta-e-2-377.jpg\",\"contentUrl\":\"https:\\\/\\\/turijnmagazijn.nl\\\/wp-content\\\/uploads\\\/2023\\\/03\\\/relais-radiateurventilator-lancia-delta-e-2-377.jpg\",\"width\":1440,\"height\":1080},{\"@type\":\"BreadcrumbList\",\"@id\":\"https:\\\/\\\/turijnmagazijn.nl\\\/it\\\/prodotto\\\/ventilatore-radiatore-rele-lancia-delta-e-2\\\/#breadcrumb\",\"itemListElement\":[{\"@type\":\"ListItem\",\"position\":1,\"name\":\"Home\",\"item\":\"https:\\\/\\\/turijnmagazijn.nl\\\/it\\\/\"},{\"@type\":\"ListItem\",\"position\":2,\"name\":\"Prodotti\",\"item\":\"https:\\\/\\\/turijnmagazijn.nl\\\/it\\\/shop\\\/\"},{\"@type\":\"ListItem\",\"position\":3,\"name\":\"Rel\u00e8 ventola radiatore Lancia Delta e.2 e Delta Integrale\"}]},{\"@type\":\"WebSite\",\"@id\":\"https:\\\/\\\/turijnmagazijn.jumpstone-dev.nl\\\/#website\",\"url\":\"https:\\\/\\\/turijnmagazijn.jumpstone-dev.nl\\\/\",\"name\":\"Turijnmagazijn\",\"description\":\"Onderdelen nieuw en gebruikt - Fiat &amp; Lancia\",\"publisher\":{\"@id\":\"https:\\\/\\\/turijnmagazijn.jumpstone-dev.nl\\\/#organization\"},\"potentialAction\":[{\"@type\":\"SearchAction\",\"target\":{\"@type\":\"EntryPoint\",\"urlTemplate\":\"https:\\\/\\\/turijnmagazijn.jumpstone-dev.nl\\\/?s={search_term_string}\"},\"query-input\":{\"@type\":\"PropertyValueSpecification\",\"valueRequired\":true,\"valueName\":\"search_term_string\"}}],\"inLanguage\":\"it-IT\"},{\"@type\":\"Organization\",\"@id\":\"https:\\\/\\\/turijnmagazijn.jumpstone-dev.nl\\\/#organization\",\"name\":\"Turijnmagazijn\",\"url\":\"https:\\\/\\\/turijnmagazijn.jumpstone-dev.nl\\\/\",\"logo\":{\"@type\":\"ImageObject\",\"inLanguage\":\"it-IT\",\"@id\":\"https:\\\/\\\/turijnmagazijn.jumpstone-dev.nl\\\/#\\\/schema\\\/logo\\\/image\\\/\",\"url\":\"https:\\\/\\\/turijnmagazijn.nl\\\/wp-content\\\/uploads\\\/2021\\\/02\\\/turijnmagazijnlogo.png\",\"contentUrl\":\"https:\\\/\\\/turijnmagazijn.nl\\\/wp-content\\\/uploads\\\/2021\\\/02\\\/turijnmagazijnlogo.png\",\"width\":555,\"height\":270,\"caption\":\"Turijnmagazijn\"},\"image\":{\"@id\":\"https:\\\/\\\/turijnmagazijn.jumpstone-dev.nl\\\/#\\\/schema\\\/logo\\\/image\\\/\"},\"sameAs\":[\"https:\\\/\\\/www.facebook.com\\\/turijnmagazijn\"]}]}<\/script>\n<!-- \/ Yoast SEO plugin. -->","yoast_head_json":{"title":"Rel\u00e8 ventola radiatore Lancia Delta e.2 e Delta Integrale - Turijnmagazijn","robots":{"index":"index","follow":"follow","max-snippet":"max-snippet:-1","max-image-preview":"max-image-preview:large","max-video-preview":"max-video-preview:-1"},"canonical":"https:\/\/turijnmagazijn.nl\/it\/prodotto\/ventilatore-radiatore-rele-lancia-delta-e-2\/","og_locale":"it_IT","og_type":"article","og_title":"Rel\u00e8 ventola radiatore Lancia Delta e.2 e Delta Integrale - Turijnmagazijn","og_description":"&gt; [116]82461739 Rel\u00e8 ventola radiatore Lancia Delta e.2 - Rel\u00e8 per l'accensione della ventola del radiatore per una Lancia Delta tipo 2 anni 1993-2000 con motore a benzina Alfa Romeo, Alfa Romeo Alfetta ,0 16V.","og_url":"https:\/\/turijnmagazijn.nl\/it\/prodotto\/ventilatore-radiatore-rele-lancia-delta-e-2\/","og_site_name":"Turijnmagazijn","article_publisher":"https:\/\/www.facebook.com\/turijnmagazijn","article_modified_time":"2024-09-17T09:11:08+00:00","og_image":[{"width":1440,"height":1080,"url":"https:\/\/turijnmagazijn.nl\/wp-content\/uploads\/2023\/03\/relais-radiateurventilator-lancia-delta-e-2-377.jpg","type":"image\/jpeg"}],"twitter_card":"summary_large_image","schema":{"@context":"https:\/\/schema.org","@graph":[{"@type":"WebPage","@id":"https:\/\/turijnmagazijn.nl\/it\/prodotto\/ventilatore-radiatore-rele-lancia-delta-e-2\/","url":"https:\/\/turijnmagazijn.nl\/it\/prodotto\/ventilatore-radiatore-rele-lancia-delta-e-2\/","name":"Rel\u00e8 ventola radiatore Lancia Delta e.2 e Delta Integrale - Turijnmagazijn","isPartOf":{"@id":"https:\/\/turijnmagazijn.jumpstone-dev.nl\/#website"},"primaryImageOfPage":{"@id":"https:\/\/turijnmagazijn.nl\/it\/prodotto\/ventilatore-radiatore-rele-lancia-delta-e-2\/#primaryimage"},"image":{"@id":"https:\/\/turijnmagazijn.nl\/it\/prodotto\/ventilatore-radiatore-rele-lancia-delta-e-2\/#primaryimage"},"thumbnailUrl":"https:\/\/turijnmagazijn.nl\/wp-content\/uploads\/2023\/03\/relais-radiateurventilator-lancia-delta-e-2-377.jpg","datePublished":"2023-03-03T08:10:02+00:00","dateModified":"2024-09-17T09:11:08+00:00","breadcrumb":{"@id":"https:\/\/turijnmagazijn.nl\/it\/prodotto\/ventilatore-radiatore-rele-lancia-delta-e-2\/#breadcrumb"},"inLanguage":"it-IT","potentialAction":[{"@type":"ReadAction","target":["https:\/\/turijnmagazijn.nl\/it\/prodotto\/ventilatore-radiatore-rele-lancia-delta-e-2\/"]}]},{"@type":"ImageObject","inLanguage":"it-IT","@id":"https:\/\/turijnmagazijn.nl\/it\/prodotto\/ventilatore-radiatore-rele-lancia-delta-e-2\/#primaryimage","url":"https:\/\/turijnmagazijn.nl\/wp-content\/uploads\/2023\/03\/relais-radiateurventilator-lancia-delta-e-2-377.jpg","contentUrl":"https:\/\/turijnmagazijn.nl\/wp-content\/uploads\/2023\/03\/relais-radiateurventilator-lancia-delta-e-2-377.jpg","width":1440,"height":1080},{"@type":"BreadcrumbList","@id":"https:\/\/turijnmagazijn.nl\/it\/prodotto\/ventilatore-radiatore-rele-lancia-delta-e-2\/#breadcrumb","itemListElement":[{"@type":"ListItem","position":1,"name":"Home","item":"https:\/\/turijnmagazijn.nl\/it\/"},{"@type":"ListItem","position":2,"name":"Prodotti","item":"https:\/\/turijnmagazijn.nl\/it\/shop\/"},{"@type":"ListItem","position":3,"name":"Rel\u00e8 ventola radiatore Lancia Delta e.2 e Delta Integrale"}]},{"@type":"WebSite","@id":"https:\/\/turijnmagazijn.jumpstone-dev.nl\/#website","url":"https:\/\/turijnmagazijn.jumpstone-dev.nl\/","name":"Turijnmagazijn","description":"Onderdelen nieuw en gebruikt - Fiat &amp; Lancia","publisher":{"@id":"https:\/\/turijnmagazijn.jumpstone-dev.nl\/#organization"},"potentialAction":[{"@type":"SearchAction","target":{"@type":"EntryPoint","urlTemplate":"https:\/\/turijnmagazijn.jumpstone-dev.nl\/?s={search_term_string}"},"query-input":{"@type":"PropertyValueSpecification","valueRequired":true,"valueName":"search_term_string"}}],"inLanguage":"it-IT"},{"@type":"Organization","@id":"https:\/\/turijnmagazijn.jumpstone-dev.nl\/#organization","name":"Turijnmagazijn","url":"https:\/\/turijnmagazijn.jumpstone-dev.nl\/","logo":{"@type":"ImageObject","inLanguage":"it-IT","@id":"https:\/\/turijnmagazijn.jumpstone-dev.nl\/#\/schema\/logo\/image\/","url":"https:\/\/turijnmagazijn.nl\/wp-content\/uploads\/2021\/02\/turijnmagazijnlogo.png","contentUrl":"https:\/\/turijnmagazijn.nl\/wp-content\/uploads\/2021\/02\/turijnmagazijnlogo.png","width":555,"height":270,"caption":"Turijnmagazijn"},"image":{"@id":"https:\/\/turijnmagazijn.jumpstone-dev.nl\/#\/schema\/logo\/image\/"},"sameAs":["https:\/\/www.facebook.com\/turijnmagazijn"]}]}},"_links":{"self":[{"href":"https:\/\/turijnmagazijn.nl\/it\/wp-json\/wp\/v2\/product\/62548","targetHints":{"allow":["GET"]}}],"collection":[{"href":"https:\/\/turijnmagazijn.nl\/it\/wp-json\/wp\/v2\/product"}],"about":[{"href":"https:\/\/turijnmagazijn.nl\/it\/wp-json\/wp\/v2\/types\/product"}],"replies":[{"embeddable":true,"href":"https:\/\/turijnmagazijn.nl\/it\/wp-json\/wp\/v2\/comments?post=62548"}],"wp:featuredmedia":[{"embeddable":true,"href":"https:\/\/turijnmagazijn.nl\/it\/wp-json\/wp\/v2\/media\/35694"}],"wp:attachment":[{"href":"https:\/\/turijnmagazijn.nl\/it\/wp-json\/wp\/v2\/media?parent=62548"}],"wp:term":[{"taxonomy":"product_brand","embeddable":true,"href":"https:\/\/turijnmagazijn.nl\/it\/wp-json\/wp\/v2\/product_brand?post=62548"},{"taxonomy":"product_cat","embeddable":true,"href":"https:\/\/turijnmagazijn.nl\/it\/wp-json\/wp\/v2\/product_cat?post=62548"},{"taxonomy":"product_tag","embeddable":true,"href":"https:\/\/turijnmagazijn.nl\/it\/wp-json\/wp\/v2\/product_tag?post=62548"}],"curies":[{"name":"wp","href":"https:\/\/api.w.org\/{rel}","templated":true}]}}