{"id":63188,"date":"2023-03-03T09:12:49","date_gmt":"2023-03-03T08:12:49","guid":{"rendered":"https:\/\/turijnmagazijn.nl\/product\/cinghia-tenditore-alfa-1-8-twin-spark\/"},"modified":"2023-07-26T13:50:53","modified_gmt":"2023-07-26T11:50:53","slug":"tenditore-cinghia-di-distribuzione-alfa-1-8-twin-spark","status":"publish","type":"product","link":"https:\/\/turijnmagazijn.nl\/it\/prodotto\/tenditore-cinghia-di-distribuzione-alfa-1-8-twin-spark\/","title":{"rendered":"Cinghia tenditore Alfa 1.8 Twin Spark"},"content":{"rendered":"<p>Tendicinghia per motori Alfa Romeo 1.8 Twin Spark. Questo tenditore \u00e8 specifico per il motore 1.8, i motori 1.6 e 2.0 utilizzano un diverso tipo di tenditore. Il tenditore \u00e8 opportunamente smontato da un&#8217;Alfa Romeo 156 del 1999. Il cuscinetto \u00e8 buono e silenzioso.&nbsp;<\/p>\n<p>Iscrizioni sull&#8217;unit\u00e0:<br \/>Prodotto in Canada<br \/>979236<\/p>\n<p>Sul cuscinetto:<br \/>6006RDA<br \/>GMB<br \/>Corea<\/p>\n<p>Numero OEM Alfa Romeo&nbsp;<span style=\"color: rgb(6, 45, 104); font-family: Verdana; font-size: 10px; line-height: normal; text-align: -webkit-right; text-transform: uppercase; background-color: rgb(229, 229, 229);\">55192239<\/span><\/p>\n","protected":false},"excerpt":{"rendered":"<p>Tenditore cinghia distribuzione Alfa 1.8 Twin Spark &#8211; Tenditore cinghia distribuzione per Alfa Romeo 1.<\/p>\n","protected":false},"featured_media":39054,"comment_status":"open","ping_status":"closed","template":"","meta":{"_acf_changed":false},"product_brand":[],"product_cat":[1608,1614,1583],"product_tag":[],"class_list":{"0":"post-63188","1":"product","2":"type-product","3":"status-publish","4":"has-post-thumbnail","6":"product_cat-147-937-it","7":"product_cat-156-932-it","8":"product_cat-alfa-romeo-it","9":"pa_soort-onderdeel-elettronica-e-cavi","10":"pa_soort-onderdeel-motore-e-accessori","12":"first","13":"instock","14":"shipping-taxable","15":"purchasable","16":"product-type-simple"},"acf":[],"yoast_head":"<!-- This site is optimized with the Yoast SEO plugin v27.2 - https:\/\/yoast.com\/product\/yoast-seo-wordpress\/ -->\n<title>Cinghia tenditore Alfa 1.8 Twin Spark - Turijnmagazijn<\/title>\n<meta name=\"robots\" content=\"index, follow, max-snippet:-1, max-image-preview:large, max-video-preview:-1\" \/>\n<link rel=\"canonical\" href=\"https:\/\/turijnmagazijn.nl\/it\/prodotto\/tenditore-cinghia-di-distribuzione-alfa-1-8-twin-spark\/\" \/>\n<meta property=\"og:locale\" content=\"it_IT\" \/>\n<meta property=\"og:type\" content=\"article\" \/>\n<meta property=\"og:title\" content=\"Cinghia tenditore Alfa 1.8 Twin Spark - Turijnmagazijn\" \/>\n<meta property=\"og:description\" content=\"Tenditore cinghia distribuzione Alfa 1.8 Twin Spark - Tenditore cinghia distribuzione per Alfa Romeo 1.\" \/>\n<meta property=\"og:url\" content=\"https:\/\/turijnmagazijn.nl\/it\/prodotto\/tenditore-cinghia-di-distribuzione-alfa-1-8-twin-spark\/\" \/>\n<meta property=\"og:site_name\" content=\"Turijnmagazijn\" \/>\n<meta property=\"article:publisher\" content=\"https:\/\/www.facebook.com\/turijnmagazijn\" \/>\n<meta property=\"article:modified_time\" content=\"2023-07-26T11:50:53+00:00\" \/>\n<meta property=\"og:image\" content=\"https:\/\/turijnmagazijn.jumpstone-dev.nl\/wp-content\/uploads\/2023\/03\/DK00101017_Spanner_distributieriem_Alfa_1.8_Twin_Spark_3-1.jpg\" \/>\n\t<meta property=\"og:image:width\" content=\"800\" \/>\n\t<meta property=\"og:image:height\" content=\"600\" \/>\n\t<meta property=\"og:image:type\" content=\"image\/jpeg\" \/>\n<meta name=\"twitter:card\" content=\"summary_large_image\" \/>\n<script type=\"application\/ld+json\" class=\"yoast-schema-graph\">{\"@context\":\"https:\/\/schema.org\",\"@graph\":[{\"@type\":\"WebPage\",\"@id\":\"https:\/\/turijnmagazijn.nl\/it\/prodotto\/tenditore-cinghia-di-distribuzione-alfa-1-8-twin-spark\/\",\"url\":\"https:\/\/turijnmagazijn.nl\/it\/prodotto\/tenditore-cinghia-di-distribuzione-alfa-1-8-twin-spark\/\",\"name\":\"Cinghia tenditore Alfa 1.8 Twin Spark - Turijnmagazijn\",\"isPartOf\":{\"@id\":\"https:\/\/turijnmagazijn.jumpstone-dev.nl\/#website\"},\"primaryImageOfPage\":{\"@id\":\"https:\/\/turijnmagazijn.nl\/it\/prodotto\/tenditore-cinghia-di-distribuzione-alfa-1-8-twin-spark\/#primaryimage\"},\"image\":{\"@id\":\"https:\/\/turijnmagazijn.nl\/it\/prodotto\/tenditore-cinghia-di-distribuzione-alfa-1-8-twin-spark\/#primaryimage\"},\"thumbnailUrl\":\"https:\/\/turijnmagazijn.nl\/wp-content\/uploads\/2023\/03\/DK00101017_Spanner_distributieriem_Alfa_1.8_Twin_Spark_3-1.jpg\",\"datePublished\":\"2023-03-03T08:12:49+00:00\",\"dateModified\":\"2023-07-26T11:50:53+00:00\",\"breadcrumb\":{\"@id\":\"https:\/\/turijnmagazijn.nl\/it\/prodotto\/tenditore-cinghia-di-distribuzione-alfa-1-8-twin-spark\/#breadcrumb\"},\"inLanguage\":\"it-IT\",\"potentialAction\":[{\"@type\":\"ReadAction\",\"target\":[\"https:\/\/turijnmagazijn.nl\/it\/prodotto\/tenditore-cinghia-di-distribuzione-alfa-1-8-twin-spark\/\"]}]},{\"@type\":\"ImageObject\",\"inLanguage\":\"it-IT\",\"@id\":\"https:\/\/turijnmagazijn.nl\/it\/prodotto\/tenditore-cinghia-di-distribuzione-alfa-1-8-twin-spark\/#primaryimage\",\"url\":\"https:\/\/turijnmagazijn.nl\/wp-content\/uploads\/2023\/03\/DK00101017_Spanner_distributieriem_Alfa_1.8_Twin_Spark_3-1.jpg\",\"contentUrl\":\"https:\/\/turijnmagazijn.nl\/wp-content\/uploads\/2023\/03\/DK00101017_Spanner_distributieriem_Alfa_1.8_Twin_Spark_3-1.jpg\",\"width\":800,\"height\":600},{\"@type\":\"BreadcrumbList\",\"@id\":\"https:\/\/turijnmagazijn.nl\/it\/prodotto\/tenditore-cinghia-di-distribuzione-alfa-1-8-twin-spark\/#breadcrumb\",\"itemListElement\":[{\"@type\":\"ListItem\",\"position\":1,\"name\":\"Home\",\"item\":\"https:\/\/turijnmagazijn.nl\/it\/\"},{\"@type\":\"ListItem\",\"position\":2,\"name\":\"Prodotti\",\"item\":\"https:\/\/turijnmagazijn.nl\/it\/shop\/\"},{\"@type\":\"ListItem\",\"position\":3,\"name\":\"Cinghia tenditore Alfa 1.8 Twin Spark\"}]},{\"@type\":\"WebSite\",\"@id\":\"https:\/\/turijnmagazijn.jumpstone-dev.nl\/#website\",\"url\":\"https:\/\/turijnmagazijn.jumpstone-dev.nl\/\",\"name\":\"Turijnmagazijn\",\"description\":\"Onderdelen nieuw en gebruikt - Fiat &amp; Lancia\",\"publisher\":{\"@id\":\"https:\/\/turijnmagazijn.jumpstone-dev.nl\/#organization\"},\"potentialAction\":[{\"@type\":\"SearchAction\",\"target\":{\"@type\":\"EntryPoint\",\"urlTemplate\":\"https:\/\/turijnmagazijn.jumpstone-dev.nl\/?s={search_term_string}\"},\"query-input\":{\"@type\":\"PropertyValueSpecification\",\"valueRequired\":true,\"valueName\":\"search_term_string\"}}],\"inLanguage\":\"it-IT\"},{\"@type\":\"Organization\",\"@id\":\"https:\/\/turijnmagazijn.jumpstone-dev.nl\/#organization\",\"name\":\"Turijnmagazijn\",\"url\":\"https:\/\/turijnmagazijn.jumpstone-dev.nl\/\",\"logo\":{\"@type\":\"ImageObject\",\"inLanguage\":\"it-IT\",\"@id\":\"https:\/\/turijnmagazijn.jumpstone-dev.nl\/#\/schema\/logo\/image\/\",\"url\":\"https:\/\/turijnmagazijn.nl\/wp-content\/uploads\/2021\/02\/turijnmagazijnlogo.png\",\"contentUrl\":\"https:\/\/turijnmagazijn.nl\/wp-content\/uploads\/2021\/02\/turijnmagazijnlogo.png\",\"width\":555,\"height\":270,\"caption\":\"Turijnmagazijn\"},\"image\":{\"@id\":\"https:\/\/turijnmagazijn.jumpstone-dev.nl\/#\/schema\/logo\/image\/\"},\"sameAs\":[\"https:\/\/www.facebook.com\/turijnmagazijn\"]}]}<\/script>\n<!-- \/ Yoast SEO plugin. -->","yoast_head_json":{"title":"Cinghia tenditore Alfa 1.8 Twin Spark - Turijnmagazijn","robots":{"index":"index","follow":"follow","max-snippet":"max-snippet:-1","max-image-preview":"max-image-preview:large","max-video-preview":"max-video-preview:-1"},"canonical":"https:\/\/turijnmagazijn.nl\/it\/prodotto\/tenditore-cinghia-di-distribuzione-alfa-1-8-twin-spark\/","og_locale":"it_IT","og_type":"article","og_title":"Cinghia tenditore Alfa 1.8 Twin Spark - Turijnmagazijn","og_description":"Tenditore cinghia distribuzione Alfa 1.8 Twin Spark - Tenditore cinghia distribuzione per Alfa Romeo 1.","og_url":"https:\/\/turijnmagazijn.nl\/it\/prodotto\/tenditore-cinghia-di-distribuzione-alfa-1-8-twin-spark\/","og_site_name":"Turijnmagazijn","article_publisher":"https:\/\/www.facebook.com\/turijnmagazijn","article_modified_time":"2023-07-26T11:50:53+00:00","og_image":[{"width":800,"height":600,"url":"https:\/\/turijnmagazijn.jumpstone-dev.nl\/wp-content\/uploads\/2023\/03\/DK00101017_Spanner_distributieriem_Alfa_1.8_Twin_Spark_3-1.jpg","type":"image\/jpeg"}],"twitter_card":"summary_large_image","schema":{"@context":"https:\/\/schema.org","@graph":[{"@type":"WebPage","@id":"https:\/\/turijnmagazijn.nl\/it\/prodotto\/tenditore-cinghia-di-distribuzione-alfa-1-8-twin-spark\/","url":"https:\/\/turijnmagazijn.nl\/it\/prodotto\/tenditore-cinghia-di-distribuzione-alfa-1-8-twin-spark\/","name":"Cinghia tenditore Alfa 1.8 Twin Spark - Turijnmagazijn","isPartOf":{"@id":"https:\/\/turijnmagazijn.jumpstone-dev.nl\/#website"},"primaryImageOfPage":{"@id":"https:\/\/turijnmagazijn.nl\/it\/prodotto\/tenditore-cinghia-di-distribuzione-alfa-1-8-twin-spark\/#primaryimage"},"image":{"@id":"https:\/\/turijnmagazijn.nl\/it\/prodotto\/tenditore-cinghia-di-distribuzione-alfa-1-8-twin-spark\/#primaryimage"},"thumbnailUrl":"https:\/\/turijnmagazijn.nl\/wp-content\/uploads\/2023\/03\/DK00101017_Spanner_distributieriem_Alfa_1.8_Twin_Spark_3-1.jpg","datePublished":"2023-03-03T08:12:49+00:00","dateModified":"2023-07-26T11:50:53+00:00","breadcrumb":{"@id":"https:\/\/turijnmagazijn.nl\/it\/prodotto\/tenditore-cinghia-di-distribuzione-alfa-1-8-twin-spark\/#breadcrumb"},"inLanguage":"it-IT","potentialAction":[{"@type":"ReadAction","target":["https:\/\/turijnmagazijn.nl\/it\/prodotto\/tenditore-cinghia-di-distribuzione-alfa-1-8-twin-spark\/"]}]},{"@type":"ImageObject","inLanguage":"it-IT","@id":"https:\/\/turijnmagazijn.nl\/it\/prodotto\/tenditore-cinghia-di-distribuzione-alfa-1-8-twin-spark\/#primaryimage","url":"https:\/\/turijnmagazijn.nl\/wp-content\/uploads\/2023\/03\/DK00101017_Spanner_distributieriem_Alfa_1.8_Twin_Spark_3-1.jpg","contentUrl":"https:\/\/turijnmagazijn.nl\/wp-content\/uploads\/2023\/03\/DK00101017_Spanner_distributieriem_Alfa_1.8_Twin_Spark_3-1.jpg","width":800,"height":600},{"@type":"BreadcrumbList","@id":"https:\/\/turijnmagazijn.nl\/it\/prodotto\/tenditore-cinghia-di-distribuzione-alfa-1-8-twin-spark\/#breadcrumb","itemListElement":[{"@type":"ListItem","position":1,"name":"Home","item":"https:\/\/turijnmagazijn.nl\/it\/"},{"@type":"ListItem","position":2,"name":"Prodotti","item":"https:\/\/turijnmagazijn.nl\/it\/shop\/"},{"@type":"ListItem","position":3,"name":"Cinghia tenditore Alfa 1.8 Twin Spark"}]},{"@type":"WebSite","@id":"https:\/\/turijnmagazijn.jumpstone-dev.nl\/#website","url":"https:\/\/turijnmagazijn.jumpstone-dev.nl\/","name":"Turijnmagazijn","description":"Onderdelen nieuw en gebruikt - Fiat &amp; Lancia","publisher":{"@id":"https:\/\/turijnmagazijn.jumpstone-dev.nl\/#organization"},"potentialAction":[{"@type":"SearchAction","target":{"@type":"EntryPoint","urlTemplate":"https:\/\/turijnmagazijn.jumpstone-dev.nl\/?s={search_term_string}"},"query-input":{"@type":"PropertyValueSpecification","valueRequired":true,"valueName":"search_term_string"}}],"inLanguage":"it-IT"},{"@type":"Organization","@id":"https:\/\/turijnmagazijn.jumpstone-dev.nl\/#organization","name":"Turijnmagazijn","url":"https:\/\/turijnmagazijn.jumpstone-dev.nl\/","logo":{"@type":"ImageObject","inLanguage":"it-IT","@id":"https:\/\/turijnmagazijn.jumpstone-dev.nl\/#\/schema\/logo\/image\/","url":"https:\/\/turijnmagazijn.nl\/wp-content\/uploads\/2021\/02\/turijnmagazijnlogo.png","contentUrl":"https:\/\/turijnmagazijn.nl\/wp-content\/uploads\/2021\/02\/turijnmagazijnlogo.png","width":555,"height":270,"caption":"Turijnmagazijn"},"image":{"@id":"https:\/\/turijnmagazijn.jumpstone-dev.nl\/#\/schema\/logo\/image\/"},"sameAs":["https:\/\/www.facebook.com\/turijnmagazijn"]}]}},"_links":{"self":[{"href":"https:\/\/turijnmagazijn.nl\/it\/wp-json\/wp\/v2\/product\/63188","targetHints":{"allow":["GET"]}}],"collection":[{"href":"https:\/\/turijnmagazijn.nl\/it\/wp-json\/wp\/v2\/product"}],"about":[{"href":"https:\/\/turijnmagazijn.nl\/it\/wp-json\/wp\/v2\/types\/product"}],"replies":[{"embeddable":true,"href":"https:\/\/turijnmagazijn.nl\/it\/wp-json\/wp\/v2\/comments?post=63188"}],"wp:featuredmedia":[{"embeddable":true,"href":"https:\/\/turijnmagazijn.nl\/it\/wp-json\/wp\/v2\/media\/39054"}],"wp:attachment":[{"href":"https:\/\/turijnmagazijn.nl\/it\/wp-json\/wp\/v2\/media?parent=63188"}],"wp:term":[{"taxonomy":"product_brand","embeddable":true,"href":"https:\/\/turijnmagazijn.nl\/it\/wp-json\/wp\/v2\/product_brand?post=63188"},{"taxonomy":"product_cat","embeddable":true,"href":"https:\/\/turijnmagazijn.nl\/it\/wp-json\/wp\/v2\/product_cat?post=63188"},{"taxonomy":"product_tag","embeddable":true,"href":"https:\/\/turijnmagazijn.nl\/it\/wp-json\/wp\/v2\/product_tag?post=63188"}],"curies":[{"name":"wp","href":"https:\/\/api.w.org\/{rel}","templated":true}]}}