{"id":63376,"date":"2023-03-03T09:13:34","date_gmt":"2023-03-03T08:13:34","guid":{"rendered":"https:\/\/turijnmagazijn.nl\/product\/fanale-posteriore-interno-destro-lancia-kappa-berlina-e-sw\/"},"modified":"2024-07-15T16:45:42","modified_gmt":"2024-07-15T14:45:42","slug":"fanale-posteriore-in-destra-lancia-kappa-berlina-en-sw","status":"publish","type":"product","link":"https:\/\/turijnmagazijn.nl\/it\/prodotto\/fanale-posteriore-in-destra-lancia-kappa-berlina-en-sw\/","title":{"rendered":"Fanale posteriore interno destro Lancia Kappa berlina e SW"},"content":{"rendered":"<p style=\"margin-bottom: 10px; font-size: 12px; line-height: 20px;\">Parte interna del fanale posteriore proprio di fronte a Lancia Kappa. Il fanale posteriore si adatta alla SW e alla berlina, NON alla coup\u00e9. Riguarda la parte del fanale posteriore che \u00e8 integrata nel portellone. Questo fanale posteriore \u00e8 in buone condizioni ed \u00e8 stato smontato da una berlina kappa del 1995.<\/p>\n<p style=\"margin-bottom: 10px;\"><span style=\"font-size: 12px; line-height: 20px;\">OEM Lancia<\/span> <span style=\"text-align: -webkit-right;\">7780140<\/span><\/p>\n","protected":false},"excerpt":{"rendered":"<p>Fanale posteriore interno destro Lancia Kappa berlina + SW &#8211; Fanale posteriore interno destro per Lancia Kappa.<\/p>\n","protected":false},"featured_media":77870,"comment_status":"open","ping_status":"closed","template":"","meta":{"_acf_changed":false},"product_brand":[],"product_cat":[1857,1800,1871],"product_tag":[],"class_list":{"0":"post-63376","1":"product","2":"type-product","3":"status-publish","4":"has-post-thumbnail","6":"product_cat-kappa-838-it","7":"product_cat-lancia-it","8":"product_cat-sw-it","9":"pa_soort-onderdeel-illuminazione","11":"first","12":"instock","13":"shipping-taxable","14":"purchasable","15":"product-type-simple"},"acf":[],"yoast_head":"<!-- This site is optimized with the Yoast SEO plugin v27.3 - https:\/\/yoast.com\/product\/yoast-seo-wordpress\/ -->\n<title>Fanale posteriore interno destro Lancia Kappa berlina e SW - Turijnmagazijn<\/title>\n<meta name=\"robots\" content=\"index, follow, max-snippet:-1, max-image-preview:large, max-video-preview:-1\" \/>\n<link rel=\"canonical\" href=\"https:\/\/turijnmagazijn.nl\/it\/prodotto\/fanale-posteriore-in-destra-lancia-kappa-berlina-en-sw\/\" \/>\n<meta property=\"og:locale\" content=\"it_IT\" \/>\n<meta property=\"og:type\" content=\"article\" \/>\n<meta property=\"og:title\" content=\"Fanale posteriore interno destro Lancia Kappa berlina e SW - Turijnmagazijn\" \/>\n<meta property=\"og:description\" content=\"Fanale posteriore interno destro Lancia Kappa berlina + SW - Fanale posteriore interno destro per Lancia Kappa.\" \/>\n<meta property=\"og:url\" content=\"https:\/\/turijnmagazijn.nl\/it\/prodotto\/fanale-posteriore-in-destra-lancia-kappa-berlina-en-sw\/\" \/>\n<meta property=\"og:site_name\" content=\"Turijnmagazijn\" \/>\n<meta property=\"article:publisher\" content=\"https:\/\/www.facebook.com\/turijnmagazijn\" \/>\n<meta property=\"article:modified_time\" content=\"2024-07-15T14:45:42+00:00\" \/>\n<meta property=\"og:image\" content=\"https:\/\/turijnmagazijn.nl\/wp-content\/uploads\/2023\/03\/DK0101297-Achterlicht-Binnen-Lancia-Kappa-berlina-en-SW-RECHTS-7780140.png\" \/>\n\t<meta property=\"og:image:width\" content=\"1172\" \/>\n\t<meta property=\"og:image:height\" content=\"880\" \/>\n\t<meta property=\"og:image:type\" content=\"image\/png\" \/>\n<meta name=\"twitter:card\" content=\"summary_large_image\" \/>\n<script type=\"application\/ld+json\" class=\"yoast-schema-graph\">{\"@context\":\"https:\\\/\\\/schema.org\",\"@graph\":[{\"@type\":\"WebPage\",\"@id\":\"https:\\\/\\\/turijnmagazijn.nl\\\/it\\\/prodotto\\\/fanale-posteriore-in-destra-lancia-kappa-berlina-en-sw\\\/\",\"url\":\"https:\\\/\\\/turijnmagazijn.nl\\\/it\\\/prodotto\\\/fanale-posteriore-in-destra-lancia-kappa-berlina-en-sw\\\/\",\"name\":\"Fanale posteriore interno destro Lancia Kappa berlina e SW - Turijnmagazijn\",\"isPartOf\":{\"@id\":\"https:\\\/\\\/turijnmagazijn.jumpstone-dev.nl\\\/#website\"},\"primaryImageOfPage\":{\"@id\":\"https:\\\/\\\/turijnmagazijn.nl\\\/it\\\/prodotto\\\/fanale-posteriore-in-destra-lancia-kappa-berlina-en-sw\\\/#primaryimage\"},\"image\":{\"@id\":\"https:\\\/\\\/turijnmagazijn.nl\\\/it\\\/prodotto\\\/fanale-posteriore-in-destra-lancia-kappa-berlina-en-sw\\\/#primaryimage\"},\"thumbnailUrl\":\"https:\\\/\\\/turijnmagazijn.nl\\\/wp-content\\\/uploads\\\/2023\\\/03\\\/DK0101297-Achterlicht-Binnen-Lancia-Kappa-berlina-en-SW-RECHTS-7780140.png\",\"datePublished\":\"2023-03-03T08:13:34+00:00\",\"dateModified\":\"2024-07-15T14:45:42+00:00\",\"breadcrumb\":{\"@id\":\"https:\\\/\\\/turijnmagazijn.nl\\\/it\\\/prodotto\\\/fanale-posteriore-in-destra-lancia-kappa-berlina-en-sw\\\/#breadcrumb\"},\"inLanguage\":\"it-IT\",\"potentialAction\":[{\"@type\":\"ReadAction\",\"target\":[\"https:\\\/\\\/turijnmagazijn.nl\\\/it\\\/prodotto\\\/fanale-posteriore-in-destra-lancia-kappa-berlina-en-sw\\\/\"]}]},{\"@type\":\"ImageObject\",\"inLanguage\":\"it-IT\",\"@id\":\"https:\\\/\\\/turijnmagazijn.nl\\\/it\\\/prodotto\\\/fanale-posteriore-in-destra-lancia-kappa-berlina-en-sw\\\/#primaryimage\",\"url\":\"https:\\\/\\\/turijnmagazijn.nl\\\/wp-content\\\/uploads\\\/2023\\\/03\\\/DK0101297-Achterlicht-Binnen-Lancia-Kappa-berlina-en-SW-RECHTS-7780140.png\",\"contentUrl\":\"https:\\\/\\\/turijnmagazijn.nl\\\/wp-content\\\/uploads\\\/2023\\\/03\\\/DK0101297-Achterlicht-Binnen-Lancia-Kappa-berlina-en-SW-RECHTS-7780140.png\",\"width\":1172,\"height\":880},{\"@type\":\"BreadcrumbList\",\"@id\":\"https:\\\/\\\/turijnmagazijn.nl\\\/it\\\/prodotto\\\/fanale-posteriore-in-destra-lancia-kappa-berlina-en-sw\\\/#breadcrumb\",\"itemListElement\":[{\"@type\":\"ListItem\",\"position\":1,\"name\":\"Home\",\"item\":\"https:\\\/\\\/turijnmagazijn.nl\\\/it\\\/\"},{\"@type\":\"ListItem\",\"position\":2,\"name\":\"Prodotti\",\"item\":\"https:\\\/\\\/turijnmagazijn.nl\\\/it\\\/shop\\\/\"},{\"@type\":\"ListItem\",\"position\":3,\"name\":\"Fanale posteriore interno destro Lancia Kappa berlina e SW\"}]},{\"@type\":\"WebSite\",\"@id\":\"https:\\\/\\\/turijnmagazijn.jumpstone-dev.nl\\\/#website\",\"url\":\"https:\\\/\\\/turijnmagazijn.jumpstone-dev.nl\\\/\",\"name\":\"Turijnmagazijn\",\"description\":\"Onderdelen nieuw en gebruikt - Fiat &amp; Lancia\",\"publisher\":{\"@id\":\"https:\\\/\\\/turijnmagazijn.jumpstone-dev.nl\\\/#organization\"},\"potentialAction\":[{\"@type\":\"SearchAction\",\"target\":{\"@type\":\"EntryPoint\",\"urlTemplate\":\"https:\\\/\\\/turijnmagazijn.jumpstone-dev.nl\\\/?s={search_term_string}\"},\"query-input\":{\"@type\":\"PropertyValueSpecification\",\"valueRequired\":true,\"valueName\":\"search_term_string\"}}],\"inLanguage\":\"it-IT\"},{\"@type\":\"Organization\",\"@id\":\"https:\\\/\\\/turijnmagazijn.jumpstone-dev.nl\\\/#organization\",\"name\":\"Turijnmagazijn\",\"url\":\"https:\\\/\\\/turijnmagazijn.jumpstone-dev.nl\\\/\",\"logo\":{\"@type\":\"ImageObject\",\"inLanguage\":\"it-IT\",\"@id\":\"https:\\\/\\\/turijnmagazijn.jumpstone-dev.nl\\\/#\\\/schema\\\/logo\\\/image\\\/\",\"url\":\"https:\\\/\\\/turijnmagazijn.nl\\\/wp-content\\\/uploads\\\/2021\\\/02\\\/turijnmagazijnlogo.png\",\"contentUrl\":\"https:\\\/\\\/turijnmagazijn.nl\\\/wp-content\\\/uploads\\\/2021\\\/02\\\/turijnmagazijnlogo.png\",\"width\":555,\"height\":270,\"caption\":\"Turijnmagazijn\"},\"image\":{\"@id\":\"https:\\\/\\\/turijnmagazijn.jumpstone-dev.nl\\\/#\\\/schema\\\/logo\\\/image\\\/\"},\"sameAs\":[\"https:\\\/\\\/www.facebook.com\\\/turijnmagazijn\"]}]}<\/script>\n<!-- \/ Yoast SEO plugin. -->","yoast_head_json":{"title":"Fanale posteriore interno destro Lancia Kappa berlina e SW - Turijnmagazijn","robots":{"index":"index","follow":"follow","max-snippet":"max-snippet:-1","max-image-preview":"max-image-preview:large","max-video-preview":"max-video-preview:-1"},"canonical":"https:\/\/turijnmagazijn.nl\/it\/prodotto\/fanale-posteriore-in-destra-lancia-kappa-berlina-en-sw\/","og_locale":"it_IT","og_type":"article","og_title":"Fanale posteriore interno destro Lancia Kappa berlina e SW - Turijnmagazijn","og_description":"Fanale posteriore interno destro Lancia Kappa berlina + SW - Fanale posteriore interno destro per Lancia Kappa.","og_url":"https:\/\/turijnmagazijn.nl\/it\/prodotto\/fanale-posteriore-in-destra-lancia-kappa-berlina-en-sw\/","og_site_name":"Turijnmagazijn","article_publisher":"https:\/\/www.facebook.com\/turijnmagazijn","article_modified_time":"2024-07-15T14:45:42+00:00","og_image":[{"width":1172,"height":880,"url":"https:\/\/turijnmagazijn.nl\/wp-content\/uploads\/2023\/03\/DK0101297-Achterlicht-Binnen-Lancia-Kappa-berlina-en-SW-RECHTS-7780140.png","type":"image\/png"}],"twitter_card":"summary_large_image","schema":{"@context":"https:\/\/schema.org","@graph":[{"@type":"WebPage","@id":"https:\/\/turijnmagazijn.nl\/it\/prodotto\/fanale-posteriore-in-destra-lancia-kappa-berlina-en-sw\/","url":"https:\/\/turijnmagazijn.nl\/it\/prodotto\/fanale-posteriore-in-destra-lancia-kappa-berlina-en-sw\/","name":"Fanale posteriore interno destro Lancia Kappa berlina e SW - Turijnmagazijn","isPartOf":{"@id":"https:\/\/turijnmagazijn.jumpstone-dev.nl\/#website"},"primaryImageOfPage":{"@id":"https:\/\/turijnmagazijn.nl\/it\/prodotto\/fanale-posteriore-in-destra-lancia-kappa-berlina-en-sw\/#primaryimage"},"image":{"@id":"https:\/\/turijnmagazijn.nl\/it\/prodotto\/fanale-posteriore-in-destra-lancia-kappa-berlina-en-sw\/#primaryimage"},"thumbnailUrl":"https:\/\/turijnmagazijn.nl\/wp-content\/uploads\/2023\/03\/DK0101297-Achterlicht-Binnen-Lancia-Kappa-berlina-en-SW-RECHTS-7780140.png","datePublished":"2023-03-03T08:13:34+00:00","dateModified":"2024-07-15T14:45:42+00:00","breadcrumb":{"@id":"https:\/\/turijnmagazijn.nl\/it\/prodotto\/fanale-posteriore-in-destra-lancia-kappa-berlina-en-sw\/#breadcrumb"},"inLanguage":"it-IT","potentialAction":[{"@type":"ReadAction","target":["https:\/\/turijnmagazijn.nl\/it\/prodotto\/fanale-posteriore-in-destra-lancia-kappa-berlina-en-sw\/"]}]},{"@type":"ImageObject","inLanguage":"it-IT","@id":"https:\/\/turijnmagazijn.nl\/it\/prodotto\/fanale-posteriore-in-destra-lancia-kappa-berlina-en-sw\/#primaryimage","url":"https:\/\/turijnmagazijn.nl\/wp-content\/uploads\/2023\/03\/DK0101297-Achterlicht-Binnen-Lancia-Kappa-berlina-en-SW-RECHTS-7780140.png","contentUrl":"https:\/\/turijnmagazijn.nl\/wp-content\/uploads\/2023\/03\/DK0101297-Achterlicht-Binnen-Lancia-Kappa-berlina-en-SW-RECHTS-7780140.png","width":1172,"height":880},{"@type":"BreadcrumbList","@id":"https:\/\/turijnmagazijn.nl\/it\/prodotto\/fanale-posteriore-in-destra-lancia-kappa-berlina-en-sw\/#breadcrumb","itemListElement":[{"@type":"ListItem","position":1,"name":"Home","item":"https:\/\/turijnmagazijn.nl\/it\/"},{"@type":"ListItem","position":2,"name":"Prodotti","item":"https:\/\/turijnmagazijn.nl\/it\/shop\/"},{"@type":"ListItem","position":3,"name":"Fanale posteriore interno destro Lancia Kappa berlina e SW"}]},{"@type":"WebSite","@id":"https:\/\/turijnmagazijn.jumpstone-dev.nl\/#website","url":"https:\/\/turijnmagazijn.jumpstone-dev.nl\/","name":"Turijnmagazijn","description":"Onderdelen nieuw en gebruikt - Fiat &amp; Lancia","publisher":{"@id":"https:\/\/turijnmagazijn.jumpstone-dev.nl\/#organization"},"potentialAction":[{"@type":"SearchAction","target":{"@type":"EntryPoint","urlTemplate":"https:\/\/turijnmagazijn.jumpstone-dev.nl\/?s={search_term_string}"},"query-input":{"@type":"PropertyValueSpecification","valueRequired":true,"valueName":"search_term_string"}}],"inLanguage":"it-IT"},{"@type":"Organization","@id":"https:\/\/turijnmagazijn.jumpstone-dev.nl\/#organization","name":"Turijnmagazijn","url":"https:\/\/turijnmagazijn.jumpstone-dev.nl\/","logo":{"@type":"ImageObject","inLanguage":"it-IT","@id":"https:\/\/turijnmagazijn.jumpstone-dev.nl\/#\/schema\/logo\/image\/","url":"https:\/\/turijnmagazijn.nl\/wp-content\/uploads\/2021\/02\/turijnmagazijnlogo.png","contentUrl":"https:\/\/turijnmagazijn.nl\/wp-content\/uploads\/2021\/02\/turijnmagazijnlogo.png","width":555,"height":270,"caption":"Turijnmagazijn"},"image":{"@id":"https:\/\/turijnmagazijn.jumpstone-dev.nl\/#\/schema\/logo\/image\/"},"sameAs":["https:\/\/www.facebook.com\/turijnmagazijn"]}]}},"_links":{"self":[{"href":"https:\/\/turijnmagazijn.nl\/it\/wp-json\/wp\/v2\/product\/63376","targetHints":{"allow":["GET"]}}],"collection":[{"href":"https:\/\/turijnmagazijn.nl\/it\/wp-json\/wp\/v2\/product"}],"about":[{"href":"https:\/\/turijnmagazijn.nl\/it\/wp-json\/wp\/v2\/types\/product"}],"replies":[{"embeddable":true,"href":"https:\/\/turijnmagazijn.nl\/it\/wp-json\/wp\/v2\/comments?post=63376"}],"wp:featuredmedia":[{"embeddable":true,"href":"https:\/\/turijnmagazijn.nl\/it\/wp-json\/wp\/v2\/media\/77870"}],"wp:attachment":[{"href":"https:\/\/turijnmagazijn.nl\/it\/wp-json\/wp\/v2\/media?parent=63376"}],"wp:term":[{"taxonomy":"product_brand","embeddable":true,"href":"https:\/\/turijnmagazijn.nl\/it\/wp-json\/wp\/v2\/product_brand?post=63376"},{"taxonomy":"product_cat","embeddable":true,"href":"https:\/\/turijnmagazijn.nl\/it\/wp-json\/wp\/v2\/product_cat?post=63376"},{"taxonomy":"product_tag","embeddable":true,"href":"https:\/\/turijnmagazijn.nl\/it\/wp-json\/wp\/v2\/product_tag?post=63376"}],"curies":[{"name":"wp","href":"https:\/\/api.w.org\/{rel}","templated":true}]}}