{"id":63714,"date":"2023-03-03T09:14:40","date_gmt":"2023-03-03T08:14:40","guid":{"rendered":"https:\/\/turijnmagazijn.nl\/product\/maniglia-porta-lato-copilota-r-fiat-stilo-3-drs\/"},"modified":"2023-07-26T13:58:59","modified_gmt":"2023-07-26T11:58:59","slug":"maniglia-della-porta-lato-co-guidatore-r-fiat-stilo-3-drs","status":"publish","type":"product","link":"https:\/\/turijnmagazijn.nl\/it\/prodotto\/maniglia-della-porta-lato-co-guidatore-r-fiat-stilo-3-drs\/","title":{"rendered":"Maniglia porta lato copilota R Fiat Stilo 3 drs"},"content":{"rendered":"<p>Maniglia per montaggio lato passeggero (a destra) per Fiat Stilo in versione 3 porte.&nbsp; Proviene da &nbsp;una Stilo Abarth 2.4 a 3 porte con Selespeed automatica dell&#8217;anno 7\/2003.&nbsp;<span style=\"font-size: 12px;\">Ci sono molte versioni diverse di queste maniglie delle porte in circolazione, quindi controlla in anticipo se questa \u00e8 la parte giusta per la tua auto. Questa \u00e8 la versione per auto senza accesso senza chiave (easy go). Anche gli altri stili di corpo hanno maniglie diverse.&nbsp;<\/span><\/p>\n<p style=\"font-size: 12px;\"><span style=\"font-size: 12px;\">Eseguito nel colore del corpo, in questo caso&nbsp;<\/span> Grigio Sassi SM,MET.MS. VEN. numero di colore 823. La vernice ha subito danni tutto intorno.<br \/>Questa maniglia \u00e8 pesantemente danneggiata, in parte \u00e8 presente un graffio profondo dove il materiale plastico di base \u00e8 stato danneggiato, vedi foto.<\/p>\n<p>Iscrizione sulla sezione:<br \/>71733469<\/p>\n<p>Numero OEM FIAT&nbsp;735316656<\/p>\n","protected":false},"excerpt":{"rendered":"<p>Maniglia lato copilota R Fiat Stilo 3 drs &#8211; Maniglia per montaggio lato passeggero (destra) per Fiat Stilo in versione 3 porte.<\/p>\n","protected":false},"featured_media":41558,"comment_status":"open","ping_status":"closed","template":"","meta":{"_acf_changed":false},"product_brand":[],"product_cat":[1772,1691,1764],"product_tag":[],"class_list":{"0":"post-63714","1":"product","2":"type-product","3":"status-publish","4":"has-post-thumbnail","6":"product_cat-abarth-3drs-it","7":"product_cat-fiat-it","8":"product_cat-stilo-192-it","9":"pa_soort-onderdeel-corpo-e-lamiera","11":"first","12":"instock","13":"shipping-taxable","14":"purchasable","15":"product-type-simple"},"acf":[],"yoast_head":"<!-- This site is optimized with the Yoast SEO plugin v27.2 - https:\/\/yoast.com\/product\/yoast-seo-wordpress\/ -->\n<title>Maniglia porta lato copilota R Fiat Stilo 3 drs - Turijnmagazijn<\/title>\n<meta name=\"robots\" content=\"index, follow, max-snippet:-1, max-image-preview:large, max-video-preview:-1\" \/>\n<link rel=\"canonical\" href=\"https:\/\/turijnmagazijn.nl\/it\/prodotto\/maniglia-della-porta-lato-co-guidatore-r-fiat-stilo-3-drs\/\" \/>\n<meta property=\"og:locale\" content=\"it_IT\" \/>\n<meta property=\"og:type\" content=\"article\" \/>\n<meta property=\"og:title\" content=\"Maniglia porta lato copilota R Fiat Stilo 3 drs - Turijnmagazijn\" \/>\n<meta property=\"og:description\" content=\"Maniglia lato copilota R Fiat Stilo 3 drs - Maniglia per montaggio lato passeggero (destra) per Fiat Stilo in versione 3 porte.\" \/>\n<meta property=\"og:url\" content=\"https:\/\/turijnmagazijn.nl\/it\/prodotto\/maniglia-della-porta-lato-co-guidatore-r-fiat-stilo-3-drs\/\" \/>\n<meta property=\"og:site_name\" content=\"Turijnmagazijn\" \/>\n<meta property=\"article:publisher\" content=\"https:\/\/www.facebook.com\/turijnmagazijn\" \/>\n<meta property=\"article:modified_time\" content=\"2023-07-26T11:58:59+00:00\" \/>\n<meta property=\"og:image\" content=\"https:\/\/turijnmagazijn.jumpstone-dev.nl\/wp-content\/uploads\/2023\/03\/DK00101494_Deurklink_Bijrijderszijde_R_Fiat_Stilo_3_drs_4-1.jpg\" \/>\n\t<meta property=\"og:image:width\" content=\"800\" \/>\n\t<meta property=\"og:image:height\" content=\"600\" \/>\n\t<meta property=\"og:image:type\" content=\"image\/jpeg\" \/>\n<meta name=\"twitter:card\" content=\"summary_large_image\" \/>\n<meta name=\"twitter:label1\" content=\"Tempo di lettura stimato\" \/>\n\t<meta name=\"twitter:data1\" content=\"1 minuto\" \/>\n<script type=\"application\/ld+json\" class=\"yoast-schema-graph\">{\"@context\":\"https:\/\/schema.org\",\"@graph\":[{\"@type\":\"WebPage\",\"@id\":\"https:\/\/turijnmagazijn.nl\/it\/prodotto\/maniglia-della-porta-lato-co-guidatore-r-fiat-stilo-3-drs\/\",\"url\":\"https:\/\/turijnmagazijn.nl\/it\/prodotto\/maniglia-della-porta-lato-co-guidatore-r-fiat-stilo-3-drs\/\",\"name\":\"Maniglia porta lato copilota R Fiat Stilo 3 drs - Turijnmagazijn\",\"isPartOf\":{\"@id\":\"https:\/\/turijnmagazijn.jumpstone-dev.nl\/#website\"},\"primaryImageOfPage\":{\"@id\":\"https:\/\/turijnmagazijn.nl\/it\/prodotto\/maniglia-della-porta-lato-co-guidatore-r-fiat-stilo-3-drs\/#primaryimage\"},\"image\":{\"@id\":\"https:\/\/turijnmagazijn.nl\/it\/prodotto\/maniglia-della-porta-lato-co-guidatore-r-fiat-stilo-3-drs\/#primaryimage\"},\"thumbnailUrl\":\"https:\/\/turijnmagazijn.nl\/wp-content\/uploads\/2023\/03\/DK00101494_Deurklink_Bijrijderszijde_R_Fiat_Stilo_3_drs_4-1.jpg\",\"datePublished\":\"2023-03-03T08:14:40+00:00\",\"dateModified\":\"2023-07-26T11:58:59+00:00\",\"breadcrumb\":{\"@id\":\"https:\/\/turijnmagazijn.nl\/it\/prodotto\/maniglia-della-porta-lato-co-guidatore-r-fiat-stilo-3-drs\/#breadcrumb\"},\"inLanguage\":\"it-IT\",\"potentialAction\":[{\"@type\":\"ReadAction\",\"target\":[\"https:\/\/turijnmagazijn.nl\/it\/prodotto\/maniglia-della-porta-lato-co-guidatore-r-fiat-stilo-3-drs\/\"]}]},{\"@type\":\"ImageObject\",\"inLanguage\":\"it-IT\",\"@id\":\"https:\/\/turijnmagazijn.nl\/it\/prodotto\/maniglia-della-porta-lato-co-guidatore-r-fiat-stilo-3-drs\/#primaryimage\",\"url\":\"https:\/\/turijnmagazijn.nl\/wp-content\/uploads\/2023\/03\/DK00101494_Deurklink_Bijrijderszijde_R_Fiat_Stilo_3_drs_4-1.jpg\",\"contentUrl\":\"https:\/\/turijnmagazijn.nl\/wp-content\/uploads\/2023\/03\/DK00101494_Deurklink_Bijrijderszijde_R_Fiat_Stilo_3_drs_4-1.jpg\",\"width\":800,\"height\":600},{\"@type\":\"BreadcrumbList\",\"@id\":\"https:\/\/turijnmagazijn.nl\/it\/prodotto\/maniglia-della-porta-lato-co-guidatore-r-fiat-stilo-3-drs\/#breadcrumb\",\"itemListElement\":[{\"@type\":\"ListItem\",\"position\":1,\"name\":\"Home\",\"item\":\"https:\/\/turijnmagazijn.nl\/it\/\"},{\"@type\":\"ListItem\",\"position\":2,\"name\":\"Prodotti\",\"item\":\"https:\/\/turijnmagazijn.nl\/it\/shop\/\"},{\"@type\":\"ListItem\",\"position\":3,\"name\":\"Maniglia porta lato copilota R Fiat Stilo 3 drs\"}]},{\"@type\":\"WebSite\",\"@id\":\"https:\/\/turijnmagazijn.jumpstone-dev.nl\/#website\",\"url\":\"https:\/\/turijnmagazijn.jumpstone-dev.nl\/\",\"name\":\"Turijnmagazijn\",\"description\":\"Onderdelen nieuw en gebruikt - Fiat &amp; Lancia\",\"publisher\":{\"@id\":\"https:\/\/turijnmagazijn.jumpstone-dev.nl\/#organization\"},\"potentialAction\":[{\"@type\":\"SearchAction\",\"target\":{\"@type\":\"EntryPoint\",\"urlTemplate\":\"https:\/\/turijnmagazijn.jumpstone-dev.nl\/?s={search_term_string}\"},\"query-input\":{\"@type\":\"PropertyValueSpecification\",\"valueRequired\":true,\"valueName\":\"search_term_string\"}}],\"inLanguage\":\"it-IT\"},{\"@type\":\"Organization\",\"@id\":\"https:\/\/turijnmagazijn.jumpstone-dev.nl\/#organization\",\"name\":\"Turijnmagazijn\",\"url\":\"https:\/\/turijnmagazijn.jumpstone-dev.nl\/\",\"logo\":{\"@type\":\"ImageObject\",\"inLanguage\":\"it-IT\",\"@id\":\"https:\/\/turijnmagazijn.jumpstone-dev.nl\/#\/schema\/logo\/image\/\",\"url\":\"https:\/\/turijnmagazijn.nl\/wp-content\/uploads\/2021\/02\/turijnmagazijnlogo.png\",\"contentUrl\":\"https:\/\/turijnmagazijn.nl\/wp-content\/uploads\/2021\/02\/turijnmagazijnlogo.png\",\"width\":555,\"height\":270,\"caption\":\"Turijnmagazijn\"},\"image\":{\"@id\":\"https:\/\/turijnmagazijn.jumpstone-dev.nl\/#\/schema\/logo\/image\/\"},\"sameAs\":[\"https:\/\/www.facebook.com\/turijnmagazijn\"]}]}<\/script>\n<!-- \/ Yoast SEO plugin. -->","yoast_head_json":{"title":"Maniglia porta lato copilota R Fiat Stilo 3 drs - Turijnmagazijn","robots":{"index":"index","follow":"follow","max-snippet":"max-snippet:-1","max-image-preview":"max-image-preview:large","max-video-preview":"max-video-preview:-1"},"canonical":"https:\/\/turijnmagazijn.nl\/it\/prodotto\/maniglia-della-porta-lato-co-guidatore-r-fiat-stilo-3-drs\/","og_locale":"it_IT","og_type":"article","og_title":"Maniglia porta lato copilota R Fiat Stilo 3 drs - Turijnmagazijn","og_description":"Maniglia lato copilota R Fiat Stilo 3 drs - Maniglia per montaggio lato passeggero (destra) per Fiat Stilo in versione 3 porte.","og_url":"https:\/\/turijnmagazijn.nl\/it\/prodotto\/maniglia-della-porta-lato-co-guidatore-r-fiat-stilo-3-drs\/","og_site_name":"Turijnmagazijn","article_publisher":"https:\/\/www.facebook.com\/turijnmagazijn","article_modified_time":"2023-07-26T11:58:59+00:00","og_image":[{"width":800,"height":600,"url":"https:\/\/turijnmagazijn.jumpstone-dev.nl\/wp-content\/uploads\/2023\/03\/DK00101494_Deurklink_Bijrijderszijde_R_Fiat_Stilo_3_drs_4-1.jpg","type":"image\/jpeg"}],"twitter_card":"summary_large_image","twitter_misc":{"Tempo di lettura stimato":"1 minuto"},"schema":{"@context":"https:\/\/schema.org","@graph":[{"@type":"WebPage","@id":"https:\/\/turijnmagazijn.nl\/it\/prodotto\/maniglia-della-porta-lato-co-guidatore-r-fiat-stilo-3-drs\/","url":"https:\/\/turijnmagazijn.nl\/it\/prodotto\/maniglia-della-porta-lato-co-guidatore-r-fiat-stilo-3-drs\/","name":"Maniglia porta lato copilota R Fiat Stilo 3 drs - Turijnmagazijn","isPartOf":{"@id":"https:\/\/turijnmagazijn.jumpstone-dev.nl\/#website"},"primaryImageOfPage":{"@id":"https:\/\/turijnmagazijn.nl\/it\/prodotto\/maniglia-della-porta-lato-co-guidatore-r-fiat-stilo-3-drs\/#primaryimage"},"image":{"@id":"https:\/\/turijnmagazijn.nl\/it\/prodotto\/maniglia-della-porta-lato-co-guidatore-r-fiat-stilo-3-drs\/#primaryimage"},"thumbnailUrl":"https:\/\/turijnmagazijn.nl\/wp-content\/uploads\/2023\/03\/DK00101494_Deurklink_Bijrijderszijde_R_Fiat_Stilo_3_drs_4-1.jpg","datePublished":"2023-03-03T08:14:40+00:00","dateModified":"2023-07-26T11:58:59+00:00","breadcrumb":{"@id":"https:\/\/turijnmagazijn.nl\/it\/prodotto\/maniglia-della-porta-lato-co-guidatore-r-fiat-stilo-3-drs\/#breadcrumb"},"inLanguage":"it-IT","potentialAction":[{"@type":"ReadAction","target":["https:\/\/turijnmagazijn.nl\/it\/prodotto\/maniglia-della-porta-lato-co-guidatore-r-fiat-stilo-3-drs\/"]}]},{"@type":"ImageObject","inLanguage":"it-IT","@id":"https:\/\/turijnmagazijn.nl\/it\/prodotto\/maniglia-della-porta-lato-co-guidatore-r-fiat-stilo-3-drs\/#primaryimage","url":"https:\/\/turijnmagazijn.nl\/wp-content\/uploads\/2023\/03\/DK00101494_Deurklink_Bijrijderszijde_R_Fiat_Stilo_3_drs_4-1.jpg","contentUrl":"https:\/\/turijnmagazijn.nl\/wp-content\/uploads\/2023\/03\/DK00101494_Deurklink_Bijrijderszijde_R_Fiat_Stilo_3_drs_4-1.jpg","width":800,"height":600},{"@type":"BreadcrumbList","@id":"https:\/\/turijnmagazijn.nl\/it\/prodotto\/maniglia-della-porta-lato-co-guidatore-r-fiat-stilo-3-drs\/#breadcrumb","itemListElement":[{"@type":"ListItem","position":1,"name":"Home","item":"https:\/\/turijnmagazijn.nl\/it\/"},{"@type":"ListItem","position":2,"name":"Prodotti","item":"https:\/\/turijnmagazijn.nl\/it\/shop\/"},{"@type":"ListItem","position":3,"name":"Maniglia porta lato copilota R Fiat Stilo 3 drs"}]},{"@type":"WebSite","@id":"https:\/\/turijnmagazijn.jumpstone-dev.nl\/#website","url":"https:\/\/turijnmagazijn.jumpstone-dev.nl\/","name":"Turijnmagazijn","description":"Onderdelen nieuw en gebruikt - Fiat &amp; Lancia","publisher":{"@id":"https:\/\/turijnmagazijn.jumpstone-dev.nl\/#organization"},"potentialAction":[{"@type":"SearchAction","target":{"@type":"EntryPoint","urlTemplate":"https:\/\/turijnmagazijn.jumpstone-dev.nl\/?s={search_term_string}"},"query-input":{"@type":"PropertyValueSpecification","valueRequired":true,"valueName":"search_term_string"}}],"inLanguage":"it-IT"},{"@type":"Organization","@id":"https:\/\/turijnmagazijn.jumpstone-dev.nl\/#organization","name":"Turijnmagazijn","url":"https:\/\/turijnmagazijn.jumpstone-dev.nl\/","logo":{"@type":"ImageObject","inLanguage":"it-IT","@id":"https:\/\/turijnmagazijn.jumpstone-dev.nl\/#\/schema\/logo\/image\/","url":"https:\/\/turijnmagazijn.nl\/wp-content\/uploads\/2021\/02\/turijnmagazijnlogo.png","contentUrl":"https:\/\/turijnmagazijn.nl\/wp-content\/uploads\/2021\/02\/turijnmagazijnlogo.png","width":555,"height":270,"caption":"Turijnmagazijn"},"image":{"@id":"https:\/\/turijnmagazijn.jumpstone-dev.nl\/#\/schema\/logo\/image\/"},"sameAs":["https:\/\/www.facebook.com\/turijnmagazijn"]}]}},"_links":{"self":[{"href":"https:\/\/turijnmagazijn.nl\/it\/wp-json\/wp\/v2\/product\/63714","targetHints":{"allow":["GET"]}}],"collection":[{"href":"https:\/\/turijnmagazijn.nl\/it\/wp-json\/wp\/v2\/product"}],"about":[{"href":"https:\/\/turijnmagazijn.nl\/it\/wp-json\/wp\/v2\/types\/product"}],"replies":[{"embeddable":true,"href":"https:\/\/turijnmagazijn.nl\/it\/wp-json\/wp\/v2\/comments?post=63714"}],"wp:featuredmedia":[{"embeddable":true,"href":"https:\/\/turijnmagazijn.nl\/it\/wp-json\/wp\/v2\/media\/41558"}],"wp:attachment":[{"href":"https:\/\/turijnmagazijn.nl\/it\/wp-json\/wp\/v2\/media?parent=63714"}],"wp:term":[{"taxonomy":"product_brand","embeddable":true,"href":"https:\/\/turijnmagazijn.nl\/it\/wp-json\/wp\/v2\/product_brand?post=63714"},{"taxonomy":"product_cat","embeddable":true,"href":"https:\/\/turijnmagazijn.nl\/it\/wp-json\/wp\/v2\/product_cat?post=63714"},{"taxonomy":"product_tag","embeddable":true,"href":"https:\/\/turijnmagazijn.nl\/it\/wp-json\/wp\/v2\/product_tag?post=63714"}],"curies":[{"name":"wp","href":"https:\/\/api.w.org\/{rel}","templated":true}]}}