{"id":63955,"date":"2023-03-03T09:15:46","date_gmt":"2023-03-03T08:15:46","guid":{"rendered":"https:\/\/turijnmagazijn.nl\/product\/silver-rele-control-lighting-lancia-theme-fiat-croma\/"},"modified":"2023-07-26T14:21:22","modified_gmt":"2023-07-26T12:21:22","slug":"argento-rele-controllo-illuminazione-lancia-tema-fiat-croma","status":"publish","type":"product","link":"https:\/\/turijnmagazijn.nl\/it\/prodotto\/argento-rele-controllo-illuminazione-lancia-tema-fiat-croma\/","title":{"rendered":"Silver Rel\u00e8 Control Lighting Lancia Theme Fiat Croma"},"content":{"rendered":"<p>Rel\u00e8 in argento per l&#8217;illuminazione di controllo (interni) per Lancia Thema e Fiat Croma, forse applicati anche ad altri tipi di Fiat e Lancia di questi anni. La staffetta \u00e8 a 4 poli e si trova sulla Lancia Thema proprio sotto il cruscotto lato passeggero, proprio sotto il vano portaoggetti.<\/p>\n<p>Correttamente funzionante smontato da una Lancia Theme dell&#8217;anno 1989.<\/p>\n<p>Iscrizioni sul rel\u00e8:<br \/>SIPEA<br \/>1248<\/p>\n<p>OEM Lancia 82466189<\/p>\n","protected":false},"excerpt":{"rendered":"<p>Illuminazione di controllo a rel\u00e8 Lancia Theme Fiat Croma &#8211; Illuminazione di controllo a rel\u00e8 Lancia Theme Fiat CromaSilver Illuminazione di controllo a rel\u00e8 Lancia Theme Fiat Croma &#8211; Rel\u00e8 argento per l&#8217;illuminazione di controllo (interni) per Lancia  <\/p>\n","protected":false},"featured_media":42802,"comment_status":"open","ping_status":"closed","template":"","meta":{"_acf_changed":false},"product_brand":[],"product_cat":[1723,1691,1800,1893],"product_tag":[],"class_list":{"0":"post-63955","1":"product","2":"type-product","3":"status-publish","4":"has-post-thumbnail","6":"product_cat-croma-1-154-it","7":"product_cat-fiat-it","8":"product_cat-lancia-it","9":"product_cat-thema-834-it","10":"pa_soort-onderdeel-elettronica-e-cavi","11":"pa_soort-onderdeel-sospensioni-e-telaio","13":"first","14":"instock","15":"shipping-taxable","16":"purchasable","17":"product-type-simple"},"acf":[],"yoast_head":"<!-- This site is optimized with the Yoast SEO plugin v27.2 - https:\/\/yoast.com\/product\/yoast-seo-wordpress\/ -->\n<title>Silver Rel\u00e8 Control Lighting Lancia Theme Fiat Croma - Turijnmagazijn<\/title>\n<meta name=\"robots\" content=\"index, follow, max-snippet:-1, max-image-preview:large, max-video-preview:-1\" \/>\n<link rel=\"canonical\" href=\"https:\/\/turijnmagazijn.nl\/it\/prodotto\/argento-rele-controllo-illuminazione-lancia-tema-fiat-croma\/\" \/>\n<meta property=\"og:locale\" content=\"it_IT\" \/>\n<meta property=\"og:type\" content=\"article\" \/>\n<meta property=\"og:title\" content=\"Silver Rel\u00e8 Control Lighting Lancia Theme Fiat Croma - Turijnmagazijn\" \/>\n<meta property=\"og:description\" content=\"Illuminazione di controllo a rel\u00e8 Lancia Theme Fiat Croma - Illuminazione di controllo a rel\u00e8 Lancia Theme Fiat CromaSilver Illuminazione di controllo a rel\u00e8 Lancia Theme Fiat Croma - Rel\u00e8 argento per l&#039;illuminazione di controllo (interni) per Lancia\" \/>\n<meta property=\"og:url\" content=\"https:\/\/turijnmagazijn.nl\/it\/prodotto\/argento-rele-controllo-illuminazione-lancia-tema-fiat-croma\/\" \/>\n<meta property=\"og:site_name\" content=\"Turijnmagazijn\" \/>\n<meta property=\"article:publisher\" content=\"https:\/\/www.facebook.com\/turijnmagazijn\" \/>\n<meta property=\"article:modified_time\" content=\"2023-07-26T12:21:22+00:00\" \/>\n<meta property=\"og:image\" content=\"https:\/\/turijnmagazijn.jumpstone-dev.nl\/wp-content\/uploads\/2023\/03\/DK00101785_Zilver_Relais_aansturing_verlichting_Lancia_Thema_Fiat_Croma_2-1.jpg\" \/>\n\t<meta property=\"og:image:width\" content=\"800\" \/>\n\t<meta property=\"og:image:height\" content=\"600\" \/>\n\t<meta property=\"og:image:type\" content=\"image\/jpeg\" \/>\n<meta name=\"twitter:card\" content=\"summary_large_image\" \/>\n<script type=\"application\/ld+json\" class=\"yoast-schema-graph\">{\"@context\":\"https:\/\/schema.org\",\"@graph\":[{\"@type\":\"WebPage\",\"@id\":\"https:\/\/turijnmagazijn.nl\/it\/prodotto\/argento-rele-controllo-illuminazione-lancia-tema-fiat-croma\/\",\"url\":\"https:\/\/turijnmagazijn.nl\/it\/prodotto\/argento-rele-controllo-illuminazione-lancia-tema-fiat-croma\/\",\"name\":\"Silver Rel\u00e8 Control Lighting Lancia Theme Fiat Croma - Turijnmagazijn\",\"isPartOf\":{\"@id\":\"https:\/\/turijnmagazijn.jumpstone-dev.nl\/#website\"},\"primaryImageOfPage\":{\"@id\":\"https:\/\/turijnmagazijn.nl\/it\/prodotto\/argento-rele-controllo-illuminazione-lancia-tema-fiat-croma\/#primaryimage\"},\"image\":{\"@id\":\"https:\/\/turijnmagazijn.nl\/it\/prodotto\/argento-rele-controllo-illuminazione-lancia-tema-fiat-croma\/#primaryimage\"},\"thumbnailUrl\":\"https:\/\/turijnmagazijn.nl\/wp-content\/uploads\/2023\/03\/DK00101785_Zilver_Relais_aansturing_verlichting_Lancia_Thema_Fiat_Croma_2-1.jpg\",\"datePublished\":\"2023-03-03T08:15:46+00:00\",\"dateModified\":\"2023-07-26T12:21:22+00:00\",\"breadcrumb\":{\"@id\":\"https:\/\/turijnmagazijn.nl\/it\/prodotto\/argento-rele-controllo-illuminazione-lancia-tema-fiat-croma\/#breadcrumb\"},\"inLanguage\":\"it-IT\",\"potentialAction\":[{\"@type\":\"ReadAction\",\"target\":[\"https:\/\/turijnmagazijn.nl\/it\/prodotto\/argento-rele-controllo-illuminazione-lancia-tema-fiat-croma\/\"]}]},{\"@type\":\"ImageObject\",\"inLanguage\":\"it-IT\",\"@id\":\"https:\/\/turijnmagazijn.nl\/it\/prodotto\/argento-rele-controllo-illuminazione-lancia-tema-fiat-croma\/#primaryimage\",\"url\":\"https:\/\/turijnmagazijn.nl\/wp-content\/uploads\/2023\/03\/DK00101785_Zilver_Relais_aansturing_verlichting_Lancia_Thema_Fiat_Croma_2-1.jpg\",\"contentUrl\":\"https:\/\/turijnmagazijn.nl\/wp-content\/uploads\/2023\/03\/DK00101785_Zilver_Relais_aansturing_verlichting_Lancia_Thema_Fiat_Croma_2-1.jpg\",\"width\":800,\"height\":600},{\"@type\":\"BreadcrumbList\",\"@id\":\"https:\/\/turijnmagazijn.nl\/it\/prodotto\/argento-rele-controllo-illuminazione-lancia-tema-fiat-croma\/#breadcrumb\",\"itemListElement\":[{\"@type\":\"ListItem\",\"position\":1,\"name\":\"Home\",\"item\":\"https:\/\/turijnmagazijn.nl\/it\/\"},{\"@type\":\"ListItem\",\"position\":2,\"name\":\"Prodotti\",\"item\":\"https:\/\/turijnmagazijn.nl\/it\/shop\/\"},{\"@type\":\"ListItem\",\"position\":3,\"name\":\"Silver Rel\u00e8 Control Lighting Lancia Theme Fiat Croma\"}]},{\"@type\":\"WebSite\",\"@id\":\"https:\/\/turijnmagazijn.jumpstone-dev.nl\/#website\",\"url\":\"https:\/\/turijnmagazijn.jumpstone-dev.nl\/\",\"name\":\"Turijnmagazijn\",\"description\":\"Onderdelen nieuw en gebruikt - Fiat &amp; Lancia\",\"publisher\":{\"@id\":\"https:\/\/turijnmagazijn.jumpstone-dev.nl\/#organization\"},\"potentialAction\":[{\"@type\":\"SearchAction\",\"target\":{\"@type\":\"EntryPoint\",\"urlTemplate\":\"https:\/\/turijnmagazijn.jumpstone-dev.nl\/?s={search_term_string}\"},\"query-input\":{\"@type\":\"PropertyValueSpecification\",\"valueRequired\":true,\"valueName\":\"search_term_string\"}}],\"inLanguage\":\"it-IT\"},{\"@type\":\"Organization\",\"@id\":\"https:\/\/turijnmagazijn.jumpstone-dev.nl\/#organization\",\"name\":\"Turijnmagazijn\",\"url\":\"https:\/\/turijnmagazijn.jumpstone-dev.nl\/\",\"logo\":{\"@type\":\"ImageObject\",\"inLanguage\":\"it-IT\",\"@id\":\"https:\/\/turijnmagazijn.jumpstone-dev.nl\/#\/schema\/logo\/image\/\",\"url\":\"https:\/\/turijnmagazijn.nl\/wp-content\/uploads\/2021\/02\/turijnmagazijnlogo.png\",\"contentUrl\":\"https:\/\/turijnmagazijn.nl\/wp-content\/uploads\/2021\/02\/turijnmagazijnlogo.png\",\"width\":555,\"height\":270,\"caption\":\"Turijnmagazijn\"},\"image\":{\"@id\":\"https:\/\/turijnmagazijn.jumpstone-dev.nl\/#\/schema\/logo\/image\/\"},\"sameAs\":[\"https:\/\/www.facebook.com\/turijnmagazijn\"]}]}<\/script>\n<!-- \/ Yoast SEO plugin. -->","yoast_head_json":{"title":"Silver Rel\u00e8 Control Lighting Lancia Theme Fiat Croma - Turijnmagazijn","robots":{"index":"index","follow":"follow","max-snippet":"max-snippet:-1","max-image-preview":"max-image-preview:large","max-video-preview":"max-video-preview:-1"},"canonical":"https:\/\/turijnmagazijn.nl\/it\/prodotto\/argento-rele-controllo-illuminazione-lancia-tema-fiat-croma\/","og_locale":"it_IT","og_type":"article","og_title":"Silver Rel\u00e8 Control Lighting Lancia Theme Fiat Croma - Turijnmagazijn","og_description":"Illuminazione di controllo a rel\u00e8 Lancia Theme Fiat Croma - Illuminazione di controllo a rel\u00e8 Lancia Theme Fiat CromaSilver Illuminazione di controllo a rel\u00e8 Lancia Theme Fiat Croma - Rel\u00e8 argento per l'illuminazione di controllo (interni) per Lancia","og_url":"https:\/\/turijnmagazijn.nl\/it\/prodotto\/argento-rele-controllo-illuminazione-lancia-tema-fiat-croma\/","og_site_name":"Turijnmagazijn","article_publisher":"https:\/\/www.facebook.com\/turijnmagazijn","article_modified_time":"2023-07-26T12:21:22+00:00","og_image":[{"width":800,"height":600,"url":"https:\/\/turijnmagazijn.jumpstone-dev.nl\/wp-content\/uploads\/2023\/03\/DK00101785_Zilver_Relais_aansturing_verlichting_Lancia_Thema_Fiat_Croma_2-1.jpg","type":"image\/jpeg"}],"twitter_card":"summary_large_image","schema":{"@context":"https:\/\/schema.org","@graph":[{"@type":"WebPage","@id":"https:\/\/turijnmagazijn.nl\/it\/prodotto\/argento-rele-controllo-illuminazione-lancia-tema-fiat-croma\/","url":"https:\/\/turijnmagazijn.nl\/it\/prodotto\/argento-rele-controllo-illuminazione-lancia-tema-fiat-croma\/","name":"Silver Rel\u00e8 Control Lighting Lancia Theme Fiat Croma - Turijnmagazijn","isPartOf":{"@id":"https:\/\/turijnmagazijn.jumpstone-dev.nl\/#website"},"primaryImageOfPage":{"@id":"https:\/\/turijnmagazijn.nl\/it\/prodotto\/argento-rele-controllo-illuminazione-lancia-tema-fiat-croma\/#primaryimage"},"image":{"@id":"https:\/\/turijnmagazijn.nl\/it\/prodotto\/argento-rele-controllo-illuminazione-lancia-tema-fiat-croma\/#primaryimage"},"thumbnailUrl":"https:\/\/turijnmagazijn.nl\/wp-content\/uploads\/2023\/03\/DK00101785_Zilver_Relais_aansturing_verlichting_Lancia_Thema_Fiat_Croma_2-1.jpg","datePublished":"2023-03-03T08:15:46+00:00","dateModified":"2023-07-26T12:21:22+00:00","breadcrumb":{"@id":"https:\/\/turijnmagazijn.nl\/it\/prodotto\/argento-rele-controllo-illuminazione-lancia-tema-fiat-croma\/#breadcrumb"},"inLanguage":"it-IT","potentialAction":[{"@type":"ReadAction","target":["https:\/\/turijnmagazijn.nl\/it\/prodotto\/argento-rele-controllo-illuminazione-lancia-tema-fiat-croma\/"]}]},{"@type":"ImageObject","inLanguage":"it-IT","@id":"https:\/\/turijnmagazijn.nl\/it\/prodotto\/argento-rele-controllo-illuminazione-lancia-tema-fiat-croma\/#primaryimage","url":"https:\/\/turijnmagazijn.nl\/wp-content\/uploads\/2023\/03\/DK00101785_Zilver_Relais_aansturing_verlichting_Lancia_Thema_Fiat_Croma_2-1.jpg","contentUrl":"https:\/\/turijnmagazijn.nl\/wp-content\/uploads\/2023\/03\/DK00101785_Zilver_Relais_aansturing_verlichting_Lancia_Thema_Fiat_Croma_2-1.jpg","width":800,"height":600},{"@type":"BreadcrumbList","@id":"https:\/\/turijnmagazijn.nl\/it\/prodotto\/argento-rele-controllo-illuminazione-lancia-tema-fiat-croma\/#breadcrumb","itemListElement":[{"@type":"ListItem","position":1,"name":"Home","item":"https:\/\/turijnmagazijn.nl\/it\/"},{"@type":"ListItem","position":2,"name":"Prodotti","item":"https:\/\/turijnmagazijn.nl\/it\/shop\/"},{"@type":"ListItem","position":3,"name":"Silver Rel\u00e8 Control Lighting Lancia Theme Fiat Croma"}]},{"@type":"WebSite","@id":"https:\/\/turijnmagazijn.jumpstone-dev.nl\/#website","url":"https:\/\/turijnmagazijn.jumpstone-dev.nl\/","name":"Turijnmagazijn","description":"Onderdelen nieuw en gebruikt - Fiat &amp; Lancia","publisher":{"@id":"https:\/\/turijnmagazijn.jumpstone-dev.nl\/#organization"},"potentialAction":[{"@type":"SearchAction","target":{"@type":"EntryPoint","urlTemplate":"https:\/\/turijnmagazijn.jumpstone-dev.nl\/?s={search_term_string}"},"query-input":{"@type":"PropertyValueSpecification","valueRequired":true,"valueName":"search_term_string"}}],"inLanguage":"it-IT"},{"@type":"Organization","@id":"https:\/\/turijnmagazijn.jumpstone-dev.nl\/#organization","name":"Turijnmagazijn","url":"https:\/\/turijnmagazijn.jumpstone-dev.nl\/","logo":{"@type":"ImageObject","inLanguage":"it-IT","@id":"https:\/\/turijnmagazijn.jumpstone-dev.nl\/#\/schema\/logo\/image\/","url":"https:\/\/turijnmagazijn.nl\/wp-content\/uploads\/2021\/02\/turijnmagazijnlogo.png","contentUrl":"https:\/\/turijnmagazijn.nl\/wp-content\/uploads\/2021\/02\/turijnmagazijnlogo.png","width":555,"height":270,"caption":"Turijnmagazijn"},"image":{"@id":"https:\/\/turijnmagazijn.jumpstone-dev.nl\/#\/schema\/logo\/image\/"},"sameAs":["https:\/\/www.facebook.com\/turijnmagazijn"]}]}},"_links":{"self":[{"href":"https:\/\/turijnmagazijn.nl\/it\/wp-json\/wp\/v2\/product\/63955","targetHints":{"allow":["GET"]}}],"collection":[{"href":"https:\/\/turijnmagazijn.nl\/it\/wp-json\/wp\/v2\/product"}],"about":[{"href":"https:\/\/turijnmagazijn.nl\/it\/wp-json\/wp\/v2\/types\/product"}],"replies":[{"embeddable":true,"href":"https:\/\/turijnmagazijn.nl\/it\/wp-json\/wp\/v2\/comments?post=63955"}],"wp:featuredmedia":[{"embeddable":true,"href":"https:\/\/turijnmagazijn.nl\/it\/wp-json\/wp\/v2\/media\/42802"}],"wp:attachment":[{"href":"https:\/\/turijnmagazijn.nl\/it\/wp-json\/wp\/v2\/media?parent=63955"}],"wp:term":[{"taxonomy":"product_brand","embeddable":true,"href":"https:\/\/turijnmagazijn.nl\/it\/wp-json\/wp\/v2\/product_brand?post=63955"},{"taxonomy":"product_cat","embeddable":true,"href":"https:\/\/turijnmagazijn.nl\/it\/wp-json\/wp\/v2\/product_cat?post=63955"},{"taxonomy":"product_tag","embeddable":true,"href":"https:\/\/turijnmagazijn.nl\/it\/wp-json\/wp\/v2\/product_tag?post=63955"}],"curies":[{"name":"wp","href":"https:\/\/api.w.org\/{rel}","templated":true}]}}