{"id":64220,"date":"2023-03-03T09:19:49","date_gmt":"2023-03-03T08:19:49","guid":{"rendered":"https:\/\/turijnmagazijn.nl\/product\/rele-posizione-nera-e3-lancia-kappa-valeo-67711971\/"},"modified":"2023-07-27T12:17:58","modified_gmt":"2023-07-27T10:17:58","slug":"rele-nero-posizione-e3-lancia-kappa-valeo-67711971","status":"publish","type":"product","link":"https:\/\/turijnmagazijn.nl\/it\/prodotto\/rele-nero-posizione-e3-lancia-kappa-valeo-67711971\/","title":{"rendered":"Rel\u00e8 posizione nera E3 Lancia Kappa Valeo 67711971"},"content":{"rendered":"<p>Usato grande rel\u00e8 nero per Lancia Kappa. Questo rel\u00e8 si trova nella posizione E3 nella scatola dei fusibili nella cabina montata nel cruscotto a livello del vano piedi del conducente.  <\/p>\n<p>Legenda: Valeo A385<\/p>\n<p><span data-sheets-value=\"{\"1\":2,\"2\":\"afkomstig uit een Lancia Kappa 2.0 20V sedan benzine met automaat van bouwjaar 1997 met een kilometrage van 175.000km.\"}\" data-sheets-userformat=\"{\"2\":14851,\"3\":{\"1\":0},\"4\":{\"1\":2,\"2\":16777215},\"12\":0,\"14\":{\"1\":2,\"2\":6710886},\"15\":\"\"Open Sans\", sans-serif\",\"16\":9}\" style=\"font-size: 9pt; font-family: \"Open Sans\", Arial;\">Proveniente da una Lancia Kappa 2.0 20V berlina benzina con cambio automatico costruita nel 1997 con un chilometraggio di 175.000km.<\/span><\/p>\n<p>OEM Lancia 67711971&nbsp;<\/p>\n","protected":false},"excerpt":{"rendered":"<p>Rel\u00e8 posizione nero E2 Lancia Kappa Valeo 67711971 &#8211; Rel\u00e8 nero grande usato per Lancia Kappa.Rel\u00e8 posizione nero E3 Lancia Kappa Valeo 67711971 &#8211; Rel\u00e8 nero grande usato per Lancia Kappa.<\/p>\n","protected":false},"featured_media":47202,"comment_status":"open","ping_status":"closed","template":"","meta":{"_acf_changed":false},"product_brand":[],"product_cat":[1863,1866,1857,1800,1871],"product_tag":[],"class_list":{"0":"post-64220","1":"product","2":"type-product","3":"status-publish","4":"has-post-thumbnail","6":"product_cat-berlina-it","7":"product_cat-coupe-it","8":"product_cat-kappa-838-it","9":"product_cat-lancia-it","10":"product_cat-sw-it","11":"pa_soort-onderdeel-altre-parti-di-automobili","12":"pa_soort-onderdeel-elettronica-e-cavi","14":"first","15":"instock","16":"sale","17":"shipping-taxable","18":"purchasable","19":"product-type-simple"},"acf":[],"yoast_head":"<!-- This site is optimized with the Yoast SEO plugin v27.2 - https:\/\/yoast.com\/product\/yoast-seo-wordpress\/ -->\n<title>Rel\u00e8 posizione nera E3 Lancia Kappa Valeo 67711971 - Turijnmagazijn<\/title>\n<meta name=\"robots\" content=\"index, follow, max-snippet:-1, max-image-preview:large, max-video-preview:-1\" \/>\n<link rel=\"canonical\" href=\"https:\/\/turijnmagazijn.nl\/it\/prodotto\/rele-nero-posizione-e3-lancia-kappa-valeo-67711971\/\" \/>\n<meta property=\"og:locale\" content=\"it_IT\" \/>\n<meta property=\"og:type\" content=\"article\" \/>\n<meta property=\"og:title\" content=\"Rel\u00e8 posizione nera E3 Lancia Kappa Valeo 67711971 - Turijnmagazijn\" \/>\n<meta property=\"og:description\" content=\"Rel\u00e8 posizione nero E2 Lancia Kappa Valeo 67711971 - Rel\u00e8 nero grande usato per Lancia Kappa.Rel\u00e8 posizione nero E3 Lancia Kappa Valeo 67711971 - Rel\u00e8 nero grande usato per Lancia Kappa.\" \/>\n<meta property=\"og:url\" content=\"https:\/\/turijnmagazijn.nl\/it\/prodotto\/rele-nero-posizione-e3-lancia-kappa-valeo-67711971\/\" \/>\n<meta property=\"og:site_name\" content=\"Turijnmagazijn\" \/>\n<meta property=\"article:publisher\" content=\"https:\/\/www.facebook.com\/turijnmagazijn\" \/>\n<meta property=\"article:modified_time\" content=\"2023-07-27T10:17:58+00:00\" \/>\n<meta property=\"og:image\" content=\"https:\/\/turijnmagazijn.nl\/wp-content\/uploads\/2023\/03\/DK00102251-Relais-zwart-postitie-E2-Lancia-Kappa-Valeo-67711971-2-1.jpg\" \/>\n\t<meta property=\"og:image:width\" content=\"1024\" \/>\n\t<meta property=\"og:image:height\" content=\"768\" \/>\n\t<meta property=\"og:image:type\" content=\"image\/jpeg\" \/>\n<meta name=\"twitter:card\" content=\"summary_large_image\" \/>\n<script type=\"application\/ld+json\" class=\"yoast-schema-graph\">{\"@context\":\"https:\/\/schema.org\",\"@graph\":[{\"@type\":\"WebPage\",\"@id\":\"https:\/\/turijnmagazijn.nl\/it\/prodotto\/rele-nero-posizione-e3-lancia-kappa-valeo-67711971\/\",\"url\":\"https:\/\/turijnmagazijn.nl\/it\/prodotto\/rele-nero-posizione-e3-lancia-kappa-valeo-67711971\/\",\"name\":\"Rel\u00e8 posizione nera E3 Lancia Kappa Valeo 67711971 - Turijnmagazijn\",\"isPartOf\":{\"@id\":\"https:\/\/turijnmagazijn.jumpstone-dev.nl\/#website\"},\"primaryImageOfPage\":{\"@id\":\"https:\/\/turijnmagazijn.nl\/it\/prodotto\/rele-nero-posizione-e3-lancia-kappa-valeo-67711971\/#primaryimage\"},\"image\":{\"@id\":\"https:\/\/turijnmagazijn.nl\/it\/prodotto\/rele-nero-posizione-e3-lancia-kappa-valeo-67711971\/#primaryimage\"},\"thumbnailUrl\":\"https:\/\/turijnmagazijn.nl\/wp-content\/uploads\/2023\/03\/DK00102251-Relais-zwart-postitie-E2-Lancia-Kappa-Valeo-67711971-2-1.jpg\",\"datePublished\":\"2023-03-03T08:19:49+00:00\",\"dateModified\":\"2023-07-27T10:17:58+00:00\",\"breadcrumb\":{\"@id\":\"https:\/\/turijnmagazijn.nl\/it\/prodotto\/rele-nero-posizione-e3-lancia-kappa-valeo-67711971\/#breadcrumb\"},\"inLanguage\":\"it-IT\",\"potentialAction\":[{\"@type\":\"ReadAction\",\"target\":[\"https:\/\/turijnmagazijn.nl\/it\/prodotto\/rele-nero-posizione-e3-lancia-kappa-valeo-67711971\/\"]}]},{\"@type\":\"ImageObject\",\"inLanguage\":\"it-IT\",\"@id\":\"https:\/\/turijnmagazijn.nl\/it\/prodotto\/rele-nero-posizione-e3-lancia-kappa-valeo-67711971\/#primaryimage\",\"url\":\"https:\/\/turijnmagazijn.nl\/wp-content\/uploads\/2023\/03\/DK00102251-Relais-zwart-postitie-E2-Lancia-Kappa-Valeo-67711971-2-1.jpg\",\"contentUrl\":\"https:\/\/turijnmagazijn.nl\/wp-content\/uploads\/2023\/03\/DK00102251-Relais-zwart-postitie-E2-Lancia-Kappa-Valeo-67711971-2-1.jpg\",\"width\":1024,\"height\":768},{\"@type\":\"BreadcrumbList\",\"@id\":\"https:\/\/turijnmagazijn.nl\/it\/prodotto\/rele-nero-posizione-e3-lancia-kappa-valeo-67711971\/#breadcrumb\",\"itemListElement\":[{\"@type\":\"ListItem\",\"position\":1,\"name\":\"Home\",\"item\":\"https:\/\/turijnmagazijn.nl\/it\/\"},{\"@type\":\"ListItem\",\"position\":2,\"name\":\"Prodotti\",\"item\":\"https:\/\/turijnmagazijn.nl\/it\/shop\/\"},{\"@type\":\"ListItem\",\"position\":3,\"name\":\"Rel\u00e8 posizione nera E3 Lancia Kappa Valeo 67711971\"}]},{\"@type\":\"WebSite\",\"@id\":\"https:\/\/turijnmagazijn.jumpstone-dev.nl\/#website\",\"url\":\"https:\/\/turijnmagazijn.jumpstone-dev.nl\/\",\"name\":\"Turijnmagazijn\",\"description\":\"Onderdelen nieuw en gebruikt - Fiat &amp; Lancia\",\"publisher\":{\"@id\":\"https:\/\/turijnmagazijn.jumpstone-dev.nl\/#organization\"},\"potentialAction\":[{\"@type\":\"SearchAction\",\"target\":{\"@type\":\"EntryPoint\",\"urlTemplate\":\"https:\/\/turijnmagazijn.jumpstone-dev.nl\/?s={search_term_string}\"},\"query-input\":{\"@type\":\"PropertyValueSpecification\",\"valueRequired\":true,\"valueName\":\"search_term_string\"}}],\"inLanguage\":\"it-IT\"},{\"@type\":\"Organization\",\"@id\":\"https:\/\/turijnmagazijn.jumpstone-dev.nl\/#organization\",\"name\":\"Turijnmagazijn\",\"url\":\"https:\/\/turijnmagazijn.jumpstone-dev.nl\/\",\"logo\":{\"@type\":\"ImageObject\",\"inLanguage\":\"it-IT\",\"@id\":\"https:\/\/turijnmagazijn.jumpstone-dev.nl\/#\/schema\/logo\/image\/\",\"url\":\"https:\/\/turijnmagazijn.nl\/wp-content\/uploads\/2021\/02\/turijnmagazijnlogo.png\",\"contentUrl\":\"https:\/\/turijnmagazijn.nl\/wp-content\/uploads\/2021\/02\/turijnmagazijnlogo.png\",\"width\":555,\"height\":270,\"caption\":\"Turijnmagazijn\"},\"image\":{\"@id\":\"https:\/\/turijnmagazijn.jumpstone-dev.nl\/#\/schema\/logo\/image\/\"},\"sameAs\":[\"https:\/\/www.facebook.com\/turijnmagazijn\"]}]}<\/script>\n<!-- \/ Yoast SEO plugin. -->","yoast_head_json":{"title":"Rel\u00e8 posizione nera E3 Lancia Kappa Valeo 67711971 - Turijnmagazijn","robots":{"index":"index","follow":"follow","max-snippet":"max-snippet:-1","max-image-preview":"max-image-preview:large","max-video-preview":"max-video-preview:-1"},"canonical":"https:\/\/turijnmagazijn.nl\/it\/prodotto\/rele-nero-posizione-e3-lancia-kappa-valeo-67711971\/","og_locale":"it_IT","og_type":"article","og_title":"Rel\u00e8 posizione nera E3 Lancia Kappa Valeo 67711971 - Turijnmagazijn","og_description":"Rel\u00e8 posizione nero E2 Lancia Kappa Valeo 67711971 - Rel\u00e8 nero grande usato per Lancia Kappa.Rel\u00e8 posizione nero E3 Lancia Kappa Valeo 67711971 - Rel\u00e8 nero grande usato per Lancia Kappa.","og_url":"https:\/\/turijnmagazijn.nl\/it\/prodotto\/rele-nero-posizione-e3-lancia-kappa-valeo-67711971\/","og_site_name":"Turijnmagazijn","article_publisher":"https:\/\/www.facebook.com\/turijnmagazijn","article_modified_time":"2023-07-27T10:17:58+00:00","og_image":[{"width":1024,"height":768,"url":"https:\/\/turijnmagazijn.nl\/wp-content\/uploads\/2023\/03\/DK00102251-Relais-zwart-postitie-E2-Lancia-Kappa-Valeo-67711971-2-1.jpg","type":"image\/jpeg"}],"twitter_card":"summary_large_image","schema":{"@context":"https:\/\/schema.org","@graph":[{"@type":"WebPage","@id":"https:\/\/turijnmagazijn.nl\/it\/prodotto\/rele-nero-posizione-e3-lancia-kappa-valeo-67711971\/","url":"https:\/\/turijnmagazijn.nl\/it\/prodotto\/rele-nero-posizione-e3-lancia-kappa-valeo-67711971\/","name":"Rel\u00e8 posizione nera E3 Lancia Kappa Valeo 67711971 - Turijnmagazijn","isPartOf":{"@id":"https:\/\/turijnmagazijn.jumpstone-dev.nl\/#website"},"primaryImageOfPage":{"@id":"https:\/\/turijnmagazijn.nl\/it\/prodotto\/rele-nero-posizione-e3-lancia-kappa-valeo-67711971\/#primaryimage"},"image":{"@id":"https:\/\/turijnmagazijn.nl\/it\/prodotto\/rele-nero-posizione-e3-lancia-kappa-valeo-67711971\/#primaryimage"},"thumbnailUrl":"https:\/\/turijnmagazijn.nl\/wp-content\/uploads\/2023\/03\/DK00102251-Relais-zwart-postitie-E2-Lancia-Kappa-Valeo-67711971-2-1.jpg","datePublished":"2023-03-03T08:19:49+00:00","dateModified":"2023-07-27T10:17:58+00:00","breadcrumb":{"@id":"https:\/\/turijnmagazijn.nl\/it\/prodotto\/rele-nero-posizione-e3-lancia-kappa-valeo-67711971\/#breadcrumb"},"inLanguage":"it-IT","potentialAction":[{"@type":"ReadAction","target":["https:\/\/turijnmagazijn.nl\/it\/prodotto\/rele-nero-posizione-e3-lancia-kappa-valeo-67711971\/"]}]},{"@type":"ImageObject","inLanguage":"it-IT","@id":"https:\/\/turijnmagazijn.nl\/it\/prodotto\/rele-nero-posizione-e3-lancia-kappa-valeo-67711971\/#primaryimage","url":"https:\/\/turijnmagazijn.nl\/wp-content\/uploads\/2023\/03\/DK00102251-Relais-zwart-postitie-E2-Lancia-Kappa-Valeo-67711971-2-1.jpg","contentUrl":"https:\/\/turijnmagazijn.nl\/wp-content\/uploads\/2023\/03\/DK00102251-Relais-zwart-postitie-E2-Lancia-Kappa-Valeo-67711971-2-1.jpg","width":1024,"height":768},{"@type":"BreadcrumbList","@id":"https:\/\/turijnmagazijn.nl\/it\/prodotto\/rele-nero-posizione-e3-lancia-kappa-valeo-67711971\/#breadcrumb","itemListElement":[{"@type":"ListItem","position":1,"name":"Home","item":"https:\/\/turijnmagazijn.nl\/it\/"},{"@type":"ListItem","position":2,"name":"Prodotti","item":"https:\/\/turijnmagazijn.nl\/it\/shop\/"},{"@type":"ListItem","position":3,"name":"Rel\u00e8 posizione nera E3 Lancia Kappa Valeo 67711971"}]},{"@type":"WebSite","@id":"https:\/\/turijnmagazijn.jumpstone-dev.nl\/#website","url":"https:\/\/turijnmagazijn.jumpstone-dev.nl\/","name":"Turijnmagazijn","description":"Onderdelen nieuw en gebruikt - Fiat &amp; Lancia","publisher":{"@id":"https:\/\/turijnmagazijn.jumpstone-dev.nl\/#organization"},"potentialAction":[{"@type":"SearchAction","target":{"@type":"EntryPoint","urlTemplate":"https:\/\/turijnmagazijn.jumpstone-dev.nl\/?s={search_term_string}"},"query-input":{"@type":"PropertyValueSpecification","valueRequired":true,"valueName":"search_term_string"}}],"inLanguage":"it-IT"},{"@type":"Organization","@id":"https:\/\/turijnmagazijn.jumpstone-dev.nl\/#organization","name":"Turijnmagazijn","url":"https:\/\/turijnmagazijn.jumpstone-dev.nl\/","logo":{"@type":"ImageObject","inLanguage":"it-IT","@id":"https:\/\/turijnmagazijn.jumpstone-dev.nl\/#\/schema\/logo\/image\/","url":"https:\/\/turijnmagazijn.nl\/wp-content\/uploads\/2021\/02\/turijnmagazijnlogo.png","contentUrl":"https:\/\/turijnmagazijn.nl\/wp-content\/uploads\/2021\/02\/turijnmagazijnlogo.png","width":555,"height":270,"caption":"Turijnmagazijn"},"image":{"@id":"https:\/\/turijnmagazijn.jumpstone-dev.nl\/#\/schema\/logo\/image\/"},"sameAs":["https:\/\/www.facebook.com\/turijnmagazijn"]}]}},"_links":{"self":[{"href":"https:\/\/turijnmagazijn.nl\/it\/wp-json\/wp\/v2\/product\/64220","targetHints":{"allow":["GET"]}}],"collection":[{"href":"https:\/\/turijnmagazijn.nl\/it\/wp-json\/wp\/v2\/product"}],"about":[{"href":"https:\/\/turijnmagazijn.nl\/it\/wp-json\/wp\/v2\/types\/product"}],"replies":[{"embeddable":true,"href":"https:\/\/turijnmagazijn.nl\/it\/wp-json\/wp\/v2\/comments?post=64220"}],"wp:featuredmedia":[{"embeddable":true,"href":"https:\/\/turijnmagazijn.nl\/it\/wp-json\/wp\/v2\/media\/47202"}],"wp:attachment":[{"href":"https:\/\/turijnmagazijn.nl\/it\/wp-json\/wp\/v2\/media?parent=64220"}],"wp:term":[{"taxonomy":"product_brand","embeddable":true,"href":"https:\/\/turijnmagazijn.nl\/it\/wp-json\/wp\/v2\/product_brand?post=64220"},{"taxonomy":"product_cat","embeddable":true,"href":"https:\/\/turijnmagazijn.nl\/it\/wp-json\/wp\/v2\/product_cat?post=64220"},{"taxonomy":"product_tag","embeddable":true,"href":"https:\/\/turijnmagazijn.nl\/it\/wp-json\/wp\/v2\/product_tag?post=64220"}],"curies":[{"name":"wp","href":"https:\/\/api.w.org\/{rel}","templated":true}]}}