{"id":64624,"date":"2023-03-03T09:17:39","date_gmt":"2023-03-03T08:17:39","guid":{"rendered":"https:\/\/turijnmagazijn.nl\/product\/specchietto-retrovisore-esterno-sinistro-lancia-kappa-climatizzatore-completo-verde\/"},"modified":"2023-07-26T14:11:52","modified_gmt":"2023-07-26T12:11:52","slug":"specchietto-esterno-sinistro-lancia-kappa-airco-completo-verde","status":"publish","type":"product","link":"https:\/\/turijnmagazijn.nl\/it\/prodotto\/specchietto-esterno-sinistro-lancia-kappa-airco-completo-verde\/","title":{"rendered":"Specchietto retrovisore esterno sinistro Lancia Kappa climatizzatore completo Verde"},"content":{"rendered":"<p>Specchietto retrovisore usato a sinistra per Lancia Kappa. Riguarda uno specchio completo con vetro a specchio e senza cappucci. La piastra di ancoraggio \u00e8 realizzata in metallo verde.<\/p>\n<p>Lo specchio era originariamente rosso, e nella posizione piegata il colore della vernice rossa \u00e8 ancora in qualche modo visibile. La vernice \u00e8 in buone condizioni, ad eccezione della piastra di ancoraggio, dove la vernice inizia a staccarsi.<\/p>\n<p>Questa unit\u00e0 \u00e8 dotata di regolazione elettrica dello specchio e riscaldamento dello specchio pi\u00f9 la predisposizione per il sensore di temperatura esterna per l&#8217;aria condizionata.<\/p>\n<p>Questo specchio proviene da una berlina Lancia Kappa costruita nel 1999.<\/p>\n<p>OEM Lancia<span style=\"text-align: -webkit-right;\">113356399<\/span>&nbsp;<\/p>\n","protected":false},"excerpt":{"rendered":"<p>Specchietto retrovisore sinistro Lancia Kappa &#8211; Specchietto retrovisore esterno sinistro per Lancia Kappa.Specchietto retrovisore sinistro Lancia Kappa climatizzatore completo &#8211; Specchietto retrovisore sinistro usato a sinistra per Lancia Kappa.<\/p>\n","protected":false},"featured_media":44798,"comment_status":"open","ping_status":"closed","template":"","meta":{"_acf_changed":false},"product_brand":[],"product_cat":[1866,1857,1800,1871],"product_tag":[],"class_list":{"0":"post-64624","1":"product","2":"type-product","3":"status-publish","4":"has-post-thumbnail","6":"product_cat-coupe-it","7":"product_cat-kappa-838-it","8":"product_cat-lancia-it","9":"product_cat-sw-it","10":"pa_soort-onderdeel-specchi","12":"first","13":"instock","14":"shipping-taxable","15":"purchasable","16":"product-type-simple"},"acf":[],"yoast_head":"<!-- This site is optimized with the Yoast SEO plugin v27.3 - https:\/\/yoast.com\/product\/yoast-seo-wordpress\/ -->\n<title>Specchietto retrovisore esterno sinistro Lancia Kappa climatizzatore completo Verde - Turijnmagazijn<\/title>\n<meta name=\"robots\" content=\"index, follow, max-snippet:-1, max-image-preview:large, max-video-preview:-1\" \/>\n<link rel=\"canonical\" href=\"https:\/\/turijnmagazijn.nl\/it\/prodotto\/specchietto-esterno-sinistro-lancia-kappa-airco-completo-verde\/\" \/>\n<meta property=\"og:locale\" content=\"it_IT\" \/>\n<meta property=\"og:type\" content=\"article\" \/>\n<meta property=\"og:title\" content=\"Specchietto retrovisore esterno sinistro Lancia Kappa climatizzatore completo Verde - Turijnmagazijn\" \/>\n<meta property=\"og:description\" content=\"Specchietto retrovisore sinistro Lancia Kappa - Specchietto retrovisore esterno sinistro per Lancia Kappa.Specchietto retrovisore sinistro Lancia Kappa climatizzatore completo - Specchietto retrovisore sinistro usato a sinistra per Lancia Kappa.\" \/>\n<meta property=\"og:url\" content=\"https:\/\/turijnmagazijn.nl\/it\/prodotto\/specchietto-esterno-sinistro-lancia-kappa-airco-completo-verde\/\" \/>\n<meta property=\"og:site_name\" content=\"Turijnmagazijn\" \/>\n<meta property=\"article:publisher\" content=\"https:\/\/www.facebook.com\/turijnmagazijn\" \/>\n<meta property=\"article:modified_time\" content=\"2023-07-26T12:11:52+00:00\" \/>\n<meta property=\"og:image\" content=\"https:\/\/turijnmagazijn.jumpstone-dev.nl\/wp-content\/uploads\/2023\/03\/DK00101999_Buitenspiegel_Links_Lancia_Kappa_airco_compleet_3-1.jpg\" \/>\n\t<meta property=\"og:image:width\" content=\"800\" \/>\n\t<meta property=\"og:image:height\" content=\"600\" \/>\n\t<meta property=\"og:image:type\" content=\"image\/jpeg\" \/>\n<meta name=\"twitter:card\" content=\"summary_large_image\" \/>\n<meta name=\"twitter:label1\" content=\"Tempo di lettura stimato\" \/>\n\t<meta name=\"twitter:data1\" content=\"1 minuto\" \/>\n<script type=\"application\/ld+json\" class=\"yoast-schema-graph\">{\"@context\":\"https:\\\/\\\/schema.org\",\"@graph\":[{\"@type\":\"WebPage\",\"@id\":\"https:\\\/\\\/turijnmagazijn.nl\\\/it\\\/prodotto\\\/specchietto-esterno-sinistro-lancia-kappa-airco-completo-verde\\\/\",\"url\":\"https:\\\/\\\/turijnmagazijn.nl\\\/it\\\/prodotto\\\/specchietto-esterno-sinistro-lancia-kappa-airco-completo-verde\\\/\",\"name\":\"Specchietto retrovisore esterno sinistro Lancia Kappa climatizzatore completo Verde - Turijnmagazijn\",\"isPartOf\":{\"@id\":\"https:\\\/\\\/turijnmagazijn.jumpstone-dev.nl\\\/#website\"},\"primaryImageOfPage\":{\"@id\":\"https:\\\/\\\/turijnmagazijn.nl\\\/it\\\/prodotto\\\/specchietto-esterno-sinistro-lancia-kappa-airco-completo-verde\\\/#primaryimage\"},\"image\":{\"@id\":\"https:\\\/\\\/turijnmagazijn.nl\\\/it\\\/prodotto\\\/specchietto-esterno-sinistro-lancia-kappa-airco-completo-verde\\\/#primaryimage\"},\"thumbnailUrl\":\"https:\\\/\\\/turijnmagazijn.nl\\\/wp-content\\\/uploads\\\/2023\\\/03\\\/DK00101999_Buitenspiegel_Links_Lancia_Kappa_airco_compleet_3-1.jpg\",\"datePublished\":\"2023-03-03T08:17:39+00:00\",\"dateModified\":\"2023-07-26T12:11:52+00:00\",\"breadcrumb\":{\"@id\":\"https:\\\/\\\/turijnmagazijn.nl\\\/it\\\/prodotto\\\/specchietto-esterno-sinistro-lancia-kappa-airco-completo-verde\\\/#breadcrumb\"},\"inLanguage\":\"it-IT\",\"potentialAction\":[{\"@type\":\"ReadAction\",\"target\":[\"https:\\\/\\\/turijnmagazijn.nl\\\/it\\\/prodotto\\\/specchietto-esterno-sinistro-lancia-kappa-airco-completo-verde\\\/\"]}]},{\"@type\":\"ImageObject\",\"inLanguage\":\"it-IT\",\"@id\":\"https:\\\/\\\/turijnmagazijn.nl\\\/it\\\/prodotto\\\/specchietto-esterno-sinistro-lancia-kappa-airco-completo-verde\\\/#primaryimage\",\"url\":\"https:\\\/\\\/turijnmagazijn.nl\\\/wp-content\\\/uploads\\\/2023\\\/03\\\/DK00101999_Buitenspiegel_Links_Lancia_Kappa_airco_compleet_3-1.jpg\",\"contentUrl\":\"https:\\\/\\\/turijnmagazijn.nl\\\/wp-content\\\/uploads\\\/2023\\\/03\\\/DK00101999_Buitenspiegel_Links_Lancia_Kappa_airco_compleet_3-1.jpg\",\"width\":800,\"height\":600},{\"@type\":\"BreadcrumbList\",\"@id\":\"https:\\\/\\\/turijnmagazijn.nl\\\/it\\\/prodotto\\\/specchietto-esterno-sinistro-lancia-kappa-airco-completo-verde\\\/#breadcrumb\",\"itemListElement\":[{\"@type\":\"ListItem\",\"position\":1,\"name\":\"Home\",\"item\":\"https:\\\/\\\/turijnmagazijn.nl\\\/it\\\/\"},{\"@type\":\"ListItem\",\"position\":2,\"name\":\"Prodotti\",\"item\":\"https:\\\/\\\/turijnmagazijn.nl\\\/it\\\/shop\\\/\"},{\"@type\":\"ListItem\",\"position\":3,\"name\":\"Specchietto retrovisore esterno sinistro Lancia Kappa climatizzatore completo Verde\"}]},{\"@type\":\"WebSite\",\"@id\":\"https:\\\/\\\/turijnmagazijn.jumpstone-dev.nl\\\/#website\",\"url\":\"https:\\\/\\\/turijnmagazijn.jumpstone-dev.nl\\\/\",\"name\":\"Turijnmagazijn\",\"description\":\"Onderdelen nieuw en gebruikt - Fiat &amp; Lancia\",\"publisher\":{\"@id\":\"https:\\\/\\\/turijnmagazijn.jumpstone-dev.nl\\\/#organization\"},\"potentialAction\":[{\"@type\":\"SearchAction\",\"target\":{\"@type\":\"EntryPoint\",\"urlTemplate\":\"https:\\\/\\\/turijnmagazijn.jumpstone-dev.nl\\\/?s={search_term_string}\"},\"query-input\":{\"@type\":\"PropertyValueSpecification\",\"valueRequired\":true,\"valueName\":\"search_term_string\"}}],\"inLanguage\":\"it-IT\"},{\"@type\":\"Organization\",\"@id\":\"https:\\\/\\\/turijnmagazijn.jumpstone-dev.nl\\\/#organization\",\"name\":\"Turijnmagazijn\",\"url\":\"https:\\\/\\\/turijnmagazijn.jumpstone-dev.nl\\\/\",\"logo\":{\"@type\":\"ImageObject\",\"inLanguage\":\"it-IT\",\"@id\":\"https:\\\/\\\/turijnmagazijn.jumpstone-dev.nl\\\/#\\\/schema\\\/logo\\\/image\\\/\",\"url\":\"https:\\\/\\\/turijnmagazijn.nl\\\/wp-content\\\/uploads\\\/2021\\\/02\\\/turijnmagazijnlogo.png\",\"contentUrl\":\"https:\\\/\\\/turijnmagazijn.nl\\\/wp-content\\\/uploads\\\/2021\\\/02\\\/turijnmagazijnlogo.png\",\"width\":555,\"height\":270,\"caption\":\"Turijnmagazijn\"},\"image\":{\"@id\":\"https:\\\/\\\/turijnmagazijn.jumpstone-dev.nl\\\/#\\\/schema\\\/logo\\\/image\\\/\"},\"sameAs\":[\"https:\\\/\\\/www.facebook.com\\\/turijnmagazijn\"]}]}<\/script>\n<!-- \/ Yoast SEO plugin. -->","yoast_head_json":{"title":"Specchietto retrovisore esterno sinistro Lancia Kappa climatizzatore completo Verde - Turijnmagazijn","robots":{"index":"index","follow":"follow","max-snippet":"max-snippet:-1","max-image-preview":"max-image-preview:large","max-video-preview":"max-video-preview:-1"},"canonical":"https:\/\/turijnmagazijn.nl\/it\/prodotto\/specchietto-esterno-sinistro-lancia-kappa-airco-completo-verde\/","og_locale":"it_IT","og_type":"article","og_title":"Specchietto retrovisore esterno sinistro Lancia Kappa climatizzatore completo Verde - Turijnmagazijn","og_description":"Specchietto retrovisore sinistro Lancia Kappa - Specchietto retrovisore esterno sinistro per Lancia Kappa.Specchietto retrovisore sinistro Lancia Kappa climatizzatore completo - Specchietto retrovisore sinistro usato a sinistra per Lancia Kappa.","og_url":"https:\/\/turijnmagazijn.nl\/it\/prodotto\/specchietto-esterno-sinistro-lancia-kappa-airco-completo-verde\/","og_site_name":"Turijnmagazijn","article_publisher":"https:\/\/www.facebook.com\/turijnmagazijn","article_modified_time":"2023-07-26T12:11:52+00:00","og_image":[{"width":800,"height":600,"url":"https:\/\/turijnmagazijn.jumpstone-dev.nl\/wp-content\/uploads\/2023\/03\/DK00101999_Buitenspiegel_Links_Lancia_Kappa_airco_compleet_3-1.jpg","type":"image\/jpeg"}],"twitter_card":"summary_large_image","twitter_misc":{"Tempo di lettura stimato":"1 minuto"},"schema":{"@context":"https:\/\/schema.org","@graph":[{"@type":"WebPage","@id":"https:\/\/turijnmagazijn.nl\/it\/prodotto\/specchietto-esterno-sinistro-lancia-kappa-airco-completo-verde\/","url":"https:\/\/turijnmagazijn.nl\/it\/prodotto\/specchietto-esterno-sinistro-lancia-kappa-airco-completo-verde\/","name":"Specchietto retrovisore esterno sinistro Lancia Kappa climatizzatore completo Verde - Turijnmagazijn","isPartOf":{"@id":"https:\/\/turijnmagazijn.jumpstone-dev.nl\/#website"},"primaryImageOfPage":{"@id":"https:\/\/turijnmagazijn.nl\/it\/prodotto\/specchietto-esterno-sinistro-lancia-kappa-airco-completo-verde\/#primaryimage"},"image":{"@id":"https:\/\/turijnmagazijn.nl\/it\/prodotto\/specchietto-esterno-sinistro-lancia-kappa-airco-completo-verde\/#primaryimage"},"thumbnailUrl":"https:\/\/turijnmagazijn.nl\/wp-content\/uploads\/2023\/03\/DK00101999_Buitenspiegel_Links_Lancia_Kappa_airco_compleet_3-1.jpg","datePublished":"2023-03-03T08:17:39+00:00","dateModified":"2023-07-26T12:11:52+00:00","breadcrumb":{"@id":"https:\/\/turijnmagazijn.nl\/it\/prodotto\/specchietto-esterno-sinistro-lancia-kappa-airco-completo-verde\/#breadcrumb"},"inLanguage":"it-IT","potentialAction":[{"@type":"ReadAction","target":["https:\/\/turijnmagazijn.nl\/it\/prodotto\/specchietto-esterno-sinistro-lancia-kappa-airco-completo-verde\/"]}]},{"@type":"ImageObject","inLanguage":"it-IT","@id":"https:\/\/turijnmagazijn.nl\/it\/prodotto\/specchietto-esterno-sinistro-lancia-kappa-airco-completo-verde\/#primaryimage","url":"https:\/\/turijnmagazijn.nl\/wp-content\/uploads\/2023\/03\/DK00101999_Buitenspiegel_Links_Lancia_Kappa_airco_compleet_3-1.jpg","contentUrl":"https:\/\/turijnmagazijn.nl\/wp-content\/uploads\/2023\/03\/DK00101999_Buitenspiegel_Links_Lancia_Kappa_airco_compleet_3-1.jpg","width":800,"height":600},{"@type":"BreadcrumbList","@id":"https:\/\/turijnmagazijn.nl\/it\/prodotto\/specchietto-esterno-sinistro-lancia-kappa-airco-completo-verde\/#breadcrumb","itemListElement":[{"@type":"ListItem","position":1,"name":"Home","item":"https:\/\/turijnmagazijn.nl\/it\/"},{"@type":"ListItem","position":2,"name":"Prodotti","item":"https:\/\/turijnmagazijn.nl\/it\/shop\/"},{"@type":"ListItem","position":3,"name":"Specchietto retrovisore esterno sinistro Lancia Kappa climatizzatore completo Verde"}]},{"@type":"WebSite","@id":"https:\/\/turijnmagazijn.jumpstone-dev.nl\/#website","url":"https:\/\/turijnmagazijn.jumpstone-dev.nl\/","name":"Turijnmagazijn","description":"Onderdelen nieuw en gebruikt - Fiat &amp; Lancia","publisher":{"@id":"https:\/\/turijnmagazijn.jumpstone-dev.nl\/#organization"},"potentialAction":[{"@type":"SearchAction","target":{"@type":"EntryPoint","urlTemplate":"https:\/\/turijnmagazijn.jumpstone-dev.nl\/?s={search_term_string}"},"query-input":{"@type":"PropertyValueSpecification","valueRequired":true,"valueName":"search_term_string"}}],"inLanguage":"it-IT"},{"@type":"Organization","@id":"https:\/\/turijnmagazijn.jumpstone-dev.nl\/#organization","name":"Turijnmagazijn","url":"https:\/\/turijnmagazijn.jumpstone-dev.nl\/","logo":{"@type":"ImageObject","inLanguage":"it-IT","@id":"https:\/\/turijnmagazijn.jumpstone-dev.nl\/#\/schema\/logo\/image\/","url":"https:\/\/turijnmagazijn.nl\/wp-content\/uploads\/2021\/02\/turijnmagazijnlogo.png","contentUrl":"https:\/\/turijnmagazijn.nl\/wp-content\/uploads\/2021\/02\/turijnmagazijnlogo.png","width":555,"height":270,"caption":"Turijnmagazijn"},"image":{"@id":"https:\/\/turijnmagazijn.jumpstone-dev.nl\/#\/schema\/logo\/image\/"},"sameAs":["https:\/\/www.facebook.com\/turijnmagazijn"]}]}},"_links":{"self":[{"href":"https:\/\/turijnmagazijn.nl\/it\/wp-json\/wp\/v2\/product\/64624","targetHints":{"allow":["GET"]}}],"collection":[{"href":"https:\/\/turijnmagazijn.nl\/it\/wp-json\/wp\/v2\/product"}],"about":[{"href":"https:\/\/turijnmagazijn.nl\/it\/wp-json\/wp\/v2\/types\/product"}],"replies":[{"embeddable":true,"href":"https:\/\/turijnmagazijn.nl\/it\/wp-json\/wp\/v2\/comments?post=64624"}],"wp:featuredmedia":[{"embeddable":true,"href":"https:\/\/turijnmagazijn.nl\/it\/wp-json\/wp\/v2\/media\/44798"}],"wp:attachment":[{"href":"https:\/\/turijnmagazijn.nl\/it\/wp-json\/wp\/v2\/media?parent=64624"}],"wp:term":[{"taxonomy":"product_brand","embeddable":true,"href":"https:\/\/turijnmagazijn.nl\/it\/wp-json\/wp\/v2\/product_brand?post=64624"},{"taxonomy":"product_cat","embeddable":true,"href":"https:\/\/turijnmagazijn.nl\/it\/wp-json\/wp\/v2\/product_cat?post=64624"},{"taxonomy":"product_tag","embeddable":true,"href":"https:\/\/turijnmagazijn.nl\/it\/wp-json\/wp\/v2\/product_tag?post=64624"}],"curies":[{"name":"wp","href":"https:\/\/api.w.org\/{rel}","templated":true}]}}