{"id":64913,"date":"2023-03-03T09:19:50","date_gmt":"2023-03-03T08:19:50","guid":{"rendered":"https:\/\/turijnmagazijn.nl\/product\/rele-argento-30a-fiat-lancia-alfa-romeo-bosch-0-332-014-140\/"},"modified":"2023-07-27T12:18:02","modified_gmt":"2023-07-27T10:18:02","slug":"rele-argento-30a-fiat-lancia-alfa-romeo-bosch-0-332-014-140","status":"publish","type":"product","link":"https:\/\/turijnmagazijn.nl\/it\/prodotto\/rele-argento-30a-fiat-lancia-alfa-romeo-bosch-0-332-014-140\/","title":{"rendered":"Rel\u00e8 argento 30A Fiat Lancia Alfa Romeo BOSCH 0 332 014 140"},"content":{"rendered":"<p>Rel\u00e8 usato 30 ampere in versione argento. Applicato a vari modelli Alfa Romeo, Lancia e Fiat.&nbsp;<\/p>\n<p>Applicato a Lancia Delta 2, Lancia Kappa e Alfa Romeo 147, 156, 145 e GT. Utilizzato a fiat su serie Bravo \/ Brava e fiat Marea<\/p>\n<p>Tra le altre cose, 4 pezzi utilizzati nella prima serie di Lancia Kappas nella scatola rel\u00e8 contro la paratia.<\/p>\n<p>Rel\u00e8 originale BOSCH, sempre con il coperchio metallico, in seguito sostituito da un coperchio in plastica.<\/p>\n<p><span data-sheets-value=\"{\"1\":2,\"2\":\"afkomstig uit een Lancia Kappa 2.0 20V sedan benzine met automaat van bouwjaar 1997 met een kilometrage van 175.000km.\"}\" data-sheets-userformat=\"{\"2\":14851,\"3\":{\"1\":0},\"4\":{\"1\":2,\"2\":16777215},\"12\":0,\"14\":{\"1\":2,\"2\":6710886},\"15\":\"\"Open Sans\", sans-serif\",\"16\":9}\" style=\"font-size: 9pt; font-family: \"Open Sans\", Arial;\">Proveniente da una Lancia Kappa 2.0 20V berlina benzina con cambio automatico costruita nel 1997 con un chilometraggio di 175.000km.<\/span><\/p>\n<p><span data-sheets-value=\"{\"1\":2,\"2\":\"afkomstig uit een Lancia Kappa 2.0 20V sedan benzine met automaat van bouwjaar 1997 met een kilometrage van 175.000km.\"}\" data-sheets-userformat=\"{\"2\":14851,\"3\":{\"1\":0},\"4\":{\"1\":2,\"2\":16777215},\"12\":0,\"14\":{\"1\":2,\"2\":6710886},\"15\":\"\"Open Sans\", sans-serif\",\"16\":9}\" style=\"font-size: 9pt; font-family: \"Open Sans\", Arial;\"><br \/><\/span><\/p>\n<p>OEM Lancia 7615576<\/p>\n<p>OEM Alfa Romeo&nbsp;60812059<\/p>\n","protected":false},"excerpt":{"rendered":"<p>Rel\u00e8 argento 30A Fiat Lancia Alfa Romeo BOSCH 0 332 014 140 &#8211; Rel\u00e8 usato 30 ampere in versione argento.<\/p>\n","protected":false},"featured_media":47366,"comment_status":"open","ping_status":"closed","template":"","meta":{"_acf_changed":false},"product_brand":[],"product_cat":[1598,1608,1614,1583,1866,1843,1691,1857,1800,1733,1871],"product_tag":[],"class_list":{"0":"post-64913","1":"product","2":"type-product","3":"status-publish","4":"has-post-thumbnail","6":"product_cat-145-930a-it","7":"product_cat-147-937-it","8":"product_cat-156-932-it","9":"product_cat-alfa-romeo-it","10":"product_cat-coupe-it","11":"product_cat-delta-2-836-it","12":"product_cat-fiat-it","13":"product_cat-kappa-838-it","14":"product_cat-lancia-it","15":"product_cat-marea-185-it","16":"product_cat-sw-it","17":"pa_soort-onderdeel-elettronica-e-cavi","18":"pa_soort-onderdeel-motore-e-accessori","20":"first","21":"instock","22":"shipping-taxable","23":"purchasable","24":"product-type-simple"},"acf":[],"yoast_head":"<!-- This site is optimized with the Yoast SEO plugin v27.3 - https:\/\/yoast.com\/product\/yoast-seo-wordpress\/ -->\n<title>Rel\u00e8 argento 30A Fiat Lancia Alfa Romeo BOSCH 0 332 014 140 - Turijnmagazijn<\/title>\n<meta name=\"robots\" content=\"index, follow, max-snippet:-1, max-image-preview:large, max-video-preview:-1\" \/>\n<link rel=\"canonical\" href=\"https:\/\/turijnmagazijn.nl\/it\/prodotto\/rele-argento-30a-fiat-lancia-alfa-romeo-bosch-0-332-014-140\/\" \/>\n<meta property=\"og:locale\" content=\"it_IT\" \/>\n<meta property=\"og:type\" content=\"article\" \/>\n<meta property=\"og:title\" content=\"Rel\u00e8 argento 30A Fiat Lancia Alfa Romeo BOSCH 0 332 014 140 - Turijnmagazijn\" \/>\n<meta property=\"og:description\" content=\"Rel\u00e8 argento 30A Fiat Lancia Alfa Romeo BOSCH 0 332 014 140 - Rel\u00e8 usato 30 ampere in versione argento.\" \/>\n<meta property=\"og:url\" content=\"https:\/\/turijnmagazijn.nl\/it\/prodotto\/rele-argento-30a-fiat-lancia-alfa-romeo-bosch-0-332-014-140\/\" \/>\n<meta property=\"og:site_name\" content=\"Turijnmagazijn\" \/>\n<meta property=\"article:publisher\" content=\"https:\/\/www.facebook.com\/turijnmagazijn\" \/>\n<meta property=\"article:modified_time\" content=\"2023-07-27T10:18:02+00:00\" \/>\n<meta property=\"og:image\" content=\"https:\/\/turijnmagazijn.nl\/wp-content\/uploads\/2023\/03\/DK00102262-Relais-zilver-30A-Fiat-Lancia-Alfa-Romeo-BOSCH-0-332-014-140-2-1.jpg\" \/>\n\t<meta property=\"og:image:width\" content=\"1024\" \/>\n\t<meta property=\"og:image:height\" content=\"768\" \/>\n\t<meta property=\"og:image:type\" content=\"image\/jpeg\" \/>\n<meta name=\"twitter:card\" content=\"summary_large_image\" \/>\n<script type=\"application\/ld+json\" class=\"yoast-schema-graph\">{\"@context\":\"https:\\\/\\\/schema.org\",\"@graph\":[{\"@type\":\"WebPage\",\"@id\":\"https:\\\/\\\/turijnmagazijn.nl\\\/it\\\/prodotto\\\/rele-argento-30a-fiat-lancia-alfa-romeo-bosch-0-332-014-140\\\/\",\"url\":\"https:\\\/\\\/turijnmagazijn.nl\\\/it\\\/prodotto\\\/rele-argento-30a-fiat-lancia-alfa-romeo-bosch-0-332-014-140\\\/\",\"name\":\"Rel\u00e8 argento 30A Fiat Lancia Alfa Romeo BOSCH 0 332 014 140 - Turijnmagazijn\",\"isPartOf\":{\"@id\":\"https:\\\/\\\/turijnmagazijn.jumpstone-dev.nl\\\/#website\"},\"primaryImageOfPage\":{\"@id\":\"https:\\\/\\\/turijnmagazijn.nl\\\/it\\\/prodotto\\\/rele-argento-30a-fiat-lancia-alfa-romeo-bosch-0-332-014-140\\\/#primaryimage\"},\"image\":{\"@id\":\"https:\\\/\\\/turijnmagazijn.nl\\\/it\\\/prodotto\\\/rele-argento-30a-fiat-lancia-alfa-romeo-bosch-0-332-014-140\\\/#primaryimage\"},\"thumbnailUrl\":\"https:\\\/\\\/turijnmagazijn.nl\\\/wp-content\\\/uploads\\\/2023\\\/03\\\/DK00102262-Relais-zilver-30A-Fiat-Lancia-Alfa-Romeo-BOSCH-0-332-014-140-2-1.jpg\",\"datePublished\":\"2023-03-03T08:19:50+00:00\",\"dateModified\":\"2023-07-27T10:18:02+00:00\",\"breadcrumb\":{\"@id\":\"https:\\\/\\\/turijnmagazijn.nl\\\/it\\\/prodotto\\\/rele-argento-30a-fiat-lancia-alfa-romeo-bosch-0-332-014-140\\\/#breadcrumb\"},\"inLanguage\":\"it-IT\",\"potentialAction\":[{\"@type\":\"ReadAction\",\"target\":[\"https:\\\/\\\/turijnmagazijn.nl\\\/it\\\/prodotto\\\/rele-argento-30a-fiat-lancia-alfa-romeo-bosch-0-332-014-140\\\/\"]}]},{\"@type\":\"ImageObject\",\"inLanguage\":\"it-IT\",\"@id\":\"https:\\\/\\\/turijnmagazijn.nl\\\/it\\\/prodotto\\\/rele-argento-30a-fiat-lancia-alfa-romeo-bosch-0-332-014-140\\\/#primaryimage\",\"url\":\"https:\\\/\\\/turijnmagazijn.nl\\\/wp-content\\\/uploads\\\/2023\\\/03\\\/DK00102262-Relais-zilver-30A-Fiat-Lancia-Alfa-Romeo-BOSCH-0-332-014-140-2-1.jpg\",\"contentUrl\":\"https:\\\/\\\/turijnmagazijn.nl\\\/wp-content\\\/uploads\\\/2023\\\/03\\\/DK00102262-Relais-zilver-30A-Fiat-Lancia-Alfa-Romeo-BOSCH-0-332-014-140-2-1.jpg\",\"width\":1024,\"height\":768},{\"@type\":\"BreadcrumbList\",\"@id\":\"https:\\\/\\\/turijnmagazijn.nl\\\/it\\\/prodotto\\\/rele-argento-30a-fiat-lancia-alfa-romeo-bosch-0-332-014-140\\\/#breadcrumb\",\"itemListElement\":[{\"@type\":\"ListItem\",\"position\":1,\"name\":\"Home\",\"item\":\"https:\\\/\\\/turijnmagazijn.nl\\\/it\\\/\"},{\"@type\":\"ListItem\",\"position\":2,\"name\":\"Prodotti\",\"item\":\"https:\\\/\\\/turijnmagazijn.nl\\\/it\\\/shop\\\/\"},{\"@type\":\"ListItem\",\"position\":3,\"name\":\"Rel\u00e8 argento 30A Fiat Lancia Alfa Romeo BOSCH 0 332 014 140\"}]},{\"@type\":\"WebSite\",\"@id\":\"https:\\\/\\\/turijnmagazijn.jumpstone-dev.nl\\\/#website\",\"url\":\"https:\\\/\\\/turijnmagazijn.jumpstone-dev.nl\\\/\",\"name\":\"Turijnmagazijn\",\"description\":\"Onderdelen nieuw en gebruikt - Fiat &amp; Lancia\",\"publisher\":{\"@id\":\"https:\\\/\\\/turijnmagazijn.jumpstone-dev.nl\\\/#organization\"},\"potentialAction\":[{\"@type\":\"SearchAction\",\"target\":{\"@type\":\"EntryPoint\",\"urlTemplate\":\"https:\\\/\\\/turijnmagazijn.jumpstone-dev.nl\\\/?s={search_term_string}\"},\"query-input\":{\"@type\":\"PropertyValueSpecification\",\"valueRequired\":true,\"valueName\":\"search_term_string\"}}],\"inLanguage\":\"it-IT\"},{\"@type\":\"Organization\",\"@id\":\"https:\\\/\\\/turijnmagazijn.jumpstone-dev.nl\\\/#organization\",\"name\":\"Turijnmagazijn\",\"url\":\"https:\\\/\\\/turijnmagazijn.jumpstone-dev.nl\\\/\",\"logo\":{\"@type\":\"ImageObject\",\"inLanguage\":\"it-IT\",\"@id\":\"https:\\\/\\\/turijnmagazijn.jumpstone-dev.nl\\\/#\\\/schema\\\/logo\\\/image\\\/\",\"url\":\"https:\\\/\\\/turijnmagazijn.nl\\\/wp-content\\\/uploads\\\/2021\\\/02\\\/turijnmagazijnlogo.png\",\"contentUrl\":\"https:\\\/\\\/turijnmagazijn.nl\\\/wp-content\\\/uploads\\\/2021\\\/02\\\/turijnmagazijnlogo.png\",\"width\":555,\"height\":270,\"caption\":\"Turijnmagazijn\"},\"image\":{\"@id\":\"https:\\\/\\\/turijnmagazijn.jumpstone-dev.nl\\\/#\\\/schema\\\/logo\\\/image\\\/\"},\"sameAs\":[\"https:\\\/\\\/www.facebook.com\\\/turijnmagazijn\"]}]}<\/script>\n<!-- \/ Yoast SEO plugin. -->","yoast_head_json":{"title":"Rel\u00e8 argento 30A Fiat Lancia Alfa Romeo BOSCH 0 332 014 140 - Turijnmagazijn","robots":{"index":"index","follow":"follow","max-snippet":"max-snippet:-1","max-image-preview":"max-image-preview:large","max-video-preview":"max-video-preview:-1"},"canonical":"https:\/\/turijnmagazijn.nl\/it\/prodotto\/rele-argento-30a-fiat-lancia-alfa-romeo-bosch-0-332-014-140\/","og_locale":"it_IT","og_type":"article","og_title":"Rel\u00e8 argento 30A Fiat Lancia Alfa Romeo BOSCH 0 332 014 140 - Turijnmagazijn","og_description":"Rel\u00e8 argento 30A Fiat Lancia Alfa Romeo BOSCH 0 332 014 140 - Rel\u00e8 usato 30 ampere in versione argento.","og_url":"https:\/\/turijnmagazijn.nl\/it\/prodotto\/rele-argento-30a-fiat-lancia-alfa-romeo-bosch-0-332-014-140\/","og_site_name":"Turijnmagazijn","article_publisher":"https:\/\/www.facebook.com\/turijnmagazijn","article_modified_time":"2023-07-27T10:18:02+00:00","og_image":[{"width":1024,"height":768,"url":"https:\/\/turijnmagazijn.nl\/wp-content\/uploads\/2023\/03\/DK00102262-Relais-zilver-30A-Fiat-Lancia-Alfa-Romeo-BOSCH-0-332-014-140-2-1.jpg","type":"image\/jpeg"}],"twitter_card":"summary_large_image","schema":{"@context":"https:\/\/schema.org","@graph":[{"@type":"WebPage","@id":"https:\/\/turijnmagazijn.nl\/it\/prodotto\/rele-argento-30a-fiat-lancia-alfa-romeo-bosch-0-332-014-140\/","url":"https:\/\/turijnmagazijn.nl\/it\/prodotto\/rele-argento-30a-fiat-lancia-alfa-romeo-bosch-0-332-014-140\/","name":"Rel\u00e8 argento 30A Fiat Lancia Alfa Romeo BOSCH 0 332 014 140 - Turijnmagazijn","isPartOf":{"@id":"https:\/\/turijnmagazijn.jumpstone-dev.nl\/#website"},"primaryImageOfPage":{"@id":"https:\/\/turijnmagazijn.nl\/it\/prodotto\/rele-argento-30a-fiat-lancia-alfa-romeo-bosch-0-332-014-140\/#primaryimage"},"image":{"@id":"https:\/\/turijnmagazijn.nl\/it\/prodotto\/rele-argento-30a-fiat-lancia-alfa-romeo-bosch-0-332-014-140\/#primaryimage"},"thumbnailUrl":"https:\/\/turijnmagazijn.nl\/wp-content\/uploads\/2023\/03\/DK00102262-Relais-zilver-30A-Fiat-Lancia-Alfa-Romeo-BOSCH-0-332-014-140-2-1.jpg","datePublished":"2023-03-03T08:19:50+00:00","dateModified":"2023-07-27T10:18:02+00:00","breadcrumb":{"@id":"https:\/\/turijnmagazijn.nl\/it\/prodotto\/rele-argento-30a-fiat-lancia-alfa-romeo-bosch-0-332-014-140\/#breadcrumb"},"inLanguage":"it-IT","potentialAction":[{"@type":"ReadAction","target":["https:\/\/turijnmagazijn.nl\/it\/prodotto\/rele-argento-30a-fiat-lancia-alfa-romeo-bosch-0-332-014-140\/"]}]},{"@type":"ImageObject","inLanguage":"it-IT","@id":"https:\/\/turijnmagazijn.nl\/it\/prodotto\/rele-argento-30a-fiat-lancia-alfa-romeo-bosch-0-332-014-140\/#primaryimage","url":"https:\/\/turijnmagazijn.nl\/wp-content\/uploads\/2023\/03\/DK00102262-Relais-zilver-30A-Fiat-Lancia-Alfa-Romeo-BOSCH-0-332-014-140-2-1.jpg","contentUrl":"https:\/\/turijnmagazijn.nl\/wp-content\/uploads\/2023\/03\/DK00102262-Relais-zilver-30A-Fiat-Lancia-Alfa-Romeo-BOSCH-0-332-014-140-2-1.jpg","width":1024,"height":768},{"@type":"BreadcrumbList","@id":"https:\/\/turijnmagazijn.nl\/it\/prodotto\/rele-argento-30a-fiat-lancia-alfa-romeo-bosch-0-332-014-140\/#breadcrumb","itemListElement":[{"@type":"ListItem","position":1,"name":"Home","item":"https:\/\/turijnmagazijn.nl\/it\/"},{"@type":"ListItem","position":2,"name":"Prodotti","item":"https:\/\/turijnmagazijn.nl\/it\/shop\/"},{"@type":"ListItem","position":3,"name":"Rel\u00e8 argento 30A Fiat Lancia Alfa Romeo BOSCH 0 332 014 140"}]},{"@type":"WebSite","@id":"https:\/\/turijnmagazijn.jumpstone-dev.nl\/#website","url":"https:\/\/turijnmagazijn.jumpstone-dev.nl\/","name":"Turijnmagazijn","description":"Onderdelen nieuw en gebruikt - Fiat &amp; Lancia","publisher":{"@id":"https:\/\/turijnmagazijn.jumpstone-dev.nl\/#organization"},"potentialAction":[{"@type":"SearchAction","target":{"@type":"EntryPoint","urlTemplate":"https:\/\/turijnmagazijn.jumpstone-dev.nl\/?s={search_term_string}"},"query-input":{"@type":"PropertyValueSpecification","valueRequired":true,"valueName":"search_term_string"}}],"inLanguage":"it-IT"},{"@type":"Organization","@id":"https:\/\/turijnmagazijn.jumpstone-dev.nl\/#organization","name":"Turijnmagazijn","url":"https:\/\/turijnmagazijn.jumpstone-dev.nl\/","logo":{"@type":"ImageObject","inLanguage":"it-IT","@id":"https:\/\/turijnmagazijn.jumpstone-dev.nl\/#\/schema\/logo\/image\/","url":"https:\/\/turijnmagazijn.nl\/wp-content\/uploads\/2021\/02\/turijnmagazijnlogo.png","contentUrl":"https:\/\/turijnmagazijn.nl\/wp-content\/uploads\/2021\/02\/turijnmagazijnlogo.png","width":555,"height":270,"caption":"Turijnmagazijn"},"image":{"@id":"https:\/\/turijnmagazijn.jumpstone-dev.nl\/#\/schema\/logo\/image\/"},"sameAs":["https:\/\/www.facebook.com\/turijnmagazijn"]}]}},"_links":{"self":[{"href":"https:\/\/turijnmagazijn.nl\/it\/wp-json\/wp\/v2\/product\/64913","targetHints":{"allow":["GET"]}}],"collection":[{"href":"https:\/\/turijnmagazijn.nl\/it\/wp-json\/wp\/v2\/product"}],"about":[{"href":"https:\/\/turijnmagazijn.nl\/it\/wp-json\/wp\/v2\/types\/product"}],"replies":[{"embeddable":true,"href":"https:\/\/turijnmagazijn.nl\/it\/wp-json\/wp\/v2\/comments?post=64913"}],"wp:featuredmedia":[{"embeddable":true,"href":"https:\/\/turijnmagazijn.nl\/it\/wp-json\/wp\/v2\/media\/47366"}],"wp:attachment":[{"href":"https:\/\/turijnmagazijn.nl\/it\/wp-json\/wp\/v2\/media?parent=64913"}],"wp:term":[{"taxonomy":"product_brand","embeddable":true,"href":"https:\/\/turijnmagazijn.nl\/it\/wp-json\/wp\/v2\/product_brand?post=64913"},{"taxonomy":"product_cat","embeddable":true,"href":"https:\/\/turijnmagazijn.nl\/it\/wp-json\/wp\/v2\/product_cat?post=64913"},{"taxonomy":"product_tag","embeddable":true,"href":"https:\/\/turijnmagazijn.nl\/it\/wp-json\/wp\/v2\/product_tag?post=64913"}],"curies":[{"name":"wp","href":"https:\/\/api.w.org\/{rel}","templated":true}]}}