{"id":64944,"date":"2023-03-03T09:20:35","date_gmt":"2023-03-03T08:20:35","guid":{"rendered":"https:\/\/turijnmagazijn.nl\/product\/pannello-interruttore-illuminazione-secondaria-lancia-kappa-grigio\/"},"modified":"2023-07-27T12:19:39","modified_gmt":"2023-07-27T10:19:39","slug":"pannello-interruttore-illuminazione-secondaria-lancia-kappa-grigio","status":"publish","type":"product","link":"https:\/\/turijnmagazijn.nl\/it\/prodotto\/pannello-interruttore-illuminazione-secondaria-lancia-kappa-grigio\/","title":{"rendered":"Pannello interruttore illuminazione secondaria Lancia Kappa grigio"},"content":{"rendered":"<p>Blocco interruttore per il montaggio in versione grigia del cruscotto a sinistra del volante per Lancia Kappa, uguale per tutti i modelli, applicabile quindi anche a Coup\u00e9 e SW. Il blocco interruttori include l&#8217;interruttore per i fendinebbia posteriori.<\/p>\n<\/p>\n<p>Questa versione \u00e8 con l&#8217;interruttore per fendinebbia anteriori.<\/p>\n<p>Inoltre, il blocco \u00e8 dotato dell&#8217;interruttore di altezza per l&#8217;impostazione dell&#8217;altezza del faro. L&#8217;unit\u00e0 \u00e8 in ottime condizioni.<\/p>\n<p>Da una berlina Lancia Kappa costruita nel 1996.<\/p>\n<p>I pulsanti e la cornice in gesso sono intercambiabili con la vecchia unit\u00e0, se lo si desidera. Questa unit\u00e0 pu\u00f2 quindi essere utilizzata anche in un cruscotto nero, se il telaio \u00e8 ancora in buone condizioni, pu\u00f2 essere trasferito.<\/p>\n<p>OEM Lancia<span style=\"color: rgb(6, 45, 104); font-family: Verdana; font-size: 8pt; text-align: right;\">177255460<\/span>&nbsp;<\/p>\n","protected":false},"excerpt":{"rendered":"<p>Pannello interruttore illuminazione secondaria Lancia Kappa &#8211; Blocco interruttore per montaggio in plancia sinistra accanto al volante per Lancia Kappa, uguale per tutti i modelli, quindi applicabile anche a Coup\u00e9 e SW. Pannello elettrico illuminazione secondaria Lancia KappaS<\/p>\n","protected":false},"featured_media":47830,"comment_status":"open","ping_status":"closed","template":"","meta":{"_acf_changed":false},"product_brand":[],"product_cat":[1866,1857,1800,1871],"product_tag":[],"class_list":{"0":"post-64944","1":"product","2":"type-product","3":"status-publish","4":"has-post-thumbnail","6":"product_cat-coupe-it","7":"product_cat-kappa-838-it","8":"product_cat-lancia-it","9":"product_cat-sw-it","10":"pa_soort-onderdeel-corpo-e-lamiera","11":"pa_soort-onderdeel-cruscotto-e-interruttori","13":"first","14":"instock","15":"shipping-taxable","16":"purchasable","17":"product-type-simple"},"acf":[],"yoast_head":"<!-- This site is optimized with the Yoast SEO plugin v27.3 - https:\/\/yoast.com\/product\/yoast-seo-wordpress\/ -->\n<title>Pannello interruttore illuminazione secondaria Lancia Kappa grigio - Turijnmagazijn<\/title>\n<meta name=\"robots\" content=\"index, follow, max-snippet:-1, max-image-preview:large, max-video-preview:-1\" \/>\n<link rel=\"canonical\" href=\"https:\/\/turijnmagazijn.nl\/it\/prodotto\/pannello-interruttore-illuminazione-secondaria-lancia-kappa-grigio\/\" \/>\n<meta property=\"og:locale\" content=\"it_IT\" \/>\n<meta property=\"og:type\" content=\"article\" \/>\n<meta property=\"og:title\" content=\"Pannello interruttore illuminazione secondaria Lancia Kappa grigio - Turijnmagazijn\" \/>\n<meta property=\"og:description\" content=\"Pannello interruttore illuminazione secondaria Lancia Kappa - Blocco interruttore per montaggio in plancia sinistra accanto al volante per Lancia Kappa, uguale per tutti i modelli, quindi applicabile anche a Coup\u00e9 e SW. Pannello elettrico illuminazione secondaria Lancia KappaS\" \/>\n<meta property=\"og:url\" content=\"https:\/\/turijnmagazijn.nl\/it\/prodotto\/pannello-interruttore-illuminazione-secondaria-lancia-kappa-grigio\/\" \/>\n<meta property=\"og:site_name\" content=\"Turijnmagazijn\" \/>\n<meta property=\"article:publisher\" content=\"https:\/\/www.facebook.com\/turijnmagazijn\" \/>\n<meta property=\"article:modified_time\" content=\"2023-07-27T10:19:39+00:00\" \/>\n<meta property=\"og:image\" content=\"https:\/\/turijnmagazijn.nl\/wp-content\/uploads\/2023\/03\/DK00102289-Schakelaarpaneel-secundaire-verlichting-Lancia-Kappa-grijs-4-1.jpg\" \/>\n\t<meta property=\"og:image:width\" content=\"1024\" \/>\n\t<meta property=\"og:image:height\" content=\"768\" \/>\n\t<meta property=\"og:image:type\" content=\"image\/jpeg\" \/>\n<meta name=\"twitter:card\" content=\"summary_large_image\" \/>\n<meta name=\"twitter:label1\" content=\"Tempo di lettura stimato\" \/>\n\t<meta name=\"twitter:data1\" content=\"1 minuto\" \/>\n<script type=\"application\/ld+json\" class=\"yoast-schema-graph\">{\"@context\":\"https:\\\/\\\/schema.org\",\"@graph\":[{\"@type\":\"WebPage\",\"@id\":\"https:\\\/\\\/turijnmagazijn.nl\\\/it\\\/prodotto\\\/pannello-interruttore-illuminazione-secondaria-lancia-kappa-grigio\\\/\",\"url\":\"https:\\\/\\\/turijnmagazijn.nl\\\/it\\\/prodotto\\\/pannello-interruttore-illuminazione-secondaria-lancia-kappa-grigio\\\/\",\"name\":\"Pannello interruttore illuminazione secondaria Lancia Kappa grigio - Turijnmagazijn\",\"isPartOf\":{\"@id\":\"https:\\\/\\\/turijnmagazijn.jumpstone-dev.nl\\\/#website\"},\"primaryImageOfPage\":{\"@id\":\"https:\\\/\\\/turijnmagazijn.nl\\\/it\\\/prodotto\\\/pannello-interruttore-illuminazione-secondaria-lancia-kappa-grigio\\\/#primaryimage\"},\"image\":{\"@id\":\"https:\\\/\\\/turijnmagazijn.nl\\\/it\\\/prodotto\\\/pannello-interruttore-illuminazione-secondaria-lancia-kappa-grigio\\\/#primaryimage\"},\"thumbnailUrl\":\"https:\\\/\\\/turijnmagazijn.nl\\\/wp-content\\\/uploads\\\/2023\\\/03\\\/DK00102289-Schakelaarpaneel-secundaire-verlichting-Lancia-Kappa-grijs-4-1.jpg\",\"datePublished\":\"2023-03-03T08:20:35+00:00\",\"dateModified\":\"2023-07-27T10:19:39+00:00\",\"breadcrumb\":{\"@id\":\"https:\\\/\\\/turijnmagazijn.nl\\\/it\\\/prodotto\\\/pannello-interruttore-illuminazione-secondaria-lancia-kappa-grigio\\\/#breadcrumb\"},\"inLanguage\":\"it-IT\",\"potentialAction\":[{\"@type\":\"ReadAction\",\"target\":[\"https:\\\/\\\/turijnmagazijn.nl\\\/it\\\/prodotto\\\/pannello-interruttore-illuminazione-secondaria-lancia-kappa-grigio\\\/\"]}]},{\"@type\":\"ImageObject\",\"inLanguage\":\"it-IT\",\"@id\":\"https:\\\/\\\/turijnmagazijn.nl\\\/it\\\/prodotto\\\/pannello-interruttore-illuminazione-secondaria-lancia-kappa-grigio\\\/#primaryimage\",\"url\":\"https:\\\/\\\/turijnmagazijn.nl\\\/wp-content\\\/uploads\\\/2023\\\/03\\\/DK00102289-Schakelaarpaneel-secundaire-verlichting-Lancia-Kappa-grijs-4-1.jpg\",\"contentUrl\":\"https:\\\/\\\/turijnmagazijn.nl\\\/wp-content\\\/uploads\\\/2023\\\/03\\\/DK00102289-Schakelaarpaneel-secundaire-verlichting-Lancia-Kappa-grijs-4-1.jpg\",\"width\":1024,\"height\":768},{\"@type\":\"BreadcrumbList\",\"@id\":\"https:\\\/\\\/turijnmagazijn.nl\\\/it\\\/prodotto\\\/pannello-interruttore-illuminazione-secondaria-lancia-kappa-grigio\\\/#breadcrumb\",\"itemListElement\":[{\"@type\":\"ListItem\",\"position\":1,\"name\":\"Home\",\"item\":\"https:\\\/\\\/turijnmagazijn.nl\\\/it\\\/\"},{\"@type\":\"ListItem\",\"position\":2,\"name\":\"Prodotti\",\"item\":\"https:\\\/\\\/turijnmagazijn.nl\\\/it\\\/shop\\\/\"},{\"@type\":\"ListItem\",\"position\":3,\"name\":\"Pannello interruttore illuminazione secondaria Lancia Kappa grigio\"}]},{\"@type\":\"WebSite\",\"@id\":\"https:\\\/\\\/turijnmagazijn.jumpstone-dev.nl\\\/#website\",\"url\":\"https:\\\/\\\/turijnmagazijn.jumpstone-dev.nl\\\/\",\"name\":\"Turijnmagazijn\",\"description\":\"Onderdelen nieuw en gebruikt - Fiat &amp; Lancia\",\"publisher\":{\"@id\":\"https:\\\/\\\/turijnmagazijn.jumpstone-dev.nl\\\/#organization\"},\"potentialAction\":[{\"@type\":\"SearchAction\",\"target\":{\"@type\":\"EntryPoint\",\"urlTemplate\":\"https:\\\/\\\/turijnmagazijn.jumpstone-dev.nl\\\/?s={search_term_string}\"},\"query-input\":{\"@type\":\"PropertyValueSpecification\",\"valueRequired\":true,\"valueName\":\"search_term_string\"}}],\"inLanguage\":\"it-IT\"},{\"@type\":\"Organization\",\"@id\":\"https:\\\/\\\/turijnmagazijn.jumpstone-dev.nl\\\/#organization\",\"name\":\"Turijnmagazijn\",\"url\":\"https:\\\/\\\/turijnmagazijn.jumpstone-dev.nl\\\/\",\"logo\":{\"@type\":\"ImageObject\",\"inLanguage\":\"it-IT\",\"@id\":\"https:\\\/\\\/turijnmagazijn.jumpstone-dev.nl\\\/#\\\/schema\\\/logo\\\/image\\\/\",\"url\":\"https:\\\/\\\/turijnmagazijn.nl\\\/wp-content\\\/uploads\\\/2021\\\/02\\\/turijnmagazijnlogo.png\",\"contentUrl\":\"https:\\\/\\\/turijnmagazijn.nl\\\/wp-content\\\/uploads\\\/2021\\\/02\\\/turijnmagazijnlogo.png\",\"width\":555,\"height\":270,\"caption\":\"Turijnmagazijn\"},\"image\":{\"@id\":\"https:\\\/\\\/turijnmagazijn.jumpstone-dev.nl\\\/#\\\/schema\\\/logo\\\/image\\\/\"},\"sameAs\":[\"https:\\\/\\\/www.facebook.com\\\/turijnmagazijn\"]}]}<\/script>\n<!-- \/ Yoast SEO plugin. -->","yoast_head_json":{"title":"Pannello interruttore illuminazione secondaria Lancia Kappa grigio - Turijnmagazijn","robots":{"index":"index","follow":"follow","max-snippet":"max-snippet:-1","max-image-preview":"max-image-preview:large","max-video-preview":"max-video-preview:-1"},"canonical":"https:\/\/turijnmagazijn.nl\/it\/prodotto\/pannello-interruttore-illuminazione-secondaria-lancia-kappa-grigio\/","og_locale":"it_IT","og_type":"article","og_title":"Pannello interruttore illuminazione secondaria Lancia Kappa grigio - Turijnmagazijn","og_description":"Pannello interruttore illuminazione secondaria Lancia Kappa - Blocco interruttore per montaggio in plancia sinistra accanto al volante per Lancia Kappa, uguale per tutti i modelli, quindi applicabile anche a Coup\u00e9 e SW. Pannello elettrico illuminazione secondaria Lancia KappaS","og_url":"https:\/\/turijnmagazijn.nl\/it\/prodotto\/pannello-interruttore-illuminazione-secondaria-lancia-kappa-grigio\/","og_site_name":"Turijnmagazijn","article_publisher":"https:\/\/www.facebook.com\/turijnmagazijn","article_modified_time":"2023-07-27T10:19:39+00:00","og_image":[{"width":1024,"height":768,"url":"https:\/\/turijnmagazijn.nl\/wp-content\/uploads\/2023\/03\/DK00102289-Schakelaarpaneel-secundaire-verlichting-Lancia-Kappa-grijs-4-1.jpg","type":"image\/jpeg"}],"twitter_card":"summary_large_image","twitter_misc":{"Tempo di lettura stimato":"1 minuto"},"schema":{"@context":"https:\/\/schema.org","@graph":[{"@type":"WebPage","@id":"https:\/\/turijnmagazijn.nl\/it\/prodotto\/pannello-interruttore-illuminazione-secondaria-lancia-kappa-grigio\/","url":"https:\/\/turijnmagazijn.nl\/it\/prodotto\/pannello-interruttore-illuminazione-secondaria-lancia-kappa-grigio\/","name":"Pannello interruttore illuminazione secondaria Lancia Kappa grigio - Turijnmagazijn","isPartOf":{"@id":"https:\/\/turijnmagazijn.jumpstone-dev.nl\/#website"},"primaryImageOfPage":{"@id":"https:\/\/turijnmagazijn.nl\/it\/prodotto\/pannello-interruttore-illuminazione-secondaria-lancia-kappa-grigio\/#primaryimage"},"image":{"@id":"https:\/\/turijnmagazijn.nl\/it\/prodotto\/pannello-interruttore-illuminazione-secondaria-lancia-kappa-grigio\/#primaryimage"},"thumbnailUrl":"https:\/\/turijnmagazijn.nl\/wp-content\/uploads\/2023\/03\/DK00102289-Schakelaarpaneel-secundaire-verlichting-Lancia-Kappa-grijs-4-1.jpg","datePublished":"2023-03-03T08:20:35+00:00","dateModified":"2023-07-27T10:19:39+00:00","breadcrumb":{"@id":"https:\/\/turijnmagazijn.nl\/it\/prodotto\/pannello-interruttore-illuminazione-secondaria-lancia-kappa-grigio\/#breadcrumb"},"inLanguage":"it-IT","potentialAction":[{"@type":"ReadAction","target":["https:\/\/turijnmagazijn.nl\/it\/prodotto\/pannello-interruttore-illuminazione-secondaria-lancia-kappa-grigio\/"]}]},{"@type":"ImageObject","inLanguage":"it-IT","@id":"https:\/\/turijnmagazijn.nl\/it\/prodotto\/pannello-interruttore-illuminazione-secondaria-lancia-kappa-grigio\/#primaryimage","url":"https:\/\/turijnmagazijn.nl\/wp-content\/uploads\/2023\/03\/DK00102289-Schakelaarpaneel-secundaire-verlichting-Lancia-Kappa-grijs-4-1.jpg","contentUrl":"https:\/\/turijnmagazijn.nl\/wp-content\/uploads\/2023\/03\/DK00102289-Schakelaarpaneel-secundaire-verlichting-Lancia-Kappa-grijs-4-1.jpg","width":1024,"height":768},{"@type":"BreadcrumbList","@id":"https:\/\/turijnmagazijn.nl\/it\/prodotto\/pannello-interruttore-illuminazione-secondaria-lancia-kappa-grigio\/#breadcrumb","itemListElement":[{"@type":"ListItem","position":1,"name":"Home","item":"https:\/\/turijnmagazijn.nl\/it\/"},{"@type":"ListItem","position":2,"name":"Prodotti","item":"https:\/\/turijnmagazijn.nl\/it\/shop\/"},{"@type":"ListItem","position":3,"name":"Pannello interruttore illuminazione secondaria Lancia Kappa grigio"}]},{"@type":"WebSite","@id":"https:\/\/turijnmagazijn.jumpstone-dev.nl\/#website","url":"https:\/\/turijnmagazijn.jumpstone-dev.nl\/","name":"Turijnmagazijn","description":"Onderdelen nieuw en gebruikt - Fiat &amp; Lancia","publisher":{"@id":"https:\/\/turijnmagazijn.jumpstone-dev.nl\/#organization"},"potentialAction":[{"@type":"SearchAction","target":{"@type":"EntryPoint","urlTemplate":"https:\/\/turijnmagazijn.jumpstone-dev.nl\/?s={search_term_string}"},"query-input":{"@type":"PropertyValueSpecification","valueRequired":true,"valueName":"search_term_string"}}],"inLanguage":"it-IT"},{"@type":"Organization","@id":"https:\/\/turijnmagazijn.jumpstone-dev.nl\/#organization","name":"Turijnmagazijn","url":"https:\/\/turijnmagazijn.jumpstone-dev.nl\/","logo":{"@type":"ImageObject","inLanguage":"it-IT","@id":"https:\/\/turijnmagazijn.jumpstone-dev.nl\/#\/schema\/logo\/image\/","url":"https:\/\/turijnmagazijn.nl\/wp-content\/uploads\/2021\/02\/turijnmagazijnlogo.png","contentUrl":"https:\/\/turijnmagazijn.nl\/wp-content\/uploads\/2021\/02\/turijnmagazijnlogo.png","width":555,"height":270,"caption":"Turijnmagazijn"},"image":{"@id":"https:\/\/turijnmagazijn.jumpstone-dev.nl\/#\/schema\/logo\/image\/"},"sameAs":["https:\/\/www.facebook.com\/turijnmagazijn"]}]}},"_links":{"self":[{"href":"https:\/\/turijnmagazijn.nl\/it\/wp-json\/wp\/v2\/product\/64944","targetHints":{"allow":["GET"]}}],"collection":[{"href":"https:\/\/turijnmagazijn.nl\/it\/wp-json\/wp\/v2\/product"}],"about":[{"href":"https:\/\/turijnmagazijn.nl\/it\/wp-json\/wp\/v2\/types\/product"}],"replies":[{"embeddable":true,"href":"https:\/\/turijnmagazijn.nl\/it\/wp-json\/wp\/v2\/comments?post=64944"}],"wp:featuredmedia":[{"embeddable":true,"href":"https:\/\/turijnmagazijn.nl\/it\/wp-json\/wp\/v2\/media\/47830"}],"wp:attachment":[{"href":"https:\/\/turijnmagazijn.nl\/it\/wp-json\/wp\/v2\/media?parent=64944"}],"wp:term":[{"taxonomy":"product_brand","embeddable":true,"href":"https:\/\/turijnmagazijn.nl\/it\/wp-json\/wp\/v2\/product_brand?post=64944"},{"taxonomy":"product_cat","embeddable":true,"href":"https:\/\/turijnmagazijn.nl\/it\/wp-json\/wp\/v2\/product_cat?post=64944"},{"taxonomy":"product_tag","embeddable":true,"href":"https:\/\/turijnmagazijn.nl\/it\/wp-json\/wp\/v2\/product_tag?post=64944"}],"curies":[{"name":"wp","href":"https:\/\/api.w.org\/{rel}","templated":true}]}}