{"id":65308,"date":"2023-03-03T09:25:34","date_gmt":"2023-03-03T08:25:34","guid":{"rendered":"https:\/\/turijnmagazijn.nl\/product\/transponder-computer-lettore-2-chip-blocco-accensione-alfa-156\/"},"modified":"2023-07-27T12:26:16","modified_gmt":"2023-07-27T10:26:16","slug":"transponder-computer-lettore-2-chip-accensione-blocco-alfa-156","status":"publish","type":"product","link":"https:\/\/turijnmagazijn.nl\/it\/prodotto\/transponder-computer-lettore-2-chip-accensione-blocco-alfa-156\/","title":{"rendered":"Transponder Computer + lettore + 2 chip Blocco accensione Alfa 156"},"content":{"rendered":"<p>Set usato composto da 2 chip transponder e la corrispondente apparecchiatura di lettura. Nei primi modelli dell&#8217;Alfa 156, i sistemi per lo scambio dei codici chiave tra ECU e blocco dell&#8217;accensione non sono ancora collegati. Quelle auto costruite prima del 2000 \u00e8 possibile sostituire il computer transponder senza la necessit\u00e0 di imparare (che di solito \u00e8 una questione costosa) dei nuovi chip transponder.<\/p>\n<p>I chip si adattano allo spazio designato nella parte anteriore della casa delle chiavi. Con un piccolo cacciavite sono facili da cambiare.<\/p>\n<p>Si tratta di un set coordinato correttamente funzionante smontato da un&#8217;Alfa 156 dell&#8217;anno 1999.<\/p>\n<p>OEM Alfa Romeo 60653687<\/p>\n","protected":false},"excerpt":{"rendered":"<p>Computer transponder + lettore + 2 chip Blocco accensione Alfa 156 &#8211; Set usato composto da 2 chip transponder e la corrispondente apparecchiatura di lettura.<\/p>\n","protected":false},"featured_media":49890,"comment_status":"open","ping_status":"closed","template":"","meta":{"_acf_changed":false},"product_brand":[],"product_cat":[1614,1583],"product_tag":[],"class_list":{"0":"post-65308","1":"product","2":"type-product","3":"status-publish","4":"has-post-thumbnail","6":"product_cat-156-932-it","7":"product_cat-alfa-romeo-it","8":"pa_soort-onderdeel-cruscotto-e-interruttori","10":"first","11":"instock","12":"shipping-taxable","13":"purchasable","14":"product-type-simple"},"acf":[],"yoast_head":"<!-- This site is optimized with the Yoast SEO plugin v27.3 - https:\/\/yoast.com\/product\/yoast-seo-wordpress\/ -->\n<title>Transponder Computer + lettore + 2 chip Blocco accensione Alfa 156 - Turijnmagazijn<\/title>\n<meta name=\"robots\" content=\"index, follow, max-snippet:-1, max-image-preview:large, max-video-preview:-1\" \/>\n<link rel=\"canonical\" href=\"https:\/\/turijnmagazijn.nl\/it\/prodotto\/transponder-computer-lettore-2-chip-accensione-blocco-alfa-156\/\" \/>\n<meta property=\"og:locale\" content=\"it_IT\" \/>\n<meta property=\"og:type\" content=\"article\" \/>\n<meta property=\"og:title\" content=\"Transponder Computer + lettore + 2 chip Blocco accensione Alfa 156 - Turijnmagazijn\" \/>\n<meta property=\"og:description\" content=\"Computer transponder + lettore + 2 chip Blocco accensione Alfa 156 - Set usato composto da 2 chip transponder e la corrispondente apparecchiatura di lettura.\" \/>\n<meta property=\"og:url\" content=\"https:\/\/turijnmagazijn.nl\/it\/prodotto\/transponder-computer-lettore-2-chip-accensione-blocco-alfa-156\/\" \/>\n<meta property=\"og:site_name\" content=\"Turijnmagazijn\" \/>\n<meta property=\"article:publisher\" content=\"https:\/\/www.facebook.com\/turijnmagazijn\" \/>\n<meta property=\"article:modified_time\" content=\"2023-07-27T10:26:16+00:00\" \/>\n<meta property=\"og:image\" content=\"https:\/\/turijnmagazijn.nl\/wp-content\/uploads\/2023\/03\/DK0010239620Transponder20Computer2020lezer2020220chips20Contactslot20Alfa20156203.jpg\" \/>\n\t<meta property=\"og:image:width\" content=\"1024\" \/>\n\t<meta property=\"og:image:height\" content=\"768\" \/>\n\t<meta property=\"og:image:type\" content=\"image\/jpeg\" \/>\n<meta name=\"twitter:card\" content=\"summary_large_image\" \/>\n<script type=\"application\/ld+json\" class=\"yoast-schema-graph\">{\"@context\":\"https:\\\/\\\/schema.org\",\"@graph\":[{\"@type\":\"WebPage\",\"@id\":\"https:\\\/\\\/turijnmagazijn.nl\\\/it\\\/prodotto\\\/transponder-computer-lettore-2-chip-accensione-blocco-alfa-156\\\/\",\"url\":\"https:\\\/\\\/turijnmagazijn.nl\\\/it\\\/prodotto\\\/transponder-computer-lettore-2-chip-accensione-blocco-alfa-156\\\/\",\"name\":\"Transponder Computer + lettore + 2 chip Blocco accensione Alfa 156 - Turijnmagazijn\",\"isPartOf\":{\"@id\":\"https:\\\/\\\/turijnmagazijn.jumpstone-dev.nl\\\/#website\"},\"primaryImageOfPage\":{\"@id\":\"https:\\\/\\\/turijnmagazijn.nl\\\/it\\\/prodotto\\\/transponder-computer-lettore-2-chip-accensione-blocco-alfa-156\\\/#primaryimage\"},\"image\":{\"@id\":\"https:\\\/\\\/turijnmagazijn.nl\\\/it\\\/prodotto\\\/transponder-computer-lettore-2-chip-accensione-blocco-alfa-156\\\/#primaryimage\"},\"thumbnailUrl\":\"https:\\\/\\\/turijnmagazijn.nl\\\/wp-content\\\/uploads\\\/2023\\\/03\\\/DK0010239620Transponder20Computer2020lezer2020220chips20Contactslot20Alfa20156203.jpg\",\"datePublished\":\"2023-03-03T08:25:34+00:00\",\"dateModified\":\"2023-07-27T10:26:16+00:00\",\"breadcrumb\":{\"@id\":\"https:\\\/\\\/turijnmagazijn.nl\\\/it\\\/prodotto\\\/transponder-computer-lettore-2-chip-accensione-blocco-alfa-156\\\/#breadcrumb\"},\"inLanguage\":\"it-IT\",\"potentialAction\":[{\"@type\":\"ReadAction\",\"target\":[\"https:\\\/\\\/turijnmagazijn.nl\\\/it\\\/prodotto\\\/transponder-computer-lettore-2-chip-accensione-blocco-alfa-156\\\/\"]}]},{\"@type\":\"ImageObject\",\"inLanguage\":\"it-IT\",\"@id\":\"https:\\\/\\\/turijnmagazijn.nl\\\/it\\\/prodotto\\\/transponder-computer-lettore-2-chip-accensione-blocco-alfa-156\\\/#primaryimage\",\"url\":\"https:\\\/\\\/turijnmagazijn.nl\\\/wp-content\\\/uploads\\\/2023\\\/03\\\/DK0010239620Transponder20Computer2020lezer2020220chips20Contactslot20Alfa20156203.jpg\",\"contentUrl\":\"https:\\\/\\\/turijnmagazijn.nl\\\/wp-content\\\/uploads\\\/2023\\\/03\\\/DK0010239620Transponder20Computer2020lezer2020220chips20Contactslot20Alfa20156203.jpg\",\"width\":1024,\"height\":768},{\"@type\":\"BreadcrumbList\",\"@id\":\"https:\\\/\\\/turijnmagazijn.nl\\\/it\\\/prodotto\\\/transponder-computer-lettore-2-chip-accensione-blocco-alfa-156\\\/#breadcrumb\",\"itemListElement\":[{\"@type\":\"ListItem\",\"position\":1,\"name\":\"Home\",\"item\":\"https:\\\/\\\/turijnmagazijn.nl\\\/it\\\/\"},{\"@type\":\"ListItem\",\"position\":2,\"name\":\"Prodotti\",\"item\":\"https:\\\/\\\/turijnmagazijn.nl\\\/it\\\/shop\\\/\"},{\"@type\":\"ListItem\",\"position\":3,\"name\":\"Transponder Computer + lettore + 2 chip Blocco accensione Alfa 156\"}]},{\"@type\":\"WebSite\",\"@id\":\"https:\\\/\\\/turijnmagazijn.jumpstone-dev.nl\\\/#website\",\"url\":\"https:\\\/\\\/turijnmagazijn.jumpstone-dev.nl\\\/\",\"name\":\"Turijnmagazijn\",\"description\":\"Onderdelen nieuw en gebruikt - Fiat &amp; Lancia\",\"publisher\":{\"@id\":\"https:\\\/\\\/turijnmagazijn.jumpstone-dev.nl\\\/#organization\"},\"potentialAction\":[{\"@type\":\"SearchAction\",\"target\":{\"@type\":\"EntryPoint\",\"urlTemplate\":\"https:\\\/\\\/turijnmagazijn.jumpstone-dev.nl\\\/?s={search_term_string}\"},\"query-input\":{\"@type\":\"PropertyValueSpecification\",\"valueRequired\":true,\"valueName\":\"search_term_string\"}}],\"inLanguage\":\"it-IT\"},{\"@type\":\"Organization\",\"@id\":\"https:\\\/\\\/turijnmagazijn.jumpstone-dev.nl\\\/#organization\",\"name\":\"Turijnmagazijn\",\"url\":\"https:\\\/\\\/turijnmagazijn.jumpstone-dev.nl\\\/\",\"logo\":{\"@type\":\"ImageObject\",\"inLanguage\":\"it-IT\",\"@id\":\"https:\\\/\\\/turijnmagazijn.jumpstone-dev.nl\\\/#\\\/schema\\\/logo\\\/image\\\/\",\"url\":\"https:\\\/\\\/turijnmagazijn.nl\\\/wp-content\\\/uploads\\\/2021\\\/02\\\/turijnmagazijnlogo.png\",\"contentUrl\":\"https:\\\/\\\/turijnmagazijn.nl\\\/wp-content\\\/uploads\\\/2021\\\/02\\\/turijnmagazijnlogo.png\",\"width\":555,\"height\":270,\"caption\":\"Turijnmagazijn\"},\"image\":{\"@id\":\"https:\\\/\\\/turijnmagazijn.jumpstone-dev.nl\\\/#\\\/schema\\\/logo\\\/image\\\/\"},\"sameAs\":[\"https:\\\/\\\/www.facebook.com\\\/turijnmagazijn\"]}]}<\/script>\n<!-- \/ Yoast SEO plugin. -->","yoast_head_json":{"title":"Transponder Computer + lettore + 2 chip Blocco accensione Alfa 156 - Turijnmagazijn","robots":{"index":"index","follow":"follow","max-snippet":"max-snippet:-1","max-image-preview":"max-image-preview:large","max-video-preview":"max-video-preview:-1"},"canonical":"https:\/\/turijnmagazijn.nl\/it\/prodotto\/transponder-computer-lettore-2-chip-accensione-blocco-alfa-156\/","og_locale":"it_IT","og_type":"article","og_title":"Transponder Computer + lettore + 2 chip Blocco accensione Alfa 156 - Turijnmagazijn","og_description":"Computer transponder + lettore + 2 chip Blocco accensione Alfa 156 - Set usato composto da 2 chip transponder e la corrispondente apparecchiatura di lettura.","og_url":"https:\/\/turijnmagazijn.nl\/it\/prodotto\/transponder-computer-lettore-2-chip-accensione-blocco-alfa-156\/","og_site_name":"Turijnmagazijn","article_publisher":"https:\/\/www.facebook.com\/turijnmagazijn","article_modified_time":"2023-07-27T10:26:16+00:00","og_image":[{"width":1024,"height":768,"url":"https:\/\/turijnmagazijn.nl\/wp-content\/uploads\/2023\/03\/DK0010239620Transponder20Computer2020lezer2020220chips20Contactslot20Alfa20156203.jpg","type":"image\/jpeg"}],"twitter_card":"summary_large_image","schema":{"@context":"https:\/\/schema.org","@graph":[{"@type":"WebPage","@id":"https:\/\/turijnmagazijn.nl\/it\/prodotto\/transponder-computer-lettore-2-chip-accensione-blocco-alfa-156\/","url":"https:\/\/turijnmagazijn.nl\/it\/prodotto\/transponder-computer-lettore-2-chip-accensione-blocco-alfa-156\/","name":"Transponder Computer + lettore + 2 chip Blocco accensione Alfa 156 - Turijnmagazijn","isPartOf":{"@id":"https:\/\/turijnmagazijn.jumpstone-dev.nl\/#website"},"primaryImageOfPage":{"@id":"https:\/\/turijnmagazijn.nl\/it\/prodotto\/transponder-computer-lettore-2-chip-accensione-blocco-alfa-156\/#primaryimage"},"image":{"@id":"https:\/\/turijnmagazijn.nl\/it\/prodotto\/transponder-computer-lettore-2-chip-accensione-blocco-alfa-156\/#primaryimage"},"thumbnailUrl":"https:\/\/turijnmagazijn.nl\/wp-content\/uploads\/2023\/03\/DK0010239620Transponder20Computer2020lezer2020220chips20Contactslot20Alfa20156203.jpg","datePublished":"2023-03-03T08:25:34+00:00","dateModified":"2023-07-27T10:26:16+00:00","breadcrumb":{"@id":"https:\/\/turijnmagazijn.nl\/it\/prodotto\/transponder-computer-lettore-2-chip-accensione-blocco-alfa-156\/#breadcrumb"},"inLanguage":"it-IT","potentialAction":[{"@type":"ReadAction","target":["https:\/\/turijnmagazijn.nl\/it\/prodotto\/transponder-computer-lettore-2-chip-accensione-blocco-alfa-156\/"]}]},{"@type":"ImageObject","inLanguage":"it-IT","@id":"https:\/\/turijnmagazijn.nl\/it\/prodotto\/transponder-computer-lettore-2-chip-accensione-blocco-alfa-156\/#primaryimage","url":"https:\/\/turijnmagazijn.nl\/wp-content\/uploads\/2023\/03\/DK0010239620Transponder20Computer2020lezer2020220chips20Contactslot20Alfa20156203.jpg","contentUrl":"https:\/\/turijnmagazijn.nl\/wp-content\/uploads\/2023\/03\/DK0010239620Transponder20Computer2020lezer2020220chips20Contactslot20Alfa20156203.jpg","width":1024,"height":768},{"@type":"BreadcrumbList","@id":"https:\/\/turijnmagazijn.nl\/it\/prodotto\/transponder-computer-lettore-2-chip-accensione-blocco-alfa-156\/#breadcrumb","itemListElement":[{"@type":"ListItem","position":1,"name":"Home","item":"https:\/\/turijnmagazijn.nl\/it\/"},{"@type":"ListItem","position":2,"name":"Prodotti","item":"https:\/\/turijnmagazijn.nl\/it\/shop\/"},{"@type":"ListItem","position":3,"name":"Transponder Computer + lettore + 2 chip Blocco accensione Alfa 156"}]},{"@type":"WebSite","@id":"https:\/\/turijnmagazijn.jumpstone-dev.nl\/#website","url":"https:\/\/turijnmagazijn.jumpstone-dev.nl\/","name":"Turijnmagazijn","description":"Onderdelen nieuw en gebruikt - Fiat &amp; Lancia","publisher":{"@id":"https:\/\/turijnmagazijn.jumpstone-dev.nl\/#organization"},"potentialAction":[{"@type":"SearchAction","target":{"@type":"EntryPoint","urlTemplate":"https:\/\/turijnmagazijn.jumpstone-dev.nl\/?s={search_term_string}"},"query-input":{"@type":"PropertyValueSpecification","valueRequired":true,"valueName":"search_term_string"}}],"inLanguage":"it-IT"},{"@type":"Organization","@id":"https:\/\/turijnmagazijn.jumpstone-dev.nl\/#organization","name":"Turijnmagazijn","url":"https:\/\/turijnmagazijn.jumpstone-dev.nl\/","logo":{"@type":"ImageObject","inLanguage":"it-IT","@id":"https:\/\/turijnmagazijn.jumpstone-dev.nl\/#\/schema\/logo\/image\/","url":"https:\/\/turijnmagazijn.nl\/wp-content\/uploads\/2021\/02\/turijnmagazijnlogo.png","contentUrl":"https:\/\/turijnmagazijn.nl\/wp-content\/uploads\/2021\/02\/turijnmagazijnlogo.png","width":555,"height":270,"caption":"Turijnmagazijn"},"image":{"@id":"https:\/\/turijnmagazijn.jumpstone-dev.nl\/#\/schema\/logo\/image\/"},"sameAs":["https:\/\/www.facebook.com\/turijnmagazijn"]}]}},"_links":{"self":[{"href":"https:\/\/turijnmagazijn.nl\/it\/wp-json\/wp\/v2\/product\/65308","targetHints":{"allow":["GET"]}}],"collection":[{"href":"https:\/\/turijnmagazijn.nl\/it\/wp-json\/wp\/v2\/product"}],"about":[{"href":"https:\/\/turijnmagazijn.nl\/it\/wp-json\/wp\/v2\/types\/product"}],"replies":[{"embeddable":true,"href":"https:\/\/turijnmagazijn.nl\/it\/wp-json\/wp\/v2\/comments?post=65308"}],"wp:featuredmedia":[{"embeddable":true,"href":"https:\/\/turijnmagazijn.nl\/it\/wp-json\/wp\/v2\/media\/49890"}],"wp:attachment":[{"href":"https:\/\/turijnmagazijn.nl\/it\/wp-json\/wp\/v2\/media?parent=65308"}],"wp:term":[{"taxonomy":"product_brand","embeddable":true,"href":"https:\/\/turijnmagazijn.nl\/it\/wp-json\/wp\/v2\/product_brand?post=65308"},{"taxonomy":"product_cat","embeddable":true,"href":"https:\/\/turijnmagazijn.nl\/it\/wp-json\/wp\/v2\/product_cat?post=65308"},{"taxonomy":"product_tag","embeddable":true,"href":"https:\/\/turijnmagazijn.nl\/it\/wp-json\/wp\/v2\/product_tag?post=65308"}],"curies":[{"name":"wp","href":"https:\/\/api.w.org\/{rel}","templated":true}]}}