{"id":65321,"date":"2023-03-03T09:27:38","date_gmt":"2023-03-03T08:27:38","guid":{"rendered":"https:\/\/turijnmagazijn.nl\/product\/serratura-accensione-2-chiavi-con-telecomando-alfa-156\/"},"modified":"2023-07-27T12:27:11","modified_gmt":"2023-07-27T10:27:11","slug":"accensione-blocco-2-chiavi-con-telecomando-alfa-156","status":"publish","type":"product","link":"https:\/\/turijnmagazijn.nl\/it\/prodotto\/accensione-blocco-2-chiavi-con-telecomando-alfa-156\/","title":{"rendered":"Serratura accensione + 2 chiavi con telecomando Alfa 156"},"content":{"rendered":"<p>Blocco accensione usato con 2 chiavi danneggiate per Alfa Romeo 156. Applicabile alle automobili fino al 2002.<\/p>\n<p>Il blocco dell&#8217;accensione \u00e8 in buone condizioni ed \u00e8 completo di cilindro.<\/p>\n<p>Blocco dell&#8217;accensione OEM 60657419<\/p>\n<p>&nbsp;<\/p>\n<p>Le chiavi sono, come sempre con questo tipo di chiave, in cattive condizioni. La prima chiave \u00e8 rotta e consiste di 3 parti. La seconda chiave \u00e8 incrinata ma ancora 1 intero. Su entrambi i loghi c&#8217;\u00e8 un logo originale in buone condizioni.<\/p>\n<p>I tasti sono completi di circuito stampato e chip per il telecomando, ma SENZA il chip transponder. Puoi trasferirli dalle tue vecchie chiavi o farli re-insegnare da una societ\u00e0 specializzata.<\/p>\n<p>Entrambi i tasti mancano del pulsante di gomma per il pulsante del telecomando. Non \u00e8 noto se gli interruttori debbano essere sostituiti, quindi conta che anche questo debba essere fatto!<\/p>\n<p>Se vuoi mettere insieme un set perfetto, ti consigliamo di continuare sul nostro negozio online, abbiamo un pulsante in gomma imitazione e un alloggiamento imitazione all&#8217;originale. Se vuoi costruire una alpha 156 perfetta, usi solo le barbe chiave e il blocco di accensione di questo set.<\/p>\n<p>&nbsp;<\/p>\n<p>Chiave OEM con telecomando:<\/p>\n<p>156017384<\/p>\n<p>156028522<\/p>\n<div>156028633<\/div>\n<div>156035599<\/div>\n","protected":false},"excerpt":{"rendered":"<p>Serratura accensione + 2 chiavi con telecomando Alfa 156 &#8211; Serratura accensione usata con 2 chiavi danneggiate per Alfa Romeo 156.<\/p>\n","protected":false},"featured_media":50166,"comment_status":"open","ping_status":"closed","template":"","meta":{"_acf_changed":false},"product_brand":[],"product_cat":[1614,1583],"product_tag":[],"class_list":{"0":"post-65321","1":"product","2":"type-product","3":"status-publish","4":"has-post-thumbnail","6":"product_cat-156-932-it","7":"product_cat-alfa-romeo-it","8":"pa_soort-onderdeel-altre-parti-di-automobili","9":"pa_soort-onderdeel-cruscotto-e-interruttori","11":"first","12":"instock","13":"shipping-taxable","14":"purchasable","15":"product-type-simple"},"acf":[],"yoast_head":"<!-- This site is optimized with the Yoast SEO plugin v27.3 - https:\/\/yoast.com\/product\/yoast-seo-wordpress\/ -->\n<title>Serratura accensione + 2 chiavi con telecomando Alfa 156 - Turijnmagazijn<\/title>\n<meta name=\"robots\" content=\"index, follow, max-snippet:-1, max-image-preview:large, max-video-preview:-1\" \/>\n<link rel=\"canonical\" href=\"https:\/\/turijnmagazijn.nl\/it\/prodotto\/accensione-blocco-2-chiavi-con-telecomando-alfa-156\/\" \/>\n<meta property=\"og:locale\" content=\"it_IT\" \/>\n<meta property=\"og:type\" content=\"article\" \/>\n<meta property=\"og:title\" content=\"Serratura accensione + 2 chiavi con telecomando Alfa 156 - Turijnmagazijn\" \/>\n<meta property=\"og:description\" content=\"Serratura accensione + 2 chiavi con telecomando Alfa 156 - Serratura accensione usata con 2 chiavi danneggiate per Alfa Romeo 156.\" \/>\n<meta property=\"og:url\" content=\"https:\/\/turijnmagazijn.nl\/it\/prodotto\/accensione-blocco-2-chiavi-con-telecomando-alfa-156\/\" \/>\n<meta property=\"og:site_name\" content=\"Turijnmagazijn\" \/>\n<meta property=\"article:publisher\" content=\"https:\/\/www.facebook.com\/turijnmagazijn\" \/>\n<meta property=\"article:modified_time\" content=\"2023-07-27T10:27:11+00:00\" \/>\n<meta property=\"og:image\" content=\"https:\/\/turijnmagazijn.nl\/wp-content\/uploads\/2023\/03\/DK0010240620Contactslot2020220sleutels20met20afstandbediening20Alfa20156201-rotated-1.jpg\" \/>\n\t<meta property=\"og:image:width\" content=\"768\" \/>\n\t<meta property=\"og:image:height\" content=\"1024\" \/>\n\t<meta property=\"og:image:type\" content=\"image\/jpeg\" \/>\n<meta name=\"twitter:card\" content=\"summary_large_image\" \/>\n<meta name=\"twitter:label1\" content=\"Tempo di lettura stimato\" \/>\n\t<meta name=\"twitter:data1\" content=\"1 minuto\" \/>\n<script type=\"application\/ld+json\" class=\"yoast-schema-graph\">{\"@context\":\"https:\\\/\\\/schema.org\",\"@graph\":[{\"@type\":\"WebPage\",\"@id\":\"https:\\\/\\\/turijnmagazijn.nl\\\/it\\\/prodotto\\\/accensione-blocco-2-chiavi-con-telecomando-alfa-156\\\/\",\"url\":\"https:\\\/\\\/turijnmagazijn.nl\\\/it\\\/prodotto\\\/accensione-blocco-2-chiavi-con-telecomando-alfa-156\\\/\",\"name\":\"Serratura accensione + 2 chiavi con telecomando Alfa 156 - Turijnmagazijn\",\"isPartOf\":{\"@id\":\"https:\\\/\\\/turijnmagazijn.jumpstone-dev.nl\\\/#website\"},\"primaryImageOfPage\":{\"@id\":\"https:\\\/\\\/turijnmagazijn.nl\\\/it\\\/prodotto\\\/accensione-blocco-2-chiavi-con-telecomando-alfa-156\\\/#primaryimage\"},\"image\":{\"@id\":\"https:\\\/\\\/turijnmagazijn.nl\\\/it\\\/prodotto\\\/accensione-blocco-2-chiavi-con-telecomando-alfa-156\\\/#primaryimage\"},\"thumbnailUrl\":\"https:\\\/\\\/turijnmagazijn.nl\\\/wp-content\\\/uploads\\\/2023\\\/03\\\/DK0010240620Contactslot2020220sleutels20met20afstandbediening20Alfa20156201-rotated-1.jpg\",\"datePublished\":\"2023-03-03T08:27:38+00:00\",\"dateModified\":\"2023-07-27T10:27:11+00:00\",\"breadcrumb\":{\"@id\":\"https:\\\/\\\/turijnmagazijn.nl\\\/it\\\/prodotto\\\/accensione-blocco-2-chiavi-con-telecomando-alfa-156\\\/#breadcrumb\"},\"inLanguage\":\"it-IT\",\"potentialAction\":[{\"@type\":\"ReadAction\",\"target\":[\"https:\\\/\\\/turijnmagazijn.nl\\\/it\\\/prodotto\\\/accensione-blocco-2-chiavi-con-telecomando-alfa-156\\\/\"]}]},{\"@type\":\"ImageObject\",\"inLanguage\":\"it-IT\",\"@id\":\"https:\\\/\\\/turijnmagazijn.nl\\\/it\\\/prodotto\\\/accensione-blocco-2-chiavi-con-telecomando-alfa-156\\\/#primaryimage\",\"url\":\"https:\\\/\\\/turijnmagazijn.nl\\\/wp-content\\\/uploads\\\/2023\\\/03\\\/DK0010240620Contactslot2020220sleutels20met20afstandbediening20Alfa20156201-rotated-1.jpg\",\"contentUrl\":\"https:\\\/\\\/turijnmagazijn.nl\\\/wp-content\\\/uploads\\\/2023\\\/03\\\/DK0010240620Contactslot2020220sleutels20met20afstandbediening20Alfa20156201-rotated-1.jpg\",\"width\":768,\"height\":1024},{\"@type\":\"BreadcrumbList\",\"@id\":\"https:\\\/\\\/turijnmagazijn.nl\\\/it\\\/prodotto\\\/accensione-blocco-2-chiavi-con-telecomando-alfa-156\\\/#breadcrumb\",\"itemListElement\":[{\"@type\":\"ListItem\",\"position\":1,\"name\":\"Home\",\"item\":\"https:\\\/\\\/turijnmagazijn.nl\\\/it\\\/\"},{\"@type\":\"ListItem\",\"position\":2,\"name\":\"Prodotti\",\"item\":\"https:\\\/\\\/turijnmagazijn.nl\\\/it\\\/shop\\\/\"},{\"@type\":\"ListItem\",\"position\":3,\"name\":\"Serratura accensione + 2 chiavi con telecomando Alfa 156\"}]},{\"@type\":\"WebSite\",\"@id\":\"https:\\\/\\\/turijnmagazijn.jumpstone-dev.nl\\\/#website\",\"url\":\"https:\\\/\\\/turijnmagazijn.jumpstone-dev.nl\\\/\",\"name\":\"Turijnmagazijn\",\"description\":\"Onderdelen nieuw en gebruikt - Fiat &amp; Lancia\",\"publisher\":{\"@id\":\"https:\\\/\\\/turijnmagazijn.jumpstone-dev.nl\\\/#organization\"},\"potentialAction\":[{\"@type\":\"SearchAction\",\"target\":{\"@type\":\"EntryPoint\",\"urlTemplate\":\"https:\\\/\\\/turijnmagazijn.jumpstone-dev.nl\\\/?s={search_term_string}\"},\"query-input\":{\"@type\":\"PropertyValueSpecification\",\"valueRequired\":true,\"valueName\":\"search_term_string\"}}],\"inLanguage\":\"it-IT\"},{\"@type\":\"Organization\",\"@id\":\"https:\\\/\\\/turijnmagazijn.jumpstone-dev.nl\\\/#organization\",\"name\":\"Turijnmagazijn\",\"url\":\"https:\\\/\\\/turijnmagazijn.jumpstone-dev.nl\\\/\",\"logo\":{\"@type\":\"ImageObject\",\"inLanguage\":\"it-IT\",\"@id\":\"https:\\\/\\\/turijnmagazijn.jumpstone-dev.nl\\\/#\\\/schema\\\/logo\\\/image\\\/\",\"url\":\"https:\\\/\\\/turijnmagazijn.nl\\\/wp-content\\\/uploads\\\/2021\\\/02\\\/turijnmagazijnlogo.png\",\"contentUrl\":\"https:\\\/\\\/turijnmagazijn.nl\\\/wp-content\\\/uploads\\\/2021\\\/02\\\/turijnmagazijnlogo.png\",\"width\":555,\"height\":270,\"caption\":\"Turijnmagazijn\"},\"image\":{\"@id\":\"https:\\\/\\\/turijnmagazijn.jumpstone-dev.nl\\\/#\\\/schema\\\/logo\\\/image\\\/\"},\"sameAs\":[\"https:\\\/\\\/www.facebook.com\\\/turijnmagazijn\"]}]}<\/script>\n<!-- \/ Yoast SEO plugin. -->","yoast_head_json":{"title":"Serratura accensione + 2 chiavi con telecomando Alfa 156 - Turijnmagazijn","robots":{"index":"index","follow":"follow","max-snippet":"max-snippet:-1","max-image-preview":"max-image-preview:large","max-video-preview":"max-video-preview:-1"},"canonical":"https:\/\/turijnmagazijn.nl\/it\/prodotto\/accensione-blocco-2-chiavi-con-telecomando-alfa-156\/","og_locale":"it_IT","og_type":"article","og_title":"Serratura accensione + 2 chiavi con telecomando Alfa 156 - Turijnmagazijn","og_description":"Serratura accensione + 2 chiavi con telecomando Alfa 156 - Serratura accensione usata con 2 chiavi danneggiate per Alfa Romeo 156.","og_url":"https:\/\/turijnmagazijn.nl\/it\/prodotto\/accensione-blocco-2-chiavi-con-telecomando-alfa-156\/","og_site_name":"Turijnmagazijn","article_publisher":"https:\/\/www.facebook.com\/turijnmagazijn","article_modified_time":"2023-07-27T10:27:11+00:00","og_image":[{"width":768,"height":1024,"url":"https:\/\/turijnmagazijn.nl\/wp-content\/uploads\/2023\/03\/DK0010240620Contactslot2020220sleutels20met20afstandbediening20Alfa20156201-rotated-1.jpg","type":"image\/jpeg"}],"twitter_card":"summary_large_image","twitter_misc":{"Tempo di lettura stimato":"1 minuto"},"schema":{"@context":"https:\/\/schema.org","@graph":[{"@type":"WebPage","@id":"https:\/\/turijnmagazijn.nl\/it\/prodotto\/accensione-blocco-2-chiavi-con-telecomando-alfa-156\/","url":"https:\/\/turijnmagazijn.nl\/it\/prodotto\/accensione-blocco-2-chiavi-con-telecomando-alfa-156\/","name":"Serratura accensione + 2 chiavi con telecomando Alfa 156 - Turijnmagazijn","isPartOf":{"@id":"https:\/\/turijnmagazijn.jumpstone-dev.nl\/#website"},"primaryImageOfPage":{"@id":"https:\/\/turijnmagazijn.nl\/it\/prodotto\/accensione-blocco-2-chiavi-con-telecomando-alfa-156\/#primaryimage"},"image":{"@id":"https:\/\/turijnmagazijn.nl\/it\/prodotto\/accensione-blocco-2-chiavi-con-telecomando-alfa-156\/#primaryimage"},"thumbnailUrl":"https:\/\/turijnmagazijn.nl\/wp-content\/uploads\/2023\/03\/DK0010240620Contactslot2020220sleutels20met20afstandbediening20Alfa20156201-rotated-1.jpg","datePublished":"2023-03-03T08:27:38+00:00","dateModified":"2023-07-27T10:27:11+00:00","breadcrumb":{"@id":"https:\/\/turijnmagazijn.nl\/it\/prodotto\/accensione-blocco-2-chiavi-con-telecomando-alfa-156\/#breadcrumb"},"inLanguage":"it-IT","potentialAction":[{"@type":"ReadAction","target":["https:\/\/turijnmagazijn.nl\/it\/prodotto\/accensione-blocco-2-chiavi-con-telecomando-alfa-156\/"]}]},{"@type":"ImageObject","inLanguage":"it-IT","@id":"https:\/\/turijnmagazijn.nl\/it\/prodotto\/accensione-blocco-2-chiavi-con-telecomando-alfa-156\/#primaryimage","url":"https:\/\/turijnmagazijn.nl\/wp-content\/uploads\/2023\/03\/DK0010240620Contactslot2020220sleutels20met20afstandbediening20Alfa20156201-rotated-1.jpg","contentUrl":"https:\/\/turijnmagazijn.nl\/wp-content\/uploads\/2023\/03\/DK0010240620Contactslot2020220sleutels20met20afstandbediening20Alfa20156201-rotated-1.jpg","width":768,"height":1024},{"@type":"BreadcrumbList","@id":"https:\/\/turijnmagazijn.nl\/it\/prodotto\/accensione-blocco-2-chiavi-con-telecomando-alfa-156\/#breadcrumb","itemListElement":[{"@type":"ListItem","position":1,"name":"Home","item":"https:\/\/turijnmagazijn.nl\/it\/"},{"@type":"ListItem","position":2,"name":"Prodotti","item":"https:\/\/turijnmagazijn.nl\/it\/shop\/"},{"@type":"ListItem","position":3,"name":"Serratura accensione + 2 chiavi con telecomando Alfa 156"}]},{"@type":"WebSite","@id":"https:\/\/turijnmagazijn.jumpstone-dev.nl\/#website","url":"https:\/\/turijnmagazijn.jumpstone-dev.nl\/","name":"Turijnmagazijn","description":"Onderdelen nieuw en gebruikt - Fiat &amp; Lancia","publisher":{"@id":"https:\/\/turijnmagazijn.jumpstone-dev.nl\/#organization"},"potentialAction":[{"@type":"SearchAction","target":{"@type":"EntryPoint","urlTemplate":"https:\/\/turijnmagazijn.jumpstone-dev.nl\/?s={search_term_string}"},"query-input":{"@type":"PropertyValueSpecification","valueRequired":true,"valueName":"search_term_string"}}],"inLanguage":"it-IT"},{"@type":"Organization","@id":"https:\/\/turijnmagazijn.jumpstone-dev.nl\/#organization","name":"Turijnmagazijn","url":"https:\/\/turijnmagazijn.jumpstone-dev.nl\/","logo":{"@type":"ImageObject","inLanguage":"it-IT","@id":"https:\/\/turijnmagazijn.jumpstone-dev.nl\/#\/schema\/logo\/image\/","url":"https:\/\/turijnmagazijn.nl\/wp-content\/uploads\/2021\/02\/turijnmagazijnlogo.png","contentUrl":"https:\/\/turijnmagazijn.nl\/wp-content\/uploads\/2021\/02\/turijnmagazijnlogo.png","width":555,"height":270,"caption":"Turijnmagazijn"},"image":{"@id":"https:\/\/turijnmagazijn.jumpstone-dev.nl\/#\/schema\/logo\/image\/"},"sameAs":["https:\/\/www.facebook.com\/turijnmagazijn"]}]}},"_links":{"self":[{"href":"https:\/\/turijnmagazijn.nl\/it\/wp-json\/wp\/v2\/product\/65321","targetHints":{"allow":["GET"]}}],"collection":[{"href":"https:\/\/turijnmagazijn.nl\/it\/wp-json\/wp\/v2\/product"}],"about":[{"href":"https:\/\/turijnmagazijn.nl\/it\/wp-json\/wp\/v2\/types\/product"}],"replies":[{"embeddable":true,"href":"https:\/\/turijnmagazijn.nl\/it\/wp-json\/wp\/v2\/comments?post=65321"}],"wp:featuredmedia":[{"embeddable":true,"href":"https:\/\/turijnmagazijn.nl\/it\/wp-json\/wp\/v2\/media\/50166"}],"wp:attachment":[{"href":"https:\/\/turijnmagazijn.nl\/it\/wp-json\/wp\/v2\/media?parent=65321"}],"wp:term":[{"taxonomy":"product_brand","embeddable":true,"href":"https:\/\/turijnmagazijn.nl\/it\/wp-json\/wp\/v2\/product_brand?post=65321"},{"taxonomy":"product_cat","embeddable":true,"href":"https:\/\/turijnmagazijn.nl\/it\/wp-json\/wp\/v2\/product_cat?post=65321"},{"taxonomy":"product_tag","embeddable":true,"href":"https:\/\/turijnmagazijn.nl\/it\/wp-json\/wp\/v2\/product_tag?post=65321"}],"curies":[{"name":"wp","href":"https:\/\/api.w.org\/{rel}","templated":true}]}}