{"id":65335,"date":"2023-03-03T09:26:45","date_gmt":"2023-03-03T08:26:45","guid":{"rendered":"https:\/\/turijnmagazijn.nl\/product\/cruscotto-lancia-lybra-1-8-16v-2\/"},"modified":"2023-07-27T12:26:14","modified_gmt":"2023-07-27T10:26:14","slug":"cruscotto-lancia-lybra-1-8-16v-2","status":"publish","type":"product","link":"https:\/\/turijnmagazijn.nl\/it\/prodotto\/cruscotto-lancia-lybra-1-8-16v-2\/","title":{"rendered":"Cruscotto Lancia Lybra 1.8 16V"},"content":{"rendered":"<p>Utilizza il quadro&nbsp;strumenti Veglia Borletti per il montaggio nel cruscotto di una&nbsp;Lancia Lybra.&nbsp;<\/p>\n<p>Guarda le foto per una buona idea delle condizioni di questa unit\u00e0.<\/p>\n<p style=\"margin-top: 0px; margin-bottom: 20px; line-height: normal;\">Il chilometraggio \u00e8 memorizzato in questa scatola contatore. Il contachilometri era a <span style=\"font-weight: bold;\"><br \/>\n  <span style=\"color: rgb(0, 0, 0);\">km SCONOSCIUTO<\/span><br \/>\n  &nbsp;<br \/>\n<\/span>e il pannello \u00e8 il<span style=\"line-height: 20.8px;\">risultato di una berlina Lancia Lybra 1.8 16V costruita nel 2000.<\/span><\/p>\n<p style=\"margin-top: 0px; margin-bottom: 20px; line-height: normal;\">Se il modulo di illuminazione del cruscotto \u00e8 difettoso, il cruscotto deve essere ampliato e revisionato. Questa revisione di solito costa circa 200, &#8211; esclusa l&#8217;installazione e l&#8217;espansione dell&#8217;unit\u00e0. La sostituzione con una funzionante \u00e8 un&#8217;alternativa pi\u00f9 economica.<\/p>\n<p>I numeri di produzione degli strumenti di Veglia Borletti sono:<\/p>\n<p>60.2840.003.0<\/p>\n<p>60.2840.006.0<\/p>\n<p>60.2840.990.6<\/p>\n<p>Numero OEM Lancia 46754311 denominato &#8221; STRUMENTO DI INDICAZIONE DIVERSE &#8220;<\/p>\n","protected":false},"excerpt":{"rendered":"<p>Quadro strumenti Lancia Lybra &#8211; Quadro strumenti di Veglia Borletti per il montaggio nel cruscotto di una Lancia Lybra.Quadro strumenti Lancia Lybra &#8211; Quadro strumenti di<\/p>\n","protected":false},"featured_media":50058,"comment_status":"open","ping_status":"closed","template":"","meta":{"_acf_changed":false},"product_brand":[],"product_cat":[1800,1875,1884],"product_tag":[],"class_list":{"0":"post-65335","1":"product","2":"type-product","3":"status-publish","4":"has-post-thumbnail","6":"product_cat-lancia-it","7":"product_cat-lybra-839-it","8":"product_cat-sedan-lybra-839-it","9":"pa_soort-onderdeel-aria-condizionata-e-riscaldamento","10":"pa_soort-onderdeel-cruscotto-e-interruttori","12":"first","13":"instock","14":"shipping-taxable","15":"purchasable","16":"product-type-simple"},"acf":[],"yoast_head":"<!-- This site is optimized with the Yoast SEO plugin v27.2 - https:\/\/yoast.com\/product\/yoast-seo-wordpress\/ -->\n<title>Cruscotto Lancia Lybra 1.8 16V - Turijnmagazijn<\/title>\n<meta name=\"robots\" content=\"index, follow, max-snippet:-1, max-image-preview:large, max-video-preview:-1\" \/>\n<link rel=\"canonical\" href=\"https:\/\/turijnmagazijn.nl\/it\/prodotto\/cruscotto-lancia-lybra-1-8-16v-2\/\" \/>\n<meta property=\"og:locale\" content=\"it_IT\" \/>\n<meta property=\"og:type\" content=\"article\" \/>\n<meta property=\"og:title\" content=\"Cruscotto Lancia Lybra 1.8 16V - Turijnmagazijn\" \/>\n<meta property=\"og:description\" content=\"Quadro strumenti Lancia Lybra - Quadro strumenti di Veglia Borletti per il montaggio nel cruscotto di una Lancia Lybra.Quadro strumenti Lancia Lybra - Quadro strumenti di\" \/>\n<meta property=\"og:url\" content=\"https:\/\/turijnmagazijn.nl\/it\/prodotto\/cruscotto-lancia-lybra-1-8-16v-2\/\" \/>\n<meta property=\"og:site_name\" content=\"Turijnmagazijn\" \/>\n<meta property=\"article:publisher\" content=\"https:\/\/www.facebook.com\/turijnmagazijn\" \/>\n<meta property=\"article:modified_time\" content=\"2023-07-27T10:26:14+00:00\" \/>\n<meta property=\"og:image\" content=\"https:\/\/turijnmagazijn.nl\/wp-content\/uploads\/2023\/03\/DK00102403-Instrumentenpaneel-Lancia-Lybra-1.8-16V-6-1.jpg\" \/>\n\t<meta property=\"og:image:width\" content=\"1024\" \/>\n\t<meta property=\"og:image:height\" content=\"768\" \/>\n\t<meta property=\"og:image:type\" content=\"image\/jpeg\" \/>\n<meta name=\"twitter:card\" content=\"summary_large_image\" \/>\n<meta name=\"twitter:label1\" content=\"Tempo di lettura stimato\" \/>\n\t<meta name=\"twitter:data1\" content=\"1 minuto\" \/>\n<script type=\"application\/ld+json\" class=\"yoast-schema-graph\">{\"@context\":\"https:\/\/schema.org\",\"@graph\":[{\"@type\":\"WebPage\",\"@id\":\"https:\/\/turijnmagazijn.nl\/it\/prodotto\/cruscotto-lancia-lybra-1-8-16v-2\/\",\"url\":\"https:\/\/turijnmagazijn.nl\/it\/prodotto\/cruscotto-lancia-lybra-1-8-16v-2\/\",\"name\":\"Cruscotto Lancia Lybra 1.8 16V - Turijnmagazijn\",\"isPartOf\":{\"@id\":\"https:\/\/turijnmagazijn.jumpstone-dev.nl\/#website\"},\"primaryImageOfPage\":{\"@id\":\"https:\/\/turijnmagazijn.nl\/it\/prodotto\/cruscotto-lancia-lybra-1-8-16v-2\/#primaryimage\"},\"image\":{\"@id\":\"https:\/\/turijnmagazijn.nl\/it\/prodotto\/cruscotto-lancia-lybra-1-8-16v-2\/#primaryimage\"},\"thumbnailUrl\":\"https:\/\/turijnmagazijn.nl\/wp-content\/uploads\/2023\/03\/DK00102403-Instrumentenpaneel-Lancia-Lybra-1.8-16V-6-1.jpg\",\"datePublished\":\"2023-03-03T08:26:45+00:00\",\"dateModified\":\"2023-07-27T10:26:14+00:00\",\"breadcrumb\":{\"@id\":\"https:\/\/turijnmagazijn.nl\/it\/prodotto\/cruscotto-lancia-lybra-1-8-16v-2\/#breadcrumb\"},\"inLanguage\":\"it-IT\",\"potentialAction\":[{\"@type\":\"ReadAction\",\"target\":[\"https:\/\/turijnmagazijn.nl\/it\/prodotto\/cruscotto-lancia-lybra-1-8-16v-2\/\"]}]},{\"@type\":\"ImageObject\",\"inLanguage\":\"it-IT\",\"@id\":\"https:\/\/turijnmagazijn.nl\/it\/prodotto\/cruscotto-lancia-lybra-1-8-16v-2\/#primaryimage\",\"url\":\"https:\/\/turijnmagazijn.nl\/wp-content\/uploads\/2023\/03\/DK00102403-Instrumentenpaneel-Lancia-Lybra-1.8-16V-6-1.jpg\",\"contentUrl\":\"https:\/\/turijnmagazijn.nl\/wp-content\/uploads\/2023\/03\/DK00102403-Instrumentenpaneel-Lancia-Lybra-1.8-16V-6-1.jpg\",\"width\":1024,\"height\":768},{\"@type\":\"BreadcrumbList\",\"@id\":\"https:\/\/turijnmagazijn.nl\/it\/prodotto\/cruscotto-lancia-lybra-1-8-16v-2\/#breadcrumb\",\"itemListElement\":[{\"@type\":\"ListItem\",\"position\":1,\"name\":\"Home\",\"item\":\"https:\/\/turijnmagazijn.jumpstone-dev.nl\/\"},{\"@type\":\"ListItem\",\"position\":2,\"name\":\"Prodotti\",\"item\":\"https:\/\/turijnmagazijn.nl\/it\/shop\/\"},{\"@type\":\"ListItem\",\"position\":3,\"name\":\"Cruscotto Lancia Lybra 1.8 16V\"}]},{\"@type\":\"WebSite\",\"@id\":\"https:\/\/turijnmagazijn.jumpstone-dev.nl\/#website\",\"url\":\"https:\/\/turijnmagazijn.jumpstone-dev.nl\/\",\"name\":\"Turijnmagazijn\",\"description\":\"Onderdelen nieuw en gebruikt - Fiat &amp; Lancia\",\"publisher\":{\"@id\":\"https:\/\/turijnmagazijn.jumpstone-dev.nl\/#organization\"},\"potentialAction\":[{\"@type\":\"SearchAction\",\"target\":{\"@type\":\"EntryPoint\",\"urlTemplate\":\"https:\/\/turijnmagazijn.jumpstone-dev.nl\/?s={search_term_string}\"},\"query-input\":{\"@type\":\"PropertyValueSpecification\",\"valueRequired\":true,\"valueName\":\"search_term_string\"}}],\"inLanguage\":\"it-IT\"},{\"@type\":\"Organization\",\"@id\":\"https:\/\/turijnmagazijn.jumpstone-dev.nl\/#organization\",\"name\":\"Turijnmagazijn\",\"url\":\"https:\/\/turijnmagazijn.jumpstone-dev.nl\/\",\"logo\":{\"@type\":\"ImageObject\",\"inLanguage\":\"it-IT\",\"@id\":\"https:\/\/turijnmagazijn.jumpstone-dev.nl\/#\/schema\/logo\/image\/\",\"url\":\"https:\/\/turijnmagazijn.nl\/wp-content\/uploads\/2021\/02\/turijnmagazijnlogo.png\",\"contentUrl\":\"https:\/\/turijnmagazijn.nl\/wp-content\/uploads\/2021\/02\/turijnmagazijnlogo.png\",\"width\":555,\"height\":270,\"caption\":\"Turijnmagazijn\"},\"image\":{\"@id\":\"https:\/\/turijnmagazijn.jumpstone-dev.nl\/#\/schema\/logo\/image\/\"},\"sameAs\":[\"https:\/\/www.facebook.com\/turijnmagazijn\"]}]}<\/script>\n<!-- \/ Yoast SEO plugin. -->","yoast_head_json":{"title":"Cruscotto Lancia Lybra 1.8 16V - Turijnmagazijn","robots":{"index":"index","follow":"follow","max-snippet":"max-snippet:-1","max-image-preview":"max-image-preview:large","max-video-preview":"max-video-preview:-1"},"canonical":"https:\/\/turijnmagazijn.nl\/it\/prodotto\/cruscotto-lancia-lybra-1-8-16v-2\/","og_locale":"it_IT","og_type":"article","og_title":"Cruscotto Lancia Lybra 1.8 16V - Turijnmagazijn","og_description":"Quadro strumenti Lancia Lybra - Quadro strumenti di Veglia Borletti per il montaggio nel cruscotto di una Lancia Lybra.Quadro strumenti Lancia Lybra - Quadro strumenti di","og_url":"https:\/\/turijnmagazijn.nl\/it\/prodotto\/cruscotto-lancia-lybra-1-8-16v-2\/","og_site_name":"Turijnmagazijn","article_publisher":"https:\/\/www.facebook.com\/turijnmagazijn","article_modified_time":"2023-07-27T10:26:14+00:00","og_image":[{"width":1024,"height":768,"url":"https:\/\/turijnmagazijn.nl\/wp-content\/uploads\/2023\/03\/DK00102403-Instrumentenpaneel-Lancia-Lybra-1.8-16V-6-1.jpg","type":"image\/jpeg"}],"twitter_card":"summary_large_image","twitter_misc":{"Tempo di lettura stimato":"1 minuto"},"schema":{"@context":"https:\/\/schema.org","@graph":[{"@type":"WebPage","@id":"https:\/\/turijnmagazijn.nl\/it\/prodotto\/cruscotto-lancia-lybra-1-8-16v-2\/","url":"https:\/\/turijnmagazijn.nl\/it\/prodotto\/cruscotto-lancia-lybra-1-8-16v-2\/","name":"Cruscotto Lancia Lybra 1.8 16V - Turijnmagazijn","isPartOf":{"@id":"https:\/\/turijnmagazijn.jumpstone-dev.nl\/#website"},"primaryImageOfPage":{"@id":"https:\/\/turijnmagazijn.nl\/it\/prodotto\/cruscotto-lancia-lybra-1-8-16v-2\/#primaryimage"},"image":{"@id":"https:\/\/turijnmagazijn.nl\/it\/prodotto\/cruscotto-lancia-lybra-1-8-16v-2\/#primaryimage"},"thumbnailUrl":"https:\/\/turijnmagazijn.nl\/wp-content\/uploads\/2023\/03\/DK00102403-Instrumentenpaneel-Lancia-Lybra-1.8-16V-6-1.jpg","datePublished":"2023-03-03T08:26:45+00:00","dateModified":"2023-07-27T10:26:14+00:00","breadcrumb":{"@id":"https:\/\/turijnmagazijn.nl\/it\/prodotto\/cruscotto-lancia-lybra-1-8-16v-2\/#breadcrumb"},"inLanguage":"it-IT","potentialAction":[{"@type":"ReadAction","target":["https:\/\/turijnmagazijn.nl\/it\/prodotto\/cruscotto-lancia-lybra-1-8-16v-2\/"]}]},{"@type":"ImageObject","inLanguage":"it-IT","@id":"https:\/\/turijnmagazijn.nl\/it\/prodotto\/cruscotto-lancia-lybra-1-8-16v-2\/#primaryimage","url":"https:\/\/turijnmagazijn.nl\/wp-content\/uploads\/2023\/03\/DK00102403-Instrumentenpaneel-Lancia-Lybra-1.8-16V-6-1.jpg","contentUrl":"https:\/\/turijnmagazijn.nl\/wp-content\/uploads\/2023\/03\/DK00102403-Instrumentenpaneel-Lancia-Lybra-1.8-16V-6-1.jpg","width":1024,"height":768},{"@type":"BreadcrumbList","@id":"https:\/\/turijnmagazijn.nl\/it\/prodotto\/cruscotto-lancia-lybra-1-8-16v-2\/#breadcrumb","itemListElement":[{"@type":"ListItem","position":1,"name":"Home","item":"https:\/\/turijnmagazijn.jumpstone-dev.nl\/"},{"@type":"ListItem","position":2,"name":"Prodotti","item":"https:\/\/turijnmagazijn.nl\/it\/shop\/"},{"@type":"ListItem","position":3,"name":"Cruscotto Lancia Lybra 1.8 16V"}]},{"@type":"WebSite","@id":"https:\/\/turijnmagazijn.jumpstone-dev.nl\/#website","url":"https:\/\/turijnmagazijn.jumpstone-dev.nl\/","name":"Turijnmagazijn","description":"Onderdelen nieuw en gebruikt - Fiat &amp; Lancia","publisher":{"@id":"https:\/\/turijnmagazijn.jumpstone-dev.nl\/#organization"},"potentialAction":[{"@type":"SearchAction","target":{"@type":"EntryPoint","urlTemplate":"https:\/\/turijnmagazijn.jumpstone-dev.nl\/?s={search_term_string}"},"query-input":{"@type":"PropertyValueSpecification","valueRequired":true,"valueName":"search_term_string"}}],"inLanguage":"it-IT"},{"@type":"Organization","@id":"https:\/\/turijnmagazijn.jumpstone-dev.nl\/#organization","name":"Turijnmagazijn","url":"https:\/\/turijnmagazijn.jumpstone-dev.nl\/","logo":{"@type":"ImageObject","inLanguage":"it-IT","@id":"https:\/\/turijnmagazijn.jumpstone-dev.nl\/#\/schema\/logo\/image\/","url":"https:\/\/turijnmagazijn.nl\/wp-content\/uploads\/2021\/02\/turijnmagazijnlogo.png","contentUrl":"https:\/\/turijnmagazijn.nl\/wp-content\/uploads\/2021\/02\/turijnmagazijnlogo.png","width":555,"height":270,"caption":"Turijnmagazijn"},"image":{"@id":"https:\/\/turijnmagazijn.jumpstone-dev.nl\/#\/schema\/logo\/image\/"},"sameAs":["https:\/\/www.facebook.com\/turijnmagazijn"]}]}},"_links":{"self":[{"href":"https:\/\/turijnmagazijn.nl\/it\/wp-json\/wp\/v2\/product\/65335","targetHints":{"allow":["GET"]}}],"collection":[{"href":"https:\/\/turijnmagazijn.nl\/it\/wp-json\/wp\/v2\/product"}],"about":[{"href":"https:\/\/turijnmagazijn.nl\/it\/wp-json\/wp\/v2\/types\/product"}],"replies":[{"embeddable":true,"href":"https:\/\/turijnmagazijn.nl\/it\/wp-json\/wp\/v2\/comments?post=65335"}],"wp:featuredmedia":[{"embeddable":true,"href":"https:\/\/turijnmagazijn.nl\/it\/wp-json\/wp\/v2\/media\/50058"}],"wp:attachment":[{"href":"https:\/\/turijnmagazijn.nl\/it\/wp-json\/wp\/v2\/media?parent=65335"}],"wp:term":[{"taxonomy":"product_brand","embeddable":true,"href":"https:\/\/turijnmagazijn.nl\/it\/wp-json\/wp\/v2\/product_brand?post=65335"},{"taxonomy":"product_cat","embeddable":true,"href":"https:\/\/turijnmagazijn.nl\/it\/wp-json\/wp\/v2\/product_cat?post=65335"},{"taxonomy":"product_tag","embeddable":true,"href":"https:\/\/turijnmagazijn.nl\/it\/wp-json\/wp\/v2\/product_tag?post=65335"}],"curies":[{"name":"wp","href":"https:\/\/api.w.org\/{rel}","templated":true}]}}