{"id":65469,"date":"2023-03-03T09:33:59","date_gmt":"2023-03-03T08:33:59","guid":{"rendered":"https:\/\/turijnmagazijn.nl\/product\/centralina-motore-lancia-delta-ii-1-8-16v\/"},"modified":"2023-07-27T12:28:36","modified_gmt":"2023-07-27T10:28:36","slug":"ecu-gestione-motore-computer-lancia-delta-ii-1-8-16v","status":"publish","type":"product","link":"https:\/\/turijnmagazijn.nl\/it\/prodotto\/ecu-gestione-motore-computer-lancia-delta-ii-1-8-16v\/","title":{"rendered":"Centralina motore Lancia Delta II 1.8 16V"},"content":{"rendered":"<p>Centralina elettronica per il controllo della gestione motore della Lancia Delta II equipaggiata con motore 1.8 16V a benzina.  <\/p>\n<p>Serve a controllare l&#8217;iniezione e correggere il minimo del motore.  <\/p>\n<p>L&#8217;unit\u00e0 \u00e8 prodotta da Hitachi. Questa unit\u00e0 proviene da un Delta II in versione&nbsp; HPE del 1996. Dotato di quattro porte black plug.<\/p>\n<p>L&#8217;unit\u00e0 viene fornita con il corrispondente transponder e lettore di transponder. Il software in questo computer \u00e8 crittografato e normalmente richiede la riprogrammazione. Questo non \u00e8 il caso di questo set<\/p>\n<p>Le rubriche dell&#8217;ECU sono:<br \/>\nE2 GE3Fiat, Fiat &gt; Barchetta [183],56 836GT<br \/>\n0464225190<br \/>\nMFI-0 08 BB2 5Y24<br \/>\n<span style=\"line-height: 20.8px; font-size: 13px;\">Hitashi ltd. Tokyo Giappone<\/span><\/p>\n<p><span style=\"line-height: 20.8px; font-size: 13px;\">Prodotto in Giappone<\/span><\/p>\n<p>Numero OEM Lancia: 46536121<\/p>\n<p>Vecchio numero OEM 46459267<\/p>\n","protected":false},"excerpt":{"rendered":"<p>Centralina elettronica gestione motore Lancia Delta II 1.8 16V &#8211; Centralina computer per il controllo della gestione motore per la Lancia Delta II dotata di 1.<\/p>\n","protected":false},"featured_media":50958,"comment_status":"open","ping_status":"closed","template":"","meta":{"_acf_changed":false},"product_brand":[],"product_cat":[1843,1800],"product_tag":[],"class_list":{"0":"post-65469","1":"product","2":"type-product","3":"status-publish","4":"has-post-thumbnail","6":"product_cat-delta-2-836-it","7":"product_cat-lancia-it","8":"pa_soort-onderdeel-elettronica-e-cavi","9":"pa_soort-onderdeel-motore-e-accessori","11":"first","12":"instock","13":"shipping-taxable","14":"purchasable","15":"product-type-simple"},"acf":[],"yoast_head":"<!-- This site is optimized with the Yoast SEO plugin v27.3 - https:\/\/yoast.com\/product\/yoast-seo-wordpress\/ -->\n<title>Centralina motore Lancia Delta II 1.8 16V - Turijnmagazijn<\/title>\n<meta name=\"robots\" content=\"index, follow, max-snippet:-1, max-image-preview:large, max-video-preview:-1\" \/>\n<link rel=\"canonical\" href=\"https:\/\/turijnmagazijn.nl\/it\/prodotto\/ecu-gestione-motore-computer-lancia-delta-ii-1-8-16v\/\" \/>\n<meta property=\"og:locale\" content=\"it_IT\" \/>\n<meta property=\"og:type\" content=\"article\" \/>\n<meta property=\"og:title\" content=\"Centralina motore Lancia Delta II 1.8 16V - Turijnmagazijn\" \/>\n<meta property=\"og:description\" content=\"Centralina elettronica gestione motore Lancia Delta II 1.8 16V - Centralina computer per il controllo della gestione motore per la Lancia Delta II dotata di 1.\" \/>\n<meta property=\"og:url\" content=\"https:\/\/turijnmagazijn.nl\/it\/prodotto\/ecu-gestione-motore-computer-lancia-delta-ii-1-8-16v\/\" \/>\n<meta property=\"og:site_name\" content=\"Turijnmagazijn\" \/>\n<meta property=\"article:publisher\" content=\"https:\/\/www.facebook.com\/turijnmagazijn\" \/>\n<meta property=\"article:modified_time\" content=\"2023-07-27T10:28:36+00:00\" \/>\n<meta property=\"og:image\" content=\"https:\/\/turijnmagazijn.nl\/wp-content\/uploads\/2023\/03\/DK00102445-ECU-Motormanagement-computer-Lancia-Delta-II-1.8-16V-2-1.jpg\" \/>\n\t<meta property=\"og:image:width\" content=\"1024\" \/>\n\t<meta property=\"og:image:height\" content=\"768\" \/>\n\t<meta property=\"og:image:type\" content=\"image\/jpeg\" \/>\n<meta name=\"twitter:card\" content=\"summary_large_image\" \/>\n<meta name=\"twitter:label1\" content=\"Tempo di lettura stimato\" \/>\n\t<meta name=\"twitter:data1\" content=\"1 minuto\" \/>\n<script type=\"application\/ld+json\" class=\"yoast-schema-graph\">{\"@context\":\"https:\\\/\\\/schema.org\",\"@graph\":[{\"@type\":\"WebPage\",\"@id\":\"https:\\\/\\\/turijnmagazijn.nl\\\/it\\\/prodotto\\\/ecu-gestione-motore-computer-lancia-delta-ii-1-8-16v\\\/\",\"url\":\"https:\\\/\\\/turijnmagazijn.nl\\\/it\\\/prodotto\\\/ecu-gestione-motore-computer-lancia-delta-ii-1-8-16v\\\/\",\"name\":\"Centralina motore Lancia Delta II 1.8 16V - Turijnmagazijn\",\"isPartOf\":{\"@id\":\"https:\\\/\\\/turijnmagazijn.jumpstone-dev.nl\\\/#website\"},\"primaryImageOfPage\":{\"@id\":\"https:\\\/\\\/turijnmagazijn.nl\\\/it\\\/prodotto\\\/ecu-gestione-motore-computer-lancia-delta-ii-1-8-16v\\\/#primaryimage\"},\"image\":{\"@id\":\"https:\\\/\\\/turijnmagazijn.nl\\\/it\\\/prodotto\\\/ecu-gestione-motore-computer-lancia-delta-ii-1-8-16v\\\/#primaryimage\"},\"thumbnailUrl\":\"https:\\\/\\\/turijnmagazijn.nl\\\/wp-content\\\/uploads\\\/2023\\\/03\\\/DK00102445-ECU-Motormanagement-computer-Lancia-Delta-II-1.8-16V-2-1.jpg\",\"datePublished\":\"2023-03-03T08:33:59+00:00\",\"dateModified\":\"2023-07-27T10:28:36+00:00\",\"breadcrumb\":{\"@id\":\"https:\\\/\\\/turijnmagazijn.nl\\\/it\\\/prodotto\\\/ecu-gestione-motore-computer-lancia-delta-ii-1-8-16v\\\/#breadcrumb\"},\"inLanguage\":\"it-IT\",\"potentialAction\":[{\"@type\":\"ReadAction\",\"target\":[\"https:\\\/\\\/turijnmagazijn.nl\\\/it\\\/prodotto\\\/ecu-gestione-motore-computer-lancia-delta-ii-1-8-16v\\\/\"]}]},{\"@type\":\"ImageObject\",\"inLanguage\":\"it-IT\",\"@id\":\"https:\\\/\\\/turijnmagazijn.nl\\\/it\\\/prodotto\\\/ecu-gestione-motore-computer-lancia-delta-ii-1-8-16v\\\/#primaryimage\",\"url\":\"https:\\\/\\\/turijnmagazijn.nl\\\/wp-content\\\/uploads\\\/2023\\\/03\\\/DK00102445-ECU-Motormanagement-computer-Lancia-Delta-II-1.8-16V-2-1.jpg\",\"contentUrl\":\"https:\\\/\\\/turijnmagazijn.nl\\\/wp-content\\\/uploads\\\/2023\\\/03\\\/DK00102445-ECU-Motormanagement-computer-Lancia-Delta-II-1.8-16V-2-1.jpg\",\"width\":1024,\"height\":768},{\"@type\":\"BreadcrumbList\",\"@id\":\"https:\\\/\\\/turijnmagazijn.nl\\\/it\\\/prodotto\\\/ecu-gestione-motore-computer-lancia-delta-ii-1-8-16v\\\/#breadcrumb\",\"itemListElement\":[{\"@type\":\"ListItem\",\"position\":1,\"name\":\"Home\",\"item\":\"https:\\\/\\\/turijnmagazijn.nl\\\/it\\\/\"},{\"@type\":\"ListItem\",\"position\":2,\"name\":\"Prodotti\",\"item\":\"https:\\\/\\\/turijnmagazijn.nl\\\/it\\\/shop\\\/\"},{\"@type\":\"ListItem\",\"position\":3,\"name\":\"Centralina motore Lancia Delta II 1.8 16V\"}]},{\"@type\":\"WebSite\",\"@id\":\"https:\\\/\\\/turijnmagazijn.jumpstone-dev.nl\\\/#website\",\"url\":\"https:\\\/\\\/turijnmagazijn.jumpstone-dev.nl\\\/\",\"name\":\"Turijnmagazijn\",\"description\":\"Onderdelen nieuw en gebruikt - Fiat &amp; Lancia\",\"publisher\":{\"@id\":\"https:\\\/\\\/turijnmagazijn.jumpstone-dev.nl\\\/#organization\"},\"potentialAction\":[{\"@type\":\"SearchAction\",\"target\":{\"@type\":\"EntryPoint\",\"urlTemplate\":\"https:\\\/\\\/turijnmagazijn.jumpstone-dev.nl\\\/?s={search_term_string}\"},\"query-input\":{\"@type\":\"PropertyValueSpecification\",\"valueRequired\":true,\"valueName\":\"search_term_string\"}}],\"inLanguage\":\"it-IT\"},{\"@type\":\"Organization\",\"@id\":\"https:\\\/\\\/turijnmagazijn.jumpstone-dev.nl\\\/#organization\",\"name\":\"Turijnmagazijn\",\"url\":\"https:\\\/\\\/turijnmagazijn.jumpstone-dev.nl\\\/\",\"logo\":{\"@type\":\"ImageObject\",\"inLanguage\":\"it-IT\",\"@id\":\"https:\\\/\\\/turijnmagazijn.jumpstone-dev.nl\\\/#\\\/schema\\\/logo\\\/image\\\/\",\"url\":\"https:\\\/\\\/turijnmagazijn.nl\\\/wp-content\\\/uploads\\\/2021\\\/02\\\/turijnmagazijnlogo.png\",\"contentUrl\":\"https:\\\/\\\/turijnmagazijn.nl\\\/wp-content\\\/uploads\\\/2021\\\/02\\\/turijnmagazijnlogo.png\",\"width\":555,\"height\":270,\"caption\":\"Turijnmagazijn\"},\"image\":{\"@id\":\"https:\\\/\\\/turijnmagazijn.jumpstone-dev.nl\\\/#\\\/schema\\\/logo\\\/image\\\/\"},\"sameAs\":[\"https:\\\/\\\/www.facebook.com\\\/turijnmagazijn\"]}]}<\/script>\n<!-- \/ Yoast SEO plugin. -->","yoast_head_json":{"title":"Centralina motore Lancia Delta II 1.8 16V - Turijnmagazijn","robots":{"index":"index","follow":"follow","max-snippet":"max-snippet:-1","max-image-preview":"max-image-preview:large","max-video-preview":"max-video-preview:-1"},"canonical":"https:\/\/turijnmagazijn.nl\/it\/prodotto\/ecu-gestione-motore-computer-lancia-delta-ii-1-8-16v\/","og_locale":"it_IT","og_type":"article","og_title":"Centralina motore Lancia Delta II 1.8 16V - Turijnmagazijn","og_description":"Centralina elettronica gestione motore Lancia Delta II 1.8 16V - Centralina computer per il controllo della gestione motore per la Lancia Delta II dotata di 1.","og_url":"https:\/\/turijnmagazijn.nl\/it\/prodotto\/ecu-gestione-motore-computer-lancia-delta-ii-1-8-16v\/","og_site_name":"Turijnmagazijn","article_publisher":"https:\/\/www.facebook.com\/turijnmagazijn","article_modified_time":"2023-07-27T10:28:36+00:00","og_image":[{"width":1024,"height":768,"url":"https:\/\/turijnmagazijn.nl\/wp-content\/uploads\/2023\/03\/DK00102445-ECU-Motormanagement-computer-Lancia-Delta-II-1.8-16V-2-1.jpg","type":"image\/jpeg"}],"twitter_card":"summary_large_image","twitter_misc":{"Tempo di lettura stimato":"1 minuto"},"schema":{"@context":"https:\/\/schema.org","@graph":[{"@type":"WebPage","@id":"https:\/\/turijnmagazijn.nl\/it\/prodotto\/ecu-gestione-motore-computer-lancia-delta-ii-1-8-16v\/","url":"https:\/\/turijnmagazijn.nl\/it\/prodotto\/ecu-gestione-motore-computer-lancia-delta-ii-1-8-16v\/","name":"Centralina motore Lancia Delta II 1.8 16V - Turijnmagazijn","isPartOf":{"@id":"https:\/\/turijnmagazijn.jumpstone-dev.nl\/#website"},"primaryImageOfPage":{"@id":"https:\/\/turijnmagazijn.nl\/it\/prodotto\/ecu-gestione-motore-computer-lancia-delta-ii-1-8-16v\/#primaryimage"},"image":{"@id":"https:\/\/turijnmagazijn.nl\/it\/prodotto\/ecu-gestione-motore-computer-lancia-delta-ii-1-8-16v\/#primaryimage"},"thumbnailUrl":"https:\/\/turijnmagazijn.nl\/wp-content\/uploads\/2023\/03\/DK00102445-ECU-Motormanagement-computer-Lancia-Delta-II-1.8-16V-2-1.jpg","datePublished":"2023-03-03T08:33:59+00:00","dateModified":"2023-07-27T10:28:36+00:00","breadcrumb":{"@id":"https:\/\/turijnmagazijn.nl\/it\/prodotto\/ecu-gestione-motore-computer-lancia-delta-ii-1-8-16v\/#breadcrumb"},"inLanguage":"it-IT","potentialAction":[{"@type":"ReadAction","target":["https:\/\/turijnmagazijn.nl\/it\/prodotto\/ecu-gestione-motore-computer-lancia-delta-ii-1-8-16v\/"]}]},{"@type":"ImageObject","inLanguage":"it-IT","@id":"https:\/\/turijnmagazijn.nl\/it\/prodotto\/ecu-gestione-motore-computer-lancia-delta-ii-1-8-16v\/#primaryimage","url":"https:\/\/turijnmagazijn.nl\/wp-content\/uploads\/2023\/03\/DK00102445-ECU-Motormanagement-computer-Lancia-Delta-II-1.8-16V-2-1.jpg","contentUrl":"https:\/\/turijnmagazijn.nl\/wp-content\/uploads\/2023\/03\/DK00102445-ECU-Motormanagement-computer-Lancia-Delta-II-1.8-16V-2-1.jpg","width":1024,"height":768},{"@type":"BreadcrumbList","@id":"https:\/\/turijnmagazijn.nl\/it\/prodotto\/ecu-gestione-motore-computer-lancia-delta-ii-1-8-16v\/#breadcrumb","itemListElement":[{"@type":"ListItem","position":1,"name":"Home","item":"https:\/\/turijnmagazijn.nl\/it\/"},{"@type":"ListItem","position":2,"name":"Prodotti","item":"https:\/\/turijnmagazijn.nl\/it\/shop\/"},{"@type":"ListItem","position":3,"name":"Centralina motore Lancia Delta II 1.8 16V"}]},{"@type":"WebSite","@id":"https:\/\/turijnmagazijn.jumpstone-dev.nl\/#website","url":"https:\/\/turijnmagazijn.jumpstone-dev.nl\/","name":"Turijnmagazijn","description":"Onderdelen nieuw en gebruikt - Fiat &amp; Lancia","publisher":{"@id":"https:\/\/turijnmagazijn.jumpstone-dev.nl\/#organization"},"potentialAction":[{"@type":"SearchAction","target":{"@type":"EntryPoint","urlTemplate":"https:\/\/turijnmagazijn.jumpstone-dev.nl\/?s={search_term_string}"},"query-input":{"@type":"PropertyValueSpecification","valueRequired":true,"valueName":"search_term_string"}}],"inLanguage":"it-IT"},{"@type":"Organization","@id":"https:\/\/turijnmagazijn.jumpstone-dev.nl\/#organization","name":"Turijnmagazijn","url":"https:\/\/turijnmagazijn.jumpstone-dev.nl\/","logo":{"@type":"ImageObject","inLanguage":"it-IT","@id":"https:\/\/turijnmagazijn.jumpstone-dev.nl\/#\/schema\/logo\/image\/","url":"https:\/\/turijnmagazijn.nl\/wp-content\/uploads\/2021\/02\/turijnmagazijnlogo.png","contentUrl":"https:\/\/turijnmagazijn.nl\/wp-content\/uploads\/2021\/02\/turijnmagazijnlogo.png","width":555,"height":270,"caption":"Turijnmagazijn"},"image":{"@id":"https:\/\/turijnmagazijn.jumpstone-dev.nl\/#\/schema\/logo\/image\/"},"sameAs":["https:\/\/www.facebook.com\/turijnmagazijn"]}]}},"_links":{"self":[{"href":"https:\/\/turijnmagazijn.nl\/it\/wp-json\/wp\/v2\/product\/65469","targetHints":{"allow":["GET"]}}],"collection":[{"href":"https:\/\/turijnmagazijn.nl\/it\/wp-json\/wp\/v2\/product"}],"about":[{"href":"https:\/\/turijnmagazijn.nl\/it\/wp-json\/wp\/v2\/types\/product"}],"replies":[{"embeddable":true,"href":"https:\/\/turijnmagazijn.nl\/it\/wp-json\/wp\/v2\/comments?post=65469"}],"wp:featuredmedia":[{"embeddable":true,"href":"https:\/\/turijnmagazijn.nl\/it\/wp-json\/wp\/v2\/media\/50958"}],"wp:attachment":[{"href":"https:\/\/turijnmagazijn.nl\/it\/wp-json\/wp\/v2\/media?parent=65469"}],"wp:term":[{"taxonomy":"product_brand","embeddable":true,"href":"https:\/\/turijnmagazijn.nl\/it\/wp-json\/wp\/v2\/product_brand?post=65469"},{"taxonomy":"product_cat","embeddable":true,"href":"https:\/\/turijnmagazijn.nl\/it\/wp-json\/wp\/v2\/product_cat?post=65469"},{"taxonomy":"product_tag","embeddable":true,"href":"https:\/\/turijnmagazijn.nl\/it\/wp-json\/wp\/v2\/product_tag?post=65469"}],"curies":[{"name":"wp","href":"https:\/\/api.w.org\/{rel}","templated":true}]}}