{"id":65500,"date":"2023-03-03T09:35:22","date_gmt":"2023-03-03T08:35:22","guid":{"rendered":"https:\/\/turijnmagazijn.nl\/product\/fanale-posteriore-esterno-destro-lancia-kappa-berlina-e-sw\/"},"modified":"2024-10-13T20:42:07","modified_gmt":"2024-10-13T18:42:07","slug":"fanale-posteriore-esterno-destro-lancia-kappa-berlina-en-sw","status":"publish","type":"product","link":"https:\/\/turijnmagazijn.nl\/it\/prodotto\/fanale-posteriore-esterno-destro-lancia-kappa-berlina-en-sw\/","title":{"rendered":"Fanale posteriore esterno destro Lancia Kappa"},"content":{"rendered":"<p>Fanale posteriore parte esterna destra per Lancia Kappa. Il fanale posteriore si adatta alla SW e alla berlina, NON alla coup\u00e9. Riguarda la parte del fanale posteriore che \u00e8 incorporata nel corpo. Questa luce posteriore \u00e8 in ottime condizioni ed \u00e8 stata smontata da una berlina Kappa del 1995.<\/p>\n<p>OEM Lancia<span style=\"font-size: 12px;\">7780142<\/span>&nbsp;<\/p>\n<p><\/p>\n<p><\/p>\n","protected":false},"excerpt":{"rendered":"<p>Fanale posteriore destro Lancia Kappa berlina e SW &#8211; Fanale posteriore destro per Lancia Kappa.Fanale posteriore esterno destro Lancia Kappa berlina e SW &#8211; Fanale posteriore parte esterna destra per Lancia Kappa.<\/p>\n","protected":false},"featured_media":51106,"comment_status":"open","ping_status":"closed","template":"","meta":{"_acf_changed":false},"product_brand":[],"product_cat":[1863,1866,1857,1800,1871],"product_tag":[],"class_list":{"0":"post-65500","1":"product","2":"type-product","3":"status-publish","4":"has-post-thumbnail","6":"product_cat-berlina-it","7":"product_cat-coupe-it","8":"product_cat-kappa-838-it","9":"product_cat-lancia-it","10":"product_cat-sw-it","11":"pa_soort-onderdeel-illuminazione","13":"first","14":"instock","15":"shipping-taxable","16":"purchasable","17":"product-type-simple"},"acf":[],"yoast_head":"<!-- This site is optimized with the Yoast SEO plugin v27.2 - https:\/\/yoast.com\/product\/yoast-seo-wordpress\/ -->\n<title>Fanale posteriore esterno destro Lancia Kappa - Turijnmagazijn<\/title>\n<meta name=\"robots\" content=\"index, follow, max-snippet:-1, max-image-preview:large, max-video-preview:-1\" \/>\n<link rel=\"canonical\" href=\"https:\/\/turijnmagazijn.nl\/it\/prodotto\/fanale-posteriore-esterno-destro-lancia-kappa-berlina-en-sw\/\" \/>\n<meta property=\"og:locale\" content=\"it_IT\" \/>\n<meta property=\"og:type\" content=\"article\" \/>\n<meta property=\"og:title\" content=\"Fanale posteriore esterno destro Lancia Kappa - Turijnmagazijn\" \/>\n<meta property=\"og:description\" content=\"Fanale posteriore destro Lancia Kappa berlina e SW - Fanale posteriore destro per Lancia Kappa.Fanale posteriore esterno destro Lancia Kappa berlina e SW - Fanale posteriore parte esterna destra per Lancia Kappa.\" \/>\n<meta property=\"og:url\" content=\"https:\/\/turijnmagazijn.nl\/it\/prodotto\/fanale-posteriore-esterno-destro-lancia-kappa-berlina-en-sw\/\" \/>\n<meta property=\"og:site_name\" content=\"Turijnmagazijn\" \/>\n<meta property=\"article:publisher\" content=\"https:\/\/www.facebook.com\/turijnmagazijn\" \/>\n<meta property=\"article:modified_time\" content=\"2024-10-13T18:42:07+00:00\" \/>\n<meta property=\"og:image\" content=\"https:\/\/turijnmagazijn.nl\/wp-content\/uploads\/2023\/03\/DK00101299-Achterlicht-buiten-rechts-Lancia-Kappa-sedan-en-SW-3-1.jpg\" \/>\n\t<meta property=\"og:image:width\" content=\"800\" \/>\n\t<meta property=\"og:image:height\" content=\"600\" \/>\n\t<meta property=\"og:image:type\" content=\"image\/jpeg\" \/>\n<meta name=\"twitter:card\" content=\"summary_large_image\" \/>\n<script type=\"application\/ld+json\" class=\"yoast-schema-graph\">{\"@context\":\"https:\/\/schema.org\",\"@graph\":[{\"@type\":\"WebPage\",\"@id\":\"https:\/\/turijnmagazijn.nl\/it\/prodotto\/fanale-posteriore-esterno-destro-lancia-kappa-berlina-en-sw\/\",\"url\":\"https:\/\/turijnmagazijn.nl\/it\/prodotto\/fanale-posteriore-esterno-destro-lancia-kappa-berlina-en-sw\/\",\"name\":\"Fanale posteriore esterno destro Lancia Kappa - Turijnmagazijn\",\"isPartOf\":{\"@id\":\"https:\/\/turijnmagazijn.jumpstone-dev.nl\/#website\"},\"primaryImageOfPage\":{\"@id\":\"https:\/\/turijnmagazijn.nl\/it\/prodotto\/fanale-posteriore-esterno-destro-lancia-kappa-berlina-en-sw\/#primaryimage\"},\"image\":{\"@id\":\"https:\/\/turijnmagazijn.nl\/it\/prodotto\/fanale-posteriore-esterno-destro-lancia-kappa-berlina-en-sw\/#primaryimage\"},\"thumbnailUrl\":\"https:\/\/turijnmagazijn.nl\/wp-content\/uploads\/2023\/03\/DK00101299-Achterlicht-buiten-rechts-Lancia-Kappa-sedan-en-SW-3-1.jpg\",\"datePublished\":\"2023-03-03T08:35:22+00:00\",\"dateModified\":\"2024-10-13T18:42:07+00:00\",\"breadcrumb\":{\"@id\":\"https:\/\/turijnmagazijn.nl\/it\/prodotto\/fanale-posteriore-esterno-destro-lancia-kappa-berlina-en-sw\/#breadcrumb\"},\"inLanguage\":\"it-IT\",\"potentialAction\":[{\"@type\":\"ReadAction\",\"target\":[\"https:\/\/turijnmagazijn.nl\/it\/prodotto\/fanale-posteriore-esterno-destro-lancia-kappa-berlina-en-sw\/\"]}]},{\"@type\":\"ImageObject\",\"inLanguage\":\"it-IT\",\"@id\":\"https:\/\/turijnmagazijn.nl\/it\/prodotto\/fanale-posteriore-esterno-destro-lancia-kappa-berlina-en-sw\/#primaryimage\",\"url\":\"https:\/\/turijnmagazijn.nl\/wp-content\/uploads\/2023\/03\/DK00101299-Achterlicht-buiten-rechts-Lancia-Kappa-sedan-en-SW-3-1.jpg\",\"contentUrl\":\"https:\/\/turijnmagazijn.nl\/wp-content\/uploads\/2023\/03\/DK00101299-Achterlicht-buiten-rechts-Lancia-Kappa-sedan-en-SW-3-1.jpg\",\"width\":800,\"height\":600},{\"@type\":\"BreadcrumbList\",\"@id\":\"https:\/\/turijnmagazijn.nl\/it\/prodotto\/fanale-posteriore-esterno-destro-lancia-kappa-berlina-en-sw\/#breadcrumb\",\"itemListElement\":[{\"@type\":\"ListItem\",\"position\":1,\"name\":\"Home\",\"item\":\"https:\/\/turijnmagazijn.nl\/it\/\"},{\"@type\":\"ListItem\",\"position\":2,\"name\":\"Prodotti\",\"item\":\"https:\/\/turijnmagazijn.nl\/it\/shop\/\"},{\"@type\":\"ListItem\",\"position\":3,\"name\":\"Fanale posteriore esterno destro Lancia Kappa\"}]},{\"@type\":\"WebSite\",\"@id\":\"https:\/\/turijnmagazijn.jumpstone-dev.nl\/#website\",\"url\":\"https:\/\/turijnmagazijn.jumpstone-dev.nl\/\",\"name\":\"Turijnmagazijn\",\"description\":\"Onderdelen nieuw en gebruikt - Fiat &amp; Lancia\",\"publisher\":{\"@id\":\"https:\/\/turijnmagazijn.jumpstone-dev.nl\/#organization\"},\"potentialAction\":[{\"@type\":\"SearchAction\",\"target\":{\"@type\":\"EntryPoint\",\"urlTemplate\":\"https:\/\/turijnmagazijn.jumpstone-dev.nl\/?s={search_term_string}\"},\"query-input\":{\"@type\":\"PropertyValueSpecification\",\"valueRequired\":true,\"valueName\":\"search_term_string\"}}],\"inLanguage\":\"it-IT\"},{\"@type\":\"Organization\",\"@id\":\"https:\/\/turijnmagazijn.jumpstone-dev.nl\/#organization\",\"name\":\"Turijnmagazijn\",\"url\":\"https:\/\/turijnmagazijn.jumpstone-dev.nl\/\",\"logo\":{\"@type\":\"ImageObject\",\"inLanguage\":\"it-IT\",\"@id\":\"https:\/\/turijnmagazijn.jumpstone-dev.nl\/#\/schema\/logo\/image\/\",\"url\":\"https:\/\/turijnmagazijn.nl\/wp-content\/uploads\/2021\/02\/turijnmagazijnlogo.png\",\"contentUrl\":\"https:\/\/turijnmagazijn.nl\/wp-content\/uploads\/2021\/02\/turijnmagazijnlogo.png\",\"width\":555,\"height\":270,\"caption\":\"Turijnmagazijn\"},\"image\":{\"@id\":\"https:\/\/turijnmagazijn.jumpstone-dev.nl\/#\/schema\/logo\/image\/\"},\"sameAs\":[\"https:\/\/www.facebook.com\/turijnmagazijn\"]}]}<\/script>\n<!-- \/ Yoast SEO plugin. -->","yoast_head_json":{"title":"Fanale posteriore esterno destro Lancia Kappa - Turijnmagazijn","robots":{"index":"index","follow":"follow","max-snippet":"max-snippet:-1","max-image-preview":"max-image-preview:large","max-video-preview":"max-video-preview:-1"},"canonical":"https:\/\/turijnmagazijn.nl\/it\/prodotto\/fanale-posteriore-esterno-destro-lancia-kappa-berlina-en-sw\/","og_locale":"it_IT","og_type":"article","og_title":"Fanale posteriore esterno destro Lancia Kappa - Turijnmagazijn","og_description":"Fanale posteriore destro Lancia Kappa berlina e SW - Fanale posteriore destro per Lancia Kappa.Fanale posteriore esterno destro Lancia Kappa berlina e SW - Fanale posteriore parte esterna destra per Lancia Kappa.","og_url":"https:\/\/turijnmagazijn.nl\/it\/prodotto\/fanale-posteriore-esterno-destro-lancia-kappa-berlina-en-sw\/","og_site_name":"Turijnmagazijn","article_publisher":"https:\/\/www.facebook.com\/turijnmagazijn","article_modified_time":"2024-10-13T18:42:07+00:00","og_image":[{"width":800,"height":600,"url":"https:\/\/turijnmagazijn.nl\/wp-content\/uploads\/2023\/03\/DK00101299-Achterlicht-buiten-rechts-Lancia-Kappa-sedan-en-SW-3-1.jpg","type":"image\/jpeg"}],"twitter_card":"summary_large_image","schema":{"@context":"https:\/\/schema.org","@graph":[{"@type":"WebPage","@id":"https:\/\/turijnmagazijn.nl\/it\/prodotto\/fanale-posteriore-esterno-destro-lancia-kappa-berlina-en-sw\/","url":"https:\/\/turijnmagazijn.nl\/it\/prodotto\/fanale-posteriore-esterno-destro-lancia-kappa-berlina-en-sw\/","name":"Fanale posteriore esterno destro Lancia Kappa - Turijnmagazijn","isPartOf":{"@id":"https:\/\/turijnmagazijn.jumpstone-dev.nl\/#website"},"primaryImageOfPage":{"@id":"https:\/\/turijnmagazijn.nl\/it\/prodotto\/fanale-posteriore-esterno-destro-lancia-kappa-berlina-en-sw\/#primaryimage"},"image":{"@id":"https:\/\/turijnmagazijn.nl\/it\/prodotto\/fanale-posteriore-esterno-destro-lancia-kappa-berlina-en-sw\/#primaryimage"},"thumbnailUrl":"https:\/\/turijnmagazijn.nl\/wp-content\/uploads\/2023\/03\/DK00101299-Achterlicht-buiten-rechts-Lancia-Kappa-sedan-en-SW-3-1.jpg","datePublished":"2023-03-03T08:35:22+00:00","dateModified":"2024-10-13T18:42:07+00:00","breadcrumb":{"@id":"https:\/\/turijnmagazijn.nl\/it\/prodotto\/fanale-posteriore-esterno-destro-lancia-kappa-berlina-en-sw\/#breadcrumb"},"inLanguage":"it-IT","potentialAction":[{"@type":"ReadAction","target":["https:\/\/turijnmagazijn.nl\/it\/prodotto\/fanale-posteriore-esterno-destro-lancia-kappa-berlina-en-sw\/"]}]},{"@type":"ImageObject","inLanguage":"it-IT","@id":"https:\/\/turijnmagazijn.nl\/it\/prodotto\/fanale-posteriore-esterno-destro-lancia-kappa-berlina-en-sw\/#primaryimage","url":"https:\/\/turijnmagazijn.nl\/wp-content\/uploads\/2023\/03\/DK00101299-Achterlicht-buiten-rechts-Lancia-Kappa-sedan-en-SW-3-1.jpg","contentUrl":"https:\/\/turijnmagazijn.nl\/wp-content\/uploads\/2023\/03\/DK00101299-Achterlicht-buiten-rechts-Lancia-Kappa-sedan-en-SW-3-1.jpg","width":800,"height":600},{"@type":"BreadcrumbList","@id":"https:\/\/turijnmagazijn.nl\/it\/prodotto\/fanale-posteriore-esterno-destro-lancia-kappa-berlina-en-sw\/#breadcrumb","itemListElement":[{"@type":"ListItem","position":1,"name":"Home","item":"https:\/\/turijnmagazijn.nl\/it\/"},{"@type":"ListItem","position":2,"name":"Prodotti","item":"https:\/\/turijnmagazijn.nl\/it\/shop\/"},{"@type":"ListItem","position":3,"name":"Fanale posteriore esterno destro Lancia Kappa"}]},{"@type":"WebSite","@id":"https:\/\/turijnmagazijn.jumpstone-dev.nl\/#website","url":"https:\/\/turijnmagazijn.jumpstone-dev.nl\/","name":"Turijnmagazijn","description":"Onderdelen nieuw en gebruikt - Fiat &amp; Lancia","publisher":{"@id":"https:\/\/turijnmagazijn.jumpstone-dev.nl\/#organization"},"potentialAction":[{"@type":"SearchAction","target":{"@type":"EntryPoint","urlTemplate":"https:\/\/turijnmagazijn.jumpstone-dev.nl\/?s={search_term_string}"},"query-input":{"@type":"PropertyValueSpecification","valueRequired":true,"valueName":"search_term_string"}}],"inLanguage":"it-IT"},{"@type":"Organization","@id":"https:\/\/turijnmagazijn.jumpstone-dev.nl\/#organization","name":"Turijnmagazijn","url":"https:\/\/turijnmagazijn.jumpstone-dev.nl\/","logo":{"@type":"ImageObject","inLanguage":"it-IT","@id":"https:\/\/turijnmagazijn.jumpstone-dev.nl\/#\/schema\/logo\/image\/","url":"https:\/\/turijnmagazijn.nl\/wp-content\/uploads\/2021\/02\/turijnmagazijnlogo.png","contentUrl":"https:\/\/turijnmagazijn.nl\/wp-content\/uploads\/2021\/02\/turijnmagazijnlogo.png","width":555,"height":270,"caption":"Turijnmagazijn"},"image":{"@id":"https:\/\/turijnmagazijn.jumpstone-dev.nl\/#\/schema\/logo\/image\/"},"sameAs":["https:\/\/www.facebook.com\/turijnmagazijn"]}]}},"_links":{"self":[{"href":"https:\/\/turijnmagazijn.nl\/it\/wp-json\/wp\/v2\/product\/65500","targetHints":{"allow":["GET"]}}],"collection":[{"href":"https:\/\/turijnmagazijn.nl\/it\/wp-json\/wp\/v2\/product"}],"about":[{"href":"https:\/\/turijnmagazijn.nl\/it\/wp-json\/wp\/v2\/types\/product"}],"replies":[{"embeddable":true,"href":"https:\/\/turijnmagazijn.nl\/it\/wp-json\/wp\/v2\/comments?post=65500"}],"wp:featuredmedia":[{"embeddable":true,"href":"https:\/\/turijnmagazijn.nl\/it\/wp-json\/wp\/v2\/media\/51106"}],"wp:attachment":[{"href":"https:\/\/turijnmagazijn.nl\/it\/wp-json\/wp\/v2\/media?parent=65500"}],"wp:term":[{"taxonomy":"product_brand","embeddable":true,"href":"https:\/\/turijnmagazijn.nl\/it\/wp-json\/wp\/v2\/product_brand?post=65500"},{"taxonomy":"product_cat","embeddable":true,"href":"https:\/\/turijnmagazijn.nl\/it\/wp-json\/wp\/v2\/product_cat?post=65500"},{"taxonomy":"product_tag","embeddable":true,"href":"https:\/\/turijnmagazijn.nl\/it\/wp-json\/wp\/v2\/product_tag?post=65500"}],"curies":[{"name":"wp","href":"https:\/\/api.w.org\/{rel}","templated":true}]}}