{"id":65703,"date":"2023-03-03T09:43:50","date_gmt":"2023-03-03T08:43:50","guid":{"rendered":"https:\/\/turijnmagazijn.nl\/product\/boccola-posteriore-braccio-oscillante-posteriore-lancia-lybra-new\/"},"modified":"2023-07-31T21:00:54","modified_gmt":"2023-07-31T19:00:54","slug":"boccola-posteriore-braccio-oscillante-posteriore-lancia-lybra-nuovo","status":"publish","type":"product","link":"https:\/\/turijnmagazijn.nl\/it\/prodotto\/boccola-posteriore-braccio-oscillante-posteriore-lancia-lybra-nuovo\/","title":{"rendered":"Boccola posteriore braccio oscillante posteriore Lancia Lybra -NEW-"},"content":{"rendered":"<p>1 boccola per la sostituzione della boccola posteriore in gomma nel braccio trasversale posteriore per Lancia Lybra. Applicabile a tutti i modelli, incluso il SW. Gli autobus sono nuove riproduzioni secondo le specifiche originali.<\/p>\n<p>Gli autobus non sono pi\u00f9 disponibili tramite Lancia, vedere il disegno per la posizione di montaggio in cui questo autobus pu\u00f2 essere utilizzato. Ogni autobus \u00e8 diverso, quindi non pu\u00f2 essere utilizzato in una posizione diversa!<\/p>\n<p>. Con 1 boccola, 1 braccio trasversale pu\u00f2 essere riparato nella posizione pertinente, uguale a sinistra e a destra, quindi per sostituire entrambe le stesse boccole a sinistra ea destra, \u00e8 necessario ordinare 2 pezzi.<\/p>\n<p>Numeri OEM per il confronto:<\/p>\n<p><span style=\"text-align: -webkit-right;\">46545808<\/span><\/p>\n<p><span style=\"text-align: -webkit-right;\">46545815<\/span><\/p>\n","protected":false},"excerpt":{"rendered":"<p><span style=\"text-align: -webkit-right;\">46545808 46545815 <\/span>Boccola posteriore posteriore Lancia Lybra -NOVIT\u00c0- &#8211; 1 boccola per sostituzione della boccola posteriore in gomma nel braccio trasversale posteriore per Lancia Lybra.<\/p>\n","protected":false},"featured_media":52194,"comment_status":"closed","ping_status":"closed","template":"","meta":{"_acf_changed":false},"product_brand":[],"product_cat":[1800,1875,1884,1879],"product_tag":[],"class_list":{"0":"post-65703","1":"product","2":"type-product","3":"status-publish","4":"has-post-thumbnail","6":"product_cat-lancia-it","7":"product_cat-lybra-839-it","8":"product_cat-sedan-lybra-839-it","9":"product_cat-sw-lybra-839-it","10":"pa_soort-onderdeel-motore-e-accessori","12":"first","13":"instock","14":"taxable","15":"shipping-taxable","16":"purchasable","17":"product-type-simple"},"acf":[],"yoast_head":"<!-- This site is optimized with the Yoast SEO plugin v27.3 - https:\/\/yoast.com\/product\/yoast-seo-wordpress\/ -->\n<title>Boccola posteriore braccio oscillante posteriore Lancia Lybra -NEW- Turijnmagazijn<\/title>\n<meta name=\"robots\" content=\"index, follow, max-snippet:-1, max-image-preview:large, max-video-preview:-1\" \/>\n<link rel=\"canonical\" href=\"https:\/\/turijnmagazijn.nl\/it\/prodotto\/boccola-posteriore-braccio-oscillante-posteriore-lancia-lybra-nuovo\/\" \/>\n<meta property=\"og:locale\" content=\"it_IT\" \/>\n<meta property=\"og:type\" content=\"article\" \/>\n<meta property=\"og:title\" content=\"Boccola posteriore braccio oscillante posteriore Lancia Lybra -NEW- Turijnmagazijn\" \/>\n<meta property=\"og:description\" content=\"46545808 46545815 Boccola posteriore posteriore Lancia Lybra -NOVIT\u00c0- - 1 boccola per sostituzione della boccola posteriore in gomma nel braccio trasversale posteriore per Lancia Lybra.\" \/>\n<meta property=\"og:url\" content=\"https:\/\/turijnmagazijn.nl\/it\/prodotto\/boccola-posteriore-braccio-oscillante-posteriore-lancia-lybra-nuovo\/\" \/>\n<meta property=\"og:site_name\" content=\"Turijnmagazijn\" \/>\n<meta property=\"article:publisher\" content=\"https:\/\/www.facebook.com\/turijnmagazijn\" \/>\n<meta property=\"article:modified_time\" content=\"2023-07-31T19:00:54+00:00\" \/>\n<meta property=\"og:image\" content=\"https:\/\/turijnmagazijn.nl\/wp-content\/uploads\/2023\/03\/DN00100059_Achterste_bus_ophanging_Lancia_Lybra_draagarm_achter_3-800x600-1.jpg\" \/>\n\t<meta property=\"og:image:width\" content=\"800\" \/>\n\t<meta property=\"og:image:height\" content=\"600\" \/>\n\t<meta property=\"og:image:type\" content=\"image\/jpeg\" \/>\n<meta name=\"twitter:card\" content=\"summary_large_image\" \/>\n<meta name=\"twitter:label1\" content=\"Tempo di lettura stimato\" \/>\n\t<meta name=\"twitter:data1\" content=\"1 minuto\" \/>\n<script type=\"application\/ld+json\" class=\"yoast-schema-graph\">{\"@context\":\"https:\\\/\\\/schema.org\",\"@graph\":[{\"@type\":\"WebPage\",\"@id\":\"https:\\\/\\\/turijnmagazijn.nl\\\/it\\\/prodotto\\\/boccola-posteriore-braccio-oscillante-posteriore-lancia-lybra-nuovo\\\/\",\"url\":\"https:\\\/\\\/turijnmagazijn.nl\\\/it\\\/prodotto\\\/boccola-posteriore-braccio-oscillante-posteriore-lancia-lybra-nuovo\\\/\",\"name\":\"Boccola posteriore braccio oscillante posteriore Lancia Lybra -NEW- Turijnmagazijn\",\"isPartOf\":{\"@id\":\"https:\\\/\\\/turijnmagazijn.jumpstone-dev.nl\\\/#website\"},\"primaryImageOfPage\":{\"@id\":\"https:\\\/\\\/turijnmagazijn.nl\\\/it\\\/prodotto\\\/boccola-posteriore-braccio-oscillante-posteriore-lancia-lybra-nuovo\\\/#primaryimage\"},\"image\":{\"@id\":\"https:\\\/\\\/turijnmagazijn.nl\\\/it\\\/prodotto\\\/boccola-posteriore-braccio-oscillante-posteriore-lancia-lybra-nuovo\\\/#primaryimage\"},\"thumbnailUrl\":\"https:\\\/\\\/turijnmagazijn.nl\\\/wp-content\\\/uploads\\\/2023\\\/03\\\/DN00100059_Achterste_bus_ophanging_Lancia_Lybra_draagarm_achter_3-800x600-1.jpg\",\"datePublished\":\"2023-03-03T08:43:50+00:00\",\"dateModified\":\"2023-07-31T19:00:54+00:00\",\"breadcrumb\":{\"@id\":\"https:\\\/\\\/turijnmagazijn.nl\\\/it\\\/prodotto\\\/boccola-posteriore-braccio-oscillante-posteriore-lancia-lybra-nuovo\\\/#breadcrumb\"},\"inLanguage\":\"it-IT\",\"potentialAction\":[{\"@type\":\"ReadAction\",\"target\":[\"https:\\\/\\\/turijnmagazijn.nl\\\/it\\\/prodotto\\\/boccola-posteriore-braccio-oscillante-posteriore-lancia-lybra-nuovo\\\/\"]}]},{\"@type\":\"ImageObject\",\"inLanguage\":\"it-IT\",\"@id\":\"https:\\\/\\\/turijnmagazijn.nl\\\/it\\\/prodotto\\\/boccola-posteriore-braccio-oscillante-posteriore-lancia-lybra-nuovo\\\/#primaryimage\",\"url\":\"https:\\\/\\\/turijnmagazijn.nl\\\/wp-content\\\/uploads\\\/2023\\\/03\\\/DN00100059_Achterste_bus_ophanging_Lancia_Lybra_draagarm_achter_3-800x600-1.jpg\",\"contentUrl\":\"https:\\\/\\\/turijnmagazijn.nl\\\/wp-content\\\/uploads\\\/2023\\\/03\\\/DN00100059_Achterste_bus_ophanging_Lancia_Lybra_draagarm_achter_3-800x600-1.jpg\",\"width\":800,\"height\":600},{\"@type\":\"BreadcrumbList\",\"@id\":\"https:\\\/\\\/turijnmagazijn.nl\\\/it\\\/prodotto\\\/boccola-posteriore-braccio-oscillante-posteriore-lancia-lybra-nuovo\\\/#breadcrumb\",\"itemListElement\":[{\"@type\":\"ListItem\",\"position\":1,\"name\":\"Home\",\"item\":\"https:\\\/\\\/turijnmagazijn.nl\\\/it\\\/\"},{\"@type\":\"ListItem\",\"position\":2,\"name\":\"Prodotti\",\"item\":\"https:\\\/\\\/turijnmagazijn.nl\\\/it\\\/shop\\\/\"},{\"@type\":\"ListItem\",\"position\":3,\"name\":\"Boccola posteriore braccio oscillante posteriore Lancia Lybra -NEW-\"}]},{\"@type\":\"WebSite\",\"@id\":\"https:\\\/\\\/turijnmagazijn.jumpstone-dev.nl\\\/#website\",\"url\":\"https:\\\/\\\/turijnmagazijn.jumpstone-dev.nl\\\/\",\"name\":\"Turijnmagazijn\",\"description\":\"Onderdelen nieuw en gebruikt - Fiat &amp; Lancia\",\"publisher\":{\"@id\":\"https:\\\/\\\/turijnmagazijn.jumpstone-dev.nl\\\/#organization\"},\"potentialAction\":[{\"@type\":\"SearchAction\",\"target\":{\"@type\":\"EntryPoint\",\"urlTemplate\":\"https:\\\/\\\/turijnmagazijn.jumpstone-dev.nl\\\/?s={search_term_string}\"},\"query-input\":{\"@type\":\"PropertyValueSpecification\",\"valueRequired\":true,\"valueName\":\"search_term_string\"}}],\"inLanguage\":\"it-IT\"},{\"@type\":\"Organization\",\"@id\":\"https:\\\/\\\/turijnmagazijn.jumpstone-dev.nl\\\/#organization\",\"name\":\"Turijnmagazijn\",\"url\":\"https:\\\/\\\/turijnmagazijn.jumpstone-dev.nl\\\/\",\"logo\":{\"@type\":\"ImageObject\",\"inLanguage\":\"it-IT\",\"@id\":\"https:\\\/\\\/turijnmagazijn.jumpstone-dev.nl\\\/#\\\/schema\\\/logo\\\/image\\\/\",\"url\":\"https:\\\/\\\/turijnmagazijn.nl\\\/wp-content\\\/uploads\\\/2021\\\/02\\\/turijnmagazijnlogo.png\",\"contentUrl\":\"https:\\\/\\\/turijnmagazijn.nl\\\/wp-content\\\/uploads\\\/2021\\\/02\\\/turijnmagazijnlogo.png\",\"width\":555,\"height\":270,\"caption\":\"Turijnmagazijn\"},\"image\":{\"@id\":\"https:\\\/\\\/turijnmagazijn.jumpstone-dev.nl\\\/#\\\/schema\\\/logo\\\/image\\\/\"},\"sameAs\":[\"https:\\\/\\\/www.facebook.com\\\/turijnmagazijn\"]}]}<\/script>\n<!-- \/ Yoast SEO plugin. -->","yoast_head_json":{"title":"Boccola posteriore braccio oscillante posteriore Lancia Lybra -NEW- Turijnmagazijn","robots":{"index":"index","follow":"follow","max-snippet":"max-snippet:-1","max-image-preview":"max-image-preview:large","max-video-preview":"max-video-preview:-1"},"canonical":"https:\/\/turijnmagazijn.nl\/it\/prodotto\/boccola-posteriore-braccio-oscillante-posteriore-lancia-lybra-nuovo\/","og_locale":"it_IT","og_type":"article","og_title":"Boccola posteriore braccio oscillante posteriore Lancia Lybra -NEW- Turijnmagazijn","og_description":"46545808 46545815 Boccola posteriore posteriore Lancia Lybra -NOVIT\u00c0- - 1 boccola per sostituzione della boccola posteriore in gomma nel braccio trasversale posteriore per Lancia Lybra.","og_url":"https:\/\/turijnmagazijn.nl\/it\/prodotto\/boccola-posteriore-braccio-oscillante-posteriore-lancia-lybra-nuovo\/","og_site_name":"Turijnmagazijn","article_publisher":"https:\/\/www.facebook.com\/turijnmagazijn","article_modified_time":"2023-07-31T19:00:54+00:00","og_image":[{"width":800,"height":600,"url":"https:\/\/turijnmagazijn.nl\/wp-content\/uploads\/2023\/03\/DN00100059_Achterste_bus_ophanging_Lancia_Lybra_draagarm_achter_3-800x600-1.jpg","type":"image\/jpeg"}],"twitter_card":"summary_large_image","twitter_misc":{"Tempo di lettura stimato":"1 minuto"},"schema":{"@context":"https:\/\/schema.org","@graph":[{"@type":"WebPage","@id":"https:\/\/turijnmagazijn.nl\/it\/prodotto\/boccola-posteriore-braccio-oscillante-posteriore-lancia-lybra-nuovo\/","url":"https:\/\/turijnmagazijn.nl\/it\/prodotto\/boccola-posteriore-braccio-oscillante-posteriore-lancia-lybra-nuovo\/","name":"Boccola posteriore braccio oscillante posteriore Lancia Lybra -NEW- Turijnmagazijn","isPartOf":{"@id":"https:\/\/turijnmagazijn.jumpstone-dev.nl\/#website"},"primaryImageOfPage":{"@id":"https:\/\/turijnmagazijn.nl\/it\/prodotto\/boccola-posteriore-braccio-oscillante-posteriore-lancia-lybra-nuovo\/#primaryimage"},"image":{"@id":"https:\/\/turijnmagazijn.nl\/it\/prodotto\/boccola-posteriore-braccio-oscillante-posteriore-lancia-lybra-nuovo\/#primaryimage"},"thumbnailUrl":"https:\/\/turijnmagazijn.nl\/wp-content\/uploads\/2023\/03\/DN00100059_Achterste_bus_ophanging_Lancia_Lybra_draagarm_achter_3-800x600-1.jpg","datePublished":"2023-03-03T08:43:50+00:00","dateModified":"2023-07-31T19:00:54+00:00","breadcrumb":{"@id":"https:\/\/turijnmagazijn.nl\/it\/prodotto\/boccola-posteriore-braccio-oscillante-posteriore-lancia-lybra-nuovo\/#breadcrumb"},"inLanguage":"it-IT","potentialAction":[{"@type":"ReadAction","target":["https:\/\/turijnmagazijn.nl\/it\/prodotto\/boccola-posteriore-braccio-oscillante-posteriore-lancia-lybra-nuovo\/"]}]},{"@type":"ImageObject","inLanguage":"it-IT","@id":"https:\/\/turijnmagazijn.nl\/it\/prodotto\/boccola-posteriore-braccio-oscillante-posteriore-lancia-lybra-nuovo\/#primaryimage","url":"https:\/\/turijnmagazijn.nl\/wp-content\/uploads\/2023\/03\/DN00100059_Achterste_bus_ophanging_Lancia_Lybra_draagarm_achter_3-800x600-1.jpg","contentUrl":"https:\/\/turijnmagazijn.nl\/wp-content\/uploads\/2023\/03\/DN00100059_Achterste_bus_ophanging_Lancia_Lybra_draagarm_achter_3-800x600-1.jpg","width":800,"height":600},{"@type":"BreadcrumbList","@id":"https:\/\/turijnmagazijn.nl\/it\/prodotto\/boccola-posteriore-braccio-oscillante-posteriore-lancia-lybra-nuovo\/#breadcrumb","itemListElement":[{"@type":"ListItem","position":1,"name":"Home","item":"https:\/\/turijnmagazijn.nl\/it\/"},{"@type":"ListItem","position":2,"name":"Prodotti","item":"https:\/\/turijnmagazijn.nl\/it\/shop\/"},{"@type":"ListItem","position":3,"name":"Boccola posteriore braccio oscillante posteriore Lancia Lybra -NEW-"}]},{"@type":"WebSite","@id":"https:\/\/turijnmagazijn.jumpstone-dev.nl\/#website","url":"https:\/\/turijnmagazijn.jumpstone-dev.nl\/","name":"Turijnmagazijn","description":"Onderdelen nieuw en gebruikt - Fiat &amp; Lancia","publisher":{"@id":"https:\/\/turijnmagazijn.jumpstone-dev.nl\/#organization"},"potentialAction":[{"@type":"SearchAction","target":{"@type":"EntryPoint","urlTemplate":"https:\/\/turijnmagazijn.jumpstone-dev.nl\/?s={search_term_string}"},"query-input":{"@type":"PropertyValueSpecification","valueRequired":true,"valueName":"search_term_string"}}],"inLanguage":"it-IT"},{"@type":"Organization","@id":"https:\/\/turijnmagazijn.jumpstone-dev.nl\/#organization","name":"Turijnmagazijn","url":"https:\/\/turijnmagazijn.jumpstone-dev.nl\/","logo":{"@type":"ImageObject","inLanguage":"it-IT","@id":"https:\/\/turijnmagazijn.jumpstone-dev.nl\/#\/schema\/logo\/image\/","url":"https:\/\/turijnmagazijn.nl\/wp-content\/uploads\/2021\/02\/turijnmagazijnlogo.png","contentUrl":"https:\/\/turijnmagazijn.nl\/wp-content\/uploads\/2021\/02\/turijnmagazijnlogo.png","width":555,"height":270,"caption":"Turijnmagazijn"},"image":{"@id":"https:\/\/turijnmagazijn.jumpstone-dev.nl\/#\/schema\/logo\/image\/"},"sameAs":["https:\/\/www.facebook.com\/turijnmagazijn"]}]}},"_links":{"self":[{"href":"https:\/\/turijnmagazijn.nl\/it\/wp-json\/wp\/v2\/product\/65703","targetHints":{"allow":["GET"]}}],"collection":[{"href":"https:\/\/turijnmagazijn.nl\/it\/wp-json\/wp\/v2\/product"}],"about":[{"href":"https:\/\/turijnmagazijn.nl\/it\/wp-json\/wp\/v2\/types\/product"}],"replies":[{"embeddable":true,"href":"https:\/\/turijnmagazijn.nl\/it\/wp-json\/wp\/v2\/comments?post=65703"}],"wp:featuredmedia":[{"embeddable":true,"href":"https:\/\/turijnmagazijn.nl\/it\/wp-json\/wp\/v2\/media\/52194"}],"wp:attachment":[{"href":"https:\/\/turijnmagazijn.nl\/it\/wp-json\/wp\/v2\/media?parent=65703"}],"wp:term":[{"taxonomy":"product_brand","embeddable":true,"href":"https:\/\/turijnmagazijn.nl\/it\/wp-json\/wp\/v2\/product_brand?post=65703"},{"taxonomy":"product_cat","embeddable":true,"href":"https:\/\/turijnmagazijn.nl\/it\/wp-json\/wp\/v2\/product_cat?post=65703"},{"taxonomy":"product_tag","embeddable":true,"href":"https:\/\/turijnmagazijn.nl\/it\/wp-json\/wp\/v2\/product_tag?post=65703"}],"curies":[{"name":"wp","href":"https:\/\/api.w.org\/{rel}","templated":true}]}}