{"id":65712,"date":"2023-03-03T09:44:14","date_gmt":"2023-03-03T08:44:14","guid":{"rendered":"https:\/\/turijnmagazijn.nl\/product\/montaggio-motore-bullone-lato-carrozzeria-lancia-delta-integrale-new\/"},"modified":"2024-11-01T22:27:06","modified_gmt":"2024-11-01T21:27:06","slug":"bolt-engine-mount-body-side-lancia-delta-integral-new","status":"publish","type":"product","link":"https:\/\/turijnmagazijn.nl\/it\/prodotto\/bolt-engine-mount-body-side-lancia-delta-integral-new\/","title":{"rendered":"Montaggio motore bullone lato carrozzeria Lancia Delta Integrale -NEW-"},"content":{"rendered":"<p>Nuovo bullone (non originale) per applicazione per il montaggio del supporto motore superiore a livello del montante in alto a destra per integrale Lancia Delta. Applicabile a tutti i tipi di integrali. Questo bullone di riproduzione \u00e8 della stessa qualit\u00e0 e finitura, ma \u00e8 pi\u00f9 lungo di 5 mm rispetto all&#8217;originale. <\/p>\n<p>Questo non cambia il funzionamento. classe di resistenza 8,8 10&#215;1,25 Dimensione chiave 17 Giallo Parte numero 2 del disegno tecnico di EPER numero 1000200005 relativo all&#8217;applicazione alla Lancia Delta Integrale.<\/p>\n<p> \u00c8 richiesta una copia di questo documento per ogni autovettura.<\/p>\n<p>OEM Lancia Fiat 15888724 (solo per riferimento)<\/p>\n","protected":false},"excerpt":{"rendered":"<p>15888724 Lancia Delta Integrale -NEW- &#8211; Nuovo bullone (non originale) per applicazione per il montaggio del supporto motore superiore a livello del montante in alto a destra per integrale Lancia Delta.<\/p>\n","protected":false},"featured_media":52210,"comment_status":"open","ping_status":"closed","template":"","meta":{"_acf_changed":false},"product_brand":[],"product_cat":[1808,1820,1824,1828,1835,1832,1840,1800,1893],"product_tag":[],"class_list":{"0":"post-65712","1":"product","2":"type-product","3":"status-publish","4":"has-post-thumbnail","6":"product_cat-delta-1-831-it","7":"product_cat-gt-i-e-it","8":"product_cat-hf-4wd-it","9":"product_cat-hf-turbo-it","10":"product_cat-integrale-16v-it","11":"product_cat-integrale-8v-it","12":"product_cat-integrale-evo-it","13":"product_cat-lancia-it","14":"product_cat-thema-834-it","15":"pa_soort-onderdeel-sistemi-di-alimentazione","17":"first","18":"instock","19":"taxable","20":"shipping-taxable","21":"purchasable","22":"product-type-simple"},"acf":[],"yoast_head":"<!-- This site is optimized with the Yoast SEO plugin v27.2 - https:\/\/yoast.com\/product\/yoast-seo-wordpress\/ -->\n<title>Montaggio motore bullone lato carrozzeria Lancia Delta Integrale -NEW- Turijnmagazijn<\/title>\n<meta name=\"robots\" content=\"index, follow, max-snippet:-1, max-image-preview:large, max-video-preview:-1\" \/>\n<link rel=\"canonical\" href=\"https:\/\/turijnmagazijn.nl\/it\/prodotto\/bolt-engine-mount-body-side-lancia-delta-integral-new\/\" \/>\n<meta property=\"og:locale\" content=\"it_IT\" \/>\n<meta property=\"og:type\" content=\"article\" \/>\n<meta property=\"og:title\" content=\"Montaggio motore bullone lato carrozzeria Lancia Delta Integrale -NEW- Turijnmagazijn\" \/>\n<meta property=\"og:description\" content=\"15888724 Lancia Delta Integrale -NEW- - Nuovo bullone (non originale) per applicazione per il montaggio del supporto motore superiore a livello del montante in alto a destra per integrale Lancia Delta.\" \/>\n<meta property=\"og:url\" content=\"https:\/\/turijnmagazijn.nl\/it\/prodotto\/bolt-engine-mount-body-side-lancia-delta-integral-new\/\" \/>\n<meta property=\"og:site_name\" content=\"Turijnmagazijn\" \/>\n<meta property=\"article:publisher\" content=\"https:\/\/www.facebook.com\/turijnmagazijn\" \/>\n<meta property=\"article:modified_time\" content=\"2024-11-01T21:27:06+00:00\" \/>\n<meta property=\"og:image\" content=\"https:\/\/turijnmagazijn.nl\/wp-content\/uploads\/2023\/03\/DN00100061_Bout_motorsteun_carrosserie-zijde_Lancia_Delta_Integrale_-NIEUW-_3-1.jpg\" \/>\n\t<meta property=\"og:image:width\" content=\"800\" \/>\n\t<meta property=\"og:image:height\" content=\"600\" \/>\n\t<meta property=\"og:image:type\" content=\"image\/jpeg\" \/>\n<meta name=\"twitter:card\" content=\"summary_large_image\" \/>\n<script type=\"application\/ld+json\" class=\"yoast-schema-graph\">{\"@context\":\"https:\/\/schema.org\",\"@graph\":[{\"@type\":\"WebPage\",\"@id\":\"https:\/\/turijnmagazijn.nl\/it\/prodotto\/bolt-engine-mount-body-side-lancia-delta-integral-new\/\",\"url\":\"https:\/\/turijnmagazijn.nl\/it\/prodotto\/bolt-engine-mount-body-side-lancia-delta-integral-new\/\",\"name\":\"Montaggio motore bullone lato carrozzeria Lancia Delta Integrale -NEW- Turijnmagazijn\",\"isPartOf\":{\"@id\":\"https:\/\/turijnmagazijn.jumpstone-dev.nl\/#website\"},\"primaryImageOfPage\":{\"@id\":\"https:\/\/turijnmagazijn.nl\/it\/prodotto\/bolt-engine-mount-body-side-lancia-delta-integral-new\/#primaryimage\"},\"image\":{\"@id\":\"https:\/\/turijnmagazijn.nl\/it\/prodotto\/bolt-engine-mount-body-side-lancia-delta-integral-new\/#primaryimage\"},\"thumbnailUrl\":\"https:\/\/turijnmagazijn.nl\/wp-content\/uploads\/2023\/03\/DN00100061_Bout_motorsteun_carrosserie-zijde_Lancia_Delta_Integrale_-NIEUW-_3-1.jpg\",\"datePublished\":\"2023-03-03T08:44:14+00:00\",\"dateModified\":\"2024-11-01T21:27:06+00:00\",\"breadcrumb\":{\"@id\":\"https:\/\/turijnmagazijn.nl\/it\/prodotto\/bolt-engine-mount-body-side-lancia-delta-integral-new\/#breadcrumb\"},\"inLanguage\":\"it-IT\",\"potentialAction\":[{\"@type\":\"ReadAction\",\"target\":[\"https:\/\/turijnmagazijn.nl\/it\/prodotto\/bolt-engine-mount-body-side-lancia-delta-integral-new\/\"]}]},{\"@type\":\"ImageObject\",\"inLanguage\":\"it-IT\",\"@id\":\"https:\/\/turijnmagazijn.nl\/it\/prodotto\/bolt-engine-mount-body-side-lancia-delta-integral-new\/#primaryimage\",\"url\":\"https:\/\/turijnmagazijn.nl\/wp-content\/uploads\/2023\/03\/DN00100061_Bout_motorsteun_carrosserie-zijde_Lancia_Delta_Integrale_-NIEUW-_3-1.jpg\",\"contentUrl\":\"https:\/\/turijnmagazijn.nl\/wp-content\/uploads\/2023\/03\/DN00100061_Bout_motorsteun_carrosserie-zijde_Lancia_Delta_Integrale_-NIEUW-_3-1.jpg\",\"width\":800,\"height\":600},{\"@type\":\"BreadcrumbList\",\"@id\":\"https:\/\/turijnmagazijn.nl\/it\/prodotto\/bolt-engine-mount-body-side-lancia-delta-integral-new\/#breadcrumb\",\"itemListElement\":[{\"@type\":\"ListItem\",\"position\":1,\"name\":\"Home\",\"item\":\"https:\/\/turijnmagazijn.nl\/it\/\"},{\"@type\":\"ListItem\",\"position\":2,\"name\":\"Prodotti\",\"item\":\"https:\/\/turijnmagazijn.nl\/it\/shop\/\"},{\"@type\":\"ListItem\",\"position\":3,\"name\":\"Montaggio motore bullone lato carrozzeria Lancia Delta Integrale -NEW-\"}]},{\"@type\":\"WebSite\",\"@id\":\"https:\/\/turijnmagazijn.jumpstone-dev.nl\/#website\",\"url\":\"https:\/\/turijnmagazijn.jumpstone-dev.nl\/\",\"name\":\"Turijnmagazijn\",\"description\":\"Onderdelen nieuw en gebruikt - Fiat &amp; Lancia\",\"publisher\":{\"@id\":\"https:\/\/turijnmagazijn.jumpstone-dev.nl\/#organization\"},\"potentialAction\":[{\"@type\":\"SearchAction\",\"target\":{\"@type\":\"EntryPoint\",\"urlTemplate\":\"https:\/\/turijnmagazijn.jumpstone-dev.nl\/?s={search_term_string}\"},\"query-input\":{\"@type\":\"PropertyValueSpecification\",\"valueRequired\":true,\"valueName\":\"search_term_string\"}}],\"inLanguage\":\"it-IT\"},{\"@type\":\"Organization\",\"@id\":\"https:\/\/turijnmagazijn.jumpstone-dev.nl\/#organization\",\"name\":\"Turijnmagazijn\",\"url\":\"https:\/\/turijnmagazijn.jumpstone-dev.nl\/\",\"logo\":{\"@type\":\"ImageObject\",\"inLanguage\":\"it-IT\",\"@id\":\"https:\/\/turijnmagazijn.jumpstone-dev.nl\/#\/schema\/logo\/image\/\",\"url\":\"https:\/\/turijnmagazijn.nl\/wp-content\/uploads\/2021\/02\/turijnmagazijnlogo.png\",\"contentUrl\":\"https:\/\/turijnmagazijn.nl\/wp-content\/uploads\/2021\/02\/turijnmagazijnlogo.png\",\"width\":555,\"height\":270,\"caption\":\"Turijnmagazijn\"},\"image\":{\"@id\":\"https:\/\/turijnmagazijn.jumpstone-dev.nl\/#\/schema\/logo\/image\/\"},\"sameAs\":[\"https:\/\/www.facebook.com\/turijnmagazijn\"]}]}<\/script>\n<!-- \/ Yoast SEO plugin. -->","yoast_head_json":{"title":"Montaggio motore bullone lato carrozzeria Lancia Delta Integrale -NEW- Turijnmagazijn","robots":{"index":"index","follow":"follow","max-snippet":"max-snippet:-1","max-image-preview":"max-image-preview:large","max-video-preview":"max-video-preview:-1"},"canonical":"https:\/\/turijnmagazijn.nl\/it\/prodotto\/bolt-engine-mount-body-side-lancia-delta-integral-new\/","og_locale":"it_IT","og_type":"article","og_title":"Montaggio motore bullone lato carrozzeria Lancia Delta Integrale -NEW- Turijnmagazijn","og_description":"15888724 Lancia Delta Integrale -NEW- - Nuovo bullone (non originale) per applicazione per il montaggio del supporto motore superiore a livello del montante in alto a destra per integrale Lancia Delta.","og_url":"https:\/\/turijnmagazijn.nl\/it\/prodotto\/bolt-engine-mount-body-side-lancia-delta-integral-new\/","og_site_name":"Turijnmagazijn","article_publisher":"https:\/\/www.facebook.com\/turijnmagazijn","article_modified_time":"2024-11-01T21:27:06+00:00","og_image":[{"width":800,"height":600,"url":"https:\/\/turijnmagazijn.nl\/wp-content\/uploads\/2023\/03\/DN00100061_Bout_motorsteun_carrosserie-zijde_Lancia_Delta_Integrale_-NIEUW-_3-1.jpg","type":"image\/jpeg"}],"twitter_card":"summary_large_image","schema":{"@context":"https:\/\/schema.org","@graph":[{"@type":"WebPage","@id":"https:\/\/turijnmagazijn.nl\/it\/prodotto\/bolt-engine-mount-body-side-lancia-delta-integral-new\/","url":"https:\/\/turijnmagazijn.nl\/it\/prodotto\/bolt-engine-mount-body-side-lancia-delta-integral-new\/","name":"Montaggio motore bullone lato carrozzeria Lancia Delta Integrale -NEW- Turijnmagazijn","isPartOf":{"@id":"https:\/\/turijnmagazijn.jumpstone-dev.nl\/#website"},"primaryImageOfPage":{"@id":"https:\/\/turijnmagazijn.nl\/it\/prodotto\/bolt-engine-mount-body-side-lancia-delta-integral-new\/#primaryimage"},"image":{"@id":"https:\/\/turijnmagazijn.nl\/it\/prodotto\/bolt-engine-mount-body-side-lancia-delta-integral-new\/#primaryimage"},"thumbnailUrl":"https:\/\/turijnmagazijn.nl\/wp-content\/uploads\/2023\/03\/DN00100061_Bout_motorsteun_carrosserie-zijde_Lancia_Delta_Integrale_-NIEUW-_3-1.jpg","datePublished":"2023-03-03T08:44:14+00:00","dateModified":"2024-11-01T21:27:06+00:00","breadcrumb":{"@id":"https:\/\/turijnmagazijn.nl\/it\/prodotto\/bolt-engine-mount-body-side-lancia-delta-integral-new\/#breadcrumb"},"inLanguage":"it-IT","potentialAction":[{"@type":"ReadAction","target":["https:\/\/turijnmagazijn.nl\/it\/prodotto\/bolt-engine-mount-body-side-lancia-delta-integral-new\/"]}]},{"@type":"ImageObject","inLanguage":"it-IT","@id":"https:\/\/turijnmagazijn.nl\/it\/prodotto\/bolt-engine-mount-body-side-lancia-delta-integral-new\/#primaryimage","url":"https:\/\/turijnmagazijn.nl\/wp-content\/uploads\/2023\/03\/DN00100061_Bout_motorsteun_carrosserie-zijde_Lancia_Delta_Integrale_-NIEUW-_3-1.jpg","contentUrl":"https:\/\/turijnmagazijn.nl\/wp-content\/uploads\/2023\/03\/DN00100061_Bout_motorsteun_carrosserie-zijde_Lancia_Delta_Integrale_-NIEUW-_3-1.jpg","width":800,"height":600},{"@type":"BreadcrumbList","@id":"https:\/\/turijnmagazijn.nl\/it\/prodotto\/bolt-engine-mount-body-side-lancia-delta-integral-new\/#breadcrumb","itemListElement":[{"@type":"ListItem","position":1,"name":"Home","item":"https:\/\/turijnmagazijn.nl\/it\/"},{"@type":"ListItem","position":2,"name":"Prodotti","item":"https:\/\/turijnmagazijn.nl\/it\/shop\/"},{"@type":"ListItem","position":3,"name":"Montaggio motore bullone lato carrozzeria Lancia Delta Integrale -NEW-"}]},{"@type":"WebSite","@id":"https:\/\/turijnmagazijn.jumpstone-dev.nl\/#website","url":"https:\/\/turijnmagazijn.jumpstone-dev.nl\/","name":"Turijnmagazijn","description":"Onderdelen nieuw en gebruikt - Fiat &amp; Lancia","publisher":{"@id":"https:\/\/turijnmagazijn.jumpstone-dev.nl\/#organization"},"potentialAction":[{"@type":"SearchAction","target":{"@type":"EntryPoint","urlTemplate":"https:\/\/turijnmagazijn.jumpstone-dev.nl\/?s={search_term_string}"},"query-input":{"@type":"PropertyValueSpecification","valueRequired":true,"valueName":"search_term_string"}}],"inLanguage":"it-IT"},{"@type":"Organization","@id":"https:\/\/turijnmagazijn.jumpstone-dev.nl\/#organization","name":"Turijnmagazijn","url":"https:\/\/turijnmagazijn.jumpstone-dev.nl\/","logo":{"@type":"ImageObject","inLanguage":"it-IT","@id":"https:\/\/turijnmagazijn.jumpstone-dev.nl\/#\/schema\/logo\/image\/","url":"https:\/\/turijnmagazijn.nl\/wp-content\/uploads\/2021\/02\/turijnmagazijnlogo.png","contentUrl":"https:\/\/turijnmagazijn.nl\/wp-content\/uploads\/2021\/02\/turijnmagazijnlogo.png","width":555,"height":270,"caption":"Turijnmagazijn"},"image":{"@id":"https:\/\/turijnmagazijn.jumpstone-dev.nl\/#\/schema\/logo\/image\/"},"sameAs":["https:\/\/www.facebook.com\/turijnmagazijn"]}]}},"_links":{"self":[{"href":"https:\/\/turijnmagazijn.nl\/it\/wp-json\/wp\/v2\/product\/65712","targetHints":{"allow":["GET"]}}],"collection":[{"href":"https:\/\/turijnmagazijn.nl\/it\/wp-json\/wp\/v2\/product"}],"about":[{"href":"https:\/\/turijnmagazijn.nl\/it\/wp-json\/wp\/v2\/types\/product"}],"replies":[{"embeddable":true,"href":"https:\/\/turijnmagazijn.nl\/it\/wp-json\/wp\/v2\/comments?post=65712"}],"wp:featuredmedia":[{"embeddable":true,"href":"https:\/\/turijnmagazijn.nl\/it\/wp-json\/wp\/v2\/media\/52210"}],"wp:attachment":[{"href":"https:\/\/turijnmagazijn.nl\/it\/wp-json\/wp\/v2\/media?parent=65712"}],"wp:term":[{"taxonomy":"product_brand","embeddable":true,"href":"https:\/\/turijnmagazijn.nl\/it\/wp-json\/wp\/v2\/product_brand?post=65712"},{"taxonomy":"product_cat","embeddable":true,"href":"https:\/\/turijnmagazijn.nl\/it\/wp-json\/wp\/v2\/product_cat?post=65712"},{"taxonomy":"product_tag","embeddable":true,"href":"https:\/\/turijnmagazijn.nl\/it\/wp-json\/wp\/v2\/product_tag?post=65712"}],"curies":[{"name":"wp","href":"https:\/\/api.w.org\/{rel}","templated":true}]}}