{"id":65730,"date":"2023-03-03T09:45:28","date_gmt":"2023-03-03T08:45:28","guid":{"rendered":"https:\/\/turijnmagazijn.nl\/product\/sonda-lambda-vari-motori-a-benzina-lancia-fiat-alfa-romeo-nuovo\/"},"modified":"2025-05-29T16:32:32","modified_gmt":"2025-05-29T14:32:32","slug":"lambda-sonda-vari-motori-benzina-lancia-fiat-alfa-romeo-nuovo","status":"publish","type":"product","link":"https:\/\/turijnmagazijn.nl\/it\/prodotto\/lambda-sonda-vari-motori-benzina-lancia-fiat-alfa-romeo-nuovo\/","title":{"rendered":"Sonda lambda vari motori a benzina Lancia-Fiat-ALfa Romeo -NUOVO-"},"content":{"rendered":"<p>Nuova sonda lambda per vari motori a benzina per Fiat Lancia e Alfa Romeo. Questo \u00e8 un articolo imitazione prodotto in Cina, quindi non una parte originale. Funziona allo stesso modo, ma \u00e8 molto pi\u00f9 economico di una sonda Lambda originale.<\/p>\n<ul class=\"mao-simpleBulletList\" style=\"margin-right: 0px; margin-bottom: 0px; margin-left: 0px; padding: 0px; list-style-position: inside; list-style-image: initial;\">\n<li>Filettatura maschio M18x1.5mm<\/li>\n<li>Chiave 22mm<\/li>\n<li>Dotato di spina AMP a 4 pin<\/li>\n<\/ul>\n<p>Applicabile ai seguenti veicoli:<\/p>\n<p class=\"p1\">Alfa Romeo<\/p>\n<p class=\"p1\">147<\/p>\n<p class=\"p1\">2001<\/p>\n<p class=\"p1\">1.6 16V T.Spark Eco<\/p>\n<p class=\"p1\">Alfa Romeo<\/p>\n<p class=\"p1\">166<\/p>\n<p class=\"p1\">1999<\/p>\n<p class=\"p1\">2.5 3.0 e 3.2 V6<\/p>\n<p class=\"p1\">Alfa Romeo<\/p>\n<p class=\"p1\">Guilietta<\/p>\n<p class=\"p1\">2010<\/p>\n<p class=\"p1\">1.4 16V<\/p>\n<p class=\"p1\">Alfa Romeo<\/p>\n<p class=\"p1\">GT<\/p>\n<p class=\"p1\">2003<\/p>\n<p class=\"p1\">3.2 V6<\/p>\n<p class=\"p1\">Alfa Romeo<\/p>\n<p class=\"p1\">telescrivente<\/p>\n<p class=\"p1\">1995<\/p>\n<p class=\"p1\">3.0 V6<\/p>\n<p class=\"p1\">Permesso<\/p>\n<p class=\"p1\">Brava<\/p>\n<p class=\"p1\">1998<\/p>\n<p class=\"p1\">1.2 16V 80<\/p>\n<p class=\"p1\">Permesso<\/p>\n<p class=\"p1\">Grande Punto<\/p>\n<p class=\"p1\">2007<\/p>\n<p class=\"p1\">1.4<\/p>\n<p class=\"p1\">Permesso<\/p>\n<p class=\"p1\">Marea Weekend<\/p>\n<p class=\"p1\">1998<\/p>\n<p class=\"p1\">1.2 16V<\/p>\n<p class=\"p1\">Permesso<\/p>\n<p class=\"p1\">Punto<\/p>\n<p class=\"p1\">1999<\/p>\n<p class=\"p1\">1.2 16V 80<\/p>\n<p class=\"p1\">Permesso<\/p>\n<p class=\"p1\">Stilo<\/p>\n<p class=\"p1\">2004<\/p>\n<p class=\"p1\">1.4 16V<\/p>\n<p class=\"p1\">Permesso<\/p>\n<p class=\"p1\">Stilo<\/p>\n<p class=\"p1\">2002<\/p>\n<p class=\"p1\">1.2 16V<\/p>\n<p class=\"p1\">Permesso<\/p>\n<p class=\"p1\">Stilo Multi<\/p>\n<p class=\"p1\">2008<\/p>\n<p class=\"p1\">1.4 16V<\/p>\n<p class=\"p1\">Lancia<\/p>\n<p class=\"p1\">Delta<\/p>\n<p class=\"p1\">2008<\/p>\n<p class=\"p1\">1.4<\/p>\n<p class=\"p1\">Lancia<\/p>\n<p class=\"p1\">Y<\/p>\n<p class=\"p1\">2003<\/p>\n<p class=\"p1\">1.2 16V<\/p>\n<p class=\"p1\">Lancia<\/p>\n<p class=\"p1\">Tesi<\/p>\n<p class=\"p1\">2002<\/p>\n<p class=\"p1\">2.0 20V turbo e 2.4 20V<\/p>\n<p class=\"p1\">Lancia<\/p>\n<p class=\"p1\">Musa<\/p>\n<p class=\"p1\">2004<\/p>\n<p class=\"p1\">1.4 16V<\/p>\n<p class=\"p1\">Lancia<\/p>\n<p class=\"p1\">Bilancia<\/p>\n<p class=\"p1\">1999<\/p>\n<p class=\"p1\">2.0 20V<\/p>\n<p>&nbsp;<\/p>\n<p>Numero OEM per riferimento 46751082<\/p>\n<p>&nbsp;<\/p>\n","protected":false},"excerpt":{"rendered":"<p>46751082 Sonda lambda vari motori a benzina Lancia-Fiat-ALfa Romeo -NEW- &#8211; Nuova sensore Lambda per vari motori a benzina per Fiat Lancia e Alfa Romeo.<\/p>\n","protected":false},"featured_media":52418,"comment_status":"open","ping_status":"closed","template":"","meta":{"_acf_changed":false},"product_brand":[],"product_cat":[1608,1649,1696,1583,1854,1691,1732,1630,1633,1800,1875,1733,1764,1906,1915],"product_tag":[],"class_list":{"0":"post-65730","1":"product","2":"type-product","3":"status-publish","4":"has-post-thumbnail","6":"product_cat-147-937-it","7":"product_cat-166-936-it","8":"product_cat-500-312-it","9":"product_cat-alfa-romeo-it","10":"product_cat-delta-3-844-it","11":"product_cat-fiat-it","12":"product_cat-grande-punto-199-it","13":"product_cat-gt-937-it","14":"product_cat-gtv-916-it","15":"product_cat-lancia-it","16":"product_cat-lybra-839-it","17":"product_cat-marea-185-it","18":"product_cat-stilo-192-it","19":"product_cat-thesis-841-it","20":"product_cat-ypsilon-1-840-it","21":"pa_soort-onderdeel-motore-e-accessori","23":"first","24":"instock","25":"taxable","26":"shipping-taxable","27":"purchasable","28":"product-type-simple"},"acf":[],"yoast_head":"<!-- This site is optimized with the Yoast SEO plugin v27.3 - https:\/\/yoast.com\/product\/yoast-seo-wordpress\/ -->\n<title>Sonda lambda vari motori a benzina Lancia-Fiat-ALfa Romeo -NUOVO- Turijnmagazijn<\/title>\n<meta name=\"robots\" content=\"index, follow, max-snippet:-1, max-image-preview:large, max-video-preview:-1\" \/>\n<link rel=\"canonical\" href=\"https:\/\/turijnmagazijn.nl\/it\/prodotto\/lambda-sonda-vari-motori-benzina-lancia-fiat-alfa-romeo-nuovo\/\" \/>\n<meta property=\"og:locale\" content=\"it_IT\" \/>\n<meta property=\"og:type\" content=\"article\" \/>\n<meta property=\"og:title\" content=\"Sonda lambda vari motori a benzina Lancia-Fiat-ALfa Romeo -NUOVO- Turijnmagazijn\" \/>\n<meta property=\"og:description\" content=\"46751082 Sonda lambda vari motori a benzina Lancia-Fiat-ALfa Romeo -NEW- - Nuova sensore Lambda per vari motori a benzina per Fiat Lancia e Alfa Romeo.\" \/>\n<meta property=\"og:url\" content=\"https:\/\/turijnmagazijn.nl\/it\/prodotto\/lambda-sonda-vari-motori-benzina-lancia-fiat-alfa-romeo-nuovo\/\" \/>\n<meta property=\"og:site_name\" content=\"Turijnmagazijn\" \/>\n<meta property=\"article:publisher\" content=\"https:\/\/www.facebook.com\/turijnmagazijn\" \/>\n<meta property=\"article:modified_time\" content=\"2025-05-29T14:32:32+00:00\" \/>\n<meta property=\"og:image\" content=\"https:\/\/turijnmagazijn.nl\/wp-content\/uploads\/2023\/03\/DN00100079-Lambda-sonde-diverse-benzine-motoren-Lancia-Fiat-ALfa-Romeo-NIEUW-4-1.jpg\" \/>\n\t<meta property=\"og:image:width\" content=\"1024\" \/>\n\t<meta property=\"og:image:height\" content=\"768\" \/>\n\t<meta property=\"og:image:type\" content=\"image\/jpeg\" \/>\n<meta name=\"twitter:card\" content=\"summary_large_image\" \/>\n<meta name=\"twitter:label1\" content=\"Tempo di lettura stimato\" \/>\n\t<meta name=\"twitter:data1\" content=\"1 minuto\" \/>\n<script type=\"application\/ld+json\" class=\"yoast-schema-graph\">{\"@context\":\"https:\\\/\\\/schema.org\",\"@graph\":[{\"@type\":\"WebPage\",\"@id\":\"https:\\\/\\\/turijnmagazijn.nl\\\/it\\\/prodotto\\\/lambda-sonda-vari-motori-benzina-lancia-fiat-alfa-romeo-nuovo\\\/\",\"url\":\"https:\\\/\\\/turijnmagazijn.nl\\\/it\\\/prodotto\\\/lambda-sonda-vari-motori-benzina-lancia-fiat-alfa-romeo-nuovo\\\/\",\"name\":\"Sonda lambda vari motori a benzina Lancia-Fiat-ALfa Romeo -NUOVO- Turijnmagazijn\",\"isPartOf\":{\"@id\":\"https:\\\/\\\/turijnmagazijn.jumpstone-dev.nl\\\/#website\"},\"primaryImageOfPage\":{\"@id\":\"https:\\\/\\\/turijnmagazijn.nl\\\/it\\\/prodotto\\\/lambda-sonda-vari-motori-benzina-lancia-fiat-alfa-romeo-nuovo\\\/#primaryimage\"},\"image\":{\"@id\":\"https:\\\/\\\/turijnmagazijn.nl\\\/it\\\/prodotto\\\/lambda-sonda-vari-motori-benzina-lancia-fiat-alfa-romeo-nuovo\\\/#primaryimage\"},\"thumbnailUrl\":\"https:\\\/\\\/turijnmagazijn.nl\\\/wp-content\\\/uploads\\\/2023\\\/03\\\/DN00100079-Lambda-sonde-diverse-benzine-motoren-Lancia-Fiat-ALfa-Romeo-NIEUW-4-1.jpg\",\"datePublished\":\"2023-03-03T08:45:28+00:00\",\"dateModified\":\"2025-05-29T14:32:32+00:00\",\"breadcrumb\":{\"@id\":\"https:\\\/\\\/turijnmagazijn.nl\\\/it\\\/prodotto\\\/lambda-sonda-vari-motori-benzina-lancia-fiat-alfa-romeo-nuovo\\\/#breadcrumb\"},\"inLanguage\":\"it-IT\",\"potentialAction\":[{\"@type\":\"ReadAction\",\"target\":[\"https:\\\/\\\/turijnmagazijn.nl\\\/it\\\/prodotto\\\/lambda-sonda-vari-motori-benzina-lancia-fiat-alfa-romeo-nuovo\\\/\"]}]},{\"@type\":\"ImageObject\",\"inLanguage\":\"it-IT\",\"@id\":\"https:\\\/\\\/turijnmagazijn.nl\\\/it\\\/prodotto\\\/lambda-sonda-vari-motori-benzina-lancia-fiat-alfa-romeo-nuovo\\\/#primaryimage\",\"url\":\"https:\\\/\\\/turijnmagazijn.nl\\\/wp-content\\\/uploads\\\/2023\\\/03\\\/DN00100079-Lambda-sonde-diverse-benzine-motoren-Lancia-Fiat-ALfa-Romeo-NIEUW-4-1.jpg\",\"contentUrl\":\"https:\\\/\\\/turijnmagazijn.nl\\\/wp-content\\\/uploads\\\/2023\\\/03\\\/DN00100079-Lambda-sonde-diverse-benzine-motoren-Lancia-Fiat-ALfa-Romeo-NIEUW-4-1.jpg\",\"width\":1024,\"height\":768},{\"@type\":\"BreadcrumbList\",\"@id\":\"https:\\\/\\\/turijnmagazijn.nl\\\/it\\\/prodotto\\\/lambda-sonda-vari-motori-benzina-lancia-fiat-alfa-romeo-nuovo\\\/#breadcrumb\",\"itemListElement\":[{\"@type\":\"ListItem\",\"position\":1,\"name\":\"Home\",\"item\":\"https:\\\/\\\/turijnmagazijn.nl\\\/it\\\/\"},{\"@type\":\"ListItem\",\"position\":2,\"name\":\"Prodotti\",\"item\":\"https:\\\/\\\/turijnmagazijn.nl\\\/it\\\/shop\\\/\"},{\"@type\":\"ListItem\",\"position\":3,\"name\":\"Sonda lambda vari motori a benzina Lancia-Fiat-ALfa Romeo -NUOVO-\"}]},{\"@type\":\"WebSite\",\"@id\":\"https:\\\/\\\/turijnmagazijn.jumpstone-dev.nl\\\/#website\",\"url\":\"https:\\\/\\\/turijnmagazijn.jumpstone-dev.nl\\\/\",\"name\":\"Turijnmagazijn\",\"description\":\"Onderdelen nieuw en gebruikt - Fiat &amp; Lancia\",\"publisher\":{\"@id\":\"https:\\\/\\\/turijnmagazijn.jumpstone-dev.nl\\\/#organization\"},\"potentialAction\":[{\"@type\":\"SearchAction\",\"target\":{\"@type\":\"EntryPoint\",\"urlTemplate\":\"https:\\\/\\\/turijnmagazijn.jumpstone-dev.nl\\\/?s={search_term_string}\"},\"query-input\":{\"@type\":\"PropertyValueSpecification\",\"valueRequired\":true,\"valueName\":\"search_term_string\"}}],\"inLanguage\":\"it-IT\"},{\"@type\":\"Organization\",\"@id\":\"https:\\\/\\\/turijnmagazijn.jumpstone-dev.nl\\\/#organization\",\"name\":\"Turijnmagazijn\",\"url\":\"https:\\\/\\\/turijnmagazijn.jumpstone-dev.nl\\\/\",\"logo\":{\"@type\":\"ImageObject\",\"inLanguage\":\"it-IT\",\"@id\":\"https:\\\/\\\/turijnmagazijn.jumpstone-dev.nl\\\/#\\\/schema\\\/logo\\\/image\\\/\",\"url\":\"https:\\\/\\\/turijnmagazijn.nl\\\/wp-content\\\/uploads\\\/2021\\\/02\\\/turijnmagazijnlogo.png\",\"contentUrl\":\"https:\\\/\\\/turijnmagazijn.nl\\\/wp-content\\\/uploads\\\/2021\\\/02\\\/turijnmagazijnlogo.png\",\"width\":555,\"height\":270,\"caption\":\"Turijnmagazijn\"},\"image\":{\"@id\":\"https:\\\/\\\/turijnmagazijn.jumpstone-dev.nl\\\/#\\\/schema\\\/logo\\\/image\\\/\"},\"sameAs\":[\"https:\\\/\\\/www.facebook.com\\\/turijnmagazijn\"]}]}<\/script>\n<!-- \/ Yoast SEO plugin. -->","yoast_head_json":{"title":"Sonda lambda vari motori a benzina Lancia-Fiat-ALfa Romeo -NUOVO- Turijnmagazijn","robots":{"index":"index","follow":"follow","max-snippet":"max-snippet:-1","max-image-preview":"max-image-preview:large","max-video-preview":"max-video-preview:-1"},"canonical":"https:\/\/turijnmagazijn.nl\/it\/prodotto\/lambda-sonda-vari-motori-benzina-lancia-fiat-alfa-romeo-nuovo\/","og_locale":"it_IT","og_type":"article","og_title":"Sonda lambda vari motori a benzina Lancia-Fiat-ALfa Romeo -NUOVO- Turijnmagazijn","og_description":"46751082 Sonda lambda vari motori a benzina Lancia-Fiat-ALfa Romeo -NEW- - Nuova sensore Lambda per vari motori a benzina per Fiat Lancia e Alfa Romeo.","og_url":"https:\/\/turijnmagazijn.nl\/it\/prodotto\/lambda-sonda-vari-motori-benzina-lancia-fiat-alfa-romeo-nuovo\/","og_site_name":"Turijnmagazijn","article_publisher":"https:\/\/www.facebook.com\/turijnmagazijn","article_modified_time":"2025-05-29T14:32:32+00:00","og_image":[{"width":1024,"height":768,"url":"https:\/\/turijnmagazijn.nl\/wp-content\/uploads\/2023\/03\/DN00100079-Lambda-sonde-diverse-benzine-motoren-Lancia-Fiat-ALfa-Romeo-NIEUW-4-1.jpg","type":"image\/jpeg"}],"twitter_card":"summary_large_image","twitter_misc":{"Tempo di lettura stimato":"1 minuto"},"schema":{"@context":"https:\/\/schema.org","@graph":[{"@type":"WebPage","@id":"https:\/\/turijnmagazijn.nl\/it\/prodotto\/lambda-sonda-vari-motori-benzina-lancia-fiat-alfa-romeo-nuovo\/","url":"https:\/\/turijnmagazijn.nl\/it\/prodotto\/lambda-sonda-vari-motori-benzina-lancia-fiat-alfa-romeo-nuovo\/","name":"Sonda lambda vari motori a benzina Lancia-Fiat-ALfa Romeo -NUOVO- Turijnmagazijn","isPartOf":{"@id":"https:\/\/turijnmagazijn.jumpstone-dev.nl\/#website"},"primaryImageOfPage":{"@id":"https:\/\/turijnmagazijn.nl\/it\/prodotto\/lambda-sonda-vari-motori-benzina-lancia-fiat-alfa-romeo-nuovo\/#primaryimage"},"image":{"@id":"https:\/\/turijnmagazijn.nl\/it\/prodotto\/lambda-sonda-vari-motori-benzina-lancia-fiat-alfa-romeo-nuovo\/#primaryimage"},"thumbnailUrl":"https:\/\/turijnmagazijn.nl\/wp-content\/uploads\/2023\/03\/DN00100079-Lambda-sonde-diverse-benzine-motoren-Lancia-Fiat-ALfa-Romeo-NIEUW-4-1.jpg","datePublished":"2023-03-03T08:45:28+00:00","dateModified":"2025-05-29T14:32:32+00:00","breadcrumb":{"@id":"https:\/\/turijnmagazijn.nl\/it\/prodotto\/lambda-sonda-vari-motori-benzina-lancia-fiat-alfa-romeo-nuovo\/#breadcrumb"},"inLanguage":"it-IT","potentialAction":[{"@type":"ReadAction","target":["https:\/\/turijnmagazijn.nl\/it\/prodotto\/lambda-sonda-vari-motori-benzina-lancia-fiat-alfa-romeo-nuovo\/"]}]},{"@type":"ImageObject","inLanguage":"it-IT","@id":"https:\/\/turijnmagazijn.nl\/it\/prodotto\/lambda-sonda-vari-motori-benzina-lancia-fiat-alfa-romeo-nuovo\/#primaryimage","url":"https:\/\/turijnmagazijn.nl\/wp-content\/uploads\/2023\/03\/DN00100079-Lambda-sonde-diverse-benzine-motoren-Lancia-Fiat-ALfa-Romeo-NIEUW-4-1.jpg","contentUrl":"https:\/\/turijnmagazijn.nl\/wp-content\/uploads\/2023\/03\/DN00100079-Lambda-sonde-diverse-benzine-motoren-Lancia-Fiat-ALfa-Romeo-NIEUW-4-1.jpg","width":1024,"height":768},{"@type":"BreadcrumbList","@id":"https:\/\/turijnmagazijn.nl\/it\/prodotto\/lambda-sonda-vari-motori-benzina-lancia-fiat-alfa-romeo-nuovo\/#breadcrumb","itemListElement":[{"@type":"ListItem","position":1,"name":"Home","item":"https:\/\/turijnmagazijn.nl\/it\/"},{"@type":"ListItem","position":2,"name":"Prodotti","item":"https:\/\/turijnmagazijn.nl\/it\/shop\/"},{"@type":"ListItem","position":3,"name":"Sonda lambda vari motori a benzina Lancia-Fiat-ALfa Romeo -NUOVO-"}]},{"@type":"WebSite","@id":"https:\/\/turijnmagazijn.jumpstone-dev.nl\/#website","url":"https:\/\/turijnmagazijn.jumpstone-dev.nl\/","name":"Turijnmagazijn","description":"Onderdelen nieuw en gebruikt - Fiat &amp; Lancia","publisher":{"@id":"https:\/\/turijnmagazijn.jumpstone-dev.nl\/#organization"},"potentialAction":[{"@type":"SearchAction","target":{"@type":"EntryPoint","urlTemplate":"https:\/\/turijnmagazijn.jumpstone-dev.nl\/?s={search_term_string}"},"query-input":{"@type":"PropertyValueSpecification","valueRequired":true,"valueName":"search_term_string"}}],"inLanguage":"it-IT"},{"@type":"Organization","@id":"https:\/\/turijnmagazijn.jumpstone-dev.nl\/#organization","name":"Turijnmagazijn","url":"https:\/\/turijnmagazijn.jumpstone-dev.nl\/","logo":{"@type":"ImageObject","inLanguage":"it-IT","@id":"https:\/\/turijnmagazijn.jumpstone-dev.nl\/#\/schema\/logo\/image\/","url":"https:\/\/turijnmagazijn.nl\/wp-content\/uploads\/2021\/02\/turijnmagazijnlogo.png","contentUrl":"https:\/\/turijnmagazijn.nl\/wp-content\/uploads\/2021\/02\/turijnmagazijnlogo.png","width":555,"height":270,"caption":"Turijnmagazijn"},"image":{"@id":"https:\/\/turijnmagazijn.jumpstone-dev.nl\/#\/schema\/logo\/image\/"},"sameAs":["https:\/\/www.facebook.com\/turijnmagazijn"]}]}},"_links":{"self":[{"href":"https:\/\/turijnmagazijn.nl\/it\/wp-json\/wp\/v2\/product\/65730","targetHints":{"allow":["GET"]}}],"collection":[{"href":"https:\/\/turijnmagazijn.nl\/it\/wp-json\/wp\/v2\/product"}],"about":[{"href":"https:\/\/turijnmagazijn.nl\/it\/wp-json\/wp\/v2\/types\/product"}],"replies":[{"embeddable":true,"href":"https:\/\/turijnmagazijn.nl\/it\/wp-json\/wp\/v2\/comments?post=65730"}],"wp:featuredmedia":[{"embeddable":true,"href":"https:\/\/turijnmagazijn.nl\/it\/wp-json\/wp\/v2\/media\/52418"}],"wp:attachment":[{"href":"https:\/\/turijnmagazijn.nl\/it\/wp-json\/wp\/v2\/media?parent=65730"}],"wp:term":[{"taxonomy":"product_brand","embeddable":true,"href":"https:\/\/turijnmagazijn.nl\/it\/wp-json\/wp\/v2\/product_brand?post=65730"},{"taxonomy":"product_cat","embeddable":true,"href":"https:\/\/turijnmagazijn.nl\/it\/wp-json\/wp\/v2\/product_cat?post=65730"},{"taxonomy":"product_tag","embeddable":true,"href":"https:\/\/turijnmagazijn.nl\/it\/wp-json\/wp\/v2\/product_tag?post=65730"}],"curies":[{"name":"wp","href":"https:\/\/api.w.org\/{rel}","templated":true}]}}