{"id":65805,"date":"2023-03-03T09:47:37","date_gmt":"2023-03-03T08:47:37","guid":{"rendered":"https:\/\/turijnmagazijn.nl\/product\/chiave-senza-elettronica-fiat-stilo-punto-ii-blu-nuovo\/"},"modified":"2026-01-08T10:46:19","modified_gmt":"2026-01-08T09:46:19","slug":"chiave-senza-elettronica-fiat-stilo-punto-ii-blu-nuovo","status":"publish","type":"product","link":"https:\/\/turijnmagazijn.nl\/it\/prodotto\/chiave-senza-elettronica-fiat-stilo-punto-ii-blu-nuovo\/","title":{"rendered":"Chiave senza elettronica Fiat Stilo Punto II Blu -NUOVO-"},"content":{"rendered":"<p>Nuovo portachiavi blu (modello a chiave pieghevole) per Fiat Stilo e Bravo I e Punto II. Si tratta di un nuovo prodotto imitazione, direttamente intercambiabile con una chiave originale Fiat. Questo \u00e8 un alloggiamento SENZA l&#8217;elettronica interna e SENZA un chip. La chiave \u00e8 dotata di una barba a chiave vuota del tipo piatto, che pu\u00f2 essere affilata da un produttore di chiavi in conformit\u00e0 con la chiave campione originale. \u00c8 anche possibile sostituire la vecchia barba svitando una vite.<\/p>\n<p>La chiave non ha un logo. Loghi adatti possono essere trovati nel nostro negozio.<\/p>\n<p>OEM Fiat 71738117 PER RIFERIMENTO, NESSUNA PARTE ORIGINALE<\/p>\n<p>&nbsp;<\/p>\n","protected":false},"excerpt":{"rendered":"<p>71738117 Key senza elettronica Fiat Stilo Punto II Blue -NEW- &#8211; Nuovo involucro chiave blu (modello chiave pieghevole) per Fiat Stilo e Bravo I e Punto II.<\/p>\n","protected":false},"featured_media":52738,"comment_status":"open","ping_status":"closed","template":"","meta":{"_acf_changed":false},"product_brand":[],"product_cat":[1696,1691,1749,1764],"product_tag":[],"class_list":{"0":"post-65805","1":"product","2":"type-product","3":"status-publish","4":"has-post-thumbnail","6":"product_cat-500-312-it","7":"product_cat-fiat-it","8":"product_cat-punto-2-188-it","9":"product_cat-stilo-192-it","10":"pa_soort-onderdeel-elettronica-e-cavi","12":"first","13":"instock","14":"taxable","15":"shipping-taxable","16":"purchasable","17":"product-type-simple"},"acf":[],"yoast_head":"<!-- This site is optimized with the Yoast SEO plugin v27.3 - https:\/\/yoast.com\/product\/yoast-seo-wordpress\/ -->\n<title>Chiave senza elettronica Fiat Stilo Punto II Blu -NUOVO- Turijnmagazijn<\/title>\n<meta name=\"robots\" content=\"index, follow, max-snippet:-1, max-image-preview:large, max-video-preview:-1\" \/>\n<link rel=\"canonical\" href=\"https:\/\/turijnmagazijn.nl\/it\/prodotto\/chiave-senza-elettronica-fiat-stilo-punto-ii-blu-nuovo\/\" \/>\n<meta property=\"og:locale\" content=\"it_IT\" \/>\n<meta property=\"og:type\" content=\"article\" \/>\n<meta property=\"og:title\" content=\"Chiave senza elettronica Fiat Stilo Punto II Blu -NUOVO- Turijnmagazijn\" \/>\n<meta property=\"og:description\" content=\"71738117 Key senza elettronica Fiat Stilo Punto II Blue -NEW- - Nuovo involucro chiave blu (modello chiave pieghevole) per Fiat Stilo e Bravo I e Punto II.\" \/>\n<meta property=\"og:url\" content=\"https:\/\/turijnmagazijn.nl\/it\/prodotto\/chiave-senza-elettronica-fiat-stilo-punto-ii-blu-nuovo\/\" \/>\n<meta property=\"og:site_name\" content=\"Turijnmagazijn\" \/>\n<meta property=\"article:publisher\" content=\"https:\/\/www.facebook.com\/turijnmagazijn\" \/>\n<meta property=\"article:modified_time\" content=\"2026-01-08T09:46:19+00:00\" \/>\n<meta property=\"og:image\" content=\"https:\/\/turijnmagazijn.nl\/wp-content\/uploads\/2023\/03\/DN00100096-Sleutel-zonder-electronica-Fiat-Stilo-Punto-II-Blauw-NIEUW-2-1.jpg\" \/>\n\t<meta property=\"og:image:width\" content=\"1024\" \/>\n\t<meta property=\"og:image:height\" content=\"768\" \/>\n\t<meta property=\"og:image:type\" content=\"image\/jpeg\" \/>\n<meta name=\"twitter:card\" content=\"summary_large_image\" \/>\n<script type=\"application\/ld+json\" class=\"yoast-schema-graph\">{\"@context\":\"https:\\\/\\\/schema.org\",\"@graph\":[{\"@type\":\"WebPage\",\"@id\":\"https:\\\/\\\/turijnmagazijn.nl\\\/it\\\/prodotto\\\/chiave-senza-elettronica-fiat-stilo-punto-ii-blu-nuovo\\\/\",\"url\":\"https:\\\/\\\/turijnmagazijn.nl\\\/it\\\/prodotto\\\/chiave-senza-elettronica-fiat-stilo-punto-ii-blu-nuovo\\\/\",\"name\":\"Chiave senza elettronica Fiat Stilo Punto II Blu -NUOVO- Turijnmagazijn\",\"isPartOf\":{\"@id\":\"https:\\\/\\\/turijnmagazijn.jumpstone-dev.nl\\\/#website\"},\"primaryImageOfPage\":{\"@id\":\"https:\\\/\\\/turijnmagazijn.nl\\\/it\\\/prodotto\\\/chiave-senza-elettronica-fiat-stilo-punto-ii-blu-nuovo\\\/#primaryimage\"},\"image\":{\"@id\":\"https:\\\/\\\/turijnmagazijn.nl\\\/it\\\/prodotto\\\/chiave-senza-elettronica-fiat-stilo-punto-ii-blu-nuovo\\\/#primaryimage\"},\"thumbnailUrl\":\"https:\\\/\\\/turijnmagazijn.nl\\\/wp-content\\\/uploads\\\/2023\\\/03\\\/DN00100096-Sleutel-zonder-electronica-Fiat-Stilo-Punto-II-Blauw-NIEUW-2-1.jpg\",\"datePublished\":\"2023-03-03T08:47:37+00:00\",\"dateModified\":\"2026-01-08T09:46:19+00:00\",\"breadcrumb\":{\"@id\":\"https:\\\/\\\/turijnmagazijn.nl\\\/it\\\/prodotto\\\/chiave-senza-elettronica-fiat-stilo-punto-ii-blu-nuovo\\\/#breadcrumb\"},\"inLanguage\":\"it-IT\",\"potentialAction\":[{\"@type\":\"ReadAction\",\"target\":[\"https:\\\/\\\/turijnmagazijn.nl\\\/it\\\/prodotto\\\/chiave-senza-elettronica-fiat-stilo-punto-ii-blu-nuovo\\\/\"]}]},{\"@type\":\"ImageObject\",\"inLanguage\":\"it-IT\",\"@id\":\"https:\\\/\\\/turijnmagazijn.nl\\\/it\\\/prodotto\\\/chiave-senza-elettronica-fiat-stilo-punto-ii-blu-nuovo\\\/#primaryimage\",\"url\":\"https:\\\/\\\/turijnmagazijn.nl\\\/wp-content\\\/uploads\\\/2023\\\/03\\\/DN00100096-Sleutel-zonder-electronica-Fiat-Stilo-Punto-II-Blauw-NIEUW-2-1.jpg\",\"contentUrl\":\"https:\\\/\\\/turijnmagazijn.nl\\\/wp-content\\\/uploads\\\/2023\\\/03\\\/DN00100096-Sleutel-zonder-electronica-Fiat-Stilo-Punto-II-Blauw-NIEUW-2-1.jpg\",\"width\":1024,\"height\":768},{\"@type\":\"BreadcrumbList\",\"@id\":\"https:\\\/\\\/turijnmagazijn.nl\\\/it\\\/prodotto\\\/chiave-senza-elettronica-fiat-stilo-punto-ii-blu-nuovo\\\/#breadcrumb\",\"itemListElement\":[{\"@type\":\"ListItem\",\"position\":1,\"name\":\"Home\",\"item\":\"https:\\\/\\\/turijnmagazijn.nl\\\/it\\\/\"},{\"@type\":\"ListItem\",\"position\":2,\"name\":\"Prodotti\",\"item\":\"https:\\\/\\\/turijnmagazijn.nl\\\/it\\\/shop\\\/\"},{\"@type\":\"ListItem\",\"position\":3,\"name\":\"Chiave senza elettronica Fiat Stilo Punto II Blu -NUOVO-\"}]},{\"@type\":\"WebSite\",\"@id\":\"https:\\\/\\\/turijnmagazijn.jumpstone-dev.nl\\\/#website\",\"url\":\"https:\\\/\\\/turijnmagazijn.jumpstone-dev.nl\\\/\",\"name\":\"Turijnmagazijn\",\"description\":\"Onderdelen nieuw en gebruikt - Fiat &amp; Lancia\",\"publisher\":{\"@id\":\"https:\\\/\\\/turijnmagazijn.jumpstone-dev.nl\\\/#organization\"},\"potentialAction\":[{\"@type\":\"SearchAction\",\"target\":{\"@type\":\"EntryPoint\",\"urlTemplate\":\"https:\\\/\\\/turijnmagazijn.jumpstone-dev.nl\\\/?s={search_term_string}\"},\"query-input\":{\"@type\":\"PropertyValueSpecification\",\"valueRequired\":true,\"valueName\":\"search_term_string\"}}],\"inLanguage\":\"it-IT\"},{\"@type\":\"Organization\",\"@id\":\"https:\\\/\\\/turijnmagazijn.jumpstone-dev.nl\\\/#organization\",\"name\":\"Turijnmagazijn\",\"url\":\"https:\\\/\\\/turijnmagazijn.jumpstone-dev.nl\\\/\",\"logo\":{\"@type\":\"ImageObject\",\"inLanguage\":\"it-IT\",\"@id\":\"https:\\\/\\\/turijnmagazijn.jumpstone-dev.nl\\\/#\\\/schema\\\/logo\\\/image\\\/\",\"url\":\"https:\\\/\\\/turijnmagazijn.nl\\\/wp-content\\\/uploads\\\/2021\\\/02\\\/turijnmagazijnlogo.png\",\"contentUrl\":\"https:\\\/\\\/turijnmagazijn.nl\\\/wp-content\\\/uploads\\\/2021\\\/02\\\/turijnmagazijnlogo.png\",\"width\":555,\"height\":270,\"caption\":\"Turijnmagazijn\"},\"image\":{\"@id\":\"https:\\\/\\\/turijnmagazijn.jumpstone-dev.nl\\\/#\\\/schema\\\/logo\\\/image\\\/\"},\"sameAs\":[\"https:\\\/\\\/www.facebook.com\\\/turijnmagazijn\"]}]}<\/script>\n<!-- \/ Yoast SEO plugin. -->","yoast_head_json":{"title":"Chiave senza elettronica Fiat Stilo Punto II Blu -NUOVO- Turijnmagazijn","robots":{"index":"index","follow":"follow","max-snippet":"max-snippet:-1","max-image-preview":"max-image-preview:large","max-video-preview":"max-video-preview:-1"},"canonical":"https:\/\/turijnmagazijn.nl\/it\/prodotto\/chiave-senza-elettronica-fiat-stilo-punto-ii-blu-nuovo\/","og_locale":"it_IT","og_type":"article","og_title":"Chiave senza elettronica Fiat Stilo Punto II Blu -NUOVO- Turijnmagazijn","og_description":"71738117 Key senza elettronica Fiat Stilo Punto II Blue -NEW- - Nuovo involucro chiave blu (modello chiave pieghevole) per Fiat Stilo e Bravo I e Punto II.","og_url":"https:\/\/turijnmagazijn.nl\/it\/prodotto\/chiave-senza-elettronica-fiat-stilo-punto-ii-blu-nuovo\/","og_site_name":"Turijnmagazijn","article_publisher":"https:\/\/www.facebook.com\/turijnmagazijn","article_modified_time":"2026-01-08T09:46:19+00:00","og_image":[{"width":1024,"height":768,"url":"https:\/\/turijnmagazijn.nl\/wp-content\/uploads\/2023\/03\/DN00100096-Sleutel-zonder-electronica-Fiat-Stilo-Punto-II-Blauw-NIEUW-2-1.jpg","type":"image\/jpeg"}],"twitter_card":"summary_large_image","schema":{"@context":"https:\/\/schema.org","@graph":[{"@type":"WebPage","@id":"https:\/\/turijnmagazijn.nl\/it\/prodotto\/chiave-senza-elettronica-fiat-stilo-punto-ii-blu-nuovo\/","url":"https:\/\/turijnmagazijn.nl\/it\/prodotto\/chiave-senza-elettronica-fiat-stilo-punto-ii-blu-nuovo\/","name":"Chiave senza elettronica Fiat Stilo Punto II Blu -NUOVO- Turijnmagazijn","isPartOf":{"@id":"https:\/\/turijnmagazijn.jumpstone-dev.nl\/#website"},"primaryImageOfPage":{"@id":"https:\/\/turijnmagazijn.nl\/it\/prodotto\/chiave-senza-elettronica-fiat-stilo-punto-ii-blu-nuovo\/#primaryimage"},"image":{"@id":"https:\/\/turijnmagazijn.nl\/it\/prodotto\/chiave-senza-elettronica-fiat-stilo-punto-ii-blu-nuovo\/#primaryimage"},"thumbnailUrl":"https:\/\/turijnmagazijn.nl\/wp-content\/uploads\/2023\/03\/DN00100096-Sleutel-zonder-electronica-Fiat-Stilo-Punto-II-Blauw-NIEUW-2-1.jpg","datePublished":"2023-03-03T08:47:37+00:00","dateModified":"2026-01-08T09:46:19+00:00","breadcrumb":{"@id":"https:\/\/turijnmagazijn.nl\/it\/prodotto\/chiave-senza-elettronica-fiat-stilo-punto-ii-blu-nuovo\/#breadcrumb"},"inLanguage":"it-IT","potentialAction":[{"@type":"ReadAction","target":["https:\/\/turijnmagazijn.nl\/it\/prodotto\/chiave-senza-elettronica-fiat-stilo-punto-ii-blu-nuovo\/"]}]},{"@type":"ImageObject","inLanguage":"it-IT","@id":"https:\/\/turijnmagazijn.nl\/it\/prodotto\/chiave-senza-elettronica-fiat-stilo-punto-ii-blu-nuovo\/#primaryimage","url":"https:\/\/turijnmagazijn.nl\/wp-content\/uploads\/2023\/03\/DN00100096-Sleutel-zonder-electronica-Fiat-Stilo-Punto-II-Blauw-NIEUW-2-1.jpg","contentUrl":"https:\/\/turijnmagazijn.nl\/wp-content\/uploads\/2023\/03\/DN00100096-Sleutel-zonder-electronica-Fiat-Stilo-Punto-II-Blauw-NIEUW-2-1.jpg","width":1024,"height":768},{"@type":"BreadcrumbList","@id":"https:\/\/turijnmagazijn.nl\/it\/prodotto\/chiave-senza-elettronica-fiat-stilo-punto-ii-blu-nuovo\/#breadcrumb","itemListElement":[{"@type":"ListItem","position":1,"name":"Home","item":"https:\/\/turijnmagazijn.nl\/it\/"},{"@type":"ListItem","position":2,"name":"Prodotti","item":"https:\/\/turijnmagazijn.nl\/it\/shop\/"},{"@type":"ListItem","position":3,"name":"Chiave senza elettronica Fiat Stilo Punto II Blu -NUOVO-"}]},{"@type":"WebSite","@id":"https:\/\/turijnmagazijn.jumpstone-dev.nl\/#website","url":"https:\/\/turijnmagazijn.jumpstone-dev.nl\/","name":"Turijnmagazijn","description":"Onderdelen nieuw en gebruikt - Fiat &amp; Lancia","publisher":{"@id":"https:\/\/turijnmagazijn.jumpstone-dev.nl\/#organization"},"potentialAction":[{"@type":"SearchAction","target":{"@type":"EntryPoint","urlTemplate":"https:\/\/turijnmagazijn.jumpstone-dev.nl\/?s={search_term_string}"},"query-input":{"@type":"PropertyValueSpecification","valueRequired":true,"valueName":"search_term_string"}}],"inLanguage":"it-IT"},{"@type":"Organization","@id":"https:\/\/turijnmagazijn.jumpstone-dev.nl\/#organization","name":"Turijnmagazijn","url":"https:\/\/turijnmagazijn.jumpstone-dev.nl\/","logo":{"@type":"ImageObject","inLanguage":"it-IT","@id":"https:\/\/turijnmagazijn.jumpstone-dev.nl\/#\/schema\/logo\/image\/","url":"https:\/\/turijnmagazijn.nl\/wp-content\/uploads\/2021\/02\/turijnmagazijnlogo.png","contentUrl":"https:\/\/turijnmagazijn.nl\/wp-content\/uploads\/2021\/02\/turijnmagazijnlogo.png","width":555,"height":270,"caption":"Turijnmagazijn"},"image":{"@id":"https:\/\/turijnmagazijn.jumpstone-dev.nl\/#\/schema\/logo\/image\/"},"sameAs":["https:\/\/www.facebook.com\/turijnmagazijn"]}]}},"_links":{"self":[{"href":"https:\/\/turijnmagazijn.nl\/it\/wp-json\/wp\/v2\/product\/65805","targetHints":{"allow":["GET"]}}],"collection":[{"href":"https:\/\/turijnmagazijn.nl\/it\/wp-json\/wp\/v2\/product"}],"about":[{"href":"https:\/\/turijnmagazijn.nl\/it\/wp-json\/wp\/v2\/types\/product"}],"replies":[{"embeddable":true,"href":"https:\/\/turijnmagazijn.nl\/it\/wp-json\/wp\/v2\/comments?post=65805"}],"wp:featuredmedia":[{"embeddable":true,"href":"https:\/\/turijnmagazijn.nl\/it\/wp-json\/wp\/v2\/media\/52738"}],"wp:attachment":[{"href":"https:\/\/turijnmagazijn.nl\/it\/wp-json\/wp\/v2\/media?parent=65805"}],"wp:term":[{"taxonomy":"product_brand","embeddable":true,"href":"https:\/\/turijnmagazijn.nl\/it\/wp-json\/wp\/v2\/product_brand?post=65805"},{"taxonomy":"product_cat","embeddable":true,"href":"https:\/\/turijnmagazijn.nl\/it\/wp-json\/wp\/v2\/product_cat?post=65805"},{"taxonomy":"product_tag","embeddable":true,"href":"https:\/\/turijnmagazijn.nl\/it\/wp-json\/wp\/v2\/product_tag?post=65805"}],"curies":[{"name":"wp","href":"https:\/\/api.w.org\/{rel}","templated":true}]}}