{"id":65822,"date":"2023-03-03T09:47:37","date_gmt":"2023-03-03T08:47:37","guid":{"rendered":"https:\/\/turijnmagazijn.nl\/product\/portachiavi-fiat-logo-rosso-punto-evo-500-500x-tipo\/"},"modified":"2026-04-14T14:52:41","modified_gmt":"2026-04-14T12:52:41","slug":"portachiavi-fiat-rosso-logo-punto-evo-500-500x-tipo","status":"publish","type":"product","link":"https:\/\/turijnmagazijn.nl\/it\/prodotto\/portachiavi-fiat-rosso-logo-punto-evo-500-500x-tipo\/","title":{"rendered":"Portachiavi Fiat logo rosso Punto Evo &#8211; 500 &#8211; 500X &#8211; Tipo"},"content":{"rendered":"<p><a href=\"https:\/\/turijnmagazijn.nl\/it\/spedizione-tramite-cassetta-postale\/\" target=\"\" style=\"background-color: rgb(255, 255, 255); color: rgb(35, 82, 124); outline: 0px;\" rel=\"noopener\"><img decoding=\"async\" src=\"https:\/\/www.delenkorf.nl\/image\/catalog\/brievenbus.png\"><\/a><\/p>\n<p>Nuovo portachiavi in metallo tutto in metallo con scritta Fiat goffrata. Esecuzione molto bella.&nbsp;<\/p>\n<p>Non riguarda il ricambio originale Fiat.<\/p>\n<p>Questo portachiavi ha il logo rosso che \u00e8 in uso dal 2007. Il logo \u00e8 stato introdotto per la prima volta sulla nuova Fiat Bravo, ma \u00e8 stato introdotto contemporaneamente su altri tipi Fiat esistenti da quell&#8217;anno in poi.&nbsp;<\/p>\n<p>Portachiavi Fiat Bravo II<\/p>\n<p>Portachiavi Fiat Grande Punto dal 2007<\/p>\n<p>Portachiavi Fiat Punto EVO&nbsp;<\/p>\n<p>Portachiavi Fiat Panda del 2007<\/p>\n<p>Portachiavi Fiat 500&nbsp;<\/p>\n<p>Portachiavi Fiat 500X<\/p>\n<p>Portachiavi Fiat 500L<\/p>\n<p><\/p>\n","protected":false},"excerpt":{"rendered":"<p>Portachiavi Fiat logo rosso Punto Evo &#8211; 500 &#8211; 500X &#8211; Tipo &#8211; Nuovo portachiavi in metallo pieno di metallo con scritta Fiat stampata in rilievo.<\/p>\n","protected":false},"featured_media":85093,"comment_status":"open","ping_status":"closed","template":"","meta":{"_acf_changed":false},"product_brand":[],"product_cat":[1696,1699,1711,1691,1732],"product_tag":[],"class_list":{"0":"post-65822","1":"product","2":"type-product","3":"status-publish","4":"has-post-thumbnail","6":"product_cat-500-312-it","7":"product_cat-500x-334-it","8":"product_cat-bravo-198-it","9":"product_cat-fiat-it","10":"product_cat-grande-punto-199-it","11":"pa_soort-onderdeel-portachiavi-e-adesivi","13":"first","14":"instock","15":"taxable","16":"shipping-taxable","17":"purchasable","18":"product-type-simple"},"acf":[],"yoast_head":"<!-- This site is optimized with the Yoast SEO plugin v27.3 - https:\/\/yoast.com\/product\/yoast-seo-wordpress\/ -->\n<title>Portachiavi Fiat logo rosso Punto Evo - 500 - 500X - Tipo - Turijnmagazijn<\/title>\n<meta name=\"robots\" content=\"index, follow, max-snippet:-1, max-image-preview:large, max-video-preview:-1\" \/>\n<link rel=\"canonical\" href=\"https:\/\/turijnmagazijn.nl\/it\/prodotto\/portachiavi-fiat-rosso-logo-punto-evo-500-500x-tipo\/\" \/>\n<meta property=\"og:locale\" content=\"it_IT\" \/>\n<meta property=\"og:type\" content=\"article\" \/>\n<meta property=\"og:title\" content=\"Portachiavi Fiat logo rosso Punto Evo - 500 - 500X - Tipo - Turijnmagazijn\" \/>\n<meta property=\"og:description\" content=\"Portachiavi Fiat logo rosso Punto Evo - 500 - 500X - Tipo - Nuovo portachiavi in metallo pieno di metallo con scritta Fiat stampata in rilievo.\" \/>\n<meta property=\"og:url\" content=\"https:\/\/turijnmagazijn.nl\/it\/prodotto\/portachiavi-fiat-rosso-logo-punto-evo-500-500x-tipo\/\" \/>\n<meta property=\"og:site_name\" content=\"Turijnmagazijn\" \/>\n<meta property=\"article:publisher\" content=\"https:\/\/www.facebook.com\/turijnmagazijn\" \/>\n<meta property=\"article:modified_time\" content=\"2026-04-14T12:52:41+00:00\" \/>\n<meta property=\"og:image\" content=\"https:\/\/turijnmagazijn.nl\/wp-content\/uploads\/2023\/03\/DN0100099-sleutelhangel-Fiat-rood-logo-500X-Bravo-2-Punto-5-e1730748152145.jpeg\" \/>\n\t<meta property=\"og:image:width\" content=\"1153\" \/>\n\t<meta property=\"og:image:height\" content=\"2048\" \/>\n\t<meta property=\"og:image:type\" content=\"image\/jpeg\" \/>\n<meta name=\"twitter:card\" content=\"summary_large_image\" \/>\n<script type=\"application\/ld+json\" class=\"yoast-schema-graph\">{\"@context\":\"https:\\\/\\\/schema.org\",\"@graph\":[{\"@type\":\"WebPage\",\"@id\":\"https:\\\/\\\/turijnmagazijn.nl\\\/it\\\/prodotto\\\/portachiavi-fiat-rosso-logo-punto-evo-500-500x-tipo\\\/\",\"url\":\"https:\\\/\\\/turijnmagazijn.nl\\\/it\\\/prodotto\\\/portachiavi-fiat-rosso-logo-punto-evo-500-500x-tipo\\\/\",\"name\":\"Portachiavi Fiat logo rosso Punto Evo - 500 - 500X - Tipo - Turijnmagazijn\",\"isPartOf\":{\"@id\":\"https:\\\/\\\/turijnmagazijn.jumpstone-dev.nl\\\/#website\"},\"primaryImageOfPage\":{\"@id\":\"https:\\\/\\\/turijnmagazijn.nl\\\/it\\\/prodotto\\\/portachiavi-fiat-rosso-logo-punto-evo-500-500x-tipo\\\/#primaryimage\"},\"image\":{\"@id\":\"https:\\\/\\\/turijnmagazijn.nl\\\/it\\\/prodotto\\\/portachiavi-fiat-rosso-logo-punto-evo-500-500x-tipo\\\/#primaryimage\"},\"thumbnailUrl\":\"https:\\\/\\\/turijnmagazijn.nl\\\/wp-content\\\/uploads\\\/2023\\\/03\\\/DN0100099-sleutelhangel-Fiat-rood-logo-500X-Bravo-2-Punto-5-e1730748152145.jpeg\",\"datePublished\":\"2023-03-03T08:47:37+00:00\",\"dateModified\":\"2026-04-14T12:52:41+00:00\",\"breadcrumb\":{\"@id\":\"https:\\\/\\\/turijnmagazijn.nl\\\/it\\\/prodotto\\\/portachiavi-fiat-rosso-logo-punto-evo-500-500x-tipo\\\/#breadcrumb\"},\"inLanguage\":\"it-IT\",\"potentialAction\":[{\"@type\":\"ReadAction\",\"target\":[\"https:\\\/\\\/turijnmagazijn.nl\\\/it\\\/prodotto\\\/portachiavi-fiat-rosso-logo-punto-evo-500-500x-tipo\\\/\"]}]},{\"@type\":\"ImageObject\",\"inLanguage\":\"it-IT\",\"@id\":\"https:\\\/\\\/turijnmagazijn.nl\\\/it\\\/prodotto\\\/portachiavi-fiat-rosso-logo-punto-evo-500-500x-tipo\\\/#primaryimage\",\"url\":\"https:\\\/\\\/turijnmagazijn.nl\\\/wp-content\\\/uploads\\\/2023\\\/03\\\/DN0100099-sleutelhangel-Fiat-rood-logo-500X-Bravo-2-Punto-5-e1730748152145.jpeg\",\"contentUrl\":\"https:\\\/\\\/turijnmagazijn.nl\\\/wp-content\\\/uploads\\\/2023\\\/03\\\/DN0100099-sleutelhangel-Fiat-rood-logo-500X-Bravo-2-Punto-5-e1730748152145.jpeg\",\"width\":1153,\"height\":2048},{\"@type\":\"BreadcrumbList\",\"@id\":\"https:\\\/\\\/turijnmagazijn.nl\\\/it\\\/prodotto\\\/portachiavi-fiat-rosso-logo-punto-evo-500-500x-tipo\\\/#breadcrumb\",\"itemListElement\":[{\"@type\":\"ListItem\",\"position\":1,\"name\":\"Home\",\"item\":\"https:\\\/\\\/turijnmagazijn.nl\\\/it\\\/\"},{\"@type\":\"ListItem\",\"position\":2,\"name\":\"Prodotti\",\"item\":\"https:\\\/\\\/turijnmagazijn.nl\\\/it\\\/shop\\\/\"},{\"@type\":\"ListItem\",\"position\":3,\"name\":\"Portachiavi Fiat logo rosso Punto Evo &#8211; 500 &#8211; 500X &#8211; Tipo\"}]},{\"@type\":\"WebSite\",\"@id\":\"https:\\\/\\\/turijnmagazijn.jumpstone-dev.nl\\\/#website\",\"url\":\"https:\\\/\\\/turijnmagazijn.jumpstone-dev.nl\\\/\",\"name\":\"Turijnmagazijn\",\"description\":\"Onderdelen nieuw en gebruikt - Fiat &amp; Lancia\",\"publisher\":{\"@id\":\"https:\\\/\\\/turijnmagazijn.jumpstone-dev.nl\\\/#organization\"},\"potentialAction\":[{\"@type\":\"SearchAction\",\"target\":{\"@type\":\"EntryPoint\",\"urlTemplate\":\"https:\\\/\\\/turijnmagazijn.jumpstone-dev.nl\\\/?s={search_term_string}\"},\"query-input\":{\"@type\":\"PropertyValueSpecification\",\"valueRequired\":true,\"valueName\":\"search_term_string\"}}],\"inLanguage\":\"it-IT\"},{\"@type\":\"Organization\",\"@id\":\"https:\\\/\\\/turijnmagazijn.jumpstone-dev.nl\\\/#organization\",\"name\":\"Turijnmagazijn\",\"url\":\"https:\\\/\\\/turijnmagazijn.jumpstone-dev.nl\\\/\",\"logo\":{\"@type\":\"ImageObject\",\"inLanguage\":\"it-IT\",\"@id\":\"https:\\\/\\\/turijnmagazijn.jumpstone-dev.nl\\\/#\\\/schema\\\/logo\\\/image\\\/\",\"url\":\"https:\\\/\\\/turijnmagazijn.nl\\\/wp-content\\\/uploads\\\/2021\\\/02\\\/turijnmagazijnlogo.png\",\"contentUrl\":\"https:\\\/\\\/turijnmagazijn.nl\\\/wp-content\\\/uploads\\\/2021\\\/02\\\/turijnmagazijnlogo.png\",\"width\":555,\"height\":270,\"caption\":\"Turijnmagazijn\"},\"image\":{\"@id\":\"https:\\\/\\\/turijnmagazijn.jumpstone-dev.nl\\\/#\\\/schema\\\/logo\\\/image\\\/\"},\"sameAs\":[\"https:\\\/\\\/www.facebook.com\\\/turijnmagazijn\"]}]}<\/script>\n<!-- \/ Yoast SEO plugin. -->","yoast_head_json":{"title":"Portachiavi Fiat logo rosso Punto Evo - 500 - 500X - Tipo - Turijnmagazijn","robots":{"index":"index","follow":"follow","max-snippet":"max-snippet:-1","max-image-preview":"max-image-preview:large","max-video-preview":"max-video-preview:-1"},"canonical":"https:\/\/turijnmagazijn.nl\/it\/prodotto\/portachiavi-fiat-rosso-logo-punto-evo-500-500x-tipo\/","og_locale":"it_IT","og_type":"article","og_title":"Portachiavi Fiat logo rosso Punto Evo - 500 - 500X - Tipo - Turijnmagazijn","og_description":"Portachiavi Fiat logo rosso Punto Evo - 500 - 500X - Tipo - Nuovo portachiavi in metallo pieno di metallo con scritta Fiat stampata in rilievo.","og_url":"https:\/\/turijnmagazijn.nl\/it\/prodotto\/portachiavi-fiat-rosso-logo-punto-evo-500-500x-tipo\/","og_site_name":"Turijnmagazijn","article_publisher":"https:\/\/www.facebook.com\/turijnmagazijn","article_modified_time":"2026-04-14T12:52:41+00:00","og_image":[{"width":1153,"height":2048,"url":"https:\/\/turijnmagazijn.nl\/wp-content\/uploads\/2023\/03\/DN0100099-sleutelhangel-Fiat-rood-logo-500X-Bravo-2-Punto-5-e1730748152145.jpeg","type":"image\/jpeg"}],"twitter_card":"summary_large_image","schema":{"@context":"https:\/\/schema.org","@graph":[{"@type":"WebPage","@id":"https:\/\/turijnmagazijn.nl\/it\/prodotto\/portachiavi-fiat-rosso-logo-punto-evo-500-500x-tipo\/","url":"https:\/\/turijnmagazijn.nl\/it\/prodotto\/portachiavi-fiat-rosso-logo-punto-evo-500-500x-tipo\/","name":"Portachiavi Fiat logo rosso Punto Evo - 500 - 500X - Tipo - Turijnmagazijn","isPartOf":{"@id":"https:\/\/turijnmagazijn.jumpstone-dev.nl\/#website"},"primaryImageOfPage":{"@id":"https:\/\/turijnmagazijn.nl\/it\/prodotto\/portachiavi-fiat-rosso-logo-punto-evo-500-500x-tipo\/#primaryimage"},"image":{"@id":"https:\/\/turijnmagazijn.nl\/it\/prodotto\/portachiavi-fiat-rosso-logo-punto-evo-500-500x-tipo\/#primaryimage"},"thumbnailUrl":"https:\/\/turijnmagazijn.nl\/wp-content\/uploads\/2023\/03\/DN0100099-sleutelhangel-Fiat-rood-logo-500X-Bravo-2-Punto-5-e1730748152145.jpeg","datePublished":"2023-03-03T08:47:37+00:00","dateModified":"2026-04-14T12:52:41+00:00","breadcrumb":{"@id":"https:\/\/turijnmagazijn.nl\/it\/prodotto\/portachiavi-fiat-rosso-logo-punto-evo-500-500x-tipo\/#breadcrumb"},"inLanguage":"it-IT","potentialAction":[{"@type":"ReadAction","target":["https:\/\/turijnmagazijn.nl\/it\/prodotto\/portachiavi-fiat-rosso-logo-punto-evo-500-500x-tipo\/"]}]},{"@type":"ImageObject","inLanguage":"it-IT","@id":"https:\/\/turijnmagazijn.nl\/it\/prodotto\/portachiavi-fiat-rosso-logo-punto-evo-500-500x-tipo\/#primaryimage","url":"https:\/\/turijnmagazijn.nl\/wp-content\/uploads\/2023\/03\/DN0100099-sleutelhangel-Fiat-rood-logo-500X-Bravo-2-Punto-5-e1730748152145.jpeg","contentUrl":"https:\/\/turijnmagazijn.nl\/wp-content\/uploads\/2023\/03\/DN0100099-sleutelhangel-Fiat-rood-logo-500X-Bravo-2-Punto-5-e1730748152145.jpeg","width":1153,"height":2048},{"@type":"BreadcrumbList","@id":"https:\/\/turijnmagazijn.nl\/it\/prodotto\/portachiavi-fiat-rosso-logo-punto-evo-500-500x-tipo\/#breadcrumb","itemListElement":[{"@type":"ListItem","position":1,"name":"Home","item":"https:\/\/turijnmagazijn.nl\/it\/"},{"@type":"ListItem","position":2,"name":"Prodotti","item":"https:\/\/turijnmagazijn.nl\/it\/shop\/"},{"@type":"ListItem","position":3,"name":"Portachiavi Fiat logo rosso Punto Evo &#8211; 500 &#8211; 500X &#8211; Tipo"}]},{"@type":"WebSite","@id":"https:\/\/turijnmagazijn.jumpstone-dev.nl\/#website","url":"https:\/\/turijnmagazijn.jumpstone-dev.nl\/","name":"Turijnmagazijn","description":"Onderdelen nieuw en gebruikt - Fiat &amp; Lancia","publisher":{"@id":"https:\/\/turijnmagazijn.jumpstone-dev.nl\/#organization"},"potentialAction":[{"@type":"SearchAction","target":{"@type":"EntryPoint","urlTemplate":"https:\/\/turijnmagazijn.jumpstone-dev.nl\/?s={search_term_string}"},"query-input":{"@type":"PropertyValueSpecification","valueRequired":true,"valueName":"search_term_string"}}],"inLanguage":"it-IT"},{"@type":"Organization","@id":"https:\/\/turijnmagazijn.jumpstone-dev.nl\/#organization","name":"Turijnmagazijn","url":"https:\/\/turijnmagazijn.jumpstone-dev.nl\/","logo":{"@type":"ImageObject","inLanguage":"it-IT","@id":"https:\/\/turijnmagazijn.jumpstone-dev.nl\/#\/schema\/logo\/image\/","url":"https:\/\/turijnmagazijn.nl\/wp-content\/uploads\/2021\/02\/turijnmagazijnlogo.png","contentUrl":"https:\/\/turijnmagazijn.nl\/wp-content\/uploads\/2021\/02\/turijnmagazijnlogo.png","width":555,"height":270,"caption":"Turijnmagazijn"},"image":{"@id":"https:\/\/turijnmagazijn.jumpstone-dev.nl\/#\/schema\/logo\/image\/"},"sameAs":["https:\/\/www.facebook.com\/turijnmagazijn"]}]}},"_links":{"self":[{"href":"https:\/\/turijnmagazijn.nl\/it\/wp-json\/wp\/v2\/product\/65822","targetHints":{"allow":["GET"]}}],"collection":[{"href":"https:\/\/turijnmagazijn.nl\/it\/wp-json\/wp\/v2\/product"}],"about":[{"href":"https:\/\/turijnmagazijn.nl\/it\/wp-json\/wp\/v2\/types\/product"}],"replies":[{"embeddable":true,"href":"https:\/\/turijnmagazijn.nl\/it\/wp-json\/wp\/v2\/comments?post=65822"}],"wp:featuredmedia":[{"embeddable":true,"href":"https:\/\/turijnmagazijn.nl\/it\/wp-json\/wp\/v2\/media\/85093"}],"wp:attachment":[{"href":"https:\/\/turijnmagazijn.nl\/it\/wp-json\/wp\/v2\/media?parent=65822"}],"wp:term":[{"taxonomy":"product_brand","embeddable":true,"href":"https:\/\/turijnmagazijn.nl\/it\/wp-json\/wp\/v2\/product_brand?post=65822"},{"taxonomy":"product_cat","embeddable":true,"href":"https:\/\/turijnmagazijn.nl\/it\/wp-json\/wp\/v2\/product_cat?post=65822"},{"taxonomy":"product_tag","embeddable":true,"href":"https:\/\/turijnmagazijn.nl\/it\/wp-json\/wp\/v2\/product_tag?post=65822"}],"curies":[{"name":"wp","href":"https:\/\/api.w.org\/{rel}","templated":true}]}}