{"id":65823,"date":"2023-03-03T09:47:37","date_gmt":"2023-03-03T08:47:37","guid":{"rendered":"https:\/\/turijnmagazijn.nl\/product\/bottone-in-gomma-per-trasmettitore-portatile-chiave-pieghevole-fiat-punto-ii-stilo-500-nuovo\/"},"modified":"2025-05-29T16:41:33","modified_gmt":"2025-05-29T14:41:33","slug":"gomma-pulsante-per-mano-trasmettitore-pieghevole-chiave-fiat-punto-ii-stilo-500-nuovo","status":"publish","type":"product","link":"https:\/\/turijnmagazijn.nl\/it\/prodotto\/gomma-pulsante-per-mano-trasmettitore-pieghevole-chiave-fiat-punto-ii-stilo-500-nuovo\/","title":{"rendered":"Bottone in gomma per trasmettitore portatile chiave pieghevole Fiat Punto II | Stilo 500 -NUOVO-"},"content":{"rendered":"<p><a style=\"background-color: #ffffff; color: #23527c; outline: 0px;\" href=\"https:\/\/turijnmagazijn.nl\/it\/spedizione-tramite-cassetta-postale\/\" target=\"\" rel=\"noopener\"><img decoding=\"async\" src=\"https:\/\/www.delenkorf.nl\/image\/catalog\/brievenbus.png\"><\/a><\/p>\n<p>Nuova parte, un finto bottone in gomma in blu per sostituire i pulsanti in gomma sulla chiave con telecomando incorporato per Fiat Punto II, Fiat Stilo e Fiat 500 della prima serie. Riguarda tutti i pulsanti del set, quindi sblocco, blocco e pulsante del portellone.<\/p>\n<p>Questa parte \u00e8 una riparazione pratica ed economica per quando uno dei pulsanti per la serratura automatica della porta \u00e8 usurato o danneggiato. Questo \u00e8 abbastanza comune con questo tipo di chiavi per la fiat Stilo.<\/p>\n<p>Finch\u00e9 il microinterruttore nero sottostante funziona ancora correttamente, sostituire i tappi di gomma \u00e8 un modo perfetto per garantire nuovamente la durata della chiave.<\/p>\n<p>Il numero OEM della chiave a cui appartiene il tappo \u00e8 71738117 Questo \u00e8 solo a scopo di riferimento e non il numero di parte che riceverai.<\/p>\n<p>&nbsp;<\/p>\n","protected":false},"excerpt":{"rendered":"<p>71738117 Bottone in gomma per trasmettitore portatile chiave pieghevole Fiat Punto II | Stilo 500 -NUOVO- &#8211; Nuova parte, un finto bottone in gomma in blu per sostituire i pulsanti in gomma sulla chiave con telecomando integrato per Fiat Punto II, Fiat Stilo e Fi<\/p>\n","protected":false},"featured_media":52762,"comment_status":"open","ping_status":"closed","template":"","meta":{"_acf_changed":false},"product_brand":[],"product_cat":[1696,1691,1749,1764],"product_tag":[],"class_list":{"0":"post-65823","1":"product","2":"type-product","3":"status-publish","4":"has-post-thumbnail","6":"product_cat-500-312-it","7":"product_cat-fiat-it","8":"product_cat-punto-2-188-it","9":"product_cat-stilo-192-it","10":"pa_soort-onderdeel-elettronica-e-cavi","12":"first","13":"instock","14":"taxable","15":"shipping-taxable","16":"purchasable","17":"product-type-simple"},"acf":[],"yoast_head":"<!-- This site is optimized with the Yoast SEO plugin v27.2 - https:\/\/yoast.com\/product\/yoast-seo-wordpress\/ -->\n<title>Bottone in gomma per trasmettitore portatile chiave pieghevole Fiat Punto II | Stilo 500 -NUOVO- Turijnmagazijn<\/title>\n<meta name=\"robots\" content=\"index, follow, max-snippet:-1, max-image-preview:large, max-video-preview:-1\" \/>\n<link rel=\"canonical\" href=\"https:\/\/turijnmagazijn.nl\/it\/prodotto\/gomma-pulsante-per-mano-trasmettitore-pieghevole-chiave-fiat-punto-ii-stilo-500-nuovo\/\" \/>\n<meta property=\"og:locale\" content=\"it_IT\" \/>\n<meta property=\"og:type\" content=\"article\" \/>\n<meta property=\"og:title\" content=\"Bottone in gomma per trasmettitore portatile chiave pieghevole Fiat Punto II | Stilo 500 -NUOVO- Turijnmagazijn\" \/>\n<meta property=\"og:description\" content=\"71738117 Bottone in gomma per trasmettitore portatile chiave pieghevole Fiat Punto II | Stilo 500 -NUOVO- - Nuova parte, un finto bottone in gomma in blu per sostituire i pulsanti in gomma sulla chiave con telecomando integrato per Fiat Punto II, Fiat Stilo e Fi\" \/>\n<meta property=\"og:url\" content=\"https:\/\/turijnmagazijn.nl\/it\/prodotto\/gomma-pulsante-per-mano-trasmettitore-pieghevole-chiave-fiat-punto-ii-stilo-500-nuovo\/\" \/>\n<meta property=\"og:site_name\" content=\"Turijnmagazijn\" \/>\n<meta property=\"article:publisher\" content=\"https:\/\/www.facebook.com\/turijnmagazijn\" \/>\n<meta property=\"article:modified_time\" content=\"2025-05-29T14:41:33+00:00\" \/>\n<meta property=\"og:image\" content=\"https:\/\/turijnmagazijn.nl\/wp-content\/uploads\/2023\/03\/DN00100098-Rubber-knopje-voor-handzender-klapsleutel-Fiat-Punto-II-Stilo-500-NIEUW-2-1.jpg\" \/>\n\t<meta property=\"og:image:width\" content=\"1024\" \/>\n\t<meta property=\"og:image:height\" content=\"768\" \/>\n\t<meta property=\"og:image:type\" content=\"image\/jpeg\" \/>\n<meta name=\"twitter:card\" content=\"summary_large_image\" \/>\n<meta name=\"twitter:label1\" content=\"Tempo di lettura stimato\" \/>\n\t<meta name=\"twitter:data1\" content=\"1 minuto\" \/>\n<script type=\"application\/ld+json\" class=\"yoast-schema-graph\">{\"@context\":\"https:\/\/schema.org\",\"@graph\":[{\"@type\":\"WebPage\",\"@id\":\"https:\/\/turijnmagazijn.nl\/it\/prodotto\/gomma-pulsante-per-mano-trasmettitore-pieghevole-chiave-fiat-punto-ii-stilo-500-nuovo\/\",\"url\":\"https:\/\/turijnmagazijn.nl\/it\/prodotto\/gomma-pulsante-per-mano-trasmettitore-pieghevole-chiave-fiat-punto-ii-stilo-500-nuovo\/\",\"name\":\"Bottone in gomma per trasmettitore portatile chiave pieghevole Fiat Punto II | Stilo 500 -NUOVO- Turijnmagazijn\",\"isPartOf\":{\"@id\":\"https:\/\/turijnmagazijn.jumpstone-dev.nl\/#website\"},\"primaryImageOfPage\":{\"@id\":\"https:\/\/turijnmagazijn.nl\/it\/prodotto\/gomma-pulsante-per-mano-trasmettitore-pieghevole-chiave-fiat-punto-ii-stilo-500-nuovo\/#primaryimage\"},\"image\":{\"@id\":\"https:\/\/turijnmagazijn.nl\/it\/prodotto\/gomma-pulsante-per-mano-trasmettitore-pieghevole-chiave-fiat-punto-ii-stilo-500-nuovo\/#primaryimage\"},\"thumbnailUrl\":\"https:\/\/turijnmagazijn.nl\/wp-content\/uploads\/2023\/03\/DN00100098-Rubber-knopje-voor-handzender-klapsleutel-Fiat-Punto-II-Stilo-500-NIEUW-2-1.jpg\",\"datePublished\":\"2023-03-03T08:47:37+00:00\",\"dateModified\":\"2025-05-29T14:41:33+00:00\",\"breadcrumb\":{\"@id\":\"https:\/\/turijnmagazijn.nl\/it\/prodotto\/gomma-pulsante-per-mano-trasmettitore-pieghevole-chiave-fiat-punto-ii-stilo-500-nuovo\/#breadcrumb\"},\"inLanguage\":\"it-IT\",\"potentialAction\":[{\"@type\":\"ReadAction\",\"target\":[\"https:\/\/turijnmagazijn.nl\/it\/prodotto\/gomma-pulsante-per-mano-trasmettitore-pieghevole-chiave-fiat-punto-ii-stilo-500-nuovo\/\"]}]},{\"@type\":\"ImageObject\",\"inLanguage\":\"it-IT\",\"@id\":\"https:\/\/turijnmagazijn.nl\/it\/prodotto\/gomma-pulsante-per-mano-trasmettitore-pieghevole-chiave-fiat-punto-ii-stilo-500-nuovo\/#primaryimage\",\"url\":\"https:\/\/turijnmagazijn.nl\/wp-content\/uploads\/2023\/03\/DN00100098-Rubber-knopje-voor-handzender-klapsleutel-Fiat-Punto-II-Stilo-500-NIEUW-2-1.jpg\",\"contentUrl\":\"https:\/\/turijnmagazijn.nl\/wp-content\/uploads\/2023\/03\/DN00100098-Rubber-knopje-voor-handzender-klapsleutel-Fiat-Punto-II-Stilo-500-NIEUW-2-1.jpg\",\"width\":1024,\"height\":768},{\"@type\":\"BreadcrumbList\",\"@id\":\"https:\/\/turijnmagazijn.nl\/it\/prodotto\/gomma-pulsante-per-mano-trasmettitore-pieghevole-chiave-fiat-punto-ii-stilo-500-nuovo\/#breadcrumb\",\"itemListElement\":[{\"@type\":\"ListItem\",\"position\":1,\"name\":\"Home\",\"item\":\"https:\/\/turijnmagazijn.jumpstone-dev.nl\/\"},{\"@type\":\"ListItem\",\"position\":2,\"name\":\"Prodotti\",\"item\":\"https:\/\/turijnmagazijn.nl\/it\/shop\/\"},{\"@type\":\"ListItem\",\"position\":3,\"name\":\"Bottone in gomma per trasmettitore portatile chiave pieghevole Fiat Punto II | Stilo 500 -NUOVO-\"}]},{\"@type\":\"WebSite\",\"@id\":\"https:\/\/turijnmagazijn.jumpstone-dev.nl\/#website\",\"url\":\"https:\/\/turijnmagazijn.jumpstone-dev.nl\/\",\"name\":\"Turijnmagazijn\",\"description\":\"Onderdelen nieuw en gebruikt - Fiat &amp; Lancia\",\"publisher\":{\"@id\":\"https:\/\/turijnmagazijn.jumpstone-dev.nl\/#organization\"},\"potentialAction\":[{\"@type\":\"SearchAction\",\"target\":{\"@type\":\"EntryPoint\",\"urlTemplate\":\"https:\/\/turijnmagazijn.jumpstone-dev.nl\/?s={search_term_string}\"},\"query-input\":{\"@type\":\"PropertyValueSpecification\",\"valueRequired\":true,\"valueName\":\"search_term_string\"}}],\"inLanguage\":\"it-IT\"},{\"@type\":\"Organization\",\"@id\":\"https:\/\/turijnmagazijn.jumpstone-dev.nl\/#organization\",\"name\":\"Turijnmagazijn\",\"url\":\"https:\/\/turijnmagazijn.jumpstone-dev.nl\/\",\"logo\":{\"@type\":\"ImageObject\",\"inLanguage\":\"it-IT\",\"@id\":\"https:\/\/turijnmagazijn.jumpstone-dev.nl\/#\/schema\/logo\/image\/\",\"url\":\"https:\/\/turijnmagazijn.nl\/wp-content\/uploads\/2021\/02\/turijnmagazijnlogo.png\",\"contentUrl\":\"https:\/\/turijnmagazijn.nl\/wp-content\/uploads\/2021\/02\/turijnmagazijnlogo.png\",\"width\":555,\"height\":270,\"caption\":\"Turijnmagazijn\"},\"image\":{\"@id\":\"https:\/\/turijnmagazijn.jumpstone-dev.nl\/#\/schema\/logo\/image\/\"},\"sameAs\":[\"https:\/\/www.facebook.com\/turijnmagazijn\"]}]}<\/script>\n<!-- \/ Yoast SEO plugin. -->","yoast_head_json":{"title":"Bottone in gomma per trasmettitore portatile chiave pieghevole Fiat Punto II | Stilo 500 -NUOVO- Turijnmagazijn","robots":{"index":"index","follow":"follow","max-snippet":"max-snippet:-1","max-image-preview":"max-image-preview:large","max-video-preview":"max-video-preview:-1"},"canonical":"https:\/\/turijnmagazijn.nl\/it\/prodotto\/gomma-pulsante-per-mano-trasmettitore-pieghevole-chiave-fiat-punto-ii-stilo-500-nuovo\/","og_locale":"it_IT","og_type":"article","og_title":"Bottone in gomma per trasmettitore portatile chiave pieghevole Fiat Punto II | Stilo 500 -NUOVO- Turijnmagazijn","og_description":"71738117 Bottone in gomma per trasmettitore portatile chiave pieghevole Fiat Punto II | Stilo 500 -NUOVO- - Nuova parte, un finto bottone in gomma in blu per sostituire i pulsanti in gomma sulla chiave con telecomando integrato per Fiat Punto II, Fiat Stilo e Fi","og_url":"https:\/\/turijnmagazijn.nl\/it\/prodotto\/gomma-pulsante-per-mano-trasmettitore-pieghevole-chiave-fiat-punto-ii-stilo-500-nuovo\/","og_site_name":"Turijnmagazijn","article_publisher":"https:\/\/www.facebook.com\/turijnmagazijn","article_modified_time":"2025-05-29T14:41:33+00:00","og_image":[{"width":1024,"height":768,"url":"https:\/\/turijnmagazijn.nl\/wp-content\/uploads\/2023\/03\/DN00100098-Rubber-knopje-voor-handzender-klapsleutel-Fiat-Punto-II-Stilo-500-NIEUW-2-1.jpg","type":"image\/jpeg"}],"twitter_card":"summary_large_image","twitter_misc":{"Tempo di lettura stimato":"1 minuto"},"schema":{"@context":"https:\/\/schema.org","@graph":[{"@type":"WebPage","@id":"https:\/\/turijnmagazijn.nl\/it\/prodotto\/gomma-pulsante-per-mano-trasmettitore-pieghevole-chiave-fiat-punto-ii-stilo-500-nuovo\/","url":"https:\/\/turijnmagazijn.nl\/it\/prodotto\/gomma-pulsante-per-mano-trasmettitore-pieghevole-chiave-fiat-punto-ii-stilo-500-nuovo\/","name":"Bottone in gomma per trasmettitore portatile chiave pieghevole Fiat Punto II | Stilo 500 -NUOVO- Turijnmagazijn","isPartOf":{"@id":"https:\/\/turijnmagazijn.jumpstone-dev.nl\/#website"},"primaryImageOfPage":{"@id":"https:\/\/turijnmagazijn.nl\/it\/prodotto\/gomma-pulsante-per-mano-trasmettitore-pieghevole-chiave-fiat-punto-ii-stilo-500-nuovo\/#primaryimage"},"image":{"@id":"https:\/\/turijnmagazijn.nl\/it\/prodotto\/gomma-pulsante-per-mano-trasmettitore-pieghevole-chiave-fiat-punto-ii-stilo-500-nuovo\/#primaryimage"},"thumbnailUrl":"https:\/\/turijnmagazijn.nl\/wp-content\/uploads\/2023\/03\/DN00100098-Rubber-knopje-voor-handzender-klapsleutel-Fiat-Punto-II-Stilo-500-NIEUW-2-1.jpg","datePublished":"2023-03-03T08:47:37+00:00","dateModified":"2025-05-29T14:41:33+00:00","breadcrumb":{"@id":"https:\/\/turijnmagazijn.nl\/it\/prodotto\/gomma-pulsante-per-mano-trasmettitore-pieghevole-chiave-fiat-punto-ii-stilo-500-nuovo\/#breadcrumb"},"inLanguage":"it-IT","potentialAction":[{"@type":"ReadAction","target":["https:\/\/turijnmagazijn.nl\/it\/prodotto\/gomma-pulsante-per-mano-trasmettitore-pieghevole-chiave-fiat-punto-ii-stilo-500-nuovo\/"]}]},{"@type":"ImageObject","inLanguage":"it-IT","@id":"https:\/\/turijnmagazijn.nl\/it\/prodotto\/gomma-pulsante-per-mano-trasmettitore-pieghevole-chiave-fiat-punto-ii-stilo-500-nuovo\/#primaryimage","url":"https:\/\/turijnmagazijn.nl\/wp-content\/uploads\/2023\/03\/DN00100098-Rubber-knopje-voor-handzender-klapsleutel-Fiat-Punto-II-Stilo-500-NIEUW-2-1.jpg","contentUrl":"https:\/\/turijnmagazijn.nl\/wp-content\/uploads\/2023\/03\/DN00100098-Rubber-knopje-voor-handzender-klapsleutel-Fiat-Punto-II-Stilo-500-NIEUW-2-1.jpg","width":1024,"height":768},{"@type":"BreadcrumbList","@id":"https:\/\/turijnmagazijn.nl\/it\/prodotto\/gomma-pulsante-per-mano-trasmettitore-pieghevole-chiave-fiat-punto-ii-stilo-500-nuovo\/#breadcrumb","itemListElement":[{"@type":"ListItem","position":1,"name":"Home","item":"https:\/\/turijnmagazijn.jumpstone-dev.nl\/"},{"@type":"ListItem","position":2,"name":"Prodotti","item":"https:\/\/turijnmagazijn.nl\/it\/shop\/"},{"@type":"ListItem","position":3,"name":"Bottone in gomma per trasmettitore portatile chiave pieghevole Fiat Punto II | Stilo 500 -NUOVO-"}]},{"@type":"WebSite","@id":"https:\/\/turijnmagazijn.jumpstone-dev.nl\/#website","url":"https:\/\/turijnmagazijn.jumpstone-dev.nl\/","name":"Turijnmagazijn","description":"Onderdelen nieuw en gebruikt - Fiat &amp; Lancia","publisher":{"@id":"https:\/\/turijnmagazijn.jumpstone-dev.nl\/#organization"},"potentialAction":[{"@type":"SearchAction","target":{"@type":"EntryPoint","urlTemplate":"https:\/\/turijnmagazijn.jumpstone-dev.nl\/?s={search_term_string}"},"query-input":{"@type":"PropertyValueSpecification","valueRequired":true,"valueName":"search_term_string"}}],"inLanguage":"it-IT"},{"@type":"Organization","@id":"https:\/\/turijnmagazijn.jumpstone-dev.nl\/#organization","name":"Turijnmagazijn","url":"https:\/\/turijnmagazijn.jumpstone-dev.nl\/","logo":{"@type":"ImageObject","inLanguage":"it-IT","@id":"https:\/\/turijnmagazijn.jumpstone-dev.nl\/#\/schema\/logo\/image\/","url":"https:\/\/turijnmagazijn.nl\/wp-content\/uploads\/2021\/02\/turijnmagazijnlogo.png","contentUrl":"https:\/\/turijnmagazijn.nl\/wp-content\/uploads\/2021\/02\/turijnmagazijnlogo.png","width":555,"height":270,"caption":"Turijnmagazijn"},"image":{"@id":"https:\/\/turijnmagazijn.jumpstone-dev.nl\/#\/schema\/logo\/image\/"},"sameAs":["https:\/\/www.facebook.com\/turijnmagazijn"]}]}},"_links":{"self":[{"href":"https:\/\/turijnmagazijn.nl\/it\/wp-json\/wp\/v2\/product\/65823","targetHints":{"allow":["GET"]}}],"collection":[{"href":"https:\/\/turijnmagazijn.nl\/it\/wp-json\/wp\/v2\/product"}],"about":[{"href":"https:\/\/turijnmagazijn.nl\/it\/wp-json\/wp\/v2\/types\/product"}],"replies":[{"embeddable":true,"href":"https:\/\/turijnmagazijn.nl\/it\/wp-json\/wp\/v2\/comments?post=65823"}],"wp:featuredmedia":[{"embeddable":true,"href":"https:\/\/turijnmagazijn.nl\/it\/wp-json\/wp\/v2\/media\/52762"}],"wp:attachment":[{"href":"https:\/\/turijnmagazijn.nl\/it\/wp-json\/wp\/v2\/media?parent=65823"}],"wp:term":[{"taxonomy":"product_brand","embeddable":true,"href":"https:\/\/turijnmagazijn.nl\/it\/wp-json\/wp\/v2\/product_brand?post=65823"},{"taxonomy":"product_cat","embeddable":true,"href":"https:\/\/turijnmagazijn.nl\/it\/wp-json\/wp\/v2\/product_cat?post=65823"},{"taxonomy":"product_tag","embeddable":true,"href":"https:\/\/turijnmagazijn.nl\/it\/wp-json\/wp\/v2\/product_tag?post=65823"}],"curies":[{"name":"wp","href":"https:\/\/api.w.org\/{rel}","templated":true}]}}