{"id":65993,"date":"2023-03-03T09:53:05","date_gmt":"2023-03-03T08:53:05","guid":{"rendered":"https:\/\/turijnmagazijn.nl\/product\/set-coprimozzi-4-pz-cerchi-in-lega-originali-fiat-500x-nera\/"},"modified":"2024-08-29T09:16:51","modified_gmt":"2024-08-29T07:16:51","slug":"coprimozzo-tappo-set-4-pcs-nero-fiat-500x-originale-cerchi-in-lega","status":"publish","type":"product","link":"https:\/\/turijnmagazijn.nl\/it\/prodotto\/coprimozzo-tappo-set-4-pcs-nero-fiat-500x-originale-cerchi-in-lega\/","title":{"rendered":"Set coprimozzo 4 pezzi Nero Fiat 500X cerchi in lega originali"},"content":{"rendered":"<p>Nuovo articolo originale OEM prodotto per Fiat 500X.<\/p>\n<p>Riguarda la<span style=\"font-weight: bold;\">&nbsp;versione nera<\/span> (esiste anche una versione &nbsp;con accento sul bordo color metallo).<\/p>\n<\/p>\n<p>Questo \u00e8&nbsp; un <span style=\"text-decoration-line: underline;\">set completo di 4 copie<\/span> del coprimozzo \/ coprimozzo \/ tappo centrale per cerchi in lega per Fiat 500X. Ci sono un gran numero di cerchi diversi disponibili per la 500X,&nbsp;<span style=\"font-weight: bold;\">Tutti utilizzano la stessa deportazione dell&#8217;hub<\/span>.<\/p>\n<p><span style=\"font-style: italic;\">Se il coperchio del mozzo viene rimosso in modo errato, una gamba di serraggio spesso si rompe e il cappuccio del mozzo viene perso o non pu\u00f2 pi\u00f9 essere montato. Quando si rimuove il coperchio del mozzo, utilizzare sempre uno strumento speciale che pu\u00f2 essere inserito nello slot nel coperchio del mozzo per rimuovere il coperchio del mozzo senza danni.<\/span><\/p>\n<p>Questo coprimozzo si adatta ai seguenti tipi di cerchio;<\/p>\n<table class=\"table table-bordered\" style=\"background-color: rgb(255, 255, 255); width: 811.818px;\">\n<tbody>\n<tr>\n<td style=\"line-height: 1.42857;\">Fiat 500X Sport<\/td>\n<td style=\"line-height: 1.42857;\">735624968<\/td>\n<\/tr>\n<tr>\n<td style=\"line-height: 1.42857;\">Fiat 500X<\/td>\n<td style=\"line-height: 1.42857;\">6AP26MXFAA<\/td>\n<\/tr>\n<tr>\n<td style=\"line-height: 1.42857;\">Fiat 500X<\/td>\n<td style=\"line-height: 1.42857;\">6AN66U3JAA<\/td>\n<\/tr>\n<tr>\n<td style=\"line-height: 1.42857;\">Fiat 500X<\/td>\n<td style=\"line-height: 1.42857;\">735612564<\/td>\n<\/tr>\n<tr>\n<td style=\"line-height: 1.42857;\">Fiat 500X<\/td>\n<td style=\"line-height: 1.42857;\">6AN71U24AA<\/td>\n<\/tr>\n<tr>\n<td style=\"line-height: 1.42857;\">Fiat 500X<\/td>\n<td style=\"line-height: 1.42857;\">6AN70MAAA<\/td>\n<\/tr>\n<\/tbody>\n<\/table>\n<p>La copertura dell&#8217;hub ha il seguente numero di parte:<\/p>\n<p>OEM Fiat 735626311&nbsp;<\/p>\n","protected":false},"excerpt":{"rendered":"<p>Coprimozzo Nero Cerchi in lega originali Fiat 500X &#8211; Nuovo articolo originale OEM prodotto per Fiat 500X. Set coprimozzo 4 pz Cerchi in lega originali Fiat 500X nera &#8211; Nuovo articolo originale OEM prodotto per Fiat 500X.<\/p>\n","protected":false},"featured_media":96099,"comment_status":"closed","ping_status":"closed","template":"","meta":{"_acf_changed":false},"product_brand":[],"product_cat":[1699,1691],"product_tag":[],"class_list":{"0":"post-65993","1":"product","2":"type-product","3":"status-publish","4":"has-post-thumbnail","6":"product_cat-500x-334-it","7":"product_cat-fiat-it","8":"pa_soort-onderdeel-cruscotto-e-interruttori","10":"first","11":"instock","12":"taxable","13":"shipping-taxable","14":"purchasable","15":"product-type-simple"},"acf":[],"yoast_head":"<!-- This site is optimized with the Yoast SEO plugin v27.3 - https:\/\/yoast.com\/product\/yoast-seo-wordpress\/ -->\n<title>Set coprimozzo 4 pezzi Nero Fiat 500X cerchi in lega originali - Turijnmagazijn<\/title>\n<meta name=\"robots\" content=\"index, follow, max-snippet:-1, max-image-preview:large, max-video-preview:-1\" \/>\n<link rel=\"canonical\" href=\"https:\/\/turijnmagazijn.nl\/it\/prodotto\/coprimozzo-tappo-set-4-pcs-nero-fiat-500x-originale-cerchi-in-lega\/\" \/>\n<meta property=\"og:locale\" content=\"it_IT\" \/>\n<meta property=\"og:type\" content=\"article\" \/>\n<meta property=\"og:title\" content=\"Set coprimozzo 4 pezzi Nero Fiat 500X cerchi in lega originali - Turijnmagazijn\" \/>\n<meta property=\"og:description\" content=\"Coprimozzo Nero Cerchi in lega originali Fiat 500X - Nuovo articolo originale OEM prodotto per Fiat 500X. Set coprimozzo 4 pz Cerchi in lega originali Fiat 500X nera - Nuovo articolo originale OEM prodotto per Fiat 500X.\" \/>\n<meta property=\"og:url\" content=\"https:\/\/turijnmagazijn.nl\/it\/prodotto\/coprimozzo-tappo-set-4-pcs-nero-fiat-500x-originale-cerchi-in-lega\/\" \/>\n<meta property=\"og:site_name\" content=\"Turijnmagazijn\" \/>\n<meta property=\"article:publisher\" content=\"https:\/\/www.facebook.com\/turijnmagazijn\" \/>\n<meta property=\"article:modified_time\" content=\"2024-08-29T07:16:51+00:00\" \/>\n<meta property=\"og:image\" content=\"https:\/\/turijnmagazijn.nl\/wp-content\/uploads\/2023\/03\/DN00100147-S-Naafdeksel-set-4-st-Zwart-Fiat-500X-originele-lichtmetalen-velgen-1-1.jpg\" \/>\n\t<meta property=\"og:image:width\" content=\"870\" \/>\n\t<meta property=\"og:image:height\" content=\"768\" \/>\n\t<meta property=\"og:image:type\" content=\"image\/jpeg\" \/>\n<meta name=\"twitter:card\" content=\"summary_large_image\" \/>\n<meta name=\"twitter:label1\" content=\"Tempo di lettura stimato\" \/>\n\t<meta name=\"twitter:data1\" content=\"1 minuto\" \/>\n<script type=\"application\/ld+json\" class=\"yoast-schema-graph\">{\"@context\":\"https:\\\/\\\/schema.org\",\"@graph\":[{\"@type\":\"WebPage\",\"@id\":\"https:\\\/\\\/turijnmagazijn.nl\\\/it\\\/prodotto\\\/coprimozzo-tappo-set-4-pcs-nero-fiat-500x-originale-cerchi-in-lega\\\/\",\"url\":\"https:\\\/\\\/turijnmagazijn.nl\\\/it\\\/prodotto\\\/coprimozzo-tappo-set-4-pcs-nero-fiat-500x-originale-cerchi-in-lega\\\/\",\"name\":\"Set coprimozzo 4 pezzi Nero Fiat 500X cerchi in lega originali - Turijnmagazijn\",\"isPartOf\":{\"@id\":\"https:\\\/\\\/turijnmagazijn.jumpstone-dev.nl\\\/#website\"},\"primaryImageOfPage\":{\"@id\":\"https:\\\/\\\/turijnmagazijn.nl\\\/it\\\/prodotto\\\/coprimozzo-tappo-set-4-pcs-nero-fiat-500x-originale-cerchi-in-lega\\\/#primaryimage\"},\"image\":{\"@id\":\"https:\\\/\\\/turijnmagazijn.nl\\\/it\\\/prodotto\\\/coprimozzo-tappo-set-4-pcs-nero-fiat-500x-originale-cerchi-in-lega\\\/#primaryimage\"},\"thumbnailUrl\":\"https:\\\/\\\/turijnmagazijn.nl\\\/wp-content\\\/uploads\\\/2023\\\/03\\\/1765144442089.png\",\"datePublished\":\"2023-03-03T08:53:05+00:00\",\"dateModified\":\"2024-08-29T07:16:51+00:00\",\"breadcrumb\":{\"@id\":\"https:\\\/\\\/turijnmagazijn.nl\\\/it\\\/prodotto\\\/coprimozzo-tappo-set-4-pcs-nero-fiat-500x-originale-cerchi-in-lega\\\/#breadcrumb\"},\"inLanguage\":\"it-IT\",\"potentialAction\":[{\"@type\":\"ReadAction\",\"target\":[\"https:\\\/\\\/turijnmagazijn.nl\\\/it\\\/prodotto\\\/coprimozzo-tappo-set-4-pcs-nero-fiat-500x-originale-cerchi-in-lega\\\/\"]}]},{\"@type\":\"ImageObject\",\"inLanguage\":\"it-IT\",\"@id\":\"https:\\\/\\\/turijnmagazijn.nl\\\/it\\\/prodotto\\\/coprimozzo-tappo-set-4-pcs-nero-fiat-500x-originale-cerchi-in-lega\\\/#primaryimage\",\"url\":\"https:\\\/\\\/turijnmagazijn.nl\\\/wp-content\\\/uploads\\\/2023\\\/03\\\/1765144442089.png\",\"contentUrl\":\"https:\\\/\\\/turijnmagazijn.nl\\\/wp-content\\\/uploads\\\/2023\\\/03\\\/1765144442089.png\",\"width\":1184,\"height\":864},{\"@type\":\"BreadcrumbList\",\"@id\":\"https:\\\/\\\/turijnmagazijn.nl\\\/it\\\/prodotto\\\/coprimozzo-tappo-set-4-pcs-nero-fiat-500x-originale-cerchi-in-lega\\\/#breadcrumb\",\"itemListElement\":[{\"@type\":\"ListItem\",\"position\":1,\"name\":\"Home\",\"item\":\"https:\\\/\\\/turijnmagazijn.nl\\\/it\\\/\"},{\"@type\":\"ListItem\",\"position\":2,\"name\":\"Prodotti\",\"item\":\"https:\\\/\\\/turijnmagazijn.nl\\\/it\\\/shop\\\/\"},{\"@type\":\"ListItem\",\"position\":3,\"name\":\"Set coprimozzo 4 pezzi Nero Fiat 500X cerchi in lega originali\"}]},{\"@type\":\"WebSite\",\"@id\":\"https:\\\/\\\/turijnmagazijn.jumpstone-dev.nl\\\/#website\",\"url\":\"https:\\\/\\\/turijnmagazijn.jumpstone-dev.nl\\\/\",\"name\":\"Turijnmagazijn\",\"description\":\"Onderdelen nieuw en gebruikt - Fiat &amp; Lancia\",\"publisher\":{\"@id\":\"https:\\\/\\\/turijnmagazijn.jumpstone-dev.nl\\\/#organization\"},\"potentialAction\":[{\"@type\":\"SearchAction\",\"target\":{\"@type\":\"EntryPoint\",\"urlTemplate\":\"https:\\\/\\\/turijnmagazijn.jumpstone-dev.nl\\\/?s={search_term_string}\"},\"query-input\":{\"@type\":\"PropertyValueSpecification\",\"valueRequired\":true,\"valueName\":\"search_term_string\"}}],\"inLanguage\":\"it-IT\"},{\"@type\":\"Organization\",\"@id\":\"https:\\\/\\\/turijnmagazijn.jumpstone-dev.nl\\\/#organization\",\"name\":\"Turijnmagazijn\",\"url\":\"https:\\\/\\\/turijnmagazijn.jumpstone-dev.nl\\\/\",\"logo\":{\"@type\":\"ImageObject\",\"inLanguage\":\"it-IT\",\"@id\":\"https:\\\/\\\/turijnmagazijn.jumpstone-dev.nl\\\/#\\\/schema\\\/logo\\\/image\\\/\",\"url\":\"https:\\\/\\\/turijnmagazijn.nl\\\/wp-content\\\/uploads\\\/2021\\\/02\\\/turijnmagazijnlogo.png\",\"contentUrl\":\"https:\\\/\\\/turijnmagazijn.nl\\\/wp-content\\\/uploads\\\/2021\\\/02\\\/turijnmagazijnlogo.png\",\"width\":555,\"height\":270,\"caption\":\"Turijnmagazijn\"},\"image\":{\"@id\":\"https:\\\/\\\/turijnmagazijn.jumpstone-dev.nl\\\/#\\\/schema\\\/logo\\\/image\\\/\"},\"sameAs\":[\"https:\\\/\\\/www.facebook.com\\\/turijnmagazijn\"]}]}<\/script>\n<!-- \/ Yoast SEO plugin. -->","yoast_head_json":{"title":"Set coprimozzo 4 pezzi Nero Fiat 500X cerchi in lega originali - Turijnmagazijn","robots":{"index":"index","follow":"follow","max-snippet":"max-snippet:-1","max-image-preview":"max-image-preview:large","max-video-preview":"max-video-preview:-1"},"canonical":"https:\/\/turijnmagazijn.nl\/it\/prodotto\/coprimozzo-tappo-set-4-pcs-nero-fiat-500x-originale-cerchi-in-lega\/","og_locale":"it_IT","og_type":"article","og_title":"Set coprimozzo 4 pezzi Nero Fiat 500X cerchi in lega originali - Turijnmagazijn","og_description":"Coprimozzo Nero Cerchi in lega originali Fiat 500X - Nuovo articolo originale OEM prodotto per Fiat 500X. Set coprimozzo 4 pz Cerchi in lega originali Fiat 500X nera - Nuovo articolo originale OEM prodotto per Fiat 500X.","og_url":"https:\/\/turijnmagazijn.nl\/it\/prodotto\/coprimozzo-tappo-set-4-pcs-nero-fiat-500x-originale-cerchi-in-lega\/","og_site_name":"Turijnmagazijn","article_publisher":"https:\/\/www.facebook.com\/turijnmagazijn","article_modified_time":"2024-08-29T07:16:51+00:00","og_image":[{"width":870,"height":768,"url":"https:\/\/turijnmagazijn.nl\/wp-content\/uploads\/2023\/03\/DN00100147-S-Naafdeksel-set-4-st-Zwart-Fiat-500X-originele-lichtmetalen-velgen-1-1.jpg","type":"image\/jpeg"}],"twitter_card":"summary_large_image","twitter_misc":{"Tempo di lettura stimato":"1 minuto"},"schema":{"@context":"https:\/\/schema.org","@graph":[{"@type":"WebPage","@id":"https:\/\/turijnmagazijn.nl\/it\/prodotto\/coprimozzo-tappo-set-4-pcs-nero-fiat-500x-originale-cerchi-in-lega\/","url":"https:\/\/turijnmagazijn.nl\/it\/prodotto\/coprimozzo-tappo-set-4-pcs-nero-fiat-500x-originale-cerchi-in-lega\/","name":"Set coprimozzo 4 pezzi Nero Fiat 500X cerchi in lega originali - Turijnmagazijn","isPartOf":{"@id":"https:\/\/turijnmagazijn.jumpstone-dev.nl\/#website"},"primaryImageOfPage":{"@id":"https:\/\/turijnmagazijn.nl\/it\/prodotto\/coprimozzo-tappo-set-4-pcs-nero-fiat-500x-originale-cerchi-in-lega\/#primaryimage"},"image":{"@id":"https:\/\/turijnmagazijn.nl\/it\/prodotto\/coprimozzo-tappo-set-4-pcs-nero-fiat-500x-originale-cerchi-in-lega\/#primaryimage"},"thumbnailUrl":"https:\/\/turijnmagazijn.nl\/wp-content\/uploads\/2023\/03\/1765144442089.png","datePublished":"2023-03-03T08:53:05+00:00","dateModified":"2024-08-29T07:16:51+00:00","breadcrumb":{"@id":"https:\/\/turijnmagazijn.nl\/it\/prodotto\/coprimozzo-tappo-set-4-pcs-nero-fiat-500x-originale-cerchi-in-lega\/#breadcrumb"},"inLanguage":"it-IT","potentialAction":[{"@type":"ReadAction","target":["https:\/\/turijnmagazijn.nl\/it\/prodotto\/coprimozzo-tappo-set-4-pcs-nero-fiat-500x-originale-cerchi-in-lega\/"]}]},{"@type":"ImageObject","inLanguage":"it-IT","@id":"https:\/\/turijnmagazijn.nl\/it\/prodotto\/coprimozzo-tappo-set-4-pcs-nero-fiat-500x-originale-cerchi-in-lega\/#primaryimage","url":"https:\/\/turijnmagazijn.nl\/wp-content\/uploads\/2023\/03\/1765144442089.png","contentUrl":"https:\/\/turijnmagazijn.nl\/wp-content\/uploads\/2023\/03\/1765144442089.png","width":1184,"height":864},{"@type":"BreadcrumbList","@id":"https:\/\/turijnmagazijn.nl\/it\/prodotto\/coprimozzo-tappo-set-4-pcs-nero-fiat-500x-originale-cerchi-in-lega\/#breadcrumb","itemListElement":[{"@type":"ListItem","position":1,"name":"Home","item":"https:\/\/turijnmagazijn.nl\/it\/"},{"@type":"ListItem","position":2,"name":"Prodotti","item":"https:\/\/turijnmagazijn.nl\/it\/shop\/"},{"@type":"ListItem","position":3,"name":"Set coprimozzo 4 pezzi Nero Fiat 500X cerchi in lega originali"}]},{"@type":"WebSite","@id":"https:\/\/turijnmagazijn.jumpstone-dev.nl\/#website","url":"https:\/\/turijnmagazijn.jumpstone-dev.nl\/","name":"Turijnmagazijn","description":"Onderdelen nieuw en gebruikt - Fiat &amp; Lancia","publisher":{"@id":"https:\/\/turijnmagazijn.jumpstone-dev.nl\/#organization"},"potentialAction":[{"@type":"SearchAction","target":{"@type":"EntryPoint","urlTemplate":"https:\/\/turijnmagazijn.jumpstone-dev.nl\/?s={search_term_string}"},"query-input":{"@type":"PropertyValueSpecification","valueRequired":true,"valueName":"search_term_string"}}],"inLanguage":"it-IT"},{"@type":"Organization","@id":"https:\/\/turijnmagazijn.jumpstone-dev.nl\/#organization","name":"Turijnmagazijn","url":"https:\/\/turijnmagazijn.jumpstone-dev.nl\/","logo":{"@type":"ImageObject","inLanguage":"it-IT","@id":"https:\/\/turijnmagazijn.jumpstone-dev.nl\/#\/schema\/logo\/image\/","url":"https:\/\/turijnmagazijn.nl\/wp-content\/uploads\/2021\/02\/turijnmagazijnlogo.png","contentUrl":"https:\/\/turijnmagazijn.nl\/wp-content\/uploads\/2021\/02\/turijnmagazijnlogo.png","width":555,"height":270,"caption":"Turijnmagazijn"},"image":{"@id":"https:\/\/turijnmagazijn.jumpstone-dev.nl\/#\/schema\/logo\/image\/"},"sameAs":["https:\/\/www.facebook.com\/turijnmagazijn"]}]}},"_links":{"self":[{"href":"https:\/\/turijnmagazijn.nl\/it\/wp-json\/wp\/v2\/product\/65993","targetHints":{"allow":["GET"]}}],"collection":[{"href":"https:\/\/turijnmagazijn.nl\/it\/wp-json\/wp\/v2\/product"}],"about":[{"href":"https:\/\/turijnmagazijn.nl\/it\/wp-json\/wp\/v2\/types\/product"}],"replies":[{"embeddable":true,"href":"https:\/\/turijnmagazijn.nl\/it\/wp-json\/wp\/v2\/comments?post=65993"}],"wp:featuredmedia":[{"embeddable":true,"href":"https:\/\/turijnmagazijn.nl\/it\/wp-json\/wp\/v2\/media\/96099"}],"wp:attachment":[{"href":"https:\/\/turijnmagazijn.nl\/it\/wp-json\/wp\/v2\/media?parent=65993"}],"wp:term":[{"taxonomy":"product_brand","embeddable":true,"href":"https:\/\/turijnmagazijn.nl\/it\/wp-json\/wp\/v2\/product_brand?post=65993"},{"taxonomy":"product_cat","embeddable":true,"href":"https:\/\/turijnmagazijn.nl\/it\/wp-json\/wp\/v2\/product_cat?post=65993"},{"taxonomy":"product_tag","embeddable":true,"href":"https:\/\/turijnmagazijn.nl\/it\/wp-json\/wp\/v2\/product_tag?post=65993"}],"curies":[{"name":"wp","href":"https:\/\/api.w.org\/{rel}","templated":true}]}}