{"id":65997,"date":"2023-03-03T09:53:05","date_gmt":"2023-03-03T08:53:05","guid":{"rendered":"https:\/\/turijnmagazijn.nl\/product\/coprimozzo-nero-cerchi-in-lega-originali-fiat-500x\/"},"modified":"2025-07-31T17:39:38","modified_gmt":"2025-07-31T15:39:38","slug":"coprimozzo-nero-fiat-500x-originale-cerchi-in-lega","status":"publish","type":"product","link":"https:\/\/turijnmagazijn.nl\/it\/prodotto\/coprimozzo-nero-fiat-500x-originale-cerchi-in-lega\/","title":{"rendered":"Coprimozzo Nero Fiat 500X cerchi in lega originali"},"content":{"rendered":"<p>Nuovo articolo di imitazione adatto alla Fiat 500X.<\/p>\n<p>Riguarda la versione nera (esiste anche una versione con accento sul bordo color metallo).<\/p>\n<p>Questi tappi non sono dotati dell&#8217;anello a molla (anche se mostrato nella foto). Questo pu\u00f2 essere facilmente trasferito dai vecchi tappi. Anche il montaggio senza molla \u00e8 perfettamente possibile; la minore forza di serraggio pu\u00f2 essere vantaggiosa per evitare che le gambe si rompano. La forza di serraggio della plastica \u00e8 pi\u00f9 che sufficiente per evitare di perdere i tappi lungo il percorso.   <\/p>\n<p>Preoccupazioni 1 copia di coprimozzo \/ coprimozzo \/ coprimozzo per cerchi in lega per Fiat 500X ci sono un gran numero di cerchi diversi disponibili per la 500X, <span style=\"font-weight: bold;\">che utilizzano tutti lo stesso coprimozzo<\/span>.<\/p>\n<p><span style=\"font-style: italic;\">Se il coperchio del mozzo viene rimosso in modo errato, una gamba di serraggio spesso si rompe e il cappuccio del mozzo viene perso o non pu\u00f2 pi\u00f9 essere montato. Quando si rimuove il coperchio del mozzo, utilizzare sempre uno strumento speciale che pu\u00f2 essere inserito nello slot nel coperchio del mozzo per rimuovere il coperchio del mozzo senza danni.<\/span><\/p>\n<p>Questo coprimozzo si adatta ai seguenti tipi di cerchio;<\/p>\n<table class=\"table table-bordered\" style=\"background-color: #ffffff; width: 811.818px;\">\n<tbody>\n<tr>\n<td style=\"line-height: 1.42857;\">Fiat 500X Sport<\/td>\n<td style=\"line-height: 1.42857;\">735624968<\/td>\n<\/tr>\n<tr>\n<td style=\"line-height: 1.42857;\">Fiat 500X<\/td>\n<td style=\"line-height: 1.42857;\">6AP26MXFAA<\/td>\n<\/tr>\n<tr>\n<td style=\"line-height: 1.42857;\">Fiat 500X<\/td>\n<td style=\"line-height: 1.42857;\">6AN66U3JAA<\/td>\n<\/tr>\n<tr>\n<td style=\"line-height: 1.42857;\">Fiat 500X<\/td>\n<td style=\"line-height: 1.42857;\">735612564<\/td>\n<\/tr>\n<tr>\n<td style=\"line-height: 1.42857;\">Fiat 500X<\/td>\n<td style=\"line-height: 1.42857;\">6AN71U24AA<\/td>\n<\/tr>\n<tr>\n<td style=\"line-height: 1.42857;\">Fiat 500X<\/td>\n<td style=\"line-height: 1.42857;\">6AN70MAAA<\/td>\n<\/tr>\n<\/tbody>\n<\/table>\n<p>La copertura dell&#8217;hub ha il seguente numero di parte:<\/p>\n<p>OEM Fiat 735626311<\/p>\n","protected":false},"excerpt":{"rendered":"<p>Coprimozzo Nero Cerchi in lega originali Fiat 500X &#8211; Nuovo articolo originale OEM prodotto per Fiat 500X.<\/p>\n","protected":false},"featured_media":53466,"comment_status":"closed","ping_status":"closed","template":"","meta":{"_acf_changed":false},"product_brand":[],"product_cat":[1699,1691],"product_tag":[],"class_list":{"0":"post-65997","1":"product","2":"type-product","3":"status-publish","4":"has-post-thumbnail","6":"product_cat-500x-334-it","7":"product_cat-fiat-it","8":"pa_soort-onderdeel-interni-e-tappezzeria","10":"first","11":"instock","12":"taxable","13":"shipping-taxable","14":"purchasable","15":"product-type-simple"},"acf":[],"yoast_head":"<!-- This site is optimized with the Yoast SEO plugin v27.3 - https:\/\/yoast.com\/product\/yoast-seo-wordpress\/ -->\n<title>Coprimozzo Nero Fiat 500X cerchi in lega originali - Turijnmagazijn<\/title>\n<meta name=\"robots\" content=\"index, follow, max-snippet:-1, max-image-preview:large, max-video-preview:-1\" \/>\n<link rel=\"canonical\" href=\"https:\/\/turijnmagazijn.nl\/it\/prodotto\/coprimozzo-nero-fiat-500x-originale-cerchi-in-lega\/\" \/>\n<meta property=\"og:locale\" content=\"it_IT\" \/>\n<meta property=\"og:type\" content=\"article\" \/>\n<meta property=\"og:title\" content=\"Coprimozzo Nero Fiat 500X cerchi in lega originali - Turijnmagazijn\" \/>\n<meta property=\"og:description\" content=\"Coprimozzo Nero Cerchi in lega originali Fiat 500X - Nuovo articolo originale OEM prodotto per Fiat 500X.\" \/>\n<meta property=\"og:url\" content=\"https:\/\/turijnmagazijn.nl\/it\/prodotto\/coprimozzo-nero-fiat-500x-originale-cerchi-in-lega\/\" \/>\n<meta property=\"og:site_name\" content=\"Turijnmagazijn\" \/>\n<meta property=\"article:publisher\" content=\"https:\/\/www.facebook.com\/turijnmagazijn\" \/>\n<meta property=\"article:modified_time\" content=\"2025-07-31T15:39:38+00:00\" \/>\n<meta property=\"og:image\" content=\"https:\/\/turijnmagazijn.nl\/wp-content\/uploads\/2023\/03\/DN00100147-Naafdeksel-Zwart-Fiat-500X-originele-lichtmetalen-velgen-3-1.jpg\" \/>\n\t<meta property=\"og:image:width\" content=\"1024\" \/>\n\t<meta property=\"og:image:height\" content=\"768\" \/>\n\t<meta property=\"og:image:type\" content=\"image\/jpeg\" \/>\n<meta name=\"twitter:card\" content=\"summary_large_image\" \/>\n<meta name=\"twitter:label1\" content=\"Tempo di lettura stimato\" \/>\n\t<meta name=\"twitter:data1\" content=\"1 minuto\" \/>\n<script type=\"application\/ld+json\" class=\"yoast-schema-graph\">{\"@context\":\"https:\\\/\\\/schema.org\",\"@graph\":[{\"@type\":\"WebPage\",\"@id\":\"https:\\\/\\\/turijnmagazijn.nl\\\/it\\\/prodotto\\\/coprimozzo-nero-fiat-500x-originale-cerchi-in-lega\\\/\",\"url\":\"https:\\\/\\\/turijnmagazijn.nl\\\/it\\\/prodotto\\\/coprimozzo-nero-fiat-500x-originale-cerchi-in-lega\\\/\",\"name\":\"Coprimozzo Nero Fiat 500X cerchi in lega originali - Turijnmagazijn\",\"isPartOf\":{\"@id\":\"https:\\\/\\\/turijnmagazijn.jumpstone-dev.nl\\\/#website\"},\"primaryImageOfPage\":{\"@id\":\"https:\\\/\\\/turijnmagazijn.nl\\\/it\\\/prodotto\\\/coprimozzo-nero-fiat-500x-originale-cerchi-in-lega\\\/#primaryimage\"},\"image\":{\"@id\":\"https:\\\/\\\/turijnmagazijn.nl\\\/it\\\/prodotto\\\/coprimozzo-nero-fiat-500x-originale-cerchi-in-lega\\\/#primaryimage\"},\"thumbnailUrl\":\"https:\\\/\\\/turijnmagazijn.nl\\\/wp-content\\\/uploads\\\/2023\\\/03\\\/DN00100147-Naafdeksel-Zwart-Fiat-500X-originele-lichtmetalen-velgen-3-1.jpg\",\"datePublished\":\"2023-03-03T08:53:05+00:00\",\"dateModified\":\"2025-07-31T15:39:38+00:00\",\"breadcrumb\":{\"@id\":\"https:\\\/\\\/turijnmagazijn.nl\\\/it\\\/prodotto\\\/coprimozzo-nero-fiat-500x-originale-cerchi-in-lega\\\/#breadcrumb\"},\"inLanguage\":\"it-IT\",\"potentialAction\":[{\"@type\":\"ReadAction\",\"target\":[\"https:\\\/\\\/turijnmagazijn.nl\\\/it\\\/prodotto\\\/coprimozzo-nero-fiat-500x-originale-cerchi-in-lega\\\/\"]}]},{\"@type\":\"ImageObject\",\"inLanguage\":\"it-IT\",\"@id\":\"https:\\\/\\\/turijnmagazijn.nl\\\/it\\\/prodotto\\\/coprimozzo-nero-fiat-500x-originale-cerchi-in-lega\\\/#primaryimage\",\"url\":\"https:\\\/\\\/turijnmagazijn.nl\\\/wp-content\\\/uploads\\\/2023\\\/03\\\/DN00100147-Naafdeksel-Zwart-Fiat-500X-originele-lichtmetalen-velgen-3-1.jpg\",\"contentUrl\":\"https:\\\/\\\/turijnmagazijn.nl\\\/wp-content\\\/uploads\\\/2023\\\/03\\\/DN00100147-Naafdeksel-Zwart-Fiat-500X-originele-lichtmetalen-velgen-3-1.jpg\",\"width\":1024,\"height\":768},{\"@type\":\"BreadcrumbList\",\"@id\":\"https:\\\/\\\/turijnmagazijn.nl\\\/it\\\/prodotto\\\/coprimozzo-nero-fiat-500x-originale-cerchi-in-lega\\\/#breadcrumb\",\"itemListElement\":[{\"@type\":\"ListItem\",\"position\":1,\"name\":\"Home\",\"item\":\"https:\\\/\\\/turijnmagazijn.nl\\\/it\\\/\"},{\"@type\":\"ListItem\",\"position\":2,\"name\":\"Prodotti\",\"item\":\"https:\\\/\\\/turijnmagazijn.nl\\\/it\\\/shop\\\/\"},{\"@type\":\"ListItem\",\"position\":3,\"name\":\"Coprimozzo Nero Fiat 500X cerchi in lega originali\"}]},{\"@type\":\"WebSite\",\"@id\":\"https:\\\/\\\/turijnmagazijn.jumpstone-dev.nl\\\/#website\",\"url\":\"https:\\\/\\\/turijnmagazijn.jumpstone-dev.nl\\\/\",\"name\":\"Turijnmagazijn\",\"description\":\"Onderdelen nieuw en gebruikt - Fiat &amp; Lancia\",\"publisher\":{\"@id\":\"https:\\\/\\\/turijnmagazijn.jumpstone-dev.nl\\\/#organization\"},\"potentialAction\":[{\"@type\":\"SearchAction\",\"target\":{\"@type\":\"EntryPoint\",\"urlTemplate\":\"https:\\\/\\\/turijnmagazijn.jumpstone-dev.nl\\\/?s={search_term_string}\"},\"query-input\":{\"@type\":\"PropertyValueSpecification\",\"valueRequired\":true,\"valueName\":\"search_term_string\"}}],\"inLanguage\":\"it-IT\"},{\"@type\":\"Organization\",\"@id\":\"https:\\\/\\\/turijnmagazijn.jumpstone-dev.nl\\\/#organization\",\"name\":\"Turijnmagazijn\",\"url\":\"https:\\\/\\\/turijnmagazijn.jumpstone-dev.nl\\\/\",\"logo\":{\"@type\":\"ImageObject\",\"inLanguage\":\"it-IT\",\"@id\":\"https:\\\/\\\/turijnmagazijn.jumpstone-dev.nl\\\/#\\\/schema\\\/logo\\\/image\\\/\",\"url\":\"https:\\\/\\\/turijnmagazijn.nl\\\/wp-content\\\/uploads\\\/2021\\\/02\\\/turijnmagazijnlogo.png\",\"contentUrl\":\"https:\\\/\\\/turijnmagazijn.nl\\\/wp-content\\\/uploads\\\/2021\\\/02\\\/turijnmagazijnlogo.png\",\"width\":555,\"height\":270,\"caption\":\"Turijnmagazijn\"},\"image\":{\"@id\":\"https:\\\/\\\/turijnmagazijn.jumpstone-dev.nl\\\/#\\\/schema\\\/logo\\\/image\\\/\"},\"sameAs\":[\"https:\\\/\\\/www.facebook.com\\\/turijnmagazijn\"]}]}<\/script>\n<!-- \/ Yoast SEO plugin. -->","yoast_head_json":{"title":"Coprimozzo Nero Fiat 500X cerchi in lega originali - Turijnmagazijn","robots":{"index":"index","follow":"follow","max-snippet":"max-snippet:-1","max-image-preview":"max-image-preview:large","max-video-preview":"max-video-preview:-1"},"canonical":"https:\/\/turijnmagazijn.nl\/it\/prodotto\/coprimozzo-nero-fiat-500x-originale-cerchi-in-lega\/","og_locale":"it_IT","og_type":"article","og_title":"Coprimozzo Nero Fiat 500X cerchi in lega originali - Turijnmagazijn","og_description":"Coprimozzo Nero Cerchi in lega originali Fiat 500X - Nuovo articolo originale OEM prodotto per Fiat 500X.","og_url":"https:\/\/turijnmagazijn.nl\/it\/prodotto\/coprimozzo-nero-fiat-500x-originale-cerchi-in-lega\/","og_site_name":"Turijnmagazijn","article_publisher":"https:\/\/www.facebook.com\/turijnmagazijn","article_modified_time":"2025-07-31T15:39:38+00:00","og_image":[{"width":1024,"height":768,"url":"https:\/\/turijnmagazijn.nl\/wp-content\/uploads\/2023\/03\/DN00100147-Naafdeksel-Zwart-Fiat-500X-originele-lichtmetalen-velgen-3-1.jpg","type":"image\/jpeg"}],"twitter_card":"summary_large_image","twitter_misc":{"Tempo di lettura stimato":"1 minuto"},"schema":{"@context":"https:\/\/schema.org","@graph":[{"@type":"WebPage","@id":"https:\/\/turijnmagazijn.nl\/it\/prodotto\/coprimozzo-nero-fiat-500x-originale-cerchi-in-lega\/","url":"https:\/\/turijnmagazijn.nl\/it\/prodotto\/coprimozzo-nero-fiat-500x-originale-cerchi-in-lega\/","name":"Coprimozzo Nero Fiat 500X cerchi in lega originali - Turijnmagazijn","isPartOf":{"@id":"https:\/\/turijnmagazijn.jumpstone-dev.nl\/#website"},"primaryImageOfPage":{"@id":"https:\/\/turijnmagazijn.nl\/it\/prodotto\/coprimozzo-nero-fiat-500x-originale-cerchi-in-lega\/#primaryimage"},"image":{"@id":"https:\/\/turijnmagazijn.nl\/it\/prodotto\/coprimozzo-nero-fiat-500x-originale-cerchi-in-lega\/#primaryimage"},"thumbnailUrl":"https:\/\/turijnmagazijn.nl\/wp-content\/uploads\/2023\/03\/DN00100147-Naafdeksel-Zwart-Fiat-500X-originele-lichtmetalen-velgen-3-1.jpg","datePublished":"2023-03-03T08:53:05+00:00","dateModified":"2025-07-31T15:39:38+00:00","breadcrumb":{"@id":"https:\/\/turijnmagazijn.nl\/it\/prodotto\/coprimozzo-nero-fiat-500x-originale-cerchi-in-lega\/#breadcrumb"},"inLanguage":"it-IT","potentialAction":[{"@type":"ReadAction","target":["https:\/\/turijnmagazijn.nl\/it\/prodotto\/coprimozzo-nero-fiat-500x-originale-cerchi-in-lega\/"]}]},{"@type":"ImageObject","inLanguage":"it-IT","@id":"https:\/\/turijnmagazijn.nl\/it\/prodotto\/coprimozzo-nero-fiat-500x-originale-cerchi-in-lega\/#primaryimage","url":"https:\/\/turijnmagazijn.nl\/wp-content\/uploads\/2023\/03\/DN00100147-Naafdeksel-Zwart-Fiat-500X-originele-lichtmetalen-velgen-3-1.jpg","contentUrl":"https:\/\/turijnmagazijn.nl\/wp-content\/uploads\/2023\/03\/DN00100147-Naafdeksel-Zwart-Fiat-500X-originele-lichtmetalen-velgen-3-1.jpg","width":1024,"height":768},{"@type":"BreadcrumbList","@id":"https:\/\/turijnmagazijn.nl\/it\/prodotto\/coprimozzo-nero-fiat-500x-originale-cerchi-in-lega\/#breadcrumb","itemListElement":[{"@type":"ListItem","position":1,"name":"Home","item":"https:\/\/turijnmagazijn.nl\/it\/"},{"@type":"ListItem","position":2,"name":"Prodotti","item":"https:\/\/turijnmagazijn.nl\/it\/shop\/"},{"@type":"ListItem","position":3,"name":"Coprimozzo Nero Fiat 500X cerchi in lega originali"}]},{"@type":"WebSite","@id":"https:\/\/turijnmagazijn.jumpstone-dev.nl\/#website","url":"https:\/\/turijnmagazijn.jumpstone-dev.nl\/","name":"Turijnmagazijn","description":"Onderdelen nieuw en gebruikt - Fiat &amp; Lancia","publisher":{"@id":"https:\/\/turijnmagazijn.jumpstone-dev.nl\/#organization"},"potentialAction":[{"@type":"SearchAction","target":{"@type":"EntryPoint","urlTemplate":"https:\/\/turijnmagazijn.jumpstone-dev.nl\/?s={search_term_string}"},"query-input":{"@type":"PropertyValueSpecification","valueRequired":true,"valueName":"search_term_string"}}],"inLanguage":"it-IT"},{"@type":"Organization","@id":"https:\/\/turijnmagazijn.jumpstone-dev.nl\/#organization","name":"Turijnmagazijn","url":"https:\/\/turijnmagazijn.jumpstone-dev.nl\/","logo":{"@type":"ImageObject","inLanguage":"it-IT","@id":"https:\/\/turijnmagazijn.jumpstone-dev.nl\/#\/schema\/logo\/image\/","url":"https:\/\/turijnmagazijn.nl\/wp-content\/uploads\/2021\/02\/turijnmagazijnlogo.png","contentUrl":"https:\/\/turijnmagazijn.nl\/wp-content\/uploads\/2021\/02\/turijnmagazijnlogo.png","width":555,"height":270,"caption":"Turijnmagazijn"},"image":{"@id":"https:\/\/turijnmagazijn.jumpstone-dev.nl\/#\/schema\/logo\/image\/"},"sameAs":["https:\/\/www.facebook.com\/turijnmagazijn"]}]}},"_links":{"self":[{"href":"https:\/\/turijnmagazijn.nl\/it\/wp-json\/wp\/v2\/product\/65997","targetHints":{"allow":["GET"]}}],"collection":[{"href":"https:\/\/turijnmagazijn.nl\/it\/wp-json\/wp\/v2\/product"}],"about":[{"href":"https:\/\/turijnmagazijn.nl\/it\/wp-json\/wp\/v2\/types\/product"}],"replies":[{"embeddable":true,"href":"https:\/\/turijnmagazijn.nl\/it\/wp-json\/wp\/v2\/comments?post=65997"}],"wp:featuredmedia":[{"embeddable":true,"href":"https:\/\/turijnmagazijn.nl\/it\/wp-json\/wp\/v2\/media\/53466"}],"wp:attachment":[{"href":"https:\/\/turijnmagazijn.nl\/it\/wp-json\/wp\/v2\/media?parent=65997"}],"wp:term":[{"taxonomy":"product_brand","embeddable":true,"href":"https:\/\/turijnmagazijn.nl\/it\/wp-json\/wp\/v2\/product_brand?post=65997"},{"taxonomy":"product_cat","embeddable":true,"href":"https:\/\/turijnmagazijn.nl\/it\/wp-json\/wp\/v2\/product_cat?post=65997"},{"taxonomy":"product_tag","embeddable":true,"href":"https:\/\/turijnmagazijn.nl\/it\/wp-json\/wp\/v2\/product_tag?post=65997"}],"curies":[{"name":"wp","href":"https:\/\/api.w.org\/{rel}","templated":true}]}}