{"id":66133,"date":"2023-03-03T10:09:04","date_gmt":"2023-03-03T09:09:04","guid":{"rendered":"https:\/\/turijnmagazijn.nl\/product\/rele-bianco-a-5-poli-25a-per-a-o-ventilatore-radiatore-lancia-delta-integrale-nos\/"},"modified":"2025-05-07T17:40:10","modified_gmt":"2025-05-07T15:40:10","slug":"rele-bianco-5-pin-25a-per-o-a-radiatore-ventola-lancia-delta-integrale-nos","status":"publish","type":"product","link":"https:\/\/turijnmagazijn.nl\/it\/prodotto\/rele-bianco-5-pin-25a-per-o-a-radiatore-ventola-lancia-delta-integrale-nos\/","title":{"rendered":"Rel\u00e8 bianco a 5 poli 25A per a.o. Ventilatore radiatore Lancia Delta Integrale NOS"},"content":{"rendered":"<p>Parte originale Lancia da vecchi stock. Rel\u00e8 originale del produttore Mafer Torino.<\/p>\n<p>Questo tipo di rel\u00e8 \u00e8 stato applicato a tutti i tipi di 1 Lancia Delta compresi i modelli Integrale ed Evoluzione.<\/p>\n<p>Applicato all&#8217;EVO per il controllo della ventola del radiatore e della chiusura centralizzata,<\/p>\n<p>Applicato all&#8217;Integrale per il controllo degli alzacristalli elettrici.<\/p>\n<p>Schema elettrico vedi immagine allegata<\/p>\n<p>Rel\u00e8 a 5 poli.<\/p>\n<p>Contatti:<\/p>\n<ul>\n<li>85<\/li>\n<li>86<\/li>\n<li>87<\/li>\n<li>87 bis<\/li>\n<li>30<\/li>\n<\/ul>\n<p>&nbsp;<\/p>\n<p>OEM LANCIA 82324939<\/p>\n<p>OEM LANCIA 82461739<\/p>\n<p>&nbsp;<\/p>\n<p>La parte numero 13 del disegno tecnico della EPER numero 1040900001 riguarda la sua applicazione alla Lancia Delta Integrale. \u00c8 richiesta una copia per ogni auto.<\/p>\n<p>Parte numero 10 del disegno tecnico EPER numero 46B56B1A8B590736F0FFCA9B0449D544 relativo all&#8217;applicazione sulla Lancia Delta Integrale. \u00c8 richiesta una copia per ogni auto.<\/p>\n","protected":false},"excerpt":{"rendered":"<p>Rel\u00e8 bianco 5 poli 25A per Radiatuerfan Lancia Delta Integrale NOS &#8211; Ricambio originale Lancia da vecchio magazzino. Rel\u00e8 bianco a 5 poli 25A per a.o. Ventola radiatore Lancia Delta Integrale NOS &#8211; Originale Lancia parte da vecchi stock.<\/p>\n","protected":false},"featured_media":55682,"comment_status":"closed","ping_status":"closed","template":"","meta":{"_acf_changed":false},"product_brand":[],"product_cat":[1808,1832,1800],"product_tag":[],"class_list":{"0":"post-66133","1":"product","2":"type-product","3":"status-publish","4":"has-post-thumbnail","6":"product_cat-delta-1-831-it","7":"product_cat-integrale-8v-it","8":"product_cat-lancia-it","9":"pa_soort-onderdeel-elettronica-e-cavi","10":"pa_soort-onderdeel-interni-e-tappezzeria","12":"first","13":"instock","14":"shipping-taxable","15":"purchasable","16":"product-type-simple"},"acf":[],"yoast_head":"<!-- This site is optimized with the Yoast SEO plugin v27.3 - https:\/\/yoast.com\/product\/yoast-seo-wordpress\/ -->\n<title>Rel\u00e8 bianco a 5 poli 25A per a.o. Ventilatore radiatore Lancia Delta Integrale NOS - Turijnmagazijn<\/title>\n<meta name=\"robots\" content=\"index, follow, max-snippet:-1, max-image-preview:large, max-video-preview:-1\" \/>\n<link rel=\"canonical\" href=\"https:\/\/turijnmagazijn.nl\/it\/prodotto\/rele-bianco-5-pin-25a-per-o-a-radiatore-ventola-lancia-delta-integrale-nos\/\" \/>\n<meta property=\"og:locale\" content=\"it_IT\" \/>\n<meta property=\"og:type\" content=\"article\" \/>\n<meta property=\"og:title\" content=\"Rel\u00e8 bianco a 5 poli 25A per a.o. Ventilatore radiatore Lancia Delta Integrale NOS - Turijnmagazijn\" \/>\n<meta property=\"og:description\" content=\"Rel\u00e8 bianco 5 poli 25A per Radiatuerfan Lancia Delta Integrale NOS - Ricambio originale Lancia da vecchio magazzino. Rel\u00e8 bianco a 5 poli 25A per a.o. Ventola radiatore Lancia Delta Integrale NOS - Originale Lancia parte da vecchi stock.\" \/>\n<meta property=\"og:url\" content=\"https:\/\/turijnmagazijn.nl\/it\/prodotto\/rele-bianco-5-pin-25a-per-o-a-radiatore-ventola-lancia-delta-integrale-nos\/\" \/>\n<meta property=\"og:site_name\" content=\"Turijnmagazijn\" \/>\n<meta property=\"article:publisher\" content=\"https:\/\/www.facebook.com\/turijnmagazijn\" \/>\n<meta property=\"article:modified_time\" content=\"2025-05-07T15:40:10+00:00\" \/>\n<meta property=\"og:image\" content=\"https:\/\/turijnmagazijn.nl\/wp-content\/uploads\/2023\/03\/DS00109915-Relais-wit-5-polig-25A-voor-o.a.-Radiateur-fan-Lancia-Delta-Integrale-NOS-4-1.jpg\" \/>\n\t<meta property=\"og:image:width\" content=\"1024\" \/>\n\t<meta property=\"og:image:height\" content=\"768\" \/>\n\t<meta property=\"og:image:type\" content=\"image\/jpeg\" \/>\n<meta name=\"twitter:card\" content=\"summary_large_image\" \/>\n<meta name=\"twitter:label1\" content=\"Tempo di lettura stimato\" \/>\n\t<meta name=\"twitter:data1\" content=\"1 minuto\" \/>\n<script type=\"application\/ld+json\" class=\"yoast-schema-graph\">{\"@context\":\"https:\\\/\\\/schema.org\",\"@graph\":[{\"@type\":\"WebPage\",\"@id\":\"https:\\\/\\\/turijnmagazijn.nl\\\/it\\\/prodotto\\\/rele-bianco-5-pin-25a-per-o-a-radiatore-ventola-lancia-delta-integrale-nos\\\/\",\"url\":\"https:\\\/\\\/turijnmagazijn.nl\\\/it\\\/prodotto\\\/rele-bianco-5-pin-25a-per-o-a-radiatore-ventola-lancia-delta-integrale-nos\\\/\",\"name\":\"Rel\u00e8 bianco a 5 poli 25A per a.o. Ventilatore radiatore Lancia Delta Integrale NOS - Turijnmagazijn\",\"isPartOf\":{\"@id\":\"https:\\\/\\\/turijnmagazijn.jumpstone-dev.nl\\\/#website\"},\"primaryImageOfPage\":{\"@id\":\"https:\\\/\\\/turijnmagazijn.nl\\\/it\\\/prodotto\\\/rele-bianco-5-pin-25a-per-o-a-radiatore-ventola-lancia-delta-integrale-nos\\\/#primaryimage\"},\"image\":{\"@id\":\"https:\\\/\\\/turijnmagazijn.nl\\\/it\\\/prodotto\\\/rele-bianco-5-pin-25a-per-o-a-radiatore-ventola-lancia-delta-integrale-nos\\\/#primaryimage\"},\"thumbnailUrl\":\"https:\\\/\\\/turijnmagazijn.nl\\\/wp-content\\\/uploads\\\/2023\\\/03\\\/DS00109915-Relais-wit-5-polig-25A-voor-o.a.-Radiateur-fan-Lancia-Delta-Integrale-NOS-4-1.jpg\",\"datePublished\":\"2023-03-03T09:09:04+00:00\",\"dateModified\":\"2025-05-07T15:40:10+00:00\",\"breadcrumb\":{\"@id\":\"https:\\\/\\\/turijnmagazijn.nl\\\/it\\\/prodotto\\\/rele-bianco-5-pin-25a-per-o-a-radiatore-ventola-lancia-delta-integrale-nos\\\/#breadcrumb\"},\"inLanguage\":\"it-IT\",\"potentialAction\":[{\"@type\":\"ReadAction\",\"target\":[\"https:\\\/\\\/turijnmagazijn.nl\\\/it\\\/prodotto\\\/rele-bianco-5-pin-25a-per-o-a-radiatore-ventola-lancia-delta-integrale-nos\\\/\"]}]},{\"@type\":\"ImageObject\",\"inLanguage\":\"it-IT\",\"@id\":\"https:\\\/\\\/turijnmagazijn.nl\\\/it\\\/prodotto\\\/rele-bianco-5-pin-25a-per-o-a-radiatore-ventola-lancia-delta-integrale-nos\\\/#primaryimage\",\"url\":\"https:\\\/\\\/turijnmagazijn.nl\\\/wp-content\\\/uploads\\\/2023\\\/03\\\/DS00109915-Relais-wit-5-polig-25A-voor-o.a.-Radiateur-fan-Lancia-Delta-Integrale-NOS-4-1.jpg\",\"contentUrl\":\"https:\\\/\\\/turijnmagazijn.nl\\\/wp-content\\\/uploads\\\/2023\\\/03\\\/DS00109915-Relais-wit-5-polig-25A-voor-o.a.-Radiateur-fan-Lancia-Delta-Integrale-NOS-4-1.jpg\",\"width\":1024,\"height\":768},{\"@type\":\"BreadcrumbList\",\"@id\":\"https:\\\/\\\/turijnmagazijn.nl\\\/it\\\/prodotto\\\/rele-bianco-5-pin-25a-per-o-a-radiatore-ventola-lancia-delta-integrale-nos\\\/#breadcrumb\",\"itemListElement\":[{\"@type\":\"ListItem\",\"position\":1,\"name\":\"Home\",\"item\":\"https:\\\/\\\/turijnmagazijn.nl\\\/it\\\/\"},{\"@type\":\"ListItem\",\"position\":2,\"name\":\"Prodotti\",\"item\":\"https:\\\/\\\/turijnmagazijn.nl\\\/it\\\/shop\\\/\"},{\"@type\":\"ListItem\",\"position\":3,\"name\":\"Rel\u00e8 bianco a 5 poli 25A per a.o. Ventilatore radiatore Lancia Delta Integrale NOS\"}]},{\"@type\":\"WebSite\",\"@id\":\"https:\\\/\\\/turijnmagazijn.jumpstone-dev.nl\\\/#website\",\"url\":\"https:\\\/\\\/turijnmagazijn.jumpstone-dev.nl\\\/\",\"name\":\"Turijnmagazijn\",\"description\":\"Onderdelen nieuw en gebruikt - Fiat &amp; Lancia\",\"publisher\":{\"@id\":\"https:\\\/\\\/turijnmagazijn.jumpstone-dev.nl\\\/#organization\"},\"potentialAction\":[{\"@type\":\"SearchAction\",\"target\":{\"@type\":\"EntryPoint\",\"urlTemplate\":\"https:\\\/\\\/turijnmagazijn.jumpstone-dev.nl\\\/?s={search_term_string}\"},\"query-input\":{\"@type\":\"PropertyValueSpecification\",\"valueRequired\":true,\"valueName\":\"search_term_string\"}}],\"inLanguage\":\"it-IT\"},{\"@type\":\"Organization\",\"@id\":\"https:\\\/\\\/turijnmagazijn.jumpstone-dev.nl\\\/#organization\",\"name\":\"Turijnmagazijn\",\"url\":\"https:\\\/\\\/turijnmagazijn.jumpstone-dev.nl\\\/\",\"logo\":{\"@type\":\"ImageObject\",\"inLanguage\":\"it-IT\",\"@id\":\"https:\\\/\\\/turijnmagazijn.jumpstone-dev.nl\\\/#\\\/schema\\\/logo\\\/image\\\/\",\"url\":\"https:\\\/\\\/turijnmagazijn.nl\\\/wp-content\\\/uploads\\\/2021\\\/02\\\/turijnmagazijnlogo.png\",\"contentUrl\":\"https:\\\/\\\/turijnmagazijn.nl\\\/wp-content\\\/uploads\\\/2021\\\/02\\\/turijnmagazijnlogo.png\",\"width\":555,\"height\":270,\"caption\":\"Turijnmagazijn\"},\"image\":{\"@id\":\"https:\\\/\\\/turijnmagazijn.jumpstone-dev.nl\\\/#\\\/schema\\\/logo\\\/image\\\/\"},\"sameAs\":[\"https:\\\/\\\/www.facebook.com\\\/turijnmagazijn\"]}]}<\/script>\n<!-- \/ Yoast SEO plugin. -->","yoast_head_json":{"title":"Rel\u00e8 bianco a 5 poli 25A per a.o. Ventilatore radiatore Lancia Delta Integrale NOS - Turijnmagazijn","robots":{"index":"index","follow":"follow","max-snippet":"max-snippet:-1","max-image-preview":"max-image-preview:large","max-video-preview":"max-video-preview:-1"},"canonical":"https:\/\/turijnmagazijn.nl\/it\/prodotto\/rele-bianco-5-pin-25a-per-o-a-radiatore-ventola-lancia-delta-integrale-nos\/","og_locale":"it_IT","og_type":"article","og_title":"Rel\u00e8 bianco a 5 poli 25A per a.o. Ventilatore radiatore Lancia Delta Integrale NOS - Turijnmagazijn","og_description":"Rel\u00e8 bianco 5 poli 25A per Radiatuerfan Lancia Delta Integrale NOS - Ricambio originale Lancia da vecchio magazzino. Rel\u00e8 bianco a 5 poli 25A per a.o. Ventola radiatore Lancia Delta Integrale NOS - Originale Lancia parte da vecchi stock.","og_url":"https:\/\/turijnmagazijn.nl\/it\/prodotto\/rele-bianco-5-pin-25a-per-o-a-radiatore-ventola-lancia-delta-integrale-nos\/","og_site_name":"Turijnmagazijn","article_publisher":"https:\/\/www.facebook.com\/turijnmagazijn","article_modified_time":"2025-05-07T15:40:10+00:00","og_image":[{"width":1024,"height":768,"url":"https:\/\/turijnmagazijn.nl\/wp-content\/uploads\/2023\/03\/DS00109915-Relais-wit-5-polig-25A-voor-o.a.-Radiateur-fan-Lancia-Delta-Integrale-NOS-4-1.jpg","type":"image\/jpeg"}],"twitter_card":"summary_large_image","twitter_misc":{"Tempo di lettura stimato":"1 minuto"},"schema":{"@context":"https:\/\/schema.org","@graph":[{"@type":"WebPage","@id":"https:\/\/turijnmagazijn.nl\/it\/prodotto\/rele-bianco-5-pin-25a-per-o-a-radiatore-ventola-lancia-delta-integrale-nos\/","url":"https:\/\/turijnmagazijn.nl\/it\/prodotto\/rele-bianco-5-pin-25a-per-o-a-radiatore-ventola-lancia-delta-integrale-nos\/","name":"Rel\u00e8 bianco a 5 poli 25A per a.o. Ventilatore radiatore Lancia Delta Integrale NOS - Turijnmagazijn","isPartOf":{"@id":"https:\/\/turijnmagazijn.jumpstone-dev.nl\/#website"},"primaryImageOfPage":{"@id":"https:\/\/turijnmagazijn.nl\/it\/prodotto\/rele-bianco-5-pin-25a-per-o-a-radiatore-ventola-lancia-delta-integrale-nos\/#primaryimage"},"image":{"@id":"https:\/\/turijnmagazijn.nl\/it\/prodotto\/rele-bianco-5-pin-25a-per-o-a-radiatore-ventola-lancia-delta-integrale-nos\/#primaryimage"},"thumbnailUrl":"https:\/\/turijnmagazijn.nl\/wp-content\/uploads\/2023\/03\/DS00109915-Relais-wit-5-polig-25A-voor-o.a.-Radiateur-fan-Lancia-Delta-Integrale-NOS-4-1.jpg","datePublished":"2023-03-03T09:09:04+00:00","dateModified":"2025-05-07T15:40:10+00:00","breadcrumb":{"@id":"https:\/\/turijnmagazijn.nl\/it\/prodotto\/rele-bianco-5-pin-25a-per-o-a-radiatore-ventola-lancia-delta-integrale-nos\/#breadcrumb"},"inLanguage":"it-IT","potentialAction":[{"@type":"ReadAction","target":["https:\/\/turijnmagazijn.nl\/it\/prodotto\/rele-bianco-5-pin-25a-per-o-a-radiatore-ventola-lancia-delta-integrale-nos\/"]}]},{"@type":"ImageObject","inLanguage":"it-IT","@id":"https:\/\/turijnmagazijn.nl\/it\/prodotto\/rele-bianco-5-pin-25a-per-o-a-radiatore-ventola-lancia-delta-integrale-nos\/#primaryimage","url":"https:\/\/turijnmagazijn.nl\/wp-content\/uploads\/2023\/03\/DS00109915-Relais-wit-5-polig-25A-voor-o.a.-Radiateur-fan-Lancia-Delta-Integrale-NOS-4-1.jpg","contentUrl":"https:\/\/turijnmagazijn.nl\/wp-content\/uploads\/2023\/03\/DS00109915-Relais-wit-5-polig-25A-voor-o.a.-Radiateur-fan-Lancia-Delta-Integrale-NOS-4-1.jpg","width":1024,"height":768},{"@type":"BreadcrumbList","@id":"https:\/\/turijnmagazijn.nl\/it\/prodotto\/rele-bianco-5-pin-25a-per-o-a-radiatore-ventola-lancia-delta-integrale-nos\/#breadcrumb","itemListElement":[{"@type":"ListItem","position":1,"name":"Home","item":"https:\/\/turijnmagazijn.nl\/it\/"},{"@type":"ListItem","position":2,"name":"Prodotti","item":"https:\/\/turijnmagazijn.nl\/it\/shop\/"},{"@type":"ListItem","position":3,"name":"Rel\u00e8 bianco a 5 poli 25A per a.o. Ventilatore radiatore Lancia Delta Integrale NOS"}]},{"@type":"WebSite","@id":"https:\/\/turijnmagazijn.jumpstone-dev.nl\/#website","url":"https:\/\/turijnmagazijn.jumpstone-dev.nl\/","name":"Turijnmagazijn","description":"Onderdelen nieuw en gebruikt - Fiat &amp; Lancia","publisher":{"@id":"https:\/\/turijnmagazijn.jumpstone-dev.nl\/#organization"},"potentialAction":[{"@type":"SearchAction","target":{"@type":"EntryPoint","urlTemplate":"https:\/\/turijnmagazijn.jumpstone-dev.nl\/?s={search_term_string}"},"query-input":{"@type":"PropertyValueSpecification","valueRequired":true,"valueName":"search_term_string"}}],"inLanguage":"it-IT"},{"@type":"Organization","@id":"https:\/\/turijnmagazijn.jumpstone-dev.nl\/#organization","name":"Turijnmagazijn","url":"https:\/\/turijnmagazijn.jumpstone-dev.nl\/","logo":{"@type":"ImageObject","inLanguage":"it-IT","@id":"https:\/\/turijnmagazijn.jumpstone-dev.nl\/#\/schema\/logo\/image\/","url":"https:\/\/turijnmagazijn.nl\/wp-content\/uploads\/2021\/02\/turijnmagazijnlogo.png","contentUrl":"https:\/\/turijnmagazijn.nl\/wp-content\/uploads\/2021\/02\/turijnmagazijnlogo.png","width":555,"height":270,"caption":"Turijnmagazijn"},"image":{"@id":"https:\/\/turijnmagazijn.jumpstone-dev.nl\/#\/schema\/logo\/image\/"},"sameAs":["https:\/\/www.facebook.com\/turijnmagazijn"]}]}},"_links":{"self":[{"href":"https:\/\/turijnmagazijn.nl\/it\/wp-json\/wp\/v2\/product\/66133","targetHints":{"allow":["GET"]}}],"collection":[{"href":"https:\/\/turijnmagazijn.nl\/it\/wp-json\/wp\/v2\/product"}],"about":[{"href":"https:\/\/turijnmagazijn.nl\/it\/wp-json\/wp\/v2\/types\/product"}],"replies":[{"embeddable":true,"href":"https:\/\/turijnmagazijn.nl\/it\/wp-json\/wp\/v2\/comments?post=66133"}],"wp:featuredmedia":[{"embeddable":true,"href":"https:\/\/turijnmagazijn.nl\/it\/wp-json\/wp\/v2\/media\/55682"}],"wp:attachment":[{"href":"https:\/\/turijnmagazijn.nl\/it\/wp-json\/wp\/v2\/media?parent=66133"}],"wp:term":[{"taxonomy":"product_brand","embeddable":true,"href":"https:\/\/turijnmagazijn.nl\/it\/wp-json\/wp\/v2\/product_brand?post=66133"},{"taxonomy":"product_cat","embeddable":true,"href":"https:\/\/turijnmagazijn.nl\/it\/wp-json\/wp\/v2\/product_cat?post=66133"},{"taxonomy":"product_tag","embeddable":true,"href":"https:\/\/turijnmagazijn.nl\/it\/wp-json\/wp\/v2\/product_tag?post=66133"}],"curies":[{"name":"wp","href":"https:\/\/api.w.org\/{rel}","templated":true}]}}