{"id":66159,"date":"2023-03-03T10:10:45","date_gmt":"2023-03-03T09:10:45","guid":{"rendered":"https:\/\/turijnmagazijn.nl\/product\/set-completo-sospensioni-frontali-in-poliuretano-lancia-thesis-set-di-8\/"},"modified":"2025-04-17T15:32:53","modified_gmt":"2025-04-17T13:32:53","slug":"sospensioni-frontali-complete-antiuretano-set-di-poliuretano-lancia-tesi-set-di-8","status":"publish","type":"product","link":"https:\/\/turijnmagazijn.nl\/it\/prodotto\/sospensioni-frontali-complete-antiuretano-set-di-poliuretano-lancia-tesi-set-di-8\/","title":{"rendered":"Set completo sospensioni frontali in poliuretano Lancia Thesis (set di 8)"},"content":{"rendered":"<p>Set completo composto da 8 boccole in poliuretano in sostituzione delle boccole originali in gomma per la sospensione anteriore per Lancia Thesis. Il set include tutte le boccole ombreggiate nella foto nella giusta quantit\u00e0 per 1 auto. Con questo set, sia la parte anteriore sinistra che quella destra sono dotate di nuovi autobus.<\/p>\n<p>Boccole in poliuretano di alta qualit\u00e0 per sostituire le boccole in gomma originali. Il poliuretano \u00e8 un materiale moderno che \u00e8 molto resistente all&#8217;usura, non obsoleto e se correttamente assemblato non ha mai bisogno di essere sostituito di nuovo. Il poliuretano \u00e8 un po &#8216;pi\u00f9 rigido della gomma, e quindi d\u00e0 una sensazione pi\u00f9 stretta dalla sospensione (senza diventare scomodo) rispetto alla gomma originale.<\/p>\n<p>Siamo importatori di questi autobus, che vengono spediti direttamente a voi dal nostro produttore. A causa della spedizione internazionale richiesta, il tempo di consegna di questi autobus \u00e8 di circa 2 settimane, massimo 12 giorni lavorativi.<\/p>\n<p>Il corretto assemblaggio con il grasso in dotazione \u00e8 di grande importanza per una lunga e silenziosa durata.<\/p>\n<p style=\"margin-bottom: 10px; font-size: 12px; line-height: 20px;\"><span style=\"font-weight: bold;\">SOLO RIFERIMENTO OEM<br \/>\n<\/span><\/p>\n<div style=\"font-size: 12px; line-height: 20px;\"><span style=\"font-size: 12px; text-align: center;\"><br \/>\n60678239<\/span> <span style=\"text-align: center; font-size: 12px;\"><br \/>\n60678238<\/span> <span style=\"text-align: center; font-size: 12px;\">60678241<\/span><\/div>\n<div style=\"font-size: 12px; line-height: 20px;\"><span style=\"font-size: 12px; text-align: center;\">46844502<\/span><br style=\"font-size: 12px; text-align: center;\"><span style=\"font-size: 12px; text-align: center;\"><br \/>\n60675743<\/span> <span style=\"font-size: 12px; text-align: -webkit-center;\"><\/p>\n<p>60680200 60680201 46844503<br \/>\n46844504<\/span><span style=\"font-size: 12px;\"> <\/span><\/div>\n<p>&nbsp;<\/p>\n","protected":false},"excerpt":{"rendered":"<p>Set completo sospensioni anteriori in poliuretano Lancia Thesis (set di 8) &#8211; Set completo composto da 8 boccole in poliuretano in sostituzione delle boccole originali in gomma per la sospensione anteriore per Lancia Thesis.NON DISPONIBILE Ritiro completo<\/p>\n","protected":false},"featured_media":55874,"comment_status":"closed","ping_status":"closed","template":"","meta":{"_acf_changed":false},"product_brand":[],"product_cat":[1800,1906],"product_tag":[],"class_list":{"0":"post-66159","1":"product","2":"type-product","3":"status-publish","4":"has-post-thumbnail","6":"product_cat-lancia-it","7":"product_cat-thesis-841-it","8":"pa_soort-onderdeel-sospensioni-e-telaio","10":"first","11":"instock","12":"taxable","13":"shipping-taxable","14":"purchasable","15":"product-type-simple"},"acf":[],"yoast_head":"<!-- This site is optimized with the Yoast SEO plugin v27.3 - https:\/\/yoast.com\/product\/yoast-seo-wordpress\/ -->\n<title>Set completo sospensioni frontali in poliuretano Lancia Thesis (set di 8) - Turijnmagazijn<\/title>\n<meta name=\"robots\" content=\"index, follow, max-snippet:-1, max-image-preview:large, max-video-preview:-1\" \/>\n<link rel=\"canonical\" href=\"https:\/\/turijnmagazijn.nl\/it\/prodotto\/sospensioni-frontali-complete-antiuretano-set-di-poliuretano-lancia-tesi-set-di-8\/\" \/>\n<meta property=\"og:locale\" content=\"it_IT\" \/>\n<meta property=\"og:type\" content=\"article\" \/>\n<meta property=\"og:title\" content=\"Set completo sospensioni frontali in poliuretano Lancia Thesis (set di 8) - Turijnmagazijn\" \/>\n<meta property=\"og:description\" content=\"Set completo sospensioni anteriori in poliuretano Lancia Thesis (set di 8) - Set completo composto da 8 boccole in poliuretano in sostituzione delle boccole originali in gomma per la sospensione anteriore per Lancia Thesis.NON DISPONIBILE Ritiro completo\" \/>\n<meta property=\"og:url\" content=\"https:\/\/turijnmagazijn.nl\/it\/prodotto\/sospensioni-frontali-complete-antiuretano-set-di-poliuretano-lancia-tesi-set-di-8\/\" \/>\n<meta property=\"og:site_name\" content=\"Turijnmagazijn\" \/>\n<meta property=\"article:publisher\" content=\"https:\/\/www.facebook.com\/turijnmagazijn\" \/>\n<meta property=\"article:modified_time\" content=\"2025-04-17T13:32:53+00:00\" \/>\n<meta property=\"og:image\" content=\"https:\/\/turijnmagazijn.nl\/wp-content\/uploads\/2023\/03\/PU00100016-Complete-ophanging-voorzijde-polyurethaan-set-Lancia-Thesis-set-van-8-3.jpg\" \/>\n\t<meta property=\"og:image:width\" content=\"1024\" \/>\n\t<meta property=\"og:image:height\" content=\"768\" \/>\n\t<meta property=\"og:image:type\" content=\"image\/jpeg\" \/>\n<meta name=\"twitter:card\" content=\"summary_large_image\" \/>\n<meta name=\"twitter:label1\" content=\"Tempo di lettura stimato\" \/>\n\t<meta name=\"twitter:data1\" content=\"1 minuto\" \/>\n<script type=\"application\/ld+json\" class=\"yoast-schema-graph\">{\"@context\":\"https:\\\/\\\/schema.org\",\"@graph\":[{\"@type\":\"WebPage\",\"@id\":\"https:\\\/\\\/turijnmagazijn.nl\\\/it\\\/prodotto\\\/sospensioni-frontali-complete-antiuretano-set-di-poliuretano-lancia-tesi-set-di-8\\\/\",\"url\":\"https:\\\/\\\/turijnmagazijn.nl\\\/it\\\/prodotto\\\/sospensioni-frontali-complete-antiuretano-set-di-poliuretano-lancia-tesi-set-di-8\\\/\",\"name\":\"Set completo sospensioni frontali in poliuretano Lancia Thesis (set di 8) - Turijnmagazijn\",\"isPartOf\":{\"@id\":\"https:\\\/\\\/turijnmagazijn.jumpstone-dev.nl\\\/#website\"},\"primaryImageOfPage\":{\"@id\":\"https:\\\/\\\/turijnmagazijn.nl\\\/it\\\/prodotto\\\/sospensioni-frontali-complete-antiuretano-set-di-poliuretano-lancia-tesi-set-di-8\\\/#primaryimage\"},\"image\":{\"@id\":\"https:\\\/\\\/turijnmagazijn.nl\\\/it\\\/prodotto\\\/sospensioni-frontali-complete-antiuretano-set-di-poliuretano-lancia-tesi-set-di-8\\\/#primaryimage\"},\"thumbnailUrl\":\"https:\\\/\\\/turijnmagazijn.nl\\\/wp-content\\\/uploads\\\/2023\\\/03\\\/PU00100016-Complete-ophanging-voorzijde-polyurethaan-set-Lancia-Thesis-set-van-8-3.jpg\",\"datePublished\":\"2023-03-03T09:10:45+00:00\",\"dateModified\":\"2025-04-17T13:32:53+00:00\",\"breadcrumb\":{\"@id\":\"https:\\\/\\\/turijnmagazijn.nl\\\/it\\\/prodotto\\\/sospensioni-frontali-complete-antiuretano-set-di-poliuretano-lancia-tesi-set-di-8\\\/#breadcrumb\"},\"inLanguage\":\"it-IT\",\"potentialAction\":[{\"@type\":\"ReadAction\",\"target\":[\"https:\\\/\\\/turijnmagazijn.nl\\\/it\\\/prodotto\\\/sospensioni-frontali-complete-antiuretano-set-di-poliuretano-lancia-tesi-set-di-8\\\/\"]}]},{\"@type\":\"ImageObject\",\"inLanguage\":\"it-IT\",\"@id\":\"https:\\\/\\\/turijnmagazijn.nl\\\/it\\\/prodotto\\\/sospensioni-frontali-complete-antiuretano-set-di-poliuretano-lancia-tesi-set-di-8\\\/#primaryimage\",\"url\":\"https:\\\/\\\/turijnmagazijn.nl\\\/wp-content\\\/uploads\\\/2023\\\/03\\\/PU00100016-Complete-ophanging-voorzijde-polyurethaan-set-Lancia-Thesis-set-van-8-3.jpg\",\"contentUrl\":\"https:\\\/\\\/turijnmagazijn.nl\\\/wp-content\\\/uploads\\\/2023\\\/03\\\/PU00100016-Complete-ophanging-voorzijde-polyurethaan-set-Lancia-Thesis-set-van-8-3.jpg\",\"width\":1024,\"height\":768},{\"@type\":\"BreadcrumbList\",\"@id\":\"https:\\\/\\\/turijnmagazijn.nl\\\/it\\\/prodotto\\\/sospensioni-frontali-complete-antiuretano-set-di-poliuretano-lancia-tesi-set-di-8\\\/#breadcrumb\",\"itemListElement\":[{\"@type\":\"ListItem\",\"position\":1,\"name\":\"Home\",\"item\":\"https:\\\/\\\/turijnmagazijn.nl\\\/it\\\/\"},{\"@type\":\"ListItem\",\"position\":2,\"name\":\"Prodotti\",\"item\":\"https:\\\/\\\/turijnmagazijn.nl\\\/it\\\/shop\\\/\"},{\"@type\":\"ListItem\",\"position\":3,\"name\":\"Set completo sospensioni frontali in poliuretano Lancia Thesis (set di 8)\"}]},{\"@type\":\"WebSite\",\"@id\":\"https:\\\/\\\/turijnmagazijn.jumpstone-dev.nl\\\/#website\",\"url\":\"https:\\\/\\\/turijnmagazijn.jumpstone-dev.nl\\\/\",\"name\":\"Turijnmagazijn\",\"description\":\"Onderdelen nieuw en gebruikt - Fiat &amp; Lancia\",\"publisher\":{\"@id\":\"https:\\\/\\\/turijnmagazijn.jumpstone-dev.nl\\\/#organization\"},\"potentialAction\":[{\"@type\":\"SearchAction\",\"target\":{\"@type\":\"EntryPoint\",\"urlTemplate\":\"https:\\\/\\\/turijnmagazijn.jumpstone-dev.nl\\\/?s={search_term_string}\"},\"query-input\":{\"@type\":\"PropertyValueSpecification\",\"valueRequired\":true,\"valueName\":\"search_term_string\"}}],\"inLanguage\":\"it-IT\"},{\"@type\":\"Organization\",\"@id\":\"https:\\\/\\\/turijnmagazijn.jumpstone-dev.nl\\\/#organization\",\"name\":\"Turijnmagazijn\",\"url\":\"https:\\\/\\\/turijnmagazijn.jumpstone-dev.nl\\\/\",\"logo\":{\"@type\":\"ImageObject\",\"inLanguage\":\"it-IT\",\"@id\":\"https:\\\/\\\/turijnmagazijn.jumpstone-dev.nl\\\/#\\\/schema\\\/logo\\\/image\\\/\",\"url\":\"https:\\\/\\\/turijnmagazijn.nl\\\/wp-content\\\/uploads\\\/2021\\\/02\\\/turijnmagazijnlogo.png\",\"contentUrl\":\"https:\\\/\\\/turijnmagazijn.nl\\\/wp-content\\\/uploads\\\/2021\\\/02\\\/turijnmagazijnlogo.png\",\"width\":555,\"height\":270,\"caption\":\"Turijnmagazijn\"},\"image\":{\"@id\":\"https:\\\/\\\/turijnmagazijn.jumpstone-dev.nl\\\/#\\\/schema\\\/logo\\\/image\\\/\"},\"sameAs\":[\"https:\\\/\\\/www.facebook.com\\\/turijnmagazijn\"]}]}<\/script>\n<!-- \/ Yoast SEO plugin. -->","yoast_head_json":{"title":"Set completo sospensioni frontali in poliuretano Lancia Thesis (set di 8) - Turijnmagazijn","robots":{"index":"index","follow":"follow","max-snippet":"max-snippet:-1","max-image-preview":"max-image-preview:large","max-video-preview":"max-video-preview:-1"},"canonical":"https:\/\/turijnmagazijn.nl\/it\/prodotto\/sospensioni-frontali-complete-antiuretano-set-di-poliuretano-lancia-tesi-set-di-8\/","og_locale":"it_IT","og_type":"article","og_title":"Set completo sospensioni frontali in poliuretano Lancia Thesis (set di 8) - Turijnmagazijn","og_description":"Set completo sospensioni anteriori in poliuretano Lancia Thesis (set di 8) - Set completo composto da 8 boccole in poliuretano in sostituzione delle boccole originali in gomma per la sospensione anteriore per Lancia Thesis.NON DISPONIBILE Ritiro completo","og_url":"https:\/\/turijnmagazijn.nl\/it\/prodotto\/sospensioni-frontali-complete-antiuretano-set-di-poliuretano-lancia-tesi-set-di-8\/","og_site_name":"Turijnmagazijn","article_publisher":"https:\/\/www.facebook.com\/turijnmagazijn","article_modified_time":"2025-04-17T13:32:53+00:00","og_image":[{"width":1024,"height":768,"url":"https:\/\/turijnmagazijn.nl\/wp-content\/uploads\/2023\/03\/PU00100016-Complete-ophanging-voorzijde-polyurethaan-set-Lancia-Thesis-set-van-8-3.jpg","type":"image\/jpeg"}],"twitter_card":"summary_large_image","twitter_misc":{"Tempo di lettura stimato":"1 minuto"},"schema":{"@context":"https:\/\/schema.org","@graph":[{"@type":"WebPage","@id":"https:\/\/turijnmagazijn.nl\/it\/prodotto\/sospensioni-frontali-complete-antiuretano-set-di-poliuretano-lancia-tesi-set-di-8\/","url":"https:\/\/turijnmagazijn.nl\/it\/prodotto\/sospensioni-frontali-complete-antiuretano-set-di-poliuretano-lancia-tesi-set-di-8\/","name":"Set completo sospensioni frontali in poliuretano Lancia Thesis (set di 8) - Turijnmagazijn","isPartOf":{"@id":"https:\/\/turijnmagazijn.jumpstone-dev.nl\/#website"},"primaryImageOfPage":{"@id":"https:\/\/turijnmagazijn.nl\/it\/prodotto\/sospensioni-frontali-complete-antiuretano-set-di-poliuretano-lancia-tesi-set-di-8\/#primaryimage"},"image":{"@id":"https:\/\/turijnmagazijn.nl\/it\/prodotto\/sospensioni-frontali-complete-antiuretano-set-di-poliuretano-lancia-tesi-set-di-8\/#primaryimage"},"thumbnailUrl":"https:\/\/turijnmagazijn.nl\/wp-content\/uploads\/2023\/03\/PU00100016-Complete-ophanging-voorzijde-polyurethaan-set-Lancia-Thesis-set-van-8-3.jpg","datePublished":"2023-03-03T09:10:45+00:00","dateModified":"2025-04-17T13:32:53+00:00","breadcrumb":{"@id":"https:\/\/turijnmagazijn.nl\/it\/prodotto\/sospensioni-frontali-complete-antiuretano-set-di-poliuretano-lancia-tesi-set-di-8\/#breadcrumb"},"inLanguage":"it-IT","potentialAction":[{"@type":"ReadAction","target":["https:\/\/turijnmagazijn.nl\/it\/prodotto\/sospensioni-frontali-complete-antiuretano-set-di-poliuretano-lancia-tesi-set-di-8\/"]}]},{"@type":"ImageObject","inLanguage":"it-IT","@id":"https:\/\/turijnmagazijn.nl\/it\/prodotto\/sospensioni-frontali-complete-antiuretano-set-di-poliuretano-lancia-tesi-set-di-8\/#primaryimage","url":"https:\/\/turijnmagazijn.nl\/wp-content\/uploads\/2023\/03\/PU00100016-Complete-ophanging-voorzijde-polyurethaan-set-Lancia-Thesis-set-van-8-3.jpg","contentUrl":"https:\/\/turijnmagazijn.nl\/wp-content\/uploads\/2023\/03\/PU00100016-Complete-ophanging-voorzijde-polyurethaan-set-Lancia-Thesis-set-van-8-3.jpg","width":1024,"height":768},{"@type":"BreadcrumbList","@id":"https:\/\/turijnmagazijn.nl\/it\/prodotto\/sospensioni-frontali-complete-antiuretano-set-di-poliuretano-lancia-tesi-set-di-8\/#breadcrumb","itemListElement":[{"@type":"ListItem","position":1,"name":"Home","item":"https:\/\/turijnmagazijn.nl\/it\/"},{"@type":"ListItem","position":2,"name":"Prodotti","item":"https:\/\/turijnmagazijn.nl\/it\/shop\/"},{"@type":"ListItem","position":3,"name":"Set completo sospensioni frontali in poliuretano Lancia Thesis (set di 8)"}]},{"@type":"WebSite","@id":"https:\/\/turijnmagazijn.jumpstone-dev.nl\/#website","url":"https:\/\/turijnmagazijn.jumpstone-dev.nl\/","name":"Turijnmagazijn","description":"Onderdelen nieuw en gebruikt - Fiat &amp; Lancia","publisher":{"@id":"https:\/\/turijnmagazijn.jumpstone-dev.nl\/#organization"},"potentialAction":[{"@type":"SearchAction","target":{"@type":"EntryPoint","urlTemplate":"https:\/\/turijnmagazijn.jumpstone-dev.nl\/?s={search_term_string}"},"query-input":{"@type":"PropertyValueSpecification","valueRequired":true,"valueName":"search_term_string"}}],"inLanguage":"it-IT"},{"@type":"Organization","@id":"https:\/\/turijnmagazijn.jumpstone-dev.nl\/#organization","name":"Turijnmagazijn","url":"https:\/\/turijnmagazijn.jumpstone-dev.nl\/","logo":{"@type":"ImageObject","inLanguage":"it-IT","@id":"https:\/\/turijnmagazijn.jumpstone-dev.nl\/#\/schema\/logo\/image\/","url":"https:\/\/turijnmagazijn.nl\/wp-content\/uploads\/2021\/02\/turijnmagazijnlogo.png","contentUrl":"https:\/\/turijnmagazijn.nl\/wp-content\/uploads\/2021\/02\/turijnmagazijnlogo.png","width":555,"height":270,"caption":"Turijnmagazijn"},"image":{"@id":"https:\/\/turijnmagazijn.jumpstone-dev.nl\/#\/schema\/logo\/image\/"},"sameAs":["https:\/\/www.facebook.com\/turijnmagazijn"]}]}},"_links":{"self":[{"href":"https:\/\/turijnmagazijn.nl\/it\/wp-json\/wp\/v2\/product\/66159","targetHints":{"allow":["GET"]}}],"collection":[{"href":"https:\/\/turijnmagazijn.nl\/it\/wp-json\/wp\/v2\/product"}],"about":[{"href":"https:\/\/turijnmagazijn.nl\/it\/wp-json\/wp\/v2\/types\/product"}],"replies":[{"embeddable":true,"href":"https:\/\/turijnmagazijn.nl\/it\/wp-json\/wp\/v2\/comments?post=66159"}],"wp:featuredmedia":[{"embeddable":true,"href":"https:\/\/turijnmagazijn.nl\/it\/wp-json\/wp\/v2\/media\/55874"}],"wp:attachment":[{"href":"https:\/\/turijnmagazijn.nl\/it\/wp-json\/wp\/v2\/media?parent=66159"}],"wp:term":[{"taxonomy":"product_brand","embeddable":true,"href":"https:\/\/turijnmagazijn.nl\/it\/wp-json\/wp\/v2\/product_brand?post=66159"},{"taxonomy":"product_cat","embeddable":true,"href":"https:\/\/turijnmagazijn.nl\/it\/wp-json\/wp\/v2\/product_cat?post=66159"},{"taxonomy":"product_tag","embeddable":true,"href":"https:\/\/turijnmagazijn.nl\/it\/wp-json\/wp\/v2\/product_tag?post=66159"}],"curies":[{"name":"wp","href":"https:\/\/api.w.org\/{rel}","templated":true}]}}