{"id":66173,"date":"2023-03-03T10:10:45","date_gmt":"2023-03-03T09:10:45","guid":{"rendered":"https:\/\/turijnmagazijn.nl\/product\/sospensione-posteriore-anteriore-a-braccio-oscillante-in-gomma-bmw-e36-e46-set-di-2-boccole-in-4-parti-poliuretano\/"},"modified":"2023-07-27T13:27:20","modified_gmt":"2023-07-27T11:27:20","slug":"anteriore-gomma-braccio-trasversale-sospensioni-posteriori-bmw-e36-e46-set-of-2-boccole-in-4-parti-poliuretano","status":"publish","type":"product","link":"https:\/\/turijnmagazijn.nl\/it\/prodotto\/anteriore-gomma-braccio-trasversale-sospensioni-posteriori-bmw-e36-e46-set-of-2-boccole-in-4-parti-poliuretano\/","title":{"rendered":"Sospensione posteriore anteriore a braccio oscillante in gomma BMW E36 E46 (set di 2 boccole in 4 parti) Poliuretano"},"content":{"rendered":"<p style=\"margin-bottom: 10px; line-height: 20px;\">Sostituzione in poliuretano per la gomma anteriore nei bracci trasversali posteriori per le sospensioni della BMW serie 3, applicabile sia ai modelli E46 che E36. Le gomme originali si consumano nel tempo e questi sostituti del poliuretano sono un&#8217;ottima alternativa di cui non dovrai mai pi\u00f9 preoccuparti. Per l&#8217;appassionato che vuole godersi il suo E36 o E46 per gli anni a venire, una soluzione di alta qualit\u00e0 e duratura.<\/p>\n<p style=\"margin-bottom: 10px; line-height: 20px;\">Una guida metallica e un anello sono forniti per boccola in poliuretano e il grasso di montaggio necessario.<\/p>\n<p style=\"margin-bottom: 10px; line-height: 20px;\">Boccole in poliuretano di alta qualit\u00e0 per sostituire le boccole in gomma originali. Il poliuretano \u00e8 un materiale moderno che \u00e8 molto resistente all&#8217;usura, non obsoleto e se correttamente assemblato non ha mai bisogno di essere sostituito di nuovo. Il poliuretano \u00e8 un po &#8216;pi\u00f9 rigido della gomma, e quindi d\u00e0 una sensazione pi\u00f9 stretta dalla sospensione (senza diventare scomodo) rispetto alla gomma originale.<\/p>\n<p style=\"margin-bottom: 10px; line-height: 20px;\">Siamo importatori di questi autobus, che vengono spediti direttamente a voi dal nostro produttore. A causa della spedizione internazionale richiesta, il tempo di consegna di questi autobus \u00e8 di circa 2 settimane, massimo 12 giorni lavorativi.<\/p>\n<p style=\"margin-bottom: 10px; line-height: 20px;\">Il corretto assemblaggio con il grasso in dotazione \u00e8 di grande importanza per una lunga e silenziosa durata. Leggere attentamente le istruzioni di montaggio allegate.<\/p>\n","protected":false},"excerpt":{"rendered":"<p>Sospensione posteriore anteriore a braccio trasversale in gomma BMW E36 E46 (set di 2 boccole in 4 parti) Poliuretano &#8211; Sostituzione in poliuretano per gomma anteriore nei bracci trasversali posteriori per le sospensioni della BMW serie 3, applicabile sia ai modelli E46 che E36.<\/p>\n","protected":false},"featured_media":55894,"comment_status":"open","ping_status":"closed","template":"","meta":{"_acf_changed":false},"product_brand":[],"product_cat":[1794],"product_tag":[],"class_list":{"0":"post-66173","1":"product","2":"type-product","3":"status-publish","4":"has-post-thumbnail","6":"product_cat-nessuna-categoria","7":"pa_soort-onderdeel-sospensioni-e-telaio","9":"first","10":"instock","11":"taxable","12":"shipping-taxable","13":"purchasable","14":"product-type-simple"},"acf":[],"yoast_head":"<!-- This site is optimized with the Yoast SEO plugin v27.3 - https:\/\/yoast.com\/product\/yoast-seo-wordpress\/ -->\n<title>Sospensione posteriore anteriore a braccio oscillante in gomma BMW E36 E46 (set di 2 boccole in 4 parti) Poliuretano - Turijnmagazijn<\/title>\n<meta name=\"robots\" content=\"index, follow, max-snippet:-1, max-image-preview:large, max-video-preview:-1\" \/>\n<link rel=\"canonical\" href=\"https:\/\/turijnmagazijn.nl\/it\/prodotto\/anteriore-gomma-braccio-trasversale-sospensioni-posteriori-bmw-e36-e46-set-of-2-boccole-in-4-parti-poliuretano\/\" \/>\n<meta property=\"og:locale\" content=\"it_IT\" \/>\n<meta property=\"og:type\" content=\"article\" \/>\n<meta property=\"og:title\" content=\"Sospensione posteriore anteriore a braccio oscillante in gomma BMW E36 E46 (set di 2 boccole in 4 parti) Poliuretano - Turijnmagazijn\" \/>\n<meta property=\"og:description\" content=\"Sospensione posteriore anteriore a braccio trasversale in gomma BMW E36 E46 (set di 2 boccole in 4 parti) Poliuretano - Sostituzione in poliuretano per gomma anteriore nei bracci trasversali posteriori per le sospensioni della BMW serie 3, applicabile sia ai modelli E46 che E36.\" \/>\n<meta property=\"og:url\" content=\"https:\/\/turijnmagazijn.nl\/it\/prodotto\/anteriore-gomma-braccio-trasversale-sospensioni-posteriori-bmw-e36-e46-set-of-2-boccole-in-4-parti-poliuretano\/\" \/>\n<meta property=\"og:site_name\" content=\"Turijnmagazijn\" \/>\n<meta property=\"article:publisher\" content=\"https:\/\/www.facebook.com\/turijnmagazijn\" \/>\n<meta property=\"article:modified_time\" content=\"2023-07-27T11:27:20+00:00\" \/>\n<meta property=\"og:image\" content=\"https:\/\/turijnmagazijn.nl\/wp-content\/uploads\/2023\/03\/PU00100019_Voorste_rubber_draagarm_achterzijde_ophanging_BMW_E36_E46_set_van_2_bussen_in_4_delen_Polyurethaan_3-1.jpg\" \/>\n\t<meta property=\"og:image:width\" content=\"800\" \/>\n\t<meta property=\"og:image:height\" content=\"600\" \/>\n\t<meta property=\"og:image:type\" content=\"image\/jpeg\" \/>\n<meta name=\"twitter:card\" content=\"summary_large_image\" \/>\n<meta name=\"twitter:label1\" content=\"Tempo di lettura stimato\" \/>\n\t<meta name=\"twitter:data1\" content=\"1 minuto\" \/>\n<script type=\"application\/ld+json\" class=\"yoast-schema-graph\">{\"@context\":\"https:\\\/\\\/schema.org\",\"@graph\":[{\"@type\":\"WebPage\",\"@id\":\"https:\\\/\\\/turijnmagazijn.nl\\\/it\\\/prodotto\\\/anteriore-gomma-braccio-trasversale-sospensioni-posteriori-bmw-e36-e46-set-of-2-boccole-in-4-parti-poliuretano\\\/\",\"url\":\"https:\\\/\\\/turijnmagazijn.nl\\\/it\\\/prodotto\\\/anteriore-gomma-braccio-trasversale-sospensioni-posteriori-bmw-e36-e46-set-of-2-boccole-in-4-parti-poliuretano\\\/\",\"name\":\"Sospensione posteriore anteriore a braccio oscillante in gomma BMW E36 E46 (set di 2 boccole in 4 parti) Poliuretano - Turijnmagazijn\",\"isPartOf\":{\"@id\":\"https:\\\/\\\/turijnmagazijn.jumpstone-dev.nl\\\/#website\"},\"primaryImageOfPage\":{\"@id\":\"https:\\\/\\\/turijnmagazijn.nl\\\/it\\\/prodotto\\\/anteriore-gomma-braccio-trasversale-sospensioni-posteriori-bmw-e36-e46-set-of-2-boccole-in-4-parti-poliuretano\\\/#primaryimage\"},\"image\":{\"@id\":\"https:\\\/\\\/turijnmagazijn.nl\\\/it\\\/prodotto\\\/anteriore-gomma-braccio-trasversale-sospensioni-posteriori-bmw-e36-e46-set-of-2-boccole-in-4-parti-poliuretano\\\/#primaryimage\"},\"thumbnailUrl\":\"https:\\\/\\\/turijnmagazijn.nl\\\/wp-content\\\/uploads\\\/2023\\\/03\\\/PU00100019_Voorste_rubber_draagarm_achterzijde_ophanging_BMW_E36_E46_set_van_2_bussen_in_4_delen_Polyurethaan_3-1.jpg\",\"datePublished\":\"2023-03-03T09:10:45+00:00\",\"dateModified\":\"2023-07-27T11:27:20+00:00\",\"breadcrumb\":{\"@id\":\"https:\\\/\\\/turijnmagazijn.nl\\\/it\\\/prodotto\\\/anteriore-gomma-braccio-trasversale-sospensioni-posteriori-bmw-e36-e46-set-of-2-boccole-in-4-parti-poliuretano\\\/#breadcrumb\"},\"inLanguage\":\"it-IT\",\"potentialAction\":[{\"@type\":\"ReadAction\",\"target\":[\"https:\\\/\\\/turijnmagazijn.nl\\\/it\\\/prodotto\\\/anteriore-gomma-braccio-trasversale-sospensioni-posteriori-bmw-e36-e46-set-of-2-boccole-in-4-parti-poliuretano\\\/\"]}]},{\"@type\":\"ImageObject\",\"inLanguage\":\"it-IT\",\"@id\":\"https:\\\/\\\/turijnmagazijn.nl\\\/it\\\/prodotto\\\/anteriore-gomma-braccio-trasversale-sospensioni-posteriori-bmw-e36-e46-set-of-2-boccole-in-4-parti-poliuretano\\\/#primaryimage\",\"url\":\"https:\\\/\\\/turijnmagazijn.nl\\\/wp-content\\\/uploads\\\/2023\\\/03\\\/PU00100019_Voorste_rubber_draagarm_achterzijde_ophanging_BMW_E36_E46_set_van_2_bussen_in_4_delen_Polyurethaan_3-1.jpg\",\"contentUrl\":\"https:\\\/\\\/turijnmagazijn.nl\\\/wp-content\\\/uploads\\\/2023\\\/03\\\/PU00100019_Voorste_rubber_draagarm_achterzijde_ophanging_BMW_E36_E46_set_van_2_bussen_in_4_delen_Polyurethaan_3-1.jpg\",\"width\":800,\"height\":600},{\"@type\":\"BreadcrumbList\",\"@id\":\"https:\\\/\\\/turijnmagazijn.nl\\\/it\\\/prodotto\\\/anteriore-gomma-braccio-trasversale-sospensioni-posteriori-bmw-e36-e46-set-of-2-boccole-in-4-parti-poliuretano\\\/#breadcrumb\",\"itemListElement\":[{\"@type\":\"ListItem\",\"position\":1,\"name\":\"Home\",\"item\":\"https:\\\/\\\/turijnmagazijn.nl\\\/it\\\/\"},{\"@type\":\"ListItem\",\"position\":2,\"name\":\"Prodotti\",\"item\":\"https:\\\/\\\/turijnmagazijn.nl\\\/it\\\/shop\\\/\"},{\"@type\":\"ListItem\",\"position\":3,\"name\":\"Sospensione posteriore anteriore a braccio oscillante in gomma BMW E36 E46 (set di 2 boccole in 4 parti) Poliuretano\"}]},{\"@type\":\"WebSite\",\"@id\":\"https:\\\/\\\/turijnmagazijn.jumpstone-dev.nl\\\/#website\",\"url\":\"https:\\\/\\\/turijnmagazijn.jumpstone-dev.nl\\\/\",\"name\":\"Turijnmagazijn\",\"description\":\"Onderdelen nieuw en gebruikt - Fiat &amp; Lancia\",\"publisher\":{\"@id\":\"https:\\\/\\\/turijnmagazijn.jumpstone-dev.nl\\\/#organization\"},\"potentialAction\":[{\"@type\":\"SearchAction\",\"target\":{\"@type\":\"EntryPoint\",\"urlTemplate\":\"https:\\\/\\\/turijnmagazijn.jumpstone-dev.nl\\\/?s={search_term_string}\"},\"query-input\":{\"@type\":\"PropertyValueSpecification\",\"valueRequired\":true,\"valueName\":\"search_term_string\"}}],\"inLanguage\":\"it-IT\"},{\"@type\":\"Organization\",\"@id\":\"https:\\\/\\\/turijnmagazijn.jumpstone-dev.nl\\\/#organization\",\"name\":\"Turijnmagazijn\",\"url\":\"https:\\\/\\\/turijnmagazijn.jumpstone-dev.nl\\\/\",\"logo\":{\"@type\":\"ImageObject\",\"inLanguage\":\"it-IT\",\"@id\":\"https:\\\/\\\/turijnmagazijn.jumpstone-dev.nl\\\/#\\\/schema\\\/logo\\\/image\\\/\",\"url\":\"https:\\\/\\\/turijnmagazijn.nl\\\/wp-content\\\/uploads\\\/2021\\\/02\\\/turijnmagazijnlogo.png\",\"contentUrl\":\"https:\\\/\\\/turijnmagazijn.nl\\\/wp-content\\\/uploads\\\/2021\\\/02\\\/turijnmagazijnlogo.png\",\"width\":555,\"height\":270,\"caption\":\"Turijnmagazijn\"},\"image\":{\"@id\":\"https:\\\/\\\/turijnmagazijn.jumpstone-dev.nl\\\/#\\\/schema\\\/logo\\\/image\\\/\"},\"sameAs\":[\"https:\\\/\\\/www.facebook.com\\\/turijnmagazijn\"]}]}<\/script>\n<!-- \/ Yoast SEO plugin. -->","yoast_head_json":{"title":"Sospensione posteriore anteriore a braccio oscillante in gomma BMW E36 E46 (set di 2 boccole in 4 parti) Poliuretano - Turijnmagazijn","robots":{"index":"index","follow":"follow","max-snippet":"max-snippet:-1","max-image-preview":"max-image-preview:large","max-video-preview":"max-video-preview:-1"},"canonical":"https:\/\/turijnmagazijn.nl\/it\/prodotto\/anteriore-gomma-braccio-trasversale-sospensioni-posteriori-bmw-e36-e46-set-of-2-boccole-in-4-parti-poliuretano\/","og_locale":"it_IT","og_type":"article","og_title":"Sospensione posteriore anteriore a braccio oscillante in gomma BMW E36 E46 (set di 2 boccole in 4 parti) Poliuretano - Turijnmagazijn","og_description":"Sospensione posteriore anteriore a braccio trasversale in gomma BMW E36 E46 (set di 2 boccole in 4 parti) Poliuretano - Sostituzione in poliuretano per gomma anteriore nei bracci trasversali posteriori per le sospensioni della BMW serie 3, applicabile sia ai modelli E46 che E36.","og_url":"https:\/\/turijnmagazijn.nl\/it\/prodotto\/anteriore-gomma-braccio-trasversale-sospensioni-posteriori-bmw-e36-e46-set-of-2-boccole-in-4-parti-poliuretano\/","og_site_name":"Turijnmagazijn","article_publisher":"https:\/\/www.facebook.com\/turijnmagazijn","article_modified_time":"2023-07-27T11:27:20+00:00","og_image":[{"width":800,"height":600,"url":"https:\/\/turijnmagazijn.nl\/wp-content\/uploads\/2023\/03\/PU00100019_Voorste_rubber_draagarm_achterzijde_ophanging_BMW_E36_E46_set_van_2_bussen_in_4_delen_Polyurethaan_3-1.jpg","type":"image\/jpeg"}],"twitter_card":"summary_large_image","twitter_misc":{"Tempo di lettura stimato":"1 minuto"},"schema":{"@context":"https:\/\/schema.org","@graph":[{"@type":"WebPage","@id":"https:\/\/turijnmagazijn.nl\/it\/prodotto\/anteriore-gomma-braccio-trasversale-sospensioni-posteriori-bmw-e36-e46-set-of-2-boccole-in-4-parti-poliuretano\/","url":"https:\/\/turijnmagazijn.nl\/it\/prodotto\/anteriore-gomma-braccio-trasversale-sospensioni-posteriori-bmw-e36-e46-set-of-2-boccole-in-4-parti-poliuretano\/","name":"Sospensione posteriore anteriore a braccio oscillante in gomma BMW E36 E46 (set di 2 boccole in 4 parti) Poliuretano - Turijnmagazijn","isPartOf":{"@id":"https:\/\/turijnmagazijn.jumpstone-dev.nl\/#website"},"primaryImageOfPage":{"@id":"https:\/\/turijnmagazijn.nl\/it\/prodotto\/anteriore-gomma-braccio-trasversale-sospensioni-posteriori-bmw-e36-e46-set-of-2-boccole-in-4-parti-poliuretano\/#primaryimage"},"image":{"@id":"https:\/\/turijnmagazijn.nl\/it\/prodotto\/anteriore-gomma-braccio-trasversale-sospensioni-posteriori-bmw-e36-e46-set-of-2-boccole-in-4-parti-poliuretano\/#primaryimage"},"thumbnailUrl":"https:\/\/turijnmagazijn.nl\/wp-content\/uploads\/2023\/03\/PU00100019_Voorste_rubber_draagarm_achterzijde_ophanging_BMW_E36_E46_set_van_2_bussen_in_4_delen_Polyurethaan_3-1.jpg","datePublished":"2023-03-03T09:10:45+00:00","dateModified":"2023-07-27T11:27:20+00:00","breadcrumb":{"@id":"https:\/\/turijnmagazijn.nl\/it\/prodotto\/anteriore-gomma-braccio-trasversale-sospensioni-posteriori-bmw-e36-e46-set-of-2-boccole-in-4-parti-poliuretano\/#breadcrumb"},"inLanguage":"it-IT","potentialAction":[{"@type":"ReadAction","target":["https:\/\/turijnmagazijn.nl\/it\/prodotto\/anteriore-gomma-braccio-trasversale-sospensioni-posteriori-bmw-e36-e46-set-of-2-boccole-in-4-parti-poliuretano\/"]}]},{"@type":"ImageObject","inLanguage":"it-IT","@id":"https:\/\/turijnmagazijn.nl\/it\/prodotto\/anteriore-gomma-braccio-trasversale-sospensioni-posteriori-bmw-e36-e46-set-of-2-boccole-in-4-parti-poliuretano\/#primaryimage","url":"https:\/\/turijnmagazijn.nl\/wp-content\/uploads\/2023\/03\/PU00100019_Voorste_rubber_draagarm_achterzijde_ophanging_BMW_E36_E46_set_van_2_bussen_in_4_delen_Polyurethaan_3-1.jpg","contentUrl":"https:\/\/turijnmagazijn.nl\/wp-content\/uploads\/2023\/03\/PU00100019_Voorste_rubber_draagarm_achterzijde_ophanging_BMW_E36_E46_set_van_2_bussen_in_4_delen_Polyurethaan_3-1.jpg","width":800,"height":600},{"@type":"BreadcrumbList","@id":"https:\/\/turijnmagazijn.nl\/it\/prodotto\/anteriore-gomma-braccio-trasversale-sospensioni-posteriori-bmw-e36-e46-set-of-2-boccole-in-4-parti-poliuretano\/#breadcrumb","itemListElement":[{"@type":"ListItem","position":1,"name":"Home","item":"https:\/\/turijnmagazijn.nl\/it\/"},{"@type":"ListItem","position":2,"name":"Prodotti","item":"https:\/\/turijnmagazijn.nl\/it\/shop\/"},{"@type":"ListItem","position":3,"name":"Sospensione posteriore anteriore a braccio oscillante in gomma BMW E36 E46 (set di 2 boccole in 4 parti) Poliuretano"}]},{"@type":"WebSite","@id":"https:\/\/turijnmagazijn.jumpstone-dev.nl\/#website","url":"https:\/\/turijnmagazijn.jumpstone-dev.nl\/","name":"Turijnmagazijn","description":"Onderdelen nieuw en gebruikt - Fiat &amp; Lancia","publisher":{"@id":"https:\/\/turijnmagazijn.jumpstone-dev.nl\/#organization"},"potentialAction":[{"@type":"SearchAction","target":{"@type":"EntryPoint","urlTemplate":"https:\/\/turijnmagazijn.jumpstone-dev.nl\/?s={search_term_string}"},"query-input":{"@type":"PropertyValueSpecification","valueRequired":true,"valueName":"search_term_string"}}],"inLanguage":"it-IT"},{"@type":"Organization","@id":"https:\/\/turijnmagazijn.jumpstone-dev.nl\/#organization","name":"Turijnmagazijn","url":"https:\/\/turijnmagazijn.jumpstone-dev.nl\/","logo":{"@type":"ImageObject","inLanguage":"it-IT","@id":"https:\/\/turijnmagazijn.jumpstone-dev.nl\/#\/schema\/logo\/image\/","url":"https:\/\/turijnmagazijn.nl\/wp-content\/uploads\/2021\/02\/turijnmagazijnlogo.png","contentUrl":"https:\/\/turijnmagazijn.nl\/wp-content\/uploads\/2021\/02\/turijnmagazijnlogo.png","width":555,"height":270,"caption":"Turijnmagazijn"},"image":{"@id":"https:\/\/turijnmagazijn.jumpstone-dev.nl\/#\/schema\/logo\/image\/"},"sameAs":["https:\/\/www.facebook.com\/turijnmagazijn"]}]}},"_links":{"self":[{"href":"https:\/\/turijnmagazijn.nl\/it\/wp-json\/wp\/v2\/product\/66173","targetHints":{"allow":["GET"]}}],"collection":[{"href":"https:\/\/turijnmagazijn.nl\/it\/wp-json\/wp\/v2\/product"}],"about":[{"href":"https:\/\/turijnmagazijn.nl\/it\/wp-json\/wp\/v2\/types\/product"}],"replies":[{"embeddable":true,"href":"https:\/\/turijnmagazijn.nl\/it\/wp-json\/wp\/v2\/comments?post=66173"}],"wp:featuredmedia":[{"embeddable":true,"href":"https:\/\/turijnmagazijn.nl\/it\/wp-json\/wp\/v2\/media\/55894"}],"wp:attachment":[{"href":"https:\/\/turijnmagazijn.nl\/it\/wp-json\/wp\/v2\/media?parent=66173"}],"wp:term":[{"taxonomy":"product_brand","embeddable":true,"href":"https:\/\/turijnmagazijn.nl\/it\/wp-json\/wp\/v2\/product_brand?post=66173"},{"taxonomy":"product_cat","embeddable":true,"href":"https:\/\/turijnmagazijn.nl\/it\/wp-json\/wp\/v2\/product_cat?post=66173"},{"taxonomy":"product_tag","embeddable":true,"href":"https:\/\/turijnmagazijn.nl\/it\/wp-json\/wp\/v2\/product_tag?post=66173"}],"curies":[{"name":"wp","href":"https:\/\/api.w.org\/{rel}","templated":true}]}}