{"id":66185,"date":"2023-03-03T09:11:10","date_gmt":"2023-03-03T08:11:10","guid":{"rendered":"https:\/\/turijnmagazijn.nl\/product\/parte-riparazione-maniglia-porta-alluminio-massiccio-lancia-delta-i-integrale-new\/"},"modified":"2025-10-10T19:50:23","modified_gmt":"2025-10-10T17:50:23","slug":"maniglia-porta-riparazione-parte-solido-alluminio-lancia-delta-i-integrale-nuovo","status":"publish","type":"product","link":"https:\/\/turijnmagazijn.nl\/it\/prodotto\/maniglia-porta-riparazione-parte-solido-alluminio-lancia-delta-i-integrale-nuovo\/","title":{"rendered":"Parte riparazione maniglia porta alluminio massiccio Lancia Delta I Integrale -NEW-"},"content":{"rendered":"<p><span style=\"color: #ff0000;\"><strong>NUOVO DESIGN<\/strong><\/span><strong>  Si prega di notare che a partire da maggio 2025, forniremo una versione con un design migliorato che elimina la necessit\u00e0 di modificare (rettificare) l \u201calbero. Vedi le foto con il testo in rosso per vedere l\u201d immagine esatta del tipo di maniglia in alluminio che riceverai. <\/strong><\/p>\n<p>Prodotto unico, una riproduzione che \u00e8 significativamente migliore dell&#8217;originale. \u00c8 un prodotto fresato dal pieno di alluminio per sostituire la parte della maniglia della porta che viene spostata a mano. Originariamente, questa parte della maniglia della porta \u00e8 realizzata in plastica con un pezzo di piastra di alluminio spruzzata bloccata attorno ad essa. La piastra originale \u00e8 soggetta a graffi e alla fine la plastica si deteriora a tal punto che la maniglia della porta non \u00e8 pi\u00f9 utilizzabile. Questo solido prodotto sostitutivo in alluminio \u00e8 anodizzato in nero, con un aspetto opaco.<\/p>\n<p>L&#8217;iscrizione sulle maniglie allentate nel caso in cui tu abbia uno dei marchi Cromodora \u00e8:<\/p>\n<p>CROMODORA 82377187 (Solo per riferimento)<\/p>\n<p>Il gruppo maniglia originale della porta pu\u00f2 essere riparato con questo prodotto e allo stesso tempo fornito con un aspetto molto pi\u00f9 bello che non viene pi\u00f9 perso. Ci\u00f2 evita la necessit\u00e0 di acquistare una nuova maniglia della porta, che non \u00e8 pi\u00f9 disponibile nuova.<\/p>\n<p>In alcuni casi, una cucitura di fusione sull&#8217;albero deve essere messa all&#8217;asta brevemente per ottenere l&#8217;adattamento, inoltre la sostituzione \u00e8 molto semplice e con maniglia della porta smontata il gruppo \u00e8 pronto in pochi minuti.<\/p>\n<p>Guarda il nostro video del prodotto per una semplice spiegazione di come regolare l&#8217;albero.<\/p>\n<p><iframe src=\"https:\/\/player.vimeo.com\/video\/184229956\" width=\"640\" height=\"360\" frameborder=\"0\" allowfullscreen=\"allowfullscreen\"><\/iframe><\/p>\n<p><a href=\"https:\/\/vimeo.com\/184229956\">Video di istruzioni di Lancia Delta integrale di<\/a> <a href=\"https:\/\/vimeo.com\/user57124386\">Raymond Bosch<\/a> su <a href=\"https:\/\/vimeo.com\/\">Vimeo<\/a>.<\/p>\n<div><\/div>\n<p>Logicamente, si consiglia di ordinare un set di 4 pezzi a causa dell&#8217;aspetto uniforme delle maniglie.<\/p>\n<p>Applicabile a tutti i tipi di Lancia Delta 1 anni dal 1986 al 1994.<\/p>\n<p>Cos\u00ec anche per Delta 4WD, Delta integral 8v, Delta integral 16V, Delta integral EVO I e Delta integral EVO II<\/p>\n<p>OEM della maniglia originale della porta SOLO PER RIFERIMENTO:<\/p>\n<p><span style=\"text-align: -webkit-right;\"><br \/>\n82392490<\/span> <span style=\"text-align: -webkit-right;\"><br \/>\n82392491<\/span> <span style=\"text-align: -webkit-right;\"><br \/>\n82468874<\/span> <span style=\"text-align: -webkit-right;\">82468873<\/span><\/p>\n<p>&nbsp;<\/p>\n","protected":false},"excerpt":{"rendered":"<p>Parte di riparazione maniglia porta in alluminio massiccio Lancia Delta I &#8211; Prodotto unico, una riproduzione che \u00e8 significativamente migliore dell&#8217;originale. Parte di riparazione maniglia porta in alluminio massiccio Lancia Delta I Integrale &#8211; Prodotto unico, una riproduzione che in modo significativo<\/p>\n","protected":false},"featured_media":55970,"comment_status":"closed","ping_status":"closed","template":"","meta":{"_acf_changed":false},"product_brand":[],"product_cat":[1808,1824,1828,1835,1832,1840,1800],"product_tag":[],"class_list":{"0":"post-66185","1":"product","2":"type-product","3":"status-publish","4":"has-post-thumbnail","6":"product_cat-delta-1-831-it","7":"product_cat-hf-4wd-it","8":"product_cat-hf-turbo-it","9":"product_cat-integrale-16v-it","10":"product_cat-integrale-8v-it","11":"product_cat-integrale-evo-it","12":"product_cat-lancia-it","13":"pa_soort-onderdeel-corpo-e-lamiera","15":"first","16":"instock","17":"taxable","18":"shipping-taxable","19":"purchasable","20":"product-type-simple"},"acf":[],"yoast_head":"<!-- This site is optimized with the Yoast SEO plugin v27.2 - https:\/\/yoast.com\/product\/yoast-seo-wordpress\/ -->\n<title>Parte riparazione maniglia porta alluminio massiccio Lancia Delta I Integrale -NEW- Turijnmagazijn<\/title>\n<meta name=\"robots\" content=\"index, follow, max-snippet:-1, max-image-preview:large, max-video-preview:-1\" \/>\n<link rel=\"canonical\" href=\"https:\/\/turijnmagazijn.nl\/it\/prodotto\/maniglia-porta-riparazione-parte-solido-alluminio-lancia-delta-i-integrale-nuovo\/\" \/>\n<meta property=\"og:locale\" content=\"it_IT\" \/>\n<meta property=\"og:type\" content=\"article\" \/>\n<meta property=\"og:title\" content=\"Parte riparazione maniglia porta alluminio massiccio Lancia Delta I Integrale -NEW- Turijnmagazijn\" \/>\n<meta property=\"og:description\" content=\"Parte di riparazione maniglia porta in alluminio massiccio Lancia Delta I - Prodotto unico, una riproduzione che \u00e8 significativamente migliore dell&#039;originale. Parte di riparazione maniglia porta in alluminio massiccio Lancia Delta I Integrale - Prodotto unico, una riproduzione che in modo significativo\" \/>\n<meta property=\"og:url\" content=\"https:\/\/turijnmagazijn.nl\/it\/prodotto\/maniglia-porta-riparazione-parte-solido-alluminio-lancia-delta-i-integrale-nuovo\/\" \/>\n<meta property=\"og:site_name\" content=\"Turijnmagazijn\" \/>\n<meta property=\"article:publisher\" content=\"https:\/\/www.facebook.com\/turijnmagazijn\" \/>\n<meta property=\"article:modified_time\" content=\"2025-10-10T17:50:23+00:00\" \/>\n<meta property=\"og:image\" content=\"https:\/\/turijnmagazijn.nl\/wp-content\/uploads\/2023\/03\/RG00100001_Lancia_Delta_integrale_doorhandle_3_Custom-1.jpg\" \/>\n\t<meta property=\"og:image:width\" content=\"800\" \/>\n\t<meta property=\"og:image:height\" content=\"600\" \/>\n\t<meta property=\"og:image:type\" content=\"image\/jpeg\" \/>\n<meta name=\"twitter:card\" content=\"summary_large_image\" \/>\n<meta name=\"twitter:label1\" content=\"Tempo di lettura stimato\" \/>\n\t<meta name=\"twitter:data1\" content=\"2 minuti\" \/>\n<script type=\"application\/ld+json\" class=\"yoast-schema-graph\">{\"@context\":\"https:\/\/schema.org\",\"@graph\":[{\"@type\":\"WebPage\",\"@id\":\"https:\/\/turijnmagazijn.nl\/it\/prodotto\/maniglia-porta-riparazione-parte-solido-alluminio-lancia-delta-i-integrale-nuovo\/\",\"url\":\"https:\/\/turijnmagazijn.nl\/it\/prodotto\/maniglia-porta-riparazione-parte-solido-alluminio-lancia-delta-i-integrale-nuovo\/\",\"name\":\"Parte riparazione maniglia porta alluminio massiccio Lancia Delta I Integrale -NEW- Turijnmagazijn\",\"isPartOf\":{\"@id\":\"https:\/\/turijnmagazijn.jumpstone-dev.nl\/#website\"},\"primaryImageOfPage\":{\"@id\":\"https:\/\/turijnmagazijn.nl\/it\/prodotto\/maniglia-porta-riparazione-parte-solido-alluminio-lancia-delta-i-integrale-nuovo\/#primaryimage\"},\"image\":{\"@id\":\"https:\/\/turijnmagazijn.nl\/it\/prodotto\/maniglia-porta-riparazione-parte-solido-alluminio-lancia-delta-i-integrale-nuovo\/#primaryimage\"},\"thumbnailUrl\":\"https:\/\/turijnmagazijn.nl\/wp-content\/uploads\/2023\/03\/RG00100001_Lancia_Delta_integrale_doorhandle_3_Custom-1.jpg\",\"datePublished\":\"2023-03-03T08:11:10+00:00\",\"dateModified\":\"2025-10-10T17:50:23+00:00\",\"breadcrumb\":{\"@id\":\"https:\/\/turijnmagazijn.nl\/it\/prodotto\/maniglia-porta-riparazione-parte-solido-alluminio-lancia-delta-i-integrale-nuovo\/#breadcrumb\"},\"inLanguage\":\"it-IT\",\"potentialAction\":[{\"@type\":\"ReadAction\",\"target\":[\"https:\/\/turijnmagazijn.nl\/it\/prodotto\/maniglia-porta-riparazione-parte-solido-alluminio-lancia-delta-i-integrale-nuovo\/\"]}]},{\"@type\":\"ImageObject\",\"inLanguage\":\"it-IT\",\"@id\":\"https:\/\/turijnmagazijn.nl\/it\/prodotto\/maniglia-porta-riparazione-parte-solido-alluminio-lancia-delta-i-integrale-nuovo\/#primaryimage\",\"url\":\"https:\/\/turijnmagazijn.nl\/wp-content\/uploads\/2023\/03\/RG00100001_Lancia_Delta_integrale_doorhandle_3_Custom-1.jpg\",\"contentUrl\":\"https:\/\/turijnmagazijn.nl\/wp-content\/uploads\/2023\/03\/RG00100001_Lancia_Delta_integrale_doorhandle_3_Custom-1.jpg\",\"width\":800,\"height\":600},{\"@type\":\"BreadcrumbList\",\"@id\":\"https:\/\/turijnmagazijn.nl\/it\/prodotto\/maniglia-porta-riparazione-parte-solido-alluminio-lancia-delta-i-integrale-nuovo\/#breadcrumb\",\"itemListElement\":[{\"@type\":\"ListItem\",\"position\":1,\"name\":\"Home\",\"item\":\"https:\/\/turijnmagazijn.jumpstone-dev.nl\/\"},{\"@type\":\"ListItem\",\"position\":2,\"name\":\"Prodotti\",\"item\":\"https:\/\/turijnmagazijn.nl\/it\/shop\/\"},{\"@type\":\"ListItem\",\"position\":3,\"name\":\"Parte riparazione maniglia porta alluminio massiccio Lancia Delta I Integrale -NEW-\"}]},{\"@type\":\"WebSite\",\"@id\":\"https:\/\/turijnmagazijn.jumpstone-dev.nl\/#website\",\"url\":\"https:\/\/turijnmagazijn.jumpstone-dev.nl\/\",\"name\":\"Turijnmagazijn\",\"description\":\"Onderdelen nieuw en gebruikt - Fiat &amp; Lancia\",\"publisher\":{\"@id\":\"https:\/\/turijnmagazijn.jumpstone-dev.nl\/#organization\"},\"potentialAction\":[{\"@type\":\"SearchAction\",\"target\":{\"@type\":\"EntryPoint\",\"urlTemplate\":\"https:\/\/turijnmagazijn.jumpstone-dev.nl\/?s={search_term_string}\"},\"query-input\":{\"@type\":\"PropertyValueSpecification\",\"valueRequired\":true,\"valueName\":\"search_term_string\"}}],\"inLanguage\":\"it-IT\"},{\"@type\":\"Organization\",\"@id\":\"https:\/\/turijnmagazijn.jumpstone-dev.nl\/#organization\",\"name\":\"Turijnmagazijn\",\"url\":\"https:\/\/turijnmagazijn.jumpstone-dev.nl\/\",\"logo\":{\"@type\":\"ImageObject\",\"inLanguage\":\"it-IT\",\"@id\":\"https:\/\/turijnmagazijn.jumpstone-dev.nl\/#\/schema\/logo\/image\/\",\"url\":\"https:\/\/turijnmagazijn.nl\/wp-content\/uploads\/2021\/02\/turijnmagazijnlogo.png\",\"contentUrl\":\"https:\/\/turijnmagazijn.nl\/wp-content\/uploads\/2021\/02\/turijnmagazijnlogo.png\",\"width\":555,\"height\":270,\"caption\":\"Turijnmagazijn\"},\"image\":{\"@id\":\"https:\/\/turijnmagazijn.jumpstone-dev.nl\/#\/schema\/logo\/image\/\"},\"sameAs\":[\"https:\/\/www.facebook.com\/turijnmagazijn\"]}]}<\/script>\n<!-- \/ Yoast SEO plugin. -->","yoast_head_json":{"title":"Parte riparazione maniglia porta alluminio massiccio Lancia Delta I Integrale -NEW- Turijnmagazijn","robots":{"index":"index","follow":"follow","max-snippet":"max-snippet:-1","max-image-preview":"max-image-preview:large","max-video-preview":"max-video-preview:-1"},"canonical":"https:\/\/turijnmagazijn.nl\/it\/prodotto\/maniglia-porta-riparazione-parte-solido-alluminio-lancia-delta-i-integrale-nuovo\/","og_locale":"it_IT","og_type":"article","og_title":"Parte riparazione maniglia porta alluminio massiccio Lancia Delta I Integrale -NEW- Turijnmagazijn","og_description":"Parte di riparazione maniglia porta in alluminio massiccio Lancia Delta I - Prodotto unico, una riproduzione che \u00e8 significativamente migliore dell'originale. Parte di riparazione maniglia porta in alluminio massiccio Lancia Delta I Integrale - Prodotto unico, una riproduzione che in modo significativo","og_url":"https:\/\/turijnmagazijn.nl\/it\/prodotto\/maniglia-porta-riparazione-parte-solido-alluminio-lancia-delta-i-integrale-nuovo\/","og_site_name":"Turijnmagazijn","article_publisher":"https:\/\/www.facebook.com\/turijnmagazijn","article_modified_time":"2025-10-10T17:50:23+00:00","og_image":[{"width":800,"height":600,"url":"https:\/\/turijnmagazijn.nl\/wp-content\/uploads\/2023\/03\/RG00100001_Lancia_Delta_integrale_doorhandle_3_Custom-1.jpg","type":"image\/jpeg"}],"twitter_card":"summary_large_image","twitter_misc":{"Tempo di lettura stimato":"2 minuti"},"schema":{"@context":"https:\/\/schema.org","@graph":[{"@type":"WebPage","@id":"https:\/\/turijnmagazijn.nl\/it\/prodotto\/maniglia-porta-riparazione-parte-solido-alluminio-lancia-delta-i-integrale-nuovo\/","url":"https:\/\/turijnmagazijn.nl\/it\/prodotto\/maniglia-porta-riparazione-parte-solido-alluminio-lancia-delta-i-integrale-nuovo\/","name":"Parte riparazione maniglia porta alluminio massiccio Lancia Delta I Integrale -NEW- Turijnmagazijn","isPartOf":{"@id":"https:\/\/turijnmagazijn.jumpstone-dev.nl\/#website"},"primaryImageOfPage":{"@id":"https:\/\/turijnmagazijn.nl\/it\/prodotto\/maniglia-porta-riparazione-parte-solido-alluminio-lancia-delta-i-integrale-nuovo\/#primaryimage"},"image":{"@id":"https:\/\/turijnmagazijn.nl\/it\/prodotto\/maniglia-porta-riparazione-parte-solido-alluminio-lancia-delta-i-integrale-nuovo\/#primaryimage"},"thumbnailUrl":"https:\/\/turijnmagazijn.nl\/wp-content\/uploads\/2023\/03\/RG00100001_Lancia_Delta_integrale_doorhandle_3_Custom-1.jpg","datePublished":"2023-03-03T08:11:10+00:00","dateModified":"2025-10-10T17:50:23+00:00","breadcrumb":{"@id":"https:\/\/turijnmagazijn.nl\/it\/prodotto\/maniglia-porta-riparazione-parte-solido-alluminio-lancia-delta-i-integrale-nuovo\/#breadcrumb"},"inLanguage":"it-IT","potentialAction":[{"@type":"ReadAction","target":["https:\/\/turijnmagazijn.nl\/it\/prodotto\/maniglia-porta-riparazione-parte-solido-alluminio-lancia-delta-i-integrale-nuovo\/"]}]},{"@type":"ImageObject","inLanguage":"it-IT","@id":"https:\/\/turijnmagazijn.nl\/it\/prodotto\/maniglia-porta-riparazione-parte-solido-alluminio-lancia-delta-i-integrale-nuovo\/#primaryimage","url":"https:\/\/turijnmagazijn.nl\/wp-content\/uploads\/2023\/03\/RG00100001_Lancia_Delta_integrale_doorhandle_3_Custom-1.jpg","contentUrl":"https:\/\/turijnmagazijn.nl\/wp-content\/uploads\/2023\/03\/RG00100001_Lancia_Delta_integrale_doorhandle_3_Custom-1.jpg","width":800,"height":600},{"@type":"BreadcrumbList","@id":"https:\/\/turijnmagazijn.nl\/it\/prodotto\/maniglia-porta-riparazione-parte-solido-alluminio-lancia-delta-i-integrale-nuovo\/#breadcrumb","itemListElement":[{"@type":"ListItem","position":1,"name":"Home","item":"https:\/\/turijnmagazijn.jumpstone-dev.nl\/"},{"@type":"ListItem","position":2,"name":"Prodotti","item":"https:\/\/turijnmagazijn.nl\/it\/shop\/"},{"@type":"ListItem","position":3,"name":"Parte riparazione maniglia porta alluminio massiccio Lancia Delta I Integrale -NEW-"}]},{"@type":"WebSite","@id":"https:\/\/turijnmagazijn.jumpstone-dev.nl\/#website","url":"https:\/\/turijnmagazijn.jumpstone-dev.nl\/","name":"Turijnmagazijn","description":"Onderdelen nieuw en gebruikt - Fiat &amp; Lancia","publisher":{"@id":"https:\/\/turijnmagazijn.jumpstone-dev.nl\/#organization"},"potentialAction":[{"@type":"SearchAction","target":{"@type":"EntryPoint","urlTemplate":"https:\/\/turijnmagazijn.jumpstone-dev.nl\/?s={search_term_string}"},"query-input":{"@type":"PropertyValueSpecification","valueRequired":true,"valueName":"search_term_string"}}],"inLanguage":"it-IT"},{"@type":"Organization","@id":"https:\/\/turijnmagazijn.jumpstone-dev.nl\/#organization","name":"Turijnmagazijn","url":"https:\/\/turijnmagazijn.jumpstone-dev.nl\/","logo":{"@type":"ImageObject","inLanguage":"it-IT","@id":"https:\/\/turijnmagazijn.jumpstone-dev.nl\/#\/schema\/logo\/image\/","url":"https:\/\/turijnmagazijn.nl\/wp-content\/uploads\/2021\/02\/turijnmagazijnlogo.png","contentUrl":"https:\/\/turijnmagazijn.nl\/wp-content\/uploads\/2021\/02\/turijnmagazijnlogo.png","width":555,"height":270,"caption":"Turijnmagazijn"},"image":{"@id":"https:\/\/turijnmagazijn.jumpstone-dev.nl\/#\/schema\/logo\/image\/"},"sameAs":["https:\/\/www.facebook.com\/turijnmagazijn"]}]}},"_links":{"self":[{"href":"https:\/\/turijnmagazijn.nl\/it\/wp-json\/wp\/v2\/product\/66185","targetHints":{"allow":["GET"]}}],"collection":[{"href":"https:\/\/turijnmagazijn.nl\/it\/wp-json\/wp\/v2\/product"}],"about":[{"href":"https:\/\/turijnmagazijn.nl\/it\/wp-json\/wp\/v2\/types\/product"}],"replies":[{"embeddable":true,"href":"https:\/\/turijnmagazijn.nl\/it\/wp-json\/wp\/v2\/comments?post=66185"}],"wp:featuredmedia":[{"embeddable":true,"href":"https:\/\/turijnmagazijn.nl\/it\/wp-json\/wp\/v2\/media\/55970"}],"wp:attachment":[{"href":"https:\/\/turijnmagazijn.nl\/it\/wp-json\/wp\/v2\/media?parent=66185"}],"wp:term":[{"taxonomy":"product_brand","embeddable":true,"href":"https:\/\/turijnmagazijn.nl\/it\/wp-json\/wp\/v2\/product_brand?post=66185"},{"taxonomy":"product_cat","embeddable":true,"href":"https:\/\/turijnmagazijn.nl\/it\/wp-json\/wp\/v2\/product_cat?post=66185"},{"taxonomy":"product_tag","embeddable":true,"href":"https:\/\/turijnmagazijn.nl\/it\/wp-json\/wp\/v2\/product_tag?post=66185"}],"curies":[{"name":"wp","href":"https:\/\/api.w.org\/{rel}","templated":true}]}}