{"id":66277,"date":"2023-03-03T10:14:42","date_gmt":"2023-03-03T09:14:42","guid":{"rendered":"https:\/\/turijnmagazijn.nl\/product\/set-maniglie-porta-lancia-delta-integrale-4-pezzi-revisionato-b-quality\/"},"modified":"2024-09-05T13:09:25","modified_gmt":"2024-09-05T11:09:25","slug":"set-maniglie-lancia-delta-integral-4-pz-revisionato-b-quality","status":"publish","type":"product","link":"https:\/\/turijnmagazijn.nl\/it\/prodotto\/set-maniglie-lancia-delta-integral-4-pz-revisionato-b-quality\/","title":{"rendered":"Set maniglie porta Lancia Delta Integrale 4 pezzi -REVISIONATO- B-quality"},"content":{"rendered":"<p>Set di portaporte usate per Lancia Delta Integrale. Le maniglie delle porte sono state revisionate e dotate di nuove maniglie in alluminio massiccio. Questo aggiornamento di alta qualit\u00e0 rende le maniglie delle porte molto pi\u00f9 piacevoli e mantiene il loro colore nero anche nei graffi dovuti al processo di anodizzazione. Si tratta di un set usato, dove tracce di utilizzo sono visibili sulle parti in plastica. Prima di ordinare, imbarcare correttamente le immagini delle imperfezioni di questo set. Il set viene fornito senza le guarnizioni per la carrozzeria. Maniglie porta completamente rinnovate con maniglia in alluminio per Lancia Delta HF Integrale tutti i modelli. La piastra di blocco \u00e8 stata riverniciata in nero opaco e la maniglia della porta \u00e8 stata sostituita da una parte di ricambio in alluminio di alta qualit\u00e0 in anodizzato nero. Tutti i punti di montaggio di queste maniglie delle porte sono in buone condizioni. Un po &#8216;di ruggine sulla molla \u00e8 visibile su alcune delle maniglie delle porte. Tuttavia, tutte le molle funzionano bene e non si tratta certamente di arrugginire. RV OEM Lancia 82392490 \/ 82392490 LV OEM Lancia 82392491 \/ 82392491 RA OEM Lancia 82392639 \/ 82468873 LA OEM Lancia 82392640 \/ 82468874  <\/p>\n<div><\/div>\n","protected":false},"excerpt":{"rendered":"<p>Set di portaporte usate per Lancia Delta Integrale. Le maniglie delle porte sono state revisionate e dotate di nuove maniglie in alluminio massiccio. Questo aggiornamento di alta qualit\u00e0 rende le maniglie delle porte molto pi\u00f9 piacevoli e mantiene il loro colore nero anche nei graffi dovuti al processo di anodizzazione.<\/p>\n","protected":false},"featured_media":56494,"comment_status":"closed","ping_status":"closed","template":"","meta":{"_acf_changed":false},"product_brand":[],"product_cat":[1808,1820,1824,1828,1835,1832,1840,1800],"product_tag":[],"class_list":{"0":"post-66277","1":"product","2":"type-product","3":"status-publish","4":"has-post-thumbnail","6":"product_cat-delta-1-831-it","7":"product_cat-gt-i-e-it","8":"product_cat-hf-4wd-it","9":"product_cat-hf-turbo-it","10":"product_cat-integrale-16v-it","11":"product_cat-integrale-8v-it","12":"product_cat-integrale-evo-it","13":"product_cat-lancia-it","14":"pa_soort-onderdeel-corpo-e-lamiera","16":"first","17":"instock","18":"shipping-taxable","19":"purchasable","20":"product-type-simple"},"acf":[],"yoast_head":"<!-- This site is optimized with the Yoast SEO plugin v27.2 - https:\/\/yoast.com\/product\/yoast-seo-wordpress\/ -->\n<title>Set maniglie porta Lancia Delta Integrale 4 pezzi -REVISIONATO- B-quality - Turijnmagazijn<\/title>\n<meta name=\"robots\" content=\"index, follow, max-snippet:-1, max-image-preview:large, max-video-preview:-1\" \/>\n<link rel=\"canonical\" href=\"https:\/\/turijnmagazijn.nl\/it\/prodotto\/set-maniglie-lancia-delta-integral-4-pz-revisionato-b-quality\/\" \/>\n<meta property=\"og:locale\" content=\"it_IT\" \/>\n<meta property=\"og:type\" content=\"article\" \/>\n<meta property=\"og:title\" content=\"Set maniglie porta Lancia Delta Integrale 4 pezzi -REVISIONATO- B-quality - Turijnmagazijn\" \/>\n<meta property=\"og:description\" content=\"Set di portaporte usate per Lancia Delta Integrale. Le maniglie delle porte sono state revisionate e dotate di nuove maniglie in alluminio massiccio. Questo aggiornamento di alta qualit\u00e0 rende le maniglie delle porte molto pi\u00f9 piacevoli e mantiene il loro colore nero anche nei graffi dovuti al processo di anodizzazione.\" \/>\n<meta property=\"og:url\" content=\"https:\/\/turijnmagazijn.nl\/it\/prodotto\/set-maniglie-lancia-delta-integral-4-pz-revisionato-b-quality\/\" \/>\n<meta property=\"og:site_name\" content=\"Turijnmagazijn\" \/>\n<meta property=\"article:publisher\" content=\"https:\/\/www.facebook.com\/turijnmagazijn\" \/>\n<meta property=\"article:modified_time\" content=\"2024-09-05T11:09:25+00:00\" \/>\n<meta property=\"og:image\" content=\"https:\/\/turijnmagazijn.nl\/wp-content\/uploads\/2023\/03\/DK00102498-Deurklink-set-Lancia-Delta-Integrale-4-stuks-GEREVISEERD-B-kwaliteit-2.jpg\" \/>\n\t<meta property=\"og:image:width\" content=\"1024\" \/>\n\t<meta property=\"og:image:height\" content=\"768\" \/>\n\t<meta property=\"og:image:type\" content=\"image\/jpeg\" \/>\n<meta name=\"twitter:card\" content=\"summary_large_image\" \/>\n<meta name=\"twitter:label1\" content=\"Tempo di lettura stimato\" \/>\n\t<meta name=\"twitter:data1\" content=\"1 minuto\" \/>\n<script type=\"application\/ld+json\" class=\"yoast-schema-graph\">{\"@context\":\"https:\/\/schema.org\",\"@graph\":[{\"@type\":\"WebPage\",\"@id\":\"https:\/\/turijnmagazijn.nl\/it\/prodotto\/set-maniglie-lancia-delta-integral-4-pz-revisionato-b-quality\/\",\"url\":\"https:\/\/turijnmagazijn.nl\/it\/prodotto\/set-maniglie-lancia-delta-integral-4-pz-revisionato-b-quality\/\",\"name\":\"Set maniglie porta Lancia Delta Integrale 4 pezzi -REVISIONATO- B-quality - Turijnmagazijn\",\"isPartOf\":{\"@id\":\"https:\/\/turijnmagazijn.jumpstone-dev.nl\/#website\"},\"primaryImageOfPage\":{\"@id\":\"https:\/\/turijnmagazijn.nl\/it\/prodotto\/set-maniglie-lancia-delta-integral-4-pz-revisionato-b-quality\/#primaryimage\"},\"image\":{\"@id\":\"https:\/\/turijnmagazijn.nl\/it\/prodotto\/set-maniglie-lancia-delta-integral-4-pz-revisionato-b-quality\/#primaryimage\"},\"thumbnailUrl\":\"https:\/\/turijnmagazijn.nl\/wp-content\/uploads\/2023\/03\/DK00102498-Deurklink-set-Lancia-Delta-Integrale-4-stuks-GEREVISEERD-B-kwaliteit-2.jpg\",\"datePublished\":\"2023-03-03T09:14:42+00:00\",\"dateModified\":\"2024-09-05T11:09:25+00:00\",\"breadcrumb\":{\"@id\":\"https:\/\/turijnmagazijn.nl\/it\/prodotto\/set-maniglie-lancia-delta-integral-4-pz-revisionato-b-quality\/#breadcrumb\"},\"inLanguage\":\"it-IT\",\"potentialAction\":[{\"@type\":\"ReadAction\",\"target\":[\"https:\/\/turijnmagazijn.nl\/it\/prodotto\/set-maniglie-lancia-delta-integral-4-pz-revisionato-b-quality\/\"]}]},{\"@type\":\"ImageObject\",\"inLanguage\":\"it-IT\",\"@id\":\"https:\/\/turijnmagazijn.nl\/it\/prodotto\/set-maniglie-lancia-delta-integral-4-pz-revisionato-b-quality\/#primaryimage\",\"url\":\"https:\/\/turijnmagazijn.nl\/wp-content\/uploads\/2023\/03\/DK00102498-Deurklink-set-Lancia-Delta-Integrale-4-stuks-GEREVISEERD-B-kwaliteit-2.jpg\",\"contentUrl\":\"https:\/\/turijnmagazijn.nl\/wp-content\/uploads\/2023\/03\/DK00102498-Deurklink-set-Lancia-Delta-Integrale-4-stuks-GEREVISEERD-B-kwaliteit-2.jpg\",\"width\":1024,\"height\":768},{\"@type\":\"BreadcrumbList\",\"@id\":\"https:\/\/turijnmagazijn.nl\/it\/prodotto\/set-maniglie-lancia-delta-integral-4-pz-revisionato-b-quality\/#breadcrumb\",\"itemListElement\":[{\"@type\":\"ListItem\",\"position\":1,\"name\":\"Home\",\"item\":\"https:\/\/turijnmagazijn.nl\/it\/\"},{\"@type\":\"ListItem\",\"position\":2,\"name\":\"Prodotti\",\"item\":\"https:\/\/turijnmagazijn.nl\/it\/shop\/\"},{\"@type\":\"ListItem\",\"position\":3,\"name\":\"Set maniglie porta Lancia Delta Integrale 4 pezzi -REVISIONATO- B-quality\"}]},{\"@type\":\"WebSite\",\"@id\":\"https:\/\/turijnmagazijn.jumpstone-dev.nl\/#website\",\"url\":\"https:\/\/turijnmagazijn.jumpstone-dev.nl\/\",\"name\":\"Turijnmagazijn\",\"description\":\"Onderdelen nieuw en gebruikt - Fiat &amp; Lancia\",\"publisher\":{\"@id\":\"https:\/\/turijnmagazijn.jumpstone-dev.nl\/#organization\"},\"potentialAction\":[{\"@type\":\"SearchAction\",\"target\":{\"@type\":\"EntryPoint\",\"urlTemplate\":\"https:\/\/turijnmagazijn.jumpstone-dev.nl\/?s={search_term_string}\"},\"query-input\":{\"@type\":\"PropertyValueSpecification\",\"valueRequired\":true,\"valueName\":\"search_term_string\"}}],\"inLanguage\":\"it-IT\"},{\"@type\":\"Organization\",\"@id\":\"https:\/\/turijnmagazijn.jumpstone-dev.nl\/#organization\",\"name\":\"Turijnmagazijn\",\"url\":\"https:\/\/turijnmagazijn.jumpstone-dev.nl\/\",\"logo\":{\"@type\":\"ImageObject\",\"inLanguage\":\"it-IT\",\"@id\":\"https:\/\/turijnmagazijn.jumpstone-dev.nl\/#\/schema\/logo\/image\/\",\"url\":\"https:\/\/turijnmagazijn.nl\/wp-content\/uploads\/2021\/02\/turijnmagazijnlogo.png\",\"contentUrl\":\"https:\/\/turijnmagazijn.nl\/wp-content\/uploads\/2021\/02\/turijnmagazijnlogo.png\",\"width\":555,\"height\":270,\"caption\":\"Turijnmagazijn\"},\"image\":{\"@id\":\"https:\/\/turijnmagazijn.jumpstone-dev.nl\/#\/schema\/logo\/image\/\"},\"sameAs\":[\"https:\/\/www.facebook.com\/turijnmagazijn\"]}]}<\/script>\n<!-- \/ Yoast SEO plugin. -->","yoast_head_json":{"title":"Set maniglie porta Lancia Delta Integrale 4 pezzi -REVISIONATO- B-quality - Turijnmagazijn","robots":{"index":"index","follow":"follow","max-snippet":"max-snippet:-1","max-image-preview":"max-image-preview:large","max-video-preview":"max-video-preview:-1"},"canonical":"https:\/\/turijnmagazijn.nl\/it\/prodotto\/set-maniglie-lancia-delta-integral-4-pz-revisionato-b-quality\/","og_locale":"it_IT","og_type":"article","og_title":"Set maniglie porta Lancia Delta Integrale 4 pezzi -REVISIONATO- B-quality - Turijnmagazijn","og_description":"Set di portaporte usate per Lancia Delta Integrale. Le maniglie delle porte sono state revisionate e dotate di nuove maniglie in alluminio massiccio. Questo aggiornamento di alta qualit\u00e0 rende le maniglie delle porte molto pi\u00f9 piacevoli e mantiene il loro colore nero anche nei graffi dovuti al processo di anodizzazione.","og_url":"https:\/\/turijnmagazijn.nl\/it\/prodotto\/set-maniglie-lancia-delta-integral-4-pz-revisionato-b-quality\/","og_site_name":"Turijnmagazijn","article_publisher":"https:\/\/www.facebook.com\/turijnmagazijn","article_modified_time":"2024-09-05T11:09:25+00:00","og_image":[{"width":1024,"height":768,"url":"https:\/\/turijnmagazijn.nl\/wp-content\/uploads\/2023\/03\/DK00102498-Deurklink-set-Lancia-Delta-Integrale-4-stuks-GEREVISEERD-B-kwaliteit-2.jpg","type":"image\/jpeg"}],"twitter_card":"summary_large_image","twitter_misc":{"Tempo di lettura stimato":"1 minuto"},"schema":{"@context":"https:\/\/schema.org","@graph":[{"@type":"WebPage","@id":"https:\/\/turijnmagazijn.nl\/it\/prodotto\/set-maniglie-lancia-delta-integral-4-pz-revisionato-b-quality\/","url":"https:\/\/turijnmagazijn.nl\/it\/prodotto\/set-maniglie-lancia-delta-integral-4-pz-revisionato-b-quality\/","name":"Set maniglie porta Lancia Delta Integrale 4 pezzi -REVISIONATO- B-quality - Turijnmagazijn","isPartOf":{"@id":"https:\/\/turijnmagazijn.jumpstone-dev.nl\/#website"},"primaryImageOfPage":{"@id":"https:\/\/turijnmagazijn.nl\/it\/prodotto\/set-maniglie-lancia-delta-integral-4-pz-revisionato-b-quality\/#primaryimage"},"image":{"@id":"https:\/\/turijnmagazijn.nl\/it\/prodotto\/set-maniglie-lancia-delta-integral-4-pz-revisionato-b-quality\/#primaryimage"},"thumbnailUrl":"https:\/\/turijnmagazijn.nl\/wp-content\/uploads\/2023\/03\/DK00102498-Deurklink-set-Lancia-Delta-Integrale-4-stuks-GEREVISEERD-B-kwaliteit-2.jpg","datePublished":"2023-03-03T09:14:42+00:00","dateModified":"2024-09-05T11:09:25+00:00","breadcrumb":{"@id":"https:\/\/turijnmagazijn.nl\/it\/prodotto\/set-maniglie-lancia-delta-integral-4-pz-revisionato-b-quality\/#breadcrumb"},"inLanguage":"it-IT","potentialAction":[{"@type":"ReadAction","target":["https:\/\/turijnmagazijn.nl\/it\/prodotto\/set-maniglie-lancia-delta-integral-4-pz-revisionato-b-quality\/"]}]},{"@type":"ImageObject","inLanguage":"it-IT","@id":"https:\/\/turijnmagazijn.nl\/it\/prodotto\/set-maniglie-lancia-delta-integral-4-pz-revisionato-b-quality\/#primaryimage","url":"https:\/\/turijnmagazijn.nl\/wp-content\/uploads\/2023\/03\/DK00102498-Deurklink-set-Lancia-Delta-Integrale-4-stuks-GEREVISEERD-B-kwaliteit-2.jpg","contentUrl":"https:\/\/turijnmagazijn.nl\/wp-content\/uploads\/2023\/03\/DK00102498-Deurklink-set-Lancia-Delta-Integrale-4-stuks-GEREVISEERD-B-kwaliteit-2.jpg","width":1024,"height":768},{"@type":"BreadcrumbList","@id":"https:\/\/turijnmagazijn.nl\/it\/prodotto\/set-maniglie-lancia-delta-integral-4-pz-revisionato-b-quality\/#breadcrumb","itemListElement":[{"@type":"ListItem","position":1,"name":"Home","item":"https:\/\/turijnmagazijn.nl\/it\/"},{"@type":"ListItem","position":2,"name":"Prodotti","item":"https:\/\/turijnmagazijn.nl\/it\/shop\/"},{"@type":"ListItem","position":3,"name":"Set maniglie porta Lancia Delta Integrale 4 pezzi -REVISIONATO- B-quality"}]},{"@type":"WebSite","@id":"https:\/\/turijnmagazijn.jumpstone-dev.nl\/#website","url":"https:\/\/turijnmagazijn.jumpstone-dev.nl\/","name":"Turijnmagazijn","description":"Onderdelen nieuw en gebruikt - Fiat &amp; Lancia","publisher":{"@id":"https:\/\/turijnmagazijn.jumpstone-dev.nl\/#organization"},"potentialAction":[{"@type":"SearchAction","target":{"@type":"EntryPoint","urlTemplate":"https:\/\/turijnmagazijn.jumpstone-dev.nl\/?s={search_term_string}"},"query-input":{"@type":"PropertyValueSpecification","valueRequired":true,"valueName":"search_term_string"}}],"inLanguage":"it-IT"},{"@type":"Organization","@id":"https:\/\/turijnmagazijn.jumpstone-dev.nl\/#organization","name":"Turijnmagazijn","url":"https:\/\/turijnmagazijn.jumpstone-dev.nl\/","logo":{"@type":"ImageObject","inLanguage":"it-IT","@id":"https:\/\/turijnmagazijn.jumpstone-dev.nl\/#\/schema\/logo\/image\/","url":"https:\/\/turijnmagazijn.nl\/wp-content\/uploads\/2021\/02\/turijnmagazijnlogo.png","contentUrl":"https:\/\/turijnmagazijn.nl\/wp-content\/uploads\/2021\/02\/turijnmagazijnlogo.png","width":555,"height":270,"caption":"Turijnmagazijn"},"image":{"@id":"https:\/\/turijnmagazijn.jumpstone-dev.nl\/#\/schema\/logo\/image\/"},"sameAs":["https:\/\/www.facebook.com\/turijnmagazijn"]}]}},"_links":{"self":[{"href":"https:\/\/turijnmagazijn.nl\/it\/wp-json\/wp\/v2\/product\/66277","targetHints":{"allow":["GET"]}}],"collection":[{"href":"https:\/\/turijnmagazijn.nl\/it\/wp-json\/wp\/v2\/product"}],"about":[{"href":"https:\/\/turijnmagazijn.nl\/it\/wp-json\/wp\/v2\/types\/product"}],"replies":[{"embeddable":true,"href":"https:\/\/turijnmagazijn.nl\/it\/wp-json\/wp\/v2\/comments?post=66277"}],"wp:featuredmedia":[{"embeddable":true,"href":"https:\/\/turijnmagazijn.nl\/it\/wp-json\/wp\/v2\/media\/56494"}],"wp:attachment":[{"href":"https:\/\/turijnmagazijn.nl\/it\/wp-json\/wp\/v2\/media?parent=66277"}],"wp:term":[{"taxonomy":"product_brand","embeddable":true,"href":"https:\/\/turijnmagazijn.nl\/it\/wp-json\/wp\/v2\/product_brand?post=66277"},{"taxonomy":"product_cat","embeddable":true,"href":"https:\/\/turijnmagazijn.nl\/it\/wp-json\/wp\/v2\/product_cat?post=66277"},{"taxonomy":"product_tag","embeddable":true,"href":"https:\/\/turijnmagazijn.nl\/it\/wp-json\/wp\/v2\/product_tag?post=66277"}],"curies":[{"name":"wp","href":"https:\/\/api.w.org\/{rel}","templated":true}]}}