{"id":66724,"date":"2023-03-03T08:55:52","date_gmt":"2023-03-03T07:55:52","guid":{"rendered":"https:\/\/turijnmagazijn.nl\/product\/portachiavi-lancia-metallo-nero-liscio-rotondo-nero-new\/"},"modified":"2025-08-15T11:15:31","modified_gmt":"2025-08-15T09:15:31","slug":"portachiavi-lancia-nero-metallo-liscio-rotondo-nero-nuovo","status":"publish","type":"product","link":"https:\/\/turijnmagazijn.nl\/it\/prodotto\/portachiavi-lancia-nero-metallo-liscio-rotondo-nero-nuovo\/","title":{"rendered":"Portachiavi Lancia metallo nero liscio rotondo nero -NEW-"},"content":{"rendered":"<p><a style=\"background-color: #ffffff; color: #23527c; outline: 0px;\" href=\"https:\/\/turijnmagazijn.nl\/it\/spedizione-tramite-cassetta-postale\/\" target=\"\" rel=\"noopener\"><img decoding=\"async\" src=\"https:\/\/www.delenkorf.nl\/image\/catalog\/brievenbus.png\"><\/a><\/p>\n<p>Portachiavi Lancia realizzato in metallo con logo Lancia effetto bombola. Nella produzione di questo portachiavi \u00e8 stato utilizzato il vecchio logo Lancia, in uso tra il 1974 e il 2007. Ci\u00f2 piacer\u00e0 ai fan di Delta I e II, Kappa, Thesis, Ypsilon, Lybra e molti altri modelli degli anni precedenti molto pi\u00f9 del logo post 2007.<\/p>\n<p>Questo portachiavi rotondo in metallo nero ha un bordo in metallo ed \u00e8 unilaterale con un logo Lancia nero su sfondo nero.<\/p>\n<p>Il logo del diametro \u00e8 di 25 mm,<\/p>\n<p>&nbsp;<\/p>\n<p>Il portachiavi \u00e8 realizzato in metallo molto leggero, il vantaggio \u00e8 che non rende il portachiavi inutilmente pesante, ma si presenta come un po &#8216;fragile.<\/p>\n<p><span style=\"font-weight: bold;\">Fai attenzione al peso ridotto di questo portachiavi prima di ordinare.<\/span>  Se vuoi un modello pi\u00f9 solido, ci sono altri tipi disponibili nel nostro negozio!<\/p>\n","protected":false},"excerpt":{"rendered":"<p>Portachiavi Lancia nero metallo liscio rotondo nero -NEW- &#8211; Portachiavi Lancia in metallo con logo Lancia effetto cupola.<\/p>\n","protected":false},"featured_media":53854,"comment_status":"closed","ping_status":"closed","template":"","meta":{"_acf_changed":false},"product_brand":[],"product_cat":[1810,1845,1852,1863,1866,1804,1808,1843,1854,1820,1824,1828,1835,1832,1840,1857,1800,1875,1884,1871,1879,1893,1903,1899,1906,1911,1915,1920],"product_tag":[],"class_list":{"0":"post-66724","1":"product","2":"type-product","3":"status-publish","4":"has-post-thumbnail","6":"product_cat-1-1-1-3-1-5-it","7":"product_cat-3-deurs-hpe-it","8":"product_cat-5-deurs-it","9":"product_cat-berlina-it","10":"product_cat-coupe-it","11":"product_cat-dedra-835-it","12":"product_cat-delta-1-831-it","13":"product_cat-delta-2-836-it","14":"product_cat-delta-3-844-it","15":"product_cat-gt-i-e-it","16":"product_cat-hf-4wd-it","17":"product_cat-hf-turbo-it","18":"product_cat-integrale-16v-it","19":"product_cat-integrale-8v-it","20":"product_cat-integrale-evo-it","21":"product_cat-kappa-838-it","22":"product_cat-lancia-it","23":"product_cat-lybra-839-it","24":"product_cat-sedan-lybra-839-it","25":"product_cat-sw-it","26":"product_cat-sw-lybra-839-it","27":"product_cat-thema-834-it","28":"product_cat-thema-sedan-it","29":"product_cat-thema-sw-it","30":"product_cat-thesis-841-it","31":"product_cat-y10-156-it","32":"product_cat-ypsilon-1-840-it","33":"product_cat-ypsilon-2-843-it","34":"pa_soort-onderdeel-portachiavi-e-adesivi","36":"first","37":"instock","38":"taxable","39":"shipping-taxable","40":"purchasable","41":"product-type-simple"},"acf":[],"yoast_head":"<!-- This site is optimized with the Yoast SEO plugin v27.3 - https:\/\/yoast.com\/product\/yoast-seo-wordpress\/ -->\n<title>Portachiavi Lancia metallo nero liscio rotondo nero -NEW- Turijnmagazijn<\/title>\n<meta name=\"robots\" content=\"index, follow, max-snippet:-1, max-image-preview:large, max-video-preview:-1\" \/>\n<link rel=\"canonical\" href=\"https:\/\/turijnmagazijn.nl\/it\/prodotto\/portachiavi-lancia-nero-metallo-liscio-rotondo-nero-nuovo\/\" \/>\n<meta property=\"og:locale\" content=\"it_IT\" \/>\n<meta property=\"og:type\" content=\"article\" \/>\n<meta property=\"og:title\" content=\"Portachiavi Lancia metallo nero liscio rotondo nero -NEW- Turijnmagazijn\" \/>\n<meta property=\"og:description\" content=\"Portachiavi Lancia nero metallo liscio rotondo nero -NEW- - Portachiavi Lancia in metallo con logo Lancia effetto cupola.\" \/>\n<meta property=\"og:url\" content=\"https:\/\/turijnmagazijn.nl\/it\/prodotto\/portachiavi-lancia-nero-metallo-liscio-rotondo-nero-nuovo\/\" \/>\n<meta property=\"og:site_name\" content=\"Turijnmagazijn\" \/>\n<meta property=\"article:publisher\" content=\"https:\/\/www.facebook.com\/turijnmagazijn\" \/>\n<meta property=\"article:modified_time\" content=\"2025-08-15T09:15:31+00:00\" \/>\n<meta property=\"og:image\" content=\"https:\/\/turijnmagazijn.nl\/wp-content\/uploads\/2023\/03\/DN00100173-Sleutelhanger-Lancia-zwart-metaal-glad-rond-zwart-NIEUW-4.jpg\" \/>\n\t<meta property=\"og:image:width\" content=\"1024\" \/>\n\t<meta property=\"og:image:height\" content=\"768\" \/>\n\t<meta property=\"og:image:type\" content=\"image\/jpeg\" \/>\n<meta name=\"twitter:card\" content=\"summary_large_image\" \/>\n<meta name=\"twitter:label1\" content=\"Tempo di lettura stimato\" \/>\n\t<meta name=\"twitter:data1\" content=\"1 minuto\" \/>\n<script type=\"application\/ld+json\" class=\"yoast-schema-graph\">{\"@context\":\"https:\\\/\\\/schema.org\",\"@graph\":[{\"@type\":\"WebPage\",\"@id\":\"https:\\\/\\\/turijnmagazijn.nl\\\/it\\\/prodotto\\\/portachiavi-lancia-nero-metallo-liscio-rotondo-nero-nuovo\\\/\",\"url\":\"https:\\\/\\\/turijnmagazijn.nl\\\/it\\\/prodotto\\\/portachiavi-lancia-nero-metallo-liscio-rotondo-nero-nuovo\\\/\",\"name\":\"Portachiavi Lancia metallo nero liscio rotondo nero -NEW- Turijnmagazijn\",\"isPartOf\":{\"@id\":\"https:\\\/\\\/turijnmagazijn.jumpstone-dev.nl\\\/#website\"},\"primaryImageOfPage\":{\"@id\":\"https:\\\/\\\/turijnmagazijn.nl\\\/it\\\/prodotto\\\/portachiavi-lancia-nero-metallo-liscio-rotondo-nero-nuovo\\\/#primaryimage\"},\"image\":{\"@id\":\"https:\\\/\\\/turijnmagazijn.nl\\\/it\\\/prodotto\\\/portachiavi-lancia-nero-metallo-liscio-rotondo-nero-nuovo\\\/#primaryimage\"},\"thumbnailUrl\":\"https:\\\/\\\/turijnmagazijn.nl\\\/wp-content\\\/uploads\\\/2023\\\/03\\\/DN00100173-Sleutelhanger-Lancia-zwart-metaal-glad-rond-zwart-NIEUW-4.jpg\",\"datePublished\":\"2023-03-03T07:55:52+00:00\",\"dateModified\":\"2025-08-15T09:15:31+00:00\",\"breadcrumb\":{\"@id\":\"https:\\\/\\\/turijnmagazijn.nl\\\/it\\\/prodotto\\\/portachiavi-lancia-nero-metallo-liscio-rotondo-nero-nuovo\\\/#breadcrumb\"},\"inLanguage\":\"it-IT\",\"potentialAction\":[{\"@type\":\"ReadAction\",\"target\":[\"https:\\\/\\\/turijnmagazijn.nl\\\/it\\\/prodotto\\\/portachiavi-lancia-nero-metallo-liscio-rotondo-nero-nuovo\\\/\"]}]},{\"@type\":\"ImageObject\",\"inLanguage\":\"it-IT\",\"@id\":\"https:\\\/\\\/turijnmagazijn.nl\\\/it\\\/prodotto\\\/portachiavi-lancia-nero-metallo-liscio-rotondo-nero-nuovo\\\/#primaryimage\",\"url\":\"https:\\\/\\\/turijnmagazijn.nl\\\/wp-content\\\/uploads\\\/2023\\\/03\\\/DN00100173-Sleutelhanger-Lancia-zwart-metaal-glad-rond-zwart-NIEUW-4.jpg\",\"contentUrl\":\"https:\\\/\\\/turijnmagazijn.nl\\\/wp-content\\\/uploads\\\/2023\\\/03\\\/DN00100173-Sleutelhanger-Lancia-zwart-metaal-glad-rond-zwart-NIEUW-4.jpg\",\"width\":1024,\"height\":768},{\"@type\":\"BreadcrumbList\",\"@id\":\"https:\\\/\\\/turijnmagazijn.nl\\\/it\\\/prodotto\\\/portachiavi-lancia-nero-metallo-liscio-rotondo-nero-nuovo\\\/#breadcrumb\",\"itemListElement\":[{\"@type\":\"ListItem\",\"position\":1,\"name\":\"Home\",\"item\":\"https:\\\/\\\/turijnmagazijn.nl\\\/it\\\/\"},{\"@type\":\"ListItem\",\"position\":2,\"name\":\"Prodotti\",\"item\":\"https:\\\/\\\/turijnmagazijn.nl\\\/it\\\/shop\\\/\"},{\"@type\":\"ListItem\",\"position\":3,\"name\":\"Portachiavi Lancia metallo nero liscio rotondo nero -NEW-\"}]},{\"@type\":\"WebSite\",\"@id\":\"https:\\\/\\\/turijnmagazijn.jumpstone-dev.nl\\\/#website\",\"url\":\"https:\\\/\\\/turijnmagazijn.jumpstone-dev.nl\\\/\",\"name\":\"Turijnmagazijn\",\"description\":\"Onderdelen nieuw en gebruikt - Fiat &amp; Lancia\",\"publisher\":{\"@id\":\"https:\\\/\\\/turijnmagazijn.jumpstone-dev.nl\\\/#organization\"},\"potentialAction\":[{\"@type\":\"SearchAction\",\"target\":{\"@type\":\"EntryPoint\",\"urlTemplate\":\"https:\\\/\\\/turijnmagazijn.jumpstone-dev.nl\\\/?s={search_term_string}\"},\"query-input\":{\"@type\":\"PropertyValueSpecification\",\"valueRequired\":true,\"valueName\":\"search_term_string\"}}],\"inLanguage\":\"it-IT\"},{\"@type\":\"Organization\",\"@id\":\"https:\\\/\\\/turijnmagazijn.jumpstone-dev.nl\\\/#organization\",\"name\":\"Turijnmagazijn\",\"url\":\"https:\\\/\\\/turijnmagazijn.jumpstone-dev.nl\\\/\",\"logo\":{\"@type\":\"ImageObject\",\"inLanguage\":\"it-IT\",\"@id\":\"https:\\\/\\\/turijnmagazijn.jumpstone-dev.nl\\\/#\\\/schema\\\/logo\\\/image\\\/\",\"url\":\"https:\\\/\\\/turijnmagazijn.nl\\\/wp-content\\\/uploads\\\/2021\\\/02\\\/turijnmagazijnlogo.png\",\"contentUrl\":\"https:\\\/\\\/turijnmagazijn.nl\\\/wp-content\\\/uploads\\\/2021\\\/02\\\/turijnmagazijnlogo.png\",\"width\":555,\"height\":270,\"caption\":\"Turijnmagazijn\"},\"image\":{\"@id\":\"https:\\\/\\\/turijnmagazijn.jumpstone-dev.nl\\\/#\\\/schema\\\/logo\\\/image\\\/\"},\"sameAs\":[\"https:\\\/\\\/www.facebook.com\\\/turijnmagazijn\"]}]}<\/script>\n<!-- \/ Yoast SEO plugin. -->","yoast_head_json":{"title":"Portachiavi Lancia metallo nero liscio rotondo nero -NEW- Turijnmagazijn","robots":{"index":"index","follow":"follow","max-snippet":"max-snippet:-1","max-image-preview":"max-image-preview:large","max-video-preview":"max-video-preview:-1"},"canonical":"https:\/\/turijnmagazijn.nl\/it\/prodotto\/portachiavi-lancia-nero-metallo-liscio-rotondo-nero-nuovo\/","og_locale":"it_IT","og_type":"article","og_title":"Portachiavi Lancia metallo nero liscio rotondo nero -NEW- Turijnmagazijn","og_description":"Portachiavi Lancia nero metallo liscio rotondo nero -NEW- - Portachiavi Lancia in metallo con logo Lancia effetto cupola.","og_url":"https:\/\/turijnmagazijn.nl\/it\/prodotto\/portachiavi-lancia-nero-metallo-liscio-rotondo-nero-nuovo\/","og_site_name":"Turijnmagazijn","article_publisher":"https:\/\/www.facebook.com\/turijnmagazijn","article_modified_time":"2025-08-15T09:15:31+00:00","og_image":[{"width":1024,"height":768,"url":"https:\/\/turijnmagazijn.nl\/wp-content\/uploads\/2023\/03\/DN00100173-Sleutelhanger-Lancia-zwart-metaal-glad-rond-zwart-NIEUW-4.jpg","type":"image\/jpeg"}],"twitter_card":"summary_large_image","twitter_misc":{"Tempo di lettura stimato":"1 minuto"},"schema":{"@context":"https:\/\/schema.org","@graph":[{"@type":"WebPage","@id":"https:\/\/turijnmagazijn.nl\/it\/prodotto\/portachiavi-lancia-nero-metallo-liscio-rotondo-nero-nuovo\/","url":"https:\/\/turijnmagazijn.nl\/it\/prodotto\/portachiavi-lancia-nero-metallo-liscio-rotondo-nero-nuovo\/","name":"Portachiavi Lancia metallo nero liscio rotondo nero -NEW- Turijnmagazijn","isPartOf":{"@id":"https:\/\/turijnmagazijn.jumpstone-dev.nl\/#website"},"primaryImageOfPage":{"@id":"https:\/\/turijnmagazijn.nl\/it\/prodotto\/portachiavi-lancia-nero-metallo-liscio-rotondo-nero-nuovo\/#primaryimage"},"image":{"@id":"https:\/\/turijnmagazijn.nl\/it\/prodotto\/portachiavi-lancia-nero-metallo-liscio-rotondo-nero-nuovo\/#primaryimage"},"thumbnailUrl":"https:\/\/turijnmagazijn.nl\/wp-content\/uploads\/2023\/03\/DN00100173-Sleutelhanger-Lancia-zwart-metaal-glad-rond-zwart-NIEUW-4.jpg","datePublished":"2023-03-03T07:55:52+00:00","dateModified":"2025-08-15T09:15:31+00:00","breadcrumb":{"@id":"https:\/\/turijnmagazijn.nl\/it\/prodotto\/portachiavi-lancia-nero-metallo-liscio-rotondo-nero-nuovo\/#breadcrumb"},"inLanguage":"it-IT","potentialAction":[{"@type":"ReadAction","target":["https:\/\/turijnmagazijn.nl\/it\/prodotto\/portachiavi-lancia-nero-metallo-liscio-rotondo-nero-nuovo\/"]}]},{"@type":"ImageObject","inLanguage":"it-IT","@id":"https:\/\/turijnmagazijn.nl\/it\/prodotto\/portachiavi-lancia-nero-metallo-liscio-rotondo-nero-nuovo\/#primaryimage","url":"https:\/\/turijnmagazijn.nl\/wp-content\/uploads\/2023\/03\/DN00100173-Sleutelhanger-Lancia-zwart-metaal-glad-rond-zwart-NIEUW-4.jpg","contentUrl":"https:\/\/turijnmagazijn.nl\/wp-content\/uploads\/2023\/03\/DN00100173-Sleutelhanger-Lancia-zwart-metaal-glad-rond-zwart-NIEUW-4.jpg","width":1024,"height":768},{"@type":"BreadcrumbList","@id":"https:\/\/turijnmagazijn.nl\/it\/prodotto\/portachiavi-lancia-nero-metallo-liscio-rotondo-nero-nuovo\/#breadcrumb","itemListElement":[{"@type":"ListItem","position":1,"name":"Home","item":"https:\/\/turijnmagazijn.nl\/it\/"},{"@type":"ListItem","position":2,"name":"Prodotti","item":"https:\/\/turijnmagazijn.nl\/it\/shop\/"},{"@type":"ListItem","position":3,"name":"Portachiavi Lancia metallo nero liscio rotondo nero -NEW-"}]},{"@type":"WebSite","@id":"https:\/\/turijnmagazijn.jumpstone-dev.nl\/#website","url":"https:\/\/turijnmagazijn.jumpstone-dev.nl\/","name":"Turijnmagazijn","description":"Onderdelen nieuw en gebruikt - Fiat &amp; Lancia","publisher":{"@id":"https:\/\/turijnmagazijn.jumpstone-dev.nl\/#organization"},"potentialAction":[{"@type":"SearchAction","target":{"@type":"EntryPoint","urlTemplate":"https:\/\/turijnmagazijn.jumpstone-dev.nl\/?s={search_term_string}"},"query-input":{"@type":"PropertyValueSpecification","valueRequired":true,"valueName":"search_term_string"}}],"inLanguage":"it-IT"},{"@type":"Organization","@id":"https:\/\/turijnmagazijn.jumpstone-dev.nl\/#organization","name":"Turijnmagazijn","url":"https:\/\/turijnmagazijn.jumpstone-dev.nl\/","logo":{"@type":"ImageObject","inLanguage":"it-IT","@id":"https:\/\/turijnmagazijn.jumpstone-dev.nl\/#\/schema\/logo\/image\/","url":"https:\/\/turijnmagazijn.nl\/wp-content\/uploads\/2021\/02\/turijnmagazijnlogo.png","contentUrl":"https:\/\/turijnmagazijn.nl\/wp-content\/uploads\/2021\/02\/turijnmagazijnlogo.png","width":555,"height":270,"caption":"Turijnmagazijn"},"image":{"@id":"https:\/\/turijnmagazijn.jumpstone-dev.nl\/#\/schema\/logo\/image\/"},"sameAs":["https:\/\/www.facebook.com\/turijnmagazijn"]}]}},"_links":{"self":[{"href":"https:\/\/turijnmagazijn.nl\/it\/wp-json\/wp\/v2\/product\/66724","targetHints":{"allow":["GET"]}}],"collection":[{"href":"https:\/\/turijnmagazijn.nl\/it\/wp-json\/wp\/v2\/product"}],"about":[{"href":"https:\/\/turijnmagazijn.nl\/it\/wp-json\/wp\/v2\/types\/product"}],"replies":[{"embeddable":true,"href":"https:\/\/turijnmagazijn.nl\/it\/wp-json\/wp\/v2\/comments?post=66724"}],"wp:featuredmedia":[{"embeddable":true,"href":"https:\/\/turijnmagazijn.nl\/it\/wp-json\/wp\/v2\/media\/53854"}],"wp:attachment":[{"href":"https:\/\/turijnmagazijn.nl\/it\/wp-json\/wp\/v2\/media?parent=66724"}],"wp:term":[{"taxonomy":"product_brand","embeddable":true,"href":"https:\/\/turijnmagazijn.nl\/it\/wp-json\/wp\/v2\/product_brand?post=66724"},{"taxonomy":"product_cat","embeddable":true,"href":"https:\/\/turijnmagazijn.nl\/it\/wp-json\/wp\/v2\/product_cat?post=66724"},{"taxonomy":"product_tag","embeddable":true,"href":"https:\/\/turijnmagazijn.nl\/it\/wp-json\/wp\/v2\/product_tag?post=66724"}],"curies":[{"name":"wp","href":"https:\/\/api.w.org\/{rel}","templated":true}]}}