{"id":66766,"date":"2023-03-03T08:57:42","date_gmt":"2023-03-03T07:57:42","guid":{"rendered":"https:\/\/turijnmagazijn.nl\/product\/logo-scudetto-lancia-58mm-lancia-kappa-coupe-ruota-centrale-coprimozzo-imitazione\/"},"modified":"2025-10-02T18:00:37","modified_gmt":"2025-10-02T16:00:37","slug":"lancia-scudetto-logo-58mm-lancia-kappa-coupe-wielcenter-hubcap-imitazione","status":"publish","type":"product","link":"https:\/\/turijnmagazijn.nl\/it\/prodotto\/lancia-scudetto-logo-58mm-lancia-kappa-coupe-wielcenter-hubcap-imitazione\/","title":{"rendered":"Scudo Lancia logo 58mm Lancia Kappa coup\u00e9 centro ruota o coprimozzo -Imitatie-"},"content":{"rendered":"<p>Simillogo autoadesivo a forma di scudo con logo lancia blu bianco e cromato. Logo gel-dome di alta qualit\u00e0 adatto in sostituzione dei loghi Lancia su Lancia Kappa.<\/p>\n<p>Questo tipo di logo con un diametro misurato tra i due angoli superiori del logo da 58 mm \u00e8 stato applicato al coprimozzo per le ruote Lancia Kappa Coup\u00e9 ma anche ai coprimozzi standard di fabbrica per Lancia Kappa.<\/p>\n<p>Il logo \u00e8 di un blu leggermente pi\u00f9 chiaro rispetto al colore originariamente utilizzato nei centri kappa hub perch\u00e9 ci piace di pi\u00f9! Se non la pensi cos\u00ec, non ordinare!<\/p>\n<p>&nbsp;<\/p>\n<p>Numero OEM del coprimozzo in cui si inserisce il logo: <span style=\"color: #1e1e22; font-family: Arial, Helvetica, sans-serif; font-weight: bold;\">82481959 <\/span> <\/p>\n<p>Coperchio del mozzo del numero OEM per Lancia Kappa coup\u00e9 in cui \u00e8 montato il logo: <span style=\"font-weight: bold; color: #000000;\">46473237<\/span><\/p>\n<p>&nbsp;<\/p>\n<p><span style=\"font-weight: bold;\">Non una parte originale ma una riproduzione di alta qualit\u00e0 per la riparazione di un logo smarrito o brutto su un coprimozzo originale o un coprimozzo per lancia Kappa!<\/span><\/p>\n<p><span style=\"font-weight: bold; color: #ff0000;\">  Contenuto della consegna: solo il logo autoadesivo! SENZA COPERCHIO O CAPPUCCIO!<\/span><\/p>\n<p>Abbiamo scritto un articolo sui vari possibili problemi con le coup\u00e9 Kappa coup\u00e9 copre dove le diverse soluzioni sono anche chiaramente elencate. Puoi trovare l&#8217;articolo qui:<\/p>\n<p><a href=\"http:\/\/www.delenkorf.nl\/lancia-kappa-naafdeksel-kap-problemen-en-oplossing.html%C2%A0\" target=\"_blank\" rel=\"noopener\">http:\/\/www.delenkorf.nl\/lancia-kappa-naafdeksel-kap-problemen-en-oplossing.html  <\/a><\/p>\n","protected":false},"excerpt":{"rendered":"<p>Logo scudetto Lancia 58mm Lancia Kappa coup\u00e9 wheelcenter + coprimozzo -Imitazione- &#8211; Logo autoadesivo imitazione a forma di scudo con logo lancia blu bianco e cromato.<\/p>\n","protected":false},"featured_media":54046,"comment_status":"closed","ping_status":"closed","template":"","meta":{"_acf_changed":false},"product_brand":[],"product_cat":[1866,1857,1800,1871],"product_tag":[],"class_list":{"0":"post-66766","1":"product","2":"type-product","3":"status-publish","4":"has-post-thumbnail","6":"product_cat-coupe-it","7":"product_cat-kappa-838-it","8":"product_cat-lancia-it","9":"product_cat-sw-it","10":"pa_soort-onderdeel-cruscotto-e-interruttori","12":"first","13":"instock","14":"taxable","15":"shipping-taxable","16":"purchasable","17":"product-type-simple"},"acf":[],"yoast_head":"<!-- This site is optimized with the Yoast SEO plugin v27.3 - https:\/\/yoast.com\/product\/yoast-seo-wordpress\/ -->\n<title>Scudo Lancia logo 58mm Lancia Kappa coup\u00e9 centro ruota o coprimozzo -Imitatie- Turijnmagazijn<\/title>\n<meta name=\"robots\" content=\"index, follow, max-snippet:-1, max-image-preview:large, max-video-preview:-1\" \/>\n<link rel=\"canonical\" href=\"https:\/\/turijnmagazijn.nl\/it\/prodotto\/lancia-scudetto-logo-58mm-lancia-kappa-coupe-wielcenter-hubcap-imitazione\/\" \/>\n<meta property=\"og:locale\" content=\"it_IT\" \/>\n<meta property=\"og:type\" content=\"article\" \/>\n<meta property=\"og:title\" content=\"Scudo Lancia logo 58mm Lancia Kappa coup\u00e9 centro ruota o coprimozzo -Imitatie- Turijnmagazijn\" \/>\n<meta property=\"og:description\" content=\"Logo scudetto Lancia 58mm Lancia Kappa coup\u00e9 wheelcenter + coprimozzo -Imitazione- - Logo autoadesivo imitazione a forma di scudo con logo lancia blu bianco e cromato.\" \/>\n<meta property=\"og:url\" content=\"https:\/\/turijnmagazijn.nl\/it\/prodotto\/lancia-scudetto-logo-58mm-lancia-kappa-coupe-wielcenter-hubcap-imitazione\/\" \/>\n<meta property=\"og:site_name\" content=\"Turijnmagazijn\" \/>\n<meta property=\"article:publisher\" content=\"https:\/\/www.facebook.com\/turijnmagazijn\" \/>\n<meta property=\"article:modified_time\" content=\"2025-10-02T16:00:37+00:00\" \/>\n<meta property=\"og:image\" content=\"https:\/\/turijnmagazijn.nl\/wp-content\/uploads\/2023\/03\/DN00100186-Lancia-schild-logo-58mm-Lancia-Kappa-coupe-wielcenter-wieldop-Imitatie-7.jpg\" \/>\n\t<meta property=\"og:image:width\" content=\"1024\" \/>\n\t<meta property=\"og:image:height\" content=\"768\" \/>\n\t<meta property=\"og:image:type\" content=\"image\/jpeg\" \/>\n<meta name=\"twitter:card\" content=\"summary_large_image\" \/>\n<meta name=\"twitter:label1\" content=\"Tempo di lettura stimato\" \/>\n\t<meta name=\"twitter:data1\" content=\"1 minuto\" \/>\n<script type=\"application\/ld+json\" class=\"yoast-schema-graph\">{\"@context\":\"https:\\\/\\\/schema.org\",\"@graph\":[{\"@type\":\"WebPage\",\"@id\":\"https:\\\/\\\/turijnmagazijn.nl\\\/it\\\/prodotto\\\/lancia-scudetto-logo-58mm-lancia-kappa-coupe-wielcenter-hubcap-imitazione\\\/\",\"url\":\"https:\\\/\\\/turijnmagazijn.nl\\\/it\\\/prodotto\\\/lancia-scudetto-logo-58mm-lancia-kappa-coupe-wielcenter-hubcap-imitazione\\\/\",\"name\":\"Scudo Lancia logo 58mm Lancia Kappa coup\u00e9 centro ruota o coprimozzo -Imitatie- Turijnmagazijn\",\"isPartOf\":{\"@id\":\"https:\\\/\\\/turijnmagazijn.jumpstone-dev.nl\\\/#website\"},\"primaryImageOfPage\":{\"@id\":\"https:\\\/\\\/turijnmagazijn.nl\\\/it\\\/prodotto\\\/lancia-scudetto-logo-58mm-lancia-kappa-coupe-wielcenter-hubcap-imitazione\\\/#primaryimage\"},\"image\":{\"@id\":\"https:\\\/\\\/turijnmagazijn.nl\\\/it\\\/prodotto\\\/lancia-scudetto-logo-58mm-lancia-kappa-coupe-wielcenter-hubcap-imitazione\\\/#primaryimage\"},\"thumbnailUrl\":\"https:\\\/\\\/turijnmagazijn.nl\\\/wp-content\\\/uploads\\\/2023\\\/03\\\/DN00100186-Lancia-schild-logo-58mm-Lancia-Kappa-coupe-wielcenter-wieldop-Imitatie-7.jpg\",\"datePublished\":\"2023-03-03T07:57:42+00:00\",\"dateModified\":\"2025-10-02T16:00:37+00:00\",\"breadcrumb\":{\"@id\":\"https:\\\/\\\/turijnmagazijn.nl\\\/it\\\/prodotto\\\/lancia-scudetto-logo-58mm-lancia-kappa-coupe-wielcenter-hubcap-imitazione\\\/#breadcrumb\"},\"inLanguage\":\"it-IT\",\"potentialAction\":[{\"@type\":\"ReadAction\",\"target\":[\"https:\\\/\\\/turijnmagazijn.nl\\\/it\\\/prodotto\\\/lancia-scudetto-logo-58mm-lancia-kappa-coupe-wielcenter-hubcap-imitazione\\\/\"]}]},{\"@type\":\"ImageObject\",\"inLanguage\":\"it-IT\",\"@id\":\"https:\\\/\\\/turijnmagazijn.nl\\\/it\\\/prodotto\\\/lancia-scudetto-logo-58mm-lancia-kappa-coupe-wielcenter-hubcap-imitazione\\\/#primaryimage\",\"url\":\"https:\\\/\\\/turijnmagazijn.nl\\\/wp-content\\\/uploads\\\/2023\\\/03\\\/DN00100186-Lancia-schild-logo-58mm-Lancia-Kappa-coupe-wielcenter-wieldop-Imitatie-7.jpg\",\"contentUrl\":\"https:\\\/\\\/turijnmagazijn.nl\\\/wp-content\\\/uploads\\\/2023\\\/03\\\/DN00100186-Lancia-schild-logo-58mm-Lancia-Kappa-coupe-wielcenter-wieldop-Imitatie-7.jpg\",\"width\":1024,\"height\":768},{\"@type\":\"BreadcrumbList\",\"@id\":\"https:\\\/\\\/turijnmagazijn.nl\\\/it\\\/prodotto\\\/lancia-scudetto-logo-58mm-lancia-kappa-coupe-wielcenter-hubcap-imitazione\\\/#breadcrumb\",\"itemListElement\":[{\"@type\":\"ListItem\",\"position\":1,\"name\":\"Home\",\"item\":\"https:\\\/\\\/turijnmagazijn.nl\\\/it\\\/\"},{\"@type\":\"ListItem\",\"position\":2,\"name\":\"Prodotti\",\"item\":\"https:\\\/\\\/turijnmagazijn.nl\\\/it\\\/shop\\\/\"},{\"@type\":\"ListItem\",\"position\":3,\"name\":\"Scudo Lancia logo 58mm Lancia Kappa coup\u00e9 centro ruota o coprimozzo -Imitatie-\"}]},{\"@type\":\"WebSite\",\"@id\":\"https:\\\/\\\/turijnmagazijn.jumpstone-dev.nl\\\/#website\",\"url\":\"https:\\\/\\\/turijnmagazijn.jumpstone-dev.nl\\\/\",\"name\":\"Turijnmagazijn\",\"description\":\"Onderdelen nieuw en gebruikt - Fiat &amp; Lancia\",\"publisher\":{\"@id\":\"https:\\\/\\\/turijnmagazijn.jumpstone-dev.nl\\\/#organization\"},\"potentialAction\":[{\"@type\":\"SearchAction\",\"target\":{\"@type\":\"EntryPoint\",\"urlTemplate\":\"https:\\\/\\\/turijnmagazijn.jumpstone-dev.nl\\\/?s={search_term_string}\"},\"query-input\":{\"@type\":\"PropertyValueSpecification\",\"valueRequired\":true,\"valueName\":\"search_term_string\"}}],\"inLanguage\":\"it-IT\"},{\"@type\":\"Organization\",\"@id\":\"https:\\\/\\\/turijnmagazijn.jumpstone-dev.nl\\\/#organization\",\"name\":\"Turijnmagazijn\",\"url\":\"https:\\\/\\\/turijnmagazijn.jumpstone-dev.nl\\\/\",\"logo\":{\"@type\":\"ImageObject\",\"inLanguage\":\"it-IT\",\"@id\":\"https:\\\/\\\/turijnmagazijn.jumpstone-dev.nl\\\/#\\\/schema\\\/logo\\\/image\\\/\",\"url\":\"https:\\\/\\\/turijnmagazijn.nl\\\/wp-content\\\/uploads\\\/2021\\\/02\\\/turijnmagazijnlogo.png\",\"contentUrl\":\"https:\\\/\\\/turijnmagazijn.nl\\\/wp-content\\\/uploads\\\/2021\\\/02\\\/turijnmagazijnlogo.png\",\"width\":555,\"height\":270,\"caption\":\"Turijnmagazijn\"},\"image\":{\"@id\":\"https:\\\/\\\/turijnmagazijn.jumpstone-dev.nl\\\/#\\\/schema\\\/logo\\\/image\\\/\"},\"sameAs\":[\"https:\\\/\\\/www.facebook.com\\\/turijnmagazijn\"]}]}<\/script>\n<!-- \/ Yoast SEO plugin. -->","yoast_head_json":{"title":"Scudo Lancia logo 58mm Lancia Kappa coup\u00e9 centro ruota o coprimozzo -Imitatie- Turijnmagazijn","robots":{"index":"index","follow":"follow","max-snippet":"max-snippet:-1","max-image-preview":"max-image-preview:large","max-video-preview":"max-video-preview:-1"},"canonical":"https:\/\/turijnmagazijn.nl\/it\/prodotto\/lancia-scudetto-logo-58mm-lancia-kappa-coupe-wielcenter-hubcap-imitazione\/","og_locale":"it_IT","og_type":"article","og_title":"Scudo Lancia logo 58mm Lancia Kappa coup\u00e9 centro ruota o coprimozzo -Imitatie- Turijnmagazijn","og_description":"Logo scudetto Lancia 58mm Lancia Kappa coup\u00e9 wheelcenter + coprimozzo -Imitazione- - Logo autoadesivo imitazione a forma di scudo con logo lancia blu bianco e cromato.","og_url":"https:\/\/turijnmagazijn.nl\/it\/prodotto\/lancia-scudetto-logo-58mm-lancia-kappa-coupe-wielcenter-hubcap-imitazione\/","og_site_name":"Turijnmagazijn","article_publisher":"https:\/\/www.facebook.com\/turijnmagazijn","article_modified_time":"2025-10-02T16:00:37+00:00","og_image":[{"width":1024,"height":768,"url":"https:\/\/turijnmagazijn.nl\/wp-content\/uploads\/2023\/03\/DN00100186-Lancia-schild-logo-58mm-Lancia-Kappa-coupe-wielcenter-wieldop-Imitatie-7.jpg","type":"image\/jpeg"}],"twitter_card":"summary_large_image","twitter_misc":{"Tempo di lettura stimato":"1 minuto"},"schema":{"@context":"https:\/\/schema.org","@graph":[{"@type":"WebPage","@id":"https:\/\/turijnmagazijn.nl\/it\/prodotto\/lancia-scudetto-logo-58mm-lancia-kappa-coupe-wielcenter-hubcap-imitazione\/","url":"https:\/\/turijnmagazijn.nl\/it\/prodotto\/lancia-scudetto-logo-58mm-lancia-kappa-coupe-wielcenter-hubcap-imitazione\/","name":"Scudo Lancia logo 58mm Lancia Kappa coup\u00e9 centro ruota o coprimozzo -Imitatie- Turijnmagazijn","isPartOf":{"@id":"https:\/\/turijnmagazijn.jumpstone-dev.nl\/#website"},"primaryImageOfPage":{"@id":"https:\/\/turijnmagazijn.nl\/it\/prodotto\/lancia-scudetto-logo-58mm-lancia-kappa-coupe-wielcenter-hubcap-imitazione\/#primaryimage"},"image":{"@id":"https:\/\/turijnmagazijn.nl\/it\/prodotto\/lancia-scudetto-logo-58mm-lancia-kappa-coupe-wielcenter-hubcap-imitazione\/#primaryimage"},"thumbnailUrl":"https:\/\/turijnmagazijn.nl\/wp-content\/uploads\/2023\/03\/DN00100186-Lancia-schild-logo-58mm-Lancia-Kappa-coupe-wielcenter-wieldop-Imitatie-7.jpg","datePublished":"2023-03-03T07:57:42+00:00","dateModified":"2025-10-02T16:00:37+00:00","breadcrumb":{"@id":"https:\/\/turijnmagazijn.nl\/it\/prodotto\/lancia-scudetto-logo-58mm-lancia-kappa-coupe-wielcenter-hubcap-imitazione\/#breadcrumb"},"inLanguage":"it-IT","potentialAction":[{"@type":"ReadAction","target":["https:\/\/turijnmagazijn.nl\/it\/prodotto\/lancia-scudetto-logo-58mm-lancia-kappa-coupe-wielcenter-hubcap-imitazione\/"]}]},{"@type":"ImageObject","inLanguage":"it-IT","@id":"https:\/\/turijnmagazijn.nl\/it\/prodotto\/lancia-scudetto-logo-58mm-lancia-kappa-coupe-wielcenter-hubcap-imitazione\/#primaryimage","url":"https:\/\/turijnmagazijn.nl\/wp-content\/uploads\/2023\/03\/DN00100186-Lancia-schild-logo-58mm-Lancia-Kappa-coupe-wielcenter-wieldop-Imitatie-7.jpg","contentUrl":"https:\/\/turijnmagazijn.nl\/wp-content\/uploads\/2023\/03\/DN00100186-Lancia-schild-logo-58mm-Lancia-Kappa-coupe-wielcenter-wieldop-Imitatie-7.jpg","width":1024,"height":768},{"@type":"BreadcrumbList","@id":"https:\/\/turijnmagazijn.nl\/it\/prodotto\/lancia-scudetto-logo-58mm-lancia-kappa-coupe-wielcenter-hubcap-imitazione\/#breadcrumb","itemListElement":[{"@type":"ListItem","position":1,"name":"Home","item":"https:\/\/turijnmagazijn.nl\/it\/"},{"@type":"ListItem","position":2,"name":"Prodotti","item":"https:\/\/turijnmagazijn.nl\/it\/shop\/"},{"@type":"ListItem","position":3,"name":"Scudo Lancia logo 58mm Lancia Kappa coup\u00e9 centro ruota o coprimozzo -Imitatie-"}]},{"@type":"WebSite","@id":"https:\/\/turijnmagazijn.jumpstone-dev.nl\/#website","url":"https:\/\/turijnmagazijn.jumpstone-dev.nl\/","name":"Turijnmagazijn","description":"Onderdelen nieuw en gebruikt - Fiat &amp; Lancia","publisher":{"@id":"https:\/\/turijnmagazijn.jumpstone-dev.nl\/#organization"},"potentialAction":[{"@type":"SearchAction","target":{"@type":"EntryPoint","urlTemplate":"https:\/\/turijnmagazijn.jumpstone-dev.nl\/?s={search_term_string}"},"query-input":{"@type":"PropertyValueSpecification","valueRequired":true,"valueName":"search_term_string"}}],"inLanguage":"it-IT"},{"@type":"Organization","@id":"https:\/\/turijnmagazijn.jumpstone-dev.nl\/#organization","name":"Turijnmagazijn","url":"https:\/\/turijnmagazijn.jumpstone-dev.nl\/","logo":{"@type":"ImageObject","inLanguage":"it-IT","@id":"https:\/\/turijnmagazijn.jumpstone-dev.nl\/#\/schema\/logo\/image\/","url":"https:\/\/turijnmagazijn.nl\/wp-content\/uploads\/2021\/02\/turijnmagazijnlogo.png","contentUrl":"https:\/\/turijnmagazijn.nl\/wp-content\/uploads\/2021\/02\/turijnmagazijnlogo.png","width":555,"height":270,"caption":"Turijnmagazijn"},"image":{"@id":"https:\/\/turijnmagazijn.jumpstone-dev.nl\/#\/schema\/logo\/image\/"},"sameAs":["https:\/\/www.facebook.com\/turijnmagazijn"]}]}},"_links":{"self":[{"href":"https:\/\/turijnmagazijn.nl\/it\/wp-json\/wp\/v2\/product\/66766","targetHints":{"allow":["GET"]}}],"collection":[{"href":"https:\/\/turijnmagazijn.nl\/it\/wp-json\/wp\/v2\/product"}],"about":[{"href":"https:\/\/turijnmagazijn.nl\/it\/wp-json\/wp\/v2\/types\/product"}],"replies":[{"embeddable":true,"href":"https:\/\/turijnmagazijn.nl\/it\/wp-json\/wp\/v2\/comments?post=66766"}],"wp:featuredmedia":[{"embeddable":true,"href":"https:\/\/turijnmagazijn.nl\/it\/wp-json\/wp\/v2\/media\/54046"}],"wp:attachment":[{"href":"https:\/\/turijnmagazijn.nl\/it\/wp-json\/wp\/v2\/media?parent=66766"}],"wp:term":[{"taxonomy":"product_brand","embeddable":true,"href":"https:\/\/turijnmagazijn.nl\/it\/wp-json\/wp\/v2\/product_brand?post=66766"},{"taxonomy":"product_cat","embeddable":true,"href":"https:\/\/turijnmagazijn.nl\/it\/wp-json\/wp\/v2\/product_cat?post=66766"},{"taxonomy":"product_tag","embeddable":true,"href":"https:\/\/turijnmagazijn.nl\/it\/wp-json\/wp\/v2\/product_tag?post=66766"}],"curies":[{"name":"wp","href":"https:\/\/api.w.org\/{rel}","templated":true}]}}