{"id":66864,"date":"2023-03-03T10:01:28","date_gmt":"2023-03-03T09:01:28","guid":{"rendered":"https:\/\/turijnmagazijn.nl\/product\/cavo-freno-a-mano-copripolvere-in-gomma-artiglio-lancia-delta-integrale\/"},"modified":"2026-01-12T20:38:31","modified_gmt":"2026-01-12T19:38:31","slug":"gomma-coperchio-polvere-cavo-freno-a-mano-thv-artiglio-lancia-delta-integrale","status":"publish","type":"product","link":"https:\/\/turijnmagazijn.nl\/it\/prodotto\/gomma-coperchio-polvere-cavo-freno-a-mano-thv-artiglio-lancia-delta-integrale\/","title":{"rendered":"Cavo freno a mano copripolvere in gomma artiglio Lancia Delta Integrale"},"content":{"rendered":"<p>Coperchio antipolvere in gomma per il montaggio sull&#8217;estremit\u00e0 del cavo del freno a mano a livello della pinza per Lancia Delta Integrale 8V e 16V.<\/p>\n<p>Questa gomma non \u00e8 disponibile separatamente tramite Lancia ed \u00e8 una gomma adattata per questa applicazione. Vedi la foto dell&#8217;esempio di assemblaggio; La vestibilit\u00e0 \u00e8 perfetta e la gomma \u00e8 una frazione pi\u00f9 lunga dell&#8217;originale, il che aumenta la possibilit\u00e0 che rimanga intera pi\u00f9 a lungo. Impedire l&#8217;ingresso di umidit\u00e0 e sabbia attraverso una buona guarnizione in gomma pu\u00f2 prolungare notevolmente la durata del cavo del freno a mano. Questa gomma pu\u00f2 essere un investimento utile.<\/p>\n<p>Tappo antipolvere in gomma nera per cavo freno a mano lancia Delta Integrale.<\/p>\n<p>OEM Lancia N\/A<\/p>\n","protected":false},"excerpt":{"rendered":"<p>Cavo freno a mano copripolvere in gomma con pinza Lancia Delta Integrale &#8211; Coperchio antipolvere in gomma per montaggio all&#8217;estremit\u00e0 del cavo del freno a mano a livello della pinza per Lancia Delta Integrale 8V e 16V.<\/p>\n","protected":false},"featured_media":54682,"comment_status":"open","ping_status":"closed","template":"","meta":{"_acf_changed":false},"product_brand":[],"product_cat":[59,60,61,62,56,57,58,55,1824,1828,44],"product_tag":[],"class_list":{"0":"post-66864","1":"product","2":"type-product","3":"status-publish","4":"has-post-thumbnail","6":"product_cat-1-1-1-3-1-5","7":"product_cat-gt-i-e","8":"product_cat-hf-4wd","9":"product_cat-hf-turbo","10":"product_cat-integrale-16v","11":"product_cat-integrale-8v","12":"product_cat-integrale-evo","13":"product_cat-delta-1-831","14":"product_cat-hf-4wd-it","15":"product_cat-hf-turbo-it","16":"product_cat-lancia","17":"pa_soort-onderdeel-freni-e-trasmissione","19":"first","20":"instock","21":"taxable","22":"shipping-taxable","23":"purchasable","24":"product-type-simple"},"acf":[],"yoast_head":"<!-- This site is optimized with the Yoast SEO plugin v27.2 - https:\/\/yoast.com\/product\/yoast-seo-wordpress\/ -->\n<title>Cavo freno a mano copripolvere in gomma artiglio Lancia Delta Integrale - Turijnmagazijn<\/title>\n<meta name=\"robots\" content=\"index, follow, max-snippet:-1, max-image-preview:large, max-video-preview:-1\" \/>\n<link rel=\"canonical\" href=\"https:\/\/turijnmagazijn.nl\/it\/prodotto\/gomma-coperchio-polvere-cavo-freno-a-mano-thv-artiglio-lancia-delta-integrale\/\" \/>\n<meta property=\"og:locale\" content=\"it_IT\" \/>\n<meta property=\"og:type\" content=\"article\" \/>\n<meta property=\"og:title\" content=\"Cavo freno a mano copripolvere in gomma artiglio Lancia Delta Integrale - Turijnmagazijn\" \/>\n<meta property=\"og:description\" content=\"Cavo freno a mano copripolvere in gomma con pinza Lancia Delta Integrale - Coperchio antipolvere in gomma per montaggio all&#039;estremit\u00e0 del cavo del freno a mano a livello della pinza per Lancia Delta Integrale 8V e 16V.\" \/>\n<meta property=\"og:url\" content=\"https:\/\/turijnmagazijn.nl\/it\/prodotto\/gomma-coperchio-polvere-cavo-freno-a-mano-thv-artiglio-lancia-delta-integrale\/\" \/>\n<meta property=\"og:site_name\" content=\"Turijnmagazijn\" \/>\n<meta property=\"article:publisher\" content=\"https:\/\/www.facebook.com\/turijnmagazijn\" \/>\n<meta property=\"article:modified_time\" content=\"2026-01-12T19:38:31+00:00\" \/>\n<meta property=\"og:image\" content=\"https:\/\/turijnmagazijn.nl\/wp-content\/uploads\/2023\/03\/DN00100216-Rubber-stofhoes-handremkabel-thv-klauw-Lancia-Delta-Integrale-5-1.jpg\" \/>\n\t<meta property=\"og:image:width\" content=\"1024\" \/>\n\t<meta property=\"og:image:height\" content=\"768\" \/>\n\t<meta property=\"og:image:type\" content=\"image\/jpeg\" \/>\n<meta name=\"twitter:card\" content=\"summary_large_image\" \/>\n<meta name=\"twitter:label1\" content=\"Tempo di lettura stimato\" \/>\n\t<meta name=\"twitter:data1\" content=\"1 minuto\" \/>\n<script type=\"application\/ld+json\" class=\"yoast-schema-graph\">{\"@context\":\"https:\/\/schema.org\",\"@graph\":[{\"@type\":\"WebPage\",\"@id\":\"https:\/\/turijnmagazijn.nl\/it\/prodotto\/gomma-coperchio-polvere-cavo-freno-a-mano-thv-artiglio-lancia-delta-integrale\/\",\"url\":\"https:\/\/turijnmagazijn.nl\/it\/prodotto\/gomma-coperchio-polvere-cavo-freno-a-mano-thv-artiglio-lancia-delta-integrale\/\",\"name\":\"Cavo freno a mano copripolvere in gomma artiglio Lancia Delta Integrale - Turijnmagazijn\",\"isPartOf\":{\"@id\":\"https:\/\/turijnmagazijn.jumpstone-dev.nl\/#website\"},\"primaryImageOfPage\":{\"@id\":\"https:\/\/turijnmagazijn.nl\/it\/prodotto\/gomma-coperchio-polvere-cavo-freno-a-mano-thv-artiglio-lancia-delta-integrale\/#primaryimage\"},\"image\":{\"@id\":\"https:\/\/turijnmagazijn.nl\/it\/prodotto\/gomma-coperchio-polvere-cavo-freno-a-mano-thv-artiglio-lancia-delta-integrale\/#primaryimage\"},\"thumbnailUrl\":\"https:\/\/turijnmagazijn.nl\/wp-content\/uploads\/2023\/03\/DN00100216-Rubber-stofhoes-handremkabel-thv-klauw-Lancia-Delta-Integrale-5-1.jpg\",\"datePublished\":\"2023-03-03T09:01:28+00:00\",\"dateModified\":\"2026-01-12T19:38:31+00:00\",\"breadcrumb\":{\"@id\":\"https:\/\/turijnmagazijn.nl\/it\/prodotto\/gomma-coperchio-polvere-cavo-freno-a-mano-thv-artiglio-lancia-delta-integrale\/#breadcrumb\"},\"inLanguage\":\"it-IT\",\"potentialAction\":[{\"@type\":\"ReadAction\",\"target\":[\"https:\/\/turijnmagazijn.nl\/it\/prodotto\/gomma-coperchio-polvere-cavo-freno-a-mano-thv-artiglio-lancia-delta-integrale\/\"]}]},{\"@type\":\"ImageObject\",\"inLanguage\":\"it-IT\",\"@id\":\"https:\/\/turijnmagazijn.nl\/it\/prodotto\/gomma-coperchio-polvere-cavo-freno-a-mano-thv-artiglio-lancia-delta-integrale\/#primaryimage\",\"url\":\"https:\/\/turijnmagazijn.nl\/wp-content\/uploads\/2023\/03\/DN00100216-Rubber-stofhoes-handremkabel-thv-klauw-Lancia-Delta-Integrale-5-1.jpg\",\"contentUrl\":\"https:\/\/turijnmagazijn.nl\/wp-content\/uploads\/2023\/03\/DN00100216-Rubber-stofhoes-handremkabel-thv-klauw-Lancia-Delta-Integrale-5-1.jpg\",\"width\":1024,\"height\":768},{\"@type\":\"BreadcrumbList\",\"@id\":\"https:\/\/turijnmagazijn.nl\/it\/prodotto\/gomma-coperchio-polvere-cavo-freno-a-mano-thv-artiglio-lancia-delta-integrale\/#breadcrumb\",\"itemListElement\":[{\"@type\":\"ListItem\",\"position\":1,\"name\":\"Home\",\"item\":\"https:\/\/turijnmagazijn.jumpstone-dev.nl\/\"},{\"@type\":\"ListItem\",\"position\":2,\"name\":\"Prodotti\",\"item\":\"https:\/\/turijnmagazijn.nl\/it\/shop\/\"},{\"@type\":\"ListItem\",\"position\":3,\"name\":\"Cavo freno a mano copripolvere in gomma artiglio Lancia Delta Integrale\"}]},{\"@type\":\"WebSite\",\"@id\":\"https:\/\/turijnmagazijn.jumpstone-dev.nl\/#website\",\"url\":\"https:\/\/turijnmagazijn.jumpstone-dev.nl\/\",\"name\":\"Turijnmagazijn\",\"description\":\"Onderdelen nieuw en gebruikt - Fiat &amp; Lancia\",\"publisher\":{\"@id\":\"https:\/\/turijnmagazijn.jumpstone-dev.nl\/#organization\"},\"potentialAction\":[{\"@type\":\"SearchAction\",\"target\":{\"@type\":\"EntryPoint\",\"urlTemplate\":\"https:\/\/turijnmagazijn.jumpstone-dev.nl\/?s={search_term_string}\"},\"query-input\":{\"@type\":\"PropertyValueSpecification\",\"valueRequired\":true,\"valueName\":\"search_term_string\"}}],\"inLanguage\":\"it-IT\"},{\"@type\":\"Organization\",\"@id\":\"https:\/\/turijnmagazijn.jumpstone-dev.nl\/#organization\",\"name\":\"Turijnmagazijn\",\"url\":\"https:\/\/turijnmagazijn.jumpstone-dev.nl\/\",\"logo\":{\"@type\":\"ImageObject\",\"inLanguage\":\"it-IT\",\"@id\":\"https:\/\/turijnmagazijn.jumpstone-dev.nl\/#\/schema\/logo\/image\/\",\"url\":\"https:\/\/turijnmagazijn.nl\/wp-content\/uploads\/2021\/02\/turijnmagazijnlogo.png\",\"contentUrl\":\"https:\/\/turijnmagazijn.nl\/wp-content\/uploads\/2021\/02\/turijnmagazijnlogo.png\",\"width\":555,\"height\":270,\"caption\":\"Turijnmagazijn\"},\"image\":{\"@id\":\"https:\/\/turijnmagazijn.jumpstone-dev.nl\/#\/schema\/logo\/image\/\"},\"sameAs\":[\"https:\/\/www.facebook.com\/turijnmagazijn\"]}]}<\/script>\n<!-- \/ Yoast SEO plugin. -->","yoast_head_json":{"title":"Cavo freno a mano copripolvere in gomma artiglio Lancia Delta Integrale - Turijnmagazijn","robots":{"index":"index","follow":"follow","max-snippet":"max-snippet:-1","max-image-preview":"max-image-preview:large","max-video-preview":"max-video-preview:-1"},"canonical":"https:\/\/turijnmagazijn.nl\/it\/prodotto\/gomma-coperchio-polvere-cavo-freno-a-mano-thv-artiglio-lancia-delta-integrale\/","og_locale":"it_IT","og_type":"article","og_title":"Cavo freno a mano copripolvere in gomma artiglio Lancia Delta Integrale - Turijnmagazijn","og_description":"Cavo freno a mano copripolvere in gomma con pinza Lancia Delta Integrale - Coperchio antipolvere in gomma per montaggio all'estremit\u00e0 del cavo del freno a mano a livello della pinza per Lancia Delta Integrale 8V e 16V.","og_url":"https:\/\/turijnmagazijn.nl\/it\/prodotto\/gomma-coperchio-polvere-cavo-freno-a-mano-thv-artiglio-lancia-delta-integrale\/","og_site_name":"Turijnmagazijn","article_publisher":"https:\/\/www.facebook.com\/turijnmagazijn","article_modified_time":"2026-01-12T19:38:31+00:00","og_image":[{"width":1024,"height":768,"url":"https:\/\/turijnmagazijn.nl\/wp-content\/uploads\/2023\/03\/DN00100216-Rubber-stofhoes-handremkabel-thv-klauw-Lancia-Delta-Integrale-5-1.jpg","type":"image\/jpeg"}],"twitter_card":"summary_large_image","twitter_misc":{"Tempo di lettura stimato":"1 minuto"},"schema":{"@context":"https:\/\/schema.org","@graph":[{"@type":"WebPage","@id":"https:\/\/turijnmagazijn.nl\/it\/prodotto\/gomma-coperchio-polvere-cavo-freno-a-mano-thv-artiglio-lancia-delta-integrale\/","url":"https:\/\/turijnmagazijn.nl\/it\/prodotto\/gomma-coperchio-polvere-cavo-freno-a-mano-thv-artiglio-lancia-delta-integrale\/","name":"Cavo freno a mano copripolvere in gomma artiglio Lancia Delta Integrale - Turijnmagazijn","isPartOf":{"@id":"https:\/\/turijnmagazijn.jumpstone-dev.nl\/#website"},"primaryImageOfPage":{"@id":"https:\/\/turijnmagazijn.nl\/it\/prodotto\/gomma-coperchio-polvere-cavo-freno-a-mano-thv-artiglio-lancia-delta-integrale\/#primaryimage"},"image":{"@id":"https:\/\/turijnmagazijn.nl\/it\/prodotto\/gomma-coperchio-polvere-cavo-freno-a-mano-thv-artiglio-lancia-delta-integrale\/#primaryimage"},"thumbnailUrl":"https:\/\/turijnmagazijn.nl\/wp-content\/uploads\/2023\/03\/DN00100216-Rubber-stofhoes-handremkabel-thv-klauw-Lancia-Delta-Integrale-5-1.jpg","datePublished":"2023-03-03T09:01:28+00:00","dateModified":"2026-01-12T19:38:31+00:00","breadcrumb":{"@id":"https:\/\/turijnmagazijn.nl\/it\/prodotto\/gomma-coperchio-polvere-cavo-freno-a-mano-thv-artiglio-lancia-delta-integrale\/#breadcrumb"},"inLanguage":"it-IT","potentialAction":[{"@type":"ReadAction","target":["https:\/\/turijnmagazijn.nl\/it\/prodotto\/gomma-coperchio-polvere-cavo-freno-a-mano-thv-artiglio-lancia-delta-integrale\/"]}]},{"@type":"ImageObject","inLanguage":"it-IT","@id":"https:\/\/turijnmagazijn.nl\/it\/prodotto\/gomma-coperchio-polvere-cavo-freno-a-mano-thv-artiglio-lancia-delta-integrale\/#primaryimage","url":"https:\/\/turijnmagazijn.nl\/wp-content\/uploads\/2023\/03\/DN00100216-Rubber-stofhoes-handremkabel-thv-klauw-Lancia-Delta-Integrale-5-1.jpg","contentUrl":"https:\/\/turijnmagazijn.nl\/wp-content\/uploads\/2023\/03\/DN00100216-Rubber-stofhoes-handremkabel-thv-klauw-Lancia-Delta-Integrale-5-1.jpg","width":1024,"height":768},{"@type":"BreadcrumbList","@id":"https:\/\/turijnmagazijn.nl\/it\/prodotto\/gomma-coperchio-polvere-cavo-freno-a-mano-thv-artiglio-lancia-delta-integrale\/#breadcrumb","itemListElement":[{"@type":"ListItem","position":1,"name":"Home","item":"https:\/\/turijnmagazijn.jumpstone-dev.nl\/"},{"@type":"ListItem","position":2,"name":"Prodotti","item":"https:\/\/turijnmagazijn.nl\/it\/shop\/"},{"@type":"ListItem","position":3,"name":"Cavo freno a mano copripolvere in gomma artiglio Lancia Delta Integrale"}]},{"@type":"WebSite","@id":"https:\/\/turijnmagazijn.jumpstone-dev.nl\/#website","url":"https:\/\/turijnmagazijn.jumpstone-dev.nl\/","name":"Turijnmagazijn","description":"Onderdelen nieuw en gebruikt - Fiat &amp; Lancia","publisher":{"@id":"https:\/\/turijnmagazijn.jumpstone-dev.nl\/#organization"},"potentialAction":[{"@type":"SearchAction","target":{"@type":"EntryPoint","urlTemplate":"https:\/\/turijnmagazijn.jumpstone-dev.nl\/?s={search_term_string}"},"query-input":{"@type":"PropertyValueSpecification","valueRequired":true,"valueName":"search_term_string"}}],"inLanguage":"it-IT"},{"@type":"Organization","@id":"https:\/\/turijnmagazijn.jumpstone-dev.nl\/#organization","name":"Turijnmagazijn","url":"https:\/\/turijnmagazijn.jumpstone-dev.nl\/","logo":{"@type":"ImageObject","inLanguage":"it-IT","@id":"https:\/\/turijnmagazijn.jumpstone-dev.nl\/#\/schema\/logo\/image\/","url":"https:\/\/turijnmagazijn.nl\/wp-content\/uploads\/2021\/02\/turijnmagazijnlogo.png","contentUrl":"https:\/\/turijnmagazijn.nl\/wp-content\/uploads\/2021\/02\/turijnmagazijnlogo.png","width":555,"height":270,"caption":"Turijnmagazijn"},"image":{"@id":"https:\/\/turijnmagazijn.jumpstone-dev.nl\/#\/schema\/logo\/image\/"},"sameAs":["https:\/\/www.facebook.com\/turijnmagazijn"]}]}},"_links":{"self":[{"href":"https:\/\/turijnmagazijn.nl\/it\/wp-json\/wp\/v2\/product\/66864","targetHints":{"allow":["GET"]}}],"collection":[{"href":"https:\/\/turijnmagazijn.nl\/it\/wp-json\/wp\/v2\/product"}],"about":[{"href":"https:\/\/turijnmagazijn.nl\/it\/wp-json\/wp\/v2\/types\/product"}],"replies":[{"embeddable":true,"href":"https:\/\/turijnmagazijn.nl\/it\/wp-json\/wp\/v2\/comments?post=66864"}],"wp:featuredmedia":[{"embeddable":true,"href":"https:\/\/turijnmagazijn.nl\/it\/wp-json\/wp\/v2\/media\/54682"}],"wp:attachment":[{"href":"https:\/\/turijnmagazijn.nl\/it\/wp-json\/wp\/v2\/media?parent=66864"}],"wp:term":[{"taxonomy":"product_brand","embeddable":true,"href":"https:\/\/turijnmagazijn.nl\/it\/wp-json\/wp\/v2\/product_brand?post=66864"},{"taxonomy":"product_cat","embeddable":true,"href":"https:\/\/turijnmagazijn.nl\/it\/wp-json\/wp\/v2\/product_cat?post=66864"},{"taxonomy":"product_tag","embeddable":true,"href":"https:\/\/turijnmagazijn.nl\/it\/wp-json\/wp\/v2\/product_tag?post=66864"}],"curies":[{"name":"wp","href":"https:\/\/api.w.org\/{rel}","templated":true}]}}