{"id":66877,"date":"2023-03-03T10:01:51","date_gmt":"2023-03-03T09:01:51","guid":{"rendered":"https:\/\/turijnmagazijn.nl\/product\/bottoni-in-gomma-tasto-telecomando-alfa-giulietta\/"},"modified":"2023-07-27T12:48:16","modified_gmt":"2023-07-27T10:48:16","slug":"tasti-in-gomma-telecomando-chiave-alfa-giulietta","status":"publish","type":"product","link":"https:\/\/turijnmagazijn.nl\/it\/prodotto\/tasti-in-gomma-telecomando-chiave-alfa-giulietta\/","title":{"rendered":"Bottoni in gomma tasto telecomando Alfa Giulietta"},"content":{"rendered":"<p><a href=\"https:\/\/turijnmagazijn.nl\/it\/spedizione-tramite-cassetta-postale\/\" target=\"\" style=\"background-color: rgb(255, 255, 255); color: rgb(35, 82, 124); outline: 0px;\" rel=\"noopener\"><img decoding=\"async\" src=\"https:\/\/www.delenkorf.nl\/image\/catalog\/brievenbus.png\"><\/a><\/p>\n<p>Set di pulsanti in gomma di ricambio per il blocco e lo sblocco della chiave del telecomando per Alfa Romeo Giulietta dall&#8217;anno 2010 al 2020.<\/p>\n<p>\u00c8 un prodotto di imitazione che corrisponde esattamente all&#8217;originale. Il logo non \u00e8 incluso, \u00e8 possibile trasferirlo dalla chiave originale.<\/p>\n<p>I vecchi pulsanti in gomma vogliono rompersi e staccarsi dall&#8217;alloggiamento della chiave nel tempo. Ovviamente \u00e8 un peccato continuare a camminare con lui, una Giulietta cos\u00ec bella merita qualche bottone nuovo, e per i soldi non devi lasciarla!<\/p>\n<p>Ooik adatto per Alfa romeo 159 e tasti Mito con telecomando rosso a 3 pulsanti.<\/p>\n<p><\/p>\n<p>Applicabile alle chiavi con Alfa Romeo OEM:&nbsp; 71775511 \/ 71754380 \/ 71765806<\/p>\n","protected":false},"excerpt":{"rendered":"<p>Tasto telecomando con pulsanti in gomma Alfa Giulietta &#8211; Set di pulsanti in gomma di ricambio per il blocco e lo sblocco della chiave del telecomando per Alfa Romeo Giulietta dall&#8217;anno 2010 al 2020.<\/p>\n","protected":false},"featured_media":54690,"comment_status":"open","ping_status":"closed","template":"","meta":{"_acf_changed":false},"product_brand":[],"product_cat":[1583],"product_tag":[],"class_list":{"0":"post-66877","1":"product","2":"type-product","3":"status-publish","4":"has-post-thumbnail","6":"product_cat-alfa-romeo-it","7":"pa_soort-onderdeel-filtri","9":"first","10":"instock","11":"taxable","12":"shipping-taxable","13":"purchasable","14":"product-type-simple"},"acf":[],"yoast_head":"<!-- This site is optimized with the Yoast SEO plugin v27.3 - https:\/\/yoast.com\/product\/yoast-seo-wordpress\/ -->\n<title>Bottoni in gomma tasto telecomando Alfa Giulietta - Turijnmagazijn<\/title>\n<meta name=\"robots\" content=\"index, follow, max-snippet:-1, max-image-preview:large, max-video-preview:-1\" \/>\n<link rel=\"canonical\" href=\"https:\/\/turijnmagazijn.nl\/it\/prodotto\/tasti-in-gomma-telecomando-chiave-alfa-giulietta\/\" \/>\n<meta property=\"og:locale\" content=\"it_IT\" \/>\n<meta property=\"og:type\" content=\"article\" \/>\n<meta property=\"og:title\" content=\"Bottoni in gomma tasto telecomando Alfa Giulietta - Turijnmagazijn\" \/>\n<meta property=\"og:description\" content=\"Tasto telecomando con pulsanti in gomma Alfa Giulietta - Set di pulsanti in gomma di ricambio per il blocco e lo sblocco della chiave del telecomando per Alfa Romeo Giulietta dall&#039;anno 2010 al 2020.\" \/>\n<meta property=\"og:url\" content=\"https:\/\/turijnmagazijn.nl\/it\/prodotto\/tasti-in-gomma-telecomando-chiave-alfa-giulietta\/\" \/>\n<meta property=\"og:site_name\" content=\"Turijnmagazijn\" \/>\n<meta property=\"article:publisher\" content=\"https:\/\/www.facebook.com\/turijnmagazijn\" \/>\n<meta property=\"article:modified_time\" content=\"2023-07-27T10:48:16+00:00\" \/>\n<meta property=\"og:image\" content=\"https:\/\/turijnmagazijn.nl\/wp-content\/uploads\/2023\/03\/DN00100217-Rubber-knoppen-afstandbediening-sleutel-Alfa-Giulietta-4-1.jpg\" \/>\n\t<meta property=\"og:image:width\" content=\"1024\" \/>\n\t<meta property=\"og:image:height\" content=\"768\" \/>\n\t<meta property=\"og:image:type\" content=\"image\/jpeg\" \/>\n<meta name=\"twitter:card\" content=\"summary_large_image\" \/>\n<script type=\"application\/ld+json\" class=\"yoast-schema-graph\">{\"@context\":\"https:\\\/\\\/schema.org\",\"@graph\":[{\"@type\":\"WebPage\",\"@id\":\"https:\\\/\\\/turijnmagazijn.nl\\\/it\\\/prodotto\\\/tasti-in-gomma-telecomando-chiave-alfa-giulietta\\\/\",\"url\":\"https:\\\/\\\/turijnmagazijn.nl\\\/it\\\/prodotto\\\/tasti-in-gomma-telecomando-chiave-alfa-giulietta\\\/\",\"name\":\"Bottoni in gomma tasto telecomando Alfa Giulietta - Turijnmagazijn\",\"isPartOf\":{\"@id\":\"https:\\\/\\\/turijnmagazijn.jumpstone-dev.nl\\\/#website\"},\"primaryImageOfPage\":{\"@id\":\"https:\\\/\\\/turijnmagazijn.nl\\\/it\\\/prodotto\\\/tasti-in-gomma-telecomando-chiave-alfa-giulietta\\\/#primaryimage\"},\"image\":{\"@id\":\"https:\\\/\\\/turijnmagazijn.nl\\\/it\\\/prodotto\\\/tasti-in-gomma-telecomando-chiave-alfa-giulietta\\\/#primaryimage\"},\"thumbnailUrl\":\"https:\\\/\\\/turijnmagazijn.nl\\\/wp-content\\\/uploads\\\/2023\\\/03\\\/DN00100217-Rubber-knoppen-afstandbediening-sleutel-Alfa-Giulietta-4-1.jpg\",\"datePublished\":\"2023-03-03T09:01:51+00:00\",\"dateModified\":\"2023-07-27T10:48:16+00:00\",\"breadcrumb\":{\"@id\":\"https:\\\/\\\/turijnmagazijn.nl\\\/it\\\/prodotto\\\/tasti-in-gomma-telecomando-chiave-alfa-giulietta\\\/#breadcrumb\"},\"inLanguage\":\"it-IT\",\"potentialAction\":[{\"@type\":\"ReadAction\",\"target\":[\"https:\\\/\\\/turijnmagazijn.nl\\\/it\\\/prodotto\\\/tasti-in-gomma-telecomando-chiave-alfa-giulietta\\\/\"]}]},{\"@type\":\"ImageObject\",\"inLanguage\":\"it-IT\",\"@id\":\"https:\\\/\\\/turijnmagazijn.nl\\\/it\\\/prodotto\\\/tasti-in-gomma-telecomando-chiave-alfa-giulietta\\\/#primaryimage\",\"url\":\"https:\\\/\\\/turijnmagazijn.nl\\\/wp-content\\\/uploads\\\/2023\\\/03\\\/DN00100217-Rubber-knoppen-afstandbediening-sleutel-Alfa-Giulietta-4-1.jpg\",\"contentUrl\":\"https:\\\/\\\/turijnmagazijn.nl\\\/wp-content\\\/uploads\\\/2023\\\/03\\\/DN00100217-Rubber-knoppen-afstandbediening-sleutel-Alfa-Giulietta-4-1.jpg\",\"width\":1024,\"height\":768},{\"@type\":\"BreadcrumbList\",\"@id\":\"https:\\\/\\\/turijnmagazijn.nl\\\/it\\\/prodotto\\\/tasti-in-gomma-telecomando-chiave-alfa-giulietta\\\/#breadcrumb\",\"itemListElement\":[{\"@type\":\"ListItem\",\"position\":1,\"name\":\"Home\",\"item\":\"https:\\\/\\\/turijnmagazijn.nl\\\/it\\\/\"},{\"@type\":\"ListItem\",\"position\":2,\"name\":\"Prodotti\",\"item\":\"https:\\\/\\\/turijnmagazijn.nl\\\/it\\\/shop\\\/\"},{\"@type\":\"ListItem\",\"position\":3,\"name\":\"Bottoni in gomma tasto telecomando Alfa Giulietta\"}]},{\"@type\":\"WebSite\",\"@id\":\"https:\\\/\\\/turijnmagazijn.jumpstone-dev.nl\\\/#website\",\"url\":\"https:\\\/\\\/turijnmagazijn.jumpstone-dev.nl\\\/\",\"name\":\"Turijnmagazijn\",\"description\":\"Onderdelen nieuw en gebruikt - Fiat &amp; Lancia\",\"publisher\":{\"@id\":\"https:\\\/\\\/turijnmagazijn.jumpstone-dev.nl\\\/#organization\"},\"potentialAction\":[{\"@type\":\"SearchAction\",\"target\":{\"@type\":\"EntryPoint\",\"urlTemplate\":\"https:\\\/\\\/turijnmagazijn.jumpstone-dev.nl\\\/?s={search_term_string}\"},\"query-input\":{\"@type\":\"PropertyValueSpecification\",\"valueRequired\":true,\"valueName\":\"search_term_string\"}}],\"inLanguage\":\"it-IT\"},{\"@type\":\"Organization\",\"@id\":\"https:\\\/\\\/turijnmagazijn.jumpstone-dev.nl\\\/#organization\",\"name\":\"Turijnmagazijn\",\"url\":\"https:\\\/\\\/turijnmagazijn.jumpstone-dev.nl\\\/\",\"logo\":{\"@type\":\"ImageObject\",\"inLanguage\":\"it-IT\",\"@id\":\"https:\\\/\\\/turijnmagazijn.jumpstone-dev.nl\\\/#\\\/schema\\\/logo\\\/image\\\/\",\"url\":\"https:\\\/\\\/turijnmagazijn.nl\\\/wp-content\\\/uploads\\\/2021\\\/02\\\/turijnmagazijnlogo.png\",\"contentUrl\":\"https:\\\/\\\/turijnmagazijn.nl\\\/wp-content\\\/uploads\\\/2021\\\/02\\\/turijnmagazijnlogo.png\",\"width\":555,\"height\":270,\"caption\":\"Turijnmagazijn\"},\"image\":{\"@id\":\"https:\\\/\\\/turijnmagazijn.jumpstone-dev.nl\\\/#\\\/schema\\\/logo\\\/image\\\/\"},\"sameAs\":[\"https:\\\/\\\/www.facebook.com\\\/turijnmagazijn\"]}]}<\/script>\n<!-- \/ Yoast SEO plugin. -->","yoast_head_json":{"title":"Bottoni in gomma tasto telecomando Alfa Giulietta - Turijnmagazijn","robots":{"index":"index","follow":"follow","max-snippet":"max-snippet:-1","max-image-preview":"max-image-preview:large","max-video-preview":"max-video-preview:-1"},"canonical":"https:\/\/turijnmagazijn.nl\/it\/prodotto\/tasti-in-gomma-telecomando-chiave-alfa-giulietta\/","og_locale":"it_IT","og_type":"article","og_title":"Bottoni in gomma tasto telecomando Alfa Giulietta - Turijnmagazijn","og_description":"Tasto telecomando con pulsanti in gomma Alfa Giulietta - Set di pulsanti in gomma di ricambio per il blocco e lo sblocco della chiave del telecomando per Alfa Romeo Giulietta dall'anno 2010 al 2020.","og_url":"https:\/\/turijnmagazijn.nl\/it\/prodotto\/tasti-in-gomma-telecomando-chiave-alfa-giulietta\/","og_site_name":"Turijnmagazijn","article_publisher":"https:\/\/www.facebook.com\/turijnmagazijn","article_modified_time":"2023-07-27T10:48:16+00:00","og_image":[{"width":1024,"height":768,"url":"https:\/\/turijnmagazijn.nl\/wp-content\/uploads\/2023\/03\/DN00100217-Rubber-knoppen-afstandbediening-sleutel-Alfa-Giulietta-4-1.jpg","type":"image\/jpeg"}],"twitter_card":"summary_large_image","schema":{"@context":"https:\/\/schema.org","@graph":[{"@type":"WebPage","@id":"https:\/\/turijnmagazijn.nl\/it\/prodotto\/tasti-in-gomma-telecomando-chiave-alfa-giulietta\/","url":"https:\/\/turijnmagazijn.nl\/it\/prodotto\/tasti-in-gomma-telecomando-chiave-alfa-giulietta\/","name":"Bottoni in gomma tasto telecomando Alfa Giulietta - Turijnmagazijn","isPartOf":{"@id":"https:\/\/turijnmagazijn.jumpstone-dev.nl\/#website"},"primaryImageOfPage":{"@id":"https:\/\/turijnmagazijn.nl\/it\/prodotto\/tasti-in-gomma-telecomando-chiave-alfa-giulietta\/#primaryimage"},"image":{"@id":"https:\/\/turijnmagazijn.nl\/it\/prodotto\/tasti-in-gomma-telecomando-chiave-alfa-giulietta\/#primaryimage"},"thumbnailUrl":"https:\/\/turijnmagazijn.nl\/wp-content\/uploads\/2023\/03\/DN00100217-Rubber-knoppen-afstandbediening-sleutel-Alfa-Giulietta-4-1.jpg","datePublished":"2023-03-03T09:01:51+00:00","dateModified":"2023-07-27T10:48:16+00:00","breadcrumb":{"@id":"https:\/\/turijnmagazijn.nl\/it\/prodotto\/tasti-in-gomma-telecomando-chiave-alfa-giulietta\/#breadcrumb"},"inLanguage":"it-IT","potentialAction":[{"@type":"ReadAction","target":["https:\/\/turijnmagazijn.nl\/it\/prodotto\/tasti-in-gomma-telecomando-chiave-alfa-giulietta\/"]}]},{"@type":"ImageObject","inLanguage":"it-IT","@id":"https:\/\/turijnmagazijn.nl\/it\/prodotto\/tasti-in-gomma-telecomando-chiave-alfa-giulietta\/#primaryimage","url":"https:\/\/turijnmagazijn.nl\/wp-content\/uploads\/2023\/03\/DN00100217-Rubber-knoppen-afstandbediening-sleutel-Alfa-Giulietta-4-1.jpg","contentUrl":"https:\/\/turijnmagazijn.nl\/wp-content\/uploads\/2023\/03\/DN00100217-Rubber-knoppen-afstandbediening-sleutel-Alfa-Giulietta-4-1.jpg","width":1024,"height":768},{"@type":"BreadcrumbList","@id":"https:\/\/turijnmagazijn.nl\/it\/prodotto\/tasti-in-gomma-telecomando-chiave-alfa-giulietta\/#breadcrumb","itemListElement":[{"@type":"ListItem","position":1,"name":"Home","item":"https:\/\/turijnmagazijn.nl\/it\/"},{"@type":"ListItem","position":2,"name":"Prodotti","item":"https:\/\/turijnmagazijn.nl\/it\/shop\/"},{"@type":"ListItem","position":3,"name":"Bottoni in gomma tasto telecomando Alfa Giulietta"}]},{"@type":"WebSite","@id":"https:\/\/turijnmagazijn.jumpstone-dev.nl\/#website","url":"https:\/\/turijnmagazijn.jumpstone-dev.nl\/","name":"Turijnmagazijn","description":"Onderdelen nieuw en gebruikt - Fiat &amp; Lancia","publisher":{"@id":"https:\/\/turijnmagazijn.jumpstone-dev.nl\/#organization"},"potentialAction":[{"@type":"SearchAction","target":{"@type":"EntryPoint","urlTemplate":"https:\/\/turijnmagazijn.jumpstone-dev.nl\/?s={search_term_string}"},"query-input":{"@type":"PropertyValueSpecification","valueRequired":true,"valueName":"search_term_string"}}],"inLanguage":"it-IT"},{"@type":"Organization","@id":"https:\/\/turijnmagazijn.jumpstone-dev.nl\/#organization","name":"Turijnmagazijn","url":"https:\/\/turijnmagazijn.jumpstone-dev.nl\/","logo":{"@type":"ImageObject","inLanguage":"it-IT","@id":"https:\/\/turijnmagazijn.jumpstone-dev.nl\/#\/schema\/logo\/image\/","url":"https:\/\/turijnmagazijn.nl\/wp-content\/uploads\/2021\/02\/turijnmagazijnlogo.png","contentUrl":"https:\/\/turijnmagazijn.nl\/wp-content\/uploads\/2021\/02\/turijnmagazijnlogo.png","width":555,"height":270,"caption":"Turijnmagazijn"},"image":{"@id":"https:\/\/turijnmagazijn.jumpstone-dev.nl\/#\/schema\/logo\/image\/"},"sameAs":["https:\/\/www.facebook.com\/turijnmagazijn"]}]}},"_links":{"self":[{"href":"https:\/\/turijnmagazijn.nl\/it\/wp-json\/wp\/v2\/product\/66877","targetHints":{"allow":["GET"]}}],"collection":[{"href":"https:\/\/turijnmagazijn.nl\/it\/wp-json\/wp\/v2\/product"}],"about":[{"href":"https:\/\/turijnmagazijn.nl\/it\/wp-json\/wp\/v2\/types\/product"}],"replies":[{"embeddable":true,"href":"https:\/\/turijnmagazijn.nl\/it\/wp-json\/wp\/v2\/comments?post=66877"}],"wp:featuredmedia":[{"embeddable":true,"href":"https:\/\/turijnmagazijn.nl\/it\/wp-json\/wp\/v2\/media\/54690"}],"wp:attachment":[{"href":"https:\/\/turijnmagazijn.nl\/it\/wp-json\/wp\/v2\/media?parent=66877"}],"wp:term":[{"taxonomy":"product_brand","embeddable":true,"href":"https:\/\/turijnmagazijn.nl\/it\/wp-json\/wp\/v2\/product_brand?post=66877"},{"taxonomy":"product_cat","embeddable":true,"href":"https:\/\/turijnmagazijn.nl\/it\/wp-json\/wp\/v2\/product_cat?post=66877"},{"taxonomy":"product_tag","embeddable":true,"href":"https:\/\/turijnmagazijn.nl\/it\/wp-json\/wp\/v2\/product_tag?post=66877"}],"curies":[{"name":"wp","href":"https:\/\/api.w.org\/{rel}","templated":true}]}}