{"id":66905,"date":"2023-03-03T09:03:39","date_gmt":"2023-03-03T08:03:39","guid":{"rendered":"https:\/\/turijnmagazijn.nl\/product\/frizione-a-molla-lancia-lybra-alfa-156-fiat-bravo-i\/"},"modified":"2026-04-01T20:23:12","modified_gmt":"2026-04-01T18:23:12","slug":"frizione-a-molla-lancia-lybra-alfa-156-fiat-bravo-i","status":"publish","type":"product","link":"https:\/\/turijnmagazijn.nl\/it\/prodotto\/frizione-a-molla-lancia-lybra-alfa-156-fiat-bravo-i\/","title":{"rendered":"Frizione a molla Lancia Lybra Alfa 156 Fiat Bravo I"},"content":{"rendered":"<p>Nuova riproduzione di alta qualit\u00e0 per sostituire la molla per la frizione. \u00c8 un&#8217;alternativa di qualit\u00e0 superiore prodotta in Europa rispetto all&#8217;originale. La parte originale non \u00e8 pi\u00f9 disponibile presso il rivenditore.<\/p>\n<p>Questa molla si trova direttamente dietro il pedale della frizione attorno all&#8217;albero corto collegato al cilindro ausiliario. Queste molle a volte si rompono, con il risultato che il pedale della frizione pende verso il basso e non entra pi\u00f9 ordinatamente nella posizione neutra. Ci\u00f2 pu\u00f2 comportare un carico aggiuntivo sulla frizione perch\u00e9 la frizione pu\u00f2 rimanere un po &#8216;&#8221;accesa&#8221; in posizione di minimo. Sostituire questa semplice molla in tempo pu\u00f2 risparmiare un sacco di problemi e costi in futuro, e il tuo pedale si sentir\u00e0 come dovrebbe.<\/p>\n<p>Applicabile a<\/p>\n<\/p>\n<ul>\n<li>Fiat Bravo I \/Brava<\/li>\n<li>Alfa Romeo 156<\/li>\n<li>Lancia Lybra<\/li>\n<\/ul>\n<p>OEM per riferimento:&nbsp; 46424866<\/p>\n<p><\/p>\n","protected":false},"excerpt":{"rendered":"<p>Frizione a molla Lancia Lybra Alfa 156 Fiat Bravo I &#8211; Nuova riproduzione di alta qualit\u00e0 che sostituisce la molla per la frizione.<\/p>\n","protected":false},"featured_media":96568,"comment_status":"closed","ping_status":"closed","template":"","meta":{"_acf_changed":false},"product_brand":[],"product_cat":[1614,1583,1707,1711,1691,1800,1875,1618,1884,1624,1879],"product_tag":[],"class_list":{"0":"post-66905","1":"product","2":"type-product","3":"status-publish","4":"has-post-thumbnail","6":"product_cat-156-932-it","7":"product_cat-alfa-romeo-it","8":"product_cat-brava-198-it","9":"product_cat-bravo-198-it","10":"product_cat-fiat-it","11":"product_cat-lancia-it","12":"product_cat-lybra-839-it","13":"product_cat-sedan-it","14":"product_cat-sedan-lybra-839-it","15":"product_cat-sportwagon-it","16":"product_cat-sw-lybra-839-it","17":"pa_soort-onderdeel-trasmissione-e-accessori","19":"first","20":"instock","21":"featured","22":"taxable","23":"shipping-taxable","24":"purchasable","25":"product-type-simple"},"acf":[],"yoast_head":"<!-- This site is optimized with the Yoast SEO plugin v27.3 - https:\/\/yoast.com\/product\/yoast-seo-wordpress\/ -->\n<title>Frizione a molla Lancia Lybra Alfa 156 Fiat Bravo I - Turijnmagazijn<\/title>\n<meta name=\"robots\" content=\"index, follow, max-snippet:-1, max-image-preview:large, max-video-preview:-1\" \/>\n<link rel=\"canonical\" href=\"https:\/\/turijnmagazijn.nl\/it\/prodotto\/frizione-a-molla-lancia-lybra-alfa-156-fiat-bravo-i\/\" \/>\n<meta property=\"og:locale\" content=\"it_IT\" \/>\n<meta property=\"og:type\" content=\"article\" \/>\n<meta property=\"og:title\" content=\"Frizione a molla Lancia Lybra Alfa 156 Fiat Bravo I - Turijnmagazijn\" \/>\n<meta property=\"og:description\" content=\"Frizione a molla Lancia Lybra Alfa 156 Fiat Bravo I - Nuova riproduzione di alta qualit\u00e0 che sostituisce la molla per la frizione.\" \/>\n<meta property=\"og:url\" content=\"https:\/\/turijnmagazijn.nl\/it\/prodotto\/frizione-a-molla-lancia-lybra-alfa-156-fiat-bravo-i\/\" \/>\n<meta property=\"og:site_name\" content=\"Turijnmagazijn\" \/>\n<meta property=\"article:publisher\" content=\"https:\/\/www.facebook.com\/turijnmagazijn\" \/>\n<meta property=\"article:modified_time\" content=\"2026-04-01T18:23:12+00:00\" \/>\n<meta property=\"og:image\" content=\"https:\/\/turijnmagazijn.nl\/wp-content\/uploads\/2023\/03\/DN0100228-Veerk-koppeling-Lancia-Lybra-Alfa-156-Fiat-Bravo-46424866.png\" \/>\n\t<meta property=\"og:image:width\" content=\"903\" \/>\n\t<meta property=\"og:image:height\" content=\"687\" \/>\n\t<meta property=\"og:image:type\" content=\"image\/png\" \/>\n<meta name=\"twitter:card\" content=\"summary_large_image\" \/>\n<meta name=\"twitter:label1\" content=\"Tempo di lettura stimato\" \/>\n\t<meta name=\"twitter:data1\" content=\"1 minuto\" \/>\n<script type=\"application\/ld+json\" class=\"yoast-schema-graph\">{\"@context\":\"https:\\\/\\\/schema.org\",\"@graph\":[{\"@type\":\"WebPage\",\"@id\":\"https:\\\/\\\/turijnmagazijn.nl\\\/it\\\/prodotto\\\/frizione-a-molla-lancia-lybra-alfa-156-fiat-bravo-i\\\/\",\"url\":\"https:\\\/\\\/turijnmagazijn.nl\\\/it\\\/prodotto\\\/frizione-a-molla-lancia-lybra-alfa-156-fiat-bravo-i\\\/\",\"name\":\"Frizione a molla Lancia Lybra Alfa 156 Fiat Bravo I - Turijnmagazijn\",\"isPartOf\":{\"@id\":\"https:\\\/\\\/turijnmagazijn.jumpstone-dev.nl\\\/#website\"},\"primaryImageOfPage\":{\"@id\":\"https:\\\/\\\/turijnmagazijn.nl\\\/it\\\/prodotto\\\/frizione-a-molla-lancia-lybra-alfa-156-fiat-bravo-i\\\/#primaryimage\"},\"image\":{\"@id\":\"https:\\\/\\\/turijnmagazijn.nl\\\/it\\\/prodotto\\\/frizione-a-molla-lancia-lybra-alfa-156-fiat-bravo-i\\\/#primaryimage\"},\"thumbnailUrl\":\"https:\\\/\\\/turijnmagazijn.nl\\\/wp-content\\\/uploads\\\/2023\\\/03\\\/DN0100228-Veerk-koppeling-Lancia-Lybra-Alfa-156-Fiat-Bravo-46424866.png\",\"datePublished\":\"2023-03-03T08:03:39+00:00\",\"dateModified\":\"2026-04-01T18:23:12+00:00\",\"breadcrumb\":{\"@id\":\"https:\\\/\\\/turijnmagazijn.nl\\\/it\\\/prodotto\\\/frizione-a-molla-lancia-lybra-alfa-156-fiat-bravo-i\\\/#breadcrumb\"},\"inLanguage\":\"it-IT\",\"potentialAction\":[{\"@type\":\"ReadAction\",\"target\":[\"https:\\\/\\\/turijnmagazijn.nl\\\/it\\\/prodotto\\\/frizione-a-molla-lancia-lybra-alfa-156-fiat-bravo-i\\\/\"]}]},{\"@type\":\"ImageObject\",\"inLanguage\":\"it-IT\",\"@id\":\"https:\\\/\\\/turijnmagazijn.nl\\\/it\\\/prodotto\\\/frizione-a-molla-lancia-lybra-alfa-156-fiat-bravo-i\\\/#primaryimage\",\"url\":\"https:\\\/\\\/turijnmagazijn.nl\\\/wp-content\\\/uploads\\\/2023\\\/03\\\/DN0100228-Veerk-koppeling-Lancia-Lybra-Alfa-156-Fiat-Bravo-46424866.png\",\"contentUrl\":\"https:\\\/\\\/turijnmagazijn.nl\\\/wp-content\\\/uploads\\\/2023\\\/03\\\/DN0100228-Veerk-koppeling-Lancia-Lybra-Alfa-156-Fiat-Bravo-46424866.png\",\"width\":903,\"height\":687},{\"@type\":\"BreadcrumbList\",\"@id\":\"https:\\\/\\\/turijnmagazijn.nl\\\/it\\\/prodotto\\\/frizione-a-molla-lancia-lybra-alfa-156-fiat-bravo-i\\\/#breadcrumb\",\"itemListElement\":[{\"@type\":\"ListItem\",\"position\":1,\"name\":\"Home\",\"item\":\"https:\\\/\\\/turijnmagazijn.nl\\\/it\\\/\"},{\"@type\":\"ListItem\",\"position\":2,\"name\":\"Prodotti\",\"item\":\"https:\\\/\\\/turijnmagazijn.nl\\\/it\\\/shop\\\/\"},{\"@type\":\"ListItem\",\"position\":3,\"name\":\"Frizione a molla Lancia Lybra Alfa 156 Fiat Bravo I\"}]},{\"@type\":\"WebSite\",\"@id\":\"https:\\\/\\\/turijnmagazijn.jumpstone-dev.nl\\\/#website\",\"url\":\"https:\\\/\\\/turijnmagazijn.jumpstone-dev.nl\\\/\",\"name\":\"Turijnmagazijn\",\"description\":\"Onderdelen nieuw en gebruikt - Fiat &amp; Lancia\",\"publisher\":{\"@id\":\"https:\\\/\\\/turijnmagazijn.jumpstone-dev.nl\\\/#organization\"},\"potentialAction\":[{\"@type\":\"SearchAction\",\"target\":{\"@type\":\"EntryPoint\",\"urlTemplate\":\"https:\\\/\\\/turijnmagazijn.jumpstone-dev.nl\\\/?s={search_term_string}\"},\"query-input\":{\"@type\":\"PropertyValueSpecification\",\"valueRequired\":true,\"valueName\":\"search_term_string\"}}],\"inLanguage\":\"it-IT\"},{\"@type\":\"Organization\",\"@id\":\"https:\\\/\\\/turijnmagazijn.jumpstone-dev.nl\\\/#organization\",\"name\":\"Turijnmagazijn\",\"url\":\"https:\\\/\\\/turijnmagazijn.jumpstone-dev.nl\\\/\",\"logo\":{\"@type\":\"ImageObject\",\"inLanguage\":\"it-IT\",\"@id\":\"https:\\\/\\\/turijnmagazijn.jumpstone-dev.nl\\\/#\\\/schema\\\/logo\\\/image\\\/\",\"url\":\"https:\\\/\\\/turijnmagazijn.nl\\\/wp-content\\\/uploads\\\/2021\\\/02\\\/turijnmagazijnlogo.png\",\"contentUrl\":\"https:\\\/\\\/turijnmagazijn.nl\\\/wp-content\\\/uploads\\\/2021\\\/02\\\/turijnmagazijnlogo.png\",\"width\":555,\"height\":270,\"caption\":\"Turijnmagazijn\"},\"image\":{\"@id\":\"https:\\\/\\\/turijnmagazijn.jumpstone-dev.nl\\\/#\\\/schema\\\/logo\\\/image\\\/\"},\"sameAs\":[\"https:\\\/\\\/www.facebook.com\\\/turijnmagazijn\"]}]}<\/script>\n<!-- \/ Yoast SEO plugin. -->","yoast_head_json":{"title":"Frizione a molla Lancia Lybra Alfa 156 Fiat Bravo I - Turijnmagazijn","robots":{"index":"index","follow":"follow","max-snippet":"max-snippet:-1","max-image-preview":"max-image-preview:large","max-video-preview":"max-video-preview:-1"},"canonical":"https:\/\/turijnmagazijn.nl\/it\/prodotto\/frizione-a-molla-lancia-lybra-alfa-156-fiat-bravo-i\/","og_locale":"it_IT","og_type":"article","og_title":"Frizione a molla Lancia Lybra Alfa 156 Fiat Bravo I - Turijnmagazijn","og_description":"Frizione a molla Lancia Lybra Alfa 156 Fiat Bravo I - Nuova riproduzione di alta qualit\u00e0 che sostituisce la molla per la frizione.","og_url":"https:\/\/turijnmagazijn.nl\/it\/prodotto\/frizione-a-molla-lancia-lybra-alfa-156-fiat-bravo-i\/","og_site_name":"Turijnmagazijn","article_publisher":"https:\/\/www.facebook.com\/turijnmagazijn","article_modified_time":"2026-04-01T18:23:12+00:00","og_image":[{"width":903,"height":687,"url":"https:\/\/turijnmagazijn.nl\/wp-content\/uploads\/2023\/03\/DN0100228-Veerk-koppeling-Lancia-Lybra-Alfa-156-Fiat-Bravo-46424866.png","type":"image\/png"}],"twitter_card":"summary_large_image","twitter_misc":{"Tempo di lettura stimato":"1 minuto"},"schema":{"@context":"https:\/\/schema.org","@graph":[{"@type":"WebPage","@id":"https:\/\/turijnmagazijn.nl\/it\/prodotto\/frizione-a-molla-lancia-lybra-alfa-156-fiat-bravo-i\/","url":"https:\/\/turijnmagazijn.nl\/it\/prodotto\/frizione-a-molla-lancia-lybra-alfa-156-fiat-bravo-i\/","name":"Frizione a molla Lancia Lybra Alfa 156 Fiat Bravo I - Turijnmagazijn","isPartOf":{"@id":"https:\/\/turijnmagazijn.jumpstone-dev.nl\/#website"},"primaryImageOfPage":{"@id":"https:\/\/turijnmagazijn.nl\/it\/prodotto\/frizione-a-molla-lancia-lybra-alfa-156-fiat-bravo-i\/#primaryimage"},"image":{"@id":"https:\/\/turijnmagazijn.nl\/it\/prodotto\/frizione-a-molla-lancia-lybra-alfa-156-fiat-bravo-i\/#primaryimage"},"thumbnailUrl":"https:\/\/turijnmagazijn.nl\/wp-content\/uploads\/2023\/03\/DN0100228-Veerk-koppeling-Lancia-Lybra-Alfa-156-Fiat-Bravo-46424866.png","datePublished":"2023-03-03T08:03:39+00:00","dateModified":"2026-04-01T18:23:12+00:00","breadcrumb":{"@id":"https:\/\/turijnmagazijn.nl\/it\/prodotto\/frizione-a-molla-lancia-lybra-alfa-156-fiat-bravo-i\/#breadcrumb"},"inLanguage":"it-IT","potentialAction":[{"@type":"ReadAction","target":["https:\/\/turijnmagazijn.nl\/it\/prodotto\/frizione-a-molla-lancia-lybra-alfa-156-fiat-bravo-i\/"]}]},{"@type":"ImageObject","inLanguage":"it-IT","@id":"https:\/\/turijnmagazijn.nl\/it\/prodotto\/frizione-a-molla-lancia-lybra-alfa-156-fiat-bravo-i\/#primaryimage","url":"https:\/\/turijnmagazijn.nl\/wp-content\/uploads\/2023\/03\/DN0100228-Veerk-koppeling-Lancia-Lybra-Alfa-156-Fiat-Bravo-46424866.png","contentUrl":"https:\/\/turijnmagazijn.nl\/wp-content\/uploads\/2023\/03\/DN0100228-Veerk-koppeling-Lancia-Lybra-Alfa-156-Fiat-Bravo-46424866.png","width":903,"height":687},{"@type":"BreadcrumbList","@id":"https:\/\/turijnmagazijn.nl\/it\/prodotto\/frizione-a-molla-lancia-lybra-alfa-156-fiat-bravo-i\/#breadcrumb","itemListElement":[{"@type":"ListItem","position":1,"name":"Home","item":"https:\/\/turijnmagazijn.nl\/it\/"},{"@type":"ListItem","position":2,"name":"Prodotti","item":"https:\/\/turijnmagazijn.nl\/it\/shop\/"},{"@type":"ListItem","position":3,"name":"Frizione a molla Lancia Lybra Alfa 156 Fiat Bravo I"}]},{"@type":"WebSite","@id":"https:\/\/turijnmagazijn.jumpstone-dev.nl\/#website","url":"https:\/\/turijnmagazijn.jumpstone-dev.nl\/","name":"Turijnmagazijn","description":"Onderdelen nieuw en gebruikt - Fiat &amp; Lancia","publisher":{"@id":"https:\/\/turijnmagazijn.jumpstone-dev.nl\/#organization"},"potentialAction":[{"@type":"SearchAction","target":{"@type":"EntryPoint","urlTemplate":"https:\/\/turijnmagazijn.jumpstone-dev.nl\/?s={search_term_string}"},"query-input":{"@type":"PropertyValueSpecification","valueRequired":true,"valueName":"search_term_string"}}],"inLanguage":"it-IT"},{"@type":"Organization","@id":"https:\/\/turijnmagazijn.jumpstone-dev.nl\/#organization","name":"Turijnmagazijn","url":"https:\/\/turijnmagazijn.jumpstone-dev.nl\/","logo":{"@type":"ImageObject","inLanguage":"it-IT","@id":"https:\/\/turijnmagazijn.jumpstone-dev.nl\/#\/schema\/logo\/image\/","url":"https:\/\/turijnmagazijn.nl\/wp-content\/uploads\/2021\/02\/turijnmagazijnlogo.png","contentUrl":"https:\/\/turijnmagazijn.nl\/wp-content\/uploads\/2021\/02\/turijnmagazijnlogo.png","width":555,"height":270,"caption":"Turijnmagazijn"},"image":{"@id":"https:\/\/turijnmagazijn.jumpstone-dev.nl\/#\/schema\/logo\/image\/"},"sameAs":["https:\/\/www.facebook.com\/turijnmagazijn"]}]}},"_links":{"self":[{"href":"https:\/\/turijnmagazijn.nl\/it\/wp-json\/wp\/v2\/product\/66905","targetHints":{"allow":["GET"]}}],"collection":[{"href":"https:\/\/turijnmagazijn.nl\/it\/wp-json\/wp\/v2\/product"}],"about":[{"href":"https:\/\/turijnmagazijn.nl\/it\/wp-json\/wp\/v2\/types\/product"}],"replies":[{"embeddable":true,"href":"https:\/\/turijnmagazijn.nl\/it\/wp-json\/wp\/v2\/comments?post=66905"}],"wp:featuredmedia":[{"embeddable":true,"href":"https:\/\/turijnmagazijn.nl\/it\/wp-json\/wp\/v2\/media\/96568"}],"wp:attachment":[{"href":"https:\/\/turijnmagazijn.nl\/it\/wp-json\/wp\/v2\/media?parent=66905"}],"wp:term":[{"taxonomy":"product_brand","embeddable":true,"href":"https:\/\/turijnmagazijn.nl\/it\/wp-json\/wp\/v2\/product_brand?post=66905"},{"taxonomy":"product_cat","embeddable":true,"href":"https:\/\/turijnmagazijn.nl\/it\/wp-json\/wp\/v2\/product_cat?post=66905"},{"taxonomy":"product_tag","embeddable":true,"href":"https:\/\/turijnmagazijn.nl\/it\/wp-json\/wp\/v2\/product_tag?post=66905"}],"curies":[{"name":"wp","href":"https:\/\/api.w.org\/{rel}","templated":true}]}}