{"id":66967,"date":"2023-03-03T10:06:07","date_gmt":"2023-03-03T09:06:07","guid":{"rendered":"https:\/\/turijnmagazijn.nl\/product\/pompa-lavacristalli-alfa-fiat-lancia-new\/"},"modified":"2023-07-27T13:26:19","modified_gmt":"2023-07-27T11:26:19","slug":"pompa-lavavetri-alfa-fiat-lancia-nuovo","status":"publish","type":"product","link":"https:\/\/turijnmagazijn.nl\/it\/prodotto\/pompa-lavavetri-alfa-fiat-lancia-nuovo\/","title":{"rendered":"Pompa lavacristalli Alfa Fiat Lancia -NEW-"},"content":{"rendered":"<p>Nuova pompa lavavetri adatta a vari tipi di Alfa Romeo Lancia e Fiat.  <\/p>\n<p>Questa pompa \u00e8 dotata di 1 apertura di deflusso e 1 punto di aspirazione. Il punto di registrazione \u00e8 dotato della gomma di tenuta. Questa pompa \u00e8 inserita nel serbatoio.<\/p>\n<p>Questa pompa pu\u00f2 essere utilizzata per i seguenti tipi;<\/p>\n<\/p>\n<ul>\n<li>Alfa 146<\/li>\n<li>Alfa 156<\/li>\n<li>Alfa GTV<\/li>\n<li>Alfa GT<\/li>\n<li>Alfa Ragno<\/li>\n<li>Fiat Coup\u00e9<\/li>\n<li>Fiat Marea<\/li>\n<li>Fiat Tempra<\/li>\n<li>Lancia Dedra<\/li>\n<li>Lancia Lybra<\/li>\n<li>Lancia Kappa Berlina<\/li>\n<li>Lancia Kappa Coup\u00e9<\/li>\n<\/ul>\n<p>La pompa \u00e8 dotata di una connessione a spina a 2 pin.<\/p>\n<p>Dotato anche di un pezzo di tubo di 30 cm e un capezzolo di collegamento. Questo non \u00e8 necessario per ogni applicazione.<\/p>\n<p>Quando applicata alla Lancia Kappa, questa pompa \u00e8 destinata alle auto dotate di lavafari.<\/p>\n<p>OEM Alfa Romeo 71719636<\/p>\n<p>OEM lancia 7682337<\/p>\n<p>OEM Fiat 71730139<\/p>\n","protected":false},"excerpt":{"rendered":"<p>Pompa lavavetri Alfa Fiat Lancia -NEW- &#8211; Nuova pompa lavavetri adatta a vari tipi di Alfa Romeo Lancia e Fiat.<\/p>\n","protected":false},"featured_media":55246,"comment_status":"open","ping_status":"closed","template":"","meta":{"_acf_changed":false},"product_brand":[],"product_cat":[1598,1614,1583,1866,1720,1804,1691,1857,1800,1875,1733,1739,1871,1780,1893,1899],"product_tag":[],"class_list":{"0":"post-66967","1":"product","2":"type-product","3":"status-publish","4":"has-post-thumbnail","6":"product_cat-145-930a-it","7":"product_cat-156-932-it","8":"product_cat-alfa-romeo-it","9":"product_cat-coupe-it","10":"product_cat-coupe-175-it","11":"product_cat-dedra-835-it","12":"product_cat-fiat-it","13":"product_cat-kappa-838-it","14":"product_cat-lancia-it","15":"product_cat-lybra-839-it","16":"product_cat-marea-185-it","17":"product_cat-multipla-186-it","18":"product_cat-sw-it","19":"product_cat-tempra-159-it","20":"product_cat-thema-834-it","21":"product_cat-thema-sw-it","22":"pa_soort-onderdeel-corpo-e-lamiera","24":"first","25":"instock","26":"taxable","27":"shipping-taxable","28":"purchasable","29":"product-type-simple"},"acf":[],"yoast_head":"<!-- This site is optimized with the Yoast SEO plugin v27.3 - https:\/\/yoast.com\/product\/yoast-seo-wordpress\/ -->\n<title>Pompa lavacristalli Alfa Fiat Lancia -NEW- Turijnmagazijn<\/title>\n<meta name=\"robots\" content=\"index, follow, max-snippet:-1, max-image-preview:large, max-video-preview:-1\" \/>\n<link rel=\"canonical\" href=\"https:\/\/turijnmagazijn.nl\/it\/prodotto\/pompa-lavavetri-alfa-fiat-lancia-nuovo\/\" \/>\n<meta property=\"og:locale\" content=\"it_IT\" \/>\n<meta property=\"og:type\" content=\"article\" \/>\n<meta property=\"og:title\" content=\"Pompa lavacristalli Alfa Fiat Lancia -NEW- Turijnmagazijn\" \/>\n<meta property=\"og:description\" content=\"Pompa lavavetri Alfa Fiat Lancia -NEW- - Nuova pompa lavavetri adatta a vari tipi di Alfa Romeo Lancia e Fiat.\" \/>\n<meta property=\"og:url\" content=\"https:\/\/turijnmagazijn.nl\/it\/prodotto\/pompa-lavavetri-alfa-fiat-lancia-nuovo\/\" \/>\n<meta property=\"og:site_name\" content=\"Turijnmagazijn\" \/>\n<meta property=\"article:publisher\" content=\"https:\/\/www.facebook.com\/turijnmagazijn\" \/>\n<meta property=\"article:modified_time\" content=\"2023-07-27T11:26:19+00:00\" \/>\n<meta property=\"og:image\" content=\"https:\/\/turijnmagazijn.nl\/wp-content\/uploads\/2023\/03\/DN00100248-Ruitensproeierpomp-Alfa-Fiat-Lancia-NIEUW-3-1.jpg\" \/>\n\t<meta property=\"og:image:width\" content=\"1024\" \/>\n\t<meta property=\"og:image:height\" content=\"768\" \/>\n\t<meta property=\"og:image:type\" content=\"image\/jpeg\" \/>\n<meta name=\"twitter:card\" content=\"summary_large_image\" \/>\n<meta name=\"twitter:label1\" content=\"Tempo di lettura stimato\" \/>\n\t<meta name=\"twitter:data1\" content=\"1 minuto\" \/>\n<script type=\"application\/ld+json\" class=\"yoast-schema-graph\">{\"@context\":\"https:\\\/\\\/schema.org\",\"@graph\":[{\"@type\":\"WebPage\",\"@id\":\"https:\\\/\\\/turijnmagazijn.nl\\\/it\\\/prodotto\\\/pompa-lavavetri-alfa-fiat-lancia-nuovo\\\/\",\"url\":\"https:\\\/\\\/turijnmagazijn.nl\\\/it\\\/prodotto\\\/pompa-lavavetri-alfa-fiat-lancia-nuovo\\\/\",\"name\":\"Pompa lavacristalli Alfa Fiat Lancia -NEW- Turijnmagazijn\",\"isPartOf\":{\"@id\":\"https:\\\/\\\/turijnmagazijn.jumpstone-dev.nl\\\/#website\"},\"primaryImageOfPage\":{\"@id\":\"https:\\\/\\\/turijnmagazijn.nl\\\/it\\\/prodotto\\\/pompa-lavavetri-alfa-fiat-lancia-nuovo\\\/#primaryimage\"},\"image\":{\"@id\":\"https:\\\/\\\/turijnmagazijn.nl\\\/it\\\/prodotto\\\/pompa-lavavetri-alfa-fiat-lancia-nuovo\\\/#primaryimage\"},\"thumbnailUrl\":\"https:\\\/\\\/turijnmagazijn.nl\\\/wp-content\\\/uploads\\\/2023\\\/03\\\/DN00100248-Ruitensproeierpomp-Alfa-Fiat-Lancia-NIEUW-3-1.jpg\",\"datePublished\":\"2023-03-03T09:06:07+00:00\",\"dateModified\":\"2023-07-27T11:26:19+00:00\",\"breadcrumb\":{\"@id\":\"https:\\\/\\\/turijnmagazijn.nl\\\/it\\\/prodotto\\\/pompa-lavavetri-alfa-fiat-lancia-nuovo\\\/#breadcrumb\"},\"inLanguage\":\"it-IT\",\"potentialAction\":[{\"@type\":\"ReadAction\",\"target\":[\"https:\\\/\\\/turijnmagazijn.nl\\\/it\\\/prodotto\\\/pompa-lavavetri-alfa-fiat-lancia-nuovo\\\/\"]}]},{\"@type\":\"ImageObject\",\"inLanguage\":\"it-IT\",\"@id\":\"https:\\\/\\\/turijnmagazijn.nl\\\/it\\\/prodotto\\\/pompa-lavavetri-alfa-fiat-lancia-nuovo\\\/#primaryimage\",\"url\":\"https:\\\/\\\/turijnmagazijn.nl\\\/wp-content\\\/uploads\\\/2023\\\/03\\\/DN00100248-Ruitensproeierpomp-Alfa-Fiat-Lancia-NIEUW-3-1.jpg\",\"contentUrl\":\"https:\\\/\\\/turijnmagazijn.nl\\\/wp-content\\\/uploads\\\/2023\\\/03\\\/DN00100248-Ruitensproeierpomp-Alfa-Fiat-Lancia-NIEUW-3-1.jpg\",\"width\":1024,\"height\":768},{\"@type\":\"BreadcrumbList\",\"@id\":\"https:\\\/\\\/turijnmagazijn.nl\\\/it\\\/prodotto\\\/pompa-lavavetri-alfa-fiat-lancia-nuovo\\\/#breadcrumb\",\"itemListElement\":[{\"@type\":\"ListItem\",\"position\":1,\"name\":\"Home\",\"item\":\"https:\\\/\\\/turijnmagazijn.nl\\\/it\\\/\"},{\"@type\":\"ListItem\",\"position\":2,\"name\":\"Prodotti\",\"item\":\"https:\\\/\\\/turijnmagazijn.nl\\\/it\\\/shop\\\/\"},{\"@type\":\"ListItem\",\"position\":3,\"name\":\"Pompa lavacristalli Alfa Fiat Lancia -NEW-\"}]},{\"@type\":\"WebSite\",\"@id\":\"https:\\\/\\\/turijnmagazijn.jumpstone-dev.nl\\\/#website\",\"url\":\"https:\\\/\\\/turijnmagazijn.jumpstone-dev.nl\\\/\",\"name\":\"Turijnmagazijn\",\"description\":\"Onderdelen nieuw en gebruikt - Fiat &amp; Lancia\",\"publisher\":{\"@id\":\"https:\\\/\\\/turijnmagazijn.jumpstone-dev.nl\\\/#organization\"},\"potentialAction\":[{\"@type\":\"SearchAction\",\"target\":{\"@type\":\"EntryPoint\",\"urlTemplate\":\"https:\\\/\\\/turijnmagazijn.jumpstone-dev.nl\\\/?s={search_term_string}\"},\"query-input\":{\"@type\":\"PropertyValueSpecification\",\"valueRequired\":true,\"valueName\":\"search_term_string\"}}],\"inLanguage\":\"it-IT\"},{\"@type\":\"Organization\",\"@id\":\"https:\\\/\\\/turijnmagazijn.jumpstone-dev.nl\\\/#organization\",\"name\":\"Turijnmagazijn\",\"url\":\"https:\\\/\\\/turijnmagazijn.jumpstone-dev.nl\\\/\",\"logo\":{\"@type\":\"ImageObject\",\"inLanguage\":\"it-IT\",\"@id\":\"https:\\\/\\\/turijnmagazijn.jumpstone-dev.nl\\\/#\\\/schema\\\/logo\\\/image\\\/\",\"url\":\"https:\\\/\\\/turijnmagazijn.nl\\\/wp-content\\\/uploads\\\/2021\\\/02\\\/turijnmagazijnlogo.png\",\"contentUrl\":\"https:\\\/\\\/turijnmagazijn.nl\\\/wp-content\\\/uploads\\\/2021\\\/02\\\/turijnmagazijnlogo.png\",\"width\":555,\"height\":270,\"caption\":\"Turijnmagazijn\"},\"image\":{\"@id\":\"https:\\\/\\\/turijnmagazijn.jumpstone-dev.nl\\\/#\\\/schema\\\/logo\\\/image\\\/\"},\"sameAs\":[\"https:\\\/\\\/www.facebook.com\\\/turijnmagazijn\"]}]}<\/script>\n<!-- \/ Yoast SEO plugin. -->","yoast_head_json":{"title":"Pompa lavacristalli Alfa Fiat Lancia -NEW- Turijnmagazijn","robots":{"index":"index","follow":"follow","max-snippet":"max-snippet:-1","max-image-preview":"max-image-preview:large","max-video-preview":"max-video-preview:-1"},"canonical":"https:\/\/turijnmagazijn.nl\/it\/prodotto\/pompa-lavavetri-alfa-fiat-lancia-nuovo\/","og_locale":"it_IT","og_type":"article","og_title":"Pompa lavacristalli Alfa Fiat Lancia -NEW- Turijnmagazijn","og_description":"Pompa lavavetri Alfa Fiat Lancia -NEW- - Nuova pompa lavavetri adatta a vari tipi di Alfa Romeo Lancia e Fiat.","og_url":"https:\/\/turijnmagazijn.nl\/it\/prodotto\/pompa-lavavetri-alfa-fiat-lancia-nuovo\/","og_site_name":"Turijnmagazijn","article_publisher":"https:\/\/www.facebook.com\/turijnmagazijn","article_modified_time":"2023-07-27T11:26:19+00:00","og_image":[{"width":1024,"height":768,"url":"https:\/\/turijnmagazijn.nl\/wp-content\/uploads\/2023\/03\/DN00100248-Ruitensproeierpomp-Alfa-Fiat-Lancia-NIEUW-3-1.jpg","type":"image\/jpeg"}],"twitter_card":"summary_large_image","twitter_misc":{"Tempo di lettura stimato":"1 minuto"},"schema":{"@context":"https:\/\/schema.org","@graph":[{"@type":"WebPage","@id":"https:\/\/turijnmagazijn.nl\/it\/prodotto\/pompa-lavavetri-alfa-fiat-lancia-nuovo\/","url":"https:\/\/turijnmagazijn.nl\/it\/prodotto\/pompa-lavavetri-alfa-fiat-lancia-nuovo\/","name":"Pompa lavacristalli Alfa Fiat Lancia -NEW- Turijnmagazijn","isPartOf":{"@id":"https:\/\/turijnmagazijn.jumpstone-dev.nl\/#website"},"primaryImageOfPage":{"@id":"https:\/\/turijnmagazijn.nl\/it\/prodotto\/pompa-lavavetri-alfa-fiat-lancia-nuovo\/#primaryimage"},"image":{"@id":"https:\/\/turijnmagazijn.nl\/it\/prodotto\/pompa-lavavetri-alfa-fiat-lancia-nuovo\/#primaryimage"},"thumbnailUrl":"https:\/\/turijnmagazijn.nl\/wp-content\/uploads\/2023\/03\/DN00100248-Ruitensproeierpomp-Alfa-Fiat-Lancia-NIEUW-3-1.jpg","datePublished":"2023-03-03T09:06:07+00:00","dateModified":"2023-07-27T11:26:19+00:00","breadcrumb":{"@id":"https:\/\/turijnmagazijn.nl\/it\/prodotto\/pompa-lavavetri-alfa-fiat-lancia-nuovo\/#breadcrumb"},"inLanguage":"it-IT","potentialAction":[{"@type":"ReadAction","target":["https:\/\/turijnmagazijn.nl\/it\/prodotto\/pompa-lavavetri-alfa-fiat-lancia-nuovo\/"]}]},{"@type":"ImageObject","inLanguage":"it-IT","@id":"https:\/\/turijnmagazijn.nl\/it\/prodotto\/pompa-lavavetri-alfa-fiat-lancia-nuovo\/#primaryimage","url":"https:\/\/turijnmagazijn.nl\/wp-content\/uploads\/2023\/03\/DN00100248-Ruitensproeierpomp-Alfa-Fiat-Lancia-NIEUW-3-1.jpg","contentUrl":"https:\/\/turijnmagazijn.nl\/wp-content\/uploads\/2023\/03\/DN00100248-Ruitensproeierpomp-Alfa-Fiat-Lancia-NIEUW-3-1.jpg","width":1024,"height":768},{"@type":"BreadcrumbList","@id":"https:\/\/turijnmagazijn.nl\/it\/prodotto\/pompa-lavavetri-alfa-fiat-lancia-nuovo\/#breadcrumb","itemListElement":[{"@type":"ListItem","position":1,"name":"Home","item":"https:\/\/turijnmagazijn.nl\/it\/"},{"@type":"ListItem","position":2,"name":"Prodotti","item":"https:\/\/turijnmagazijn.nl\/it\/shop\/"},{"@type":"ListItem","position":3,"name":"Pompa lavacristalli Alfa Fiat Lancia -NEW-"}]},{"@type":"WebSite","@id":"https:\/\/turijnmagazijn.jumpstone-dev.nl\/#website","url":"https:\/\/turijnmagazijn.jumpstone-dev.nl\/","name":"Turijnmagazijn","description":"Onderdelen nieuw en gebruikt - Fiat &amp; Lancia","publisher":{"@id":"https:\/\/turijnmagazijn.jumpstone-dev.nl\/#organization"},"potentialAction":[{"@type":"SearchAction","target":{"@type":"EntryPoint","urlTemplate":"https:\/\/turijnmagazijn.jumpstone-dev.nl\/?s={search_term_string}"},"query-input":{"@type":"PropertyValueSpecification","valueRequired":true,"valueName":"search_term_string"}}],"inLanguage":"it-IT"},{"@type":"Organization","@id":"https:\/\/turijnmagazijn.jumpstone-dev.nl\/#organization","name":"Turijnmagazijn","url":"https:\/\/turijnmagazijn.jumpstone-dev.nl\/","logo":{"@type":"ImageObject","inLanguage":"it-IT","@id":"https:\/\/turijnmagazijn.jumpstone-dev.nl\/#\/schema\/logo\/image\/","url":"https:\/\/turijnmagazijn.nl\/wp-content\/uploads\/2021\/02\/turijnmagazijnlogo.png","contentUrl":"https:\/\/turijnmagazijn.nl\/wp-content\/uploads\/2021\/02\/turijnmagazijnlogo.png","width":555,"height":270,"caption":"Turijnmagazijn"},"image":{"@id":"https:\/\/turijnmagazijn.jumpstone-dev.nl\/#\/schema\/logo\/image\/"},"sameAs":["https:\/\/www.facebook.com\/turijnmagazijn"]}]}},"_links":{"self":[{"href":"https:\/\/turijnmagazijn.nl\/it\/wp-json\/wp\/v2\/product\/66967","targetHints":{"allow":["GET"]}}],"collection":[{"href":"https:\/\/turijnmagazijn.nl\/it\/wp-json\/wp\/v2\/product"}],"about":[{"href":"https:\/\/turijnmagazijn.nl\/it\/wp-json\/wp\/v2\/types\/product"}],"replies":[{"embeddable":true,"href":"https:\/\/turijnmagazijn.nl\/it\/wp-json\/wp\/v2\/comments?post=66967"}],"wp:featuredmedia":[{"embeddable":true,"href":"https:\/\/turijnmagazijn.nl\/it\/wp-json\/wp\/v2\/media\/55246"}],"wp:attachment":[{"href":"https:\/\/turijnmagazijn.nl\/it\/wp-json\/wp\/v2\/media?parent=66967"}],"wp:term":[{"taxonomy":"product_brand","embeddable":true,"href":"https:\/\/turijnmagazijn.nl\/it\/wp-json\/wp\/v2\/product_brand?post=66967"},{"taxonomy":"product_cat","embeddable":true,"href":"https:\/\/turijnmagazijn.nl\/it\/wp-json\/wp\/v2\/product_cat?post=66967"},{"taxonomy":"product_tag","embeddable":true,"href":"https:\/\/turijnmagazijn.nl\/it\/wp-json\/wp\/v2\/product_tag?post=66967"}],"curies":[{"name":"wp","href":"https:\/\/api.w.org\/{rel}","templated":true}]}}