{"id":67017,"date":"2023-03-03T10:11:59","date_gmt":"2023-03-03T09:11:59","guid":{"rendered":"https:\/\/turijnmagazijn.nl\/product\/logo-parafango-lancia-ypsilon-i-blank-imitation-set-2-pz\/"},"modified":"2023-07-27T12:53:15","modified_gmt":"2023-07-27T10:53:15","slug":"logo-parafango-lancia-ypsilon-i-blanco-imitazione-set-2-pc","status":"publish","type":"product","link":"https:\/\/turijnmagazijn.nl\/it\/prodotto\/logo-parafango-lancia-ypsilon-i-blanco-imitazione-set-2-pc\/","title":{"rendered":"Logo parafango Lancia Ypsilon I blank IMITATION set 2 pz"},"content":{"rendered":"<p>Nuovo set di 2 loghi autoadesivi da montare sul parafango per Lancia Ypsilon I con motore 1.1 o 1.2 con il logo del parafango indicante Lancia Y senza indicazione della motorizzazione.<\/p>\n<p>IMITATION SET 2 pezzi sono sufficienti per 1 auto.<\/p>\n<p>Questo logo si inserisce nella rientranza originale dell&#8217;unit\u00e0 luminosa lampeggiante sul parafango.<\/p>\n<p>Smontare l&#8217;unit\u00e0 luminosa lampeggiante. Con un cacciavite dal retro (ci sono alcune aperture nella plastica) spingere il vecchio logo fuori dalla parte in plastica nera. Pulire la superficie con un agente sgrassante e garantire una superficie di montaggio liscia. Incolla il logo sostitutivo nella rientranza.<\/p>\n<p>Questo logo Imitation \u00e8 diverso nel layout rispetto all&#8217;originale. L&#8217;originale \u00e8 costituito da una resina dura, che nel tempo consente all&#8217;umidit\u00e0 di passare tra gli strati. La parte di ricambio \u00e8 realizzata con una resina siliconica che rimane elastica e flessibile.<\/p>\n<p>Il logo sostitutivo \u00e8 leggermente pi\u00f9 profondo dell&#8217;originale. Questo \u00e8 difficilmente visibile dopo l&#8217;assemblaggio, ma sii consapevole di questo.<\/p>\n<p>OEM di riferimento per il tipo di unit\u00e0 luminose lampeggianti sono applicabili questi loghi:<\/p>\n<table class=\"table table-bordered\" width=\"225\">\n<colgroup>\n<col span=\"2\" width=\"64\"><\/colgroup>\n<tbody>\n<tr>\n<td class=\"xl65\" title=\"\" width=\"97\" height=\"19\">46771715<\/td>\n<td class=\"xl65\" title=\"\" width=\"64\">A DESTRA<\/td>\n<td id=\"item_03_3_2\" class=\"xl65\" width=\"64\">vuoto<\/td>\n<\/tr>\n<tr>\n<td class=\"xl65\" title=\"\" height=\"19\">46771713<\/td>\n<td class=\"xl65\" title=\"\">A sinistra<\/td>\n<td id=\"item_03_3_2\" class=\"xl65\">vuoto<\/td>\n<\/tr>\n<tr>\n<td class=\"xl65\" title=\"\" width=\"97\" height=\"19\">46554236<\/td>\n<td class=\"xl65\" title=\"\" width=\"64\">A DESTRA<\/td>\n<td id=\"item_03_3_2\" class=\"xl65\" width=\"64\">vuoto<\/td>\n<\/tr>\n<tr>\n<td class=\"xl65\" title=\"\" height=\"19\">46554241<\/td>\n<td class=\"xl65\" title=\"\">A sinistra<\/td>\n<td id=\"item_03_3_2\" class=\"xl65\">vuoto<\/td>\n<\/tr>\n<\/tbody>\n<\/table>\n<p>&nbsp;<\/p>\n","protected":false},"excerpt":{"rendered":"<p>Nuovo set di 2 loghi autoadesivi da montare sul parafango per Lancia Ypsilon I<\/p>\n","protected":false},"featured_media":56106,"comment_status":"closed","ping_status":"closed","template":"","meta":{"_acf_changed":false},"product_brand":[],"product_cat":[1800,1915],"product_tag":[],"class_list":{"0":"post-67017","1":"product","2":"type-product","3":"status-publish","4":"has-post-thumbnail","6":"product_cat-lancia-it","7":"product_cat-ypsilon-1-840-it","8":"pa_soort-onderdeel-altre-parti-di-automobili","10":"first","11":"instock","12":"taxable","13":"shipping-taxable","14":"purchasable","15":"product-type-simple"},"acf":[],"yoast_head":"<!-- This site is optimized with the Yoast SEO plugin v27.3 - https:\/\/yoast.com\/product\/yoast-seo-wordpress\/ -->\n<title>Logo parafango Lancia Ypsilon I blank IMITATION set 2 pz - Turijnmagazijn<\/title>\n<meta name=\"robots\" content=\"index, follow, max-snippet:-1, max-image-preview:large, max-video-preview:-1\" \/>\n<link rel=\"canonical\" href=\"https:\/\/turijnmagazijn.nl\/it\/prodotto\/logo-parafango-lancia-ypsilon-i-blanco-imitazione-set-2-pc\/\" \/>\n<meta property=\"og:locale\" content=\"it_IT\" \/>\n<meta property=\"og:type\" content=\"article\" \/>\n<meta property=\"og:title\" content=\"Logo parafango Lancia Ypsilon I blank IMITATION set 2 pz - Turijnmagazijn\" \/>\n<meta property=\"og:description\" content=\"Nuovo set di 2 loghi autoadesivi da montare sul parafango per Lancia Ypsilon I\" \/>\n<meta property=\"og:url\" content=\"https:\/\/turijnmagazijn.nl\/it\/prodotto\/logo-parafango-lancia-ypsilon-i-blanco-imitazione-set-2-pc\/\" \/>\n<meta property=\"og:site_name\" content=\"Turijnmagazijn\" \/>\n<meta property=\"article:publisher\" content=\"https:\/\/www.facebook.com\/turijnmagazijn\" \/>\n<meta property=\"article:modified_time\" content=\"2023-07-27T10:53:15+00:00\" \/>\n<meta property=\"og:image\" content=\"https:\/\/turijnmagazijn.nl\/wp-content\/uploads\/2023\/03\/DN00100258-Logo-spatbord-Lancia-Ypsilon-I-blanco-IMITATIE-set-2-st-3.jpg\" \/>\n\t<meta property=\"og:image:width\" content=\"1024\" \/>\n\t<meta property=\"og:image:height\" content=\"768\" \/>\n\t<meta property=\"og:image:type\" content=\"image\/jpeg\" \/>\n<meta name=\"twitter:card\" content=\"summary_large_image\" \/>\n<meta name=\"twitter:label1\" content=\"Tempo di lettura stimato\" \/>\n\t<meta name=\"twitter:data1\" content=\"1 minuto\" \/>\n<script type=\"application\/ld+json\" class=\"yoast-schema-graph\">{\"@context\":\"https:\\\/\\\/schema.org\",\"@graph\":[{\"@type\":\"WebPage\",\"@id\":\"https:\\\/\\\/turijnmagazijn.nl\\\/it\\\/prodotto\\\/logo-parafango-lancia-ypsilon-i-blanco-imitazione-set-2-pc\\\/\",\"url\":\"https:\\\/\\\/turijnmagazijn.nl\\\/it\\\/prodotto\\\/logo-parafango-lancia-ypsilon-i-blanco-imitazione-set-2-pc\\\/\",\"name\":\"Logo parafango Lancia Ypsilon I blank IMITATION set 2 pz - Turijnmagazijn\",\"isPartOf\":{\"@id\":\"https:\\\/\\\/turijnmagazijn.jumpstone-dev.nl\\\/#website\"},\"primaryImageOfPage\":{\"@id\":\"https:\\\/\\\/turijnmagazijn.nl\\\/it\\\/prodotto\\\/logo-parafango-lancia-ypsilon-i-blanco-imitazione-set-2-pc\\\/#primaryimage\"},\"image\":{\"@id\":\"https:\\\/\\\/turijnmagazijn.nl\\\/it\\\/prodotto\\\/logo-parafango-lancia-ypsilon-i-blanco-imitazione-set-2-pc\\\/#primaryimage\"},\"thumbnailUrl\":\"https:\\\/\\\/turijnmagazijn.nl\\\/wp-content\\\/uploads\\\/2023\\\/03\\\/DN00100258-Logo-spatbord-Lancia-Ypsilon-I-blanco-IMITATIE-set-2-st-3.jpg\",\"datePublished\":\"2023-03-03T09:11:59+00:00\",\"dateModified\":\"2023-07-27T10:53:15+00:00\",\"breadcrumb\":{\"@id\":\"https:\\\/\\\/turijnmagazijn.nl\\\/it\\\/prodotto\\\/logo-parafango-lancia-ypsilon-i-blanco-imitazione-set-2-pc\\\/#breadcrumb\"},\"inLanguage\":\"it-IT\",\"potentialAction\":[{\"@type\":\"ReadAction\",\"target\":[\"https:\\\/\\\/turijnmagazijn.nl\\\/it\\\/prodotto\\\/logo-parafango-lancia-ypsilon-i-blanco-imitazione-set-2-pc\\\/\"]}]},{\"@type\":\"ImageObject\",\"inLanguage\":\"it-IT\",\"@id\":\"https:\\\/\\\/turijnmagazijn.nl\\\/it\\\/prodotto\\\/logo-parafango-lancia-ypsilon-i-blanco-imitazione-set-2-pc\\\/#primaryimage\",\"url\":\"https:\\\/\\\/turijnmagazijn.nl\\\/wp-content\\\/uploads\\\/2023\\\/03\\\/DN00100258-Logo-spatbord-Lancia-Ypsilon-I-blanco-IMITATIE-set-2-st-3.jpg\",\"contentUrl\":\"https:\\\/\\\/turijnmagazijn.nl\\\/wp-content\\\/uploads\\\/2023\\\/03\\\/DN00100258-Logo-spatbord-Lancia-Ypsilon-I-blanco-IMITATIE-set-2-st-3.jpg\",\"width\":1024,\"height\":768},{\"@type\":\"BreadcrumbList\",\"@id\":\"https:\\\/\\\/turijnmagazijn.nl\\\/it\\\/prodotto\\\/logo-parafango-lancia-ypsilon-i-blanco-imitazione-set-2-pc\\\/#breadcrumb\",\"itemListElement\":[{\"@type\":\"ListItem\",\"position\":1,\"name\":\"Home\",\"item\":\"https:\\\/\\\/turijnmagazijn.nl\\\/it\\\/\"},{\"@type\":\"ListItem\",\"position\":2,\"name\":\"Prodotti\",\"item\":\"https:\\\/\\\/turijnmagazijn.nl\\\/it\\\/shop\\\/\"},{\"@type\":\"ListItem\",\"position\":3,\"name\":\"Logo parafango Lancia Ypsilon I blank IMITATION set 2 pz\"}]},{\"@type\":\"WebSite\",\"@id\":\"https:\\\/\\\/turijnmagazijn.jumpstone-dev.nl\\\/#website\",\"url\":\"https:\\\/\\\/turijnmagazijn.jumpstone-dev.nl\\\/\",\"name\":\"Turijnmagazijn\",\"description\":\"Onderdelen nieuw en gebruikt - Fiat &amp; Lancia\",\"publisher\":{\"@id\":\"https:\\\/\\\/turijnmagazijn.jumpstone-dev.nl\\\/#organization\"},\"potentialAction\":[{\"@type\":\"SearchAction\",\"target\":{\"@type\":\"EntryPoint\",\"urlTemplate\":\"https:\\\/\\\/turijnmagazijn.jumpstone-dev.nl\\\/?s={search_term_string}\"},\"query-input\":{\"@type\":\"PropertyValueSpecification\",\"valueRequired\":true,\"valueName\":\"search_term_string\"}}],\"inLanguage\":\"it-IT\"},{\"@type\":\"Organization\",\"@id\":\"https:\\\/\\\/turijnmagazijn.jumpstone-dev.nl\\\/#organization\",\"name\":\"Turijnmagazijn\",\"url\":\"https:\\\/\\\/turijnmagazijn.jumpstone-dev.nl\\\/\",\"logo\":{\"@type\":\"ImageObject\",\"inLanguage\":\"it-IT\",\"@id\":\"https:\\\/\\\/turijnmagazijn.jumpstone-dev.nl\\\/#\\\/schema\\\/logo\\\/image\\\/\",\"url\":\"https:\\\/\\\/turijnmagazijn.nl\\\/wp-content\\\/uploads\\\/2021\\\/02\\\/turijnmagazijnlogo.png\",\"contentUrl\":\"https:\\\/\\\/turijnmagazijn.nl\\\/wp-content\\\/uploads\\\/2021\\\/02\\\/turijnmagazijnlogo.png\",\"width\":555,\"height\":270,\"caption\":\"Turijnmagazijn\"},\"image\":{\"@id\":\"https:\\\/\\\/turijnmagazijn.jumpstone-dev.nl\\\/#\\\/schema\\\/logo\\\/image\\\/\"},\"sameAs\":[\"https:\\\/\\\/www.facebook.com\\\/turijnmagazijn\"]}]}<\/script>\n<!-- \/ Yoast SEO plugin. -->","yoast_head_json":{"title":"Logo parafango Lancia Ypsilon I blank IMITATION set 2 pz - Turijnmagazijn","robots":{"index":"index","follow":"follow","max-snippet":"max-snippet:-1","max-image-preview":"max-image-preview:large","max-video-preview":"max-video-preview:-1"},"canonical":"https:\/\/turijnmagazijn.nl\/it\/prodotto\/logo-parafango-lancia-ypsilon-i-blanco-imitazione-set-2-pc\/","og_locale":"it_IT","og_type":"article","og_title":"Logo parafango Lancia Ypsilon I blank IMITATION set 2 pz - Turijnmagazijn","og_description":"Nuovo set di 2 loghi autoadesivi da montare sul parafango per Lancia Ypsilon I","og_url":"https:\/\/turijnmagazijn.nl\/it\/prodotto\/logo-parafango-lancia-ypsilon-i-blanco-imitazione-set-2-pc\/","og_site_name":"Turijnmagazijn","article_publisher":"https:\/\/www.facebook.com\/turijnmagazijn","article_modified_time":"2023-07-27T10:53:15+00:00","og_image":[{"width":1024,"height":768,"url":"https:\/\/turijnmagazijn.nl\/wp-content\/uploads\/2023\/03\/DN00100258-Logo-spatbord-Lancia-Ypsilon-I-blanco-IMITATIE-set-2-st-3.jpg","type":"image\/jpeg"}],"twitter_card":"summary_large_image","twitter_misc":{"Tempo di lettura stimato":"1 minuto"},"schema":{"@context":"https:\/\/schema.org","@graph":[{"@type":"WebPage","@id":"https:\/\/turijnmagazijn.nl\/it\/prodotto\/logo-parafango-lancia-ypsilon-i-blanco-imitazione-set-2-pc\/","url":"https:\/\/turijnmagazijn.nl\/it\/prodotto\/logo-parafango-lancia-ypsilon-i-blanco-imitazione-set-2-pc\/","name":"Logo parafango Lancia Ypsilon I blank IMITATION set 2 pz - Turijnmagazijn","isPartOf":{"@id":"https:\/\/turijnmagazijn.jumpstone-dev.nl\/#website"},"primaryImageOfPage":{"@id":"https:\/\/turijnmagazijn.nl\/it\/prodotto\/logo-parafango-lancia-ypsilon-i-blanco-imitazione-set-2-pc\/#primaryimage"},"image":{"@id":"https:\/\/turijnmagazijn.nl\/it\/prodotto\/logo-parafango-lancia-ypsilon-i-blanco-imitazione-set-2-pc\/#primaryimage"},"thumbnailUrl":"https:\/\/turijnmagazijn.nl\/wp-content\/uploads\/2023\/03\/DN00100258-Logo-spatbord-Lancia-Ypsilon-I-blanco-IMITATIE-set-2-st-3.jpg","datePublished":"2023-03-03T09:11:59+00:00","dateModified":"2023-07-27T10:53:15+00:00","breadcrumb":{"@id":"https:\/\/turijnmagazijn.nl\/it\/prodotto\/logo-parafango-lancia-ypsilon-i-blanco-imitazione-set-2-pc\/#breadcrumb"},"inLanguage":"it-IT","potentialAction":[{"@type":"ReadAction","target":["https:\/\/turijnmagazijn.nl\/it\/prodotto\/logo-parafango-lancia-ypsilon-i-blanco-imitazione-set-2-pc\/"]}]},{"@type":"ImageObject","inLanguage":"it-IT","@id":"https:\/\/turijnmagazijn.nl\/it\/prodotto\/logo-parafango-lancia-ypsilon-i-blanco-imitazione-set-2-pc\/#primaryimage","url":"https:\/\/turijnmagazijn.nl\/wp-content\/uploads\/2023\/03\/DN00100258-Logo-spatbord-Lancia-Ypsilon-I-blanco-IMITATIE-set-2-st-3.jpg","contentUrl":"https:\/\/turijnmagazijn.nl\/wp-content\/uploads\/2023\/03\/DN00100258-Logo-spatbord-Lancia-Ypsilon-I-blanco-IMITATIE-set-2-st-3.jpg","width":1024,"height":768},{"@type":"BreadcrumbList","@id":"https:\/\/turijnmagazijn.nl\/it\/prodotto\/logo-parafango-lancia-ypsilon-i-blanco-imitazione-set-2-pc\/#breadcrumb","itemListElement":[{"@type":"ListItem","position":1,"name":"Home","item":"https:\/\/turijnmagazijn.nl\/it\/"},{"@type":"ListItem","position":2,"name":"Prodotti","item":"https:\/\/turijnmagazijn.nl\/it\/shop\/"},{"@type":"ListItem","position":3,"name":"Logo parafango Lancia Ypsilon I blank IMITATION set 2 pz"}]},{"@type":"WebSite","@id":"https:\/\/turijnmagazijn.jumpstone-dev.nl\/#website","url":"https:\/\/turijnmagazijn.jumpstone-dev.nl\/","name":"Turijnmagazijn","description":"Onderdelen nieuw en gebruikt - Fiat &amp; Lancia","publisher":{"@id":"https:\/\/turijnmagazijn.jumpstone-dev.nl\/#organization"},"potentialAction":[{"@type":"SearchAction","target":{"@type":"EntryPoint","urlTemplate":"https:\/\/turijnmagazijn.jumpstone-dev.nl\/?s={search_term_string}"},"query-input":{"@type":"PropertyValueSpecification","valueRequired":true,"valueName":"search_term_string"}}],"inLanguage":"it-IT"},{"@type":"Organization","@id":"https:\/\/turijnmagazijn.jumpstone-dev.nl\/#organization","name":"Turijnmagazijn","url":"https:\/\/turijnmagazijn.jumpstone-dev.nl\/","logo":{"@type":"ImageObject","inLanguage":"it-IT","@id":"https:\/\/turijnmagazijn.jumpstone-dev.nl\/#\/schema\/logo\/image\/","url":"https:\/\/turijnmagazijn.nl\/wp-content\/uploads\/2021\/02\/turijnmagazijnlogo.png","contentUrl":"https:\/\/turijnmagazijn.nl\/wp-content\/uploads\/2021\/02\/turijnmagazijnlogo.png","width":555,"height":270,"caption":"Turijnmagazijn"},"image":{"@id":"https:\/\/turijnmagazijn.jumpstone-dev.nl\/#\/schema\/logo\/image\/"},"sameAs":["https:\/\/www.facebook.com\/turijnmagazijn"]}]}},"_links":{"self":[{"href":"https:\/\/turijnmagazijn.nl\/it\/wp-json\/wp\/v2\/product\/67017","targetHints":{"allow":["GET"]}}],"collection":[{"href":"https:\/\/turijnmagazijn.nl\/it\/wp-json\/wp\/v2\/product"}],"about":[{"href":"https:\/\/turijnmagazijn.nl\/it\/wp-json\/wp\/v2\/types\/product"}],"replies":[{"embeddable":true,"href":"https:\/\/turijnmagazijn.nl\/it\/wp-json\/wp\/v2\/comments?post=67017"}],"wp:featuredmedia":[{"embeddable":true,"href":"https:\/\/turijnmagazijn.nl\/it\/wp-json\/wp\/v2\/media\/56106"}],"wp:attachment":[{"href":"https:\/\/turijnmagazijn.nl\/it\/wp-json\/wp\/v2\/media?parent=67017"}],"wp:term":[{"taxonomy":"product_brand","embeddable":true,"href":"https:\/\/turijnmagazijn.nl\/it\/wp-json\/wp\/v2\/product_brand?post=67017"},{"taxonomy":"product_cat","embeddable":true,"href":"https:\/\/turijnmagazijn.nl\/it\/wp-json\/wp\/v2\/product_cat?post=67017"},{"taxonomy":"product_tag","embeddable":true,"href":"https:\/\/turijnmagazijn.nl\/it\/wp-json\/wp\/v2\/product_tag?post=67017"}],"curies":[{"name":"wp","href":"https:\/\/api.w.org\/{rel}","templated":true}]}}