{"id":67050,"date":"2023-03-03T10:14:18","date_gmt":"2023-03-03T09:14:18","guid":{"rendered":"https:\/\/turijnmagazijn.nl\/product\/pomello-cambio-fiat-coupe-1-8-pelle-nera-5-marce-imitazione\/"},"modified":"2023-08-07T20:55:53","modified_gmt":"2023-08-07T18:55:53","slug":"pomello-del-cambio-fiat-coupe-1-8-nero-pelle-5-velocita-imitazione","status":"publish","type":"product","link":"https:\/\/turijnmagazijn.nl\/it\/prodotto\/pomello-del-cambio-fiat-coupe-1-8-nero-pelle-5-velocita-imitazione\/","title":{"rendered":"Pomello cambio Fiat Coup\u00e9 1.8 pelle nera 5 marce IMITAZIONE"},"content":{"rendered":"<p>Nuovo pomello del cambio per Fiat Coup\u00e9 1.8 equipaggiata con cambio a 5 marce. Questa \u00e8 un&#8217;imitazione di alta qualit\u00e0 del raro pomello del cambio rivestito in pelle. L&#8217;attizzatoio pu\u00f2 essere incollato e fissato al posto di quello vecchio (entrambi fanno per un buon risultato). Questo \u00e8 un prodotto di qualit\u00e0 molto bello che adorna l&#8217;interno di una Fiat Coup\u00e9.<\/p>\n<p>Questa \u00e8 una nuova serie di pomelli del cambio che \u00e8 dotata di una pressa a caldo perfettamente abbinata al modello di cambio. Bellissimo abbinamento con originale! Il pulsante \u00e8 perfettamente riprodotto all&#8217;originale e presenta una nuova pelle che si abbina perfettamente a come si sente e appare il poker in pelle originale.<\/p>\n<p>&nbsp;<\/p>\n<p><span style=\"color: #ff0000;\"><strong>ATTENZIONE! Questo \u00e8 un prodotto fatto a mano, piccole deviazioni dal design originale sono sempre possibili. Studia attentamente le foto in anticipo per evitare delusioni.  <\/strong><\/span><\/p>\n<p>&nbsp;<\/p>\n<p>OEM Fiat 46478537 SOLO RIFERIMENTO!<\/p>\n","protected":false},"excerpt":{"rendered":"<p>46478537 Nuovo pomello del cambio per Fiat Coup\u00e9 1.8 dotato di cambio a 5 marce. Riguarda un&#8217;imitazione di alta qualit\u00e0 della rara pelle rivestita<\/p>\n","protected":false},"featured_media":56458,"comment_status":"closed","ping_status":"closed","template":"","meta":{"_acf_changed":false},"product_brand":[],"product_cat":[1720,1691],"product_tag":[],"class_list":{"0":"post-67050","1":"product","2":"type-product","3":"status-publish","4":"has-post-thumbnail","6":"product_cat-coupe-175-it","7":"product_cat-fiat-it","8":"pa_soort-onderdeel-altre-parti-di-automobili","10":"first","11":"instock","12":"taxable","13":"shipping-taxable","14":"purchasable","15":"product-type-simple"},"acf":[],"yoast_head":"<!-- This site is optimized with the Yoast SEO plugin v27.3 - https:\/\/yoast.com\/product\/yoast-seo-wordpress\/ -->\n<title>Pomello cambio Fiat Coup\u00e9 1.8 pelle nera 5 marce IMITAZIONE - Turijnmagazijn<\/title>\n<meta name=\"robots\" content=\"index, follow, max-snippet:-1, max-image-preview:large, max-video-preview:-1\" \/>\n<link rel=\"canonical\" href=\"https:\/\/turijnmagazijn.nl\/it\/prodotto\/pomello-del-cambio-fiat-coupe-1-8-nero-pelle-5-velocita-imitazione\/\" \/>\n<meta property=\"og:locale\" content=\"it_IT\" \/>\n<meta property=\"og:type\" content=\"article\" \/>\n<meta property=\"og:title\" content=\"Pomello cambio Fiat Coup\u00e9 1.8 pelle nera 5 marce IMITAZIONE - Turijnmagazijn\" \/>\n<meta property=\"og:description\" content=\"46478537 Nuovo pomello del cambio per Fiat Coup\u00e9 1.8 dotato di cambio a 5 marce. Riguarda un&#039;imitazione di alta qualit\u00e0 della rara pelle rivestita\" \/>\n<meta property=\"og:url\" content=\"https:\/\/turijnmagazijn.nl\/it\/prodotto\/pomello-del-cambio-fiat-coupe-1-8-nero-pelle-5-velocita-imitazione\/\" \/>\n<meta property=\"og:site_name\" content=\"Turijnmagazijn\" \/>\n<meta property=\"article:publisher\" content=\"https:\/\/www.facebook.com\/turijnmagazijn\" \/>\n<meta property=\"article:modified_time\" content=\"2023-08-07T18:55:53+00:00\" \/>\n<meta property=\"og:image\" content=\"https:\/\/turijnmagazijn.nl\/wp-content\/uploads\/2023\/03\/DN00100263-Pookknop-Alfa-GTV-SPIDER-916-zwart-leder-5-bak-IMITATIE-3.jpg\" \/>\n\t<meta property=\"og:image:width\" content=\"1024\" \/>\n\t<meta property=\"og:image:height\" content=\"768\" \/>\n\t<meta property=\"og:image:type\" content=\"image\/jpeg\" \/>\n<meta name=\"twitter:card\" content=\"summary_large_image\" \/>\n<meta name=\"twitter:label1\" content=\"Tempo di lettura stimato\" \/>\n\t<meta name=\"twitter:data1\" content=\"1 minuto\" \/>\n<script type=\"application\/ld+json\" class=\"yoast-schema-graph\">{\"@context\":\"https:\\\/\\\/schema.org\",\"@graph\":[{\"@type\":\"WebPage\",\"@id\":\"https:\\\/\\\/turijnmagazijn.nl\\\/it\\\/prodotto\\\/pomello-del-cambio-fiat-coupe-1-8-nero-pelle-5-velocita-imitazione\\\/\",\"url\":\"https:\\\/\\\/turijnmagazijn.nl\\\/it\\\/prodotto\\\/pomello-del-cambio-fiat-coupe-1-8-nero-pelle-5-velocita-imitazione\\\/\",\"name\":\"Pomello cambio Fiat Coup\u00e9 1.8 pelle nera 5 marce IMITAZIONE - Turijnmagazijn\",\"isPartOf\":{\"@id\":\"https:\\\/\\\/turijnmagazijn.jumpstone-dev.nl\\\/#website\"},\"primaryImageOfPage\":{\"@id\":\"https:\\\/\\\/turijnmagazijn.nl\\\/it\\\/prodotto\\\/pomello-del-cambio-fiat-coupe-1-8-nero-pelle-5-velocita-imitazione\\\/#primaryimage\"},\"image\":{\"@id\":\"https:\\\/\\\/turijnmagazijn.nl\\\/it\\\/prodotto\\\/pomello-del-cambio-fiat-coupe-1-8-nero-pelle-5-velocita-imitazione\\\/#primaryimage\"},\"thumbnailUrl\":\"https:\\\/\\\/turijnmagazijn.nl\\\/wp-content\\\/uploads\\\/2023\\\/03\\\/DN00100263-Pookknop-Alfa-GTV-SPIDER-916-zwart-leder-5-bak-IMITATIE-3.jpg\",\"datePublished\":\"2023-03-03T09:14:18+00:00\",\"dateModified\":\"2023-08-07T18:55:53+00:00\",\"breadcrumb\":{\"@id\":\"https:\\\/\\\/turijnmagazijn.nl\\\/it\\\/prodotto\\\/pomello-del-cambio-fiat-coupe-1-8-nero-pelle-5-velocita-imitazione\\\/#breadcrumb\"},\"inLanguage\":\"it-IT\",\"potentialAction\":[{\"@type\":\"ReadAction\",\"target\":[\"https:\\\/\\\/turijnmagazijn.nl\\\/it\\\/prodotto\\\/pomello-del-cambio-fiat-coupe-1-8-nero-pelle-5-velocita-imitazione\\\/\"]}]},{\"@type\":\"ImageObject\",\"inLanguage\":\"it-IT\",\"@id\":\"https:\\\/\\\/turijnmagazijn.nl\\\/it\\\/prodotto\\\/pomello-del-cambio-fiat-coupe-1-8-nero-pelle-5-velocita-imitazione\\\/#primaryimage\",\"url\":\"https:\\\/\\\/turijnmagazijn.nl\\\/wp-content\\\/uploads\\\/2023\\\/03\\\/DN00100263-Pookknop-Alfa-GTV-SPIDER-916-zwart-leder-5-bak-IMITATIE-3.jpg\",\"contentUrl\":\"https:\\\/\\\/turijnmagazijn.nl\\\/wp-content\\\/uploads\\\/2023\\\/03\\\/DN00100263-Pookknop-Alfa-GTV-SPIDER-916-zwart-leder-5-bak-IMITATIE-3.jpg\",\"width\":1024,\"height\":768},{\"@type\":\"BreadcrumbList\",\"@id\":\"https:\\\/\\\/turijnmagazijn.nl\\\/it\\\/prodotto\\\/pomello-del-cambio-fiat-coupe-1-8-nero-pelle-5-velocita-imitazione\\\/#breadcrumb\",\"itemListElement\":[{\"@type\":\"ListItem\",\"position\":1,\"name\":\"Home\",\"item\":\"https:\\\/\\\/turijnmagazijn.nl\\\/it\\\/\"},{\"@type\":\"ListItem\",\"position\":2,\"name\":\"Prodotti\",\"item\":\"https:\\\/\\\/turijnmagazijn.nl\\\/it\\\/shop\\\/\"},{\"@type\":\"ListItem\",\"position\":3,\"name\":\"Pomello cambio Fiat Coup\u00e9 1.8 pelle nera 5 marce IMITAZIONE\"}]},{\"@type\":\"WebSite\",\"@id\":\"https:\\\/\\\/turijnmagazijn.jumpstone-dev.nl\\\/#website\",\"url\":\"https:\\\/\\\/turijnmagazijn.jumpstone-dev.nl\\\/\",\"name\":\"Turijnmagazijn\",\"description\":\"Onderdelen nieuw en gebruikt - Fiat &amp; Lancia\",\"publisher\":{\"@id\":\"https:\\\/\\\/turijnmagazijn.jumpstone-dev.nl\\\/#organization\"},\"potentialAction\":[{\"@type\":\"SearchAction\",\"target\":{\"@type\":\"EntryPoint\",\"urlTemplate\":\"https:\\\/\\\/turijnmagazijn.jumpstone-dev.nl\\\/?s={search_term_string}\"},\"query-input\":{\"@type\":\"PropertyValueSpecification\",\"valueRequired\":true,\"valueName\":\"search_term_string\"}}],\"inLanguage\":\"it-IT\"},{\"@type\":\"Organization\",\"@id\":\"https:\\\/\\\/turijnmagazijn.jumpstone-dev.nl\\\/#organization\",\"name\":\"Turijnmagazijn\",\"url\":\"https:\\\/\\\/turijnmagazijn.jumpstone-dev.nl\\\/\",\"logo\":{\"@type\":\"ImageObject\",\"inLanguage\":\"it-IT\",\"@id\":\"https:\\\/\\\/turijnmagazijn.jumpstone-dev.nl\\\/#\\\/schema\\\/logo\\\/image\\\/\",\"url\":\"https:\\\/\\\/turijnmagazijn.nl\\\/wp-content\\\/uploads\\\/2021\\\/02\\\/turijnmagazijnlogo.png\",\"contentUrl\":\"https:\\\/\\\/turijnmagazijn.nl\\\/wp-content\\\/uploads\\\/2021\\\/02\\\/turijnmagazijnlogo.png\",\"width\":555,\"height\":270,\"caption\":\"Turijnmagazijn\"},\"image\":{\"@id\":\"https:\\\/\\\/turijnmagazijn.jumpstone-dev.nl\\\/#\\\/schema\\\/logo\\\/image\\\/\"},\"sameAs\":[\"https:\\\/\\\/www.facebook.com\\\/turijnmagazijn\"]}]}<\/script>\n<!-- \/ Yoast SEO plugin. -->","yoast_head_json":{"title":"Pomello cambio Fiat Coup\u00e9 1.8 pelle nera 5 marce IMITAZIONE - Turijnmagazijn","robots":{"index":"index","follow":"follow","max-snippet":"max-snippet:-1","max-image-preview":"max-image-preview:large","max-video-preview":"max-video-preview:-1"},"canonical":"https:\/\/turijnmagazijn.nl\/it\/prodotto\/pomello-del-cambio-fiat-coupe-1-8-nero-pelle-5-velocita-imitazione\/","og_locale":"it_IT","og_type":"article","og_title":"Pomello cambio Fiat Coup\u00e9 1.8 pelle nera 5 marce IMITAZIONE - Turijnmagazijn","og_description":"46478537 Nuovo pomello del cambio per Fiat Coup\u00e9 1.8 dotato di cambio a 5 marce. Riguarda un'imitazione di alta qualit\u00e0 della rara pelle rivestita","og_url":"https:\/\/turijnmagazijn.nl\/it\/prodotto\/pomello-del-cambio-fiat-coupe-1-8-nero-pelle-5-velocita-imitazione\/","og_site_name":"Turijnmagazijn","article_publisher":"https:\/\/www.facebook.com\/turijnmagazijn","article_modified_time":"2023-08-07T18:55:53+00:00","og_image":[{"width":1024,"height":768,"url":"https:\/\/turijnmagazijn.nl\/wp-content\/uploads\/2023\/03\/DN00100263-Pookknop-Alfa-GTV-SPIDER-916-zwart-leder-5-bak-IMITATIE-3.jpg","type":"image\/jpeg"}],"twitter_card":"summary_large_image","twitter_misc":{"Tempo di lettura stimato":"1 minuto"},"schema":{"@context":"https:\/\/schema.org","@graph":[{"@type":"WebPage","@id":"https:\/\/turijnmagazijn.nl\/it\/prodotto\/pomello-del-cambio-fiat-coupe-1-8-nero-pelle-5-velocita-imitazione\/","url":"https:\/\/turijnmagazijn.nl\/it\/prodotto\/pomello-del-cambio-fiat-coupe-1-8-nero-pelle-5-velocita-imitazione\/","name":"Pomello cambio Fiat Coup\u00e9 1.8 pelle nera 5 marce IMITAZIONE - Turijnmagazijn","isPartOf":{"@id":"https:\/\/turijnmagazijn.jumpstone-dev.nl\/#website"},"primaryImageOfPage":{"@id":"https:\/\/turijnmagazijn.nl\/it\/prodotto\/pomello-del-cambio-fiat-coupe-1-8-nero-pelle-5-velocita-imitazione\/#primaryimage"},"image":{"@id":"https:\/\/turijnmagazijn.nl\/it\/prodotto\/pomello-del-cambio-fiat-coupe-1-8-nero-pelle-5-velocita-imitazione\/#primaryimage"},"thumbnailUrl":"https:\/\/turijnmagazijn.nl\/wp-content\/uploads\/2023\/03\/DN00100263-Pookknop-Alfa-GTV-SPIDER-916-zwart-leder-5-bak-IMITATIE-3.jpg","datePublished":"2023-03-03T09:14:18+00:00","dateModified":"2023-08-07T18:55:53+00:00","breadcrumb":{"@id":"https:\/\/turijnmagazijn.nl\/it\/prodotto\/pomello-del-cambio-fiat-coupe-1-8-nero-pelle-5-velocita-imitazione\/#breadcrumb"},"inLanguage":"it-IT","potentialAction":[{"@type":"ReadAction","target":["https:\/\/turijnmagazijn.nl\/it\/prodotto\/pomello-del-cambio-fiat-coupe-1-8-nero-pelle-5-velocita-imitazione\/"]}]},{"@type":"ImageObject","inLanguage":"it-IT","@id":"https:\/\/turijnmagazijn.nl\/it\/prodotto\/pomello-del-cambio-fiat-coupe-1-8-nero-pelle-5-velocita-imitazione\/#primaryimage","url":"https:\/\/turijnmagazijn.nl\/wp-content\/uploads\/2023\/03\/DN00100263-Pookknop-Alfa-GTV-SPIDER-916-zwart-leder-5-bak-IMITATIE-3.jpg","contentUrl":"https:\/\/turijnmagazijn.nl\/wp-content\/uploads\/2023\/03\/DN00100263-Pookknop-Alfa-GTV-SPIDER-916-zwart-leder-5-bak-IMITATIE-3.jpg","width":1024,"height":768},{"@type":"BreadcrumbList","@id":"https:\/\/turijnmagazijn.nl\/it\/prodotto\/pomello-del-cambio-fiat-coupe-1-8-nero-pelle-5-velocita-imitazione\/#breadcrumb","itemListElement":[{"@type":"ListItem","position":1,"name":"Home","item":"https:\/\/turijnmagazijn.nl\/it\/"},{"@type":"ListItem","position":2,"name":"Prodotti","item":"https:\/\/turijnmagazijn.nl\/it\/shop\/"},{"@type":"ListItem","position":3,"name":"Pomello cambio Fiat Coup\u00e9 1.8 pelle nera 5 marce IMITAZIONE"}]},{"@type":"WebSite","@id":"https:\/\/turijnmagazijn.jumpstone-dev.nl\/#website","url":"https:\/\/turijnmagazijn.jumpstone-dev.nl\/","name":"Turijnmagazijn","description":"Onderdelen nieuw en gebruikt - Fiat &amp; Lancia","publisher":{"@id":"https:\/\/turijnmagazijn.jumpstone-dev.nl\/#organization"},"potentialAction":[{"@type":"SearchAction","target":{"@type":"EntryPoint","urlTemplate":"https:\/\/turijnmagazijn.jumpstone-dev.nl\/?s={search_term_string}"},"query-input":{"@type":"PropertyValueSpecification","valueRequired":true,"valueName":"search_term_string"}}],"inLanguage":"it-IT"},{"@type":"Organization","@id":"https:\/\/turijnmagazijn.jumpstone-dev.nl\/#organization","name":"Turijnmagazijn","url":"https:\/\/turijnmagazijn.jumpstone-dev.nl\/","logo":{"@type":"ImageObject","inLanguage":"it-IT","@id":"https:\/\/turijnmagazijn.jumpstone-dev.nl\/#\/schema\/logo\/image\/","url":"https:\/\/turijnmagazijn.nl\/wp-content\/uploads\/2021\/02\/turijnmagazijnlogo.png","contentUrl":"https:\/\/turijnmagazijn.nl\/wp-content\/uploads\/2021\/02\/turijnmagazijnlogo.png","width":555,"height":270,"caption":"Turijnmagazijn"},"image":{"@id":"https:\/\/turijnmagazijn.jumpstone-dev.nl\/#\/schema\/logo\/image\/"},"sameAs":["https:\/\/www.facebook.com\/turijnmagazijn"]}]}},"_links":{"self":[{"href":"https:\/\/turijnmagazijn.nl\/it\/wp-json\/wp\/v2\/product\/67050","targetHints":{"allow":["GET"]}}],"collection":[{"href":"https:\/\/turijnmagazijn.nl\/it\/wp-json\/wp\/v2\/product"}],"about":[{"href":"https:\/\/turijnmagazijn.nl\/it\/wp-json\/wp\/v2\/types\/product"}],"replies":[{"embeddable":true,"href":"https:\/\/turijnmagazijn.nl\/it\/wp-json\/wp\/v2\/comments?post=67050"}],"wp:featuredmedia":[{"embeddable":true,"href":"https:\/\/turijnmagazijn.nl\/it\/wp-json\/wp\/v2\/media\/56458"}],"wp:attachment":[{"href":"https:\/\/turijnmagazijn.nl\/it\/wp-json\/wp\/v2\/media?parent=67050"}],"wp:term":[{"taxonomy":"product_brand","embeddable":true,"href":"https:\/\/turijnmagazijn.nl\/it\/wp-json\/wp\/v2\/product_brand?post=67050"},{"taxonomy":"product_cat","embeddable":true,"href":"https:\/\/turijnmagazijn.nl\/it\/wp-json\/wp\/v2\/product_cat?post=67050"},{"taxonomy":"product_tag","embeddable":true,"href":"https:\/\/turijnmagazijn.nl\/it\/wp-json\/wp\/v2\/product_tag?post=67050"}],"curies":[{"name":"wp","href":"https:\/\/api.w.org\/{rel}","templated":true}]}}