{"id":67375,"date":"2023-03-03T10:22:06","date_gmt":"2023-03-03T09:22:06","guid":{"rendered":"https:\/\/turijnmagazijn.nl\/product\/serratura-accensione-lancia-alfa-maserati-usato\/"},"modified":"2023-07-27T13:09:53","modified_gmt":"2023-07-27T11:09:53","slug":"accensione-lancia-alfa-maserati-usato","status":"publish","type":"product","link":"https:\/\/turijnmagazijn.nl\/it\/prodotto\/accensione-lancia-alfa-maserati-usato\/","title":{"rendered":"Serratura accensione Lancia\/Alfa\/Maserati -USATO-"},"content":{"rendered":"<p>Utilizza il blocco di accensione con cablaggio senza accessori, quindi senza cilindro di blocco e senza antenna per il chip immobilizzatore. Entrambe le parti sono facili da trasferire da soli senza strumenti speciali. La serratura \u00e8 in condizioni di funzionamento corrette. Il perno di blocco \u00e8 un po &#8216;usurato. Guarda le foto. Per chi ne preferisce uno nuovo; Li abbiamo anche nel nostro negozio. Questa unit\u00e0 usata \u00e8 un&#8217;ottima alternativa al pratico armeggiatore. Questo tipo di blocco dell&#8217;accensione \u00e8 adatto per: Alfa Romeo 166 dall&#8217;anno 2003 dotato di cambio manuale. Lancia Kappa tutti i modelli dotati di cambio manuale Ferrari F430 Questa serratura NON \u00e8 APPLICABILE alla versione automatica dell&#8217;Alfa 166 e della Lancia Kappa e non \u00e8 applicabile nemmeno all&#8217;Alfa Romeo 166 degli anni precedenti al 2003. OEM Alfa Romeo 60624943<\/p>\n","protected":false},"excerpt":{"rendered":"<p>Serratura accensione Alfa 166 BJ &gt;2003 &#8211; NUOVO- &#8211; Nuova serratura di accensione con cablaggio senza attacchi e senza anello lettore di chip. Serratura accensione Lancia Kappa &#8211; NEW- &#8211; Nuova serratura accensione con cablaggio senza attacchi e senza anello lettore di chip. Blocco accensione Maserati<\/p>\n","protected":false},"featured_media":56990,"comment_status":"closed","ping_status":"closed","template":"","meta":{"_acf_changed":false},"product_brand":[],"product_cat":[1649,1583,1863,1866,1857,1800,1871],"product_tag":[],"class_list":{"0":"post-67375","1":"product","2":"type-product","3":"status-publish","4":"has-post-thumbnail","6":"product_cat-166-936-it","7":"product_cat-alfa-romeo-it","8":"product_cat-berlina-it","9":"product_cat-coupe-it","10":"product_cat-kappa-838-it","11":"product_cat-lancia-it","12":"product_cat-sw-it","13":"pa_soort-onderdeel-elettronica-e-cavi","15":"first","16":"outofstock","17":"sale","18":"shipping-taxable","19":"purchasable","20":"product-type-simple"},"acf":[],"yoast_head":"<!-- This site is optimized with the Yoast SEO plugin v27.2 - https:\/\/yoast.com\/product\/yoast-seo-wordpress\/ -->\n<title>Serratura accensione Lancia\/Alfa\/Maserati -USATO- Turijnmagazijn<\/title>\n<meta name=\"robots\" content=\"index, follow, max-snippet:-1, max-image-preview:large, max-video-preview:-1\" \/>\n<link rel=\"canonical\" href=\"https:\/\/turijnmagazijn.nl\/it\/prodotto\/accensione-lancia-alfa-maserati-usato\/\" \/>\n<meta property=\"og:locale\" content=\"it_IT\" \/>\n<meta property=\"og:type\" content=\"article\" \/>\n<meta property=\"og:title\" content=\"Serratura accensione Lancia\/Alfa\/Maserati -USATO- Turijnmagazijn\" \/>\n<meta property=\"og:description\" content=\"Serratura accensione Alfa 166 BJ &gt;2003 - NUOVO- - Nuova serratura di accensione con cablaggio senza attacchi e senza anello lettore di chip. Serratura accensione Lancia Kappa - NEW- - Nuova serratura accensione con cablaggio senza attacchi e senza anello lettore di chip. Blocco accensione Maserati\" \/>\n<meta property=\"og:url\" content=\"https:\/\/turijnmagazijn.nl\/it\/prodotto\/accensione-lancia-alfa-maserati-usato\/\" \/>\n<meta property=\"og:site_name\" content=\"Turijnmagazijn\" \/>\n<meta property=\"article:publisher\" content=\"https:\/\/www.facebook.com\/turijnmagazijn\" \/>\n<meta property=\"article:modified_time\" content=\"2023-07-27T11:09:53+00:00\" \/>\n<meta property=\"og:image\" content=\"https:\/\/turijnmagazijn.nl\/wp-content\/uploads\/2023\/03\/DK00102390-Contactslot-LanciaAlfaMaserati-GEBRUIKT.jpg\" \/>\n\t<meta property=\"og:image:width\" content=\"800\" \/>\n\t<meta property=\"og:image:height\" content=\"600\" \/>\n\t<meta property=\"og:image:type\" content=\"image\/jpeg\" \/>\n<meta name=\"twitter:card\" content=\"summary_large_image\" \/>\n<meta name=\"twitter:label1\" content=\"Tempo di lettura stimato\" \/>\n\t<meta name=\"twitter:data1\" content=\"1 minuto\" \/>\n<script type=\"application\/ld+json\" class=\"yoast-schema-graph\">{\"@context\":\"https:\/\/schema.org\",\"@graph\":[{\"@type\":\"WebPage\",\"@id\":\"https:\/\/turijnmagazijn.nl\/it\/prodotto\/accensione-lancia-alfa-maserati-usato\/\",\"url\":\"https:\/\/turijnmagazijn.nl\/it\/prodotto\/accensione-lancia-alfa-maserati-usato\/\",\"name\":\"Serratura accensione Lancia\/Alfa\/Maserati -USATO- Turijnmagazijn\",\"isPartOf\":{\"@id\":\"https:\/\/turijnmagazijn.jumpstone-dev.nl\/#website\"},\"primaryImageOfPage\":{\"@id\":\"https:\/\/turijnmagazijn.nl\/it\/prodotto\/accensione-lancia-alfa-maserati-usato\/#primaryimage\"},\"image\":{\"@id\":\"https:\/\/turijnmagazijn.nl\/it\/prodotto\/accensione-lancia-alfa-maserati-usato\/#primaryimage\"},\"thumbnailUrl\":\"https:\/\/turijnmagazijn.nl\/wp-content\/uploads\/2023\/03\/DK00102390-Contactslot-LanciaAlfaMaserati-GEBRUIKT.jpg\",\"datePublished\":\"2023-03-03T09:22:06+00:00\",\"dateModified\":\"2023-07-27T11:09:53+00:00\",\"breadcrumb\":{\"@id\":\"https:\/\/turijnmagazijn.nl\/it\/prodotto\/accensione-lancia-alfa-maserati-usato\/#breadcrumb\"},\"inLanguage\":\"it-IT\",\"potentialAction\":[{\"@type\":\"ReadAction\",\"target\":[\"https:\/\/turijnmagazijn.nl\/it\/prodotto\/accensione-lancia-alfa-maserati-usato\/\"]}]},{\"@type\":\"ImageObject\",\"inLanguage\":\"it-IT\",\"@id\":\"https:\/\/turijnmagazijn.nl\/it\/prodotto\/accensione-lancia-alfa-maserati-usato\/#primaryimage\",\"url\":\"https:\/\/turijnmagazijn.nl\/wp-content\/uploads\/2023\/03\/DK00102390-Contactslot-LanciaAlfaMaserati-GEBRUIKT.jpg\",\"contentUrl\":\"https:\/\/turijnmagazijn.nl\/wp-content\/uploads\/2023\/03\/DK00102390-Contactslot-LanciaAlfaMaserati-GEBRUIKT.jpg\",\"width\":800,\"height\":600},{\"@type\":\"BreadcrumbList\",\"@id\":\"https:\/\/turijnmagazijn.nl\/it\/prodotto\/accensione-lancia-alfa-maserati-usato\/#breadcrumb\",\"itemListElement\":[{\"@type\":\"ListItem\",\"position\":1,\"name\":\"Home\",\"item\":\"https:\/\/turijnmagazijn.nl\/it\/\"},{\"@type\":\"ListItem\",\"position\":2,\"name\":\"Prodotti\",\"item\":\"https:\/\/turijnmagazijn.nl\/it\/shop\/\"},{\"@type\":\"ListItem\",\"position\":3,\"name\":\"Serratura accensione Lancia\/Alfa\/Maserati -USATO-\"}]},{\"@type\":\"WebSite\",\"@id\":\"https:\/\/turijnmagazijn.jumpstone-dev.nl\/#website\",\"url\":\"https:\/\/turijnmagazijn.jumpstone-dev.nl\/\",\"name\":\"Turijnmagazijn\",\"description\":\"Onderdelen nieuw en gebruikt - Fiat &amp; Lancia\",\"publisher\":{\"@id\":\"https:\/\/turijnmagazijn.jumpstone-dev.nl\/#organization\"},\"potentialAction\":[{\"@type\":\"SearchAction\",\"target\":{\"@type\":\"EntryPoint\",\"urlTemplate\":\"https:\/\/turijnmagazijn.jumpstone-dev.nl\/?s={search_term_string}\"},\"query-input\":{\"@type\":\"PropertyValueSpecification\",\"valueRequired\":true,\"valueName\":\"search_term_string\"}}],\"inLanguage\":\"it-IT\"},{\"@type\":\"Organization\",\"@id\":\"https:\/\/turijnmagazijn.jumpstone-dev.nl\/#organization\",\"name\":\"Turijnmagazijn\",\"url\":\"https:\/\/turijnmagazijn.jumpstone-dev.nl\/\",\"logo\":{\"@type\":\"ImageObject\",\"inLanguage\":\"it-IT\",\"@id\":\"https:\/\/turijnmagazijn.jumpstone-dev.nl\/#\/schema\/logo\/image\/\",\"url\":\"https:\/\/turijnmagazijn.nl\/wp-content\/uploads\/2021\/02\/turijnmagazijnlogo.png\",\"contentUrl\":\"https:\/\/turijnmagazijn.nl\/wp-content\/uploads\/2021\/02\/turijnmagazijnlogo.png\",\"width\":555,\"height\":270,\"caption\":\"Turijnmagazijn\"},\"image\":{\"@id\":\"https:\/\/turijnmagazijn.jumpstone-dev.nl\/#\/schema\/logo\/image\/\"},\"sameAs\":[\"https:\/\/www.facebook.com\/turijnmagazijn\"]}]}<\/script>\n<!-- \/ Yoast SEO plugin. -->","yoast_head_json":{"title":"Serratura accensione Lancia\/Alfa\/Maserati -USATO- Turijnmagazijn","robots":{"index":"index","follow":"follow","max-snippet":"max-snippet:-1","max-image-preview":"max-image-preview:large","max-video-preview":"max-video-preview:-1"},"canonical":"https:\/\/turijnmagazijn.nl\/it\/prodotto\/accensione-lancia-alfa-maserati-usato\/","og_locale":"it_IT","og_type":"article","og_title":"Serratura accensione Lancia\/Alfa\/Maserati -USATO- Turijnmagazijn","og_description":"Serratura accensione Alfa 166 BJ &gt;2003 - NUOVO- - Nuova serratura di accensione con cablaggio senza attacchi e senza anello lettore di chip. Serratura accensione Lancia Kappa - NEW- - Nuova serratura accensione con cablaggio senza attacchi e senza anello lettore di chip. Blocco accensione Maserati","og_url":"https:\/\/turijnmagazijn.nl\/it\/prodotto\/accensione-lancia-alfa-maserati-usato\/","og_site_name":"Turijnmagazijn","article_publisher":"https:\/\/www.facebook.com\/turijnmagazijn","article_modified_time":"2023-07-27T11:09:53+00:00","og_image":[{"width":800,"height":600,"url":"https:\/\/turijnmagazijn.nl\/wp-content\/uploads\/2023\/03\/DK00102390-Contactslot-LanciaAlfaMaserati-GEBRUIKT.jpg","type":"image\/jpeg"}],"twitter_card":"summary_large_image","twitter_misc":{"Tempo di lettura stimato":"1 minuto"},"schema":{"@context":"https:\/\/schema.org","@graph":[{"@type":"WebPage","@id":"https:\/\/turijnmagazijn.nl\/it\/prodotto\/accensione-lancia-alfa-maserati-usato\/","url":"https:\/\/turijnmagazijn.nl\/it\/prodotto\/accensione-lancia-alfa-maserati-usato\/","name":"Serratura accensione Lancia\/Alfa\/Maserati -USATO- Turijnmagazijn","isPartOf":{"@id":"https:\/\/turijnmagazijn.jumpstone-dev.nl\/#website"},"primaryImageOfPage":{"@id":"https:\/\/turijnmagazijn.nl\/it\/prodotto\/accensione-lancia-alfa-maserati-usato\/#primaryimage"},"image":{"@id":"https:\/\/turijnmagazijn.nl\/it\/prodotto\/accensione-lancia-alfa-maserati-usato\/#primaryimage"},"thumbnailUrl":"https:\/\/turijnmagazijn.nl\/wp-content\/uploads\/2023\/03\/DK00102390-Contactslot-LanciaAlfaMaserati-GEBRUIKT.jpg","datePublished":"2023-03-03T09:22:06+00:00","dateModified":"2023-07-27T11:09:53+00:00","breadcrumb":{"@id":"https:\/\/turijnmagazijn.nl\/it\/prodotto\/accensione-lancia-alfa-maserati-usato\/#breadcrumb"},"inLanguage":"it-IT","potentialAction":[{"@type":"ReadAction","target":["https:\/\/turijnmagazijn.nl\/it\/prodotto\/accensione-lancia-alfa-maserati-usato\/"]}]},{"@type":"ImageObject","inLanguage":"it-IT","@id":"https:\/\/turijnmagazijn.nl\/it\/prodotto\/accensione-lancia-alfa-maserati-usato\/#primaryimage","url":"https:\/\/turijnmagazijn.nl\/wp-content\/uploads\/2023\/03\/DK00102390-Contactslot-LanciaAlfaMaserati-GEBRUIKT.jpg","contentUrl":"https:\/\/turijnmagazijn.nl\/wp-content\/uploads\/2023\/03\/DK00102390-Contactslot-LanciaAlfaMaserati-GEBRUIKT.jpg","width":800,"height":600},{"@type":"BreadcrumbList","@id":"https:\/\/turijnmagazijn.nl\/it\/prodotto\/accensione-lancia-alfa-maserati-usato\/#breadcrumb","itemListElement":[{"@type":"ListItem","position":1,"name":"Home","item":"https:\/\/turijnmagazijn.nl\/it\/"},{"@type":"ListItem","position":2,"name":"Prodotti","item":"https:\/\/turijnmagazijn.nl\/it\/shop\/"},{"@type":"ListItem","position":3,"name":"Serratura accensione Lancia\/Alfa\/Maserati -USATO-"}]},{"@type":"WebSite","@id":"https:\/\/turijnmagazijn.jumpstone-dev.nl\/#website","url":"https:\/\/turijnmagazijn.jumpstone-dev.nl\/","name":"Turijnmagazijn","description":"Onderdelen nieuw en gebruikt - Fiat &amp; Lancia","publisher":{"@id":"https:\/\/turijnmagazijn.jumpstone-dev.nl\/#organization"},"potentialAction":[{"@type":"SearchAction","target":{"@type":"EntryPoint","urlTemplate":"https:\/\/turijnmagazijn.jumpstone-dev.nl\/?s={search_term_string}"},"query-input":{"@type":"PropertyValueSpecification","valueRequired":true,"valueName":"search_term_string"}}],"inLanguage":"it-IT"},{"@type":"Organization","@id":"https:\/\/turijnmagazijn.jumpstone-dev.nl\/#organization","name":"Turijnmagazijn","url":"https:\/\/turijnmagazijn.jumpstone-dev.nl\/","logo":{"@type":"ImageObject","inLanguage":"it-IT","@id":"https:\/\/turijnmagazijn.jumpstone-dev.nl\/#\/schema\/logo\/image\/","url":"https:\/\/turijnmagazijn.nl\/wp-content\/uploads\/2021\/02\/turijnmagazijnlogo.png","contentUrl":"https:\/\/turijnmagazijn.nl\/wp-content\/uploads\/2021\/02\/turijnmagazijnlogo.png","width":555,"height":270,"caption":"Turijnmagazijn"},"image":{"@id":"https:\/\/turijnmagazijn.jumpstone-dev.nl\/#\/schema\/logo\/image\/"},"sameAs":["https:\/\/www.facebook.com\/turijnmagazijn"]}]}},"_links":{"self":[{"href":"https:\/\/turijnmagazijn.nl\/it\/wp-json\/wp\/v2\/product\/67375","targetHints":{"allow":["GET"]}}],"collection":[{"href":"https:\/\/turijnmagazijn.nl\/it\/wp-json\/wp\/v2\/product"}],"about":[{"href":"https:\/\/turijnmagazijn.nl\/it\/wp-json\/wp\/v2\/types\/product"}],"replies":[{"embeddable":true,"href":"https:\/\/turijnmagazijn.nl\/it\/wp-json\/wp\/v2\/comments?post=67375"}],"wp:featuredmedia":[{"embeddable":true,"href":"https:\/\/turijnmagazijn.nl\/it\/wp-json\/wp\/v2\/media\/56990"}],"wp:attachment":[{"href":"https:\/\/turijnmagazijn.nl\/it\/wp-json\/wp\/v2\/media?parent=67375"}],"wp:term":[{"taxonomy":"product_brand","embeddable":true,"href":"https:\/\/turijnmagazijn.nl\/it\/wp-json\/wp\/v2\/product_brand?post=67375"},{"taxonomy":"product_cat","embeddable":true,"href":"https:\/\/turijnmagazijn.nl\/it\/wp-json\/wp\/v2\/product_cat?post=67375"},{"taxonomy":"product_tag","embeddable":true,"href":"https:\/\/turijnmagazijn.nl\/it\/wp-json\/wp\/v2\/product_tag?post=67375"}],"curies":[{"name":"wp","href":"https:\/\/api.w.org\/{rel}","templated":true}]}}